{"id":8712,"date":"2023-10-04T14:39:46","date_gmt":"2023-10-04T14:39:46","guid":{"rendered":"https:\/\/aesia.pt\/portal\/?page_id=8712"},"modified":"2023-10-04T14:54:33","modified_gmt":"2023-10-04T14:54:33","slug":"secretaria-aesia-horario-dia-06-10-2023","status":"publish","type":"page","link":"https:\/\/aesia.pt\/portal\/secretaria-aesia-horario-dia-06-10-2023\/","title":{"rendered":"SECRETARIA AESIA \u2013 hor\u00e1rio dia 06\/10\/2023"},"content":{"rendered":"\n<figure class=\"wp-block-image size-large is-resized\"><a href=\"https:\/\/aesia.pt\/portal\/wp-content\/uploads\/2023\/10\/secretaria.png\"><img loading=\"lazy\" decoding=\"async\" src=\"https:\/\/aesia.pt\/portal\/wp-content\/uploads\/2023\/10\/secretaria-771x1024.png\" alt=\"\" class=\"wp-image-8713\" style=\"width:175px;height:233px\" width=\"175\" height=\"233\" srcset=\"https:\/\/aesia.pt\/portal\/wp-content\/uploads\/2023\/10\/secretaria-771x1024.png 771w, https:\/\/aesia.pt\/portal\/wp-content\/uploads\/2023\/10\/secretaria-226x300.png 226w, https:\/\/aesia.pt\/portal\/wp-content\/uploads\/2023\/10\/secretaria-768x1020.png 768w, https:\/\/aesia.pt\/portal\/wp-content\/uploads\/2023\/10\/secretaria-1157x1536.png 1157w, https:\/\/aesia.pt\/portal\/wp-content\/uploads\/2023\/10\/secretaria.png 1446w\" sizes=\"auto, (max-width: 175px) 100vw, 175px\" \/><\/a><\/figure>\n\n\n\n<p>Informa-se que a secretaria na pr\u00f3xima sexta-feira, dia 06\/10\/2023, estar\u00e1 encerrada o dia todo, por motivo de forma\u00e7\u00e3o dos Assistentes&nbsp;T\u00e9cnicos. A Dire\u00e7\u00e3o solicita a melhor compreens\u00e3o relativamente a esta&nbsp;situa\u00e7\u00e3o.<\/p>\n","protected":false},"excerpt":{"rendered":"<p>Informa-se que a secretaria na pr\u00f3xima sexta-feira, dia 06\/10\/2023, estar\u00e1 encerrada o dia todo, por motivo de forma\u00e7\u00e3o dos Assistentes&nbsp;T\u00e9cnicos.&hellip; <a class=\"continue\" href=\"https:\/\/aesia.pt\/portal\/secretaria-aesia-horario-dia-06-10-2023\/\">Ler mais<span> SECRETARIA AESIA \u2013 hor\u00e1rio dia 06\/10\/2023<\/span><\/a><\/p>\n","protected":false},"author":13,"featured_media":0,"parent":0,"menu_order":0,"comment_status":"closed","ping_status":"closed","template":"","meta":{"_acf_changed":false,"footnotes":""},"class_list":["post-8712","page","type-page","status-publish","hentry"],"acf":[],"yoast_head":"<!-- This site is optimized with the Yoast SEO plugin v27.4 - https:\/\/yoast.com\/product\/yoast-seo-wordpress\/ -->\n<title>SECRETARIA AESIA \u2013 hor\u00e1rio dia 06\/10\/2023 &#8211; AESIA<\/title>\n<meta name=\"robots\" content=\"index, follow, max-snippet:-1, max-image-preview:large, max-video-preview:-1\" \/>\n<link rel=\"canonical\" href=\"https:\/\/aesia.pt\/portal\/secretaria-aesia-horario-dia-06-10-2023\/\" \/>\n<meta property=\"og:locale\" content=\"pt_PT\" \/>\n<meta property=\"og:type\" content=\"article\" \/>\n<meta property=\"og:title\" content=\"SECRETARIA AESIA \u2013 hor\u00e1rio dia 06\/10\/2023 &#8211; AESIA\" \/>\n<meta property=\"og:description\" content=\"Informa-se que a secretaria na pr\u00f3xima sexta-feira, dia 06\/10\/2023, estar\u00e1 encerrada o dia todo, por motivo de forma\u00e7\u00e3o dos Assistentes&nbsp;T\u00e9cnicos.&hellip; Ler mais SECRETARIA AESIA \u2013 hor\u00e1rio dia 06\/10\/2023\" \/>\n<meta property=\"og:url\" content=\"https:\/\/aesia.pt\/portal\/secretaria-aesia-horario-dia-06-10-2023\/\" \/>\n<meta property=\"og:site_name\" content=\"AESIA\" \/>\n<meta property=\"article:publisher\" content=\"https:\/\/www.facebook.com\/aesia.pt\/\" \/>\n<meta property=\"article:modified_time\" content=\"2023-10-04T14:54:33+00:00\" \/>\n<meta property=\"og:image\" content=\"https:\/\/aesia.pt\/portal\/wp-content\/uploads\/2023\/10\/secretaria-771x1024.png\" \/>\n<meta name=\"twitter:card\" content=\"summary_large_image\" \/>\n<script type=\"application\/ld+json\" class=\"yoast-schema-graph\">{\"@context\":\"https:\\\/\\\/schema.org\",\"@graph\":[{\"@type\":\"WebPage\",\"@id\":\"https:\\\/\\\/aesia.pt\\\/portal\\\/secretaria-aesia-horario-dia-06-10-2023\\\/\",\"url\":\"https:\\\/\\\/aesia.pt\\\/portal\\\/secretaria-aesia-horario-dia-06-10-2023\\\/\",\"name\":\"SECRETARIA AESIA \u2013 hor\u00e1rio dia 06\\\/10\\\/2023 &#8211; AESIA\",\"isPartOf\":{\"@id\":\"https:\\\/\\\/aesia.pt\\\/portal\\\/#website\"},\"primaryImageOfPage\":{\"@id\":\"https:\\\/\\\/aesia.pt\\\/portal\\\/secretaria-aesia-horario-dia-06-10-2023\\\/#primaryimage\"},\"image\":{\"@id\":\"https:\\\/\\\/aesia.pt\\\/portal\\\/secretaria-aesia-horario-dia-06-10-2023\\\/#primaryimage\"},\"thumbnailUrl\":\"https:\\\/\\\/aesia.pt\\\/portal\\\/wp-content\\\/uploads\\\/2023\\\/10\\\/secretaria-771x1024.png\",\"datePublished\":\"2023-10-04T14:39:46+00:00\",\"dateModified\":\"2023-10-04T14:54:33+00:00\",\"breadcrumb\":{\"@id\":\"https:\\\/\\\/aesia.pt\\\/portal\\\/secretaria-aesia-horario-dia-06-10-2023\\\/#breadcrumb\"},\"inLanguage\":\"pt-PT\",\"potentialAction\":[{\"@type\":\"ReadAction\",\"target\":[\"https:\\\/\\\/aesia.pt\\\/portal\\\/secretaria-aesia-horario-dia-06-10-2023\\\/\"]}]},{\"@type\":\"ImageObject\",\"inLanguage\":\"pt-PT\",\"@id\":\"https:\\\/\\\/aesia.pt\\\/portal\\\/secretaria-aesia-horario-dia-06-10-2023\\\/#primaryimage\",\"url\":\"https:\\\/\\\/aesia.pt\\\/portal\\\/wp-content\\\/uploads\\\/2023\\\/10\\\/secretaria.png\",\"contentUrl\":\"https:\\\/\\\/aesia.pt\\\/portal\\\/wp-content\\\/uploads\\\/2023\\\/10\\\/secretaria.png\",\"width\":1446,\"height\":1920},{\"@type\":\"BreadcrumbList\",\"@id\":\"https:\\\/\\\/aesia.pt\\\/portal\\\/secretaria-aesia-horario-dia-06-10-2023\\\/#breadcrumb\",\"itemListElement\":[{\"@type\":\"ListItem\",\"position\":1,\"name\":\"Home\",\"item\":\"https:\\\/\\\/aesia.pt\\\/portal\\\/\"},{\"@type\":\"ListItem\",\"position\":2,\"name\":\"SECRETARIA AESIA \u2013 hor\u00e1rio dia 06\\\/10\\\/2023\"}]},{\"@type\":\"WebSite\",\"@id\":\"https:\\\/\\\/aesia.pt\\\/portal\\\/#website\",\"url\":\"https:\\\/\\\/aesia.pt\\\/portal\\\/\",\"name\":\"AESIA\",\"description\":\"Agrupamento de Escolas de Santa Iria de Az\u00f3ia\",\"publisher\":{\"@id\":\"https:\\\/\\\/aesia.pt\\\/portal\\\/#organization\"},\"alternateName\":\"Agrupamento de Escolas de Santa Iria de Az\u00f3ia\",\"potentialAction\":[{\"@type\":\"SearchAction\",\"target\":{\"@type\":\"EntryPoint\",\"urlTemplate\":\"https:\\\/\\\/aesia.pt\\\/portal\\\/?s={search_term_string}\"},\"query-input\":{\"@type\":\"PropertyValueSpecification\",\"valueRequired\":true,\"valueName\":\"search_term_string\"}}],\"inLanguage\":\"pt-PT\"},{\"@type\":\"Organization\",\"@id\":\"https:\\\/\\\/aesia.pt\\\/portal\\\/#organization\",\"name\":\"Agrupamento de Escolas de Santa Iria de Az\u00f3ia\",\"alternateName\":\"AESIA\",\"url\":\"https:\\\/\\\/aesia.pt\\\/portal\\\/\",\"logo\":{\"@type\":\"ImageObject\",\"inLanguage\":\"pt-PT\",\"@id\":\"https:\\\/\\\/aesia.pt\\\/portal\\\/#\\\/schema\\\/logo\\\/image\\\/\",\"url\":\"https:\\\/\\\/aesia.pt\\\/portal\\\/wp-content\\\/uploads\\\/2023\\\/04\\\/logo4.png\",\"contentUrl\":\"https:\\\/\\\/aesia.pt\\\/portal\\\/wp-content\\\/uploads\\\/2023\\\/04\\\/logo4.png\",\"width\":162,\"height\":162,\"caption\":\"Agrupamento de Escolas de Santa Iria de Az\u00f3ia\"},\"image\":{\"@id\":\"https:\\\/\\\/aesia.pt\\\/portal\\\/#\\\/schema\\\/logo\\\/image\\\/\"},\"sameAs\":[\"https:\\\/\\\/www.facebook.com\\\/aesia.pt\\\/\"]}]}<\/script>\n<!-- \/ Yoast SEO plugin. -->","yoast_head_json":{"title":"SECRETARIA AESIA \u2013 hor\u00e1rio dia 06\/10\/2023 &#8211; AESIA","robots":{"index":"index","follow":"follow","max-snippet":"max-snippet:-1","max-image-preview":"max-image-preview:large","max-video-preview":"max-video-preview:-1"},"canonical":"https:\/\/aesia.pt\/portal\/secretaria-aesia-horario-dia-06-10-2023\/","og_locale":"pt_PT","og_type":"article","og_title":"SECRETARIA AESIA \u2013 hor\u00e1rio dia 06\/10\/2023 &#8211; AESIA","og_description":"Informa-se que a secretaria na pr\u00f3xima sexta-feira, dia 06\/10\/2023, estar\u00e1 encerrada o dia todo, por motivo de forma\u00e7\u00e3o dos Assistentes&nbsp;T\u00e9cnicos.&hellip; Ler mais SECRETARIA AESIA \u2013 hor\u00e1rio dia 06\/10\/2023","og_url":"https:\/\/aesia.pt\/portal\/secretaria-aesia-horario-dia-06-10-2023\/","og_site_name":"AESIA","article_publisher":"https:\/\/www.facebook.com\/aesia.pt\/","article_modified_time":"2023-10-04T14:54:33+00:00","og_image":[{"url":"https:\/\/aesia.pt\/portal\/wp-content\/uploads\/2023\/10\/secretaria-771x1024.png","type":"","width":"","height":""}],"twitter_card":"summary_large_image","schema":{"@context":"https:\/\/schema.org","@graph":[{"@type":"WebPage","@id":"https:\/\/aesia.pt\/portal\/secretaria-aesia-horario-dia-06-10-2023\/","url":"https:\/\/aesia.pt\/portal\/secretaria-aesia-horario-dia-06-10-2023\/","name":"SECRETARIA AESIA \u2013 hor\u00e1rio dia 06\/10\/2023 &#8211; AESIA","isPartOf":{"@id":"https:\/\/aesia.pt\/portal\/#website"},"primaryImageOfPage":{"@id":"https:\/\/aesia.pt\/portal\/secretaria-aesia-horario-dia-06-10-2023\/#primaryimage"},"image":{"@id":"https:\/\/aesia.pt\/portal\/secretaria-aesia-horario-dia-06-10-2023\/#primaryimage"},"thumbnailUrl":"https:\/\/aesia.pt\/portal\/wp-content\/uploads\/2023\/10\/secretaria-771x1024.png","datePublished":"2023-10-04T14:39:46+00:00","dateModified":"2023-10-04T14:54:33+00:00","breadcrumb":{"@id":"https:\/\/aesia.pt\/portal\/secretaria-aesia-horario-dia-06-10-2023\/#breadcrumb"},"inLanguage":"pt-PT","potentialAction":[{"@type":"ReadAction","target":["https:\/\/aesia.pt\/portal\/secretaria-aesia-horario-dia-06-10-2023\/"]}]},{"@type":"ImageObject","inLanguage":"pt-PT","@id":"https:\/\/aesia.pt\/portal\/secretaria-aesia-horario-dia-06-10-2023\/#primaryimage","url":"https:\/\/aesia.pt\/portal\/wp-content\/uploads\/2023\/10\/secretaria.png","contentUrl":"https:\/\/aesia.pt\/portal\/wp-content\/uploads\/2023\/10\/secretaria.png","width":1446,"height":1920},{"@type":"BreadcrumbList","@id":"https:\/\/aesia.pt\/portal\/secretaria-aesia-horario-dia-06-10-2023\/#breadcrumb","itemListElement":[{"@type":"ListItem","position":1,"name":"Home","item":"https:\/\/aesia.pt\/portal\/"},{"@type":"ListItem","position":2,"name":"SECRETARIA AESIA \u2013 hor\u00e1rio dia 06\/10\/2023"}]},{"@type":"WebSite","@id":"https:\/\/aesia.pt\/portal\/#website","url":"https:\/\/aesia.pt\/portal\/","name":"AESIA","description":"Agrupamento de Escolas de Santa Iria de Az\u00f3ia","publisher":{"@id":"https:\/\/aesia.pt\/portal\/#organization"},"alternateName":"Agrupamento de Escolas de Santa Iria de Az\u00f3ia","potentialAction":[{"@type":"SearchAction","target":{"@type":"EntryPoint","urlTemplate":"https:\/\/aesia.pt\/portal\/?s={search_term_string}"},"query-input":{"@type":"PropertyValueSpecification","valueRequired":true,"valueName":"search_term_string"}}],"inLanguage":"pt-PT"},{"@type":"Organization","@id":"https:\/\/aesia.pt\/portal\/#organization","name":"Agrupamento de Escolas de Santa Iria de Az\u00f3ia","alternateName":"AESIA","url":"https:\/\/aesia.pt\/portal\/","logo":{"@type":"ImageObject","inLanguage":"pt-PT","@id":"https:\/\/aesia.pt\/portal\/#\/schema\/logo\/image\/","url":"https:\/\/aesia.pt\/portal\/wp-content\/uploads\/2023\/04\/logo4.png","contentUrl":"https:\/\/aesia.pt\/portal\/wp-content\/uploads\/2023\/04\/logo4.png","width":162,"height":162,"caption":"Agrupamento de Escolas de Santa Iria de Az\u00f3ia"},"image":{"@id":"https:\/\/aesia.pt\/portal\/#\/schema\/logo\/image\/"},"sameAs":["https:\/\/www.facebook.com\/aesia.pt\/"]}]}},"_links":{"self":[{"href":"https:\/\/aesia.pt\/portal\/wp-json\/wp\/v2\/pages\/8712","targetHints":{"allow":["GET"]}}],"collection":[{"href":"https:\/\/aesia.pt\/portal\/wp-json\/wp\/v2\/pages"}],"about":[{"href":"https:\/\/aesia.pt\/portal\/wp-json\/wp\/v2\/types\/page"}],"author":[{"embeddable":true,"href":"https:\/\/aesia.pt\/portal\/wp-json\/wp\/v2\/users\/13"}],"replies":[{"embeddable":true,"href":"https:\/\/aesia.pt\/portal\/wp-json\/wp\/v2\/comments?post=8712"}],"version-history":[{"count":2,"href":"https:\/\/aesia.pt\/portal\/wp-json\/wp\/v2\/pages\/8712\/revisions"}],"predecessor-version":[{"id":8716,"href":"https:\/\/aesia.pt\/portal\/wp-json\/wp\/v2\/pages\/8712\/revisions\/8716"}],"wp:attachment":[{"href":"https:\/\/aesia.pt\/portal\/wp-json\/wp\/v2\/media?parent=8712"}],"curies":[{"name":"wp","href":"https:\/\/api.w.org\/{rel}","templated":true}]}}