{"id":819,"date":"2014-10-13T17:09:24","date_gmt":"2014-10-13T17:09:24","guid":{"rendered":"http:\/\/aesia.pt\/portal\/?page_id=819"},"modified":"2014-10-13T17:09:24","modified_gmt":"2014-10-13T17:09:24","slug":"estatuto-do-aluno-e-da-etica-escolar","status":"publish","type":"page","link":"https:\/\/aesia.pt\/portal\/estatuto-do-aluno-e-da-etica-escolar\/","title":{"rendered":"Estatuto do Aluno e da \u00c9tica Escolar"},"content":{"rendered":"<p>A Lei n.o 51\/2012, de 5 de setembro, retificada pela Declara\u00e7\u00e3o de Retifica\u00e7\u00e3o n.o 46\/ 2012, de 17 de setembro, aprovou o Estatuto do Aluno e \u00c9tica Escolar, que estabelece os direitos e os deveres dos alunos e o compromisso dos pais ou encarregados de educa\u00e7\u00e3o e dos restantes membros da comunidade educativa na sua educa\u00e7\u00e3o e forma\u00e7\u00e3o.<\/p>\n<p>O Estatuto aplica-se aos alunos dos ensinos b\u00e1sico e secund\u00e1rio, incluindo as suas modalidades especiais, com as especificidades nele previstas em raz\u00e3o dos diferentes ciclos de escolaridade ou respetivas modalidades e\/ou do n\u00edvel et\u00e1rio dos destinat\u00e1rios.<\/p>\n<p>Na educa\u00e7\u00e3o pr\u00e9-escolar, aplica-se o que se prev\u00ea no Estatuto, relativamente \u00e0 responsabilidade e ao papel dos membros da comunidade educativa e \u00e0 viv\u00eancia na UO.<\/p>\n<p>SUPORTE LEGISLATIVO<\/p>\n<p>Lei n.o 51\/2012, de 5 de setembro, retificada pela Declara\u00e7\u00e3o de Retifica\u00e7\u00e3o n.o 46\/2012, de<\/p>\n<p>17 de setembro<\/p>\n","protected":false},"excerpt":{"rendered":"<p>A Lei n.o 51\/2012, de 5 de setembro, retificada pela Declara\u00e7\u00e3o de Retifica\u00e7\u00e3o n.o 46\/ 2012, de 17 de setembro,&hellip; <a class=\"continue\" href=\"https:\/\/aesia.pt\/portal\/estatuto-do-aluno-e-da-etica-escolar\/\">Ler mais<span> Estatuto do Aluno e da \u00c9tica Escolar<\/span><\/a><\/p>\n","protected":false},"author":8,"featured_media":0,"parent":0,"menu_order":0,"comment_status":"open","ping_status":"open","template":"p_base.php","meta":{"_acf_changed":false,"footnotes":""},"class_list":["post-819","page","type-page","status-publish","hentry"],"acf":[],"yoast_head":"<!-- This site is optimized with the Yoast SEO plugin v27.3 - https:\/\/yoast.com\/product\/yoast-seo-wordpress\/ -->\n<title>Estatuto do Aluno e da \u00c9tica Escolar &#8211; AESIA<\/title>\n<meta name=\"robots\" content=\"index, follow, max-snippet:-1, max-image-preview:large, max-video-preview:-1\" \/>\n<link rel=\"canonical\" href=\"https:\/\/aesia.pt\/portal\/estatuto-do-aluno-e-da-etica-escolar\/\" \/>\n<meta property=\"og:locale\" content=\"pt_PT\" \/>\n<meta property=\"og:type\" content=\"article\" \/>\n<meta property=\"og:title\" content=\"Estatuto do Aluno e da \u00c9tica Escolar &#8211; AESIA\" \/>\n<meta property=\"og:description\" content=\"A Lei n.o 51\/2012, de 5 de setembro, retificada pela Declara\u00e7\u00e3o de Retifica\u00e7\u00e3o n.o 46\/ 2012, de 17 de setembro,&hellip; Ler mais Estatuto do Aluno e da \u00c9tica Escolar\" \/>\n<meta property=\"og:url\" content=\"https:\/\/aesia.pt\/portal\/estatuto-do-aluno-e-da-etica-escolar\/\" \/>\n<meta property=\"og:site_name\" content=\"AESIA\" \/>\n<meta property=\"article:publisher\" content=\"https:\/\/www.facebook.com\/aesia.pt\/\" \/>\n<meta name=\"twitter:card\" content=\"summary_large_image\" \/>\n<meta name=\"twitter:label1\" content=\"Tempo estimado de leitura\" \/>\n\t<meta name=\"twitter:data1\" content=\"1 minuto\" \/>\n<script type=\"application\/ld+json\" class=\"yoast-schema-graph\">{\"@context\":\"https:\\\/\\\/schema.org\",\"@graph\":[{\"@type\":\"WebPage\",\"@id\":\"https:\\\/\\\/aesia.pt\\\/portal\\\/estatuto-do-aluno-e-da-etica-escolar\\\/\",\"url\":\"https:\\\/\\\/aesia.pt\\\/portal\\\/estatuto-do-aluno-e-da-etica-escolar\\\/\",\"name\":\"Estatuto do Aluno e da \u00c9tica Escolar &#8211; AESIA\",\"isPartOf\":{\"@id\":\"https:\\\/\\\/aesia.pt\\\/portal\\\/#website\"},\"datePublished\":\"2014-10-13T17:09:24+00:00\",\"breadcrumb\":{\"@id\":\"https:\\\/\\\/aesia.pt\\\/portal\\\/estatuto-do-aluno-e-da-etica-escolar\\\/#breadcrumb\"},\"inLanguage\":\"pt-PT\",\"potentialAction\":[{\"@type\":\"ReadAction\",\"target\":[\"https:\\\/\\\/aesia.pt\\\/portal\\\/estatuto-do-aluno-e-da-etica-escolar\\\/\"]}]},{\"@type\":\"BreadcrumbList\",\"@id\":\"https:\\\/\\\/aesia.pt\\\/portal\\\/estatuto-do-aluno-e-da-etica-escolar\\\/#breadcrumb\",\"itemListElement\":[{\"@type\":\"ListItem\",\"position\":1,\"name\":\"Home\",\"item\":\"https:\\\/\\\/aesia.pt\\\/portal\\\/\"},{\"@type\":\"ListItem\",\"position\":2,\"name\":\"Estatuto do Aluno e da \u00c9tica Escolar\"}]},{\"@type\":\"WebSite\",\"@id\":\"https:\\\/\\\/aesia.pt\\\/portal\\\/#website\",\"url\":\"https:\\\/\\\/aesia.pt\\\/portal\\\/\",\"name\":\"AESIA\",\"description\":\"Agrupamento de Escolas de Santa Iria de Az\u00f3ia\",\"publisher\":{\"@id\":\"https:\\\/\\\/aesia.pt\\\/portal\\\/#organization\"},\"alternateName\":\"Agrupamento de Escolas de Santa Iria de Az\u00f3ia\",\"potentialAction\":[{\"@type\":\"SearchAction\",\"target\":{\"@type\":\"EntryPoint\",\"urlTemplate\":\"https:\\\/\\\/aesia.pt\\\/portal\\\/?s={search_term_string}\"},\"query-input\":{\"@type\":\"PropertyValueSpecification\",\"valueRequired\":true,\"valueName\":\"search_term_string\"}}],\"inLanguage\":\"pt-PT\"},{\"@type\":\"Organization\",\"@id\":\"https:\\\/\\\/aesia.pt\\\/portal\\\/#organization\",\"name\":\"Agrupamento de Escolas de Santa Iria de Az\u00f3ia\",\"alternateName\":\"AESIA\",\"url\":\"https:\\\/\\\/aesia.pt\\\/portal\\\/\",\"logo\":{\"@type\":\"ImageObject\",\"inLanguage\":\"pt-PT\",\"@id\":\"https:\\\/\\\/aesia.pt\\\/portal\\\/#\\\/schema\\\/logo\\\/image\\\/\",\"url\":\"https:\\\/\\\/aesia.pt\\\/portal\\\/wp-content\\\/uploads\\\/2023\\\/04\\\/logo4.png\",\"contentUrl\":\"https:\\\/\\\/aesia.pt\\\/portal\\\/wp-content\\\/uploads\\\/2023\\\/04\\\/logo4.png\",\"width\":162,\"height\":162,\"caption\":\"Agrupamento de Escolas de Santa Iria de Az\u00f3ia\"},\"image\":{\"@id\":\"https:\\\/\\\/aesia.pt\\\/portal\\\/#\\\/schema\\\/logo\\\/image\\\/\"},\"sameAs\":[\"https:\\\/\\\/www.facebook.com\\\/aesia.pt\\\/\"]}]}<\/script>\n<!-- \/ Yoast SEO plugin. -->","yoast_head_json":{"title":"Estatuto do Aluno e da \u00c9tica Escolar &#8211; AESIA","robots":{"index":"index","follow":"follow","max-snippet":"max-snippet:-1","max-image-preview":"max-image-preview:large","max-video-preview":"max-video-preview:-1"},"canonical":"https:\/\/aesia.pt\/portal\/estatuto-do-aluno-e-da-etica-escolar\/","og_locale":"pt_PT","og_type":"article","og_title":"Estatuto do Aluno e da \u00c9tica Escolar &#8211; AESIA","og_description":"A Lei n.o 51\/2012, de 5 de setembro, retificada pela Declara\u00e7\u00e3o de Retifica\u00e7\u00e3o n.o 46\/ 2012, de 17 de setembro,&hellip; Ler mais Estatuto do Aluno e da \u00c9tica Escolar","og_url":"https:\/\/aesia.pt\/portal\/estatuto-do-aluno-e-da-etica-escolar\/","og_site_name":"AESIA","article_publisher":"https:\/\/www.facebook.com\/aesia.pt\/","twitter_card":"summary_large_image","twitter_misc":{"Tempo estimado de leitura":"1 minuto"},"schema":{"@context":"https:\/\/schema.org","@graph":[{"@type":"WebPage","@id":"https:\/\/aesia.pt\/portal\/estatuto-do-aluno-e-da-etica-escolar\/","url":"https:\/\/aesia.pt\/portal\/estatuto-do-aluno-e-da-etica-escolar\/","name":"Estatuto do Aluno e da \u00c9tica Escolar &#8211; AESIA","isPartOf":{"@id":"https:\/\/aesia.pt\/portal\/#website"},"datePublished":"2014-10-13T17:09:24+00:00","breadcrumb":{"@id":"https:\/\/aesia.pt\/portal\/estatuto-do-aluno-e-da-etica-escolar\/#breadcrumb"},"inLanguage":"pt-PT","potentialAction":[{"@type":"ReadAction","target":["https:\/\/aesia.pt\/portal\/estatuto-do-aluno-e-da-etica-escolar\/"]}]},{"@type":"BreadcrumbList","@id":"https:\/\/aesia.pt\/portal\/estatuto-do-aluno-e-da-etica-escolar\/#breadcrumb","itemListElement":[{"@type":"ListItem","position":1,"name":"Home","item":"https:\/\/aesia.pt\/portal\/"},{"@type":"ListItem","position":2,"name":"Estatuto do Aluno e da \u00c9tica Escolar"}]},{"@type":"WebSite","@id":"https:\/\/aesia.pt\/portal\/#website","url":"https:\/\/aesia.pt\/portal\/","name":"AESIA","description":"Agrupamento de Escolas de Santa Iria de Az\u00f3ia","publisher":{"@id":"https:\/\/aesia.pt\/portal\/#organization"},"alternateName":"Agrupamento de Escolas de Santa Iria de Az\u00f3ia","potentialAction":[{"@type":"SearchAction","target":{"@type":"EntryPoint","urlTemplate":"https:\/\/aesia.pt\/portal\/?s={search_term_string}"},"query-input":{"@type":"PropertyValueSpecification","valueRequired":true,"valueName":"search_term_string"}}],"inLanguage":"pt-PT"},{"@type":"Organization","@id":"https:\/\/aesia.pt\/portal\/#organization","name":"Agrupamento de Escolas de Santa Iria de Az\u00f3ia","alternateName":"AESIA","url":"https:\/\/aesia.pt\/portal\/","logo":{"@type":"ImageObject","inLanguage":"pt-PT","@id":"https:\/\/aesia.pt\/portal\/#\/schema\/logo\/image\/","url":"https:\/\/aesia.pt\/portal\/wp-content\/uploads\/2023\/04\/logo4.png","contentUrl":"https:\/\/aesia.pt\/portal\/wp-content\/uploads\/2023\/04\/logo4.png","width":162,"height":162,"caption":"Agrupamento de Escolas de Santa Iria de Az\u00f3ia"},"image":{"@id":"https:\/\/aesia.pt\/portal\/#\/schema\/logo\/image\/"},"sameAs":["https:\/\/www.facebook.com\/aesia.pt\/"]}]}},"_links":{"self":[{"href":"https:\/\/aesia.pt\/portal\/wp-json\/wp\/v2\/pages\/819","targetHints":{"allow":["GET"]}}],"collection":[{"href":"https:\/\/aesia.pt\/portal\/wp-json\/wp\/v2\/pages"}],"about":[{"href":"https:\/\/aesia.pt\/portal\/wp-json\/wp\/v2\/types\/page"}],"author":[{"embeddable":true,"href":"https:\/\/aesia.pt\/portal\/wp-json\/wp\/v2\/users\/8"}],"replies":[{"embeddable":true,"href":"https:\/\/aesia.pt\/portal\/wp-json\/wp\/v2\/comments?post=819"}],"version-history":[{"count":1,"href":"https:\/\/aesia.pt\/portal\/wp-json\/wp\/v2\/pages\/819\/revisions"}],"predecessor-version":[{"id":820,"href":"https:\/\/aesia.pt\/portal\/wp-json\/wp\/v2\/pages\/819\/revisions\/820"}],"wp:attachment":[{"href":"https:\/\/aesia.pt\/portal\/wp-json\/wp\/v2\/media?parent=819"}],"curies":[{"name":"wp","href":"https:\/\/api.w.org\/{rel}","templated":true}]}}