{"id":799,"date":"2014-10-13T16:27:11","date_gmt":"2014-10-13T16:27:11","guid":{"rendered":"http:\/\/aesia.pt\/portal\/?page_id=799"},"modified":"2014-10-13T16:27:11","modified_gmt":"2014-10-13T16:27:11","slug":"educacao-para-a-saude","status":"publish","type":"page","link":"https:\/\/aesia.pt\/portal\/educacao-para-a-saude\/","title":{"rendered":"EDUCA\u00c7\u00c3O PARA A SA\u00daDE"},"content":{"rendered":"<p>Em contexto escolar, Educar para a Sa\u00fade consiste em dotar as crian\u00e7as e os jovens<\/p>\n<p>de conhecimentos, atitudes e valores que os ajudem, de forma mais consciente, a fazer<\/p>\n<p>op\u00e7\u00f5es e a tomar decis\u00f5es adequadas \u00e0 sua sa\u00fade e ao seu bem-estar f\u00edsico, social e<\/p>\n<p>mental.<\/p>\n<p>Assim sendo, \u00e9 nosso prop\u00f3sito trabalhar para que a educa\u00e7\u00e3o para a sa\u00fade, no nosso<\/p>\n<p>Agrupamento, seja implementada de forma equilibrada, no respeito pelas orienta\u00e7\u00f5es<\/p>\n<p>legais e tendo em conta as quest\u00f5es e os anseios dos alunos e as preocupa\u00e7\u00f5es dos pais e<\/p>\n<p>encarregados de educa\u00e7\u00e3o.<\/p>\n<p>As atividadess\u00e3o dinamizadas, sempre que poss\u00edvel, em colabora\u00e7\u00e3o estreita com os<\/p>\n<p>pais e Encarregados de Educa\u00e7\u00e3o,servi\u00e7os de sa\u00fade e\/ ou outras entidades externas,<\/p>\n<p>fomentando a participa\u00e7\u00e3o familiar e a liga\u00e7\u00e3o ativa \u00e0 comunidade.<\/p>\n<p>S\u00e3o tamb\u00e9m atividades que promovem na escola rela\u00e7\u00f5es humanas saud\u00e1veis entre os<\/p>\n<p>diversos agentes da comunidade educativa, baseadas no respeito, na exig\u00eancia e no rigor.<\/p>\n","protected":false},"excerpt":{"rendered":"<p>Em contexto escolar, Educar para a Sa\u00fade consiste em dotar as crian\u00e7as e os jovens de conhecimentos, atitudes e valores&hellip; <a class=\"continue\" href=\"https:\/\/aesia.pt\/portal\/educacao-para-a-saude\/\">Ler mais<span> EDUCA\u00c7\u00c3O PARA A SA\u00daDE<\/span><\/a><\/p>\n","protected":false},"author":8,"featured_media":0,"parent":0,"menu_order":0,"comment_status":"open","ping_status":"open","template":"p_base.php","meta":{"_acf_changed":false,"footnotes":""},"class_list":["post-799","page","type-page","status-publish","hentry"],"acf":[],"yoast_head":"<!-- This site is optimized with the Yoast SEO plugin v27.3 - https:\/\/yoast.com\/product\/yoast-seo-wordpress\/ -->\n<title>EDUCA\u00c7\u00c3O PARA A SA\u00daDE &#8211; AESIA<\/title>\n<meta name=\"robots\" content=\"index, follow, max-snippet:-1, max-image-preview:large, max-video-preview:-1\" \/>\n<link rel=\"canonical\" href=\"https:\/\/aesia.pt\/portal\/educacao-para-a-saude\/\" \/>\n<meta property=\"og:locale\" content=\"pt_PT\" \/>\n<meta property=\"og:type\" content=\"article\" \/>\n<meta property=\"og:title\" content=\"EDUCA\u00c7\u00c3O PARA A SA\u00daDE &#8211; AESIA\" \/>\n<meta property=\"og:description\" content=\"Em contexto escolar, Educar para a Sa\u00fade consiste em dotar as crian\u00e7as e os jovens de conhecimentos, atitudes e valores&hellip; Ler mais EDUCA\u00c7\u00c3O PARA A SA\u00daDE\" \/>\n<meta property=\"og:url\" content=\"https:\/\/aesia.pt\/portal\/educacao-para-a-saude\/\" \/>\n<meta property=\"og:site_name\" content=\"AESIA\" \/>\n<meta property=\"article:publisher\" content=\"https:\/\/www.facebook.com\/aesia.pt\/\" \/>\n<meta name=\"twitter:card\" content=\"summary_large_image\" \/>\n<meta name=\"twitter:label1\" content=\"Tempo estimado de leitura\" \/>\n\t<meta name=\"twitter:data1\" content=\"1 minuto\" \/>\n<script type=\"application\/ld+json\" class=\"yoast-schema-graph\">{\"@context\":\"https:\\\/\\\/schema.org\",\"@graph\":[{\"@type\":\"WebPage\",\"@id\":\"https:\\\/\\\/aesia.pt\\\/portal\\\/educacao-para-a-saude\\\/\",\"url\":\"https:\\\/\\\/aesia.pt\\\/portal\\\/educacao-para-a-saude\\\/\",\"name\":\"EDUCA\u00c7\u00c3O PARA A SA\u00daDE &#8211; AESIA\",\"isPartOf\":{\"@id\":\"https:\\\/\\\/aesia.pt\\\/portal\\\/#website\"},\"datePublished\":\"2014-10-13T16:27:11+00:00\",\"breadcrumb\":{\"@id\":\"https:\\\/\\\/aesia.pt\\\/portal\\\/educacao-para-a-saude\\\/#breadcrumb\"},\"inLanguage\":\"pt-PT\",\"potentialAction\":[{\"@type\":\"ReadAction\",\"target\":[\"https:\\\/\\\/aesia.pt\\\/portal\\\/educacao-para-a-saude\\\/\"]}]},{\"@type\":\"BreadcrumbList\",\"@id\":\"https:\\\/\\\/aesia.pt\\\/portal\\\/educacao-para-a-saude\\\/#breadcrumb\",\"itemListElement\":[{\"@type\":\"ListItem\",\"position\":1,\"name\":\"Home\",\"item\":\"https:\\\/\\\/aesia.pt\\\/portal\\\/\"},{\"@type\":\"ListItem\",\"position\":2,\"name\":\"EDUCA\u00c7\u00c3O PARA A SA\u00daDE\"}]},{\"@type\":\"WebSite\",\"@id\":\"https:\\\/\\\/aesia.pt\\\/portal\\\/#website\",\"url\":\"https:\\\/\\\/aesia.pt\\\/portal\\\/\",\"name\":\"AESIA\",\"description\":\"Agrupamento de Escolas de Santa Iria de Az\u00f3ia\",\"publisher\":{\"@id\":\"https:\\\/\\\/aesia.pt\\\/portal\\\/#organization\"},\"alternateName\":\"Agrupamento de Escolas de Santa Iria de Az\u00f3ia\",\"potentialAction\":[{\"@type\":\"SearchAction\",\"target\":{\"@type\":\"EntryPoint\",\"urlTemplate\":\"https:\\\/\\\/aesia.pt\\\/portal\\\/?s={search_term_string}\"},\"query-input\":{\"@type\":\"PropertyValueSpecification\",\"valueRequired\":true,\"valueName\":\"search_term_string\"}}],\"inLanguage\":\"pt-PT\"},{\"@type\":\"Organization\",\"@id\":\"https:\\\/\\\/aesia.pt\\\/portal\\\/#organization\",\"name\":\"Agrupamento de Escolas de Santa Iria de Az\u00f3ia\",\"alternateName\":\"AESIA\",\"url\":\"https:\\\/\\\/aesia.pt\\\/portal\\\/\",\"logo\":{\"@type\":\"ImageObject\",\"inLanguage\":\"pt-PT\",\"@id\":\"https:\\\/\\\/aesia.pt\\\/portal\\\/#\\\/schema\\\/logo\\\/image\\\/\",\"url\":\"https:\\\/\\\/aesia.pt\\\/portal\\\/wp-content\\\/uploads\\\/2023\\\/04\\\/logo4.png\",\"contentUrl\":\"https:\\\/\\\/aesia.pt\\\/portal\\\/wp-content\\\/uploads\\\/2023\\\/04\\\/logo4.png\",\"width\":162,\"height\":162,\"caption\":\"Agrupamento de Escolas de Santa Iria de Az\u00f3ia\"},\"image\":{\"@id\":\"https:\\\/\\\/aesia.pt\\\/portal\\\/#\\\/schema\\\/logo\\\/image\\\/\"},\"sameAs\":[\"https:\\\/\\\/www.facebook.com\\\/aesia.pt\\\/\"]}]}<\/script>\n<!-- \/ Yoast SEO plugin. -->","yoast_head_json":{"title":"EDUCA\u00c7\u00c3O PARA A SA\u00daDE &#8211; AESIA","robots":{"index":"index","follow":"follow","max-snippet":"max-snippet:-1","max-image-preview":"max-image-preview:large","max-video-preview":"max-video-preview:-1"},"canonical":"https:\/\/aesia.pt\/portal\/educacao-para-a-saude\/","og_locale":"pt_PT","og_type":"article","og_title":"EDUCA\u00c7\u00c3O PARA A SA\u00daDE &#8211; AESIA","og_description":"Em contexto escolar, Educar para a Sa\u00fade consiste em dotar as crian\u00e7as e os jovens de conhecimentos, atitudes e valores&hellip; Ler mais EDUCA\u00c7\u00c3O PARA A SA\u00daDE","og_url":"https:\/\/aesia.pt\/portal\/educacao-para-a-saude\/","og_site_name":"AESIA","article_publisher":"https:\/\/www.facebook.com\/aesia.pt\/","twitter_card":"summary_large_image","twitter_misc":{"Tempo estimado de leitura":"1 minuto"},"schema":{"@context":"https:\/\/schema.org","@graph":[{"@type":"WebPage","@id":"https:\/\/aesia.pt\/portal\/educacao-para-a-saude\/","url":"https:\/\/aesia.pt\/portal\/educacao-para-a-saude\/","name":"EDUCA\u00c7\u00c3O PARA A SA\u00daDE &#8211; AESIA","isPartOf":{"@id":"https:\/\/aesia.pt\/portal\/#website"},"datePublished":"2014-10-13T16:27:11+00:00","breadcrumb":{"@id":"https:\/\/aesia.pt\/portal\/educacao-para-a-saude\/#breadcrumb"},"inLanguage":"pt-PT","potentialAction":[{"@type":"ReadAction","target":["https:\/\/aesia.pt\/portal\/educacao-para-a-saude\/"]}]},{"@type":"BreadcrumbList","@id":"https:\/\/aesia.pt\/portal\/educacao-para-a-saude\/#breadcrumb","itemListElement":[{"@type":"ListItem","position":1,"name":"Home","item":"https:\/\/aesia.pt\/portal\/"},{"@type":"ListItem","position":2,"name":"EDUCA\u00c7\u00c3O PARA A SA\u00daDE"}]},{"@type":"WebSite","@id":"https:\/\/aesia.pt\/portal\/#website","url":"https:\/\/aesia.pt\/portal\/","name":"AESIA","description":"Agrupamento de Escolas de Santa Iria de Az\u00f3ia","publisher":{"@id":"https:\/\/aesia.pt\/portal\/#organization"},"alternateName":"Agrupamento de Escolas de Santa Iria de Az\u00f3ia","potentialAction":[{"@type":"SearchAction","target":{"@type":"EntryPoint","urlTemplate":"https:\/\/aesia.pt\/portal\/?s={search_term_string}"},"query-input":{"@type":"PropertyValueSpecification","valueRequired":true,"valueName":"search_term_string"}}],"inLanguage":"pt-PT"},{"@type":"Organization","@id":"https:\/\/aesia.pt\/portal\/#organization","name":"Agrupamento de Escolas de Santa Iria de Az\u00f3ia","alternateName":"AESIA","url":"https:\/\/aesia.pt\/portal\/","logo":{"@type":"ImageObject","inLanguage":"pt-PT","@id":"https:\/\/aesia.pt\/portal\/#\/schema\/logo\/image\/","url":"https:\/\/aesia.pt\/portal\/wp-content\/uploads\/2023\/04\/logo4.png","contentUrl":"https:\/\/aesia.pt\/portal\/wp-content\/uploads\/2023\/04\/logo4.png","width":162,"height":162,"caption":"Agrupamento de Escolas de Santa Iria de Az\u00f3ia"},"image":{"@id":"https:\/\/aesia.pt\/portal\/#\/schema\/logo\/image\/"},"sameAs":["https:\/\/www.facebook.com\/aesia.pt\/"]}]}},"_links":{"self":[{"href":"https:\/\/aesia.pt\/portal\/wp-json\/wp\/v2\/pages\/799","targetHints":{"allow":["GET"]}}],"collection":[{"href":"https:\/\/aesia.pt\/portal\/wp-json\/wp\/v2\/pages"}],"about":[{"href":"https:\/\/aesia.pt\/portal\/wp-json\/wp\/v2\/types\/page"}],"author":[{"embeddable":true,"href":"https:\/\/aesia.pt\/portal\/wp-json\/wp\/v2\/users\/8"}],"replies":[{"embeddable":true,"href":"https:\/\/aesia.pt\/portal\/wp-json\/wp\/v2\/comments?post=799"}],"version-history":[{"count":1,"href":"https:\/\/aesia.pt\/portal\/wp-json\/wp\/v2\/pages\/799\/revisions"}],"predecessor-version":[{"id":800,"href":"https:\/\/aesia.pt\/portal\/wp-json\/wp\/v2\/pages\/799\/revisions\/800"}],"wp:attachment":[{"href":"https:\/\/aesia.pt\/portal\/wp-json\/wp\/v2\/media?parent=799"}],"curies":[{"name":"wp","href":"https:\/\/api.w.org\/{rel}","templated":true}]}}