{"id":789,"date":"2014-10-13T16:11:14","date_gmt":"2014-10-13T16:11:14","guid":{"rendered":"http:\/\/aesia.pt\/portal\/?page_id=789"},"modified":"2025-08-04T19:43:12","modified_gmt":"2025-08-04T19:43:12","slug":"horarios-servicos-do-agrupamento","status":"publish","type":"page","link":"https:\/\/aesia.pt\/portal\/horarios-servicos-do-agrupamento\/","title":{"rendered":"HOR\u00c1RIOS  &#8211; OUTROS SERVI\u00c7OS DO AGRUPAMENTO"},"content":{"rendered":"\n<p>Em per\u00edodos letivos <\/p>\n\n\n<table style=\"height: 35px;\" width=\"377\">\n<tbody>\n<tr>\n<td style=\"text-align: center;\" width=\"583\"><b>HOR\u00c1RIOS <\/b><b>SERVI\u00c7OS DO AGRUPAMENTO<\/b><\/td>\n<\/tr>\n<\/tbody>\n<\/table>\n<table style=\"height: 154px;\" width=\"377\">\n<tbody>\n<tr>\n<td style=\"text-align: center;\" width=\"583\"><b>BAR<\/b>\n<p style=\"text-align: left;\"><b style=\"font-size: revert; font-family: inherit; color: initial;\">\u00a0MANH\u00c3\u00a0 &#8211; <\/b><span style=\"font-size: revert; font-family: inherit; font-weight: inherit; color: initial;\">07:50 \u00e0s 12:00<\/span><\/p>\n<p style=\"text-align: left;\"><b>\u00a0TARDE\u00a0\u00a0\u00a0 &#8211; <\/b>14:00 \u00e0s 15:00<\/p>\n<\/td>\n<\/tr>\n<\/tbody>\n<\/table>\n<table style=\"height: 152px;\" width=\"378\">\n<tbody>\n<tr>\n<td style=\"text-align: center;\" width=\"583\"><b>REFEIT\u00d3RIO<\/b>\n<p style=\"text-align: left;\"><b>\u00a0ABERTURA\u00a0 &#8211; <\/b>12:00<\/p>\n<p style=\"text-align: left;\"><b>\u00a0ENCERRAMENTO &#8211; <\/b>14:00<\/p>\n<\/td>\n<\/tr>\n<\/tbody>\n<\/table>\n<table style=\"height: 148px;\" width=\"379\">\n<tbody>\n<tr>\n<td style=\"text-align: center;\" width=\"583\"><b>PAPELARIA\/REPROGRAFIA<\/b>\n<p style=\"text-align: left;\"><b>\u00a0MANH\u00c3\u00a0 &#8211; <\/b>09:00 \u00e0s 13:00<\/p>\n<p style=\"text-align: left;\"><b>\u00a0TARDE\u00a0\u00a0\u00a0 &#8211; <\/b>14:00 \u00e0s 16:30<\/p>\n<\/td>\n<\/tr>\n<\/tbody>\n<\/table>","protected":false},"excerpt":{"rendered":"<p>Em per\u00edodos letivos HOR\u00c1RIOS SERVI\u00c7OS DO AGRUPAMENTO BAR \u00a0MANH\u00c3\u00a0 &#8211; 07:50 \u00e0s 12:00 \u00a0TARDE\u00a0\u00a0\u00a0 &#8211; 14:00 \u00e0s 15:00 REFEIT\u00d3RIO \u00a0ABERTURA\u00a0&hellip; <a class=\"continue\" href=\"https:\/\/aesia.pt\/portal\/horarios-servicos-do-agrupamento\/\">Ler mais<span> HOR\u00c1RIOS  &#8211; OUTROS SERVI\u00c7OS DO AGRUPAMENTO<\/span><\/a><\/p>\n","protected":false},"author":8,"featured_media":0,"parent":0,"menu_order":0,"comment_status":"open","ping_status":"open","template":"p_base.php","meta":{"_acf_changed":false,"footnotes":""},"class_list":["post-789","page","type-page","status-publish","hentry"],"acf":[],"yoast_head":"<!-- This site is optimized with the Yoast SEO plugin v27.4 - https:\/\/yoast.com\/product\/yoast-seo-wordpress\/ -->\n<title>HOR\u00c1RIOS - OUTROS SERVI\u00c7OS DO AGRUPAMENTO &#8211; AESIA<\/title>\n<meta name=\"robots\" content=\"index, follow, max-snippet:-1, max-image-preview:large, max-video-preview:-1\" \/>\n<link rel=\"canonical\" href=\"https:\/\/aesia.pt\/portal\/horarios-servicos-do-agrupamento\/\" \/>\n<meta property=\"og:locale\" content=\"pt_PT\" \/>\n<meta property=\"og:type\" content=\"article\" \/>\n<meta property=\"og:title\" content=\"HOR\u00c1RIOS - OUTROS SERVI\u00c7OS DO AGRUPAMENTO &#8211; AESIA\" \/>\n<meta property=\"og:description\" content=\"Em per\u00edodos letivos HOR\u00c1RIOS SERVI\u00c7OS DO AGRUPAMENTO BAR \u00a0MANH\u00c3\u00a0 &#8211; 07:50 \u00e0s 12:00 \u00a0TARDE\u00a0\u00a0\u00a0 &#8211; 14:00 \u00e0s 15:00 REFEIT\u00d3RIO \u00a0ABERTURA\u00a0&hellip; Ler mais HOR\u00c1RIOS &#8211; OUTROS SERVI\u00c7OS DO AGRUPAMENTO\" \/>\n<meta property=\"og:url\" content=\"https:\/\/aesia.pt\/portal\/horarios-servicos-do-agrupamento\/\" \/>\n<meta property=\"og:site_name\" content=\"AESIA\" \/>\n<meta property=\"article:publisher\" content=\"https:\/\/www.facebook.com\/aesia.pt\/\" \/>\n<meta property=\"article:modified_time\" content=\"2025-08-04T19:43:12+00:00\" \/>\n<meta name=\"twitter:card\" content=\"summary_large_image\" \/>\n<script type=\"application\/ld+json\" class=\"yoast-schema-graph\">{\"@context\":\"https:\\\/\\\/schema.org\",\"@graph\":[{\"@type\":\"WebPage\",\"@id\":\"https:\\\/\\\/aesia.pt\\\/portal\\\/horarios-servicos-do-agrupamento\\\/\",\"url\":\"https:\\\/\\\/aesia.pt\\\/portal\\\/horarios-servicos-do-agrupamento\\\/\",\"name\":\"HOR\u00c1RIOS - OUTROS SERVI\u00c7OS DO AGRUPAMENTO &#8211; AESIA\",\"isPartOf\":{\"@id\":\"https:\\\/\\\/aesia.pt\\\/portal\\\/#website\"},\"datePublished\":\"2014-10-13T16:11:14+00:00\",\"dateModified\":\"2025-08-04T19:43:12+00:00\",\"breadcrumb\":{\"@id\":\"https:\\\/\\\/aesia.pt\\\/portal\\\/horarios-servicos-do-agrupamento\\\/#breadcrumb\"},\"inLanguage\":\"pt-PT\",\"potentialAction\":[{\"@type\":\"ReadAction\",\"target\":[\"https:\\\/\\\/aesia.pt\\\/portal\\\/horarios-servicos-do-agrupamento\\\/\"]}]},{\"@type\":\"BreadcrumbList\",\"@id\":\"https:\\\/\\\/aesia.pt\\\/portal\\\/horarios-servicos-do-agrupamento\\\/#breadcrumb\",\"itemListElement\":[{\"@type\":\"ListItem\",\"position\":1,\"name\":\"Home\",\"item\":\"https:\\\/\\\/aesia.pt\\\/portal\\\/\"},{\"@type\":\"ListItem\",\"position\":2,\"name\":\"HOR\u00c1RIOS &#8211; OUTROS SERVI\u00c7OS DO AGRUPAMENTO\"}]},{\"@type\":\"WebSite\",\"@id\":\"https:\\\/\\\/aesia.pt\\\/portal\\\/#website\",\"url\":\"https:\\\/\\\/aesia.pt\\\/portal\\\/\",\"name\":\"AESIA\",\"description\":\"Agrupamento de Escolas de Santa Iria de Az\u00f3ia\",\"publisher\":{\"@id\":\"https:\\\/\\\/aesia.pt\\\/portal\\\/#organization\"},\"alternateName\":\"Agrupamento de Escolas de Santa Iria de Az\u00f3ia\",\"potentialAction\":[{\"@type\":\"SearchAction\",\"target\":{\"@type\":\"EntryPoint\",\"urlTemplate\":\"https:\\\/\\\/aesia.pt\\\/portal\\\/?s={search_term_string}\"},\"query-input\":{\"@type\":\"PropertyValueSpecification\",\"valueRequired\":true,\"valueName\":\"search_term_string\"}}],\"inLanguage\":\"pt-PT\"},{\"@type\":\"Organization\",\"@id\":\"https:\\\/\\\/aesia.pt\\\/portal\\\/#organization\",\"name\":\"Agrupamento de Escolas de Santa Iria de Az\u00f3ia\",\"alternateName\":\"AESIA\",\"url\":\"https:\\\/\\\/aesia.pt\\\/portal\\\/\",\"logo\":{\"@type\":\"ImageObject\",\"inLanguage\":\"pt-PT\",\"@id\":\"https:\\\/\\\/aesia.pt\\\/portal\\\/#\\\/schema\\\/logo\\\/image\\\/\",\"url\":\"https:\\\/\\\/aesia.pt\\\/portal\\\/wp-content\\\/uploads\\\/2023\\\/04\\\/logo4.png\",\"contentUrl\":\"https:\\\/\\\/aesia.pt\\\/portal\\\/wp-content\\\/uploads\\\/2023\\\/04\\\/logo4.png\",\"width\":162,\"height\":162,\"caption\":\"Agrupamento de Escolas de Santa Iria de Az\u00f3ia\"},\"image\":{\"@id\":\"https:\\\/\\\/aesia.pt\\\/portal\\\/#\\\/schema\\\/logo\\\/image\\\/\"},\"sameAs\":[\"https:\\\/\\\/www.facebook.com\\\/aesia.pt\\\/\"]}]}<\/script>\n<!-- \/ Yoast SEO plugin. -->","yoast_head_json":{"title":"HOR\u00c1RIOS - OUTROS SERVI\u00c7OS DO AGRUPAMENTO &#8211; AESIA","robots":{"index":"index","follow":"follow","max-snippet":"max-snippet:-1","max-image-preview":"max-image-preview:large","max-video-preview":"max-video-preview:-1"},"canonical":"https:\/\/aesia.pt\/portal\/horarios-servicos-do-agrupamento\/","og_locale":"pt_PT","og_type":"article","og_title":"HOR\u00c1RIOS - OUTROS SERVI\u00c7OS DO AGRUPAMENTO &#8211; AESIA","og_description":"Em per\u00edodos letivos HOR\u00c1RIOS SERVI\u00c7OS DO AGRUPAMENTO BAR \u00a0MANH\u00c3\u00a0 &#8211; 07:50 \u00e0s 12:00 \u00a0TARDE\u00a0\u00a0\u00a0 &#8211; 14:00 \u00e0s 15:00 REFEIT\u00d3RIO \u00a0ABERTURA\u00a0&hellip; Ler mais HOR\u00c1RIOS &#8211; OUTROS SERVI\u00c7OS DO AGRUPAMENTO","og_url":"https:\/\/aesia.pt\/portal\/horarios-servicos-do-agrupamento\/","og_site_name":"AESIA","article_publisher":"https:\/\/www.facebook.com\/aesia.pt\/","article_modified_time":"2025-08-04T19:43:12+00:00","twitter_card":"summary_large_image","schema":{"@context":"https:\/\/schema.org","@graph":[{"@type":"WebPage","@id":"https:\/\/aesia.pt\/portal\/horarios-servicos-do-agrupamento\/","url":"https:\/\/aesia.pt\/portal\/horarios-servicos-do-agrupamento\/","name":"HOR\u00c1RIOS - OUTROS SERVI\u00c7OS DO AGRUPAMENTO &#8211; AESIA","isPartOf":{"@id":"https:\/\/aesia.pt\/portal\/#website"},"datePublished":"2014-10-13T16:11:14+00:00","dateModified":"2025-08-04T19:43:12+00:00","breadcrumb":{"@id":"https:\/\/aesia.pt\/portal\/horarios-servicos-do-agrupamento\/#breadcrumb"},"inLanguage":"pt-PT","potentialAction":[{"@type":"ReadAction","target":["https:\/\/aesia.pt\/portal\/horarios-servicos-do-agrupamento\/"]}]},{"@type":"BreadcrumbList","@id":"https:\/\/aesia.pt\/portal\/horarios-servicos-do-agrupamento\/#breadcrumb","itemListElement":[{"@type":"ListItem","position":1,"name":"Home","item":"https:\/\/aesia.pt\/portal\/"},{"@type":"ListItem","position":2,"name":"HOR\u00c1RIOS &#8211; OUTROS SERVI\u00c7OS DO AGRUPAMENTO"}]},{"@type":"WebSite","@id":"https:\/\/aesia.pt\/portal\/#website","url":"https:\/\/aesia.pt\/portal\/","name":"AESIA","description":"Agrupamento de Escolas de Santa Iria de Az\u00f3ia","publisher":{"@id":"https:\/\/aesia.pt\/portal\/#organization"},"alternateName":"Agrupamento de Escolas de Santa Iria de Az\u00f3ia","potentialAction":[{"@type":"SearchAction","target":{"@type":"EntryPoint","urlTemplate":"https:\/\/aesia.pt\/portal\/?s={search_term_string}"},"query-input":{"@type":"PropertyValueSpecification","valueRequired":true,"valueName":"search_term_string"}}],"inLanguage":"pt-PT"},{"@type":"Organization","@id":"https:\/\/aesia.pt\/portal\/#organization","name":"Agrupamento de Escolas de Santa Iria de Az\u00f3ia","alternateName":"AESIA","url":"https:\/\/aesia.pt\/portal\/","logo":{"@type":"ImageObject","inLanguage":"pt-PT","@id":"https:\/\/aesia.pt\/portal\/#\/schema\/logo\/image\/","url":"https:\/\/aesia.pt\/portal\/wp-content\/uploads\/2023\/04\/logo4.png","contentUrl":"https:\/\/aesia.pt\/portal\/wp-content\/uploads\/2023\/04\/logo4.png","width":162,"height":162,"caption":"Agrupamento de Escolas de Santa Iria de Az\u00f3ia"},"image":{"@id":"https:\/\/aesia.pt\/portal\/#\/schema\/logo\/image\/"},"sameAs":["https:\/\/www.facebook.com\/aesia.pt\/"]}]}},"_links":{"self":[{"href":"https:\/\/aesia.pt\/portal\/wp-json\/wp\/v2\/pages\/789","targetHints":{"allow":["GET"]}}],"collection":[{"href":"https:\/\/aesia.pt\/portal\/wp-json\/wp\/v2\/pages"}],"about":[{"href":"https:\/\/aesia.pt\/portal\/wp-json\/wp\/v2\/types\/page"}],"author":[{"embeddable":true,"href":"https:\/\/aesia.pt\/portal\/wp-json\/wp\/v2\/users\/8"}],"replies":[{"embeddable":true,"href":"https:\/\/aesia.pt\/portal\/wp-json\/wp\/v2\/comments?post=789"}],"version-history":[{"count":10,"href":"https:\/\/aesia.pt\/portal\/wp-json\/wp\/v2\/pages\/789\/revisions"}],"predecessor-version":[{"id":15898,"href":"https:\/\/aesia.pt\/portal\/wp-json\/wp\/v2\/pages\/789\/revisions\/15898"}],"wp:attachment":[{"href":"https:\/\/aesia.pt\/portal\/wp-json\/wp\/v2\/media?parent=789"}],"curies":[{"name":"wp","href":"https:\/\/api.w.org\/{rel}","templated":true}]}}