{"id":787,"date":"2014-10-13T16:08:45","date_gmt":"2014-10-13T16:08:45","guid":{"rendered":"http:\/\/aesia.pt\/portal\/?page_id=787"},"modified":"2014-10-13T16:09:05","modified_gmt":"2014-10-13T16:09:05","slug":"contratacao-de-escola-criterios-gerais","status":"publish","type":"page","link":"https:\/\/aesia.pt\/portal\/contratacao-de-escola-criterios-gerais\/","title":{"rendered":"CONTRATA\u00c7\u00c3O DE ESCOLA \u2013 CRIT\u00c9RIOS GERAIS"},"content":{"rendered":"<p>Agrupamento de Escolas de Sta Iria de Az\u00f3ia &#8211; 1107838<\/p>\n<p>CONTRATA\u00c7\u00c3O DE ESCOLA \u2013 CRIT\u00c9RIOS GERAIS<\/p>\n<p>(arto 38o a 41o, D-L. No132\/2012, de 27 de Junho, com as altera\u00e7\u00f5es introduzidas pelo Decreto-<br \/>\nLei n.o 83-A\/2014 de 23 de maio)<\/p>\n<p>1. Concurso de Contrata\u00e7\u00e3o de Escola- Crit\u00e9rios de selec\u00e7\u00e3o\/contrata\u00e7\u00e3o pessoal Docente<\/p>\n<p>De acordo com o Decreto-Lei n.o 132\/2012, de 27 de junho, os crit\u00e9rios objetivos de sele\u00e7\u00e3o\/<\/p>\n<p>contrata\u00e7\u00e3o de pessoal docente, a seguir obrigatoriamente, para os grupos de recrutamento<\/p>\n<p>previstos no Decreto-Lei no7\/2006, de 2010 para o ano letivo 2014\/15 s\u00e3o os seguintes:<\/p>\n<p>A) Gradua\u00e7\u00e3o Profissional nos termos do no 6 al\u00ednea a) do art.o 39 \u2013 Pondera\u00e7\u00e3o 50%<\/p>\n<p>a)Tempo de Servi\u00e7o antes da profissionaliza\u00e7\u00e3o<\/p>\n<p>b)Tempo de Servi\u00e7o ap\u00f3s da profissionaliza\u00e7\u00e3o<\/p>\n<p>c)Classifica\u00e7\u00e3o Profissional<\/p>\n<p>d)Data de Nascimento<\/p>\n<p>B) Avalia\u00e7\u00e3o Curricular nos termos do no 6 al\u00ednea b) do art.o 39 \u2013 Pondera\u00e7\u00e3o 50%<\/p>\n<p>A avalia\u00e7\u00e3o curricular ser\u00e1 realizada pelos tr\u00eas membros do j\u00fari designados pelo director e<\/p>\n<p>incidir\u00e1 na an\u00e1lise da documenta\u00e7\u00e3o enviada pelos candidatos sendo essa avalia\u00e7\u00e3o realizada<\/p>\n<p>com base nos seguintes subcrit\u00e9rios e respectiva pondera\u00e7\u00e3o:<\/p>\n<p>a) Habilita\u00e7\u00e3o Acad\u00e9mica e Profissional \u2013 14%<\/p>\n<p>b) N\u00edvel e qualidade do percurso profissional com especial incid\u00eancia na \u00e1rea do<\/p>\n<p>grupo de doc\u00eancia para o qual concorre \u2013 12%<\/p>\n<p>c) Avalia\u00e7\u00e3o de desempenho docente &#8211; relativa a um dos tr\u00eas \u00faltimos anos letivos<\/p>\n<p>(2011\/2012, 2012\/2013 ou 2013\/2014) \u2013 8%<\/p>\n<p>d) Forma\u00e7\u00e3o continua \u2013 Frequ\u00eancia de cursos ou ac\u00e7\u00f5es de forma\u00e7\u00e3o nos \u00faltimos<\/p>\n<p>cinco anos, cuja tem\u00e1tica aborde conte\u00fados de \u00e2mbito t\u00e9cnico \u2013 8%;<\/p>\n<p>e) Participa\u00e7\u00e3o no desenvolvimento de projectos de \u00e2mbito Pedag\u00f3gico- 8%<\/p>\n<p>Na Avalia\u00e7\u00e3o Curricular (AC) ser\u00e3o analisados os diversos documentos apresentados pelos<\/p>\n<p>candidatos. Ponderados os subcrit\u00e9rios ser\u00e3o atribu\u00eddos e registados os respetivos valores em<\/p>\n<p>tabela A (em anexo) numa escala de 0 a 5 valores em cada um dos subcrit\u00e9rios.<\/p>\n<p>Em caso de d\u00favida assiste ao j\u00fari a faculdade de exigir a qualquer candidato a apresenta\u00e7\u00e3o de<\/p>\n<p>documentos comprovativos das declara\u00e7\u00f5es prestadas no seu curriculum vitae.<\/p>\n<p>C) Entrevista de Avalia\u00e7\u00e3o de Compet\u00eancias nos termos do no 6 al\u00ednea c) do art.o 39<\/p>\n<p>A entrevista de avalia\u00e7\u00e3o de compet\u00eancias ser\u00e1 aplicada para efeitos de desempate. Avaliar\u00e1<\/p>\n<p>numa rela\u00e7\u00e3o interpessoal, informa\u00e7\u00f5es sobre comportamentos profissionais diretamente<\/p>\n<p>relacionados com as compet\u00eancias consideradas essenciais para o exerc\u00edcio da fun\u00e7\u00e3o.<\/p>\n<p>O j\u00fari para realiza\u00e7\u00e3o da entrevista ser\u00e1 constitu\u00eddo por tr\u00eas elementos a designar por despacho<\/p>\n<p>\u00c0 entrevista ser\u00e1 atribu\u00edda uma classifica\u00e7\u00e3o final expressa de 0 a 100 pontos, resultante de<\/p>\n<p>soma de pontos atribu\u00eddos nos seguintes subcrit\u00e9rios:<\/p>\n<p>I. Compet\u00eancias acad\u00e9mico\/profissionais \u2013 0 a 50 pontos<\/p>\n<p>a) Forma\u00e7\u00e3o Acad\u00e9mica<\/p>\n<p>c) A\u00e7\u00f5es de forma\u00e7\u00e3o no \u00e2mbito da doc\u00eancia<\/p>\n<p>d) Avalia\u00e7\u00e3o de desempenho docente<\/p>\n<p>e) Outras experi\u00eancias consideradas relevantes para a fun\u00e7\u00e3o<\/p>\n<p>II. Compet\u00eancias pedag\u00f3gicas \u2013 0 a 50 pontos<\/p>\n<p>a) Motiva\u00e7\u00e3o e interesse<\/p>\n<p>c) Sentido de responsabilidade<\/p>\n<p>d) Capacidade de relacionamento e de gest\u00e3o de din\u00e2micas de grupo em<\/p>\n<p>fun\u00e7\u00e3o da faixa et\u00e1ria dos alunos e os objetivos pedag\u00f3gicos<\/p>\n<p>e) Capacidade de resposta a situa\u00e7\u00f5es\/ocorr\u00eancias emergentes<\/p>\n<p>b) Experi\u00eancia na leciona\u00e7\u00e3o das disciplinas do hor\u00e1rio a concurso<\/p>\n<p>b) Capacidade de comunica\u00e7\u00e3o<\/p>\n<p>Para cada um dos itens dos subcrit\u00e9rios mencionados no ponto I e II ser\u00e3o aplicados os seguintes<\/p>\n<p>n\u00edveis classificativos:<\/p>\n<p>Insuficiente &#8211; 0 a 2 pontos<\/p>\n<p>Reduzido &#8211; 3 a 4 pontos<\/p>\n<p>Suficiente \u2013 5 a 6 pontos<\/p>\n<p>Bom \u2013 7 a 8 pontos<\/p>\n<p>Elevado \u2013 9 a 10 pontos<\/p>\n<p>A entrevista ser\u00e1 efetuada com base num gui\u00e3o de entrevista, composto por um conjunto de<\/p>\n<p>quest\u00f5es, relacionado com o perfil de candidato desejado, associado a uma grelha de avalia\u00e7\u00e3o<\/p>\n<p>individual que traduz a avalia\u00e7\u00e3o dos crit\u00e9rios\/subcrit\u00e9rios em an\u00e1lise.<\/p>\n<p>A entrevista ser\u00e1 agendada pela escola e comunicada aos candidatos atrav\u00e9s de publica\u00e7\u00e3o<\/p>\n<p>na p\u00e1gina eletr\u00f3nica da sede de agrupamento com, no m\u00ednimo, 24h de anteced\u00eancia. A n\u00e3o<\/p>\n<p>compar\u00eancia \u00e0 entrevista, sem justifica\u00e7\u00e3o pr\u00e9via, implica a exclus\u00e3o do candidato do processo<\/p>\n<p>2. Concurso de Contrata\u00e7\u00e3o de Escola- Crit\u00e9rios de selec\u00e7\u00e3o\/contrata\u00e7\u00e3o T\u00e9cnicos<\/p>\n<p>De acordo com o Decreto-Lei n.o 132\/2012 de 27 de junho, os crit\u00e9rios objetivos de sele\u00e7\u00e3o\/<\/p>\n<p>contrata\u00e7\u00e3o obrigatoriamente aplicados para os t\u00e9cnicos especializados, para o ano letivo<\/p>\n<p>2014\/15 ser\u00e1 expressa na escala de 0 a 20 valores, resultando da m\u00e9dia aritm\u00e9tica obtida em<\/p>\n<p>subcrit\u00e9rios dos m\u00e9todos de sele\u00e7\u00e3o seguintes:<\/p>\n<p>A) Avalia\u00e7\u00e3o do Portf\u00f3lio nos termos do no 11 al\u00ednea a) \u2013 Pondera\u00e7\u00e3o 30%<\/p>\n<p>A avalia\u00e7\u00e3o de compet\u00eancias por portf\u00f3lio visa confirmar compet\u00eancias t\u00e9cnicas detidas em \u00e1reas<\/p>\n<p>t\u00e9cnicas espec\u00edficas e diretamente relacionadas com as fun\u00e7\u00f5es a que se candidata. A aplica\u00e7\u00e3o deste<\/p>\n<p>m\u00e9todo n\u00e3o \u00e9 presencial, sendo efetuada pelo j\u00fari designado por despacho do Diretor.<\/p>\n<p>Subcrit\u00e9rios (0 a 20 pontos), resultante da m\u00e9dia aritm\u00e9tica obtida<\/p>\n<p>Os itens dos subcrit\u00e9rios ser\u00e3o pontuados de acordo com o seguinte:<\/p>\n<p>a) Percurso acad\u00e9mico e formativo \u2013 curso(s) e respetiva classifica\u00e7\u00e3o e CAP<\/p>\n<p>b) Natureza da experi\u00eancia profissional e sua dura\u00e7\u00e3o no ensino (Em caso de<\/p>\n<p>candidato profissionalizado, indicar o tempo antes e ap\u00f3s profissionaliza\u00e7\u00e3o<\/p>\n<p>at\u00e9 31 de agosto de 2013)<\/p>\n<p>c) Percurso profissional na \u00e1rea das disciplinas da componente t\u00e9cnica ou<\/p>\n<p>tecnol\u00f3gica dos Cursos de Educa\u00e7\u00e3o e Forma\u00e7\u00e3o ou Cursos Profissionais a<\/p>\n<p>concurso, ou na \u00e1rea de interven\u00e7\u00e3o, para t\u00e9cnicos especializados como<\/p>\n<p>psic\u00f3logos, assistentes sociais, ou outros;<\/p>\n<p>d) Projetos, programas, jornadas e a\u00e7\u00f5es dinamizados no \u00e2mbito escolar \/<\/p>\n<p>profissional.<\/p>\n<p>e) Adequa\u00e7\u00e3o \u00e0 realidade escolar de trabalhos\/ projetos apresentados.<\/p>\n<p>0 a 9 valores (Insuficiente) &#8211; Exposi\u00e7\u00e3o dos elementos \u00e9 reduzida, limita-se \u00e0<\/p>\n<p>designa\u00e7\u00e3o de atividade(s); n\u00e3o revela a finalidade das atividade identificadas, n\u00e3o<\/p>\n<p>permitindo estabelecer a adequa\u00e7\u00e3o \u00e0 realidade escolar.<\/p>\n<p>10 a 13 valores (Suficiente) &#8211; Exposi\u00e7\u00e3o dos elementos centra-se na designa\u00e7\u00e3o de<\/p>\n<p>tarefas\/atividades com algumas refer\u00eancias reveladoras de compet\u00eancias t\u00e9cnicas,<\/p>\n<p>permitindo identificar aspetos que revelam as compet\u00eancias t\u00e9cnicas.<\/p>\n<p>14 a 16 valores (Bom) &#8211; O portf\u00f3lio \u00e9 claro e bem estruturado, evidencia as<\/p>\n<p>atividades exercidas, revelando bom n\u00edvel de compet\u00eancias t\u00e9cnicas e projeta<\/p>\n<p>experi\u00eancias adequadas \u00e0 realidade escolar.<\/p>\n<p>17 a 20 valores (Elevado) \u2013 O portf\u00f3lio \u00e9 rico em elementos de trabalhos<\/p>\n<p>referenciados, as atividades apresentadas tem proje\u00e7\u00e3o pedag\u00f3gica,<\/p>\n<p>demonstrando com a clareza a adequa\u00e7\u00e3o de compet\u00eancias t\u00e9cnicas em contextos<\/p>\n<p>de ensino e com as crian\u00e7as de faixas et\u00e1rias diversificadas, confirmando um alto<\/p>\n<p>grau de adequa\u00e7\u00e3o e compatibilidade com a realidade escolar.<\/p>\n<p>B) Entrevista de Avalia\u00e7\u00e3o de compet\u00eancias nos termos do no 11 al\u00ednea b) art.o 39 Pondera\u00e7\u00e3o<\/p>\n<p>A entrevista de avalia\u00e7\u00e3o de compet\u00eancias avaliar\u00e1 numa rela\u00e7\u00e3o interpessoal, informa\u00e7\u00f5es<\/p>\n<p>sobre comportamentos profissionais diretamente relacionados com as capacidades e<\/p>\n<p>conhecimentos adquiridos atrav\u00e9s da experi\u00eancia e forma\u00e7\u00e3o consideradas essenciais para o<\/p>\n<p>exerc\u00edcio da fun\u00e7\u00e3o.<\/p>\n<p>O j\u00fari para realiza\u00e7\u00e3o da entrevista ser\u00e1 designado por despacho do Diretor.<\/p>\n<p>Subcrit\u00e9rios (0 a 20 pontos), resultante da m\u00e9dia aritm\u00e9tica obtida:<\/p>\n<p>a) Monitoriza\u00e7\u00e3o e anima\u00e7\u00e3o de sess\u00f5es de forma\u00e7\u00e3o para a popula\u00e7\u00e3o-<br \/>\nalvo espec\u00edfica adequando o conjunto de conte\u00fados de forma\u00e7\u00e3o \u00e0s suas<\/p>\n<p>caracter\u00edsticas.<\/p>\n<p>b) Dom\u00ednio de metodologias de elabora\u00e7\u00e3o do material did\u00e1tico, de planifica\u00e7\u00e3o<\/p>\n<p>de atividades pedag\u00f3gicas e de avalia\u00e7\u00e3o de aprendizagens.<\/p>\n<p>c) Capacidade de gest\u00e3o de din\u00e2micas de grupo em fun\u00e7\u00e3o da faixa et\u00e1ria da<\/p>\n<p>popula\u00e7\u00e3o-alvo e os objetivos pedag\u00f3gicos.<\/p>\n<p>d) Compet\u00eancias t\u00e9cnicas de organiza\u00e7\u00e3o do servi\u00e7o da \u00e1rea de especializa\u00e7\u00e3o.<\/p>\n<p>e) Motiva\u00e7\u00e3o e expectativas profissionais.<\/p>\n<p>Os itens dos subcrit\u00e9rios ser\u00e3o pontuados de acordo com o seguinte:<\/p>\n<p>0 a 4 valores (Insuficiente) &#8211; Durante a entrevista o candidato n\u00e3o respondeu \u00e0s<\/p>\n<p>quest\u00f5es colocadas, os argumentos\/respostas n\u00e3o se enquadravam nos assuntos<\/p>\n<p>abordados.<\/p>\n<p>5 a 9 valores (Reduzido) &#8211; Durante a entrevista o candidato n\u00e3o revelou um n\u00edvel<\/p>\n<p>satisfat\u00f3rio em todos os itens avaliados.<\/p>\n<p>10 a 13 valores (Suficiente) &#8211; Durante a entrevista o candidato revelou todas<\/p>\n<p>compet\u00eancias com n\u00edvel razo\u00e1vel o que permite um progn\u00f3stico reservado<\/p>\n<p>relativamente a adapta\u00e7\u00e3o profissional.<\/p>\n<p>14 a 16 valores (Bom) &#8211; Durante a entrevista o candidato revelou 4 compet\u00eancias<\/p>\n<p>com bom n\u00edvel, projetando o prognostico positivo a adapta\u00e7\u00e3o \u00e0s exig\u00eancias<\/p>\n<p>inerentes ao desempenho de atividades pretendidas.<\/p>\n<p>17 a 20 valores (Elevado) &#8211; Durante a entrevista o candidato revelou em todas<\/p>\n<p>compet\u00eancias um alto n\u00edvel, o que permite um progn\u00f3stico francamente positivo<\/p>\n<p>relativamente \u00e0s exig\u00eancias inerentes ao desempenho de atividades pretendidas.<\/p>\n<p>C) N\u00famero de Anos de Experi\u00eancia profissional na \u00e1rea nos termos do no 11 al\u00ednea c)<\/p>\n<p>N.o de anos de experi\u00eancia profissional (AEP) na disciplina\/\u00e1rea disciplinar<\/p>\n<p>Pontua\u00e7\u00e3o<\/p>\n<p>Mais de 10 anos 20 pontos<\/p>\n<p>De 7 a 10 anos 18 pontos<\/p>\n<p>De 5 a 7 anos 15 pontos<\/p>\n<p>De 3 a 5 anos 12 pontos<\/p>\n<p>Menos de 3 anos 10 pontos<\/p>\n<p>Aprovado em Conselho Pedag\u00f3gico a 19\/06\/2104<\/p>\n","protected":false},"excerpt":{"rendered":"<p>Agrupamento de Escolas de Sta Iria de Az\u00f3ia &#8211; 1107838 CONTRATA\u00c7\u00c3O DE ESCOLA \u2013 CRIT\u00c9RIOS GERAIS (arto 38o a 41o,&hellip; <a class=\"continue\" href=\"https:\/\/aesia.pt\/portal\/contratacao-de-escola-criterios-gerais\/\">Ler mais<span> CONTRATA\u00c7\u00c3O DE ESCOLA \u2013 CRIT\u00c9RIOS GERAIS<\/span><\/a><\/p>\n","protected":false},"author":8,"featured_media":0,"parent":0,"menu_order":0,"comment_status":"open","ping_status":"open","template":"p_base.php","meta":{"_acf_changed":false,"footnotes":""},"class_list":["post-787","page","type-page","status-publish","hentry"],"acf":[],"yoast_head":"<!-- This site is optimized with the Yoast SEO plugin v27.4 - https:\/\/yoast.com\/product\/yoast-seo-wordpress\/ -->\n<title>CONTRATA\u00c7\u00c3O DE ESCOLA \u2013 CRIT\u00c9RIOS GERAIS &#8211; AESIA<\/title>\n<meta name=\"robots\" content=\"index, follow, max-snippet:-1, max-image-preview:large, max-video-preview:-1\" \/>\n<link rel=\"canonical\" href=\"https:\/\/aesia.pt\/portal\/contratacao-de-escola-criterios-gerais\/\" \/>\n<meta property=\"og:locale\" content=\"pt_PT\" \/>\n<meta property=\"og:type\" content=\"article\" \/>\n<meta property=\"og:title\" content=\"CONTRATA\u00c7\u00c3O DE ESCOLA \u2013 CRIT\u00c9RIOS GERAIS &#8211; AESIA\" \/>\n<meta property=\"og:description\" content=\"Agrupamento de Escolas de Sta Iria de Az\u00f3ia &#8211; 1107838 CONTRATA\u00c7\u00c3O DE ESCOLA \u2013 CRIT\u00c9RIOS GERAIS (arto 38o a 41o,&hellip; Ler mais CONTRATA\u00c7\u00c3O DE ESCOLA \u2013 CRIT\u00c9RIOS GERAIS\" \/>\n<meta property=\"og:url\" content=\"https:\/\/aesia.pt\/portal\/contratacao-de-escola-criterios-gerais\/\" \/>\n<meta property=\"og:site_name\" content=\"AESIA\" \/>\n<meta property=\"article:publisher\" content=\"https:\/\/www.facebook.com\/aesia.pt\/\" \/>\n<meta property=\"article:modified_time\" content=\"2014-10-13T16:09:05+00:00\" \/>\n<meta name=\"twitter:card\" content=\"summary_large_image\" \/>\n<meta name=\"twitter:label1\" content=\"Tempo estimado de leitura\" \/>\n\t<meta name=\"twitter:data1\" content=\"8 minutos\" \/>\n<script type=\"application\/ld+json\" class=\"yoast-schema-graph\">{\"@context\":\"https:\\\/\\\/schema.org\",\"@graph\":[{\"@type\":\"WebPage\",\"@id\":\"https:\\\/\\\/aesia.pt\\\/portal\\\/contratacao-de-escola-criterios-gerais\\\/\",\"url\":\"https:\\\/\\\/aesia.pt\\\/portal\\\/contratacao-de-escola-criterios-gerais\\\/\",\"name\":\"CONTRATA\u00c7\u00c3O DE ESCOLA \u2013 CRIT\u00c9RIOS GERAIS &#8211; AESIA\",\"isPartOf\":{\"@id\":\"https:\\\/\\\/aesia.pt\\\/portal\\\/#website\"},\"datePublished\":\"2014-10-13T16:08:45+00:00\",\"dateModified\":\"2014-10-13T16:09:05+00:00\",\"breadcrumb\":{\"@id\":\"https:\\\/\\\/aesia.pt\\\/portal\\\/contratacao-de-escola-criterios-gerais\\\/#breadcrumb\"},\"inLanguage\":\"pt-PT\",\"potentialAction\":[{\"@type\":\"ReadAction\",\"target\":[\"https:\\\/\\\/aesia.pt\\\/portal\\\/contratacao-de-escola-criterios-gerais\\\/\"]}]},{\"@type\":\"BreadcrumbList\",\"@id\":\"https:\\\/\\\/aesia.pt\\\/portal\\\/contratacao-de-escola-criterios-gerais\\\/#breadcrumb\",\"itemListElement\":[{\"@type\":\"ListItem\",\"position\":1,\"name\":\"Home\",\"item\":\"https:\\\/\\\/aesia.pt\\\/portal\\\/\"},{\"@type\":\"ListItem\",\"position\":2,\"name\":\"CONTRATA\u00c7\u00c3O DE ESCOLA \u2013 CRIT\u00c9RIOS GERAIS\"}]},{\"@type\":\"WebSite\",\"@id\":\"https:\\\/\\\/aesia.pt\\\/portal\\\/#website\",\"url\":\"https:\\\/\\\/aesia.pt\\\/portal\\\/\",\"name\":\"AESIA\",\"description\":\"Agrupamento de Escolas de Santa Iria de Az\u00f3ia\",\"publisher\":{\"@id\":\"https:\\\/\\\/aesia.pt\\\/portal\\\/#organization\"},\"alternateName\":\"Agrupamento de Escolas de Santa Iria de Az\u00f3ia\",\"potentialAction\":[{\"@type\":\"SearchAction\",\"target\":{\"@type\":\"EntryPoint\",\"urlTemplate\":\"https:\\\/\\\/aesia.pt\\\/portal\\\/?s={search_term_string}\"},\"query-input\":{\"@type\":\"PropertyValueSpecification\",\"valueRequired\":true,\"valueName\":\"search_term_string\"}}],\"inLanguage\":\"pt-PT\"},{\"@type\":\"Organization\",\"@id\":\"https:\\\/\\\/aesia.pt\\\/portal\\\/#organization\",\"name\":\"Agrupamento de Escolas de Santa Iria de Az\u00f3ia\",\"alternateName\":\"AESIA\",\"url\":\"https:\\\/\\\/aesia.pt\\\/portal\\\/\",\"logo\":{\"@type\":\"ImageObject\",\"inLanguage\":\"pt-PT\",\"@id\":\"https:\\\/\\\/aesia.pt\\\/portal\\\/#\\\/schema\\\/logo\\\/image\\\/\",\"url\":\"https:\\\/\\\/aesia.pt\\\/portal\\\/wp-content\\\/uploads\\\/2023\\\/04\\\/logo4.png\",\"contentUrl\":\"https:\\\/\\\/aesia.pt\\\/portal\\\/wp-content\\\/uploads\\\/2023\\\/04\\\/logo4.png\",\"width\":162,\"height\":162,\"caption\":\"Agrupamento de Escolas de Santa Iria de Az\u00f3ia\"},\"image\":{\"@id\":\"https:\\\/\\\/aesia.pt\\\/portal\\\/#\\\/schema\\\/logo\\\/image\\\/\"},\"sameAs\":[\"https:\\\/\\\/www.facebook.com\\\/aesia.pt\\\/\"]}]}<\/script>\n<!-- \/ Yoast SEO plugin. -->","yoast_head_json":{"title":"CONTRATA\u00c7\u00c3O DE ESCOLA \u2013 CRIT\u00c9RIOS GERAIS &#8211; AESIA","robots":{"index":"index","follow":"follow","max-snippet":"max-snippet:-1","max-image-preview":"max-image-preview:large","max-video-preview":"max-video-preview:-1"},"canonical":"https:\/\/aesia.pt\/portal\/contratacao-de-escola-criterios-gerais\/","og_locale":"pt_PT","og_type":"article","og_title":"CONTRATA\u00c7\u00c3O DE ESCOLA \u2013 CRIT\u00c9RIOS GERAIS &#8211; AESIA","og_description":"Agrupamento de Escolas de Sta Iria de Az\u00f3ia &#8211; 1107838 CONTRATA\u00c7\u00c3O DE ESCOLA \u2013 CRIT\u00c9RIOS GERAIS (arto 38o a 41o,&hellip; Ler mais CONTRATA\u00c7\u00c3O DE ESCOLA \u2013 CRIT\u00c9RIOS GERAIS","og_url":"https:\/\/aesia.pt\/portal\/contratacao-de-escola-criterios-gerais\/","og_site_name":"AESIA","article_publisher":"https:\/\/www.facebook.com\/aesia.pt\/","article_modified_time":"2014-10-13T16:09:05+00:00","twitter_card":"summary_large_image","twitter_misc":{"Tempo estimado de leitura":"8 minutos"},"schema":{"@context":"https:\/\/schema.org","@graph":[{"@type":"WebPage","@id":"https:\/\/aesia.pt\/portal\/contratacao-de-escola-criterios-gerais\/","url":"https:\/\/aesia.pt\/portal\/contratacao-de-escola-criterios-gerais\/","name":"CONTRATA\u00c7\u00c3O DE ESCOLA \u2013 CRIT\u00c9RIOS GERAIS &#8211; AESIA","isPartOf":{"@id":"https:\/\/aesia.pt\/portal\/#website"},"datePublished":"2014-10-13T16:08:45+00:00","dateModified":"2014-10-13T16:09:05+00:00","breadcrumb":{"@id":"https:\/\/aesia.pt\/portal\/contratacao-de-escola-criterios-gerais\/#breadcrumb"},"inLanguage":"pt-PT","potentialAction":[{"@type":"ReadAction","target":["https:\/\/aesia.pt\/portal\/contratacao-de-escola-criterios-gerais\/"]}]},{"@type":"BreadcrumbList","@id":"https:\/\/aesia.pt\/portal\/contratacao-de-escola-criterios-gerais\/#breadcrumb","itemListElement":[{"@type":"ListItem","position":1,"name":"Home","item":"https:\/\/aesia.pt\/portal\/"},{"@type":"ListItem","position":2,"name":"CONTRATA\u00c7\u00c3O DE ESCOLA \u2013 CRIT\u00c9RIOS GERAIS"}]},{"@type":"WebSite","@id":"https:\/\/aesia.pt\/portal\/#website","url":"https:\/\/aesia.pt\/portal\/","name":"AESIA","description":"Agrupamento de Escolas de Santa Iria de Az\u00f3ia","publisher":{"@id":"https:\/\/aesia.pt\/portal\/#organization"},"alternateName":"Agrupamento de Escolas de Santa Iria de Az\u00f3ia","potentialAction":[{"@type":"SearchAction","target":{"@type":"EntryPoint","urlTemplate":"https:\/\/aesia.pt\/portal\/?s={search_term_string}"},"query-input":{"@type":"PropertyValueSpecification","valueRequired":true,"valueName":"search_term_string"}}],"inLanguage":"pt-PT"},{"@type":"Organization","@id":"https:\/\/aesia.pt\/portal\/#organization","name":"Agrupamento de Escolas de Santa Iria de Az\u00f3ia","alternateName":"AESIA","url":"https:\/\/aesia.pt\/portal\/","logo":{"@type":"ImageObject","inLanguage":"pt-PT","@id":"https:\/\/aesia.pt\/portal\/#\/schema\/logo\/image\/","url":"https:\/\/aesia.pt\/portal\/wp-content\/uploads\/2023\/04\/logo4.png","contentUrl":"https:\/\/aesia.pt\/portal\/wp-content\/uploads\/2023\/04\/logo4.png","width":162,"height":162,"caption":"Agrupamento de Escolas de Santa Iria de Az\u00f3ia"},"image":{"@id":"https:\/\/aesia.pt\/portal\/#\/schema\/logo\/image\/"},"sameAs":["https:\/\/www.facebook.com\/aesia.pt\/"]}]}},"_links":{"self":[{"href":"https:\/\/aesia.pt\/portal\/wp-json\/wp\/v2\/pages\/787","targetHints":{"allow":["GET"]}}],"collection":[{"href":"https:\/\/aesia.pt\/portal\/wp-json\/wp\/v2\/pages"}],"about":[{"href":"https:\/\/aesia.pt\/portal\/wp-json\/wp\/v2\/types\/page"}],"author":[{"embeddable":true,"href":"https:\/\/aesia.pt\/portal\/wp-json\/wp\/v2\/users\/8"}],"replies":[{"embeddable":true,"href":"https:\/\/aesia.pt\/portal\/wp-json\/wp\/v2\/comments?post=787"}],"version-history":[{"count":1,"href":"https:\/\/aesia.pt\/portal\/wp-json\/wp\/v2\/pages\/787\/revisions"}],"predecessor-version":[{"id":788,"href":"https:\/\/aesia.pt\/portal\/wp-json\/wp\/v2\/pages\/787\/revisions\/788"}],"wp:attachment":[{"href":"https:\/\/aesia.pt\/portal\/wp-json\/wp\/v2\/media?parent=787"}],"curies":[{"name":"wp","href":"https:\/\/api.w.org\/{rel}","templated":true}]}}