{"id":785,"date":"2014-10-13T16:07:08","date_gmt":"2014-10-13T16:07:08","guid":{"rendered":"http:\/\/aesia.pt\/portal\/?page_id=785"},"modified":"2014-10-14T16:52:53","modified_gmt":"2014-10-14T16:52:53","slug":"contratacao-de-tecnico-especializadopsicologo","status":"publish","type":"page","link":"https:\/\/aesia.pt\/portal\/contratacao-de-tecnico-especializadopsicologo\/","title":{"rendered":"Contrata\u00e7\u00e3o de t\u00e9cnico especializado\/psic\u00f3logo"},"content":{"rendered":"<p style=\"text-align: center;\">AGRUPAMENTO DE ESCOLAS DE SANTA IRIA DE AZ\u00d3IA<\/p>\n<p style=\"text-align: center;\">Sede: Escola 2\/3 de Santa Iria de Az\u00f3ia<\/p>\n<p style=\"text-align: center;\">EDITAL<\/p>\n<p style=\"text-align: center;\">CONTRATA\u00c7\u00c3O DE T\u00c9CNICO ESPECIALIZADO\/PSIC\u00d3LOGO<\/p>\n<p style=\"text-align: center;\">ANO LETIVO 2014\/15<\/p>\n<p>Informa-se que decorre ao abrigo do Decreto Lei no 132\/2012, de 27 de junho na reda\u00e7\u00e3o dada pelo Decreto- Lei n.o 83 \u2013A\/2014, de 23 de maio, concurso por oferta de escola de um t\u00e9cnico especializado\/Psic\u00f3logo. Esta contrata\u00e7\u00e3o foi autorizada por despacho de 18-08-2014 do Senhor Secret\u00e1rio de Estado do Ensino e da Administra\u00e7\u00e3o Escolar para o exerc\u00edcio de fun\u00e7\u00f5es no Agrupamento de Escolas de S. iria da Az\u00f3ia.<\/p>\n<p>Mais se informa que os candidatos dever\u00e3o encontrar-se inscritos na ordem dos Psic\u00f3logos<\/p>\n<p>A. IDENTIFICA\u00c7\u00c3ODA MODALIDADE DE CONTRATO:<\/p>\n<ul>\n<li>Contrato a termo resolutivo.<\/li>\n<\/ul>\n<p>B. IDENTIFICA\u00c7\u00c3O DA DURA\u00c7\u00c3O DO CONTRATO<\/p>\n<ul>\n<li>Anual \u2013 at\u00e9 31 de agosto de 2015.<\/li>\n<\/ul>\n<p>C. IDENTIFICA\u00c7\u00c3O DO LOCAL DE TRABALHO<\/p>\n<ul>\n<li>Agrupamento de Escolas de S. Iria de Az\u00f3ia<\/li>\n<\/ul>\n<p>&nbsp;<\/p>\n<p>D. CARATERIZA\u00c7\u00c3O DAS FUN\u00c7\u00d5ES<\/p>\n<ol style=\"list-style-type: lower-alpha;\">\n<li>Contribuir, atrav\u00e9s da sua interven\u00e7\u00e3o especializada, para o desenvolvimento integral dos alunos e para a constru\u00e7\u00e3o da sua identidade pessoal;<\/li>\n<li>Conceber e participar na defini\u00e7\u00e3o de estrat\u00e9gias e na aplica\u00e7\u00e3o de procedimentos de orienta\u00e7\u00e3o educativa que promovam o acompanhamento do aluno ao longo do seu percurso escolar;<\/li>\n<li>Intervir, a n\u00edvel psicol\u00f3gico e psicopedag\u00f3gico, na observa\u00e7\u00e3o, orienta\u00e7\u00e3o e apoio dos alunos, promovendo a coopera\u00e7\u00e3o de professores, pais e encarregados de educa\u00e7\u00e3o em articula\u00e7\u00e3o com os recursos da comunidade;<\/li>\n<li>Participar nos processos de avalia\u00e7\u00e3o multidisciplinar e interdisciplinar, tendo em vista a elabora\u00e7\u00e3o de programas educativos individuais, e acompanhar a sua concretiza\u00e7\u00e3o;<\/li>\n<li>Desenvolver programas e a\u00e7\u00f5es de aconselhamento pessoal e vocacional a n\u00edvel individual ou grupal;<\/li>\n<li>Colaborar no levantamento de necessidades da comunidade educativa com o fim de propor a realiza\u00e7\u00e3o de a\u00e7\u00f5es de preven\u00e7\u00e3o e medidas educativas adequadas, designadamente a situa\u00e7\u00e3o espec\u00edfica de alunos tamb\u00e9m escolarizados no estrangeiro ou cujos pais residam e trabalhem fora do Pa\u00eds;<\/li>\n<li>Participar em experi\u00eancias pedag\u00f3gicas, bem como em projetos de investiga\u00e7\u00e3o e em a\u00e7\u00f5es de forma\u00e7\u00e3o do pessoal docente e n\u00e3o docente;<\/li>\n<\/ol>\n<p>E. REQUISITOS DE ADMISS\u00c3O E CRIT\u00c9RIOS DE SELE\u00c7\u00c3O<\/p>\n<p>S\u00e3o crit\u00e9rios objetivos de sele\u00e7\u00e3o de acordo com o estabelecido no n.o 11 e seguintes do Art. 39o do<\/p>\n<p>Decreto-Lei no 132\/2012 de 27\/6, os seguintes:<\/p>\n<ol style=\"list-style-type: lower-alpha;\">\n<li>Avalia\u00e7\u00e3o do Portf\u00f3lio, com uma pondera\u00e7\u00e3o de 30%<\/li>\n<li>Entrevista de avalia\u00e7\u00e3o de compet\u00eancias com uma pondera\u00e7\u00e3o de 35%<\/li>\n<li>Experi\u00eancia Profissional, com uma pondera\u00e7\u00e3o de 35%<\/li>\n<\/ol>\n<p>F. O Edital ser\u00e1 afixado em local pr\u00f3prio na sede do Agrupamento assim como na sua p\u00e1gina WEB<\/p>\n<ul>\n<li>http:\/\/aesiazoia.ccems.pt\/login\/index.php<\/li>\n<\/ul>\n<p style=\"text-align: center;\">O Diretor<\/p>\n<p style=\"text-align: center;\">Ant\u00f3nio Marcelino<\/p>\n<p style=\"text-align: center;\">________________________<\/p>\n<p style=\"text-align: center;\">16\/09\/2014<\/p>\n","protected":false},"excerpt":{"rendered":"<p>AGRUPAMENTO DE ESCOLAS DE SANTA IRIA DE AZ\u00d3IA Sede: Escola 2\/3 de Santa Iria de Az\u00f3ia EDITAL CONTRATA\u00c7\u00c3O DE T\u00c9CNICO&hellip; <a class=\"continue\" href=\"https:\/\/aesia.pt\/portal\/contratacao-de-tecnico-especializadopsicologo\/\">Ler mais<span> Contrata\u00e7\u00e3o de t\u00e9cnico especializado\/psic\u00f3logo<\/span><\/a><\/p>\n","protected":false},"author":8,"featured_media":0,"parent":0,"menu_order":0,"comment_status":"open","ping_status":"open","template":"p_base.php","meta":{"_acf_changed":false,"footnotes":""},"class_list":["post-785","page","type-page","status-publish","hentry"],"acf":[],"yoast_head":"<!-- This site is optimized with the Yoast SEO plugin v27.4 - https:\/\/yoast.com\/product\/yoast-seo-wordpress\/ -->\n<title>Contrata\u00e7\u00e3o de t\u00e9cnico especializado\/psic\u00f3logo &#8211; AESIA<\/title>\n<meta name=\"robots\" content=\"index, follow, max-snippet:-1, max-image-preview:large, max-video-preview:-1\" \/>\n<link rel=\"canonical\" href=\"https:\/\/aesia.pt\/portal\/contratacao-de-tecnico-especializadopsicologo\/\" \/>\n<meta property=\"og:locale\" content=\"pt_PT\" \/>\n<meta property=\"og:type\" content=\"article\" \/>\n<meta property=\"og:title\" content=\"Contrata\u00e7\u00e3o de t\u00e9cnico especializado\/psic\u00f3logo &#8211; AESIA\" \/>\n<meta property=\"og:description\" content=\"AGRUPAMENTO DE ESCOLAS DE SANTA IRIA DE AZ\u00d3IA Sede: Escola 2\/3 de Santa Iria de Az\u00f3ia EDITAL CONTRATA\u00c7\u00c3O DE T\u00c9CNICO&hellip; Ler mais Contrata\u00e7\u00e3o de t\u00e9cnico especializado\/psic\u00f3logo\" \/>\n<meta property=\"og:url\" content=\"https:\/\/aesia.pt\/portal\/contratacao-de-tecnico-especializadopsicologo\/\" \/>\n<meta property=\"og:site_name\" content=\"AESIA\" \/>\n<meta property=\"article:publisher\" content=\"https:\/\/www.facebook.com\/aesia.pt\/\" \/>\n<meta property=\"article:modified_time\" content=\"2014-10-14T16:52:53+00:00\" \/>\n<meta name=\"twitter:card\" content=\"summary_large_image\" \/>\n<meta name=\"twitter:label1\" content=\"Tempo estimado de leitura\" \/>\n\t<meta name=\"twitter:data1\" content=\"2 minutos\" \/>\n<script type=\"application\/ld+json\" class=\"yoast-schema-graph\">{\"@context\":\"https:\\\/\\\/schema.org\",\"@graph\":[{\"@type\":\"WebPage\",\"@id\":\"https:\\\/\\\/aesia.pt\\\/portal\\\/contratacao-de-tecnico-especializadopsicologo\\\/\",\"url\":\"https:\\\/\\\/aesia.pt\\\/portal\\\/contratacao-de-tecnico-especializadopsicologo\\\/\",\"name\":\"Contrata\u00e7\u00e3o de t\u00e9cnico especializado\\\/psic\u00f3logo &#8211; AESIA\",\"isPartOf\":{\"@id\":\"https:\\\/\\\/aesia.pt\\\/portal\\\/#website\"},\"datePublished\":\"2014-10-13T16:07:08+00:00\",\"dateModified\":\"2014-10-14T16:52:53+00:00\",\"breadcrumb\":{\"@id\":\"https:\\\/\\\/aesia.pt\\\/portal\\\/contratacao-de-tecnico-especializadopsicologo\\\/#breadcrumb\"},\"inLanguage\":\"pt-PT\",\"potentialAction\":[{\"@type\":\"ReadAction\",\"target\":[\"https:\\\/\\\/aesia.pt\\\/portal\\\/contratacao-de-tecnico-especializadopsicologo\\\/\"]}]},{\"@type\":\"BreadcrumbList\",\"@id\":\"https:\\\/\\\/aesia.pt\\\/portal\\\/contratacao-de-tecnico-especializadopsicologo\\\/#breadcrumb\",\"itemListElement\":[{\"@type\":\"ListItem\",\"position\":1,\"name\":\"Home\",\"item\":\"https:\\\/\\\/aesia.pt\\\/portal\\\/\"},{\"@type\":\"ListItem\",\"position\":2,\"name\":\"Contrata\u00e7\u00e3o de t\u00e9cnico especializado\\\/psic\u00f3logo\"}]},{\"@type\":\"WebSite\",\"@id\":\"https:\\\/\\\/aesia.pt\\\/portal\\\/#website\",\"url\":\"https:\\\/\\\/aesia.pt\\\/portal\\\/\",\"name\":\"AESIA\",\"description\":\"Agrupamento de Escolas de Santa Iria de Az\u00f3ia\",\"publisher\":{\"@id\":\"https:\\\/\\\/aesia.pt\\\/portal\\\/#organization\"},\"alternateName\":\"Agrupamento de Escolas de Santa Iria de Az\u00f3ia\",\"potentialAction\":[{\"@type\":\"SearchAction\",\"target\":{\"@type\":\"EntryPoint\",\"urlTemplate\":\"https:\\\/\\\/aesia.pt\\\/portal\\\/?s={search_term_string}\"},\"query-input\":{\"@type\":\"PropertyValueSpecification\",\"valueRequired\":true,\"valueName\":\"search_term_string\"}}],\"inLanguage\":\"pt-PT\"},{\"@type\":\"Organization\",\"@id\":\"https:\\\/\\\/aesia.pt\\\/portal\\\/#organization\",\"name\":\"Agrupamento de Escolas de Santa Iria de Az\u00f3ia\",\"alternateName\":\"AESIA\",\"url\":\"https:\\\/\\\/aesia.pt\\\/portal\\\/\",\"logo\":{\"@type\":\"ImageObject\",\"inLanguage\":\"pt-PT\",\"@id\":\"https:\\\/\\\/aesia.pt\\\/portal\\\/#\\\/schema\\\/logo\\\/image\\\/\",\"url\":\"https:\\\/\\\/aesia.pt\\\/portal\\\/wp-content\\\/uploads\\\/2023\\\/04\\\/logo4.png\",\"contentUrl\":\"https:\\\/\\\/aesia.pt\\\/portal\\\/wp-content\\\/uploads\\\/2023\\\/04\\\/logo4.png\",\"width\":162,\"height\":162,\"caption\":\"Agrupamento de Escolas de Santa Iria de Az\u00f3ia\"},\"image\":{\"@id\":\"https:\\\/\\\/aesia.pt\\\/portal\\\/#\\\/schema\\\/logo\\\/image\\\/\"},\"sameAs\":[\"https:\\\/\\\/www.facebook.com\\\/aesia.pt\\\/\"]}]}<\/script>\n<!-- \/ Yoast SEO plugin. -->","yoast_head_json":{"title":"Contrata\u00e7\u00e3o de t\u00e9cnico especializado\/psic\u00f3logo &#8211; AESIA","robots":{"index":"index","follow":"follow","max-snippet":"max-snippet:-1","max-image-preview":"max-image-preview:large","max-video-preview":"max-video-preview:-1"},"canonical":"https:\/\/aesia.pt\/portal\/contratacao-de-tecnico-especializadopsicologo\/","og_locale":"pt_PT","og_type":"article","og_title":"Contrata\u00e7\u00e3o de t\u00e9cnico especializado\/psic\u00f3logo &#8211; AESIA","og_description":"AGRUPAMENTO DE ESCOLAS DE SANTA IRIA DE AZ\u00d3IA Sede: Escola 2\/3 de Santa Iria de Az\u00f3ia EDITAL CONTRATA\u00c7\u00c3O DE T\u00c9CNICO&hellip; Ler mais Contrata\u00e7\u00e3o de t\u00e9cnico especializado\/psic\u00f3logo","og_url":"https:\/\/aesia.pt\/portal\/contratacao-de-tecnico-especializadopsicologo\/","og_site_name":"AESIA","article_publisher":"https:\/\/www.facebook.com\/aesia.pt\/","article_modified_time":"2014-10-14T16:52:53+00:00","twitter_card":"summary_large_image","twitter_misc":{"Tempo estimado de leitura":"2 minutos"},"schema":{"@context":"https:\/\/schema.org","@graph":[{"@type":"WebPage","@id":"https:\/\/aesia.pt\/portal\/contratacao-de-tecnico-especializadopsicologo\/","url":"https:\/\/aesia.pt\/portal\/contratacao-de-tecnico-especializadopsicologo\/","name":"Contrata\u00e7\u00e3o de t\u00e9cnico especializado\/psic\u00f3logo &#8211; AESIA","isPartOf":{"@id":"https:\/\/aesia.pt\/portal\/#website"},"datePublished":"2014-10-13T16:07:08+00:00","dateModified":"2014-10-14T16:52:53+00:00","breadcrumb":{"@id":"https:\/\/aesia.pt\/portal\/contratacao-de-tecnico-especializadopsicologo\/#breadcrumb"},"inLanguage":"pt-PT","potentialAction":[{"@type":"ReadAction","target":["https:\/\/aesia.pt\/portal\/contratacao-de-tecnico-especializadopsicologo\/"]}]},{"@type":"BreadcrumbList","@id":"https:\/\/aesia.pt\/portal\/contratacao-de-tecnico-especializadopsicologo\/#breadcrumb","itemListElement":[{"@type":"ListItem","position":1,"name":"Home","item":"https:\/\/aesia.pt\/portal\/"},{"@type":"ListItem","position":2,"name":"Contrata\u00e7\u00e3o de t\u00e9cnico especializado\/psic\u00f3logo"}]},{"@type":"WebSite","@id":"https:\/\/aesia.pt\/portal\/#website","url":"https:\/\/aesia.pt\/portal\/","name":"AESIA","description":"Agrupamento de Escolas de Santa Iria de Az\u00f3ia","publisher":{"@id":"https:\/\/aesia.pt\/portal\/#organization"},"alternateName":"Agrupamento de Escolas de Santa Iria de Az\u00f3ia","potentialAction":[{"@type":"SearchAction","target":{"@type":"EntryPoint","urlTemplate":"https:\/\/aesia.pt\/portal\/?s={search_term_string}"},"query-input":{"@type":"PropertyValueSpecification","valueRequired":true,"valueName":"search_term_string"}}],"inLanguage":"pt-PT"},{"@type":"Organization","@id":"https:\/\/aesia.pt\/portal\/#organization","name":"Agrupamento de Escolas de Santa Iria de Az\u00f3ia","alternateName":"AESIA","url":"https:\/\/aesia.pt\/portal\/","logo":{"@type":"ImageObject","inLanguage":"pt-PT","@id":"https:\/\/aesia.pt\/portal\/#\/schema\/logo\/image\/","url":"https:\/\/aesia.pt\/portal\/wp-content\/uploads\/2023\/04\/logo4.png","contentUrl":"https:\/\/aesia.pt\/portal\/wp-content\/uploads\/2023\/04\/logo4.png","width":162,"height":162,"caption":"Agrupamento de Escolas de Santa Iria de Az\u00f3ia"},"image":{"@id":"https:\/\/aesia.pt\/portal\/#\/schema\/logo\/image\/"},"sameAs":["https:\/\/www.facebook.com\/aesia.pt\/"]}]}},"_links":{"self":[{"href":"https:\/\/aesia.pt\/portal\/wp-json\/wp\/v2\/pages\/785","targetHints":{"allow":["GET"]}}],"collection":[{"href":"https:\/\/aesia.pt\/portal\/wp-json\/wp\/v2\/pages"}],"about":[{"href":"https:\/\/aesia.pt\/portal\/wp-json\/wp\/v2\/types\/page"}],"author":[{"embeddable":true,"href":"https:\/\/aesia.pt\/portal\/wp-json\/wp\/v2\/users\/8"}],"replies":[{"embeddable":true,"href":"https:\/\/aesia.pt\/portal\/wp-json\/wp\/v2\/comments?post=785"}],"version-history":[{"count":3,"href":"https:\/\/aesia.pt\/portal\/wp-json\/wp\/v2\/pages\/785\/revisions"}],"predecessor-version":[{"id":873,"href":"https:\/\/aesia.pt\/portal\/wp-json\/wp\/v2\/pages\/785\/revisions\/873"}],"wp:attachment":[{"href":"https:\/\/aesia.pt\/portal\/wp-json\/wp\/v2\/media?parent=785"}],"curies":[{"name":"wp","href":"https:\/\/api.w.org\/{rel}","templated":true}]}}