{"id":782,"date":"2014-10-13T16:05:59","date_gmt":"2014-10-13T16:05:59","guid":{"rendered":"http:\/\/aesia.pt\/portal\/?page_id=782"},"modified":"2014-10-24T13:27:48","modified_gmt":"2014-10-24T13:27:48","slug":"contratacao-de-tecnico-especializadocozinha","status":"publish","type":"page","link":"https:\/\/aesia.pt\/portal\/contratacao-de-tecnico-especializadocozinha\/","title":{"rendered":"Contrata\u00e7\u00e3o de T\u00e9cnico Especializado\/Cozinha"},"content":{"rendered":"<p style=\"text-align: center;\">AGRUPAMENTO DE ESCOLAS DE SANTA IRIA DE AZ\u00d3IA<\/p>\n<p style=\"text-align: center;\">Sede: Escola 2\/3 de Santa Iria de Az\u00f3ia<\/p>\n<p style=\"text-align: center;\">EDITAL<\/p>\n<p style=\"text-align: center;\">CONTRATA\u00c7\u00c3O DE T\u00c9CNICO ESPECIALIZADO\/COZINHA<\/p>\n<p style=\"text-align: center;\">ANO LETIVO 2014\/15<\/p>\n<p style=\"text-align: left;\">Informa-se que decorre ao abrigo do Decreto Lei no 132\/2012, de 27 de junho na reda\u00e7\u00e3o dada pelo Decreto- Lei n.o 83 \u2013A\/2014, de 23 de maio, concurso por oferta de escola de um t\u00e9cnico especializado\/Cozinha. Esta contrata\u00e7\u00e3o foi autorizada por despacho do Senhor Secret\u00e1rio de Estado do Ensino e da Administra\u00e7\u00e3o Escolar para o exerc\u00edcio de fun\u00e7\u00f5es no Agrupamento de Escolas de S. iria da Az\u00f3ia no \u00e2mbito dos cursos Vocacionais.<\/p>\n<p>Mais se informa que os Candidatos dever\u00e3o ser titulares de Certifica\u00e7\u00e3o Pedag\u00f3gica (CAP) obtido atrav\u00e9s da forma\u00e7\u00e3o de formadores.<\/p>\n<p>A. IDENTIFICA\u00c7\u00c3O DA MODALIDADE DE CONTRATO:<\/p>\n<ul>\n<li>Contrato a termo resolutivo.<\/li>\n<\/ul>\n<p>B. IDENTIFICA\u00c7\u00c3O DA DURA\u00c7\u00c3O DO CONTRATO<\/p>\n<ul>\n<li>Semestral \u2013 Inicio em Setembro de 2014 e t\u00e9rminus em Fevereiro de 2015<\/li>\n<\/ul>\n<p>C. IDENTIFICA\u00c7\u00c3O DO LOCAL DE TRABALHO<\/p>\n<ul>\n<li>Agrupamento de Escolas de S. Iria de Az\u00f3ia<\/li>\n<\/ul>\n<p>D. CARATERIZA\u00c7\u00c3O DAS FUN\u00c7\u00d5ES<\/p>\n<ul>\n<li>Ministrar a componente T\u00e9cnica Vocacional na \u00e1rea T\u00e9cnica para a qual concorre;<\/li>\n<li>Integrar a Equipa Pedag\u00f3gica e Formativa Vocacional e participar ativamente nas atividades desenvolvidas nomeadamente no dom\u00ednio do planeamento e avalia\u00e7\u00e3o.<\/li>\n<li>Desenvolver as atividades de acordo com as orienta\u00e7\u00f5es transmitidas pelos \u00d3rg\u00e3os Pedag\u00f3gico e de Gest\u00e3o do Agrupamento;<\/li>\n<li>Acompanhar as pr\u00e1ticas simuladas previstas no plano de estudos a ter lugar em Empresas ou Institui\u00e7\u00f5es que desenvolvam as atividades vocacionais a serem ministradas.<\/li>\n<\/ul>\n<p>E. REQUISITOS DE ADMISS\u00c3O E CRIT\u00c9RIOS DE SELE\u00c7\u00c3O<\/p>\n<p>S\u00e3o crit\u00e9rios objetivos de sele\u00e7\u00e3o de acordo com o estabelecido no n.o 11 e seguintes do Art. 39o do Decreto-Lei no 132\/2012 de 27\/6, os seguintes:<\/p>\n<ol style=\"list-style-type: lower-alpha;\">\n<li>Avalia\u00e7\u00e3o do Portf\u00f3lio, com uma pondera\u00e7\u00e3o de 30%<\/li>\n<li>Entrevista de avalia\u00e7\u00e3o de compet\u00eancias com uma pondera\u00e7\u00e3o de 35%<\/li>\n<li>Experi\u00eancia Profissional, com uma pondera\u00e7\u00e3o de 35%<\/li>\n<\/ol>\n<p>F. O Edital ser\u00e1 afixado em local pr\u00f3prio na sede do Agrupamento assim como na sua p\u00e1gina WEB<\/p>\n<ul>\n<li>&#8211; http:\/\/aesiazoia.ccems.pt\/login\/index.php<\/li>\n<\/ul>\n<p>G. A documenta\u00e7\u00e3o solicitada dever\u00e1 ser enviada por email para geral@aesia.pt ou entregue nos servi\u00e7os administrativos do Agrupamento.<\/p>\n<p style=\"text-align: center;\">O Diretor<\/p>\n<p style=\"text-align: center;\">Ant\u00f3nio Marcelino<\/p>\n<p style=\"text-align: center;\">________________________<\/p>\n<p style=\"text-align: center;\">18\/09\/2014<\/p>\n","protected":false},"excerpt":{"rendered":"<p>AGRUPAMENTO DE ESCOLAS DE SANTA IRIA DE AZ\u00d3IA Sede: Escola 2\/3 de Santa Iria de Az\u00f3ia EDITAL CONTRATA\u00c7\u00c3O DE T\u00c9CNICO&hellip; <a class=\"continue\" href=\"https:\/\/aesia.pt\/portal\/contratacao-de-tecnico-especializadocozinha\/\">Ler mais<span> Contrata\u00e7\u00e3o de T\u00e9cnico Especializado\/Cozinha<\/span><\/a><\/p>\n","protected":false},"author":8,"featured_media":0,"parent":0,"menu_order":0,"comment_status":"open","ping_status":"open","template":"p_base.php","meta":{"_acf_changed":false,"footnotes":""},"class_list":["post-782","page","type-page","status-publish","hentry"],"acf":[],"yoast_head":"<!-- This site is optimized with the Yoast SEO plugin v27.3 - https:\/\/yoast.com\/product\/yoast-seo-wordpress\/ -->\n<title>Contrata\u00e7\u00e3o de T\u00e9cnico Especializado\/Cozinha &#8211; AESIA<\/title>\n<meta name=\"robots\" content=\"index, follow, max-snippet:-1, max-image-preview:large, max-video-preview:-1\" \/>\n<link rel=\"canonical\" href=\"https:\/\/aesia.pt\/portal\/contratacao-de-tecnico-especializadocozinha\/\" \/>\n<meta property=\"og:locale\" content=\"pt_PT\" \/>\n<meta property=\"og:type\" content=\"article\" \/>\n<meta property=\"og:title\" content=\"Contrata\u00e7\u00e3o de T\u00e9cnico Especializado\/Cozinha &#8211; AESIA\" \/>\n<meta property=\"og:description\" content=\"AGRUPAMENTO DE ESCOLAS DE SANTA IRIA DE AZ\u00d3IA Sede: Escola 2\/3 de Santa Iria de Az\u00f3ia EDITAL CONTRATA\u00c7\u00c3O DE T\u00c9CNICO&hellip; Ler mais Contrata\u00e7\u00e3o de T\u00e9cnico Especializado\/Cozinha\" \/>\n<meta property=\"og:url\" content=\"https:\/\/aesia.pt\/portal\/contratacao-de-tecnico-especializadocozinha\/\" \/>\n<meta property=\"og:site_name\" content=\"AESIA\" \/>\n<meta property=\"article:publisher\" content=\"https:\/\/www.facebook.com\/aesia.pt\/\" \/>\n<meta property=\"article:modified_time\" content=\"2014-10-24T13:27:48+00:00\" \/>\n<meta name=\"twitter:card\" content=\"summary_large_image\" \/>\n<meta name=\"twitter:label1\" content=\"Tempo estimado de leitura\" \/>\n\t<meta name=\"twitter:data1\" content=\"2 minutos\" \/>\n<script type=\"application\/ld+json\" class=\"yoast-schema-graph\">{\"@context\":\"https:\\\/\\\/schema.org\",\"@graph\":[{\"@type\":\"WebPage\",\"@id\":\"https:\\\/\\\/aesia.pt\\\/portal\\\/contratacao-de-tecnico-especializadocozinha\\\/\",\"url\":\"https:\\\/\\\/aesia.pt\\\/portal\\\/contratacao-de-tecnico-especializadocozinha\\\/\",\"name\":\"Contrata\u00e7\u00e3o de T\u00e9cnico Especializado\\\/Cozinha &#8211; AESIA\",\"isPartOf\":{\"@id\":\"https:\\\/\\\/aesia.pt\\\/portal\\\/#website\"},\"datePublished\":\"2014-10-13T16:05:59+00:00\",\"dateModified\":\"2014-10-24T13:27:48+00:00\",\"breadcrumb\":{\"@id\":\"https:\\\/\\\/aesia.pt\\\/portal\\\/contratacao-de-tecnico-especializadocozinha\\\/#breadcrumb\"},\"inLanguage\":\"pt-PT\",\"potentialAction\":[{\"@type\":\"ReadAction\",\"target\":[\"https:\\\/\\\/aesia.pt\\\/portal\\\/contratacao-de-tecnico-especializadocozinha\\\/\"]}]},{\"@type\":\"BreadcrumbList\",\"@id\":\"https:\\\/\\\/aesia.pt\\\/portal\\\/contratacao-de-tecnico-especializadocozinha\\\/#breadcrumb\",\"itemListElement\":[{\"@type\":\"ListItem\",\"position\":1,\"name\":\"Home\",\"item\":\"https:\\\/\\\/aesia.pt\\\/portal\\\/\"},{\"@type\":\"ListItem\",\"position\":2,\"name\":\"Contrata\u00e7\u00e3o de T\u00e9cnico Especializado\\\/Cozinha\"}]},{\"@type\":\"WebSite\",\"@id\":\"https:\\\/\\\/aesia.pt\\\/portal\\\/#website\",\"url\":\"https:\\\/\\\/aesia.pt\\\/portal\\\/\",\"name\":\"AESIA\",\"description\":\"Agrupamento de Escolas de Santa Iria de Az\u00f3ia\",\"publisher\":{\"@id\":\"https:\\\/\\\/aesia.pt\\\/portal\\\/#organization\"},\"alternateName\":\"Agrupamento de Escolas de Santa Iria de Az\u00f3ia\",\"potentialAction\":[{\"@type\":\"SearchAction\",\"target\":{\"@type\":\"EntryPoint\",\"urlTemplate\":\"https:\\\/\\\/aesia.pt\\\/portal\\\/?s={search_term_string}\"},\"query-input\":{\"@type\":\"PropertyValueSpecification\",\"valueRequired\":true,\"valueName\":\"search_term_string\"}}],\"inLanguage\":\"pt-PT\"},{\"@type\":\"Organization\",\"@id\":\"https:\\\/\\\/aesia.pt\\\/portal\\\/#organization\",\"name\":\"Agrupamento de Escolas de Santa Iria de Az\u00f3ia\",\"alternateName\":\"AESIA\",\"url\":\"https:\\\/\\\/aesia.pt\\\/portal\\\/\",\"logo\":{\"@type\":\"ImageObject\",\"inLanguage\":\"pt-PT\",\"@id\":\"https:\\\/\\\/aesia.pt\\\/portal\\\/#\\\/schema\\\/logo\\\/image\\\/\",\"url\":\"https:\\\/\\\/aesia.pt\\\/portal\\\/wp-content\\\/uploads\\\/2023\\\/04\\\/logo4.png\",\"contentUrl\":\"https:\\\/\\\/aesia.pt\\\/portal\\\/wp-content\\\/uploads\\\/2023\\\/04\\\/logo4.png\",\"width\":162,\"height\":162,\"caption\":\"Agrupamento de Escolas de Santa Iria de Az\u00f3ia\"},\"image\":{\"@id\":\"https:\\\/\\\/aesia.pt\\\/portal\\\/#\\\/schema\\\/logo\\\/image\\\/\"},\"sameAs\":[\"https:\\\/\\\/www.facebook.com\\\/aesia.pt\\\/\"]}]}<\/script>\n<!-- \/ Yoast SEO plugin. -->","yoast_head_json":{"title":"Contrata\u00e7\u00e3o de T\u00e9cnico Especializado\/Cozinha &#8211; AESIA","robots":{"index":"index","follow":"follow","max-snippet":"max-snippet:-1","max-image-preview":"max-image-preview:large","max-video-preview":"max-video-preview:-1"},"canonical":"https:\/\/aesia.pt\/portal\/contratacao-de-tecnico-especializadocozinha\/","og_locale":"pt_PT","og_type":"article","og_title":"Contrata\u00e7\u00e3o de T\u00e9cnico Especializado\/Cozinha &#8211; AESIA","og_description":"AGRUPAMENTO DE ESCOLAS DE SANTA IRIA DE AZ\u00d3IA Sede: Escola 2\/3 de Santa Iria de Az\u00f3ia EDITAL CONTRATA\u00c7\u00c3O DE T\u00c9CNICO&hellip; Ler mais Contrata\u00e7\u00e3o de T\u00e9cnico Especializado\/Cozinha","og_url":"https:\/\/aesia.pt\/portal\/contratacao-de-tecnico-especializadocozinha\/","og_site_name":"AESIA","article_publisher":"https:\/\/www.facebook.com\/aesia.pt\/","article_modified_time":"2014-10-24T13:27:48+00:00","twitter_card":"summary_large_image","twitter_misc":{"Tempo estimado de leitura":"2 minutos"},"schema":{"@context":"https:\/\/schema.org","@graph":[{"@type":"WebPage","@id":"https:\/\/aesia.pt\/portal\/contratacao-de-tecnico-especializadocozinha\/","url":"https:\/\/aesia.pt\/portal\/contratacao-de-tecnico-especializadocozinha\/","name":"Contrata\u00e7\u00e3o de T\u00e9cnico Especializado\/Cozinha &#8211; AESIA","isPartOf":{"@id":"https:\/\/aesia.pt\/portal\/#website"},"datePublished":"2014-10-13T16:05:59+00:00","dateModified":"2014-10-24T13:27:48+00:00","breadcrumb":{"@id":"https:\/\/aesia.pt\/portal\/contratacao-de-tecnico-especializadocozinha\/#breadcrumb"},"inLanguage":"pt-PT","potentialAction":[{"@type":"ReadAction","target":["https:\/\/aesia.pt\/portal\/contratacao-de-tecnico-especializadocozinha\/"]}]},{"@type":"BreadcrumbList","@id":"https:\/\/aesia.pt\/portal\/contratacao-de-tecnico-especializadocozinha\/#breadcrumb","itemListElement":[{"@type":"ListItem","position":1,"name":"Home","item":"https:\/\/aesia.pt\/portal\/"},{"@type":"ListItem","position":2,"name":"Contrata\u00e7\u00e3o de T\u00e9cnico Especializado\/Cozinha"}]},{"@type":"WebSite","@id":"https:\/\/aesia.pt\/portal\/#website","url":"https:\/\/aesia.pt\/portal\/","name":"AESIA","description":"Agrupamento de Escolas de Santa Iria de Az\u00f3ia","publisher":{"@id":"https:\/\/aesia.pt\/portal\/#organization"},"alternateName":"Agrupamento de Escolas de Santa Iria de Az\u00f3ia","potentialAction":[{"@type":"SearchAction","target":{"@type":"EntryPoint","urlTemplate":"https:\/\/aesia.pt\/portal\/?s={search_term_string}"},"query-input":{"@type":"PropertyValueSpecification","valueRequired":true,"valueName":"search_term_string"}}],"inLanguage":"pt-PT"},{"@type":"Organization","@id":"https:\/\/aesia.pt\/portal\/#organization","name":"Agrupamento de Escolas de Santa Iria de Az\u00f3ia","alternateName":"AESIA","url":"https:\/\/aesia.pt\/portal\/","logo":{"@type":"ImageObject","inLanguage":"pt-PT","@id":"https:\/\/aesia.pt\/portal\/#\/schema\/logo\/image\/","url":"https:\/\/aesia.pt\/portal\/wp-content\/uploads\/2023\/04\/logo4.png","contentUrl":"https:\/\/aesia.pt\/portal\/wp-content\/uploads\/2023\/04\/logo4.png","width":162,"height":162,"caption":"Agrupamento de Escolas de Santa Iria de Az\u00f3ia"},"image":{"@id":"https:\/\/aesia.pt\/portal\/#\/schema\/logo\/image\/"},"sameAs":["https:\/\/www.facebook.com\/aesia.pt\/"]}]}},"_links":{"self":[{"href":"https:\/\/aesia.pt\/portal\/wp-json\/wp\/v2\/pages\/782","targetHints":{"allow":["GET"]}}],"collection":[{"href":"https:\/\/aesia.pt\/portal\/wp-json\/wp\/v2\/pages"}],"about":[{"href":"https:\/\/aesia.pt\/portal\/wp-json\/wp\/v2\/types\/page"}],"author":[{"embeddable":true,"href":"https:\/\/aesia.pt\/portal\/wp-json\/wp\/v2\/users\/8"}],"replies":[{"embeddable":true,"href":"https:\/\/aesia.pt\/portal\/wp-json\/wp\/v2\/comments?post=782"}],"version-history":[{"count":4,"href":"https:\/\/aesia.pt\/portal\/wp-json\/wp\/v2\/pages\/782\/revisions"}],"predecessor-version":[{"id":975,"href":"https:\/\/aesia.pt\/portal\/wp-json\/wp\/v2\/pages\/782\/revisions\/975"}],"wp:attachment":[{"href":"https:\/\/aesia.pt\/portal\/wp-json\/wp\/v2\/media?parent=782"}],"curies":[{"name":"wp","href":"https:\/\/api.w.org\/{rel}","templated":true}]}}