{"id":777,"date":"2014-10-13T14:36:27","date_gmt":"2014-10-13T14:36:27","guid":{"rendered":"http:\/\/aesia.pt\/portal\/?page_id=777"},"modified":"2014-10-13T14:59:17","modified_gmt":"2014-10-13T14:59:17","slug":"novo-ano-lectivo","status":"publish","type":"page","link":"https:\/\/aesia.pt\/portal\/novo-ano-lectivo\/","title":{"rendered":"Novo ano lectivo"},"content":{"rendered":"<p>Novo ano letivo, novos desafios. Sejam bem vindos<\/p>\n<p>A Escola de hoje est\u00e1 sujeita a grandes e r\u00e1pidas transforma\u00e7\u00f5es, assim como a novos e inesperados<\/p>\n<p>desafios. Sempre o soubemos, e vemo-las todos os dias, em que a constru\u00e7\u00e3o do conhecimento \u00e9<\/p>\n<p>mais r\u00e1pida do que a nossa capacidade de absorv\u00ea-la. Vivemos um tempo de mudan\u00e7a acelerada, de<\/p>\n<p>incerteza.<\/p>\n<p>Agora que um novo ano letivo se inicia os desafios s\u00e3o imensos.<\/p>\n<p>Aos alunos que entram pela primeira vez na nova escola ou no jardim de inf\u00e2ncia abre-se um novo<\/p>\n<p>mundo, repleto de novos desafios. \u00c9 tamb\u00e9m para eles um pequeno mundo cheio de mudan\u00e7a. S\u00e3o os<\/p>\n<p>novos espa\u00e7os, os novos funcion\u00e1rios e professores, as novas regras.<\/p>\n<p>Este ano inici\u00e1mos o ano com um momento diferente para receber os alunos que ingressam no<\/p>\n<p>primeiro ou no quinto ano. Na escola sede, os novos alunos foram recebidos pelos mais velhos, os<\/p>\n<p>alunos dos curso vocacional do 3o ciclo. Conhecedores dos espa\u00e7os e das novas funcionalidades<\/p>\n<p>estiveram \u00e0 altura do desafio. Parab\u00e9ns por isso.<\/p>\n<p>Os mais novos, alunos do 1o ano de escolaridade, tiveram uma aten\u00e7\u00e3o especial de cada um dos<\/p>\n<p>professores. As salas de aula s\u00e3o diferentes, surgem novos materiais, livros&#8230;<\/p>\n<p>Na educa\u00e7\u00e3o pr\u00e9-escolar as crian\u00e7as conheceram os novos espa\u00e7os, novos colegas, os novos<\/p>\n<p>professores. Tudo \u00e9 novo e muda todos os dias.<\/p>\n<p>Na escola n\u00e3o h\u00e1 dias iguais.<\/p>\n<p>Os que conclu\u00edram a escolaridade b\u00e1sica no ano letivo passado tiveram tamb\u00e9m um momento para<\/p>\n<p>recordarem, recebendo das m\u00e3os das diretoras de turma os Diplomas de conclus\u00e3o do Ensino B\u00e1sico.<\/p>\n<p>A comunidade marcou presen\u00e7a.<\/p>\n<p>N\u00e3o esquecemos aqueles que, no ano 2013\/2014, muito trabalharam para ter bons resultados<\/p>\n<p>escolares. A estes entreg\u00e1mos um certificado de m\u00e9rito e t\u00eam a sua fotografia no Quadro de Valor e<\/p>\n<p>Excel\u00eancia. Parab\u00e9ns.<\/p>\n<p>Muito trabalho foi feito mas muito ainda da falta fazer.<\/p>\n<p>O AESIA possui um corpo de profissionais empenhados quer sejam professores, auxiliares t\u00e9cnicos<\/p>\n<p>ou operacionais. O AESIA tem uma comunidade educativa que acredita nas suas potencialidades e<\/p>\n<p>nos seus profissionais. Tendo como primeiro e \u00faltimo dos objetivos a melhoraria do aproveitamento<\/p>\n<p>escolar e o promover uma cultura de rigor e de exig\u00eancia junto dos nossos educandos, contamos com<\/p>\n<p>todos, professores empenhados, assistentes t\u00e9cnicos e operacionais envolvidos no esp\u00edrito do servi\u00e7o<\/p>\n<p>p\u00fablico, pais cr\u00edticos mas colaborativos. Contamos com todos na procura da melhoria da qualidade<\/p>\n<p>educativa e da excel\u00eancia. Um caminho que nos responsabiliza a todos, exigente mas gratificante,&#8230;<\/p>\n<p>estamos a construir os homens do amanh\u00e3.<\/p>\n<p>Bom ano.<\/p>\n<p>O Diretor<\/p>\n<p>Ant\u00f3nio Marcelino<\/p>\n","protected":false},"excerpt":{"rendered":"<p>Novo ano letivo, novos desafios. Sejam bem vindos A Escola de hoje est\u00e1 sujeita a grandes e r\u00e1pidas transforma\u00e7\u00f5es, assim&hellip; <a class=\"continue\" href=\"https:\/\/aesia.pt\/portal\/novo-ano-lectivo\/\">Ler mais<span> Novo ano lectivo<\/span><\/a><\/p>\n","protected":false},"author":8,"featured_media":0,"parent":0,"menu_order":0,"comment_status":"open","ping_status":"open","template":"p_base.php","meta":{"_acf_changed":false,"footnotes":""},"class_list":["post-777","page","type-page","status-publish","hentry"],"acf":[],"yoast_head":"<!-- This site is optimized with the Yoast SEO plugin v27.4 - https:\/\/yoast.com\/product\/yoast-seo-wordpress\/ -->\n<title>Novo ano lectivo &#8211; AESIA<\/title>\n<meta name=\"robots\" content=\"index, follow, max-snippet:-1, max-image-preview:large, max-video-preview:-1\" \/>\n<link rel=\"canonical\" href=\"https:\/\/aesia.pt\/portal\/novo-ano-lectivo\/\" \/>\n<meta property=\"og:locale\" content=\"pt_PT\" \/>\n<meta property=\"og:type\" content=\"article\" \/>\n<meta property=\"og:title\" content=\"Novo ano lectivo &#8211; AESIA\" \/>\n<meta property=\"og:description\" content=\"Novo ano letivo, novos desafios. Sejam bem vindos A Escola de hoje est\u00e1 sujeita a grandes e r\u00e1pidas transforma\u00e7\u00f5es, assim&hellip; Ler mais Novo ano lectivo\" \/>\n<meta property=\"og:url\" content=\"https:\/\/aesia.pt\/portal\/novo-ano-lectivo\/\" \/>\n<meta property=\"og:site_name\" content=\"AESIA\" \/>\n<meta property=\"article:publisher\" content=\"https:\/\/www.facebook.com\/aesia.pt\/\" \/>\n<meta property=\"article:modified_time\" content=\"2014-10-13T14:59:17+00:00\" \/>\n<meta name=\"twitter:card\" content=\"summary_large_image\" \/>\n<meta name=\"twitter:label1\" content=\"Tempo estimado de leitura\" \/>\n\t<meta name=\"twitter:data1\" content=\"2 minutos\" \/>\n<script type=\"application\/ld+json\" class=\"yoast-schema-graph\">{\"@context\":\"https:\\\/\\\/schema.org\",\"@graph\":[{\"@type\":\"WebPage\",\"@id\":\"https:\\\/\\\/aesia.pt\\\/portal\\\/novo-ano-lectivo\\\/\",\"url\":\"https:\\\/\\\/aesia.pt\\\/portal\\\/novo-ano-lectivo\\\/\",\"name\":\"Novo ano lectivo &#8211; AESIA\",\"isPartOf\":{\"@id\":\"https:\\\/\\\/aesia.pt\\\/portal\\\/#website\"},\"datePublished\":\"2014-10-13T14:36:27+00:00\",\"dateModified\":\"2014-10-13T14:59:17+00:00\",\"breadcrumb\":{\"@id\":\"https:\\\/\\\/aesia.pt\\\/portal\\\/novo-ano-lectivo\\\/#breadcrumb\"},\"inLanguage\":\"pt-PT\",\"potentialAction\":[{\"@type\":\"ReadAction\",\"target\":[\"https:\\\/\\\/aesia.pt\\\/portal\\\/novo-ano-lectivo\\\/\"]}]},{\"@type\":\"BreadcrumbList\",\"@id\":\"https:\\\/\\\/aesia.pt\\\/portal\\\/novo-ano-lectivo\\\/#breadcrumb\",\"itemListElement\":[{\"@type\":\"ListItem\",\"position\":1,\"name\":\"Home\",\"item\":\"https:\\\/\\\/aesia.pt\\\/portal\\\/\"},{\"@type\":\"ListItem\",\"position\":2,\"name\":\"Novo ano lectivo\"}]},{\"@type\":\"WebSite\",\"@id\":\"https:\\\/\\\/aesia.pt\\\/portal\\\/#website\",\"url\":\"https:\\\/\\\/aesia.pt\\\/portal\\\/\",\"name\":\"AESIA\",\"description\":\"Agrupamento de Escolas de Santa Iria de Az\u00f3ia\",\"publisher\":{\"@id\":\"https:\\\/\\\/aesia.pt\\\/portal\\\/#organization\"},\"alternateName\":\"Agrupamento de Escolas de Santa Iria de Az\u00f3ia\",\"potentialAction\":[{\"@type\":\"SearchAction\",\"target\":{\"@type\":\"EntryPoint\",\"urlTemplate\":\"https:\\\/\\\/aesia.pt\\\/portal\\\/?s={search_term_string}\"},\"query-input\":{\"@type\":\"PropertyValueSpecification\",\"valueRequired\":true,\"valueName\":\"search_term_string\"}}],\"inLanguage\":\"pt-PT\"},{\"@type\":\"Organization\",\"@id\":\"https:\\\/\\\/aesia.pt\\\/portal\\\/#organization\",\"name\":\"Agrupamento de Escolas de Santa Iria de Az\u00f3ia\",\"alternateName\":\"AESIA\",\"url\":\"https:\\\/\\\/aesia.pt\\\/portal\\\/\",\"logo\":{\"@type\":\"ImageObject\",\"inLanguage\":\"pt-PT\",\"@id\":\"https:\\\/\\\/aesia.pt\\\/portal\\\/#\\\/schema\\\/logo\\\/image\\\/\",\"url\":\"https:\\\/\\\/aesia.pt\\\/portal\\\/wp-content\\\/uploads\\\/2023\\\/04\\\/logo4.png\",\"contentUrl\":\"https:\\\/\\\/aesia.pt\\\/portal\\\/wp-content\\\/uploads\\\/2023\\\/04\\\/logo4.png\",\"width\":162,\"height\":162,\"caption\":\"Agrupamento de Escolas de Santa Iria de Az\u00f3ia\"},\"image\":{\"@id\":\"https:\\\/\\\/aesia.pt\\\/portal\\\/#\\\/schema\\\/logo\\\/image\\\/\"},\"sameAs\":[\"https:\\\/\\\/www.facebook.com\\\/aesia.pt\\\/\"]}]}<\/script>\n<!-- \/ Yoast SEO plugin. -->","yoast_head_json":{"title":"Novo ano lectivo &#8211; AESIA","robots":{"index":"index","follow":"follow","max-snippet":"max-snippet:-1","max-image-preview":"max-image-preview:large","max-video-preview":"max-video-preview:-1"},"canonical":"https:\/\/aesia.pt\/portal\/novo-ano-lectivo\/","og_locale":"pt_PT","og_type":"article","og_title":"Novo ano lectivo &#8211; AESIA","og_description":"Novo ano letivo, novos desafios. Sejam bem vindos A Escola de hoje est\u00e1 sujeita a grandes e r\u00e1pidas transforma\u00e7\u00f5es, assim&hellip; Ler mais Novo ano lectivo","og_url":"https:\/\/aesia.pt\/portal\/novo-ano-lectivo\/","og_site_name":"AESIA","article_publisher":"https:\/\/www.facebook.com\/aesia.pt\/","article_modified_time":"2014-10-13T14:59:17+00:00","twitter_card":"summary_large_image","twitter_misc":{"Tempo estimado de leitura":"2 minutos"},"schema":{"@context":"https:\/\/schema.org","@graph":[{"@type":"WebPage","@id":"https:\/\/aesia.pt\/portal\/novo-ano-lectivo\/","url":"https:\/\/aesia.pt\/portal\/novo-ano-lectivo\/","name":"Novo ano lectivo &#8211; AESIA","isPartOf":{"@id":"https:\/\/aesia.pt\/portal\/#website"},"datePublished":"2014-10-13T14:36:27+00:00","dateModified":"2014-10-13T14:59:17+00:00","breadcrumb":{"@id":"https:\/\/aesia.pt\/portal\/novo-ano-lectivo\/#breadcrumb"},"inLanguage":"pt-PT","potentialAction":[{"@type":"ReadAction","target":["https:\/\/aesia.pt\/portal\/novo-ano-lectivo\/"]}]},{"@type":"BreadcrumbList","@id":"https:\/\/aesia.pt\/portal\/novo-ano-lectivo\/#breadcrumb","itemListElement":[{"@type":"ListItem","position":1,"name":"Home","item":"https:\/\/aesia.pt\/portal\/"},{"@type":"ListItem","position":2,"name":"Novo ano lectivo"}]},{"@type":"WebSite","@id":"https:\/\/aesia.pt\/portal\/#website","url":"https:\/\/aesia.pt\/portal\/","name":"AESIA","description":"Agrupamento de Escolas de Santa Iria de Az\u00f3ia","publisher":{"@id":"https:\/\/aesia.pt\/portal\/#organization"},"alternateName":"Agrupamento de Escolas de Santa Iria de Az\u00f3ia","potentialAction":[{"@type":"SearchAction","target":{"@type":"EntryPoint","urlTemplate":"https:\/\/aesia.pt\/portal\/?s={search_term_string}"},"query-input":{"@type":"PropertyValueSpecification","valueRequired":true,"valueName":"search_term_string"}}],"inLanguage":"pt-PT"},{"@type":"Organization","@id":"https:\/\/aesia.pt\/portal\/#organization","name":"Agrupamento de Escolas de Santa Iria de Az\u00f3ia","alternateName":"AESIA","url":"https:\/\/aesia.pt\/portal\/","logo":{"@type":"ImageObject","inLanguage":"pt-PT","@id":"https:\/\/aesia.pt\/portal\/#\/schema\/logo\/image\/","url":"https:\/\/aesia.pt\/portal\/wp-content\/uploads\/2023\/04\/logo4.png","contentUrl":"https:\/\/aesia.pt\/portal\/wp-content\/uploads\/2023\/04\/logo4.png","width":162,"height":162,"caption":"Agrupamento de Escolas de Santa Iria de Az\u00f3ia"},"image":{"@id":"https:\/\/aesia.pt\/portal\/#\/schema\/logo\/image\/"},"sameAs":["https:\/\/www.facebook.com\/aesia.pt\/"]}]}},"_links":{"self":[{"href":"https:\/\/aesia.pt\/portal\/wp-json\/wp\/v2\/pages\/777","targetHints":{"allow":["GET"]}}],"collection":[{"href":"https:\/\/aesia.pt\/portal\/wp-json\/wp\/v2\/pages"}],"about":[{"href":"https:\/\/aesia.pt\/portal\/wp-json\/wp\/v2\/types\/page"}],"author":[{"embeddable":true,"href":"https:\/\/aesia.pt\/portal\/wp-json\/wp\/v2\/users\/8"}],"replies":[{"embeddable":true,"href":"https:\/\/aesia.pt\/portal\/wp-json\/wp\/v2\/comments?post=777"}],"version-history":[{"count":1,"href":"https:\/\/aesia.pt\/portal\/wp-json\/wp\/v2\/pages\/777\/revisions"}],"predecessor-version":[{"id":778,"href":"https:\/\/aesia.pt\/portal\/wp-json\/wp\/v2\/pages\/777\/revisions\/778"}],"wp:attachment":[{"href":"https:\/\/aesia.pt\/portal\/wp-json\/wp\/v2\/media?parent=777"}],"curies":[{"name":"wp","href":"https:\/\/api.w.org\/{rel}","templated":true}]}}