{"id":775,"date":"2014-10-13T14:21:58","date_gmt":"2014-10-13T14:21:58","guid":{"rendered":"http:\/\/aesia.pt\/portal\/?page_id=775"},"modified":"2015-08-19T12:17:19","modified_gmt":"2015-08-19T12:17:19","slug":"concursoscontratacao-de-escola","status":"publish","type":"page","link":"https:\/\/aesia.pt\/portal\/concursoscontratacao-de-escola\/","title":{"rendered":"CONCURSOS\/CONTRATA\u00c7\u00c3O DE ESCOLA"},"content":{"rendered":"<ul style=\"list-style-type: circle;\">\n<li>.Contrata\u00e7\u00e3o de Escola 2015\/2016<\/li>\n<li>\u2022 Hor\u00e1rio no 15 (Plataforma DGAE) -T\u00e9cnico Especializado de Psicologia<\/li>\n<li>o Aviso de Abertura de Concurso (16 de Setembro de 2014) &#8211; link<\/li>\n<li>o Lista de Candidatos (inscritos na Plataforma) &#8211; link<\/li>\n<li>o Lista Ordenada (Ap\u00f3s a aplica\u00e7\u00e3o dos crit\u00e9rios de Avalia\u00e7\u00e3o) &#8211; link<\/li>\n<li>\u2022 Hor\u00e1rio no 17 (Plataforma DGAE) -T\u00e9cnico Especializado de Cozinha<\/li>\n<li>o Aviso de Abertura de Concurso (18 de Setembro de 2014) &#8211; link<\/li>\n<li>o Lista de Candidatos (inscritos na Plataforma) &#8211; link<\/li>\n<li>o Lista Ordenada (Ap\u00f3s a aplica\u00e7\u00e3o dos crit\u00e9rios de Avalia\u00e7\u00e3o) -link<\/li>\n<li>\u2022 Hor\u00e1rio no 18 (Plataforma DGAE) -T\u00e9cnico Especializado de Jardinagem<\/li>\n<li>o Aviso de Abertura de Concurso (18 de Setembro de 2014) -link<\/li>\n<li>o Lista de Candidatos (inscritos na Plataforma) &#8211; link<\/li>\n<li>o Lista Ordenada (Ap\u00f3s a aplica\u00e7\u00e3o dos crit\u00e9rios de Avalia\u00e7\u00e3o) -link<\/li>\n<\/ul>\n","protected":false},"excerpt":{"rendered":"<p>.Contrata\u00e7\u00e3o de Escola 2015\/2016 \u2022 Hor\u00e1rio no 15 (Plataforma DGAE) -T\u00e9cnico Especializado de Psicologia o Aviso de Abertura de Concurso&hellip; <a class=\"continue\" href=\"https:\/\/aesia.pt\/portal\/concursoscontratacao-de-escola\/\">Ler mais<span> CONCURSOS\/CONTRATA\u00c7\u00c3O DE ESCOLA<\/span><\/a><\/p>\n","protected":false},"author":8,"featured_media":0,"parent":0,"menu_order":0,"comment_status":"open","ping_status":"open","template":"p_base.php","meta":{"_acf_changed":false,"footnotes":""},"class_list":["post-775","page","type-page","status-publish","hentry"],"acf":[],"yoast_head":"<!-- This site is optimized with the Yoast SEO plugin v27.3 - https:\/\/yoast.com\/product\/yoast-seo-wordpress\/ -->\n<title>CONCURSOS\/CONTRATA\u00c7\u00c3O DE ESCOLA &#8211; AESIA<\/title>\n<meta name=\"robots\" content=\"index, follow, max-snippet:-1, max-image-preview:large, max-video-preview:-1\" \/>\n<link rel=\"canonical\" href=\"https:\/\/aesia.pt\/portal\/concursoscontratacao-de-escola\/\" \/>\n<meta property=\"og:locale\" content=\"pt_PT\" \/>\n<meta property=\"og:type\" content=\"article\" \/>\n<meta property=\"og:title\" content=\"CONCURSOS\/CONTRATA\u00c7\u00c3O DE ESCOLA &#8211; AESIA\" \/>\n<meta property=\"og:description\" content=\".Contrata\u00e7\u00e3o de Escola 2015\/2016 \u2022 Hor\u00e1rio no 15 (Plataforma DGAE) -T\u00e9cnico Especializado de Psicologia o Aviso de Abertura de Concurso&hellip; Ler mais CONCURSOS\/CONTRATA\u00c7\u00c3O DE ESCOLA\" \/>\n<meta property=\"og:url\" content=\"https:\/\/aesia.pt\/portal\/concursoscontratacao-de-escola\/\" \/>\n<meta property=\"og:site_name\" content=\"AESIA\" \/>\n<meta property=\"article:publisher\" content=\"https:\/\/www.facebook.com\/aesia.pt\/\" \/>\n<meta property=\"article:modified_time\" content=\"2015-08-19T12:17:19+00:00\" \/>\n<meta name=\"twitter:card\" content=\"summary_large_image\" \/>\n<meta name=\"twitter:label1\" content=\"Tempo estimado de leitura\" \/>\n\t<meta name=\"twitter:data1\" content=\"1 minuto\" \/>\n<script type=\"application\/ld+json\" class=\"yoast-schema-graph\">{\"@context\":\"https:\\\/\\\/schema.org\",\"@graph\":[{\"@type\":\"WebPage\",\"@id\":\"https:\\\/\\\/aesia.pt\\\/portal\\\/concursoscontratacao-de-escola\\\/\",\"url\":\"https:\\\/\\\/aesia.pt\\\/portal\\\/concursoscontratacao-de-escola\\\/\",\"name\":\"CONCURSOS\\\/CONTRATA\u00c7\u00c3O DE ESCOLA &#8211; AESIA\",\"isPartOf\":{\"@id\":\"https:\\\/\\\/aesia.pt\\\/portal\\\/#website\"},\"datePublished\":\"2014-10-13T14:21:58+00:00\",\"dateModified\":\"2015-08-19T12:17:19+00:00\",\"breadcrumb\":{\"@id\":\"https:\\\/\\\/aesia.pt\\\/portal\\\/concursoscontratacao-de-escola\\\/#breadcrumb\"},\"inLanguage\":\"pt-PT\",\"potentialAction\":[{\"@type\":\"ReadAction\",\"target\":[\"https:\\\/\\\/aesia.pt\\\/portal\\\/concursoscontratacao-de-escola\\\/\"]}]},{\"@type\":\"BreadcrumbList\",\"@id\":\"https:\\\/\\\/aesia.pt\\\/portal\\\/concursoscontratacao-de-escola\\\/#breadcrumb\",\"itemListElement\":[{\"@type\":\"ListItem\",\"position\":1,\"name\":\"Home\",\"item\":\"https:\\\/\\\/aesia.pt\\\/portal\\\/\"},{\"@type\":\"ListItem\",\"position\":2,\"name\":\"CONCURSOS\\\/CONTRATA\u00c7\u00c3O DE ESCOLA\"}]},{\"@type\":\"WebSite\",\"@id\":\"https:\\\/\\\/aesia.pt\\\/portal\\\/#website\",\"url\":\"https:\\\/\\\/aesia.pt\\\/portal\\\/\",\"name\":\"AESIA\",\"description\":\"Agrupamento de Escolas de Santa Iria de Az\u00f3ia\",\"publisher\":{\"@id\":\"https:\\\/\\\/aesia.pt\\\/portal\\\/#organization\"},\"alternateName\":\"Agrupamento de Escolas de Santa Iria de Az\u00f3ia\",\"potentialAction\":[{\"@type\":\"SearchAction\",\"target\":{\"@type\":\"EntryPoint\",\"urlTemplate\":\"https:\\\/\\\/aesia.pt\\\/portal\\\/?s={search_term_string}\"},\"query-input\":{\"@type\":\"PropertyValueSpecification\",\"valueRequired\":true,\"valueName\":\"search_term_string\"}}],\"inLanguage\":\"pt-PT\"},{\"@type\":\"Organization\",\"@id\":\"https:\\\/\\\/aesia.pt\\\/portal\\\/#organization\",\"name\":\"Agrupamento de Escolas de Santa Iria de Az\u00f3ia\",\"alternateName\":\"AESIA\",\"url\":\"https:\\\/\\\/aesia.pt\\\/portal\\\/\",\"logo\":{\"@type\":\"ImageObject\",\"inLanguage\":\"pt-PT\",\"@id\":\"https:\\\/\\\/aesia.pt\\\/portal\\\/#\\\/schema\\\/logo\\\/image\\\/\",\"url\":\"https:\\\/\\\/aesia.pt\\\/portal\\\/wp-content\\\/uploads\\\/2023\\\/04\\\/logo4.png\",\"contentUrl\":\"https:\\\/\\\/aesia.pt\\\/portal\\\/wp-content\\\/uploads\\\/2023\\\/04\\\/logo4.png\",\"width\":162,\"height\":162,\"caption\":\"Agrupamento de Escolas de Santa Iria de Az\u00f3ia\"},\"image\":{\"@id\":\"https:\\\/\\\/aesia.pt\\\/portal\\\/#\\\/schema\\\/logo\\\/image\\\/\"},\"sameAs\":[\"https:\\\/\\\/www.facebook.com\\\/aesia.pt\\\/\"]}]}<\/script>\n<!-- \/ Yoast SEO plugin. -->","yoast_head_json":{"title":"CONCURSOS\/CONTRATA\u00c7\u00c3O DE ESCOLA &#8211; AESIA","robots":{"index":"index","follow":"follow","max-snippet":"max-snippet:-1","max-image-preview":"max-image-preview:large","max-video-preview":"max-video-preview:-1"},"canonical":"https:\/\/aesia.pt\/portal\/concursoscontratacao-de-escola\/","og_locale":"pt_PT","og_type":"article","og_title":"CONCURSOS\/CONTRATA\u00c7\u00c3O DE ESCOLA &#8211; AESIA","og_description":".Contrata\u00e7\u00e3o de Escola 2015\/2016 \u2022 Hor\u00e1rio no 15 (Plataforma DGAE) -T\u00e9cnico Especializado de Psicologia o Aviso de Abertura de Concurso&hellip; Ler mais CONCURSOS\/CONTRATA\u00c7\u00c3O DE ESCOLA","og_url":"https:\/\/aesia.pt\/portal\/concursoscontratacao-de-escola\/","og_site_name":"AESIA","article_publisher":"https:\/\/www.facebook.com\/aesia.pt\/","article_modified_time":"2015-08-19T12:17:19+00:00","twitter_card":"summary_large_image","twitter_misc":{"Tempo estimado de leitura":"1 minuto"},"schema":{"@context":"https:\/\/schema.org","@graph":[{"@type":"WebPage","@id":"https:\/\/aesia.pt\/portal\/concursoscontratacao-de-escola\/","url":"https:\/\/aesia.pt\/portal\/concursoscontratacao-de-escola\/","name":"CONCURSOS\/CONTRATA\u00c7\u00c3O DE ESCOLA &#8211; AESIA","isPartOf":{"@id":"https:\/\/aesia.pt\/portal\/#website"},"datePublished":"2014-10-13T14:21:58+00:00","dateModified":"2015-08-19T12:17:19+00:00","breadcrumb":{"@id":"https:\/\/aesia.pt\/portal\/concursoscontratacao-de-escola\/#breadcrumb"},"inLanguage":"pt-PT","potentialAction":[{"@type":"ReadAction","target":["https:\/\/aesia.pt\/portal\/concursoscontratacao-de-escola\/"]}]},{"@type":"BreadcrumbList","@id":"https:\/\/aesia.pt\/portal\/concursoscontratacao-de-escola\/#breadcrumb","itemListElement":[{"@type":"ListItem","position":1,"name":"Home","item":"https:\/\/aesia.pt\/portal\/"},{"@type":"ListItem","position":2,"name":"CONCURSOS\/CONTRATA\u00c7\u00c3O DE ESCOLA"}]},{"@type":"WebSite","@id":"https:\/\/aesia.pt\/portal\/#website","url":"https:\/\/aesia.pt\/portal\/","name":"AESIA","description":"Agrupamento de Escolas de Santa Iria de Az\u00f3ia","publisher":{"@id":"https:\/\/aesia.pt\/portal\/#organization"},"alternateName":"Agrupamento de Escolas de Santa Iria de Az\u00f3ia","potentialAction":[{"@type":"SearchAction","target":{"@type":"EntryPoint","urlTemplate":"https:\/\/aesia.pt\/portal\/?s={search_term_string}"},"query-input":{"@type":"PropertyValueSpecification","valueRequired":true,"valueName":"search_term_string"}}],"inLanguage":"pt-PT"},{"@type":"Organization","@id":"https:\/\/aesia.pt\/portal\/#organization","name":"Agrupamento de Escolas de Santa Iria de Az\u00f3ia","alternateName":"AESIA","url":"https:\/\/aesia.pt\/portal\/","logo":{"@type":"ImageObject","inLanguage":"pt-PT","@id":"https:\/\/aesia.pt\/portal\/#\/schema\/logo\/image\/","url":"https:\/\/aesia.pt\/portal\/wp-content\/uploads\/2023\/04\/logo4.png","contentUrl":"https:\/\/aesia.pt\/portal\/wp-content\/uploads\/2023\/04\/logo4.png","width":162,"height":162,"caption":"Agrupamento de Escolas de Santa Iria de Az\u00f3ia"},"image":{"@id":"https:\/\/aesia.pt\/portal\/#\/schema\/logo\/image\/"},"sameAs":["https:\/\/www.facebook.com\/aesia.pt\/"]}]}},"_links":{"self":[{"href":"https:\/\/aesia.pt\/portal\/wp-json\/wp\/v2\/pages\/775","targetHints":{"allow":["GET"]}}],"collection":[{"href":"https:\/\/aesia.pt\/portal\/wp-json\/wp\/v2\/pages"}],"about":[{"href":"https:\/\/aesia.pt\/portal\/wp-json\/wp\/v2\/types\/page"}],"author":[{"embeddable":true,"href":"https:\/\/aesia.pt\/portal\/wp-json\/wp\/v2\/users\/8"}],"replies":[{"embeddable":true,"href":"https:\/\/aesia.pt\/portal\/wp-json\/wp\/v2\/comments?post=775"}],"version-history":[{"count":2,"href":"https:\/\/aesia.pt\/portal\/wp-json\/wp\/v2\/pages\/775\/revisions"}],"predecessor-version":[{"id":1980,"href":"https:\/\/aesia.pt\/portal\/wp-json\/wp\/v2\/pages\/775\/revisions\/1980"}],"wp:attachment":[{"href":"https:\/\/aesia.pt\/portal\/wp-json\/wp\/v2\/media?parent=775"}],"curies":[{"name":"wp","href":"https:\/\/api.w.org\/{rel}","templated":true}]}}