{"id":7363,"date":"2023-05-24T18:23:44","date_gmt":"2023-05-24T18:23:44","guid":{"rendered":"https:\/\/aesia.pt\/portal\/?page_id=7363"},"modified":"2025-06-02T10:09:55","modified_gmt":"2025-06-02T10:09:55","slug":"provas-finais","status":"publish","type":"page","link":"https:\/\/aesia.pt\/portal\/provas-finais\/","title":{"rendered":"PROVAS &#8211; 2024\/2025"},"content":{"rendered":"\n<p><strong>NORMA 2 &#8211; J\u00fari Nacional de Exames <\/strong><\/p>\n\n\n\n<p>Instru\u00e7\u00f5es para a Realiza\u00e7\u00e3o \/ Classifica\u00e7\u00e3o \/ Reaprecia\u00e7\u00e3o das Provas e Exames dos Ensinos B\u00e1sico e Secund\u00e1rio <\/p>\n\n\n\n<div data-wp-interactive=\"core\/file\" class=\"wp-block-file aligncenter\"><object data-wp-bind--hidden=\"!state.hasPdfPreview\" hidden class=\"wp-block-file__embed\" data=\"https:\/\/aesia.pt\/portal\/wp-content\/uploads\/2025\/06\/Norma-02_2025_-29-Maio_VF.pdf\" type=\"application\/pdf\" style=\"width:100%;height:600px\" aria-label=\"Incorpora\u00e7\u00e3o de Norma 02_2025_ 29 Maio_VF.\"><\/object><a id=\"wp-block-file--media-d0a0107d-2f3f-4b4e-a7a6-dfa1382c3a2e\" href=\"https:\/\/aesia.pt\/portal\/wp-content\/uploads\/2025\/06\/Norma-02_2025_-29-Maio_VF.pdf\">Norma 02_2025_ 29 Maio_VF<\/a><a href=\"https:\/\/aesia.pt\/portal\/wp-content\/uploads\/2025\/06\/Norma-02_2025_-29-Maio_VF.pdf\" class=\"wp-block-file__button wp-element-button\" download aria-describedby=\"wp-block-file--media-d0a0107d-2f3f-4b4e-a7a6-dfa1382c3a2e\">Descarregar<\/a><\/div>\n\n\n\n<p><strong>Realiza\u00e7\u00e3o das Provas de Monitoriza\u00e7\u00e3o das Aprendizagens<\/strong><\/p>\n\n\n\n<p><strong>De 19 de maio a 6 de junho<\/strong><\/p>\n\n\n\n<p>Informam-se os encarregados de educa\u00e7\u00e3o e alunos do 4\u00ba e 6\u00ba anos, de que se encontram dispon\u00edvel para consulta, os seguintes documentos:<\/p>\n\n\n\n<p><a href=\"https:\/\/drive.google.com\/file\/d\/1gcjhp_99XuGgpYeQJwY-qMrD75jUObWH\/view?usp=sharing\"><\/a>&nbsp;<strong><a href=\"https:\/\/drive.google.com\/file\/d\/1gcjhp_99XuGgpYeQJwY-qMrD75jUObWH\/view?usp=sharing\">Guia para Realiza\u00e7\u00e3o das Provas ModA<\/a><\/strong><\/p>\n\n\n\n<p><strong>Calend\u00e1rio das provas do 4\u00ba ano.<\/strong><\/p>\n\n\n\n<figure class=\"wp-block-table\"><table class=\"has-fixed-layout\"><tbody><tr><td><strong>Escola<\/strong><\/td><td><strong>Prova<\/strong><\/td><td><strong>Hora<\/strong><\/td><td><strong>Portugu\u00eas (41)<\/strong> <strong>105 mim<\/strong><\/td><td><strong>PLNM (43)<\/strong> <strong>105 min<\/strong><\/td><td><strong>Ingl\u00eas (45)<\/strong> <strong>100 min<\/strong><\/td><td><strong>Matem\u00e1tica (42)<\/strong> <strong>&nbsp;<\/strong> <strong>105 min<\/strong><\/td><\/tr><tr><td rowspan=\"2\"><strong>J\u00falio Dinis<\/strong><\/td><td><strong>Escrita<\/strong><\/td><td><strong>9:00h<\/strong><\/td><td>19 maio (2\u00aa feira)<strong><\/strong><\/td><td rowspan=\"2\">19 maio (2\u00aa feira)<strong><\/strong><\/td><td rowspan=\"2\">26 maio (2\u00aa feira)<strong><\/strong><\/td><td>2 junho (2\u00aa feira)<strong><\/strong><\/td><\/tr><tr><td><strong>Oral<\/strong><\/td><td><strong>11:00h<\/strong><\/td><td><strong>&nbsp;<\/strong><\/td><td><strong>&nbsp;<\/strong><\/td><\/tr><tr><td rowspan=\"2\"><strong>Bela Vista<\/strong><\/td><td><strong>Escrita<\/strong><\/td><td><strong>9:00h<\/strong><\/td><td>19 maio (2\u00aa feira)<strong><\/strong><\/td><td rowspan=\"2\"><strong>&nbsp;<\/strong><\/td><td rowspan=\"2\">26 maio (2\u00aa feira)<strong><\/strong><\/td><td>2 junho (2\u00aa feira)<strong><\/strong><\/td><\/tr><tr><td><strong>Oral<\/strong><\/td><td><strong>11:00h<\/strong><\/td><td><strong>&nbsp;<\/strong><\/td><td><strong>&nbsp;<\/strong><\/td><\/tr><tr><td rowspan=\"2\"><strong>Via Rara<\/strong><\/td><td><strong>Escrita<\/strong><\/td><td><strong>9:00h<\/strong><\/td><td>20 maio (3\u00aa feira)<strong><\/strong><\/td><td rowspan=\"2\">20 maio (3\u00aa feira)<strong><\/strong><\/td><td rowspan=\"2\">27 maio (3\u00aa feira)<strong><\/strong><\/td><td>3 junho (3\u00aa feira)<strong><\/strong><\/td><\/tr><tr><td><strong>Oral<\/strong><\/td><td><strong>11:00h<\/strong><\/td><td><strong>&nbsp;<\/strong><\/td><td><strong>&nbsp;<\/strong><\/td><\/tr><tr><td rowspan=\"2\"><strong>Fernando Pessoa<\/strong><\/td><td><strong>Escrita<\/strong><\/td><td><strong>9:00h<\/strong><\/td><td>21 maio (4\u00aa feira)<strong><\/strong><\/td><td rowspan=\"2\"><strong>&nbsp;<\/strong><\/td><td rowspan=\"2\">28 maio (4\u00aa feira)<strong><\/strong><\/td><td>4 junho (4\u00aa feira)<strong><\/strong><\/td><\/tr><tr><td><strong>Oral<\/strong><\/td><td><strong>11:00h<\/strong><\/td><td><strong>&nbsp;<\/strong><\/td><td><strong>&nbsp;<\/strong><\/td><\/tr><tr><td rowspan=\"2\"><strong>Bairro da Covina<\/strong><\/td><td><strong>Escrita<\/strong><\/td><td><strong>9:00h<\/strong><\/td><td>21 maio (4\u00aa feira)<strong><\/strong><\/td><td><strong>&nbsp;<\/strong><\/td><td rowspan=\"2\">28 maio (4\u00aa feira)<strong><\/strong><\/td><td>4 junho (4\u00aa feira)<strong><\/strong><\/td><\/tr><tr><td><strong>Oral<\/strong><\/td><td><strong>11:00h<\/strong><\/td><td><strong>&nbsp;<\/strong><\/td><td><strong>&nbsp;<\/strong><\/td><td><strong>&nbsp;<\/strong><\/td><\/tr><tr><td rowspan=\"2\"><strong>Alto da Eira<\/strong><\/td><td><strong>Escrita<\/strong><\/td><td><strong>9:00h<\/strong><\/td><td>22 maio (5\u00aa feira)<strong><\/strong><\/td><td rowspan=\"2\">22 maio (5\u00aa feira)<strong><\/strong><\/td><td rowspan=\"2\">29 maio (5\u00aa feira)<strong><\/strong><\/td><td>5 junho (5\u00aa feira)<strong><\/strong><\/td><\/tr><tr><td><strong>Oral<\/strong><\/td><td><strong>11:00h<\/strong><\/td><td><strong>&nbsp;<\/strong><\/td><td><strong>&nbsp;<\/strong><\/td><\/tr><\/tbody><\/table><\/figure>\n\n\n\n<p><strong>Calend\u00e1rio das Provas do 6\u00ba Ano<\/strong><\/p>\n\n\n\n<figure class=\"wp-block-table\"><table class=\"has-fixed-layout\"><tbody><tr><td><strong>6\u00ba ano<\/strong><\/td><td><strong>Portugu\u00eas (61) PLNM (63)<\/strong><\/td><td><strong>Hist\u00f3ria e Geografia de Portugal (67)<\/strong><\/td><td><strong>Matem\u00e1tica (68)<\/strong><\/td><\/tr><tr><td><strong>Dia<\/strong><\/td><td>23 de maio (6\u00aa feira)<\/td><td>30 de maio (6\u00aa feira)<\/td><td>6 de junho (6\u00aa feira)<\/td><\/tr><tr><td><strong>Hora<\/strong><\/td><td colspan=\"3\">8:10h<\/td><\/tr><tr><td><strong>Turmas<\/strong><\/td><td colspan=\"3\">A, B, C, D, E e F<\/td><\/tr><tr><td><strong>Dura\u00e7\u00e3o<\/strong><\/td><td colspan=\"3\">60 minutos+15 min de intervalo + 45 minutos<\/td><\/tr><\/tbody><\/table><\/figure>\n\n\n\n<p>No dia da prova ModA, os alunos t\u00eam obrigatoriamente de trazer:<\/p>\n\n\n\n<ul class=\"wp-block-list\">\n<li><strong>cart\u00e3o de estudante<\/strong> (6\u00ba ano);<\/li>\n\n\n\n<li><strong>Caneta azul ou preta;<\/strong><\/li>\n\n\n\n<li><strong>kit digital <\/strong>composto por: <strong>computador<\/strong>, <strong>rato<\/strong> e respetivo <strong>carregador<\/strong>, <strong>auscultadores com fios<\/strong> e o <strong>acesso \u00e0 Internet<\/strong> (hotspot\/router com cart\u00e3o, caso tenha);<\/li>\n\n\n\n<li>O computador deve vir com a bateria carregada e com a aplica\u00e7\u00e3o do programa <strong>INTUITIVO<\/strong> instalada e atualizada.<\/li>\n<\/ul>\n\n\n\n<p>Os alunos <strong>n\u00e3o podem ter<\/strong> junto de si quaisquer suportes escritos n\u00e3o autorizados nem quaisquer sistemas de comunica\u00e7\u00e3o m\u00f3vel, nomeadamente <strong>telem\u00f3veis<\/strong>, rel\u00f3gios com comunica\u00e7\u00e3o wireless (<strong>smartwatch<\/strong>), <strong>bips<\/strong>, etc\u2026<\/p>\n\n\n\n<p>Consultar <a href=\"https:\/\/iave.pt\/provas-e-exames\/informacoes\/\">Informa\u00e7\u00f5es-Prova 2024\/2025 do IAVE<\/a> e <a href=\"https:\/\/iave.pt\/wp-content\/uploads\/2025\/04\/IR-Geral-2025-1.pdf\">Instru\u00e7\u00f5es de realiza\u00e7\u00e3o das provas ModA<\/a>, de cada disciplina.<\/p>\n\n\n\n<p><strong>Terminada a prova as aulas prosseguem de acordo com o hor\u00e1rio letivo da turma.<\/strong><\/p>\n\n\n\n<p>Instala\u00e7\u00e3o da APP<\/p>\n\n\n\n<p>Os alunos devem instalar no seu Port\u00e1til a APP que lhe permitira realizar a prova que deve ser descarregada <a href=\"https:\/\/assets.iave.pt\/production\/apps\/intuitivo-app\/v0.0.11\/Provas+IAVE-0.0.11.exe\">aqui<\/a> para computadores com a vers\u00e3o do Windows instalada.<\/p>\n\n\n\n<p><a href=\"https:\/\/assets.iave.pt\/production\/apps\/intuitivo-app\/v0.0.11\/Provas+IAVE-0.0.11.exe\">https:\/\/assets.iave.pt\/production\/apps\/intuitivo-app\/v0.0.11\/Provas+IAVE-0.0.11.exe<\/a><\/p>\n\n\n\n<figure class=\"wp-block-table\"><table class=\"has-fixed-layout\"><thead><tr><td><strong>Anexo<\/strong><strong><\/strong><\/td><td><strong>Tamanho<\/strong><strong><\/strong><\/td><\/tr><\/thead><tbody><tr><td><a href=\"https:\/\/aemoncao.com\/sites\/default\/files\/Manual%20APP_realiza%C3%A7%C3%A3o_2025.pdf\">Manual APP_realiza\u00e7\u00e3o_2025.pdf<\/a>&nbsp;(940.76 KB)<\/td><td>940.76 KB<\/td><\/tr><tr><td><a href=\"https:\/\/aemoncao.com\/sites\/default\/files\/Guia%20Provas%20de%20Ensaio.pdf\">Guia Provas de Ensaio.pdf<\/a>&nbsp;(792.57 KB)<\/td><td>792.57 KB<\/td><\/tr><tr><td><a href=\"https:\/\/aemoncao.com\/sites\/default\/files\/Guia%20MODA.pdf\">Guia MODA.pdf<\/a>&nbsp;(927.72 KB)<\/td><td>927.72 KB<\/td><\/tr><\/tbody><\/table><\/figure>\n\n\n\n<p><a href=\"https:\/\/diariodarepublica.pt\/dr\/detalhe\/despacho\/14526-2024-899357353\"><strong>Despacho n.\u00ba 14526_2024 de 9 de dezembro de 2024<\/strong><\/a><\/p>\n\n\n\n<figure class=\"wp-block-image size-large\"><a href=\"https:\/\/aesia.pt\/portal\/wp-content\/uploads\/2024\/12\/Anexo-1.jpg\"><img loading=\"lazy\" decoding=\"async\" width=\"1024\" height=\"621\" src=\"https:\/\/aesia.pt\/portal\/wp-content\/uploads\/2024\/12\/Anexo-1-1024x621.jpg\" alt=\"\" class=\"wp-image-13761\" srcset=\"https:\/\/aesia.pt\/portal\/wp-content\/uploads\/2024\/12\/Anexo-1-1024x621.jpg 1024w, https:\/\/aesia.pt\/portal\/wp-content\/uploads\/2024\/12\/Anexo-1-300x182.jpg 300w, https:\/\/aesia.pt\/portal\/wp-content\/uploads\/2024\/12\/Anexo-1-768x465.jpg 768w, https:\/\/aesia.pt\/portal\/wp-content\/uploads\/2024\/12\/Anexo-1.jpg 1094w\" sizes=\"auto, (max-width: 1024px) 100vw, 1024px\" \/><\/a><\/figure>\n\n\n\n<div style=\"height:30px\" aria-hidden=\"true\" class=\"wp-block-spacer\"><\/div>\n\n\n\n<figure class=\"wp-block-image size-large\"><a href=\"https:\/\/aesia.pt\/portal\/wp-content\/uploads\/2024\/12\/Anexo-2-tabela-1.jpg\"><img loading=\"lazy\" decoding=\"async\" width=\"1024\" height=\"552\" src=\"https:\/\/aesia.pt\/portal\/wp-content\/uploads\/2024\/12\/Anexo-2-tabela-1-1024x552.jpg\" alt=\"\" class=\"wp-image-13763\" srcset=\"https:\/\/aesia.pt\/portal\/wp-content\/uploads\/2024\/12\/Anexo-2-tabela-1-1024x552.jpg 1024w, https:\/\/aesia.pt\/portal\/wp-content\/uploads\/2024\/12\/Anexo-2-tabela-1-300x162.jpg 300w, https:\/\/aesia.pt\/portal\/wp-content\/uploads\/2024\/12\/Anexo-2-tabela-1-768x414.jpg 768w, https:\/\/aesia.pt\/portal\/wp-content\/uploads\/2024\/12\/Anexo-2-tabela-1.jpg 1304w\" sizes=\"auto, (max-width: 1024px) 100vw, 1024px\" \/><\/a><\/figure>\n\n\n\n<figure class=\"wp-block-image size-large\"><a href=\"https:\/\/aesia.pt\/portal\/wp-content\/uploads\/2024\/12\/image.png\"><img loading=\"lazy\" decoding=\"async\" width=\"1024\" height=\"235\" src=\"https:\/\/aesia.pt\/portal\/wp-content\/uploads\/2024\/12\/image-1024x235.png\" alt=\"\" class=\"wp-image-13765\" srcset=\"https:\/\/aesia.pt\/portal\/wp-content\/uploads\/2024\/12\/image-1024x235.png 1024w, https:\/\/aesia.pt\/portal\/wp-content\/uploads\/2024\/12\/image-300x69.png 300w, https:\/\/aesia.pt\/portal\/wp-content\/uploads\/2024\/12\/image-768x176.png 768w, https:\/\/aesia.pt\/portal\/wp-content\/uploads\/2024\/12\/image.png 1311w\" sizes=\"auto, (max-width: 1024px) 100vw, 1024px\" \/><\/a><\/figure>\n\n\n\n<p><\/p>\n\n\n\n<figure class=\"wp-block-image size-large\"><a href=\"https:\/\/aesia.pt\/portal\/wp-content\/uploads\/2024\/12\/image-2.png\"><img loading=\"lazy\" decoding=\"async\" width=\"1024\" height=\"675\" src=\"https:\/\/aesia.pt\/portal\/wp-content\/uploads\/2024\/12\/image-2-1024x675.png\" alt=\"\" class=\"wp-image-13767\" srcset=\"https:\/\/aesia.pt\/portal\/wp-content\/uploads\/2024\/12\/image-2-1024x675.png 1024w, https:\/\/aesia.pt\/portal\/wp-content\/uploads\/2024\/12\/image-2-300x198.png 300w, https:\/\/aesia.pt\/portal\/wp-content\/uploads\/2024\/12\/image-2-768x506.png 768w, https:\/\/aesia.pt\/portal\/wp-content\/uploads\/2024\/12\/image-2.png 1309w\" sizes=\"auto, (max-width: 1024px) 100vw, 1024px\" \/><\/a><\/figure>\n","protected":false},"excerpt":{"rendered":"<p>NORMA 2 &#8211; J\u00fari Nacional de Exames Instru\u00e7\u00f5es para a Realiza\u00e7\u00e3o \/ Classifica\u00e7\u00e3o \/ Reaprecia\u00e7\u00e3o das Provas e Exames dos&hellip; <a class=\"continue\" href=\"https:\/\/aesia.pt\/portal\/provas-finais\/\">Ler mais<span> PROVAS &#8211; 2024\/2025<\/span><\/a><\/p>\n","protected":false},"author":8,"featured_media":0,"parent":0,"menu_order":0,"comment_status":"closed","ping_status":"closed","template":"p_base.php","meta":{"_acf_changed":false,"footnotes":""},"class_list":["post-7363","page","type-page","status-publish","hentry"],"acf":[],"yoast_head":"<!-- This site is optimized with the Yoast SEO plugin v27.4 - https:\/\/yoast.com\/product\/yoast-seo-wordpress\/ -->\n<title>PROVAS - 2024\/2025 &#8211; AESIA<\/title>\n<meta name=\"robots\" content=\"index, follow, max-snippet:-1, max-image-preview:large, max-video-preview:-1\" \/>\n<link rel=\"canonical\" href=\"https:\/\/aesia.pt\/portal\/provas-finais\/\" \/>\n<meta property=\"og:locale\" content=\"pt_PT\" \/>\n<meta property=\"og:type\" content=\"article\" \/>\n<meta property=\"og:title\" content=\"PROVAS - 2024\/2025 &#8211; AESIA\" \/>\n<meta property=\"og:description\" content=\"NORMA 2 &#8211; J\u00fari Nacional de Exames Instru\u00e7\u00f5es para a Realiza\u00e7\u00e3o \/ Classifica\u00e7\u00e3o \/ Reaprecia\u00e7\u00e3o das Provas e Exames dos&hellip; Ler mais PROVAS &#8211; 2024\/2025\" \/>\n<meta property=\"og:url\" content=\"https:\/\/aesia.pt\/portal\/provas-finais\/\" \/>\n<meta property=\"og:site_name\" content=\"AESIA\" \/>\n<meta property=\"article:publisher\" content=\"https:\/\/www.facebook.com\/aesia.pt\/\" \/>\n<meta property=\"article:modified_time\" content=\"2025-06-02T10:09:55+00:00\" \/>\n<meta property=\"og:image\" content=\"https:\/\/aesia.pt\/portal\/wp-content\/uploads\/2024\/12\/Anexo-1.jpg\" \/>\n\t<meta property=\"og:image:width\" content=\"1094\" \/>\n\t<meta property=\"og:image:height\" content=\"663\" \/>\n\t<meta property=\"og:image:type\" content=\"image\/jpeg\" \/>\n<meta name=\"twitter:card\" content=\"summary_large_image\" \/>\n<meta name=\"twitter:label1\" content=\"Tempo estimado de leitura\" \/>\n\t<meta name=\"twitter:data1\" content=\"2 minutos\" \/>\n<script type=\"application\/ld+json\" class=\"yoast-schema-graph\">{\"@context\":\"https:\\\/\\\/schema.org\",\"@graph\":[{\"@type\":\"WebPage\",\"@id\":\"https:\\\/\\\/aesia.pt\\\/portal\\\/provas-finais\\\/\",\"url\":\"https:\\\/\\\/aesia.pt\\\/portal\\\/provas-finais\\\/\",\"name\":\"PROVAS - 2024\\\/2025 &#8211; AESIA\",\"isPartOf\":{\"@id\":\"https:\\\/\\\/aesia.pt\\\/portal\\\/#website\"},\"primaryImageOfPage\":{\"@id\":\"https:\\\/\\\/aesia.pt\\\/portal\\\/provas-finais\\\/#primaryimage\"},\"image\":{\"@id\":\"https:\\\/\\\/aesia.pt\\\/portal\\\/provas-finais\\\/#primaryimage\"},\"thumbnailUrl\":\"https:\\\/\\\/aesia.pt\\\/portal\\\/wp-content\\\/uploads\\\/2024\\\/12\\\/Anexo-1-1024x621.jpg\",\"datePublished\":\"2023-05-24T18:23:44+00:00\",\"dateModified\":\"2025-06-02T10:09:55+00:00\",\"breadcrumb\":{\"@id\":\"https:\\\/\\\/aesia.pt\\\/portal\\\/provas-finais\\\/#breadcrumb\"},\"inLanguage\":\"pt-PT\",\"potentialAction\":[{\"@type\":\"ReadAction\",\"target\":[\"https:\\\/\\\/aesia.pt\\\/portal\\\/provas-finais\\\/\"]}]},{\"@type\":\"ImageObject\",\"inLanguage\":\"pt-PT\",\"@id\":\"https:\\\/\\\/aesia.pt\\\/portal\\\/provas-finais\\\/#primaryimage\",\"url\":\"https:\\\/\\\/aesia.pt\\\/portal\\\/wp-content\\\/uploads\\\/2024\\\/12\\\/Anexo-1.jpg\",\"contentUrl\":\"https:\\\/\\\/aesia.pt\\\/portal\\\/wp-content\\\/uploads\\\/2024\\\/12\\\/Anexo-1.jpg\",\"width\":1094,\"height\":663},{\"@type\":\"BreadcrumbList\",\"@id\":\"https:\\\/\\\/aesia.pt\\\/portal\\\/provas-finais\\\/#breadcrumb\",\"itemListElement\":[{\"@type\":\"ListItem\",\"position\":1,\"name\":\"Home\",\"item\":\"https:\\\/\\\/aesia.pt\\\/portal\\\/\"},{\"@type\":\"ListItem\",\"position\":2,\"name\":\"PROVAS &#8211; 2024\\\/2025\"}]},{\"@type\":\"WebSite\",\"@id\":\"https:\\\/\\\/aesia.pt\\\/portal\\\/#website\",\"url\":\"https:\\\/\\\/aesia.pt\\\/portal\\\/\",\"name\":\"AESIA\",\"description\":\"Agrupamento de Escolas de Santa Iria de Az\u00f3ia\",\"publisher\":{\"@id\":\"https:\\\/\\\/aesia.pt\\\/portal\\\/#organization\"},\"alternateName\":\"Agrupamento de Escolas de Santa Iria de Az\u00f3ia\",\"potentialAction\":[{\"@type\":\"SearchAction\",\"target\":{\"@type\":\"EntryPoint\",\"urlTemplate\":\"https:\\\/\\\/aesia.pt\\\/portal\\\/?s={search_term_string}\"},\"query-input\":{\"@type\":\"PropertyValueSpecification\",\"valueRequired\":true,\"valueName\":\"search_term_string\"}}],\"inLanguage\":\"pt-PT\"},{\"@type\":\"Organization\",\"@id\":\"https:\\\/\\\/aesia.pt\\\/portal\\\/#organization\",\"name\":\"Agrupamento de Escolas de Santa Iria de Az\u00f3ia\",\"alternateName\":\"AESIA\",\"url\":\"https:\\\/\\\/aesia.pt\\\/portal\\\/\",\"logo\":{\"@type\":\"ImageObject\",\"inLanguage\":\"pt-PT\",\"@id\":\"https:\\\/\\\/aesia.pt\\\/portal\\\/#\\\/schema\\\/logo\\\/image\\\/\",\"url\":\"https:\\\/\\\/aesia.pt\\\/portal\\\/wp-content\\\/uploads\\\/2023\\\/04\\\/logo4.png\",\"contentUrl\":\"https:\\\/\\\/aesia.pt\\\/portal\\\/wp-content\\\/uploads\\\/2023\\\/04\\\/logo4.png\",\"width\":162,\"height\":162,\"caption\":\"Agrupamento de Escolas de Santa Iria de Az\u00f3ia\"},\"image\":{\"@id\":\"https:\\\/\\\/aesia.pt\\\/portal\\\/#\\\/schema\\\/logo\\\/image\\\/\"},\"sameAs\":[\"https:\\\/\\\/www.facebook.com\\\/aesia.pt\\\/\"]}]}<\/script>\n<!-- \/ Yoast SEO plugin. -->","yoast_head_json":{"title":"PROVAS - 2024\/2025 &#8211; AESIA","robots":{"index":"index","follow":"follow","max-snippet":"max-snippet:-1","max-image-preview":"max-image-preview:large","max-video-preview":"max-video-preview:-1"},"canonical":"https:\/\/aesia.pt\/portal\/provas-finais\/","og_locale":"pt_PT","og_type":"article","og_title":"PROVAS - 2024\/2025 &#8211; AESIA","og_description":"NORMA 2 &#8211; J\u00fari Nacional de Exames Instru\u00e7\u00f5es para a Realiza\u00e7\u00e3o \/ Classifica\u00e7\u00e3o \/ Reaprecia\u00e7\u00e3o das Provas e Exames dos&hellip; Ler mais PROVAS &#8211; 2024\/2025","og_url":"https:\/\/aesia.pt\/portal\/provas-finais\/","og_site_name":"AESIA","article_publisher":"https:\/\/www.facebook.com\/aesia.pt\/","article_modified_time":"2025-06-02T10:09:55+00:00","og_image":[{"width":1094,"height":663,"url":"https:\/\/aesia.pt\/portal\/wp-content\/uploads\/2024\/12\/Anexo-1.jpg","type":"image\/jpeg"}],"twitter_card":"summary_large_image","twitter_misc":{"Tempo estimado de leitura":"2 minutos"},"schema":{"@context":"https:\/\/schema.org","@graph":[{"@type":"WebPage","@id":"https:\/\/aesia.pt\/portal\/provas-finais\/","url":"https:\/\/aesia.pt\/portal\/provas-finais\/","name":"PROVAS - 2024\/2025 &#8211; AESIA","isPartOf":{"@id":"https:\/\/aesia.pt\/portal\/#website"},"primaryImageOfPage":{"@id":"https:\/\/aesia.pt\/portal\/provas-finais\/#primaryimage"},"image":{"@id":"https:\/\/aesia.pt\/portal\/provas-finais\/#primaryimage"},"thumbnailUrl":"https:\/\/aesia.pt\/portal\/wp-content\/uploads\/2024\/12\/Anexo-1-1024x621.jpg","datePublished":"2023-05-24T18:23:44+00:00","dateModified":"2025-06-02T10:09:55+00:00","breadcrumb":{"@id":"https:\/\/aesia.pt\/portal\/provas-finais\/#breadcrumb"},"inLanguage":"pt-PT","potentialAction":[{"@type":"ReadAction","target":["https:\/\/aesia.pt\/portal\/provas-finais\/"]}]},{"@type":"ImageObject","inLanguage":"pt-PT","@id":"https:\/\/aesia.pt\/portal\/provas-finais\/#primaryimage","url":"https:\/\/aesia.pt\/portal\/wp-content\/uploads\/2024\/12\/Anexo-1.jpg","contentUrl":"https:\/\/aesia.pt\/portal\/wp-content\/uploads\/2024\/12\/Anexo-1.jpg","width":1094,"height":663},{"@type":"BreadcrumbList","@id":"https:\/\/aesia.pt\/portal\/provas-finais\/#breadcrumb","itemListElement":[{"@type":"ListItem","position":1,"name":"Home","item":"https:\/\/aesia.pt\/portal\/"},{"@type":"ListItem","position":2,"name":"PROVAS &#8211; 2024\/2025"}]},{"@type":"WebSite","@id":"https:\/\/aesia.pt\/portal\/#website","url":"https:\/\/aesia.pt\/portal\/","name":"AESIA","description":"Agrupamento de Escolas de Santa Iria de Az\u00f3ia","publisher":{"@id":"https:\/\/aesia.pt\/portal\/#organization"},"alternateName":"Agrupamento de Escolas de Santa Iria de Az\u00f3ia","potentialAction":[{"@type":"SearchAction","target":{"@type":"EntryPoint","urlTemplate":"https:\/\/aesia.pt\/portal\/?s={search_term_string}"},"query-input":{"@type":"PropertyValueSpecification","valueRequired":true,"valueName":"search_term_string"}}],"inLanguage":"pt-PT"},{"@type":"Organization","@id":"https:\/\/aesia.pt\/portal\/#organization","name":"Agrupamento de Escolas de Santa Iria de Az\u00f3ia","alternateName":"AESIA","url":"https:\/\/aesia.pt\/portal\/","logo":{"@type":"ImageObject","inLanguage":"pt-PT","@id":"https:\/\/aesia.pt\/portal\/#\/schema\/logo\/image\/","url":"https:\/\/aesia.pt\/portal\/wp-content\/uploads\/2023\/04\/logo4.png","contentUrl":"https:\/\/aesia.pt\/portal\/wp-content\/uploads\/2023\/04\/logo4.png","width":162,"height":162,"caption":"Agrupamento de Escolas de Santa Iria de Az\u00f3ia"},"image":{"@id":"https:\/\/aesia.pt\/portal\/#\/schema\/logo\/image\/"},"sameAs":["https:\/\/www.facebook.com\/aesia.pt\/"]}]}},"_links":{"self":[{"href":"https:\/\/aesia.pt\/portal\/wp-json\/wp\/v2\/pages\/7363","targetHints":{"allow":["GET"]}}],"collection":[{"href":"https:\/\/aesia.pt\/portal\/wp-json\/wp\/v2\/pages"}],"about":[{"href":"https:\/\/aesia.pt\/portal\/wp-json\/wp\/v2\/types\/page"}],"author":[{"embeddable":true,"href":"https:\/\/aesia.pt\/portal\/wp-json\/wp\/v2\/users\/8"}],"replies":[{"embeddable":true,"href":"https:\/\/aesia.pt\/portal\/wp-json\/wp\/v2\/comments?post=7363"}],"version-history":[{"count":57,"href":"https:\/\/aesia.pt\/portal\/wp-json\/wp\/v2\/pages\/7363\/revisions"}],"predecessor-version":[{"id":15660,"href":"https:\/\/aesia.pt\/portal\/wp-json\/wp\/v2\/pages\/7363\/revisions\/15660"}],"wp:attachment":[{"href":"https:\/\/aesia.pt\/portal\/wp-json\/wp\/v2\/media?parent=7363"}],"curies":[{"name":"wp","href":"https:\/\/api.w.org\/{rel}","templated":true}]}}