{"id":631,"date":"2014-09-12T17:37:41","date_gmt":"2014-09-12T17:37:41","guid":{"rendered":"http:\/\/aesia.pt\/portal\/?page_id=631"},"modified":"2024-12-17T11:18:24","modified_gmt":"2024-12-17T11:18:24","slug":"associacao-de-pais","status":"publish","type":"page","link":"https:\/\/aesia.pt\/portal\/a-aesia-agrupamento-de-escolas-de-santa-iria-de-azoia\/o-agrupamento\/escola-periscoxe-sede-de-agrupamento\/associacao-de-pais\/","title":{"rendered":"Associa\u00e7\u00e3o de Pais e Encarregados de Educa\u00e7\u00e3o"},"content":{"rendered":"<p>A Associa\u00e7\u00e3o de Pais procura promover a participa\u00e7\u00e3o ativa das fam\u00edlias na vida da Escola e no acompanhamento do crescimento pessoal e social dos seus filhos, assumindo-se como elo de liga\u00e7\u00e3o entre Pais e Encarregados de Educa\u00e7\u00e3o e a Escola.<\/p>\n<p>Procuramos contribuir ativamente para um ensino de excel\u00eancia, capaz de ser a voz privilegiada na defesa dos direitos dos pais com a educa\u00e7\u00e3o e ensino dos filhos.<\/p>\n<p><b>Temos como objetivos:<\/b><\/p>\n<p><b>No relacionamento com os Pais:<\/b><\/p>\n<ol>\n<li>Fortalecer a rela\u00e7\u00e3o e o envolvimento dos Pais na Associa\u00e7\u00e3o<\/li>\n<li>Melhorar a comunica\u00e7\u00e3o com os Pais<\/li>\n<li>Criar servi\u00e7os com \u201cutilidade\u201c para os Pais<\/li>\n<\/ol>\n<p><b>No relacionamento com os Alunos:<\/b><\/p>\n<ol>\n<li>Contribuir para o n\u00edvel de excel\u00eancia do ensino<\/li>\n<li>Apoiar os alunos com necessidades<\/li>\n<li>Promover e apoiar o desenvolvimento extracurricular<\/li>\n<\/ol>\n<p><b>Em termos associativos:<\/b><\/p>\n<ol>\n<li>Aperfei\u00e7oar a estrutura organizativa da Associa\u00e7\u00e3o de Pais<\/li>\n<li>Melhorar os canais de coopera\u00e7\u00e3o com a Dire\u00e7\u00e3o da Escola<\/li>\n<li>Promover uma \u201ccultura de colabora\u00e7\u00e3o\u201c entre as associa\u00e7\u00f5es de pais do Agrupamento<\/li>\n<\/ol>\n<p><b>Vantagens de ser nosso Associado:<\/b><\/p>\n<p>Receber toda a informa\u00e7\u00e3o que a APEE envia aos seus associados, e a possibilidade de usufruir de condi\u00e7\u00f5es vantajosas junto das entidades com quem temos presentemente protocolo.<\/p>\n<p>Atualmente temos protocolos formalmente realizados com GESLoures \u2013 Complexo de Piscinas de Santa Iria de Az\u00f3ia e Centros de Estudos Mentes Brilhantes, estando a ser preparados protocolos com outras entidades locais.<\/p>\n<p><b>G<\/b>ostar\u00edamos de trazer mais\u00a0<b>P<\/b>ais, que connosco abra\u00e7assem este projeto, pois colaborar com a Associa\u00e7\u00e3o de Pais \u00e9 um meio de participar na vida escolar do seu educando e tornando-se associado vai ajudar-nos a construir uma escola melhor, aumentar o sucesso escolar e assim contribuir para um futuro de sucesso.<\/p>\n<p><b>Junte-se a n\u00f3s na Associa\u00e7\u00e3o de Pais!<\/b><\/p>\n<p><!--<b>APEE EB2\/3 (maryzezy@hotmail.com)<\/b>--><\/p>\n<p><span id=\":1xy\" class=\"acD g-hovercard\" data-email=\"ap.eb23@aesia.pt\"><span class=\"\">Email: <a href=\"mailto:ap.eb23@aesia.pt\">ap.eb23@aesia.pt<\/a><\/span><\/span><\/p>\n<div class=\"acx J-J5-Ji\"><b>APEE Escola EB 2,3 de Santa Iria de Az\u00f3ia<\/b><\/div>\n<p><span class=\"acD g-hovercard\" style=\"color: #000000; font-family: arial, sans-serif; font-size: medium; line-height: normal; background-color: #f7f7f7;\" data-email=\"ap.eb23@aesia.pt\"><span class=\"\"><span style=\"font-size: 13px; color: #222222; padding: 1px 2px; margin: 2px; width: 106px; height: 15px; vertical-align: text-top; position: relative; display: inline-block; overflow: hidden; white-space: nowrap;\">\u00a0<\/span><\/span><\/span><\/p>\n","protected":false},"excerpt":{"rendered":"<p>A Associa\u00e7\u00e3o de Pais procura promover a participa\u00e7\u00e3o ativa das fam\u00edlias na vida da Escola e no acompanhamento do crescimento&hellip; <a class=\"continue\" href=\"https:\/\/aesia.pt\/portal\/a-aesia-agrupamento-de-escolas-de-santa-iria-de-azoia\/o-agrupamento\/escola-periscoxe-sede-de-agrupamento\/associacao-de-pais\/\">Ler mais<span> Associa\u00e7\u00e3o de Pais e Encarregados de Educa\u00e7\u00e3o<\/span><\/a><\/p>\n","protected":false},"author":8,"featured_media":0,"parent":613,"menu_order":0,"comment_status":"open","ping_status":"open","template":"p_base_escola_periscoxe.php","meta":{"_acf_changed":false,"footnotes":""},"class_list":["post-631","page","type-page","status-publish","hentry"],"acf":[],"yoast_head":"<!-- This site is optimized with the Yoast SEO plugin v27.4 - https:\/\/yoast.com\/product\/yoast-seo-wordpress\/ -->\n<title>Associa\u00e7\u00e3o de Pais e Encarregados de Educa\u00e7\u00e3o &#8211; AESIA<\/title>\n<meta name=\"robots\" content=\"index, follow, max-snippet:-1, max-image-preview:large, max-video-preview:-1\" \/>\n<link rel=\"canonical\" href=\"https:\/\/aesia.pt\/portal\/a-aesia-agrupamento-de-escolas-de-santa-iria-de-azoia\/o-agrupamento\/escola-periscoxe-sede-de-agrupamento\/associacao-de-pais\/\" \/>\n<meta property=\"og:locale\" content=\"pt_PT\" \/>\n<meta property=\"og:type\" content=\"article\" \/>\n<meta property=\"og:title\" content=\"Associa\u00e7\u00e3o de Pais e Encarregados de Educa\u00e7\u00e3o &#8211; AESIA\" \/>\n<meta property=\"og:description\" content=\"A Associa\u00e7\u00e3o de Pais procura promover a participa\u00e7\u00e3o ativa das fam\u00edlias na vida da Escola e no acompanhamento do crescimento&hellip; Ler mais Associa\u00e7\u00e3o de Pais e Encarregados de Educa\u00e7\u00e3o\" \/>\n<meta property=\"og:url\" content=\"https:\/\/aesia.pt\/portal\/a-aesia-agrupamento-de-escolas-de-santa-iria-de-azoia\/o-agrupamento\/escola-periscoxe-sede-de-agrupamento\/associacao-de-pais\/\" \/>\n<meta property=\"og:site_name\" content=\"AESIA\" \/>\n<meta property=\"article:publisher\" content=\"https:\/\/www.facebook.com\/aesia.pt\/\" \/>\n<meta property=\"article:modified_time\" content=\"2024-12-17T11:18:24+00:00\" \/>\n<meta name=\"twitter:card\" content=\"summary_large_image\" \/>\n<meta name=\"twitter:label1\" content=\"Tempo estimado de leitura\" \/>\n\t<meta name=\"twitter:data1\" content=\"2 minutos\" \/>\n<script type=\"application\/ld+json\" class=\"yoast-schema-graph\">{\"@context\":\"https:\\\/\\\/schema.org\",\"@graph\":[{\"@type\":\"WebPage\",\"@id\":\"https:\\\/\\\/aesia.pt\\\/portal\\\/a-aesia-agrupamento-de-escolas-de-santa-iria-de-azoia\\\/o-agrupamento\\\/escola-periscoxe-sede-de-agrupamento\\\/associacao-de-pais\\\/\",\"url\":\"https:\\\/\\\/aesia.pt\\\/portal\\\/a-aesia-agrupamento-de-escolas-de-santa-iria-de-azoia\\\/o-agrupamento\\\/escola-periscoxe-sede-de-agrupamento\\\/associacao-de-pais\\\/\",\"name\":\"Associa\u00e7\u00e3o de Pais e Encarregados de Educa\u00e7\u00e3o &#8211; AESIA\",\"isPartOf\":{\"@id\":\"https:\\\/\\\/aesia.pt\\\/portal\\\/#website\"},\"datePublished\":\"2014-09-12T17:37:41+00:00\",\"dateModified\":\"2024-12-17T11:18:24+00:00\",\"breadcrumb\":{\"@id\":\"https:\\\/\\\/aesia.pt\\\/portal\\\/a-aesia-agrupamento-de-escolas-de-santa-iria-de-azoia\\\/o-agrupamento\\\/escola-periscoxe-sede-de-agrupamento\\\/associacao-de-pais\\\/#breadcrumb\"},\"inLanguage\":\"pt-PT\",\"potentialAction\":[{\"@type\":\"ReadAction\",\"target\":[\"https:\\\/\\\/aesia.pt\\\/portal\\\/a-aesia-agrupamento-de-escolas-de-santa-iria-de-azoia\\\/o-agrupamento\\\/escola-periscoxe-sede-de-agrupamento\\\/associacao-de-pais\\\/\"]}]},{\"@type\":\"BreadcrumbList\",\"@id\":\"https:\\\/\\\/aesia.pt\\\/portal\\\/a-aesia-agrupamento-de-escolas-de-santa-iria-de-azoia\\\/o-agrupamento\\\/escola-periscoxe-sede-de-agrupamento\\\/associacao-de-pais\\\/#breadcrumb\",\"itemListElement\":[{\"@type\":\"ListItem\",\"position\":1,\"name\":\"Home\",\"item\":\"https:\\\/\\\/aesia.pt\\\/portal\\\/\"},{\"@type\":\"ListItem\",\"position\":2,\"name\":\"AESIA &#8211; Agrupamento de Escolas de Santa Iria de Azoia\",\"item\":\"https:\\\/\\\/aesia.pt\\\/portal\\\/a-aesia-agrupamento-de-escolas-de-santa-iria-de-azoia\\\/\"},{\"@type\":\"ListItem\",\"position\":3,\"name\":\"O Agrupamento\",\"item\":\"https:\\\/\\\/aesia.pt\\\/portal\\\/a-aesia-agrupamento-de-escolas-de-santa-iria-de-azoia\\\/o-agrupamento\\\/\"},{\"@type\":\"ListItem\",\"position\":4,\"name\":\"EB 2\\\/3 Santa Iria de Az\u00f3ia\",\"item\":\"https:\\\/\\\/aesia.pt\\\/portal\\\/a-aesia-agrupamento-de-escolas-de-santa-iria-de-azoia\\\/o-agrupamento\\\/escola-periscoxe-sede-de-agrupamento\\\/\"},{\"@type\":\"ListItem\",\"position\":5,\"name\":\"Associa\u00e7\u00e3o de Pais e Encarregados de Educa\u00e7\u00e3o\"}]},{\"@type\":\"WebSite\",\"@id\":\"https:\\\/\\\/aesia.pt\\\/portal\\\/#website\",\"url\":\"https:\\\/\\\/aesia.pt\\\/portal\\\/\",\"name\":\"AESIA\",\"description\":\"Agrupamento de Escolas de Santa Iria de Az\u00f3ia\",\"publisher\":{\"@id\":\"https:\\\/\\\/aesia.pt\\\/portal\\\/#organization\"},\"alternateName\":\"Agrupamento de Escolas de Santa Iria de Az\u00f3ia\",\"potentialAction\":[{\"@type\":\"SearchAction\",\"target\":{\"@type\":\"EntryPoint\",\"urlTemplate\":\"https:\\\/\\\/aesia.pt\\\/portal\\\/?s={search_term_string}\"},\"query-input\":{\"@type\":\"PropertyValueSpecification\",\"valueRequired\":true,\"valueName\":\"search_term_string\"}}],\"inLanguage\":\"pt-PT\"},{\"@type\":\"Organization\",\"@id\":\"https:\\\/\\\/aesia.pt\\\/portal\\\/#organization\",\"name\":\"Agrupamento de Escolas de Santa Iria de Az\u00f3ia\",\"alternateName\":\"AESIA\",\"url\":\"https:\\\/\\\/aesia.pt\\\/portal\\\/\",\"logo\":{\"@type\":\"ImageObject\",\"inLanguage\":\"pt-PT\",\"@id\":\"https:\\\/\\\/aesia.pt\\\/portal\\\/#\\\/schema\\\/logo\\\/image\\\/\",\"url\":\"https:\\\/\\\/aesia.pt\\\/portal\\\/wp-content\\\/uploads\\\/2023\\\/04\\\/logo4.png\",\"contentUrl\":\"https:\\\/\\\/aesia.pt\\\/portal\\\/wp-content\\\/uploads\\\/2023\\\/04\\\/logo4.png\",\"width\":162,\"height\":162,\"caption\":\"Agrupamento de Escolas de Santa Iria de Az\u00f3ia\"},\"image\":{\"@id\":\"https:\\\/\\\/aesia.pt\\\/portal\\\/#\\\/schema\\\/logo\\\/image\\\/\"},\"sameAs\":[\"https:\\\/\\\/www.facebook.com\\\/aesia.pt\\\/\"]}]}<\/script>\n<!-- \/ Yoast SEO plugin. -->","yoast_head_json":{"title":"Associa\u00e7\u00e3o de Pais e Encarregados de Educa\u00e7\u00e3o &#8211; AESIA","robots":{"index":"index","follow":"follow","max-snippet":"max-snippet:-1","max-image-preview":"max-image-preview:large","max-video-preview":"max-video-preview:-1"},"canonical":"https:\/\/aesia.pt\/portal\/a-aesia-agrupamento-de-escolas-de-santa-iria-de-azoia\/o-agrupamento\/escola-periscoxe-sede-de-agrupamento\/associacao-de-pais\/","og_locale":"pt_PT","og_type":"article","og_title":"Associa\u00e7\u00e3o de Pais e Encarregados de Educa\u00e7\u00e3o &#8211; AESIA","og_description":"A Associa\u00e7\u00e3o de Pais procura promover a participa\u00e7\u00e3o ativa das fam\u00edlias na vida da Escola e no acompanhamento do crescimento&hellip; Ler mais Associa\u00e7\u00e3o de Pais e Encarregados de Educa\u00e7\u00e3o","og_url":"https:\/\/aesia.pt\/portal\/a-aesia-agrupamento-de-escolas-de-santa-iria-de-azoia\/o-agrupamento\/escola-periscoxe-sede-de-agrupamento\/associacao-de-pais\/","og_site_name":"AESIA","article_publisher":"https:\/\/www.facebook.com\/aesia.pt\/","article_modified_time":"2024-12-17T11:18:24+00:00","twitter_card":"summary_large_image","twitter_misc":{"Tempo estimado de leitura":"2 minutos"},"schema":{"@context":"https:\/\/schema.org","@graph":[{"@type":"WebPage","@id":"https:\/\/aesia.pt\/portal\/a-aesia-agrupamento-de-escolas-de-santa-iria-de-azoia\/o-agrupamento\/escola-periscoxe-sede-de-agrupamento\/associacao-de-pais\/","url":"https:\/\/aesia.pt\/portal\/a-aesia-agrupamento-de-escolas-de-santa-iria-de-azoia\/o-agrupamento\/escola-periscoxe-sede-de-agrupamento\/associacao-de-pais\/","name":"Associa\u00e7\u00e3o de Pais e Encarregados de Educa\u00e7\u00e3o &#8211; AESIA","isPartOf":{"@id":"https:\/\/aesia.pt\/portal\/#website"},"datePublished":"2014-09-12T17:37:41+00:00","dateModified":"2024-12-17T11:18:24+00:00","breadcrumb":{"@id":"https:\/\/aesia.pt\/portal\/a-aesia-agrupamento-de-escolas-de-santa-iria-de-azoia\/o-agrupamento\/escola-periscoxe-sede-de-agrupamento\/associacao-de-pais\/#breadcrumb"},"inLanguage":"pt-PT","potentialAction":[{"@type":"ReadAction","target":["https:\/\/aesia.pt\/portal\/a-aesia-agrupamento-de-escolas-de-santa-iria-de-azoia\/o-agrupamento\/escola-periscoxe-sede-de-agrupamento\/associacao-de-pais\/"]}]},{"@type":"BreadcrumbList","@id":"https:\/\/aesia.pt\/portal\/a-aesia-agrupamento-de-escolas-de-santa-iria-de-azoia\/o-agrupamento\/escola-periscoxe-sede-de-agrupamento\/associacao-de-pais\/#breadcrumb","itemListElement":[{"@type":"ListItem","position":1,"name":"Home","item":"https:\/\/aesia.pt\/portal\/"},{"@type":"ListItem","position":2,"name":"AESIA &#8211; Agrupamento de Escolas de Santa Iria de Azoia","item":"https:\/\/aesia.pt\/portal\/a-aesia-agrupamento-de-escolas-de-santa-iria-de-azoia\/"},{"@type":"ListItem","position":3,"name":"O Agrupamento","item":"https:\/\/aesia.pt\/portal\/a-aesia-agrupamento-de-escolas-de-santa-iria-de-azoia\/o-agrupamento\/"},{"@type":"ListItem","position":4,"name":"EB 2\/3 Santa Iria de Az\u00f3ia","item":"https:\/\/aesia.pt\/portal\/a-aesia-agrupamento-de-escolas-de-santa-iria-de-azoia\/o-agrupamento\/escola-periscoxe-sede-de-agrupamento\/"},{"@type":"ListItem","position":5,"name":"Associa\u00e7\u00e3o de Pais e Encarregados de Educa\u00e7\u00e3o"}]},{"@type":"WebSite","@id":"https:\/\/aesia.pt\/portal\/#website","url":"https:\/\/aesia.pt\/portal\/","name":"AESIA","description":"Agrupamento de Escolas de Santa Iria de Az\u00f3ia","publisher":{"@id":"https:\/\/aesia.pt\/portal\/#organization"},"alternateName":"Agrupamento de Escolas de Santa Iria de Az\u00f3ia","potentialAction":[{"@type":"SearchAction","target":{"@type":"EntryPoint","urlTemplate":"https:\/\/aesia.pt\/portal\/?s={search_term_string}"},"query-input":{"@type":"PropertyValueSpecification","valueRequired":true,"valueName":"search_term_string"}}],"inLanguage":"pt-PT"},{"@type":"Organization","@id":"https:\/\/aesia.pt\/portal\/#organization","name":"Agrupamento de Escolas de Santa Iria de Az\u00f3ia","alternateName":"AESIA","url":"https:\/\/aesia.pt\/portal\/","logo":{"@type":"ImageObject","inLanguage":"pt-PT","@id":"https:\/\/aesia.pt\/portal\/#\/schema\/logo\/image\/","url":"https:\/\/aesia.pt\/portal\/wp-content\/uploads\/2023\/04\/logo4.png","contentUrl":"https:\/\/aesia.pt\/portal\/wp-content\/uploads\/2023\/04\/logo4.png","width":162,"height":162,"caption":"Agrupamento de Escolas de Santa Iria de Az\u00f3ia"},"image":{"@id":"https:\/\/aesia.pt\/portal\/#\/schema\/logo\/image\/"},"sameAs":["https:\/\/www.facebook.com\/aesia.pt\/"]}]}},"_links":{"self":[{"href":"https:\/\/aesia.pt\/portal\/wp-json\/wp\/v2\/pages\/631","targetHints":{"allow":["GET"]}}],"collection":[{"href":"https:\/\/aesia.pt\/portal\/wp-json\/wp\/v2\/pages"}],"about":[{"href":"https:\/\/aesia.pt\/portal\/wp-json\/wp\/v2\/types\/page"}],"author":[{"embeddable":true,"href":"https:\/\/aesia.pt\/portal\/wp-json\/wp\/v2\/users\/8"}],"replies":[{"embeddable":true,"href":"https:\/\/aesia.pt\/portal\/wp-json\/wp\/v2\/comments?post=631"}],"version-history":[{"count":12,"href":"https:\/\/aesia.pt\/portal\/wp-json\/wp\/v2\/pages\/631\/revisions"}],"predecessor-version":[{"id":13743,"href":"https:\/\/aesia.pt\/portal\/wp-json\/wp\/v2\/pages\/631\/revisions\/13743"}],"up":[{"embeddable":true,"href":"https:\/\/aesia.pt\/portal\/wp-json\/wp\/v2\/pages\/613"}],"wp:attachment":[{"href":"https:\/\/aesia.pt\/portal\/wp-json\/wp\/v2\/media?parent=631"}],"curies":[{"name":"wp","href":"https:\/\/api.w.org\/{rel}","templated":true}]}}