{"id":6220,"date":"2022-10-24T16:48:12","date_gmt":"2022-10-24T16:48:12","guid":{"rendered":"https:\/\/aesia.pt\/portal\/?page_id=6220"},"modified":"2026-02-12T15:30:55","modified_gmt":"2026-02-12T15:30:55","slug":"outros-documentos-normativos","status":"publish","type":"page","link":"https:\/\/aesia.pt\/portal\/a-aesia-agrupamento-de-escolas-de-santa-iria-de-azoia\/outros-documentos-normativos\/","title":{"rendered":"Outros documentos normativos"},"content":{"rendered":"\n<figure class=\"wp-block-image size-full\"><a href=\"https:\/\/aesia.pt\/portal\/wp-content\/uploads\/2024\/01\/DN-1.png\"><img loading=\"lazy\" decoding=\"async\" width=\"347\" height=\"255\" src=\"https:\/\/aesia.pt\/portal\/wp-content\/uploads\/2024\/01\/DN-1.png\" alt=\"\" class=\"wp-image-10295\" srcset=\"https:\/\/aesia.pt\/portal\/wp-content\/uploads\/2024\/01\/DN-1.png 347w, https:\/\/aesia.pt\/portal\/wp-content\/uploads\/2024\/01\/DN-1-300x220.png 300w\" sizes=\"auto, (max-width: 347px) 100vw, 347px\" \/><\/a><\/figure>\n\n\n<p>I &#8211; <a href=\"https:\/\/drive.google.com\/file\/d\/1ZYMzN6vaMCIKVbaVn_96aOhO2GhZjb5e\/view?usp=sharing\">Crit\u00e9rios Gerais de Avalia\u00e7\u00e3o<\/a><\/p>\n<p>II &#8211; <a href=\"https:\/\/aesia.pt\/portal\/a-aesia-agrupamento-de-escolas-de-santa-iria-de-azoia\/outros-documentos-normativos\/#:~:text=Crit%C3%A9rios%20Espec%C3%ADficos%20de%20Avalia%C3%A7%C3%A3o\">Crit\u00e9rios Espec\u00edficos de Avalia\u00e7\u00e3o<\/a><\/p>\n<p>III &#8211; <a href=\"https:\/\/drive.google.com\/file\/d\/1sxtp131qBXPxU5huB5X8LuyrK1HgQU39\/view?usp=sharing\">Crit\u00e9rios Espec\u00edficos de Avalia\u00e7\u00e3o\/Reten\u00e7\u00e3o Conservat\u00f3rio<\/a><\/p>\n<p>IV &#8211; <a href=\"https:\/\/docs.google.com\/document\/d\/13mX_J1WLglopreYO-RHY4z1G4nfYpSMS\/edit?usp=sharing&amp;ouid=106753525937327930591&amp;rtpof=true&amp;sd=true\">Planifica\u00e7\u00f5es gerais\/anuais &#8211; 2025 &#8211; 2026<\/a><\/p>\n<p>V &#8211; <a href=\"https:\/\/drive.google.com\/file\/d\/1t0NnCu_Wvm6YYrneFDPrWejX27MgBmBF\/view?usp=sharing\">Crit\u00e9rios de forma\u00e7\u00e3o de turmas<\/a><\/p>\n<p>VI &#8211; <a href=\"https:\/\/drive.google.com\/file\/d\/1kbivpG9dZpDzy0il90tNjc_fBAZUIdAF\/view?usp=sharing\">Crit\u00e9rios de forma\u00e7\u00e3o de hor\u00e1rios<\/a>\u00a0<\/p>\n<p>VII &#8211; <a href=\"https:\/\/drive.google.com\/file\/d\/15KHCFuWiXSehlMCb21bDISWwmHBqz_5C\/view?usp=sharing\">Normas ASE<\/a><\/p>\n\n\n<p>VIII &#8211; <a href=\"https:\/\/drive.google.com\/file\/d\/1cHTr90Xyql9fGX5iriheD88iMGX0HSUZ\/view?usp=sharing\">Tipifica\u00e7\u00e3o das Infra\u00e7\u00f5es e Medidas disciplinares<\/a><\/p>\n\n\n\n<p>IX &#8211;<a href=\"https:\/\/drive.google.com\/file\/d\/1hsT_9eewuOBBbtc6e9DWwoUGCywO3Ftr\/view?usp=sharing\"> Relat\u00f3rio de Avalia\u00e7\u00e3o Externa_24_25<\/a><\/p>\n\n\n\n<p><\/p>\n","protected":false},"excerpt":{"rendered":"<p>I &#8211; Crit\u00e9rios Gerais de Avalia\u00e7\u00e3o II &#8211; Crit\u00e9rios Espec\u00edficos de Avalia\u00e7\u00e3o III &#8211; Crit\u00e9rios Espec\u00edficos de Avalia\u00e7\u00e3o\/Reten\u00e7\u00e3o Conservat\u00f3rio IV&hellip; <a class=\"continue\" href=\"https:\/\/aesia.pt\/portal\/a-aesia-agrupamento-de-escolas-de-santa-iria-de-azoia\/outros-documentos-normativos\/\">Ler mais<span> Outros documentos normativos<\/span><\/a><\/p>\n","protected":false},"author":8,"featured_media":0,"parent":4,"menu_order":0,"comment_status":"closed","ping_status":"closed","template":"p_base.php","meta":{"_acf_changed":false,"footnotes":""},"class_list":["post-6220","page","type-page","status-publish","hentry"],"acf":[],"yoast_head":"<!-- This site is optimized with the Yoast SEO plugin v27.4 - https:\/\/yoast.com\/product\/yoast-seo-wordpress\/ -->\n<title>Outros documentos normativos &#8211; AESIA<\/title>\n<meta name=\"description\" content=\"Em manuten\u00e7\u00e3o.\" \/>\n<meta name=\"robots\" content=\"index, follow, max-snippet:-1, max-image-preview:large, max-video-preview:-1\" \/>\n<link rel=\"canonical\" href=\"https:\/\/aesia.pt\/portal\/a-aesia-agrupamento-de-escolas-de-santa-iria-de-azoia\/outros-documentos-normativos\/\" \/>\n<meta property=\"og:locale\" content=\"pt_PT\" \/>\n<meta property=\"og:type\" content=\"article\" \/>\n<meta property=\"og:title\" content=\"Outros documentos normativos &#8211; AESIA\" \/>\n<meta property=\"og:description\" content=\"Em manuten\u00e7\u00e3o.\" \/>\n<meta property=\"og:url\" content=\"https:\/\/aesia.pt\/portal\/a-aesia-agrupamento-de-escolas-de-santa-iria-de-azoia\/outros-documentos-normativos\/\" \/>\n<meta property=\"og:site_name\" content=\"AESIA\" \/>\n<meta property=\"article:publisher\" content=\"https:\/\/www.facebook.com\/aesia.pt\/\" \/>\n<meta property=\"article:modified_time\" content=\"2026-02-12T15:30:55+00:00\" \/>\n<meta property=\"og:image\" content=\"https:\/\/aesia.pt\/portal\/wp-content\/uploads\/2024\/01\/DN-1.png\" \/>\n\t<meta property=\"og:image:width\" content=\"347\" \/>\n\t<meta property=\"og:image:height\" content=\"255\" \/>\n\t<meta property=\"og:image:type\" content=\"image\/png\" \/>\n<meta name=\"twitter:card\" content=\"summary_large_image\" \/>\n<meta name=\"twitter:label1\" content=\"Tempo estimado de leitura\" \/>\n\t<meta name=\"twitter:data1\" content=\"1 minuto\" \/>\n<script type=\"application\/ld+json\" class=\"yoast-schema-graph\">{\"@context\":\"https:\\\/\\\/schema.org\",\"@graph\":[{\"@type\":\"WebPage\",\"@id\":\"https:\\\/\\\/aesia.pt\\\/portal\\\/a-aesia-agrupamento-de-escolas-de-santa-iria-de-azoia\\\/outros-documentos-normativos\\\/\",\"url\":\"https:\\\/\\\/aesia.pt\\\/portal\\\/a-aesia-agrupamento-de-escolas-de-santa-iria-de-azoia\\\/outros-documentos-normativos\\\/\",\"name\":\"Outros documentos normativos &#8211; AESIA\",\"isPartOf\":{\"@id\":\"https:\\\/\\\/aesia.pt\\\/portal\\\/#website\"},\"primaryImageOfPage\":{\"@id\":\"https:\\\/\\\/aesia.pt\\\/portal\\\/a-aesia-agrupamento-de-escolas-de-santa-iria-de-azoia\\\/outros-documentos-normativos\\\/#primaryimage\"},\"image\":{\"@id\":\"https:\\\/\\\/aesia.pt\\\/portal\\\/a-aesia-agrupamento-de-escolas-de-santa-iria-de-azoia\\\/outros-documentos-normativos\\\/#primaryimage\"},\"thumbnailUrl\":\"https:\\\/\\\/aesia.pt\\\/portal\\\/wp-content\\\/uploads\\\/2024\\\/01\\\/DN-1.png\",\"datePublished\":\"2022-10-24T16:48:12+00:00\",\"dateModified\":\"2026-02-12T15:30:55+00:00\",\"description\":\"Em manuten\u00e7\u00e3o.\",\"breadcrumb\":{\"@id\":\"https:\\\/\\\/aesia.pt\\\/portal\\\/a-aesia-agrupamento-de-escolas-de-santa-iria-de-azoia\\\/outros-documentos-normativos\\\/#breadcrumb\"},\"inLanguage\":\"pt-PT\",\"potentialAction\":[{\"@type\":\"ReadAction\",\"target\":[\"https:\\\/\\\/aesia.pt\\\/portal\\\/a-aesia-agrupamento-de-escolas-de-santa-iria-de-azoia\\\/outros-documentos-normativos\\\/\"]}]},{\"@type\":\"ImageObject\",\"inLanguage\":\"pt-PT\",\"@id\":\"https:\\\/\\\/aesia.pt\\\/portal\\\/a-aesia-agrupamento-de-escolas-de-santa-iria-de-azoia\\\/outros-documentos-normativos\\\/#primaryimage\",\"url\":\"https:\\\/\\\/aesia.pt\\\/portal\\\/wp-content\\\/uploads\\\/2024\\\/01\\\/DN-1.png\",\"contentUrl\":\"https:\\\/\\\/aesia.pt\\\/portal\\\/wp-content\\\/uploads\\\/2024\\\/01\\\/DN-1.png\",\"width\":347,\"height\":255},{\"@type\":\"BreadcrumbList\",\"@id\":\"https:\\\/\\\/aesia.pt\\\/portal\\\/a-aesia-agrupamento-de-escolas-de-santa-iria-de-azoia\\\/outros-documentos-normativos\\\/#breadcrumb\",\"itemListElement\":[{\"@type\":\"ListItem\",\"position\":1,\"name\":\"Home\",\"item\":\"https:\\\/\\\/aesia.pt\\\/portal\\\/\"},{\"@type\":\"ListItem\",\"position\":2,\"name\":\"AESIA &#8211; Agrupamento de Escolas de Santa Iria de Azoia\",\"item\":\"https:\\\/\\\/aesia.pt\\\/portal\\\/a-aesia-agrupamento-de-escolas-de-santa-iria-de-azoia\\\/\"},{\"@type\":\"ListItem\",\"position\":3,\"name\":\"Outros documentos normativos\"}]},{\"@type\":\"WebSite\",\"@id\":\"https:\\\/\\\/aesia.pt\\\/portal\\\/#website\",\"url\":\"https:\\\/\\\/aesia.pt\\\/portal\\\/\",\"name\":\"AESIA\",\"description\":\"Agrupamento de Escolas de Santa Iria de Az\u00f3ia\",\"publisher\":{\"@id\":\"https:\\\/\\\/aesia.pt\\\/portal\\\/#organization\"},\"alternateName\":\"Agrupamento de Escolas de Santa Iria de Az\u00f3ia\",\"potentialAction\":[{\"@type\":\"SearchAction\",\"target\":{\"@type\":\"EntryPoint\",\"urlTemplate\":\"https:\\\/\\\/aesia.pt\\\/portal\\\/?s={search_term_string}\"},\"query-input\":{\"@type\":\"PropertyValueSpecification\",\"valueRequired\":true,\"valueName\":\"search_term_string\"}}],\"inLanguage\":\"pt-PT\"},{\"@type\":\"Organization\",\"@id\":\"https:\\\/\\\/aesia.pt\\\/portal\\\/#organization\",\"name\":\"Agrupamento de Escolas de Santa Iria de Az\u00f3ia\",\"alternateName\":\"AESIA\",\"url\":\"https:\\\/\\\/aesia.pt\\\/portal\\\/\",\"logo\":{\"@type\":\"ImageObject\",\"inLanguage\":\"pt-PT\",\"@id\":\"https:\\\/\\\/aesia.pt\\\/portal\\\/#\\\/schema\\\/logo\\\/image\\\/\",\"url\":\"https:\\\/\\\/aesia.pt\\\/portal\\\/wp-content\\\/uploads\\\/2023\\\/04\\\/logo4.png\",\"contentUrl\":\"https:\\\/\\\/aesia.pt\\\/portal\\\/wp-content\\\/uploads\\\/2023\\\/04\\\/logo4.png\",\"width\":162,\"height\":162,\"caption\":\"Agrupamento de Escolas de Santa Iria de Az\u00f3ia\"},\"image\":{\"@id\":\"https:\\\/\\\/aesia.pt\\\/portal\\\/#\\\/schema\\\/logo\\\/image\\\/\"},\"sameAs\":[\"https:\\\/\\\/www.facebook.com\\\/aesia.pt\\\/\"]}]}<\/script>\n<!-- \/ Yoast SEO plugin. -->","yoast_head_json":{"title":"Outros documentos normativos &#8211; AESIA","description":"Em manuten\u00e7\u00e3o.","robots":{"index":"index","follow":"follow","max-snippet":"max-snippet:-1","max-image-preview":"max-image-preview:large","max-video-preview":"max-video-preview:-1"},"canonical":"https:\/\/aesia.pt\/portal\/a-aesia-agrupamento-de-escolas-de-santa-iria-de-azoia\/outros-documentos-normativos\/","og_locale":"pt_PT","og_type":"article","og_title":"Outros documentos normativos &#8211; AESIA","og_description":"Em manuten\u00e7\u00e3o.","og_url":"https:\/\/aesia.pt\/portal\/a-aesia-agrupamento-de-escolas-de-santa-iria-de-azoia\/outros-documentos-normativos\/","og_site_name":"AESIA","article_publisher":"https:\/\/www.facebook.com\/aesia.pt\/","article_modified_time":"2026-02-12T15:30:55+00:00","og_image":[{"width":347,"height":255,"url":"https:\/\/aesia.pt\/portal\/wp-content\/uploads\/2024\/01\/DN-1.png","type":"image\/png"}],"twitter_card":"summary_large_image","twitter_misc":{"Tempo estimado de leitura":"1 minuto"},"schema":{"@context":"https:\/\/schema.org","@graph":[{"@type":"WebPage","@id":"https:\/\/aesia.pt\/portal\/a-aesia-agrupamento-de-escolas-de-santa-iria-de-azoia\/outros-documentos-normativos\/","url":"https:\/\/aesia.pt\/portal\/a-aesia-agrupamento-de-escolas-de-santa-iria-de-azoia\/outros-documentos-normativos\/","name":"Outros documentos normativos &#8211; AESIA","isPartOf":{"@id":"https:\/\/aesia.pt\/portal\/#website"},"primaryImageOfPage":{"@id":"https:\/\/aesia.pt\/portal\/a-aesia-agrupamento-de-escolas-de-santa-iria-de-azoia\/outros-documentos-normativos\/#primaryimage"},"image":{"@id":"https:\/\/aesia.pt\/portal\/a-aesia-agrupamento-de-escolas-de-santa-iria-de-azoia\/outros-documentos-normativos\/#primaryimage"},"thumbnailUrl":"https:\/\/aesia.pt\/portal\/wp-content\/uploads\/2024\/01\/DN-1.png","datePublished":"2022-10-24T16:48:12+00:00","dateModified":"2026-02-12T15:30:55+00:00","description":"Em manuten\u00e7\u00e3o.","breadcrumb":{"@id":"https:\/\/aesia.pt\/portal\/a-aesia-agrupamento-de-escolas-de-santa-iria-de-azoia\/outros-documentos-normativos\/#breadcrumb"},"inLanguage":"pt-PT","potentialAction":[{"@type":"ReadAction","target":["https:\/\/aesia.pt\/portal\/a-aesia-agrupamento-de-escolas-de-santa-iria-de-azoia\/outros-documentos-normativos\/"]}]},{"@type":"ImageObject","inLanguage":"pt-PT","@id":"https:\/\/aesia.pt\/portal\/a-aesia-agrupamento-de-escolas-de-santa-iria-de-azoia\/outros-documentos-normativos\/#primaryimage","url":"https:\/\/aesia.pt\/portal\/wp-content\/uploads\/2024\/01\/DN-1.png","contentUrl":"https:\/\/aesia.pt\/portal\/wp-content\/uploads\/2024\/01\/DN-1.png","width":347,"height":255},{"@type":"BreadcrumbList","@id":"https:\/\/aesia.pt\/portal\/a-aesia-agrupamento-de-escolas-de-santa-iria-de-azoia\/outros-documentos-normativos\/#breadcrumb","itemListElement":[{"@type":"ListItem","position":1,"name":"Home","item":"https:\/\/aesia.pt\/portal\/"},{"@type":"ListItem","position":2,"name":"AESIA &#8211; Agrupamento de Escolas de Santa Iria de Azoia","item":"https:\/\/aesia.pt\/portal\/a-aesia-agrupamento-de-escolas-de-santa-iria-de-azoia\/"},{"@type":"ListItem","position":3,"name":"Outros documentos normativos"}]},{"@type":"WebSite","@id":"https:\/\/aesia.pt\/portal\/#website","url":"https:\/\/aesia.pt\/portal\/","name":"AESIA","description":"Agrupamento de Escolas de Santa Iria de Az\u00f3ia","publisher":{"@id":"https:\/\/aesia.pt\/portal\/#organization"},"alternateName":"Agrupamento de Escolas de Santa Iria de Az\u00f3ia","potentialAction":[{"@type":"SearchAction","target":{"@type":"EntryPoint","urlTemplate":"https:\/\/aesia.pt\/portal\/?s={search_term_string}"},"query-input":{"@type":"PropertyValueSpecification","valueRequired":true,"valueName":"search_term_string"}}],"inLanguage":"pt-PT"},{"@type":"Organization","@id":"https:\/\/aesia.pt\/portal\/#organization","name":"Agrupamento de Escolas de Santa Iria de Az\u00f3ia","alternateName":"AESIA","url":"https:\/\/aesia.pt\/portal\/","logo":{"@type":"ImageObject","inLanguage":"pt-PT","@id":"https:\/\/aesia.pt\/portal\/#\/schema\/logo\/image\/","url":"https:\/\/aesia.pt\/portal\/wp-content\/uploads\/2023\/04\/logo4.png","contentUrl":"https:\/\/aesia.pt\/portal\/wp-content\/uploads\/2023\/04\/logo4.png","width":162,"height":162,"caption":"Agrupamento de Escolas de Santa Iria de Az\u00f3ia"},"image":{"@id":"https:\/\/aesia.pt\/portal\/#\/schema\/logo\/image\/"},"sameAs":["https:\/\/www.facebook.com\/aesia.pt\/"]}]}},"_links":{"self":[{"href":"https:\/\/aesia.pt\/portal\/wp-json\/wp\/v2\/pages\/6220","targetHints":{"allow":["GET"]}}],"collection":[{"href":"https:\/\/aesia.pt\/portal\/wp-json\/wp\/v2\/pages"}],"about":[{"href":"https:\/\/aesia.pt\/portal\/wp-json\/wp\/v2\/types\/page"}],"author":[{"embeddable":true,"href":"https:\/\/aesia.pt\/portal\/wp-json\/wp\/v2\/users\/8"}],"replies":[{"embeddable":true,"href":"https:\/\/aesia.pt\/portal\/wp-json\/wp\/v2\/comments?post=6220"}],"version-history":[{"count":30,"href":"https:\/\/aesia.pt\/portal\/wp-json\/wp\/v2\/pages\/6220\/revisions"}],"predecessor-version":[{"id":16661,"href":"https:\/\/aesia.pt\/portal\/wp-json\/wp\/v2\/pages\/6220\/revisions\/16661"}],"up":[{"embeddable":true,"href":"https:\/\/aesia.pt\/portal\/wp-json\/wp\/v2\/pages\/4"}],"wp:attachment":[{"href":"https:\/\/aesia.pt\/portal\/wp-json\/wp\/v2\/media?parent=6220"}],"curies":[{"name":"wp","href":"https:\/\/api.w.org\/{rel}","templated":true}]}}