{"id":6212,"date":"2022-10-24T16:43:14","date_gmt":"2022-10-24T16:43:14","guid":{"rendered":"https:\/\/aesia.pt\/portal\/?page_id=6212"},"modified":"2025-01-08T09:53:26","modified_gmt":"2025-01-08T09:53:26","slug":"documentos","status":"publish","type":"page","link":"https:\/\/aesia.pt\/portal\/documentos\/","title":{"rendered":"Documentos"},"content":{"rendered":"\n<p>O regime de autonomia, da administra\u00e7\u00e3o e da gest\u00e3o, o AESIA institui no Regulamento Interno o desenho organizacional do agrupamento, bem como o regime de funcionamento dos \u00f3rg\u00e3os de administra\u00e7\u00e3o e gest\u00e3o escolar. Nesse \u00e2mbito, constituem-se como princ\u00edpios norteadores do Regulamento Interno a promo\u00e7\u00e3o&nbsp;de uma cultura de exig\u00eancia e de responsabilidade, mas tamb\u00e9m um compromisso no assumir um&nbsp;conjunto de valores de conviv\u00eancia c\u00edvica e de cidadania, no respeito pela diferen\u00e7a e pela&nbsp;identidade de cada um dos atores envolvidos, que a ele ficam obrigados.<\/p>\n\n\n\n<p>As Estruturas de Orienta\u00e7\u00e3o Educativa e Pedag\u00f3gica visa o desenvolvimento do Projeto Educativo, as estruturas de coordena\u00e7\u00e3o educativa e de supervis\u00e3o pedag\u00f3gica colaboram com o Conselho Pedag\u00f3gico e com o Diretor e asseguram o acompanhamento eficaz do percurso escolar das crian\u00e7as e dos alunos, na perspetiva da promo\u00e7\u00e3o da qualidade educativa.<\/p>\n\n\n\n<p>Ao mesmo tempo que se visa&nbsp;regular a vida dos atores educativos e sociais, procura-se conferir uma maior intencionalidade na&nbsp;a\u00e7\u00e3o educativa contribuindo, assim, para promover uma mais eficaz articula\u00e7\u00e3o com a&nbsp;comunidade educativa.<\/p>\n\n\n\n<p><\/p>\n","protected":false},"excerpt":{"rendered":"<p>O regime de autonomia, da administra\u00e7\u00e3o e da gest\u00e3o, o AESIA institui no Regulamento Interno o desenho organizacional do agrupamento,&hellip; <a class=\"continue\" href=\"https:\/\/aesia.pt\/portal\/documentos\/\">Ler mais<span> Documentos<\/span><\/a><\/p>\n","protected":false},"author":8,"featured_media":0,"parent":0,"menu_order":0,"comment_status":"closed","ping_status":"closed","template":"p_base.php","meta":{"_acf_changed":false,"footnotes":""},"class_list":["post-6212","page","type-page","status-publish","hentry"],"acf":[],"yoast_head":"<!-- This site is optimized with the Yoast SEO plugin v27.3 - https:\/\/yoast.com\/product\/yoast-seo-wordpress\/ -->\n<title>Documentos &#8211; AESIA<\/title>\n<meta name=\"robots\" content=\"index, follow, max-snippet:-1, max-image-preview:large, max-video-preview:-1\" \/>\n<link rel=\"canonical\" href=\"https:\/\/aesia.pt\/portal\/documentos\/\" \/>\n<meta property=\"og:locale\" content=\"pt_PT\" \/>\n<meta property=\"og:type\" content=\"article\" \/>\n<meta property=\"og:title\" content=\"Documentos &#8211; AESIA\" \/>\n<meta property=\"og:description\" content=\"O regime de autonomia, da administra\u00e7\u00e3o e da gest\u00e3o, o AESIA institui no Regulamento Interno o desenho organizacional do agrupamento,&hellip; Ler mais Documentos\" \/>\n<meta property=\"og:url\" content=\"https:\/\/aesia.pt\/portal\/documentos\/\" \/>\n<meta property=\"og:site_name\" content=\"AESIA\" \/>\n<meta property=\"article:publisher\" content=\"https:\/\/www.facebook.com\/aesia.pt\/\" \/>\n<meta property=\"article:modified_time\" content=\"2025-01-08T09:53:26+00:00\" \/>\n<meta name=\"twitter:card\" content=\"summary_large_image\" \/>\n<meta name=\"twitter:label1\" content=\"Tempo estimado de leitura\" \/>\n\t<meta name=\"twitter:data1\" content=\"1 minuto\" \/>\n<script type=\"application\/ld+json\" class=\"yoast-schema-graph\">{\"@context\":\"https:\\\/\\\/schema.org\",\"@graph\":[{\"@type\":\"WebPage\",\"@id\":\"https:\\\/\\\/aesia.pt\\\/portal\\\/documentos\\\/\",\"url\":\"https:\\\/\\\/aesia.pt\\\/portal\\\/documentos\\\/\",\"name\":\"Documentos &#8211; AESIA\",\"isPartOf\":{\"@id\":\"https:\\\/\\\/aesia.pt\\\/portal\\\/#website\"},\"datePublished\":\"2022-10-24T16:43:14+00:00\",\"dateModified\":\"2025-01-08T09:53:26+00:00\",\"breadcrumb\":{\"@id\":\"https:\\\/\\\/aesia.pt\\\/portal\\\/documentos\\\/#breadcrumb\"},\"inLanguage\":\"pt-PT\",\"potentialAction\":[{\"@type\":\"ReadAction\",\"target\":[\"https:\\\/\\\/aesia.pt\\\/portal\\\/documentos\\\/\"]}]},{\"@type\":\"BreadcrumbList\",\"@id\":\"https:\\\/\\\/aesia.pt\\\/portal\\\/documentos\\\/#breadcrumb\",\"itemListElement\":[{\"@type\":\"ListItem\",\"position\":1,\"name\":\"Home\",\"item\":\"https:\\\/\\\/aesia.pt\\\/portal\\\/\"},{\"@type\":\"ListItem\",\"position\":2,\"name\":\"Documentos\"}]},{\"@type\":\"WebSite\",\"@id\":\"https:\\\/\\\/aesia.pt\\\/portal\\\/#website\",\"url\":\"https:\\\/\\\/aesia.pt\\\/portal\\\/\",\"name\":\"AESIA\",\"description\":\"Agrupamento de Escolas de Santa Iria de Az\u00f3ia\",\"publisher\":{\"@id\":\"https:\\\/\\\/aesia.pt\\\/portal\\\/#organization\"},\"alternateName\":\"Agrupamento de Escolas de Santa Iria de Az\u00f3ia\",\"potentialAction\":[{\"@type\":\"SearchAction\",\"target\":{\"@type\":\"EntryPoint\",\"urlTemplate\":\"https:\\\/\\\/aesia.pt\\\/portal\\\/?s={search_term_string}\"},\"query-input\":{\"@type\":\"PropertyValueSpecification\",\"valueRequired\":true,\"valueName\":\"search_term_string\"}}],\"inLanguage\":\"pt-PT\"},{\"@type\":\"Organization\",\"@id\":\"https:\\\/\\\/aesia.pt\\\/portal\\\/#organization\",\"name\":\"Agrupamento de Escolas de Santa Iria de Az\u00f3ia\",\"alternateName\":\"AESIA\",\"url\":\"https:\\\/\\\/aesia.pt\\\/portal\\\/\",\"logo\":{\"@type\":\"ImageObject\",\"inLanguage\":\"pt-PT\",\"@id\":\"https:\\\/\\\/aesia.pt\\\/portal\\\/#\\\/schema\\\/logo\\\/image\\\/\",\"url\":\"https:\\\/\\\/aesia.pt\\\/portal\\\/wp-content\\\/uploads\\\/2023\\\/04\\\/logo4.png\",\"contentUrl\":\"https:\\\/\\\/aesia.pt\\\/portal\\\/wp-content\\\/uploads\\\/2023\\\/04\\\/logo4.png\",\"width\":162,\"height\":162,\"caption\":\"Agrupamento de Escolas de Santa Iria de Az\u00f3ia\"},\"image\":{\"@id\":\"https:\\\/\\\/aesia.pt\\\/portal\\\/#\\\/schema\\\/logo\\\/image\\\/\"},\"sameAs\":[\"https:\\\/\\\/www.facebook.com\\\/aesia.pt\\\/\"]}]}<\/script>\n<!-- \/ Yoast SEO plugin. -->","yoast_head_json":{"title":"Documentos &#8211; AESIA","robots":{"index":"index","follow":"follow","max-snippet":"max-snippet:-1","max-image-preview":"max-image-preview:large","max-video-preview":"max-video-preview:-1"},"canonical":"https:\/\/aesia.pt\/portal\/documentos\/","og_locale":"pt_PT","og_type":"article","og_title":"Documentos &#8211; AESIA","og_description":"O regime de autonomia, da administra\u00e7\u00e3o e da gest\u00e3o, o AESIA institui no Regulamento Interno o desenho organizacional do agrupamento,&hellip; Ler mais Documentos","og_url":"https:\/\/aesia.pt\/portal\/documentos\/","og_site_name":"AESIA","article_publisher":"https:\/\/www.facebook.com\/aesia.pt\/","article_modified_time":"2025-01-08T09:53:26+00:00","twitter_card":"summary_large_image","twitter_misc":{"Tempo estimado de leitura":"1 minuto"},"schema":{"@context":"https:\/\/schema.org","@graph":[{"@type":"WebPage","@id":"https:\/\/aesia.pt\/portal\/documentos\/","url":"https:\/\/aesia.pt\/portal\/documentos\/","name":"Documentos &#8211; AESIA","isPartOf":{"@id":"https:\/\/aesia.pt\/portal\/#website"},"datePublished":"2022-10-24T16:43:14+00:00","dateModified":"2025-01-08T09:53:26+00:00","breadcrumb":{"@id":"https:\/\/aesia.pt\/portal\/documentos\/#breadcrumb"},"inLanguage":"pt-PT","potentialAction":[{"@type":"ReadAction","target":["https:\/\/aesia.pt\/portal\/documentos\/"]}]},{"@type":"BreadcrumbList","@id":"https:\/\/aesia.pt\/portal\/documentos\/#breadcrumb","itemListElement":[{"@type":"ListItem","position":1,"name":"Home","item":"https:\/\/aesia.pt\/portal\/"},{"@type":"ListItem","position":2,"name":"Documentos"}]},{"@type":"WebSite","@id":"https:\/\/aesia.pt\/portal\/#website","url":"https:\/\/aesia.pt\/portal\/","name":"AESIA","description":"Agrupamento de Escolas de Santa Iria de Az\u00f3ia","publisher":{"@id":"https:\/\/aesia.pt\/portal\/#organization"},"alternateName":"Agrupamento de Escolas de Santa Iria de Az\u00f3ia","potentialAction":[{"@type":"SearchAction","target":{"@type":"EntryPoint","urlTemplate":"https:\/\/aesia.pt\/portal\/?s={search_term_string}"},"query-input":{"@type":"PropertyValueSpecification","valueRequired":true,"valueName":"search_term_string"}}],"inLanguage":"pt-PT"},{"@type":"Organization","@id":"https:\/\/aesia.pt\/portal\/#organization","name":"Agrupamento de Escolas de Santa Iria de Az\u00f3ia","alternateName":"AESIA","url":"https:\/\/aesia.pt\/portal\/","logo":{"@type":"ImageObject","inLanguage":"pt-PT","@id":"https:\/\/aesia.pt\/portal\/#\/schema\/logo\/image\/","url":"https:\/\/aesia.pt\/portal\/wp-content\/uploads\/2023\/04\/logo4.png","contentUrl":"https:\/\/aesia.pt\/portal\/wp-content\/uploads\/2023\/04\/logo4.png","width":162,"height":162,"caption":"Agrupamento de Escolas de Santa Iria de Az\u00f3ia"},"image":{"@id":"https:\/\/aesia.pt\/portal\/#\/schema\/logo\/image\/"},"sameAs":["https:\/\/www.facebook.com\/aesia.pt\/"]}]}},"_links":{"self":[{"href":"https:\/\/aesia.pt\/portal\/wp-json\/wp\/v2\/pages\/6212","targetHints":{"allow":["GET"]}}],"collection":[{"href":"https:\/\/aesia.pt\/portal\/wp-json\/wp\/v2\/pages"}],"about":[{"href":"https:\/\/aesia.pt\/portal\/wp-json\/wp\/v2\/types\/page"}],"author":[{"embeddable":true,"href":"https:\/\/aesia.pt\/portal\/wp-json\/wp\/v2\/users\/8"}],"replies":[{"embeddable":true,"href":"https:\/\/aesia.pt\/portal\/wp-json\/wp\/v2\/comments?post=6212"}],"version-history":[{"count":2,"href":"https:\/\/aesia.pt\/portal\/wp-json\/wp\/v2\/pages\/6212\/revisions"}],"predecessor-version":[{"id":14338,"href":"https:\/\/aesia.pt\/portal\/wp-json\/wp\/v2\/pages\/6212\/revisions\/14338"}],"wp:attachment":[{"href":"https:\/\/aesia.pt\/portal\/wp-json\/wp\/v2\/media?parent=6212"}],"curies":[{"name":"wp","href":"https:\/\/api.w.org\/{rel}","templated":true}]}}