{"id":57,"date":"2014-03-06T15:37:56","date_gmt":"2014-03-06T15:37:56","guid":{"rendered":"http:\/\/aesia.pt\/site\/?page_id=57"},"modified":"2024-12-16T15:29:58","modified_gmt":"2024-12-16T15:29:58","slug":"e-b-1ji-portela-azoia-no5","status":"publish","type":"page","link":"https:\/\/aesia.pt\/portal\/e-b-1ji-portela-azoia-no5\/","title":{"rendered":"E.B. Fernando Pessoa"},"content":{"rendered":"<p>A E.B. Fernando Pessoa fica situada na Rua Catarina Euf\u00e9mia, no Bairro da Portela de Azoia, \u00a0concelho de Loures, distrito de Lisboa.<\/p>\n<p>\u00c9 um estabelecimento p\u00fablico com Educa\u00e7\u00e3o Pr\u00e9-escolar e 1\u00ba Ciclo do Ensino B\u00e1sico.<\/p>\n<p>Trata-se de um equipamento educativo do tipo Plano Centen\u00e1rio, em edif\u00edcio \u00fanico, com dois pisos. No seu interior tem quatro salas de aula, sanit\u00e1rios para os alunos, professores e auxiliares; cinco arrecada\u00e7\u00f5es (duas nas salas de aulas, duas a meio das escadas e uma no v\u00e3o da escada); um gabinete de apoio aos professores e escadas de acesso ao piso superior.<\/p>\n<p>Foi acrescentado um monobloco para o funcionamento de uma sala de aula. Anexado ao edif\u00edcio foi constru\u00eddo um pavilh\u00e3o que serve de refeit\u00f3rio aos alunos. Possui como espa\u00e7os livres um p\u00e1tio de recreio descoberto e um telheiro que cobre a \u00e1rea que liga a escola ao pavilh\u00e3o.<\/p>\n<p>A escola funciona com atividades letivas das nove horas \u00e0s quinze horas e trinta minutos e continua em funcionamento at\u00e9 \u00e0s dezassete horas e quinze minutos com as atividades de enriquecimento curricular (1\u00baCiclo), e o prolongamento de hor\u00e1rio at\u00e9 \u00e0s dezoito horas e trinta minutos.<\/p>\n","protected":false},"excerpt":{"rendered":"<p>A E.B. Fernando Pessoa fica situada na Rua Catarina Euf\u00e9mia, no Bairro da Portela de Azoia, \u00a0concelho de Loures, distrito&hellip; <a class=\"continue\" href=\"https:\/\/aesia.pt\/portal\/e-b-1ji-portela-azoia-no5\/\">Ler mais<span> E.B. Fernando Pessoa<\/span><\/a><\/p>\n","protected":false},"author":8,"featured_media":0,"parent":0,"menu_order":0,"comment_status":"open","ping_status":"open","template":"p_base_portelaazoia.php","meta":{"_acf_changed":false,"footnotes":""},"class_list":["post-57","page","type-page","status-publish","hentry"],"acf":[],"yoast_head":"<!-- This site is optimized with the Yoast SEO plugin v27.3 - https:\/\/yoast.com\/product\/yoast-seo-wordpress\/ -->\n<title>E.B. Fernando Pessoa &#8211; AESIA<\/title>\n<meta name=\"robots\" content=\"index, follow, max-snippet:-1, max-image-preview:large, max-video-preview:-1\" \/>\n<link rel=\"canonical\" href=\"https:\/\/aesia.pt\/portal\/e-b-1ji-portela-azoia-no5\/\" \/>\n<meta property=\"og:locale\" content=\"pt_PT\" \/>\n<meta property=\"og:type\" content=\"article\" \/>\n<meta property=\"og:title\" content=\"E.B. Fernando Pessoa &#8211; AESIA\" \/>\n<meta property=\"og:description\" content=\"A E.B. Fernando Pessoa fica situada na Rua Catarina Euf\u00e9mia, no Bairro da Portela de Azoia, \u00a0concelho de Loures, distrito&hellip; Ler mais E.B. Fernando Pessoa\" \/>\n<meta property=\"og:url\" content=\"https:\/\/aesia.pt\/portal\/e-b-1ji-portela-azoia-no5\/\" \/>\n<meta property=\"og:site_name\" content=\"AESIA\" \/>\n<meta property=\"article:publisher\" content=\"https:\/\/www.facebook.com\/aesia.pt\/\" \/>\n<meta property=\"article:modified_time\" content=\"2024-12-16T15:29:58+00:00\" \/>\n<meta name=\"twitter:card\" content=\"summary_large_image\" \/>\n<meta name=\"twitter:label1\" content=\"Tempo estimado de leitura\" \/>\n\t<meta name=\"twitter:data1\" content=\"1 minuto\" \/>\n<script type=\"application\/ld+json\" class=\"yoast-schema-graph\">{\"@context\":\"https:\\\/\\\/schema.org\",\"@graph\":[{\"@type\":\"WebPage\",\"@id\":\"https:\\\/\\\/aesia.pt\\\/portal\\\/e-b-1ji-portela-azoia-no5\\\/\",\"url\":\"https:\\\/\\\/aesia.pt\\\/portal\\\/e-b-1ji-portela-azoia-no5\\\/\",\"name\":\"E.B. Fernando Pessoa &#8211; AESIA\",\"isPartOf\":{\"@id\":\"https:\\\/\\\/aesia.pt\\\/portal\\\/#website\"},\"datePublished\":\"2014-03-06T15:37:56+00:00\",\"dateModified\":\"2024-12-16T15:29:58+00:00\",\"breadcrumb\":{\"@id\":\"https:\\\/\\\/aesia.pt\\\/portal\\\/e-b-1ji-portela-azoia-no5\\\/#breadcrumb\"},\"inLanguage\":\"pt-PT\",\"potentialAction\":[{\"@type\":\"ReadAction\",\"target\":[\"https:\\\/\\\/aesia.pt\\\/portal\\\/e-b-1ji-portela-azoia-no5\\\/\"]}]},{\"@type\":\"BreadcrumbList\",\"@id\":\"https:\\\/\\\/aesia.pt\\\/portal\\\/e-b-1ji-portela-azoia-no5\\\/#breadcrumb\",\"itemListElement\":[{\"@type\":\"ListItem\",\"position\":1,\"name\":\"Home\",\"item\":\"https:\\\/\\\/aesia.pt\\\/portal\\\/\"},{\"@type\":\"ListItem\",\"position\":2,\"name\":\"E.B. Fernando Pessoa\"}]},{\"@type\":\"WebSite\",\"@id\":\"https:\\\/\\\/aesia.pt\\\/portal\\\/#website\",\"url\":\"https:\\\/\\\/aesia.pt\\\/portal\\\/\",\"name\":\"AESIA\",\"description\":\"Agrupamento de Escolas de Santa Iria de Az\u00f3ia\",\"publisher\":{\"@id\":\"https:\\\/\\\/aesia.pt\\\/portal\\\/#organization\"},\"alternateName\":\"Agrupamento de Escolas de Santa Iria de Az\u00f3ia\",\"potentialAction\":[{\"@type\":\"SearchAction\",\"target\":{\"@type\":\"EntryPoint\",\"urlTemplate\":\"https:\\\/\\\/aesia.pt\\\/portal\\\/?s={search_term_string}\"},\"query-input\":{\"@type\":\"PropertyValueSpecification\",\"valueRequired\":true,\"valueName\":\"search_term_string\"}}],\"inLanguage\":\"pt-PT\"},{\"@type\":\"Organization\",\"@id\":\"https:\\\/\\\/aesia.pt\\\/portal\\\/#organization\",\"name\":\"Agrupamento de Escolas de Santa Iria de Az\u00f3ia\",\"alternateName\":\"AESIA\",\"url\":\"https:\\\/\\\/aesia.pt\\\/portal\\\/\",\"logo\":{\"@type\":\"ImageObject\",\"inLanguage\":\"pt-PT\",\"@id\":\"https:\\\/\\\/aesia.pt\\\/portal\\\/#\\\/schema\\\/logo\\\/image\\\/\",\"url\":\"https:\\\/\\\/aesia.pt\\\/portal\\\/wp-content\\\/uploads\\\/2023\\\/04\\\/logo4.png\",\"contentUrl\":\"https:\\\/\\\/aesia.pt\\\/portal\\\/wp-content\\\/uploads\\\/2023\\\/04\\\/logo4.png\",\"width\":162,\"height\":162,\"caption\":\"Agrupamento de Escolas de Santa Iria de Az\u00f3ia\"},\"image\":{\"@id\":\"https:\\\/\\\/aesia.pt\\\/portal\\\/#\\\/schema\\\/logo\\\/image\\\/\"},\"sameAs\":[\"https:\\\/\\\/www.facebook.com\\\/aesia.pt\\\/\"]}]}<\/script>\n<!-- \/ Yoast SEO plugin. -->","yoast_head_json":{"title":"E.B. Fernando Pessoa &#8211; AESIA","robots":{"index":"index","follow":"follow","max-snippet":"max-snippet:-1","max-image-preview":"max-image-preview:large","max-video-preview":"max-video-preview:-1"},"canonical":"https:\/\/aesia.pt\/portal\/e-b-1ji-portela-azoia-no5\/","og_locale":"pt_PT","og_type":"article","og_title":"E.B. Fernando Pessoa &#8211; AESIA","og_description":"A E.B. Fernando Pessoa fica situada na Rua Catarina Euf\u00e9mia, no Bairro da Portela de Azoia, \u00a0concelho de Loures, distrito&hellip; Ler mais E.B. Fernando Pessoa","og_url":"https:\/\/aesia.pt\/portal\/e-b-1ji-portela-azoia-no5\/","og_site_name":"AESIA","article_publisher":"https:\/\/www.facebook.com\/aesia.pt\/","article_modified_time":"2024-12-16T15:29:58+00:00","twitter_card":"summary_large_image","twitter_misc":{"Tempo estimado de leitura":"1 minuto"},"schema":{"@context":"https:\/\/schema.org","@graph":[{"@type":"WebPage","@id":"https:\/\/aesia.pt\/portal\/e-b-1ji-portela-azoia-no5\/","url":"https:\/\/aesia.pt\/portal\/e-b-1ji-portela-azoia-no5\/","name":"E.B. Fernando Pessoa &#8211; AESIA","isPartOf":{"@id":"https:\/\/aesia.pt\/portal\/#website"},"datePublished":"2014-03-06T15:37:56+00:00","dateModified":"2024-12-16T15:29:58+00:00","breadcrumb":{"@id":"https:\/\/aesia.pt\/portal\/e-b-1ji-portela-azoia-no5\/#breadcrumb"},"inLanguage":"pt-PT","potentialAction":[{"@type":"ReadAction","target":["https:\/\/aesia.pt\/portal\/e-b-1ji-portela-azoia-no5\/"]}]},{"@type":"BreadcrumbList","@id":"https:\/\/aesia.pt\/portal\/e-b-1ji-portela-azoia-no5\/#breadcrumb","itemListElement":[{"@type":"ListItem","position":1,"name":"Home","item":"https:\/\/aesia.pt\/portal\/"},{"@type":"ListItem","position":2,"name":"E.B. Fernando Pessoa"}]},{"@type":"WebSite","@id":"https:\/\/aesia.pt\/portal\/#website","url":"https:\/\/aesia.pt\/portal\/","name":"AESIA","description":"Agrupamento de Escolas de Santa Iria de Az\u00f3ia","publisher":{"@id":"https:\/\/aesia.pt\/portal\/#organization"},"alternateName":"Agrupamento de Escolas de Santa Iria de Az\u00f3ia","potentialAction":[{"@type":"SearchAction","target":{"@type":"EntryPoint","urlTemplate":"https:\/\/aesia.pt\/portal\/?s={search_term_string}"},"query-input":{"@type":"PropertyValueSpecification","valueRequired":true,"valueName":"search_term_string"}}],"inLanguage":"pt-PT"},{"@type":"Organization","@id":"https:\/\/aesia.pt\/portal\/#organization","name":"Agrupamento de Escolas de Santa Iria de Az\u00f3ia","alternateName":"AESIA","url":"https:\/\/aesia.pt\/portal\/","logo":{"@type":"ImageObject","inLanguage":"pt-PT","@id":"https:\/\/aesia.pt\/portal\/#\/schema\/logo\/image\/","url":"https:\/\/aesia.pt\/portal\/wp-content\/uploads\/2023\/04\/logo4.png","contentUrl":"https:\/\/aesia.pt\/portal\/wp-content\/uploads\/2023\/04\/logo4.png","width":162,"height":162,"caption":"Agrupamento de Escolas de Santa Iria de Az\u00f3ia"},"image":{"@id":"https:\/\/aesia.pt\/portal\/#\/schema\/logo\/image\/"},"sameAs":["https:\/\/www.facebook.com\/aesia.pt\/"]}]}},"_links":{"self":[{"href":"https:\/\/aesia.pt\/portal\/wp-json\/wp\/v2\/pages\/57","targetHints":{"allow":["GET"]}}],"collection":[{"href":"https:\/\/aesia.pt\/portal\/wp-json\/wp\/v2\/pages"}],"about":[{"href":"https:\/\/aesia.pt\/portal\/wp-json\/wp\/v2\/types\/page"}],"author":[{"embeddable":true,"href":"https:\/\/aesia.pt\/portal\/wp-json\/wp\/v2\/users\/8"}],"replies":[{"embeddable":true,"href":"https:\/\/aesia.pt\/portal\/wp-json\/wp\/v2\/comments?post=57"}],"version-history":[{"count":17,"href":"https:\/\/aesia.pt\/portal\/wp-json\/wp\/v2\/pages\/57\/revisions"}],"predecessor-version":[{"id":13692,"href":"https:\/\/aesia.pt\/portal\/wp-json\/wp\/v2\/pages\/57\/revisions\/13692"}],"wp:attachment":[{"href":"https:\/\/aesia.pt\/portal\/wp-json\/wp\/v2\/media?parent=57"}],"curies":[{"name":"wp","href":"https:\/\/api.w.org\/{rel}","templated":true}]}}