{"id":55,"date":"2014-03-06T15:37:17","date_gmt":"2014-03-06T15:37:17","guid":{"rendered":"http:\/\/aesia.pt\/site\/?page_id=55"},"modified":"2024-12-16T15:14:25","modified_gmt":"2024-12-16T15:14:25","slug":"e-b-1ji-covina","status":"publish","type":"page","link":"https:\/\/aesia.pt\/portal\/a-aesia-agrupamento-de-escolas-de-santa-iria-de-azoia\/e-b-1ji-covina\/","title":{"rendered":"E.B. Bairro da Covina"},"content":{"rendered":"<p>A Escola B\u00e1sica do Bairro da Covina, situa-se no Bairro da Covina, Santa Iria de Azoia, concelho de Loures. Foi constru\u00edda pela F\u00e1brica de Vidros \u201cCovina\u201d, destinando-se, inicialmente, \u00e0 frequ\u00eancia dos filhos dos funcion\u00e1rios da mesma. Esta especificidade, leva-nos a crer que, poder\u00e1 ser a justifica\u00e7\u00e3o pela qual o seu projeto arquitet\u00f3nico n\u00e3o tem qualquer semelhan\u00e7a com o projeto padr\u00e3o encontrado nos restantes edif\u00edcios escolares da mesma \u00e9poca.<\/p>\n<p>Atualmente, as crian\u00e7as e os alunos da escola s\u00e3o provenientes na sua maioria do Bairro da Covina, Bairro do Estacal Novo e Urbaniza\u00e7\u00e3o da Quinta do Castelo.<\/p>\n<p>Possui 5 salas de aula (1 do jardim de inf\u00e2ncia e 4 do 1\u00ba ciclo), refeit\u00f3rio\/ sala polivalente, uma cozinha, 4 casas de banho e um gabinete. Todas as salas possuem ar condicionado e quadro interativo. O espa\u00e7o exterior \u00e9 amplo, com recreio e campo de jogos. Tem acesso direto ao parque infantil.<\/p>\n<p>Apresenta um corpo docente constitu\u00eddo por 4 Professores Titulares de Turma, no 1\u00ba ciclo, 1 Educadora Titular de Grupo e o pessoal n\u00e3o docente \u00e9 composto por 6 assistentes operacionais.<\/p>\n<p>Atualmente as refei\u00e7\u00f5es s\u00e3o confecionadas na cozinha da escola.<\/p>\n<p>A Escola orgulha-se do seu passado de estreita liga\u00e7\u00e3o com a comunidade envolvente e do seu presente que com a coopera\u00e7\u00e3o da Associa\u00e7\u00e3o de Pais e de todos os Encarregados de Educa\u00e7\u00e3o permite e valoriza o trabalho desenvolvido em prole de todos os alunos da Escola.<\/p>\n","protected":false},"excerpt":{"rendered":"<p>A Escola B\u00e1sica do Bairro da Covina, situa-se no Bairro da Covina, Santa Iria de Azoia, concelho de Loures. Foi&hellip; <a class=\"continue\" href=\"https:\/\/aesia.pt\/portal\/a-aesia-agrupamento-de-escolas-de-santa-iria-de-azoia\/e-b-1ji-covina\/\">Ler mais<span> E.B. Bairro da Covina<\/span><\/a><\/p>\n","protected":false},"author":8,"featured_media":0,"parent":4,"menu_order":0,"comment_status":"open","ping_status":"open","template":"p_base_covina.php","meta":{"_acf_changed":false,"footnotes":""},"class_list":["post-55","page","type-page","status-publish","hentry"],"acf":[],"yoast_head":"<!-- This site is optimized with the Yoast SEO plugin v27.4 - https:\/\/yoast.com\/product\/yoast-seo-wordpress\/ -->\n<title>E.B. Bairro da Covina &#8211; AESIA<\/title>\n<meta name=\"robots\" content=\"index, follow, max-snippet:-1, max-image-preview:large, max-video-preview:-1\" \/>\n<link rel=\"canonical\" href=\"https:\/\/aesia.pt\/portal\/a-aesia-agrupamento-de-escolas-de-santa-iria-de-azoia\/e-b-1ji-covina\/\" \/>\n<meta property=\"og:locale\" content=\"pt_PT\" \/>\n<meta property=\"og:type\" content=\"article\" \/>\n<meta property=\"og:title\" content=\"E.B. Bairro da Covina &#8211; AESIA\" \/>\n<meta property=\"og:description\" content=\"A Escola B\u00e1sica do Bairro da Covina, situa-se no Bairro da Covina, Santa Iria de Azoia, concelho de Loures. Foi&hellip; Ler mais E.B. Bairro da Covina\" \/>\n<meta property=\"og:url\" content=\"https:\/\/aesia.pt\/portal\/a-aesia-agrupamento-de-escolas-de-santa-iria-de-azoia\/e-b-1ji-covina\/\" \/>\n<meta property=\"og:site_name\" content=\"AESIA\" \/>\n<meta property=\"article:publisher\" content=\"https:\/\/www.facebook.com\/aesia.pt\/\" \/>\n<meta property=\"article:modified_time\" content=\"2024-12-16T15:14:25+00:00\" \/>\n<meta name=\"twitter:card\" content=\"summary_large_image\" \/>\n<meta name=\"twitter:label1\" content=\"Tempo estimado de leitura\" \/>\n\t<meta name=\"twitter:data1\" content=\"2 minutos\" \/>\n<script type=\"application\/ld+json\" class=\"yoast-schema-graph\">{\"@context\":\"https:\\\/\\\/schema.org\",\"@graph\":[{\"@type\":\"WebPage\",\"@id\":\"https:\\\/\\\/aesia.pt\\\/portal\\\/a-aesia-agrupamento-de-escolas-de-santa-iria-de-azoia\\\/e-b-1ji-covina\\\/\",\"url\":\"https:\\\/\\\/aesia.pt\\\/portal\\\/a-aesia-agrupamento-de-escolas-de-santa-iria-de-azoia\\\/e-b-1ji-covina\\\/\",\"name\":\"E.B. Bairro da Covina &#8211; AESIA\",\"isPartOf\":{\"@id\":\"https:\\\/\\\/aesia.pt\\\/portal\\\/#website\"},\"datePublished\":\"2014-03-06T15:37:17+00:00\",\"dateModified\":\"2024-12-16T15:14:25+00:00\",\"breadcrumb\":{\"@id\":\"https:\\\/\\\/aesia.pt\\\/portal\\\/a-aesia-agrupamento-de-escolas-de-santa-iria-de-azoia\\\/e-b-1ji-covina\\\/#breadcrumb\"},\"inLanguage\":\"pt-PT\",\"potentialAction\":[{\"@type\":\"ReadAction\",\"target\":[\"https:\\\/\\\/aesia.pt\\\/portal\\\/a-aesia-agrupamento-de-escolas-de-santa-iria-de-azoia\\\/e-b-1ji-covina\\\/\"]}]},{\"@type\":\"BreadcrumbList\",\"@id\":\"https:\\\/\\\/aesia.pt\\\/portal\\\/a-aesia-agrupamento-de-escolas-de-santa-iria-de-azoia\\\/e-b-1ji-covina\\\/#breadcrumb\",\"itemListElement\":[{\"@type\":\"ListItem\",\"position\":1,\"name\":\"Home\",\"item\":\"https:\\\/\\\/aesia.pt\\\/portal\\\/\"},{\"@type\":\"ListItem\",\"position\":2,\"name\":\"AESIA &#8211; Agrupamento de Escolas de Santa Iria de Azoia\",\"item\":\"https:\\\/\\\/aesia.pt\\\/portal\\\/a-aesia-agrupamento-de-escolas-de-santa-iria-de-azoia\\\/\"},{\"@type\":\"ListItem\",\"position\":3,\"name\":\"E.B. Bairro da Covina\"}]},{\"@type\":\"WebSite\",\"@id\":\"https:\\\/\\\/aesia.pt\\\/portal\\\/#website\",\"url\":\"https:\\\/\\\/aesia.pt\\\/portal\\\/\",\"name\":\"AESIA\",\"description\":\"Agrupamento de Escolas de Santa Iria de Az\u00f3ia\",\"publisher\":{\"@id\":\"https:\\\/\\\/aesia.pt\\\/portal\\\/#organization\"},\"alternateName\":\"Agrupamento de Escolas de Santa Iria de Az\u00f3ia\",\"potentialAction\":[{\"@type\":\"SearchAction\",\"target\":{\"@type\":\"EntryPoint\",\"urlTemplate\":\"https:\\\/\\\/aesia.pt\\\/portal\\\/?s={search_term_string}\"},\"query-input\":{\"@type\":\"PropertyValueSpecification\",\"valueRequired\":true,\"valueName\":\"search_term_string\"}}],\"inLanguage\":\"pt-PT\"},{\"@type\":\"Organization\",\"@id\":\"https:\\\/\\\/aesia.pt\\\/portal\\\/#organization\",\"name\":\"Agrupamento de Escolas de Santa Iria de Az\u00f3ia\",\"alternateName\":\"AESIA\",\"url\":\"https:\\\/\\\/aesia.pt\\\/portal\\\/\",\"logo\":{\"@type\":\"ImageObject\",\"inLanguage\":\"pt-PT\",\"@id\":\"https:\\\/\\\/aesia.pt\\\/portal\\\/#\\\/schema\\\/logo\\\/image\\\/\",\"url\":\"https:\\\/\\\/aesia.pt\\\/portal\\\/wp-content\\\/uploads\\\/2023\\\/04\\\/logo4.png\",\"contentUrl\":\"https:\\\/\\\/aesia.pt\\\/portal\\\/wp-content\\\/uploads\\\/2023\\\/04\\\/logo4.png\",\"width\":162,\"height\":162,\"caption\":\"Agrupamento de Escolas de Santa Iria de Az\u00f3ia\"},\"image\":{\"@id\":\"https:\\\/\\\/aesia.pt\\\/portal\\\/#\\\/schema\\\/logo\\\/image\\\/\"},\"sameAs\":[\"https:\\\/\\\/www.facebook.com\\\/aesia.pt\\\/\"]}]}<\/script>\n<!-- \/ Yoast SEO plugin. -->","yoast_head_json":{"title":"E.B. Bairro da Covina &#8211; AESIA","robots":{"index":"index","follow":"follow","max-snippet":"max-snippet:-1","max-image-preview":"max-image-preview:large","max-video-preview":"max-video-preview:-1"},"canonical":"https:\/\/aesia.pt\/portal\/a-aesia-agrupamento-de-escolas-de-santa-iria-de-azoia\/e-b-1ji-covina\/","og_locale":"pt_PT","og_type":"article","og_title":"E.B. Bairro da Covina &#8211; AESIA","og_description":"A Escola B\u00e1sica do Bairro da Covina, situa-se no Bairro da Covina, Santa Iria de Azoia, concelho de Loures. Foi&hellip; Ler mais E.B. Bairro da Covina","og_url":"https:\/\/aesia.pt\/portal\/a-aesia-agrupamento-de-escolas-de-santa-iria-de-azoia\/e-b-1ji-covina\/","og_site_name":"AESIA","article_publisher":"https:\/\/www.facebook.com\/aesia.pt\/","article_modified_time":"2024-12-16T15:14:25+00:00","twitter_card":"summary_large_image","twitter_misc":{"Tempo estimado de leitura":"2 minutos"},"schema":{"@context":"https:\/\/schema.org","@graph":[{"@type":"WebPage","@id":"https:\/\/aesia.pt\/portal\/a-aesia-agrupamento-de-escolas-de-santa-iria-de-azoia\/e-b-1ji-covina\/","url":"https:\/\/aesia.pt\/portal\/a-aesia-agrupamento-de-escolas-de-santa-iria-de-azoia\/e-b-1ji-covina\/","name":"E.B. Bairro da Covina &#8211; AESIA","isPartOf":{"@id":"https:\/\/aesia.pt\/portal\/#website"},"datePublished":"2014-03-06T15:37:17+00:00","dateModified":"2024-12-16T15:14:25+00:00","breadcrumb":{"@id":"https:\/\/aesia.pt\/portal\/a-aesia-agrupamento-de-escolas-de-santa-iria-de-azoia\/e-b-1ji-covina\/#breadcrumb"},"inLanguage":"pt-PT","potentialAction":[{"@type":"ReadAction","target":["https:\/\/aesia.pt\/portal\/a-aesia-agrupamento-de-escolas-de-santa-iria-de-azoia\/e-b-1ji-covina\/"]}]},{"@type":"BreadcrumbList","@id":"https:\/\/aesia.pt\/portal\/a-aesia-agrupamento-de-escolas-de-santa-iria-de-azoia\/e-b-1ji-covina\/#breadcrumb","itemListElement":[{"@type":"ListItem","position":1,"name":"Home","item":"https:\/\/aesia.pt\/portal\/"},{"@type":"ListItem","position":2,"name":"AESIA &#8211; Agrupamento de Escolas de Santa Iria de Azoia","item":"https:\/\/aesia.pt\/portal\/a-aesia-agrupamento-de-escolas-de-santa-iria-de-azoia\/"},{"@type":"ListItem","position":3,"name":"E.B. Bairro da Covina"}]},{"@type":"WebSite","@id":"https:\/\/aesia.pt\/portal\/#website","url":"https:\/\/aesia.pt\/portal\/","name":"AESIA","description":"Agrupamento de Escolas de Santa Iria de Az\u00f3ia","publisher":{"@id":"https:\/\/aesia.pt\/portal\/#organization"},"alternateName":"Agrupamento de Escolas de Santa Iria de Az\u00f3ia","potentialAction":[{"@type":"SearchAction","target":{"@type":"EntryPoint","urlTemplate":"https:\/\/aesia.pt\/portal\/?s={search_term_string}"},"query-input":{"@type":"PropertyValueSpecification","valueRequired":true,"valueName":"search_term_string"}}],"inLanguage":"pt-PT"},{"@type":"Organization","@id":"https:\/\/aesia.pt\/portal\/#organization","name":"Agrupamento de Escolas de Santa Iria de Az\u00f3ia","alternateName":"AESIA","url":"https:\/\/aesia.pt\/portal\/","logo":{"@type":"ImageObject","inLanguage":"pt-PT","@id":"https:\/\/aesia.pt\/portal\/#\/schema\/logo\/image\/","url":"https:\/\/aesia.pt\/portal\/wp-content\/uploads\/2023\/04\/logo4.png","contentUrl":"https:\/\/aesia.pt\/portal\/wp-content\/uploads\/2023\/04\/logo4.png","width":162,"height":162,"caption":"Agrupamento de Escolas de Santa Iria de Az\u00f3ia"},"image":{"@id":"https:\/\/aesia.pt\/portal\/#\/schema\/logo\/image\/"},"sameAs":["https:\/\/www.facebook.com\/aesia.pt\/"]}]}},"_links":{"self":[{"href":"https:\/\/aesia.pt\/portal\/wp-json\/wp\/v2\/pages\/55","targetHints":{"allow":["GET"]}}],"collection":[{"href":"https:\/\/aesia.pt\/portal\/wp-json\/wp\/v2\/pages"}],"about":[{"href":"https:\/\/aesia.pt\/portal\/wp-json\/wp\/v2\/types\/page"}],"author":[{"embeddable":true,"href":"https:\/\/aesia.pt\/portal\/wp-json\/wp\/v2\/users\/8"}],"replies":[{"embeddable":true,"href":"https:\/\/aesia.pt\/portal\/wp-json\/wp\/v2\/comments?post=55"}],"version-history":[{"count":14,"href":"https:\/\/aesia.pt\/portal\/wp-json\/wp\/v2\/pages\/55\/revisions"}],"predecessor-version":[{"id":13687,"href":"https:\/\/aesia.pt\/portal\/wp-json\/wp\/v2\/pages\/55\/revisions\/13687"}],"up":[{"embeddable":true,"href":"https:\/\/aesia.pt\/portal\/wp-json\/wp\/v2\/pages\/4"}],"wp:attachment":[{"href":"https:\/\/aesia.pt\/portal\/wp-json\/wp\/v2\/media?parent=55"}],"curies":[{"name":"wp","href":"https:\/\/api.w.org\/{rel}","templated":true}]}}