{"id":53,"date":"2014-03-06T15:36:50","date_gmt":"2014-03-06T15:36:50","guid":{"rendered":"http:\/\/aesia.pt\/site\/?page_id=53"},"modified":"2025-10-27T13:20:00","modified_gmt":"2025-10-27T13:20:00","slug":"e-b-1ji-bela-vista","status":"publish","type":"page","link":"https:\/\/aesia.pt\/portal\/a-aesia-agrupamento-de-escolas-de-santa-iria-de-azoia\/e-b-1ji-bela-vista\/","title":{"rendered":"E.B. da Bela Vista"},"content":{"rendered":"<p style=\"text-align: justify; line-height: 18.75pt; background: white; vertical-align: baseline; margin: 0cm 0cm 7.5pt 0cm;\">A Escola B\u00e1sica da Bela Vista fica situada no centro da freguesia de Santa Iria de Azoia, no limite do concelho de Loures, paredes meias com o concelho de Vila Franca de Xira.<\/p>\n<p style=\"text-align: justify; line-height: 18.75pt; background: white; vertical-align: baseline; margin: 0cm 0cm 7.5pt 0cm;\">\u00c9 um edif\u00edcio do \u201cPlano Centen\u00e1rio\u201d recentemente remodelado com obras de amplia\u00e7\u00e3o, restauro e beneficia\u00e7\u00e3o. O espa\u00e7o f\u00edsico da escola tem 2 pisos, onde funcionam 3 salas de atividades da Educa\u00e7\u00e3o Pr\u00e9-escolar e 5 salas de aulas do 1\u00ba CEB;\u00a0uma cozinha; um pavilh\u00e3o polivalente, que serve tamb\u00e9m de refeit\u00f3rio; uma biblioteca; uma sala de repouso; tr\u00eas casas de banho e um gabinete.<\/p>\n<p style=\"text-align: justify; line-height: 18.75pt; background: white; vertical-align: baseline; margin: 0cm 0cm 7.5pt 0cm;\">As instala\u00e7\u00f5es escolares encontram-se bem enquadradas urbanisticamente, possuindo um recreio amplo com espa\u00e7os livres, um campo de jogos e jardim, o que permite que as crian\u00e7as desfrutem em seguran\u00e7a das suas horas de lazer e sendo a escola rodeada por uma veda\u00e7\u00e3o, possui boas condi\u00e7\u00f5es de salubridade e seguran\u00e7a.<\/p>\n<p style=\"text-align: justify; line-height: 18.75pt; background: white; vertical-align: baseline; margin: 0cm 0cm 7.5pt 0cm;\">O corpo docente \u00e9 constitu\u00eddo por cinco Professores Titulares de Turma, tr\u00eas Educadoras Titulares de Grupo e oito Assistentes Operacionais.<\/p>\n<p style=\"text-align: justify; line-height: 18.75pt; background: white; vertical-align: baseline; margin: 0cm 0cm 7.5pt 0cm;\">O Servi\u00e7o de Apoio \u00e0 Fam\u00edlia (Atividades de Anima\u00e7\u00e3o e Apoio \u00e0 Fam\u00edlia, Componente de Apoio \u00e0 Fam\u00edlia e Atividades de Enriquecimento Curricular) s\u00e3o desenvolvidas pela Associa\u00e7\u00e3o de Pais e Encarregados de Educa\u00e7\u00e3o em parceria com a C\u00e2mara Municipal de Loures e sob a supervis\u00e3o dos docentes de 1\u00ba CEB e da Educa\u00e7\u00e3o Pr\u00e9-escolar.<\/p>\n<div dir=\"ltr\">\n<div><\/div>\n<\/div>\n<div dir=\"ltr\">\n<div><b>Associa\u00e7\u00e3o de Pais e Encarregados de Educa\u00e7\u00e3o da Escola B\u00e1sica da Bela Vista<br \/>\n<\/b><br \/>\n<b>Val\u00eancias:<\/b>\u00a0AAAF\/CAF\/AEC\/CAF<\/div>\n<div>\n<b>Facebook:<\/b>\u00a0<a href=\"https:\/\/www.facebook.com\/share\/17LfHb9P2S\/?mibextid=wwXIfr\" target=\"_blank\" rel=\"noopener\" data-saferedirecturl=\"https:\/\/www.google.com\/url?q=https:\/\/www.facebook.com\/share\/17LfHb9P2S\/?mibextid%3DwwXIfr&amp;source=gmail&amp;ust=1761657499272000&amp;usg=AOvVaw3RBwaIWNZ08p5dYctTy7aS\">https:\/\/www.<wbr \/>facebook.com\/share\/17LfHb9P2S\/<wbr \/>?mibextid=wwXIfr<\/a><\/div>\n<div><\/div>\n<div><b>Instagram:\u00a0<\/b><a href=\"https:\/\/www.instagram.com\/apeebelavista?igsh=NDBocDYxODEwbXEx\" target=\"_blank\" rel=\"noopener\" data-saferedirecturl=\"https:\/\/www.google.com\/url?q=https:\/\/www.instagram.com\/apeebelavista?igsh%3DNDBocDYxODEwbXEx&amp;source=gmail&amp;ust=1761657499272000&amp;usg=AOvVaw1FKe814O7mwYDUhrq5CUT_\">https:\/\/www.<wbr \/>instagram.com\/apeebelavista?<wbr \/>igsh=NDBocDYxODEwbXEx<\/a><\/div>\n<div><\/div>\n<div><b>Site:<\/b>\u00a0<a href=\"http:\/\/www.sitiodabelavista.pt\/\" target=\"_blank\" rel=\"noopener\" data-saferedirecturl=\"https:\/\/www.google.com\/url?q=http:\/\/www.sitiodabelavista.pt&amp;source=gmail&amp;ust=1761657499272000&amp;usg=AOvVaw1YdKjBe8cw0W0wFrykCsrD\">www.sitiodabelavista.pt<\/a><\/div>\n<div>\n<b>Email:<\/b>\u00a0<a href=\"mailto:ap.belavista@aesia.pt\" target=\"_blank\" rel=\"noopener\">ap.belavista@aesia.pt<\/a><\/p>\n<p><b>Morada:<\/b>\u00a0Rua Dr. Egas Moniz, 2690-350 Santa Iria de Az\u00f3ia<\/p>\n<p><b>Tlm.:\u00a0<\/b>93 487 62 68<\/div>\n<div><b>\u00a0<\/b><\/div>\n<div><b>Telefone fixo:<\/b>\u00a021 959 90 23<\/div>\n<div><\/div>\n<div>\n<div dir=\"ltr\">\n<div dir=\"ltr\">\n<div><span style=\"font-family: arial, sans-serif;\">\u00a0<\/span><\/div>\n<div><img loading=\"lazy\" decoding=\"async\" class=\"CToWUd\" src=\"https:\/\/ci3.googleusercontent.com\/mail-sig\/AIorK4xxEooJ91vt4zxsvLZlbrfhnsMtERjhs0UNONIPuk-_ac2IHAzRW2-oZgxQLnvGbpvYIlI2fgg\" width=\"203\" height=\"76\" data-bit=\"iit\" \/><\/div>\n<\/div>\n<\/div>\n<\/div>\n<\/div>\n","protected":false},"excerpt":{"rendered":"<p>A Escola B\u00e1sica da Bela Vista fica situada no centro da freguesia de Santa Iria de Azoia, no limite do&hellip; <a class=\"continue\" href=\"https:\/\/aesia.pt\/portal\/a-aesia-agrupamento-de-escolas-de-santa-iria-de-azoia\/e-b-1ji-bela-vista\/\">Ler mais<span> E.B. da Bela Vista<\/span><\/a><\/p>\n","protected":false},"author":8,"featured_media":0,"parent":4,"menu_order":0,"comment_status":"open","ping_status":"open","template":"p_base_belavista.php","meta":{"_acf_changed":false,"footnotes":""},"class_list":["post-53","page","type-page","status-publish","hentry"],"acf":[],"yoast_head":"<!-- This site is optimized with the Yoast SEO plugin v27.4 - https:\/\/yoast.com\/product\/yoast-seo-wordpress\/ -->\n<title>E.B. da Bela Vista &#8211; AESIA<\/title>\n<meta name=\"robots\" content=\"index, follow, max-snippet:-1, max-image-preview:large, max-video-preview:-1\" \/>\n<link rel=\"canonical\" href=\"https:\/\/aesia.pt\/portal\/a-aesia-agrupamento-de-escolas-de-santa-iria-de-azoia\/e-b-1ji-bela-vista\/\" \/>\n<meta property=\"og:locale\" content=\"pt_PT\" \/>\n<meta property=\"og:type\" content=\"article\" \/>\n<meta property=\"og:title\" content=\"E.B. da Bela Vista &#8211; AESIA\" \/>\n<meta property=\"og:description\" content=\"A Escola B\u00e1sica da Bela Vista fica situada no centro da freguesia de Santa Iria de Azoia, no limite do&hellip; Ler mais E.B. da Bela Vista\" \/>\n<meta property=\"og:url\" content=\"https:\/\/aesia.pt\/portal\/a-aesia-agrupamento-de-escolas-de-santa-iria-de-azoia\/e-b-1ji-bela-vista\/\" \/>\n<meta property=\"og:site_name\" content=\"AESIA\" \/>\n<meta property=\"article:publisher\" content=\"https:\/\/www.facebook.com\/aesia.pt\/\" \/>\n<meta property=\"article:modified_time\" content=\"2025-10-27T13:20:00+00:00\" \/>\n<meta property=\"og:image\" content=\"https:\/\/ci3.googleusercontent.com\/mail-sig\/AIorK4xxEooJ91vt4zxsvLZlbrfhnsMtERjhs0UNONIPuk-_ac2IHAzRW2-oZgxQLnvGbpvYIlI2fgg\" \/>\n<meta name=\"twitter:card\" content=\"summary_large_image\" \/>\n<meta name=\"twitter:label1\" content=\"Tempo estimado de leitura\" \/>\n\t<meta name=\"twitter:data1\" content=\"2 minutos\" \/>\n<script type=\"application\/ld+json\" class=\"yoast-schema-graph\">{\"@context\":\"https:\\\/\\\/schema.org\",\"@graph\":[{\"@type\":\"WebPage\",\"@id\":\"https:\\\/\\\/aesia.pt\\\/portal\\\/a-aesia-agrupamento-de-escolas-de-santa-iria-de-azoia\\\/e-b-1ji-bela-vista\\\/\",\"url\":\"https:\\\/\\\/aesia.pt\\\/portal\\\/a-aesia-agrupamento-de-escolas-de-santa-iria-de-azoia\\\/e-b-1ji-bela-vista\\\/\",\"name\":\"E.B. da Bela Vista &#8211; AESIA\",\"isPartOf\":{\"@id\":\"https:\\\/\\\/aesia.pt\\\/portal\\\/#website\"},\"primaryImageOfPage\":{\"@id\":\"https:\\\/\\\/aesia.pt\\\/portal\\\/a-aesia-agrupamento-de-escolas-de-santa-iria-de-azoia\\\/e-b-1ji-bela-vista\\\/#primaryimage\"},\"image\":{\"@id\":\"https:\\\/\\\/aesia.pt\\\/portal\\\/a-aesia-agrupamento-de-escolas-de-santa-iria-de-azoia\\\/e-b-1ji-bela-vista\\\/#primaryimage\"},\"thumbnailUrl\":\"https:\\\/\\\/ci3.googleusercontent.com\\\/mail-sig\\\/AIorK4xxEooJ91vt4zxsvLZlbrfhnsMtERjhs0UNONIPuk-_ac2IHAzRW2-oZgxQLnvGbpvYIlI2fgg\",\"datePublished\":\"2014-03-06T15:36:50+00:00\",\"dateModified\":\"2025-10-27T13:20:00+00:00\",\"breadcrumb\":{\"@id\":\"https:\\\/\\\/aesia.pt\\\/portal\\\/a-aesia-agrupamento-de-escolas-de-santa-iria-de-azoia\\\/e-b-1ji-bela-vista\\\/#breadcrumb\"},\"inLanguage\":\"pt-PT\",\"potentialAction\":[{\"@type\":\"ReadAction\",\"target\":[\"https:\\\/\\\/aesia.pt\\\/portal\\\/a-aesia-agrupamento-de-escolas-de-santa-iria-de-azoia\\\/e-b-1ji-bela-vista\\\/\"]}]},{\"@type\":\"ImageObject\",\"inLanguage\":\"pt-PT\",\"@id\":\"https:\\\/\\\/aesia.pt\\\/portal\\\/a-aesia-agrupamento-de-escolas-de-santa-iria-de-azoia\\\/e-b-1ji-bela-vista\\\/#primaryimage\",\"url\":\"https:\\\/\\\/ci3.googleusercontent.com\\\/mail-sig\\\/AIorK4xxEooJ91vt4zxsvLZlbrfhnsMtERjhs0UNONIPuk-_ac2IHAzRW2-oZgxQLnvGbpvYIlI2fgg\",\"contentUrl\":\"https:\\\/\\\/ci3.googleusercontent.com\\\/mail-sig\\\/AIorK4xxEooJ91vt4zxsvLZlbrfhnsMtERjhs0UNONIPuk-_ac2IHAzRW2-oZgxQLnvGbpvYIlI2fgg\"},{\"@type\":\"BreadcrumbList\",\"@id\":\"https:\\\/\\\/aesia.pt\\\/portal\\\/a-aesia-agrupamento-de-escolas-de-santa-iria-de-azoia\\\/e-b-1ji-bela-vista\\\/#breadcrumb\",\"itemListElement\":[{\"@type\":\"ListItem\",\"position\":1,\"name\":\"Home\",\"item\":\"https:\\\/\\\/aesia.pt\\\/portal\\\/\"},{\"@type\":\"ListItem\",\"position\":2,\"name\":\"AESIA &#8211; Agrupamento de Escolas de Santa Iria de Azoia\",\"item\":\"https:\\\/\\\/aesia.pt\\\/portal\\\/a-aesia-agrupamento-de-escolas-de-santa-iria-de-azoia\\\/\"},{\"@type\":\"ListItem\",\"position\":3,\"name\":\"E.B. da Bela Vista\"}]},{\"@type\":\"WebSite\",\"@id\":\"https:\\\/\\\/aesia.pt\\\/portal\\\/#website\",\"url\":\"https:\\\/\\\/aesia.pt\\\/portal\\\/\",\"name\":\"AESIA\",\"description\":\"Agrupamento de Escolas de Santa Iria de Az\u00f3ia\",\"publisher\":{\"@id\":\"https:\\\/\\\/aesia.pt\\\/portal\\\/#organization\"},\"alternateName\":\"Agrupamento de Escolas de Santa Iria de Az\u00f3ia\",\"potentialAction\":[{\"@type\":\"SearchAction\",\"target\":{\"@type\":\"EntryPoint\",\"urlTemplate\":\"https:\\\/\\\/aesia.pt\\\/portal\\\/?s={search_term_string}\"},\"query-input\":{\"@type\":\"PropertyValueSpecification\",\"valueRequired\":true,\"valueName\":\"search_term_string\"}}],\"inLanguage\":\"pt-PT\"},{\"@type\":\"Organization\",\"@id\":\"https:\\\/\\\/aesia.pt\\\/portal\\\/#organization\",\"name\":\"Agrupamento de Escolas de Santa Iria de Az\u00f3ia\",\"alternateName\":\"AESIA\",\"url\":\"https:\\\/\\\/aesia.pt\\\/portal\\\/\",\"logo\":{\"@type\":\"ImageObject\",\"inLanguage\":\"pt-PT\",\"@id\":\"https:\\\/\\\/aesia.pt\\\/portal\\\/#\\\/schema\\\/logo\\\/image\\\/\",\"url\":\"https:\\\/\\\/aesia.pt\\\/portal\\\/wp-content\\\/uploads\\\/2023\\\/04\\\/logo4.png\",\"contentUrl\":\"https:\\\/\\\/aesia.pt\\\/portal\\\/wp-content\\\/uploads\\\/2023\\\/04\\\/logo4.png\",\"width\":162,\"height\":162,\"caption\":\"Agrupamento de Escolas de Santa Iria de Az\u00f3ia\"},\"image\":{\"@id\":\"https:\\\/\\\/aesia.pt\\\/portal\\\/#\\\/schema\\\/logo\\\/image\\\/\"},\"sameAs\":[\"https:\\\/\\\/www.facebook.com\\\/aesia.pt\\\/\"]}]}<\/script>\n<!-- \/ Yoast SEO plugin. -->","yoast_head_json":{"title":"E.B. da Bela Vista &#8211; AESIA","robots":{"index":"index","follow":"follow","max-snippet":"max-snippet:-1","max-image-preview":"max-image-preview:large","max-video-preview":"max-video-preview:-1"},"canonical":"https:\/\/aesia.pt\/portal\/a-aesia-agrupamento-de-escolas-de-santa-iria-de-azoia\/e-b-1ji-bela-vista\/","og_locale":"pt_PT","og_type":"article","og_title":"E.B. da Bela Vista &#8211; AESIA","og_description":"A Escola B\u00e1sica da Bela Vista fica situada no centro da freguesia de Santa Iria de Azoia, no limite do&hellip; Ler mais E.B. da Bela Vista","og_url":"https:\/\/aesia.pt\/portal\/a-aesia-agrupamento-de-escolas-de-santa-iria-de-azoia\/e-b-1ji-bela-vista\/","og_site_name":"AESIA","article_publisher":"https:\/\/www.facebook.com\/aesia.pt\/","article_modified_time":"2025-10-27T13:20:00+00:00","og_image":[{"url":"https:\/\/ci3.googleusercontent.com\/mail-sig\/AIorK4xxEooJ91vt4zxsvLZlbrfhnsMtERjhs0UNONIPuk-_ac2IHAzRW2-oZgxQLnvGbpvYIlI2fgg","type":"","width":"","height":""}],"twitter_card":"summary_large_image","twitter_misc":{"Tempo estimado de leitura":"2 minutos"},"schema":{"@context":"https:\/\/schema.org","@graph":[{"@type":"WebPage","@id":"https:\/\/aesia.pt\/portal\/a-aesia-agrupamento-de-escolas-de-santa-iria-de-azoia\/e-b-1ji-bela-vista\/","url":"https:\/\/aesia.pt\/portal\/a-aesia-agrupamento-de-escolas-de-santa-iria-de-azoia\/e-b-1ji-bela-vista\/","name":"E.B. da Bela Vista &#8211; AESIA","isPartOf":{"@id":"https:\/\/aesia.pt\/portal\/#website"},"primaryImageOfPage":{"@id":"https:\/\/aesia.pt\/portal\/a-aesia-agrupamento-de-escolas-de-santa-iria-de-azoia\/e-b-1ji-bela-vista\/#primaryimage"},"image":{"@id":"https:\/\/aesia.pt\/portal\/a-aesia-agrupamento-de-escolas-de-santa-iria-de-azoia\/e-b-1ji-bela-vista\/#primaryimage"},"thumbnailUrl":"https:\/\/ci3.googleusercontent.com\/mail-sig\/AIorK4xxEooJ91vt4zxsvLZlbrfhnsMtERjhs0UNONIPuk-_ac2IHAzRW2-oZgxQLnvGbpvYIlI2fgg","datePublished":"2014-03-06T15:36:50+00:00","dateModified":"2025-10-27T13:20:00+00:00","breadcrumb":{"@id":"https:\/\/aesia.pt\/portal\/a-aesia-agrupamento-de-escolas-de-santa-iria-de-azoia\/e-b-1ji-bela-vista\/#breadcrumb"},"inLanguage":"pt-PT","potentialAction":[{"@type":"ReadAction","target":["https:\/\/aesia.pt\/portal\/a-aesia-agrupamento-de-escolas-de-santa-iria-de-azoia\/e-b-1ji-bela-vista\/"]}]},{"@type":"ImageObject","inLanguage":"pt-PT","@id":"https:\/\/aesia.pt\/portal\/a-aesia-agrupamento-de-escolas-de-santa-iria-de-azoia\/e-b-1ji-bela-vista\/#primaryimage","url":"https:\/\/ci3.googleusercontent.com\/mail-sig\/AIorK4xxEooJ91vt4zxsvLZlbrfhnsMtERjhs0UNONIPuk-_ac2IHAzRW2-oZgxQLnvGbpvYIlI2fgg","contentUrl":"https:\/\/ci3.googleusercontent.com\/mail-sig\/AIorK4xxEooJ91vt4zxsvLZlbrfhnsMtERjhs0UNONIPuk-_ac2IHAzRW2-oZgxQLnvGbpvYIlI2fgg"},{"@type":"BreadcrumbList","@id":"https:\/\/aesia.pt\/portal\/a-aesia-agrupamento-de-escolas-de-santa-iria-de-azoia\/e-b-1ji-bela-vista\/#breadcrumb","itemListElement":[{"@type":"ListItem","position":1,"name":"Home","item":"https:\/\/aesia.pt\/portal\/"},{"@type":"ListItem","position":2,"name":"AESIA &#8211; Agrupamento de Escolas de Santa Iria de Azoia","item":"https:\/\/aesia.pt\/portal\/a-aesia-agrupamento-de-escolas-de-santa-iria-de-azoia\/"},{"@type":"ListItem","position":3,"name":"E.B. da Bela Vista"}]},{"@type":"WebSite","@id":"https:\/\/aesia.pt\/portal\/#website","url":"https:\/\/aesia.pt\/portal\/","name":"AESIA","description":"Agrupamento de Escolas de Santa Iria de Az\u00f3ia","publisher":{"@id":"https:\/\/aesia.pt\/portal\/#organization"},"alternateName":"Agrupamento de Escolas de Santa Iria de Az\u00f3ia","potentialAction":[{"@type":"SearchAction","target":{"@type":"EntryPoint","urlTemplate":"https:\/\/aesia.pt\/portal\/?s={search_term_string}"},"query-input":{"@type":"PropertyValueSpecification","valueRequired":true,"valueName":"search_term_string"}}],"inLanguage":"pt-PT"},{"@type":"Organization","@id":"https:\/\/aesia.pt\/portal\/#organization","name":"Agrupamento de Escolas de Santa Iria de Az\u00f3ia","alternateName":"AESIA","url":"https:\/\/aesia.pt\/portal\/","logo":{"@type":"ImageObject","inLanguage":"pt-PT","@id":"https:\/\/aesia.pt\/portal\/#\/schema\/logo\/image\/","url":"https:\/\/aesia.pt\/portal\/wp-content\/uploads\/2023\/04\/logo4.png","contentUrl":"https:\/\/aesia.pt\/portal\/wp-content\/uploads\/2023\/04\/logo4.png","width":162,"height":162,"caption":"Agrupamento de Escolas de Santa Iria de Az\u00f3ia"},"image":{"@id":"https:\/\/aesia.pt\/portal\/#\/schema\/logo\/image\/"},"sameAs":["https:\/\/www.facebook.com\/aesia.pt\/"]}]}},"_links":{"self":[{"href":"https:\/\/aesia.pt\/portal\/wp-json\/wp\/v2\/pages\/53","targetHints":{"allow":["GET"]}}],"collection":[{"href":"https:\/\/aesia.pt\/portal\/wp-json\/wp\/v2\/pages"}],"about":[{"href":"https:\/\/aesia.pt\/portal\/wp-json\/wp\/v2\/types\/page"}],"author":[{"embeddable":true,"href":"https:\/\/aesia.pt\/portal\/wp-json\/wp\/v2\/users\/8"}],"replies":[{"embeddable":true,"href":"https:\/\/aesia.pt\/portal\/wp-json\/wp\/v2\/comments?post=53"}],"version-history":[{"count":20,"href":"https:\/\/aesia.pt\/portal\/wp-json\/wp\/v2\/pages\/53\/revisions"}],"predecessor-version":[{"id":16235,"href":"https:\/\/aesia.pt\/portal\/wp-json\/wp\/v2\/pages\/53\/revisions\/16235"}],"up":[{"embeddable":true,"href":"https:\/\/aesia.pt\/portal\/wp-json\/wp\/v2\/pages\/4"}],"wp:attachment":[{"href":"https:\/\/aesia.pt\/portal\/wp-json\/wp\/v2\/media?parent=53"}],"curies":[{"name":"wp","href":"https:\/\/api.w.org\/{rel}","templated":true}]}}