{"id":4659,"date":"2020-04-24T22:22:50","date_gmt":"2020-04-24T22:22:50","guid":{"rendered":"https:\/\/aesia.pt\/portal\/?page_id=4659"},"modified":"2022-02-11T11:57:56","modified_gmt":"2022-02-11T11:57:56","slug":"planificacoes-covid-19","status":"publish","type":"page","link":"https:\/\/aesia.pt\/portal\/planificacoes-covid-19\/","title":{"rendered":"Planifica\u00e7\u00f5es"},"content":{"rendered":"<p><a href=\"https:\/\/drive.google.com\/drive\/folders\/1cwi8OG72zudph1UDKu3OUWy8YEo9LKwt?usp=sharing\">Educa\u00e7\u00e3o Pr\u00e9-Escolar<\/a><\/p>\n<p><a href=\"https:\/\/drive.google.com\/drive\/folders\/19nfOLYtun7Uwcgn4wxDh3NbD7VoAmGaU?usp=sharing\">1\u00baCiclo<\/a><\/p>\n<p><a href=\"https:\/\/drive.google.com\/drive\/folders\/1TiSM2-BzVV5NqfTbBYeKejN-tmoiWb7G?usp=sharing\">Portugu\u00eas e L\u00ednguas Estrangeiras<\/a><\/p>\n<p><a href=\"https:\/\/drive.google.com\/drive\/folders\/1VgiVvkVJyywwaE2AMICGYwtZTgGrPxhW?usp=sharing\">Ci\u00eancias Sociais e Humanas<\/a><\/p>\n<p><a href=\"https:\/\/drive.google.com\/drive\/folders\/1YC42KPRx94Cqss9KNaDEmT57qBgeqCqK?usp=sharing\">Matem\u00e1tica, Ci\u00eancias Experimentais e TIC<\/a><\/p>\n<p><a href=\"https:\/\/drive.google.com\/drive\/folders\/1-5udyajFMggEJhoO6gBpYUvGKU2HJEA7?usp=sharing\">Express\u00f5es<\/a><\/p>\n","protected":false},"excerpt":{"rendered":"<p>Educa\u00e7\u00e3o Pr\u00e9-Escolar 1\u00baCiclo Portugu\u00eas e L\u00ednguas Estrangeiras Ci\u00eancias Sociais e Humanas Matem\u00e1tica, Ci\u00eancias Experimentais e TIC Express\u00f5es<\/p>\n","protected":false},"author":8,"featured_media":0,"parent":0,"menu_order":0,"comment_status":"closed","ping_status":"closed","template":"","meta":{"_acf_changed":false,"footnotes":""},"class_list":["post-4659","page","type-page","status-publish","hentry"],"acf":[],"yoast_head":"<!-- This site is optimized with the Yoast SEO plugin v27.3 - https:\/\/yoast.com\/product\/yoast-seo-wordpress\/ -->\n<title>Planifica\u00e7\u00f5es &#8211; AESIA<\/title>\n<meta name=\"robots\" content=\"index, follow, max-snippet:-1, max-image-preview:large, max-video-preview:-1\" \/>\n<link rel=\"canonical\" href=\"https:\/\/aesia.pt\/portal\/planificacoes-covid-19\/\" \/>\n<meta property=\"og:locale\" content=\"pt_PT\" \/>\n<meta property=\"og:type\" content=\"article\" \/>\n<meta property=\"og:title\" content=\"Planifica\u00e7\u00f5es &#8211; AESIA\" \/>\n<meta property=\"og:description\" content=\"Educa\u00e7\u00e3o Pr\u00e9-Escolar 1\u00baCiclo Portugu\u00eas e L\u00ednguas Estrangeiras Ci\u00eancias Sociais e Humanas Matem\u00e1tica, Ci\u00eancias Experimentais e TIC Express\u00f5es\" \/>\n<meta property=\"og:url\" content=\"https:\/\/aesia.pt\/portal\/planificacoes-covid-19\/\" \/>\n<meta property=\"og:site_name\" content=\"AESIA\" \/>\n<meta property=\"article:publisher\" content=\"https:\/\/www.facebook.com\/aesia.pt\/\" \/>\n<meta property=\"article:modified_time\" content=\"2022-02-11T11:57:56+00:00\" \/>\n<meta name=\"twitter:card\" content=\"summary_large_image\" \/>\n<meta name=\"twitter:label1\" content=\"Tempo estimado de leitura\" \/>\n\t<meta name=\"twitter:data1\" content=\"1 minuto\" \/>\n<script type=\"application\/ld+json\" class=\"yoast-schema-graph\">{\"@context\":\"https:\\\/\\\/schema.org\",\"@graph\":[{\"@type\":\"WebPage\",\"@id\":\"https:\\\/\\\/aesia.pt\\\/portal\\\/planificacoes-covid-19\\\/\",\"url\":\"https:\\\/\\\/aesia.pt\\\/portal\\\/planificacoes-covid-19\\\/\",\"name\":\"Planifica\u00e7\u00f5es &#8211; AESIA\",\"isPartOf\":{\"@id\":\"https:\\\/\\\/aesia.pt\\\/portal\\\/#website\"},\"datePublished\":\"2020-04-24T22:22:50+00:00\",\"dateModified\":\"2022-02-11T11:57:56+00:00\",\"breadcrumb\":{\"@id\":\"https:\\\/\\\/aesia.pt\\\/portal\\\/planificacoes-covid-19\\\/#breadcrumb\"},\"inLanguage\":\"pt-PT\",\"potentialAction\":[{\"@type\":\"ReadAction\",\"target\":[\"https:\\\/\\\/aesia.pt\\\/portal\\\/planificacoes-covid-19\\\/\"]}]},{\"@type\":\"BreadcrumbList\",\"@id\":\"https:\\\/\\\/aesia.pt\\\/portal\\\/planificacoes-covid-19\\\/#breadcrumb\",\"itemListElement\":[{\"@type\":\"ListItem\",\"position\":1,\"name\":\"Home\",\"item\":\"https:\\\/\\\/aesia.pt\\\/portal\\\/\"},{\"@type\":\"ListItem\",\"position\":2,\"name\":\"Planifica\u00e7\u00f5es\"}]},{\"@type\":\"WebSite\",\"@id\":\"https:\\\/\\\/aesia.pt\\\/portal\\\/#website\",\"url\":\"https:\\\/\\\/aesia.pt\\\/portal\\\/\",\"name\":\"AESIA\",\"description\":\"Agrupamento de Escolas de Santa Iria de Az\u00f3ia\",\"publisher\":{\"@id\":\"https:\\\/\\\/aesia.pt\\\/portal\\\/#organization\"},\"alternateName\":\"Agrupamento de Escolas de Santa Iria de Az\u00f3ia\",\"potentialAction\":[{\"@type\":\"SearchAction\",\"target\":{\"@type\":\"EntryPoint\",\"urlTemplate\":\"https:\\\/\\\/aesia.pt\\\/portal\\\/?s={search_term_string}\"},\"query-input\":{\"@type\":\"PropertyValueSpecification\",\"valueRequired\":true,\"valueName\":\"search_term_string\"}}],\"inLanguage\":\"pt-PT\"},{\"@type\":\"Organization\",\"@id\":\"https:\\\/\\\/aesia.pt\\\/portal\\\/#organization\",\"name\":\"Agrupamento de Escolas de Santa Iria de Az\u00f3ia\",\"alternateName\":\"AESIA\",\"url\":\"https:\\\/\\\/aesia.pt\\\/portal\\\/\",\"logo\":{\"@type\":\"ImageObject\",\"inLanguage\":\"pt-PT\",\"@id\":\"https:\\\/\\\/aesia.pt\\\/portal\\\/#\\\/schema\\\/logo\\\/image\\\/\",\"url\":\"https:\\\/\\\/aesia.pt\\\/portal\\\/wp-content\\\/uploads\\\/2023\\\/04\\\/logo4.png\",\"contentUrl\":\"https:\\\/\\\/aesia.pt\\\/portal\\\/wp-content\\\/uploads\\\/2023\\\/04\\\/logo4.png\",\"width\":162,\"height\":162,\"caption\":\"Agrupamento de Escolas de Santa Iria de Az\u00f3ia\"},\"image\":{\"@id\":\"https:\\\/\\\/aesia.pt\\\/portal\\\/#\\\/schema\\\/logo\\\/image\\\/\"},\"sameAs\":[\"https:\\\/\\\/www.facebook.com\\\/aesia.pt\\\/\"]}]}<\/script>\n<!-- \/ Yoast SEO plugin. -->","yoast_head_json":{"title":"Planifica\u00e7\u00f5es &#8211; AESIA","robots":{"index":"index","follow":"follow","max-snippet":"max-snippet:-1","max-image-preview":"max-image-preview:large","max-video-preview":"max-video-preview:-1"},"canonical":"https:\/\/aesia.pt\/portal\/planificacoes-covid-19\/","og_locale":"pt_PT","og_type":"article","og_title":"Planifica\u00e7\u00f5es &#8211; AESIA","og_description":"Educa\u00e7\u00e3o Pr\u00e9-Escolar 1\u00baCiclo Portugu\u00eas e L\u00ednguas Estrangeiras Ci\u00eancias Sociais e Humanas Matem\u00e1tica, Ci\u00eancias Experimentais e TIC Express\u00f5es","og_url":"https:\/\/aesia.pt\/portal\/planificacoes-covid-19\/","og_site_name":"AESIA","article_publisher":"https:\/\/www.facebook.com\/aesia.pt\/","article_modified_time":"2022-02-11T11:57:56+00:00","twitter_card":"summary_large_image","twitter_misc":{"Tempo estimado de leitura":"1 minuto"},"schema":{"@context":"https:\/\/schema.org","@graph":[{"@type":"WebPage","@id":"https:\/\/aesia.pt\/portal\/planificacoes-covid-19\/","url":"https:\/\/aesia.pt\/portal\/planificacoes-covid-19\/","name":"Planifica\u00e7\u00f5es &#8211; AESIA","isPartOf":{"@id":"https:\/\/aesia.pt\/portal\/#website"},"datePublished":"2020-04-24T22:22:50+00:00","dateModified":"2022-02-11T11:57:56+00:00","breadcrumb":{"@id":"https:\/\/aesia.pt\/portal\/planificacoes-covid-19\/#breadcrumb"},"inLanguage":"pt-PT","potentialAction":[{"@type":"ReadAction","target":["https:\/\/aesia.pt\/portal\/planificacoes-covid-19\/"]}]},{"@type":"BreadcrumbList","@id":"https:\/\/aesia.pt\/portal\/planificacoes-covid-19\/#breadcrumb","itemListElement":[{"@type":"ListItem","position":1,"name":"Home","item":"https:\/\/aesia.pt\/portal\/"},{"@type":"ListItem","position":2,"name":"Planifica\u00e7\u00f5es"}]},{"@type":"WebSite","@id":"https:\/\/aesia.pt\/portal\/#website","url":"https:\/\/aesia.pt\/portal\/","name":"AESIA","description":"Agrupamento de Escolas de Santa Iria de Az\u00f3ia","publisher":{"@id":"https:\/\/aesia.pt\/portal\/#organization"},"alternateName":"Agrupamento de Escolas de Santa Iria de Az\u00f3ia","potentialAction":[{"@type":"SearchAction","target":{"@type":"EntryPoint","urlTemplate":"https:\/\/aesia.pt\/portal\/?s={search_term_string}"},"query-input":{"@type":"PropertyValueSpecification","valueRequired":true,"valueName":"search_term_string"}}],"inLanguage":"pt-PT"},{"@type":"Organization","@id":"https:\/\/aesia.pt\/portal\/#organization","name":"Agrupamento de Escolas de Santa Iria de Az\u00f3ia","alternateName":"AESIA","url":"https:\/\/aesia.pt\/portal\/","logo":{"@type":"ImageObject","inLanguage":"pt-PT","@id":"https:\/\/aesia.pt\/portal\/#\/schema\/logo\/image\/","url":"https:\/\/aesia.pt\/portal\/wp-content\/uploads\/2023\/04\/logo4.png","contentUrl":"https:\/\/aesia.pt\/portal\/wp-content\/uploads\/2023\/04\/logo4.png","width":162,"height":162,"caption":"Agrupamento de Escolas de Santa Iria de Az\u00f3ia"},"image":{"@id":"https:\/\/aesia.pt\/portal\/#\/schema\/logo\/image\/"},"sameAs":["https:\/\/www.facebook.com\/aesia.pt\/"]}]}},"_links":{"self":[{"href":"https:\/\/aesia.pt\/portal\/wp-json\/wp\/v2\/pages\/4659","targetHints":{"allow":["GET"]}}],"collection":[{"href":"https:\/\/aesia.pt\/portal\/wp-json\/wp\/v2\/pages"}],"about":[{"href":"https:\/\/aesia.pt\/portal\/wp-json\/wp\/v2\/types\/page"}],"author":[{"embeddable":true,"href":"https:\/\/aesia.pt\/portal\/wp-json\/wp\/v2\/users\/8"}],"replies":[{"embeddable":true,"href":"https:\/\/aesia.pt\/portal\/wp-json\/wp\/v2\/comments?post=4659"}],"version-history":[{"count":16,"href":"https:\/\/aesia.pt\/portal\/wp-json\/wp\/v2\/pages\/4659\/revisions"}],"predecessor-version":[{"id":5488,"href":"https:\/\/aesia.pt\/portal\/wp-json\/wp\/v2\/pages\/4659\/revisions\/5488"}],"wp:attachment":[{"href":"https:\/\/aesia.pt\/portal\/wp-json\/wp\/v2\/media?parent=4659"}],"curies":[{"name":"wp","href":"https:\/\/api.w.org\/{rel}","templated":true}]}}