{"id":4655,"date":"2020-04-24T21:48:40","date_gmt":"2020-04-24T21:48:40","guid":{"rendered":"https:\/\/aesia.pt\/portal\/?page_id=4655"},"modified":"2021-03-16T15:39:41","modified_gmt":"2021-03-16T15:39:41","slug":"criterios-gerais-de-avaliacao-covid-19","status":"publish","type":"page","link":"https:\/\/aesia.pt\/portal\/criterios-gerais-de-avaliacao-covid-19\/","title":{"rendered":"Crit\u00e9rios Espec\u00edficos de Avalia\u00e7\u00e3o &#8211; Covid-19 (2021)"},"content":{"rendered":"<table style=\"border-collapse: collapse; width: 100%;\">\n<tbody>\n<tr>\n<td style=\"width: 15.2502%;\" rowspan=\"3\"><\/td>\n<td style=\"width: 84.7498%;\">&nbsp;<\/p>\n<p><a href=\"https:\/\/drive.google.com\/drive\/folders\/1zrY1ZIs2CFwJt5YLtvAz2bE818JlOnyX?usp=sharing\">1\u00baCiclo<\/a><\/p>\n<p><a href=\"https:\/\/drive.google.com\/drive\/folders\/1n_bULFJ1igxVJRfaHDKwyR--Mc00qi2V?usp=sharing\">Portugu\u00eas e L\u00ednguas Estrangeiras<\/a><\/p>\n<p><a href=\"https:\/\/drive.google.com\/drive\/folders\/1lf1KVl34kx8CH2V2CMy16csh-XJwQ0Z4?usp=sharing\">Ci\u00eancias Sociais e Humanas<\/a><\/p>\n<p><a href=\"https:\/\/drive.google.com\/drive\/folders\/12I300uSuVd_St7Mf7dcWtAkSEr06mrp7?usp=sharing\">Matem\u00e1tica, Ci\u00eancias Experimentais e TIC<\/a><\/p>\n<p><a href=\"https:\/\/drive.google.com\/drive\/folders\/1WVwuP_wwxbkm6hR7v3vMiBCZ6k4ad1BW?usp=sharing\">Express\u00f5es<\/a><\/p>\n<p>&nbsp;<\/p>\n<p>&nbsp;<\/p>\n<p>&nbsp;<\/td>\n<\/tr>\n<tr>\n<td style=\"width: 84.7498%;\"><\/td>\n<\/tr>\n<tr>\n<td style=\"width: 84.7498%;\"><\/td>\n<\/tr>\n<\/tbody>\n<\/table>\n<p>&nbsp;<\/p>\n","protected":false},"excerpt":{"rendered":"<p>&nbsp; 1\u00baCiclo Portugu\u00eas e L\u00ednguas Estrangeiras Ci\u00eancias Sociais e Humanas Matem\u00e1tica, Ci\u00eancias Experimentais e TIC Express\u00f5es &nbsp; &nbsp; &nbsp; &nbsp;<\/p>\n","protected":false},"author":8,"featured_media":0,"parent":0,"menu_order":0,"comment_status":"closed","ping_status":"closed","template":"","meta":{"_acf_changed":false,"footnotes":""},"class_list":["post-4655","page","type-page","status-publish","hentry"],"acf":[],"yoast_head":"<!-- This site is optimized with the Yoast SEO plugin v27.4 - https:\/\/yoast.com\/product\/yoast-seo-wordpress\/ -->\n<title>Crit\u00e9rios Espec\u00edficos de Avalia\u00e7\u00e3o - Covid-19 (2021) &#8211; AESIA<\/title>\n<meta name=\"description\" content=\"Crit\u00e9rios de avalia\u00e7\u00e3o por departamentos.\" \/>\n<meta name=\"robots\" content=\"index, follow, max-snippet:-1, max-image-preview:large, max-video-preview:-1\" \/>\n<link rel=\"canonical\" href=\"https:\/\/aesia.pt\/portal\/criterios-gerais-de-avaliacao-covid-19\/\" \/>\n<meta property=\"og:locale\" content=\"pt_PT\" \/>\n<meta property=\"og:type\" content=\"article\" \/>\n<meta property=\"og:title\" content=\"Crit\u00e9rios Espec\u00edficos de Avalia\u00e7\u00e3o - Covid-19 (2021) &#8211; AESIA\" \/>\n<meta property=\"og:description\" content=\"Crit\u00e9rios de avalia\u00e7\u00e3o por departamentos.\" \/>\n<meta property=\"og:url\" content=\"https:\/\/aesia.pt\/portal\/criterios-gerais-de-avaliacao-covid-19\/\" \/>\n<meta property=\"og:site_name\" content=\"AESIA\" \/>\n<meta property=\"article:publisher\" content=\"https:\/\/www.facebook.com\/aesia.pt\/\" \/>\n<meta property=\"article:modified_time\" content=\"2021-03-16T15:39:41+00:00\" \/>\n<meta name=\"twitter:card\" content=\"summary_large_image\" \/>\n<script type=\"application\/ld+json\" class=\"yoast-schema-graph\">{\"@context\":\"https:\\\/\\\/schema.org\",\"@graph\":[{\"@type\":\"WebPage\",\"@id\":\"https:\\\/\\\/aesia.pt\\\/portal\\\/criterios-gerais-de-avaliacao-covid-19\\\/\",\"url\":\"https:\\\/\\\/aesia.pt\\\/portal\\\/criterios-gerais-de-avaliacao-covid-19\\\/\",\"name\":\"Crit\u00e9rios Espec\u00edficos de Avalia\u00e7\u00e3o - Covid-19 (2021) &#8211; AESIA\",\"isPartOf\":{\"@id\":\"https:\\\/\\\/aesia.pt\\\/portal\\\/#website\"},\"datePublished\":\"2020-04-24T21:48:40+00:00\",\"dateModified\":\"2021-03-16T15:39:41+00:00\",\"description\":\"Crit\u00e9rios de avalia\u00e7\u00e3o por departamentos.\",\"breadcrumb\":{\"@id\":\"https:\\\/\\\/aesia.pt\\\/portal\\\/criterios-gerais-de-avaliacao-covid-19\\\/#breadcrumb\"},\"inLanguage\":\"pt-PT\",\"potentialAction\":[{\"@type\":\"ReadAction\",\"target\":[\"https:\\\/\\\/aesia.pt\\\/portal\\\/criterios-gerais-de-avaliacao-covid-19\\\/\"]}]},{\"@type\":\"BreadcrumbList\",\"@id\":\"https:\\\/\\\/aesia.pt\\\/portal\\\/criterios-gerais-de-avaliacao-covid-19\\\/#breadcrumb\",\"itemListElement\":[{\"@type\":\"ListItem\",\"position\":1,\"name\":\"Home\",\"item\":\"https:\\\/\\\/aesia.pt\\\/portal\\\/\"},{\"@type\":\"ListItem\",\"position\":2,\"name\":\"Crit\u00e9rios Espec\u00edficos de Avalia\u00e7\u00e3o &#8211; Covid-19 (2021)\"}]},{\"@type\":\"WebSite\",\"@id\":\"https:\\\/\\\/aesia.pt\\\/portal\\\/#website\",\"url\":\"https:\\\/\\\/aesia.pt\\\/portal\\\/\",\"name\":\"AESIA\",\"description\":\"Agrupamento de Escolas de Santa Iria de Az\u00f3ia\",\"publisher\":{\"@id\":\"https:\\\/\\\/aesia.pt\\\/portal\\\/#organization\"},\"alternateName\":\"Agrupamento de Escolas de Santa Iria de Az\u00f3ia\",\"potentialAction\":[{\"@type\":\"SearchAction\",\"target\":{\"@type\":\"EntryPoint\",\"urlTemplate\":\"https:\\\/\\\/aesia.pt\\\/portal\\\/?s={search_term_string}\"},\"query-input\":{\"@type\":\"PropertyValueSpecification\",\"valueRequired\":true,\"valueName\":\"search_term_string\"}}],\"inLanguage\":\"pt-PT\"},{\"@type\":\"Organization\",\"@id\":\"https:\\\/\\\/aesia.pt\\\/portal\\\/#organization\",\"name\":\"Agrupamento de Escolas de Santa Iria de Az\u00f3ia\",\"alternateName\":\"AESIA\",\"url\":\"https:\\\/\\\/aesia.pt\\\/portal\\\/\",\"logo\":{\"@type\":\"ImageObject\",\"inLanguage\":\"pt-PT\",\"@id\":\"https:\\\/\\\/aesia.pt\\\/portal\\\/#\\\/schema\\\/logo\\\/image\\\/\",\"url\":\"https:\\\/\\\/aesia.pt\\\/portal\\\/wp-content\\\/uploads\\\/2023\\\/04\\\/logo4.png\",\"contentUrl\":\"https:\\\/\\\/aesia.pt\\\/portal\\\/wp-content\\\/uploads\\\/2023\\\/04\\\/logo4.png\",\"width\":162,\"height\":162,\"caption\":\"Agrupamento de Escolas de Santa Iria de Az\u00f3ia\"},\"image\":{\"@id\":\"https:\\\/\\\/aesia.pt\\\/portal\\\/#\\\/schema\\\/logo\\\/image\\\/\"},\"sameAs\":[\"https:\\\/\\\/www.facebook.com\\\/aesia.pt\\\/\"]}]}<\/script>\n<!-- \/ Yoast SEO plugin. -->","yoast_head_json":{"title":"Crit\u00e9rios Espec\u00edficos de Avalia\u00e7\u00e3o - Covid-19 (2021) &#8211; AESIA","description":"Crit\u00e9rios de avalia\u00e7\u00e3o por departamentos.","robots":{"index":"index","follow":"follow","max-snippet":"max-snippet:-1","max-image-preview":"max-image-preview:large","max-video-preview":"max-video-preview:-1"},"canonical":"https:\/\/aesia.pt\/portal\/criterios-gerais-de-avaliacao-covid-19\/","og_locale":"pt_PT","og_type":"article","og_title":"Crit\u00e9rios Espec\u00edficos de Avalia\u00e7\u00e3o - Covid-19 (2021) &#8211; AESIA","og_description":"Crit\u00e9rios de avalia\u00e7\u00e3o por departamentos.","og_url":"https:\/\/aesia.pt\/portal\/criterios-gerais-de-avaliacao-covid-19\/","og_site_name":"AESIA","article_publisher":"https:\/\/www.facebook.com\/aesia.pt\/","article_modified_time":"2021-03-16T15:39:41+00:00","twitter_card":"summary_large_image","schema":{"@context":"https:\/\/schema.org","@graph":[{"@type":"WebPage","@id":"https:\/\/aesia.pt\/portal\/criterios-gerais-de-avaliacao-covid-19\/","url":"https:\/\/aesia.pt\/portal\/criterios-gerais-de-avaliacao-covid-19\/","name":"Crit\u00e9rios Espec\u00edficos de Avalia\u00e7\u00e3o - Covid-19 (2021) &#8211; AESIA","isPartOf":{"@id":"https:\/\/aesia.pt\/portal\/#website"},"datePublished":"2020-04-24T21:48:40+00:00","dateModified":"2021-03-16T15:39:41+00:00","description":"Crit\u00e9rios de avalia\u00e7\u00e3o por departamentos.","breadcrumb":{"@id":"https:\/\/aesia.pt\/portal\/criterios-gerais-de-avaliacao-covid-19\/#breadcrumb"},"inLanguage":"pt-PT","potentialAction":[{"@type":"ReadAction","target":["https:\/\/aesia.pt\/portal\/criterios-gerais-de-avaliacao-covid-19\/"]}]},{"@type":"BreadcrumbList","@id":"https:\/\/aesia.pt\/portal\/criterios-gerais-de-avaliacao-covid-19\/#breadcrumb","itemListElement":[{"@type":"ListItem","position":1,"name":"Home","item":"https:\/\/aesia.pt\/portal\/"},{"@type":"ListItem","position":2,"name":"Crit\u00e9rios Espec\u00edficos de Avalia\u00e7\u00e3o &#8211; Covid-19 (2021)"}]},{"@type":"WebSite","@id":"https:\/\/aesia.pt\/portal\/#website","url":"https:\/\/aesia.pt\/portal\/","name":"AESIA","description":"Agrupamento de Escolas de Santa Iria de Az\u00f3ia","publisher":{"@id":"https:\/\/aesia.pt\/portal\/#organization"},"alternateName":"Agrupamento de Escolas de Santa Iria de Az\u00f3ia","potentialAction":[{"@type":"SearchAction","target":{"@type":"EntryPoint","urlTemplate":"https:\/\/aesia.pt\/portal\/?s={search_term_string}"},"query-input":{"@type":"PropertyValueSpecification","valueRequired":true,"valueName":"search_term_string"}}],"inLanguage":"pt-PT"},{"@type":"Organization","@id":"https:\/\/aesia.pt\/portal\/#organization","name":"Agrupamento de Escolas de Santa Iria de Az\u00f3ia","alternateName":"AESIA","url":"https:\/\/aesia.pt\/portal\/","logo":{"@type":"ImageObject","inLanguage":"pt-PT","@id":"https:\/\/aesia.pt\/portal\/#\/schema\/logo\/image\/","url":"https:\/\/aesia.pt\/portal\/wp-content\/uploads\/2023\/04\/logo4.png","contentUrl":"https:\/\/aesia.pt\/portal\/wp-content\/uploads\/2023\/04\/logo4.png","width":162,"height":162,"caption":"Agrupamento de Escolas de Santa Iria de Az\u00f3ia"},"image":{"@id":"https:\/\/aesia.pt\/portal\/#\/schema\/logo\/image\/"},"sameAs":["https:\/\/www.facebook.com\/aesia.pt\/"]}]}},"_links":{"self":[{"href":"https:\/\/aesia.pt\/portal\/wp-json\/wp\/v2\/pages\/4655","targetHints":{"allow":["GET"]}}],"collection":[{"href":"https:\/\/aesia.pt\/portal\/wp-json\/wp\/v2\/pages"}],"about":[{"href":"https:\/\/aesia.pt\/portal\/wp-json\/wp\/v2\/types\/page"}],"author":[{"embeddable":true,"href":"https:\/\/aesia.pt\/portal\/wp-json\/wp\/v2\/users\/8"}],"replies":[{"embeddable":true,"href":"https:\/\/aesia.pt\/portal\/wp-json\/wp\/v2\/comments?post=4655"}],"version-history":[{"count":10,"href":"https:\/\/aesia.pt\/portal\/wp-json\/wp\/v2\/pages\/4655\/revisions"}],"predecessor-version":[{"id":5157,"href":"https:\/\/aesia.pt\/portal\/wp-json\/wp\/v2\/pages\/4655\/revisions\/5157"}],"wp:attachment":[{"href":"https:\/\/aesia.pt\/portal\/wp-json\/wp\/v2\/media?parent=4655"}],"curies":[{"name":"wp","href":"https:\/\/api.w.org\/{rel}","templated":true}]}}