{"id":4,"date":"2014-03-06T15:23:41","date_gmt":"2014-03-06T15:23:41","guid":{"rendered":"http:\/\/aesia.pt\/site\/?page_id=4"},"modified":"2024-12-20T09:34:20","modified_gmt":"2024-12-20T09:34:20","slug":"a-aesia-agrupamento-de-escolas-de-santa-iria-de-azoia","status":"publish","type":"page","link":"https:\/\/aesia.pt\/portal\/a-aesia-agrupamento-de-escolas-de-santa-iria-de-azoia\/","title":{"rendered":"AESIA &#8211; Agrupamento de Escolas de Santa Iria de Azoia"},"content":{"rendered":"<p style=\"text-align: center;\"><strong>Boas vindas\u00a0<\/strong><\/p>\n<p>Sejam bem vindos ao AESIA .<\/p>\n<p>Novo ano letivo, novos desafios se avizinham para alunos. para o corpo docente e n\u00e3o docente mas tamb\u00e9m para as fam\u00edlias.<\/p>\n<p>A Escola de hoje est\u00e1 sujeita a grandes e r\u00e1pidas transforma\u00e7\u00f5es, assim como a novos e inesperados desafios. Sempre o soubemos, e vemo-las todos os dias, em que a constru\u00e7\u00e3o do conhecimento \u00e9 mais r\u00e1pida do que a nossa capacidade de absorv\u00ea-la. Vivemos um tempo de mudan\u00e7a acelerada, de incerteza.<\/p>\n<p>Agora que o ano letivo se inicia os desafios continuam a ser imensos. Tudo \u00e9 novo e muda todos os dias.<\/p>\n<p>Na educa\u00e7\u00e3o pr\u00e9-escolar, as crian\u00e7as que entram pela primeira vez no jardim de inf\u00e2ncia abre-se um novo mundo, repleto de novos desafios. \u00c9 tamb\u00e9m para elas um pequeno mundo cheio de mudan\u00e7a. S\u00e3o os novos espa\u00e7os, novos colegas, os novos funcion\u00e1rios e educadoras, novas regras, regras de seguran\u00e7a e de comportamento.<\/p>\n<p>Este ano voltamos a receber os alunos que ingressam no primeiro ano ou no quinto ano. \u00c9 um momento especial em cada uma das escolas. Novos professores, diferentes espa\u00e7os, novos materiais, livros\u2026<\/p>\n<p>Os mais novos, alunos do 1\u00ba ano de escolaridade, s\u00e3o recebidos pelos respetivos professores e pelos Coordenadores de Estabelecimento.<\/p>\n<p>Na escola sede, os novos alunos s\u00e3o recebidos pelos diretores de turma.<\/p>\n<p>O AESIA possui um corpo de profissionais empenhados quer sejam professores, assistentes t\u00e9cnicos ou operacionais. O AESIA tem uma comunidade educativa que acredita nas suas potencialidades e nos seus profissionais.<\/p>\n<p>Tendo como primeiro e \u00faltimo dos objetivos, a melhoraria do sucesso educativo, dos processos educativos e o promo\u00e7\u00e3o de uma cultura de rigor e exig\u00eancia junto dos nossos educandos, contamos com todos, professores empenhados, assistentes t\u00e9cnicos e operacionais envolvidos no esp\u00edrito do servi\u00e7o p\u00fablico, pais cr\u00edticos e colaborativos.<\/p>\n<p>Contamos com todos na procura da melhoria da qualidade educativa e da excel\u00eancia. Um caminho que nos responsabiliza a todos, exigente mas gratificante,\u2026 estamos a construir os homens do amanh\u00e3.<\/p>\n<p>Bom ano.<\/p>\n<p>O Diretor<\/p>\n<p>Ivo Cardoso<\/p>\n","protected":false},"excerpt":{"rendered":"<p>Boas vindas\u00a0 Sejam bem vindos ao AESIA . Novo ano letivo, novos desafios se avizinham para alunos. para o corpo&hellip; <a class=\"continue\" href=\"https:\/\/aesia.pt\/portal\/a-aesia-agrupamento-de-escolas-de-santa-iria-de-azoia\/\">Ler mais<span> AESIA &#8211; Agrupamento de Escolas de Santa Iria de Azoia<\/span><\/a><\/p>\n","protected":false},"author":8,"featured_media":0,"parent":0,"menu_order":0,"comment_status":"open","ping_status":"open","template":"p_base.php","meta":{"_acf_changed":false,"footnotes":""},"class_list":["post-4","page","type-page","status-publish","hentry"],"acf":[],"yoast_head":"<!-- This site is optimized with the Yoast SEO plugin v27.3 - https:\/\/yoast.com\/product\/yoast-seo-wordpress\/ -->\n<title>AESIA - Agrupamento de Escolas de Santa Iria de Azoia<\/title>\n<meta name=\"description\" content=\"Agrupamento de Escolas de Santa Iria de Azoia, Do pr\u00e9 esoclar ao 9\u00ba ano. O AESIA possui um corpo de profissionais empenhados na educa\u00e7\u00e3o dos seus alunos.\" \/>\n<meta name=\"robots\" content=\"index, follow, max-snippet:-1, max-image-preview:large, max-video-preview:-1\" \/>\n<link rel=\"canonical\" href=\"https:\/\/aesia.pt\/portal\/a-aesia-agrupamento-de-escolas-de-santa-iria-de-azoia\/\" \/>\n<meta property=\"og:locale\" content=\"pt_PT\" \/>\n<meta property=\"og:type\" content=\"article\" \/>\n<meta property=\"og:title\" content=\"AESIA - Agrupamento de Escolas de Santa Iria de Azoia\" \/>\n<meta property=\"og:description\" content=\"Agrupamento de Escolas de Santa Iria de Azoia, Do pr\u00e9 esoclar ao 9\u00ba ano. O AESIA possui um corpo de profissionais empenhados na educa\u00e7\u00e3o dos seus alunos.\" \/>\n<meta property=\"og:url\" content=\"https:\/\/aesia.pt\/portal\/a-aesia-agrupamento-de-escolas-de-santa-iria-de-azoia\/\" \/>\n<meta property=\"og:site_name\" content=\"AESIA\" \/>\n<meta property=\"article:publisher\" content=\"https:\/\/www.facebook.com\/aesia.pt\/\" \/>\n<meta property=\"article:modified_time\" content=\"2024-12-20T09:34:20+00:00\" \/>\n<meta name=\"twitter:card\" content=\"summary_large_image\" \/>\n<meta name=\"twitter:label1\" content=\"Tempo estimado de leitura\" \/>\n\t<meta name=\"twitter:data1\" content=\"2 minutos\" \/>\n<script type=\"application\/ld+json\" class=\"yoast-schema-graph\">{\"@context\":\"https:\\\/\\\/schema.org\",\"@graph\":[{\"@type\":\"WebPage\",\"@id\":\"https:\\\/\\\/aesia.pt\\\/portal\\\/a-aesia-agrupamento-de-escolas-de-santa-iria-de-azoia\\\/\",\"url\":\"https:\\\/\\\/aesia.pt\\\/portal\\\/a-aesia-agrupamento-de-escolas-de-santa-iria-de-azoia\\\/\",\"name\":\"AESIA - Agrupamento de Escolas de Santa Iria de Azoia\",\"isPartOf\":{\"@id\":\"https:\\\/\\\/aesia.pt\\\/portal\\\/#website\"},\"datePublished\":\"2014-03-06T15:23:41+00:00\",\"dateModified\":\"2024-12-20T09:34:20+00:00\",\"description\":\"Agrupamento de Escolas de Santa Iria de Azoia, Do pr\u00e9 esoclar ao 9\u00ba ano. O AESIA possui um corpo de profissionais empenhados na educa\u00e7\u00e3o dos seus alunos.\",\"breadcrumb\":{\"@id\":\"https:\\\/\\\/aesia.pt\\\/portal\\\/a-aesia-agrupamento-de-escolas-de-santa-iria-de-azoia\\\/#breadcrumb\"},\"inLanguage\":\"pt-PT\",\"potentialAction\":[{\"@type\":\"ReadAction\",\"target\":[\"https:\\\/\\\/aesia.pt\\\/portal\\\/a-aesia-agrupamento-de-escolas-de-santa-iria-de-azoia\\\/\"]}]},{\"@type\":\"BreadcrumbList\",\"@id\":\"https:\\\/\\\/aesia.pt\\\/portal\\\/a-aesia-agrupamento-de-escolas-de-santa-iria-de-azoia\\\/#breadcrumb\",\"itemListElement\":[{\"@type\":\"ListItem\",\"position\":1,\"name\":\"Home\",\"item\":\"https:\\\/\\\/aesia.pt\\\/portal\\\/\"},{\"@type\":\"ListItem\",\"position\":2,\"name\":\"AESIA &#8211; Agrupamento de Escolas de Santa Iria de Azoia\"}]},{\"@type\":\"WebSite\",\"@id\":\"https:\\\/\\\/aesia.pt\\\/portal\\\/#website\",\"url\":\"https:\\\/\\\/aesia.pt\\\/portal\\\/\",\"name\":\"AESIA\",\"description\":\"Agrupamento de Escolas de Santa Iria de Az\u00f3ia\",\"publisher\":{\"@id\":\"https:\\\/\\\/aesia.pt\\\/portal\\\/#organization\"},\"alternateName\":\"Agrupamento de Escolas de Santa Iria de Az\u00f3ia\",\"potentialAction\":[{\"@type\":\"SearchAction\",\"target\":{\"@type\":\"EntryPoint\",\"urlTemplate\":\"https:\\\/\\\/aesia.pt\\\/portal\\\/?s={search_term_string}\"},\"query-input\":{\"@type\":\"PropertyValueSpecification\",\"valueRequired\":true,\"valueName\":\"search_term_string\"}}],\"inLanguage\":\"pt-PT\"},{\"@type\":\"Organization\",\"@id\":\"https:\\\/\\\/aesia.pt\\\/portal\\\/#organization\",\"name\":\"Agrupamento de Escolas de Santa Iria de Az\u00f3ia\",\"alternateName\":\"AESIA\",\"url\":\"https:\\\/\\\/aesia.pt\\\/portal\\\/\",\"logo\":{\"@type\":\"ImageObject\",\"inLanguage\":\"pt-PT\",\"@id\":\"https:\\\/\\\/aesia.pt\\\/portal\\\/#\\\/schema\\\/logo\\\/image\\\/\",\"url\":\"https:\\\/\\\/aesia.pt\\\/portal\\\/wp-content\\\/uploads\\\/2023\\\/04\\\/logo4.png\",\"contentUrl\":\"https:\\\/\\\/aesia.pt\\\/portal\\\/wp-content\\\/uploads\\\/2023\\\/04\\\/logo4.png\",\"width\":162,\"height\":162,\"caption\":\"Agrupamento de Escolas de Santa Iria de Az\u00f3ia\"},\"image\":{\"@id\":\"https:\\\/\\\/aesia.pt\\\/portal\\\/#\\\/schema\\\/logo\\\/image\\\/\"},\"sameAs\":[\"https:\\\/\\\/www.facebook.com\\\/aesia.pt\\\/\"]}]}<\/script>\n<!-- \/ Yoast SEO plugin. -->","yoast_head_json":{"title":"AESIA - Agrupamento de Escolas de Santa Iria de Azoia","description":"Agrupamento de Escolas de Santa Iria de Azoia, Do pr\u00e9 esoclar ao 9\u00ba ano. O AESIA possui um corpo de profissionais empenhados na educa\u00e7\u00e3o dos seus alunos.","robots":{"index":"index","follow":"follow","max-snippet":"max-snippet:-1","max-image-preview":"max-image-preview:large","max-video-preview":"max-video-preview:-1"},"canonical":"https:\/\/aesia.pt\/portal\/a-aesia-agrupamento-de-escolas-de-santa-iria-de-azoia\/","og_locale":"pt_PT","og_type":"article","og_title":"AESIA - Agrupamento de Escolas de Santa Iria de Azoia","og_description":"Agrupamento de Escolas de Santa Iria de Azoia, Do pr\u00e9 esoclar ao 9\u00ba ano. O AESIA possui um corpo de profissionais empenhados na educa\u00e7\u00e3o dos seus alunos.","og_url":"https:\/\/aesia.pt\/portal\/a-aesia-agrupamento-de-escolas-de-santa-iria-de-azoia\/","og_site_name":"AESIA","article_publisher":"https:\/\/www.facebook.com\/aesia.pt\/","article_modified_time":"2024-12-20T09:34:20+00:00","twitter_card":"summary_large_image","twitter_misc":{"Tempo estimado de leitura":"2 minutos"},"schema":{"@context":"https:\/\/schema.org","@graph":[{"@type":"WebPage","@id":"https:\/\/aesia.pt\/portal\/a-aesia-agrupamento-de-escolas-de-santa-iria-de-azoia\/","url":"https:\/\/aesia.pt\/portal\/a-aesia-agrupamento-de-escolas-de-santa-iria-de-azoia\/","name":"AESIA - Agrupamento de Escolas de Santa Iria de Azoia","isPartOf":{"@id":"https:\/\/aesia.pt\/portal\/#website"},"datePublished":"2014-03-06T15:23:41+00:00","dateModified":"2024-12-20T09:34:20+00:00","description":"Agrupamento de Escolas de Santa Iria de Azoia, Do pr\u00e9 esoclar ao 9\u00ba ano. O AESIA possui um corpo de profissionais empenhados na educa\u00e7\u00e3o dos seus alunos.","breadcrumb":{"@id":"https:\/\/aesia.pt\/portal\/a-aesia-agrupamento-de-escolas-de-santa-iria-de-azoia\/#breadcrumb"},"inLanguage":"pt-PT","potentialAction":[{"@type":"ReadAction","target":["https:\/\/aesia.pt\/portal\/a-aesia-agrupamento-de-escolas-de-santa-iria-de-azoia\/"]}]},{"@type":"BreadcrumbList","@id":"https:\/\/aesia.pt\/portal\/a-aesia-agrupamento-de-escolas-de-santa-iria-de-azoia\/#breadcrumb","itemListElement":[{"@type":"ListItem","position":1,"name":"Home","item":"https:\/\/aesia.pt\/portal\/"},{"@type":"ListItem","position":2,"name":"AESIA &#8211; Agrupamento de Escolas de Santa Iria de Azoia"}]},{"@type":"WebSite","@id":"https:\/\/aesia.pt\/portal\/#website","url":"https:\/\/aesia.pt\/portal\/","name":"AESIA","description":"Agrupamento de Escolas de Santa Iria de Az\u00f3ia","publisher":{"@id":"https:\/\/aesia.pt\/portal\/#organization"},"alternateName":"Agrupamento de Escolas de Santa Iria de Az\u00f3ia","potentialAction":[{"@type":"SearchAction","target":{"@type":"EntryPoint","urlTemplate":"https:\/\/aesia.pt\/portal\/?s={search_term_string}"},"query-input":{"@type":"PropertyValueSpecification","valueRequired":true,"valueName":"search_term_string"}}],"inLanguage":"pt-PT"},{"@type":"Organization","@id":"https:\/\/aesia.pt\/portal\/#organization","name":"Agrupamento de Escolas de Santa Iria de Az\u00f3ia","alternateName":"AESIA","url":"https:\/\/aesia.pt\/portal\/","logo":{"@type":"ImageObject","inLanguage":"pt-PT","@id":"https:\/\/aesia.pt\/portal\/#\/schema\/logo\/image\/","url":"https:\/\/aesia.pt\/portal\/wp-content\/uploads\/2023\/04\/logo4.png","contentUrl":"https:\/\/aesia.pt\/portal\/wp-content\/uploads\/2023\/04\/logo4.png","width":162,"height":162,"caption":"Agrupamento de Escolas de Santa Iria de Az\u00f3ia"},"image":{"@id":"https:\/\/aesia.pt\/portal\/#\/schema\/logo\/image\/"},"sameAs":["https:\/\/www.facebook.com\/aesia.pt\/"]}]}},"_links":{"self":[{"href":"https:\/\/aesia.pt\/portal\/wp-json\/wp\/v2\/pages\/4","targetHints":{"allow":["GET"]}}],"collection":[{"href":"https:\/\/aesia.pt\/portal\/wp-json\/wp\/v2\/pages"}],"about":[{"href":"https:\/\/aesia.pt\/portal\/wp-json\/wp\/v2\/types\/page"}],"author":[{"embeddable":true,"href":"https:\/\/aesia.pt\/portal\/wp-json\/wp\/v2\/users\/8"}],"replies":[{"embeddable":true,"href":"https:\/\/aesia.pt\/portal\/wp-json\/wp\/v2\/comments?post=4"}],"version-history":[{"count":17,"href":"https:\/\/aesia.pt\/portal\/wp-json\/wp\/v2\/pages\/4\/revisions"}],"predecessor-version":[{"id":13886,"href":"https:\/\/aesia.pt\/portal\/wp-json\/wp\/v2\/pages\/4\/revisions\/13886"}],"wp:attachment":[{"href":"https:\/\/aesia.pt\/portal\/wp-json\/wp\/v2\/media?parent=4"}],"curies":[{"name":"wp","href":"https:\/\/api.w.org\/{rel}","templated":true}]}}