{"id":391,"date":"2014-07-25T13:36:09","date_gmt":"2014-07-25T13:36:09","guid":{"rendered":"http:\/\/localhost:82\/aesia\/?page_id=391"},"modified":"2024-12-16T15:47:27","modified_gmt":"2024-12-16T15:47:27","slug":"associacao-de-pais","status":"publish","type":"page","link":"https:\/\/aesia.pt\/portal\/e-b-1ji-portela-azoia-no5\/associacao-de-pais\/","title":{"rendered":"Associa\u00e7\u00e3o de Pais e Encarregados de Educa\u00e7\u00e3o"},"content":{"rendered":"<p>A APEE das escolas EB da Portela da Azoia acredita que a gentileza se pode demonstrar em pequenos detalhes, por vezes um simples sorriso ou aperto de m\u00e3os pode transformar vidas, como quando damos as boas-vindas aos alunos e Pa\u00eds que v\u00eam at\u00e9 n\u00f3s.<\/p>\n<p>Este ano letivo, desafiamos todos a descobrirem as maravilhas que existem no simples gesto de cumprimentar uma pessoa.<\/p>\n<p>Assim a APEE deseja a todos os alunos, Pais e Encarregados de Educa\u00e7\u00e3o em excelente ano letivo e certo que todos ir\u00e3o trabalhar para o sucesso.<\/p>\n<p>Os sonhos n\u00e3o s\u00e3o imposs\u00edveis de realizar.<\/p>\n<p>APEE Escolas\u00a0das Escolas EB \u00a0da Portela da Azoia<\/p>\n<p>A Dire\u00e7\u00e3o<\/p>\n","protected":false},"excerpt":{"rendered":"<p>A APEE das escolas EB da Portela da Azoia acredita que a gentileza se pode demonstrar em pequenos detalhes, por&hellip; <a class=\"continue\" href=\"https:\/\/aesia.pt\/portal\/e-b-1ji-portela-azoia-no5\/associacao-de-pais\/\">Ler mais<span> Associa\u00e7\u00e3o de Pais e Encarregados de Educa\u00e7\u00e3o<\/span><\/a><\/p>\n","protected":false},"author":8,"featured_media":0,"parent":57,"menu_order":0,"comment_status":"open","ping_status":"closed","template":"p_base_portelaazoia.php","meta":{"_acf_changed":false,"footnotes":""},"class_list":["post-391","page","type-page","status-publish","hentry"],"acf":[],"yoast_head":"<!-- This site is optimized with the Yoast SEO plugin v27.4 - https:\/\/yoast.com\/product\/yoast-seo-wordpress\/ -->\n<title>Associa\u00e7\u00e3o de Pais e Encarregados de Educa\u00e7\u00e3o &#8211; AESIA<\/title>\n<meta name=\"robots\" content=\"index, follow, max-snippet:-1, max-image-preview:large, max-video-preview:-1\" \/>\n<link rel=\"canonical\" href=\"https:\/\/aesia.pt\/portal\/e-b-1ji-portela-azoia-no5\/associacao-de-pais\/\" \/>\n<meta property=\"og:locale\" content=\"pt_PT\" \/>\n<meta property=\"og:type\" content=\"article\" \/>\n<meta property=\"og:title\" content=\"Associa\u00e7\u00e3o de Pais e Encarregados de Educa\u00e7\u00e3o &#8211; AESIA\" \/>\n<meta property=\"og:description\" content=\"A APEE das escolas EB da Portela da Azoia acredita que a gentileza se pode demonstrar em pequenos detalhes, por&hellip; Ler mais Associa\u00e7\u00e3o de Pais e Encarregados de Educa\u00e7\u00e3o\" \/>\n<meta property=\"og:url\" content=\"https:\/\/aesia.pt\/portal\/e-b-1ji-portela-azoia-no5\/associacao-de-pais\/\" \/>\n<meta property=\"og:site_name\" content=\"AESIA\" \/>\n<meta property=\"article:publisher\" content=\"https:\/\/www.facebook.com\/aesia.pt\/\" \/>\n<meta property=\"article:modified_time\" content=\"2024-12-16T15:47:27+00:00\" \/>\n<meta name=\"twitter:card\" content=\"summary_large_image\" \/>\n<meta name=\"twitter:label1\" content=\"Tempo estimado de leitura\" \/>\n\t<meta name=\"twitter:data1\" content=\"1 minuto\" \/>\n<script type=\"application\/ld+json\" class=\"yoast-schema-graph\">{\"@context\":\"https:\\\/\\\/schema.org\",\"@graph\":[{\"@type\":\"WebPage\",\"@id\":\"https:\\\/\\\/aesia.pt\\\/portal\\\/e-b-1ji-portela-azoia-no5\\\/associacao-de-pais\\\/\",\"url\":\"https:\\\/\\\/aesia.pt\\\/portal\\\/e-b-1ji-portela-azoia-no5\\\/associacao-de-pais\\\/\",\"name\":\"Associa\u00e7\u00e3o de Pais e Encarregados de Educa\u00e7\u00e3o &#8211; AESIA\",\"isPartOf\":{\"@id\":\"https:\\\/\\\/aesia.pt\\\/portal\\\/#website\"},\"datePublished\":\"2014-07-25T13:36:09+00:00\",\"dateModified\":\"2024-12-16T15:47:27+00:00\",\"breadcrumb\":{\"@id\":\"https:\\\/\\\/aesia.pt\\\/portal\\\/e-b-1ji-portela-azoia-no5\\\/associacao-de-pais\\\/#breadcrumb\"},\"inLanguage\":\"pt-PT\",\"potentialAction\":[{\"@type\":\"ReadAction\",\"target\":[\"https:\\\/\\\/aesia.pt\\\/portal\\\/e-b-1ji-portela-azoia-no5\\\/associacao-de-pais\\\/\"]}]},{\"@type\":\"BreadcrumbList\",\"@id\":\"https:\\\/\\\/aesia.pt\\\/portal\\\/e-b-1ji-portela-azoia-no5\\\/associacao-de-pais\\\/#breadcrumb\",\"itemListElement\":[{\"@type\":\"ListItem\",\"position\":1,\"name\":\"Home\",\"item\":\"https:\\\/\\\/aesia.pt\\\/portal\\\/\"},{\"@type\":\"ListItem\",\"position\":2,\"name\":\"E.B. Fernando Pessoa\",\"item\":\"https:\\\/\\\/aesia.pt\\\/portal\\\/e-b-1ji-portela-azoia-no5\\\/\"},{\"@type\":\"ListItem\",\"position\":3,\"name\":\"Associa\u00e7\u00e3o de Pais e Encarregados de Educa\u00e7\u00e3o\"}]},{\"@type\":\"WebSite\",\"@id\":\"https:\\\/\\\/aesia.pt\\\/portal\\\/#website\",\"url\":\"https:\\\/\\\/aesia.pt\\\/portal\\\/\",\"name\":\"AESIA\",\"description\":\"Agrupamento de Escolas de Santa Iria de Az\u00f3ia\",\"publisher\":{\"@id\":\"https:\\\/\\\/aesia.pt\\\/portal\\\/#organization\"},\"alternateName\":\"Agrupamento de Escolas de Santa Iria de Az\u00f3ia\",\"potentialAction\":[{\"@type\":\"SearchAction\",\"target\":{\"@type\":\"EntryPoint\",\"urlTemplate\":\"https:\\\/\\\/aesia.pt\\\/portal\\\/?s={search_term_string}\"},\"query-input\":{\"@type\":\"PropertyValueSpecification\",\"valueRequired\":true,\"valueName\":\"search_term_string\"}}],\"inLanguage\":\"pt-PT\"},{\"@type\":\"Organization\",\"@id\":\"https:\\\/\\\/aesia.pt\\\/portal\\\/#organization\",\"name\":\"Agrupamento de Escolas de Santa Iria de Az\u00f3ia\",\"alternateName\":\"AESIA\",\"url\":\"https:\\\/\\\/aesia.pt\\\/portal\\\/\",\"logo\":{\"@type\":\"ImageObject\",\"inLanguage\":\"pt-PT\",\"@id\":\"https:\\\/\\\/aesia.pt\\\/portal\\\/#\\\/schema\\\/logo\\\/image\\\/\",\"url\":\"https:\\\/\\\/aesia.pt\\\/portal\\\/wp-content\\\/uploads\\\/2023\\\/04\\\/logo4.png\",\"contentUrl\":\"https:\\\/\\\/aesia.pt\\\/portal\\\/wp-content\\\/uploads\\\/2023\\\/04\\\/logo4.png\",\"width\":162,\"height\":162,\"caption\":\"Agrupamento de Escolas de Santa Iria de Az\u00f3ia\"},\"image\":{\"@id\":\"https:\\\/\\\/aesia.pt\\\/portal\\\/#\\\/schema\\\/logo\\\/image\\\/\"},\"sameAs\":[\"https:\\\/\\\/www.facebook.com\\\/aesia.pt\\\/\"]}]}<\/script>\n<!-- \/ Yoast SEO plugin. -->","yoast_head_json":{"title":"Associa\u00e7\u00e3o de Pais e Encarregados de Educa\u00e7\u00e3o &#8211; AESIA","robots":{"index":"index","follow":"follow","max-snippet":"max-snippet:-1","max-image-preview":"max-image-preview:large","max-video-preview":"max-video-preview:-1"},"canonical":"https:\/\/aesia.pt\/portal\/e-b-1ji-portela-azoia-no5\/associacao-de-pais\/","og_locale":"pt_PT","og_type":"article","og_title":"Associa\u00e7\u00e3o de Pais e Encarregados de Educa\u00e7\u00e3o &#8211; AESIA","og_description":"A APEE das escolas EB da Portela da Azoia acredita que a gentileza se pode demonstrar em pequenos detalhes, por&hellip; Ler mais Associa\u00e7\u00e3o de Pais e Encarregados de Educa\u00e7\u00e3o","og_url":"https:\/\/aesia.pt\/portal\/e-b-1ji-portela-azoia-no5\/associacao-de-pais\/","og_site_name":"AESIA","article_publisher":"https:\/\/www.facebook.com\/aesia.pt\/","article_modified_time":"2024-12-16T15:47:27+00:00","twitter_card":"summary_large_image","twitter_misc":{"Tempo estimado de leitura":"1 minuto"},"schema":{"@context":"https:\/\/schema.org","@graph":[{"@type":"WebPage","@id":"https:\/\/aesia.pt\/portal\/e-b-1ji-portela-azoia-no5\/associacao-de-pais\/","url":"https:\/\/aesia.pt\/portal\/e-b-1ji-portela-azoia-no5\/associacao-de-pais\/","name":"Associa\u00e7\u00e3o de Pais e Encarregados de Educa\u00e7\u00e3o &#8211; AESIA","isPartOf":{"@id":"https:\/\/aesia.pt\/portal\/#website"},"datePublished":"2014-07-25T13:36:09+00:00","dateModified":"2024-12-16T15:47:27+00:00","breadcrumb":{"@id":"https:\/\/aesia.pt\/portal\/e-b-1ji-portela-azoia-no5\/associacao-de-pais\/#breadcrumb"},"inLanguage":"pt-PT","potentialAction":[{"@type":"ReadAction","target":["https:\/\/aesia.pt\/portal\/e-b-1ji-portela-azoia-no5\/associacao-de-pais\/"]}]},{"@type":"BreadcrumbList","@id":"https:\/\/aesia.pt\/portal\/e-b-1ji-portela-azoia-no5\/associacao-de-pais\/#breadcrumb","itemListElement":[{"@type":"ListItem","position":1,"name":"Home","item":"https:\/\/aesia.pt\/portal\/"},{"@type":"ListItem","position":2,"name":"E.B. Fernando Pessoa","item":"https:\/\/aesia.pt\/portal\/e-b-1ji-portela-azoia-no5\/"},{"@type":"ListItem","position":3,"name":"Associa\u00e7\u00e3o de Pais e Encarregados de Educa\u00e7\u00e3o"}]},{"@type":"WebSite","@id":"https:\/\/aesia.pt\/portal\/#website","url":"https:\/\/aesia.pt\/portal\/","name":"AESIA","description":"Agrupamento de Escolas de Santa Iria de Az\u00f3ia","publisher":{"@id":"https:\/\/aesia.pt\/portal\/#organization"},"alternateName":"Agrupamento de Escolas de Santa Iria de Az\u00f3ia","potentialAction":[{"@type":"SearchAction","target":{"@type":"EntryPoint","urlTemplate":"https:\/\/aesia.pt\/portal\/?s={search_term_string}"},"query-input":{"@type":"PropertyValueSpecification","valueRequired":true,"valueName":"search_term_string"}}],"inLanguage":"pt-PT"},{"@type":"Organization","@id":"https:\/\/aesia.pt\/portal\/#organization","name":"Agrupamento de Escolas de Santa Iria de Az\u00f3ia","alternateName":"AESIA","url":"https:\/\/aesia.pt\/portal\/","logo":{"@type":"ImageObject","inLanguage":"pt-PT","@id":"https:\/\/aesia.pt\/portal\/#\/schema\/logo\/image\/","url":"https:\/\/aesia.pt\/portal\/wp-content\/uploads\/2023\/04\/logo4.png","contentUrl":"https:\/\/aesia.pt\/portal\/wp-content\/uploads\/2023\/04\/logo4.png","width":162,"height":162,"caption":"Agrupamento de Escolas de Santa Iria de Az\u00f3ia"},"image":{"@id":"https:\/\/aesia.pt\/portal\/#\/schema\/logo\/image\/"},"sameAs":["https:\/\/www.facebook.com\/aesia.pt\/"]}]}},"_links":{"self":[{"href":"https:\/\/aesia.pt\/portal\/wp-json\/wp\/v2\/pages\/391","targetHints":{"allow":["GET"]}}],"collection":[{"href":"https:\/\/aesia.pt\/portal\/wp-json\/wp\/v2\/pages"}],"about":[{"href":"https:\/\/aesia.pt\/portal\/wp-json\/wp\/v2\/types\/page"}],"author":[{"embeddable":true,"href":"https:\/\/aesia.pt\/portal\/wp-json\/wp\/v2\/users\/8"}],"replies":[{"embeddable":true,"href":"https:\/\/aesia.pt\/portal\/wp-json\/wp\/v2\/comments?post=391"}],"version-history":[{"count":10,"href":"https:\/\/aesia.pt\/portal\/wp-json\/wp\/v2\/pages\/391\/revisions"}],"predecessor-version":[{"id":13700,"href":"https:\/\/aesia.pt\/portal\/wp-json\/wp\/v2\/pages\/391\/revisions\/13700"}],"up":[{"embeddable":true,"href":"https:\/\/aesia.pt\/portal\/wp-json\/wp\/v2\/pages\/57"}],"wp:attachment":[{"href":"https:\/\/aesia.pt\/portal\/wp-json\/wp\/v2\/media?parent=391"}],"curies":[{"name":"wp","href":"https:\/\/api.w.org\/{rel}","templated":true}]}}