{"id":387,"date":"2014-07-25T13:35:14","date_gmt":"2014-07-25T13:35:14","guid":{"rendered":"http:\/\/localhost:82\/aesia\/?page_id=387"},"modified":"2014-11-17T17:13:12","modified_gmt":"2014-11-17T17:13:12","slug":"associacao-de-pais","status":"publish","type":"page","link":"https:\/\/aesia.pt\/portal\/a-aesia-agrupamento-de-escolas-de-santa-iria-de-azoia\/e-b-1ji-covina\/associacao-de-pais\/","title":{"rendered":"Associa\u00e7\u00e3o de Pais e Encarregados de Educa\u00e7\u00e3o"},"content":{"rendered":"<p><strong>A Associa\u00e7\u00e3o de Pais e Encarregados de Educa\u00e7\u00e3o da Escola EB1\/JI da Covina<\/strong>, enquanto membros da comunidade educativa, queremos contribuir para o bemestar das crian\u00e7as, para o bom funcionamento da Escola e para a sua proximidade com os Pais e Encarregados de Educa\u00e7\u00e3o.<br \/>\nA Associa\u00e7\u00e3o \u00e9 constitu\u00edda por 11 elementos, esta representa\u00e7\u00e3o abrange 2 encarregados de educa\u00e7\u00e3o por cada ano, nomeadamente a representa\u00e7\u00e3o de meninos com Necessidades Educativas Especiais, assim todo o nosso universo da comunidade escolar est\u00e1 abrangido.<br \/>\nA cada ano letivo que se inicia, come\u00e7a uma nova etapa na vida de cada crian\u00e7a e da sua fam\u00edlia. Ocupando um lugar central na Educa\u00e7\u00e3o dos mais novos, a Escola abre um imenso mundo de descobertas e oportunidades, onde letras e n\u00fameros v\u00e3o tomando a forma de conhecimento, onde se experimenta a amizade e o conflito e se desenvolve o sentido de perten\u00e7a a uma comunidade alargada. Neste processo de aprendizagem, s\u00e3o v\u00e1rios os atores principais: crian\u00e7as e fam\u00edlias, professores e auxiliares, todos desempenhando pap\u00e9is insubstitu\u00edveis.<br \/>\nEnquanto Associa\u00e7\u00e3o de Pais e Encarregados de Educa\u00e7\u00e3o da Escola EB1\/JI da Covina, entendemos ser nossa miss\u00e3o:<br \/>\n&#8211; Contribuir de forma construtiva para o bom funcionamento da Escola, privilegiando o bem-estar e o desenvolvimento salutar das crian\u00e7as.<br \/>\n&#8211; Promover a comunica\u00e7\u00e3o e o espa\u00e7o de encontro entre Pais, dinamizando a partilha de saberes e viv\u00eancias relevantes para as aprendizagens no seio da fam\u00edlia.<br \/>\n&#8211; Desenvolver uma parceria aberta e colaborante entre a Escola e as fam\u00edlias e fomentar a articula\u00e7\u00e3o com todos os agentes da comunidade escolar.<\/p>\n<p>Para tal, desenvolvemos projetos no \u00e2mbito escolar como:<\/p>\n<p><strong>. Componente de Apoio \u00e0 Familia<\/strong><\/p>\n<p>O nosso ATL funciona das 7.00 \u00e0s 9.00 e das 17.30 \u00e0s 19.30 durante o per\u00edodo escolar. Onde \u00e9 nosso objetivo dar um acompanhamento no apoio ao estudo e dinamizar v\u00e1rias atividades nomeadamente festivas e tem\u00e1ticas. Nas interrup\u00e7\u00f5es letivas (Natal, Carnaval, P\u00e1scoa, final do ano letivo incluindo o m\u00eas de Julho) o nosso ATL funciona das 7.00 \u00e0s 19.30 sem interrup\u00e7\u00e3o, promovemos tamb\u00e9m um variado leque de atividades nomeadamente no exterior, visitas a museus, Quintas pedag\u00f3gicas, piscina, praia, piqueniques, etc. Mensalmente elaboramos um Plano de Atividades com o intuito de toda a comunidade escolar estar informada sobre o mesmo, sendo que nas pausas letivas e durante o m\u00eas de Julho essas atividades s\u00e3o mais diversificadas e abrangentes.<\/p>\n<p><strong>. Apoio \u00e0s atividades de enriquecimento curricular (AEC\u2019s)<\/strong><\/p>\n<p>Sendo parceiros diretos da Camara Municipal Loures, promovemos as atividades de enriquecimento curricular (AEC\u2019s) na nossa escola. Esta \u00e1rea de atua\u00e7\u00e3o permite uma maior rela\u00e7\u00e3o de proximidade com os professores das AEC\u2019s o que contribuir\u00e1 para uma melhor realiza\u00e7\u00e3o das atividades. As atividades propostas para as AEC\u2019s ser\u00e3o Ingl\u00eas, AFD (Atividade f\u00edsica desportiva) e EM (Educa\u00e7\u00e3o musical).<\/p>\n<p><strong>. Condi\u00e7\u00f5es Educativas, de seguran\u00e7a e alimenta\u00e7\u00e3o da nossa escola<\/strong><\/p>\n<p>Acompanhamento de quest\u00f5es que continuam a preocupar todos os Pais e EE, nomeadamente no que diz respeito \u00e0 qualidade do ensino, \u00e0 seguran\u00e7a no espa\u00e7o escolar, ao funcionamento do refeit\u00f3rio e \u00e0 qualidade da alimenta\u00e7\u00e3o. Durante o per\u00edodo dos almo\u00e7os, temos uma colaboradora da Associa\u00e7\u00e3o e do ATL para um apoio ao servi\u00e7o de refeit\u00f3rio, em colabora\u00e7\u00e3o com as auxiliares da escola.<\/p>\n<p><strong>. Projeto AMIGOS DA ESCOLA para fomentar o valor da solidariedade nas crian\u00e7as<\/strong><\/p>\n<p>Esta a\u00e7\u00e3o consiste na doa\u00e7\u00e3o de roupa por parte dos pais e EE que j\u00e1 n\u00e3o servem ao(s) seu(s) filho(s) ou filha(s), para crian\u00e7as necessitadas na nossa escola. Para esse efeito criou-se um Banco de Doa\u00e7\u00e3o de roupa, em colabora\u00e7\u00e3o com as Professoras e auxiliares. A roupa \u00e9 entregue na Escola, selecionada por idades, sexos e esta\u00e7\u00f5es, para ser entregue pela Associa\u00e7\u00e3o \u00e0s professoras titulares depois de identificados os casos mais urgentes.<\/p>\n<p><em>A educa\u00e7\u00e3o nunca foi despesa, sempre foi investimento com um retorno garantido. Educar \u00e9 crescer, e crescer \u00e9 viver.<\/em><\/p>\n<p>O nosso lema \u00e9 e ser\u00e1 sempre apoiar, proteger, participar ativamente, colaborar e dinamizar na educa\u00e7\u00e3o e no crescimento e evolu\u00e7\u00e3o dos nossos meninos. <strong>Todo o nosso trabalho, desempenho e empenho \u00e9 para eles e por eles.<\/strong><\/p>\n","protected":false},"excerpt":{"rendered":"<p>A Associa\u00e7\u00e3o de Pais e Encarregados de Educa\u00e7\u00e3o da Escola EB1\/JI da Covina, enquanto membros da comunidade educativa, queremos contribuir&hellip; <a class=\"continue\" href=\"https:\/\/aesia.pt\/portal\/a-aesia-agrupamento-de-escolas-de-santa-iria-de-azoia\/e-b-1ji-covina\/associacao-de-pais\/\">Ler mais<span> Associa\u00e7\u00e3o de Pais e Encarregados de Educa\u00e7\u00e3o<\/span><\/a><\/p>\n","protected":false},"author":8,"featured_media":0,"parent":55,"menu_order":0,"comment_status":"open","ping_status":"open","template":"p_base_covina.php","meta":{"_acf_changed":false,"footnotes":""},"class_list":["post-387","page","type-page","status-publish","hentry"],"acf":[],"yoast_head":"<!-- This site is optimized with the Yoast SEO plugin v27.4 - https:\/\/yoast.com\/product\/yoast-seo-wordpress\/ -->\n<title>Associa\u00e7\u00e3o de Pais e Encarregados de Educa\u00e7\u00e3o &#8211; AESIA<\/title>\n<meta name=\"robots\" content=\"index, follow, max-snippet:-1, max-image-preview:large, max-video-preview:-1\" \/>\n<link rel=\"canonical\" href=\"https:\/\/aesia.pt\/portal\/a-aesia-agrupamento-de-escolas-de-santa-iria-de-azoia\/e-b-1ji-covina\/associacao-de-pais\/\" \/>\n<meta property=\"og:locale\" content=\"pt_PT\" \/>\n<meta property=\"og:type\" content=\"article\" \/>\n<meta property=\"og:title\" content=\"Associa\u00e7\u00e3o de Pais e Encarregados de Educa\u00e7\u00e3o &#8211; AESIA\" \/>\n<meta property=\"og:description\" content=\"A Associa\u00e7\u00e3o de Pais e Encarregados de Educa\u00e7\u00e3o da Escola EB1\/JI da Covina, enquanto membros da comunidade educativa, queremos contribuir&hellip; Ler mais Associa\u00e7\u00e3o de Pais e Encarregados de Educa\u00e7\u00e3o\" \/>\n<meta property=\"og:url\" content=\"https:\/\/aesia.pt\/portal\/a-aesia-agrupamento-de-escolas-de-santa-iria-de-azoia\/e-b-1ji-covina\/associacao-de-pais\/\" \/>\n<meta property=\"og:site_name\" content=\"AESIA\" \/>\n<meta property=\"article:publisher\" content=\"https:\/\/www.facebook.com\/aesia.pt\/\" \/>\n<meta property=\"article:modified_time\" content=\"2014-11-17T17:13:12+00:00\" \/>\n<meta name=\"twitter:card\" content=\"summary_large_image\" \/>\n<meta name=\"twitter:label1\" content=\"Tempo estimado de leitura\" \/>\n\t<meta name=\"twitter:data1\" content=\"4 minutos\" \/>\n<script type=\"application\/ld+json\" class=\"yoast-schema-graph\">{\"@context\":\"https:\\\/\\\/schema.org\",\"@graph\":[{\"@type\":\"WebPage\",\"@id\":\"https:\\\/\\\/aesia.pt\\\/portal\\\/a-aesia-agrupamento-de-escolas-de-santa-iria-de-azoia\\\/e-b-1ji-covina\\\/associacao-de-pais\\\/\",\"url\":\"https:\\\/\\\/aesia.pt\\\/portal\\\/a-aesia-agrupamento-de-escolas-de-santa-iria-de-azoia\\\/e-b-1ji-covina\\\/associacao-de-pais\\\/\",\"name\":\"Associa\u00e7\u00e3o de Pais e Encarregados de Educa\u00e7\u00e3o &#8211; AESIA\",\"isPartOf\":{\"@id\":\"https:\\\/\\\/aesia.pt\\\/portal\\\/#website\"},\"datePublished\":\"2014-07-25T13:35:14+00:00\",\"dateModified\":\"2014-11-17T17:13:12+00:00\",\"breadcrumb\":{\"@id\":\"https:\\\/\\\/aesia.pt\\\/portal\\\/a-aesia-agrupamento-de-escolas-de-santa-iria-de-azoia\\\/e-b-1ji-covina\\\/associacao-de-pais\\\/#breadcrumb\"},\"inLanguage\":\"pt-PT\",\"potentialAction\":[{\"@type\":\"ReadAction\",\"target\":[\"https:\\\/\\\/aesia.pt\\\/portal\\\/a-aesia-agrupamento-de-escolas-de-santa-iria-de-azoia\\\/e-b-1ji-covina\\\/associacao-de-pais\\\/\"]}]},{\"@type\":\"BreadcrumbList\",\"@id\":\"https:\\\/\\\/aesia.pt\\\/portal\\\/a-aesia-agrupamento-de-escolas-de-santa-iria-de-azoia\\\/e-b-1ji-covina\\\/associacao-de-pais\\\/#breadcrumb\",\"itemListElement\":[{\"@type\":\"ListItem\",\"position\":1,\"name\":\"Home\",\"item\":\"https:\\\/\\\/aesia.pt\\\/portal\\\/\"},{\"@type\":\"ListItem\",\"position\":2,\"name\":\"AESIA &#8211; Agrupamento de Escolas de Santa Iria de Azoia\",\"item\":\"https:\\\/\\\/aesia.pt\\\/portal\\\/a-aesia-agrupamento-de-escolas-de-santa-iria-de-azoia\\\/\"},{\"@type\":\"ListItem\",\"position\":3,\"name\":\"E.B. Bairro da Covina\",\"item\":\"https:\\\/\\\/aesia.pt\\\/portal\\\/a-aesia-agrupamento-de-escolas-de-santa-iria-de-azoia\\\/e-b-1ji-covina\\\/\"},{\"@type\":\"ListItem\",\"position\":4,\"name\":\"Associa\u00e7\u00e3o de Pais e Encarregados de Educa\u00e7\u00e3o\"}]},{\"@type\":\"WebSite\",\"@id\":\"https:\\\/\\\/aesia.pt\\\/portal\\\/#website\",\"url\":\"https:\\\/\\\/aesia.pt\\\/portal\\\/\",\"name\":\"AESIA\",\"description\":\"Agrupamento de Escolas de Santa Iria de Az\u00f3ia\",\"publisher\":{\"@id\":\"https:\\\/\\\/aesia.pt\\\/portal\\\/#organization\"},\"alternateName\":\"Agrupamento de Escolas de Santa Iria de Az\u00f3ia\",\"potentialAction\":[{\"@type\":\"SearchAction\",\"target\":{\"@type\":\"EntryPoint\",\"urlTemplate\":\"https:\\\/\\\/aesia.pt\\\/portal\\\/?s={search_term_string}\"},\"query-input\":{\"@type\":\"PropertyValueSpecification\",\"valueRequired\":true,\"valueName\":\"search_term_string\"}}],\"inLanguage\":\"pt-PT\"},{\"@type\":\"Organization\",\"@id\":\"https:\\\/\\\/aesia.pt\\\/portal\\\/#organization\",\"name\":\"Agrupamento de Escolas de Santa Iria de Az\u00f3ia\",\"alternateName\":\"AESIA\",\"url\":\"https:\\\/\\\/aesia.pt\\\/portal\\\/\",\"logo\":{\"@type\":\"ImageObject\",\"inLanguage\":\"pt-PT\",\"@id\":\"https:\\\/\\\/aesia.pt\\\/portal\\\/#\\\/schema\\\/logo\\\/image\\\/\",\"url\":\"https:\\\/\\\/aesia.pt\\\/portal\\\/wp-content\\\/uploads\\\/2023\\\/04\\\/logo4.png\",\"contentUrl\":\"https:\\\/\\\/aesia.pt\\\/portal\\\/wp-content\\\/uploads\\\/2023\\\/04\\\/logo4.png\",\"width\":162,\"height\":162,\"caption\":\"Agrupamento de Escolas de Santa Iria de Az\u00f3ia\"},\"image\":{\"@id\":\"https:\\\/\\\/aesia.pt\\\/portal\\\/#\\\/schema\\\/logo\\\/image\\\/\"},\"sameAs\":[\"https:\\\/\\\/www.facebook.com\\\/aesia.pt\\\/\"]}]}<\/script>\n<!-- \/ Yoast SEO plugin. -->","yoast_head_json":{"title":"Associa\u00e7\u00e3o de Pais e Encarregados de Educa\u00e7\u00e3o &#8211; AESIA","robots":{"index":"index","follow":"follow","max-snippet":"max-snippet:-1","max-image-preview":"max-image-preview:large","max-video-preview":"max-video-preview:-1"},"canonical":"https:\/\/aesia.pt\/portal\/a-aesia-agrupamento-de-escolas-de-santa-iria-de-azoia\/e-b-1ji-covina\/associacao-de-pais\/","og_locale":"pt_PT","og_type":"article","og_title":"Associa\u00e7\u00e3o de Pais e Encarregados de Educa\u00e7\u00e3o &#8211; AESIA","og_description":"A Associa\u00e7\u00e3o de Pais e Encarregados de Educa\u00e7\u00e3o da Escola EB1\/JI da Covina, enquanto membros da comunidade educativa, queremos contribuir&hellip; Ler mais Associa\u00e7\u00e3o de Pais e Encarregados de Educa\u00e7\u00e3o","og_url":"https:\/\/aesia.pt\/portal\/a-aesia-agrupamento-de-escolas-de-santa-iria-de-azoia\/e-b-1ji-covina\/associacao-de-pais\/","og_site_name":"AESIA","article_publisher":"https:\/\/www.facebook.com\/aesia.pt\/","article_modified_time":"2014-11-17T17:13:12+00:00","twitter_card":"summary_large_image","twitter_misc":{"Tempo estimado de leitura":"4 minutos"},"schema":{"@context":"https:\/\/schema.org","@graph":[{"@type":"WebPage","@id":"https:\/\/aesia.pt\/portal\/a-aesia-agrupamento-de-escolas-de-santa-iria-de-azoia\/e-b-1ji-covina\/associacao-de-pais\/","url":"https:\/\/aesia.pt\/portal\/a-aesia-agrupamento-de-escolas-de-santa-iria-de-azoia\/e-b-1ji-covina\/associacao-de-pais\/","name":"Associa\u00e7\u00e3o de Pais e Encarregados de Educa\u00e7\u00e3o &#8211; AESIA","isPartOf":{"@id":"https:\/\/aesia.pt\/portal\/#website"},"datePublished":"2014-07-25T13:35:14+00:00","dateModified":"2014-11-17T17:13:12+00:00","breadcrumb":{"@id":"https:\/\/aesia.pt\/portal\/a-aesia-agrupamento-de-escolas-de-santa-iria-de-azoia\/e-b-1ji-covina\/associacao-de-pais\/#breadcrumb"},"inLanguage":"pt-PT","potentialAction":[{"@type":"ReadAction","target":["https:\/\/aesia.pt\/portal\/a-aesia-agrupamento-de-escolas-de-santa-iria-de-azoia\/e-b-1ji-covina\/associacao-de-pais\/"]}]},{"@type":"BreadcrumbList","@id":"https:\/\/aesia.pt\/portal\/a-aesia-agrupamento-de-escolas-de-santa-iria-de-azoia\/e-b-1ji-covina\/associacao-de-pais\/#breadcrumb","itemListElement":[{"@type":"ListItem","position":1,"name":"Home","item":"https:\/\/aesia.pt\/portal\/"},{"@type":"ListItem","position":2,"name":"AESIA &#8211; Agrupamento de Escolas de Santa Iria de Azoia","item":"https:\/\/aesia.pt\/portal\/a-aesia-agrupamento-de-escolas-de-santa-iria-de-azoia\/"},{"@type":"ListItem","position":3,"name":"E.B. Bairro da Covina","item":"https:\/\/aesia.pt\/portal\/a-aesia-agrupamento-de-escolas-de-santa-iria-de-azoia\/e-b-1ji-covina\/"},{"@type":"ListItem","position":4,"name":"Associa\u00e7\u00e3o de Pais e Encarregados de Educa\u00e7\u00e3o"}]},{"@type":"WebSite","@id":"https:\/\/aesia.pt\/portal\/#website","url":"https:\/\/aesia.pt\/portal\/","name":"AESIA","description":"Agrupamento de Escolas de Santa Iria de Az\u00f3ia","publisher":{"@id":"https:\/\/aesia.pt\/portal\/#organization"},"alternateName":"Agrupamento de Escolas de Santa Iria de Az\u00f3ia","potentialAction":[{"@type":"SearchAction","target":{"@type":"EntryPoint","urlTemplate":"https:\/\/aesia.pt\/portal\/?s={search_term_string}"},"query-input":{"@type":"PropertyValueSpecification","valueRequired":true,"valueName":"search_term_string"}}],"inLanguage":"pt-PT"},{"@type":"Organization","@id":"https:\/\/aesia.pt\/portal\/#organization","name":"Agrupamento de Escolas de Santa Iria de Az\u00f3ia","alternateName":"AESIA","url":"https:\/\/aesia.pt\/portal\/","logo":{"@type":"ImageObject","inLanguage":"pt-PT","@id":"https:\/\/aesia.pt\/portal\/#\/schema\/logo\/image\/","url":"https:\/\/aesia.pt\/portal\/wp-content\/uploads\/2023\/04\/logo4.png","contentUrl":"https:\/\/aesia.pt\/portal\/wp-content\/uploads\/2023\/04\/logo4.png","width":162,"height":162,"caption":"Agrupamento de Escolas de Santa Iria de Az\u00f3ia"},"image":{"@id":"https:\/\/aesia.pt\/portal\/#\/schema\/logo\/image\/"},"sameAs":["https:\/\/www.facebook.com\/aesia.pt\/"]}]}},"_links":{"self":[{"href":"https:\/\/aesia.pt\/portal\/wp-json\/wp\/v2\/pages\/387","targetHints":{"allow":["GET"]}}],"collection":[{"href":"https:\/\/aesia.pt\/portal\/wp-json\/wp\/v2\/pages"}],"about":[{"href":"https:\/\/aesia.pt\/portal\/wp-json\/wp\/v2\/types\/page"}],"author":[{"embeddable":true,"href":"https:\/\/aesia.pt\/portal\/wp-json\/wp\/v2\/users\/8"}],"replies":[{"embeddable":true,"href":"https:\/\/aesia.pt\/portal\/wp-json\/wp\/v2\/comments?post=387"}],"version-history":[{"count":11,"href":"https:\/\/aesia.pt\/portal\/wp-json\/wp\/v2\/pages\/387\/revisions"}],"predecessor-version":[{"id":1182,"href":"https:\/\/aesia.pt\/portal\/wp-json\/wp\/v2\/pages\/387\/revisions\/1182"}],"up":[{"embeddable":true,"href":"https:\/\/aesia.pt\/portal\/wp-json\/wp\/v2\/pages\/55"}],"wp:attachment":[{"href":"https:\/\/aesia.pt\/portal\/wp-json\/wp\/v2\/media?parent=387"}],"curies":[{"name":"wp","href":"https:\/\/api.w.org\/{rel}","templated":true}]}}