{"id":385,"date":"2014-07-25T13:34:55","date_gmt":"2014-07-25T13:34:55","guid":{"rendered":"http:\/\/localhost:82\/aesia\/?page_id=385"},"modified":"2025-10-02T09:56:29","modified_gmt":"2025-10-02T09:56:29","slug":"associacao-de-pais","status":"publish","type":"page","link":"https:\/\/aesia.pt\/portal\/a-aesia-agrupamento-de-escolas-de-santa-iria-de-azoia\/e-b-1ji-bela-vista\/associacao-de-pais\/","title":{"rendered":"Associa\u00e7\u00e3o de Pais e Encarregados de Educa\u00e7\u00e3o"},"content":{"rendered":"<p><img loading=\"lazy\" decoding=\"async\" class=\"alignnone  wp-image-6025 aligncenter\" src=\"https:\/\/aesia.pt\/portal\/wp-content\/uploads\/2022\/09\/APEE_BV-300x128.jpg\" alt=\"\" width=\"405\" height=\"173\" srcset=\"https:\/\/aesia.pt\/portal\/wp-content\/uploads\/2022\/09\/APEE_BV-300x128.jpg 300w, https:\/\/aesia.pt\/portal\/wp-content\/uploads\/2022\/09\/APEE_BV.jpg 429w\" sizes=\"auto, (max-width: 405px) 100vw, 405px\" \/><\/p>\n<div>\n<p dir=\"ltr\">O\u00a0<strong>S\u00edtio da Bela Vista<\/strong>\u00a0\u00e9 a Associa\u00e7\u00e3o de Pais e Encarregados de Educa\u00e7\u00e3o (APEE) da Escola EB1\/JI da Bela Vista, em Santa Iria de Az\u00f3ia. O seu principal objetivo \u00e9 representar as fam\u00edlias, promovendo uma escola acolhedora, integradora e com condi\u00e7\u00f5es de aprendizagem e bem estar cada vez melhores.<\/p>\n<p dir=\"ltr\" style=\"text-align: center;\"><em><strong>Servi\u00e7os e Estruturas de Apoio<\/strong><\/em><\/p>\n<p dir=\"ltr\">O S\u00edtio da Bela Vista organiza diversos servi\u00e7os que complementam a atividade escolar:<\/p>\n<ul>\n<li dir=\"ltr\">\n<p dir=\"ltr\" role=\"presentation\">CAF \u2013 Componente de Apoio \u00e0 Fam\u00edlia (ATL): suporte antes e depois do hor\u00e1rio letivo e durante interrup\u00e7\u00f5es letivas\u00a0do 1\u00baciclo.<\/p>\n<\/li>\n<li dir=\"ltr\">\n<p dir=\"ltr\" role=\"presentation\">AAAF \u2013 Atividades de Anima\u00e7\u00e3o e Apoio \u00e0 Fam\u00edlia: apoio a crian\u00e7as do pr\u00e9-escolar nas horas anteriores e posteriores \u00e0s atividades educativas, incluindo pausas letivas<\/p>\n<\/li>\n<li dir=\"ltr\">\n<p dir=\"ltr\" role=\"presentation\">AEC \u2013 Atividades de Enriquecimento Curricular: op\u00e7\u00e3o facultativa que abrange \u00e1reas desportivas, art\u00edsticas e culturais, com enfoque no enriquecimento do tempo escolar.<\/p>\n<\/li>\n<li dir=\"ltr\">\n<p dir=\"ltr\" role=\"presentation\">Apoio aos pais: a associa\u00e7\u00e3o funciona como elo entre a escola e as fam\u00edlias, refor\u00e7ando a colabora\u00e7\u00e3o e exig\u00eancia por um ambiente escolar de qualidade.<\/p>\n<\/li>\n<\/ul>\n<p dir=\"ltr\" style=\"text-align: center;\"><em><strong>Hor\u00e1rios de Funcionamento (Pr\u00e9- escolar e 1\u00ba ciclo)<\/strong><\/em><\/p>\n<ul>\n<li dir=\"ltr\">\n<p dir=\"ltr\" role=\"presentation\">CAF \/ ATL (1\u00baciclo):<\/p>\n<ul>\n<li dir=\"ltr\">\n<p dir=\"ltr\" role=\"presentation\">Antes das aulas: 07h15 \u2013 09h00<\/p>\n<\/li>\n<li dir=\"ltr\">\n<p dir=\"ltr\" role=\"presentation\">Ap\u00f3s as aulas: 17h30 \u2013 19h00<\/p>\n<\/li>\n<\/ul>\n<\/li>\n<li dir=\"ltr\">\n<p dir=\"ltr\" role=\"presentation\">AAAF \/ ATL (Pr\u00e9-escolar):<\/p>\n<ul>\n<li dir=\"ltr\">\n<p dir=\"ltr\" role=\"presentation\">Manh\u00e3: 07h15 \u2013 09h00<\/p>\n<\/li>\n<li dir=\"ltr\">\n<p dir=\"ltr\" role=\"presentation\">Tarde: 15h30 \u2013 19h00<\/p>\n<\/li>\n<\/ul>\n<\/li>\n<li dir=\"ltr\">\n<p dir=\"ltr\" role=\"presentation\">F\u00e9rias e interrup\u00e7\u00f5es letivas: asseguramos o dia inteiro (das 7h15 \u00e0s 19h00 ininterruptamente , com atividades l\u00fadicas e culturais. O m\u00eas de julho \u00e9 integralmente assegurado nas v\u00e1rias val\u00eancias. O ATL encerra no m\u00eas de Agosto.<\/p>\n<\/li>\n<\/ul>\n<p dir=\"ltr\" style=\"text-align: center;\"><em><strong>Atividades e Eventos<\/strong><\/em><\/p>\n<p dir=\"ltr\">Deixamos algumas iniciativas que destacam a viv\u00eancia escolar:<\/p>\n<ul>\n<li dir=\"ltr\">\n<p dir=\"ltr\" role=\"presentation\">\u201cUma Aventura em Lisboa\u201d: sa\u00edda ao Museu da Carris com os alunos da CAF<\/p>\n<\/li>\n<li dir=\"ltr\">\n<p dir=\"ltr\" role=\"presentation\">Visita ao N\u00facleo \u201cA P\u00f3voa e o Rio\u201d: atividade cultural para explorar a hist\u00f3ria local e tradi\u00e7\u00f5es da regi\u00e3o<\/p>\n<\/li>\n<li dir=\"ltr\">\n<p dir=\"ltr\" role=\"presentation\">Concurso \u201cBoneco de Neve\u201d: atividade de express\u00e3o art\u00edstica com forte envolvimento de alunos e fam\u00edlias.<\/p>\n<\/li>\n<li dir=\"ltr\">\n<p dir=\"ltr\" role=\"presentation\">Natal, S\u00edtio Feliz!: momento de confraterniza\u00e7\u00e3o em escola com envolvimento de pais, alunos e comunidade<\/p>\n<\/li>\n<li dir=\"ltr\">\n<p dir=\"ltr\" role=\"presentation\">Forma\u00e7\u00e3o em Suporte B\u00e1sico de Vida: iniciativa formativa com CAF, AEC e dire\u00e7\u00e3o para promover seguran\u00e7a e primeiros socorros.<\/p>\n<\/li>\n<\/ul>\n<p dir=\"ltr\" style=\"text-align: center;\"><em><strong>Contactos e Informa\u00e7\u00e3o Geral<\/strong><\/em><\/p>\n<p dir=\"ltr\"><img decoding=\"async\" class=\"an1\" draggable=\"false\" src=\"https:\/\/fonts.gstatic.com\/s\/e\/notoemoji\/16.0\/1f3eb\/72.png\" alt=\"\ud83c\udfeb\" data-emoji=\"\ud83c\udfeb\" aria-label=\"\ud83c\udfeb\" \/>\u00a0Endere\u00e7o: Rua Dr. Egas Moniz, 2690-350 Santa Iria de Az\u00f3ia<\/p>\n<p dir=\"ltr\"><img decoding=\"async\" class=\"an1\" draggable=\"false\" src=\"https:\/\/fonts.gstatic.com\/s\/e\/notoemoji\/16.0\/1f4e7\/72.png\" alt=\"\ud83d\udce7\" data-emoji=\"\ud83d\udce7\" aria-label=\"\ud83d\udce7\" \/>\u00a0Emails \u00fateis:<\/p>\n<ul>\n<li dir=\"ltr\">\n<p dir=\"ltr\" role=\"presentation\">Geral\/inscri\u00e7\u00e3o: <a href=\"mailto:ap.belavista@aesia.pt\" target=\"_blank\" rel=\"noopener noreferrer noreferrer noreferrer\">ap.belavista@aesia.pt<\/a><\/p>\n<\/li>\n<li dir=\"ltr\">\n<p dir=\"ltr\" role=\"presentation\">Envio de comprovativos de pagamento: <a href=\"mailto:cafbelavista@gmail.com\" target=\"_blank\" rel=\"noopener noreferrer noreferrer noreferrer\">cafbelavista@gmail.com<\/a><\/p>\n<\/li>\n<\/ul>\n<p dir=\"ltr\"><img decoding=\"async\" class=\"an1\" draggable=\"false\" src=\"https:\/\/fonts.gstatic.com\/s\/e\/notoemoji\/16.0\/1f4de\/72.png\" alt=\"\ud83d\udcde\" data-emoji=\"\ud83d\udcde\" aria-label=\"\ud83d\udcde\" \/>\u00a0Telefone de contacto: 934 876 268<\/p>\n<p dir=\"ltr\"><img decoding=\"async\" class=\"an1\" draggable=\"false\" src=\"https:\/\/fonts.gstatic.com\/s\/e\/notoemoji\/16.0\/1f6dc\/72.png\" alt=\"\ud83d\udedc\" data-emoji=\"\ud83d\udedc\" aria-label=\"\ud83d\udedc\" \/>\u00a0Instagram:\u00a0<a href=\"https:\/\/www.instagram.com\/apeebelavista?igsh=NDBocDYxODEwbXEx\" target=\"_blank\" rel=\"noopener noreferrer noreferrer noreferrer\" data-saferedirecturl=\"https:\/\/www.google.com\/url?q=https:\/\/www.instagram.com\/apeebelavista?igsh%3DNDBocDYxODEwbXEx&amp;source=gmail&amp;ust=1759482955626000&amp;usg=AOvVaw2ApIiTwWelkB535O0KXMsU\">https:\/\/www.instagram.com\/<wbr \/>apeebelavista?igsh=<wbr \/>NDBocDYxODEwbXEx<\/a><\/p>\n<p><img decoding=\"async\" class=\"an1\" draggable=\"false\" src=\"https:\/\/fonts.gstatic.com\/s\/e\/notoemoji\/16.0\/1f6dc\/72.png\" alt=\"\ud83d\udedc\" data-emoji=\"\ud83d\udedc\" aria-label=\"\ud83d\udedc\" \/>\u00a0Facebo<span style=\"color: #000000;\">ok:\u00a0<\/span><span style=\"font-family: verdana, sans-serif;\"><a href=\"https:\/\/www.facebook.com\/share\/17LfHb9P2S\/?mibextid=wwXIfr\" target=\"_blank\" rel=\"noopener noreferrer noreferrer noreferrer\" data-saferedirecturl=\"https:\/\/www.google.com\/url?q=https:\/\/www.facebook.com\/share\/17LfHb9P2S\/?mibextid%3DwwXIfr&amp;source=gmail&amp;ust=1759482955626000&amp;usg=AOvVaw3UERhdguxA1En-4utqeeh-\">https:\/\/www.facebook.com\/<wbr \/>share\/17LfHb9P2S\/?mibextid=<wbr \/>wwXIfr<\/a><\/span><\/p>\n<div><img decoding=\"async\" class=\"an1\" draggable=\"false\" src=\"https:\/\/fonts.gstatic.com\/s\/e\/notoemoji\/16.0\/1f6dc\/72.png\" alt=\"\ud83d\udedc\" data-emoji=\"\ud83d\udedc\" aria-label=\"\ud83d\udedc\" \/>\u00a0<span style=\"color: #000000;\">Site:\u00a0<\/span><a href=\"http:\/\/www.sitiodabelavista.pt\/\" target=\"_blank\" rel=\"noopener noreferrer noreferrer noreferrer\" data-saferedirecturl=\"https:\/\/www.google.com\/url?q=http:\/\/www.sitiodabelavista.pt&amp;source=gmail&amp;ust=1759482955626000&amp;usg=AOvVaw2_wW1PaMlGfmiSbkFTvtCm\">www.sitiodabelavista.pt<\/a><\/div>\n<div dir=\"auto\"><\/div>\n<div dir=\"auto\"><\/div>\n<div dir=\"auto\"><\/div>\n<\/div>\n","protected":false},"excerpt":{"rendered":"<p>O\u00a0S\u00edtio da Bela Vista\u00a0\u00e9 a Associa\u00e7\u00e3o de Pais e Encarregados de Educa\u00e7\u00e3o (APEE) da Escola EB1\/JI da Bela Vista, em&hellip; <a class=\"continue\" href=\"https:\/\/aesia.pt\/portal\/a-aesia-agrupamento-de-escolas-de-santa-iria-de-azoia\/e-b-1ji-bela-vista\/associacao-de-pais\/\">Ler mais<span> Associa\u00e7\u00e3o de Pais e Encarregados de Educa\u00e7\u00e3o<\/span><\/a><\/p>\n","protected":false},"author":8,"featured_media":0,"parent":53,"menu_order":0,"comment_status":"open","ping_status":"open","template":"p_base_belavista.php","meta":{"_acf_changed":false,"footnotes":""},"class_list":["post-385","page","type-page","status-publish","hentry"],"acf":[],"yoast_head":"<!-- This site is optimized with the Yoast SEO plugin v27.4 - https:\/\/yoast.com\/product\/yoast-seo-wordpress\/ -->\n<title>Associa\u00e7\u00e3o de Pais e Encarregados de Educa\u00e7\u00e3o &#8211; AESIA<\/title>\n<meta name=\"robots\" content=\"index, follow, max-snippet:-1, max-image-preview:large, max-video-preview:-1\" \/>\n<link rel=\"canonical\" href=\"https:\/\/aesia.pt\/portal\/a-aesia-agrupamento-de-escolas-de-santa-iria-de-azoia\/e-b-1ji-bela-vista\/associacao-de-pais\/\" \/>\n<meta property=\"og:locale\" content=\"pt_PT\" \/>\n<meta property=\"og:type\" content=\"article\" \/>\n<meta property=\"og:title\" content=\"Associa\u00e7\u00e3o de Pais e Encarregados de Educa\u00e7\u00e3o &#8211; AESIA\" \/>\n<meta property=\"og:description\" content=\"O\u00a0S\u00edtio da Bela Vista\u00a0\u00e9 a Associa\u00e7\u00e3o de Pais e Encarregados de Educa\u00e7\u00e3o (APEE) da Escola EB1\/JI da Bela Vista, em&hellip; Ler mais Associa\u00e7\u00e3o de Pais e Encarregados de Educa\u00e7\u00e3o\" \/>\n<meta property=\"og:url\" content=\"https:\/\/aesia.pt\/portal\/a-aesia-agrupamento-de-escolas-de-santa-iria-de-azoia\/e-b-1ji-bela-vista\/associacao-de-pais\/\" \/>\n<meta property=\"og:site_name\" content=\"AESIA\" \/>\n<meta property=\"article:publisher\" content=\"https:\/\/www.facebook.com\/aesia.pt\/\" \/>\n<meta property=\"article:modified_time\" content=\"2025-10-02T09:56:29+00:00\" \/>\n<meta property=\"og:image\" content=\"https:\/\/aesia.pt\/portal\/wp-content\/uploads\/2022\/09\/APEE_BV.jpg\" \/>\n\t<meta property=\"og:image:width\" content=\"429\" \/>\n\t<meta property=\"og:image:height\" content=\"183\" \/>\n\t<meta property=\"og:image:type\" content=\"image\/jpeg\" \/>\n<meta name=\"twitter:card\" content=\"summary_large_image\" \/>\n<meta name=\"twitter:label1\" content=\"Tempo estimado de leitura\" \/>\n\t<meta name=\"twitter:data1\" content=\"1 minuto\" \/>\n<script type=\"application\/ld+json\" class=\"yoast-schema-graph\">{\"@context\":\"https:\\\/\\\/schema.org\",\"@graph\":[{\"@type\":\"WebPage\",\"@id\":\"https:\\\/\\\/aesia.pt\\\/portal\\\/a-aesia-agrupamento-de-escolas-de-santa-iria-de-azoia\\\/e-b-1ji-bela-vista\\\/associacao-de-pais\\\/\",\"url\":\"https:\\\/\\\/aesia.pt\\\/portal\\\/a-aesia-agrupamento-de-escolas-de-santa-iria-de-azoia\\\/e-b-1ji-bela-vista\\\/associacao-de-pais\\\/\",\"name\":\"Associa\u00e7\u00e3o de Pais e Encarregados de Educa\u00e7\u00e3o &#8211; AESIA\",\"isPartOf\":{\"@id\":\"https:\\\/\\\/aesia.pt\\\/portal\\\/#website\"},\"primaryImageOfPage\":{\"@id\":\"https:\\\/\\\/aesia.pt\\\/portal\\\/a-aesia-agrupamento-de-escolas-de-santa-iria-de-azoia\\\/e-b-1ji-bela-vista\\\/associacao-de-pais\\\/#primaryimage\"},\"image\":{\"@id\":\"https:\\\/\\\/aesia.pt\\\/portal\\\/a-aesia-agrupamento-de-escolas-de-santa-iria-de-azoia\\\/e-b-1ji-bela-vista\\\/associacao-de-pais\\\/#primaryimage\"},\"thumbnailUrl\":\"https:\\\/\\\/aesia.pt\\\/portal\\\/wp-content\\\/uploads\\\/2022\\\/09\\\/APEE_BV-300x128.jpg\",\"datePublished\":\"2014-07-25T13:34:55+00:00\",\"dateModified\":\"2025-10-02T09:56:29+00:00\",\"breadcrumb\":{\"@id\":\"https:\\\/\\\/aesia.pt\\\/portal\\\/a-aesia-agrupamento-de-escolas-de-santa-iria-de-azoia\\\/e-b-1ji-bela-vista\\\/associacao-de-pais\\\/#breadcrumb\"},\"inLanguage\":\"pt-PT\",\"potentialAction\":[{\"@type\":\"ReadAction\",\"target\":[\"https:\\\/\\\/aesia.pt\\\/portal\\\/a-aesia-agrupamento-de-escolas-de-santa-iria-de-azoia\\\/e-b-1ji-bela-vista\\\/associacao-de-pais\\\/\"]}]},{\"@type\":\"ImageObject\",\"inLanguage\":\"pt-PT\",\"@id\":\"https:\\\/\\\/aesia.pt\\\/portal\\\/a-aesia-agrupamento-de-escolas-de-santa-iria-de-azoia\\\/e-b-1ji-bela-vista\\\/associacao-de-pais\\\/#primaryimage\",\"url\":\"https:\\\/\\\/aesia.pt\\\/portal\\\/wp-content\\\/uploads\\\/2022\\\/09\\\/APEE_BV.jpg\",\"contentUrl\":\"https:\\\/\\\/aesia.pt\\\/portal\\\/wp-content\\\/uploads\\\/2022\\\/09\\\/APEE_BV.jpg\",\"width\":429,\"height\":183},{\"@type\":\"BreadcrumbList\",\"@id\":\"https:\\\/\\\/aesia.pt\\\/portal\\\/a-aesia-agrupamento-de-escolas-de-santa-iria-de-azoia\\\/e-b-1ji-bela-vista\\\/associacao-de-pais\\\/#breadcrumb\",\"itemListElement\":[{\"@type\":\"ListItem\",\"position\":1,\"name\":\"Home\",\"item\":\"https:\\\/\\\/aesia.pt\\\/portal\\\/\"},{\"@type\":\"ListItem\",\"position\":2,\"name\":\"AESIA &#8211; Agrupamento de Escolas de Santa Iria de Azoia\",\"item\":\"https:\\\/\\\/aesia.pt\\\/portal\\\/a-aesia-agrupamento-de-escolas-de-santa-iria-de-azoia\\\/\"},{\"@type\":\"ListItem\",\"position\":3,\"name\":\"E.B. da Bela Vista\",\"item\":\"https:\\\/\\\/aesia.pt\\\/portal\\\/a-aesia-agrupamento-de-escolas-de-santa-iria-de-azoia\\\/e-b-1ji-bela-vista\\\/\"},{\"@type\":\"ListItem\",\"position\":4,\"name\":\"Associa\u00e7\u00e3o de Pais e Encarregados de Educa\u00e7\u00e3o\"}]},{\"@type\":\"WebSite\",\"@id\":\"https:\\\/\\\/aesia.pt\\\/portal\\\/#website\",\"url\":\"https:\\\/\\\/aesia.pt\\\/portal\\\/\",\"name\":\"AESIA\",\"description\":\"Agrupamento de Escolas de Santa Iria de Az\u00f3ia\",\"publisher\":{\"@id\":\"https:\\\/\\\/aesia.pt\\\/portal\\\/#organization\"},\"alternateName\":\"Agrupamento de Escolas de Santa Iria de Az\u00f3ia\",\"potentialAction\":[{\"@type\":\"SearchAction\",\"target\":{\"@type\":\"EntryPoint\",\"urlTemplate\":\"https:\\\/\\\/aesia.pt\\\/portal\\\/?s={search_term_string}\"},\"query-input\":{\"@type\":\"PropertyValueSpecification\",\"valueRequired\":true,\"valueName\":\"search_term_string\"}}],\"inLanguage\":\"pt-PT\"},{\"@type\":\"Organization\",\"@id\":\"https:\\\/\\\/aesia.pt\\\/portal\\\/#organization\",\"name\":\"Agrupamento de Escolas de Santa Iria de Az\u00f3ia\",\"alternateName\":\"AESIA\",\"url\":\"https:\\\/\\\/aesia.pt\\\/portal\\\/\",\"logo\":{\"@type\":\"ImageObject\",\"inLanguage\":\"pt-PT\",\"@id\":\"https:\\\/\\\/aesia.pt\\\/portal\\\/#\\\/schema\\\/logo\\\/image\\\/\",\"url\":\"https:\\\/\\\/aesia.pt\\\/portal\\\/wp-content\\\/uploads\\\/2023\\\/04\\\/logo4.png\",\"contentUrl\":\"https:\\\/\\\/aesia.pt\\\/portal\\\/wp-content\\\/uploads\\\/2023\\\/04\\\/logo4.png\",\"width\":162,\"height\":162,\"caption\":\"Agrupamento de Escolas de Santa Iria de Az\u00f3ia\"},\"image\":{\"@id\":\"https:\\\/\\\/aesia.pt\\\/portal\\\/#\\\/schema\\\/logo\\\/image\\\/\"},\"sameAs\":[\"https:\\\/\\\/www.facebook.com\\\/aesia.pt\\\/\"]}]}<\/script>\n<!-- \/ Yoast SEO plugin. -->","yoast_head_json":{"title":"Associa\u00e7\u00e3o de Pais e Encarregados de Educa\u00e7\u00e3o &#8211; AESIA","robots":{"index":"index","follow":"follow","max-snippet":"max-snippet:-1","max-image-preview":"max-image-preview:large","max-video-preview":"max-video-preview:-1"},"canonical":"https:\/\/aesia.pt\/portal\/a-aesia-agrupamento-de-escolas-de-santa-iria-de-azoia\/e-b-1ji-bela-vista\/associacao-de-pais\/","og_locale":"pt_PT","og_type":"article","og_title":"Associa\u00e7\u00e3o de Pais e Encarregados de Educa\u00e7\u00e3o &#8211; AESIA","og_description":"O\u00a0S\u00edtio da Bela Vista\u00a0\u00e9 a Associa\u00e7\u00e3o de Pais e Encarregados de Educa\u00e7\u00e3o (APEE) da Escola EB1\/JI da Bela Vista, em&hellip; Ler mais Associa\u00e7\u00e3o de Pais e Encarregados de Educa\u00e7\u00e3o","og_url":"https:\/\/aesia.pt\/portal\/a-aesia-agrupamento-de-escolas-de-santa-iria-de-azoia\/e-b-1ji-bela-vista\/associacao-de-pais\/","og_site_name":"AESIA","article_publisher":"https:\/\/www.facebook.com\/aesia.pt\/","article_modified_time":"2025-10-02T09:56:29+00:00","og_image":[{"width":429,"height":183,"url":"https:\/\/aesia.pt\/portal\/wp-content\/uploads\/2022\/09\/APEE_BV.jpg","type":"image\/jpeg"}],"twitter_card":"summary_large_image","twitter_misc":{"Tempo estimado de leitura":"1 minuto"},"schema":{"@context":"https:\/\/schema.org","@graph":[{"@type":"WebPage","@id":"https:\/\/aesia.pt\/portal\/a-aesia-agrupamento-de-escolas-de-santa-iria-de-azoia\/e-b-1ji-bela-vista\/associacao-de-pais\/","url":"https:\/\/aesia.pt\/portal\/a-aesia-agrupamento-de-escolas-de-santa-iria-de-azoia\/e-b-1ji-bela-vista\/associacao-de-pais\/","name":"Associa\u00e7\u00e3o de Pais e Encarregados de Educa\u00e7\u00e3o &#8211; AESIA","isPartOf":{"@id":"https:\/\/aesia.pt\/portal\/#website"},"primaryImageOfPage":{"@id":"https:\/\/aesia.pt\/portal\/a-aesia-agrupamento-de-escolas-de-santa-iria-de-azoia\/e-b-1ji-bela-vista\/associacao-de-pais\/#primaryimage"},"image":{"@id":"https:\/\/aesia.pt\/portal\/a-aesia-agrupamento-de-escolas-de-santa-iria-de-azoia\/e-b-1ji-bela-vista\/associacao-de-pais\/#primaryimage"},"thumbnailUrl":"https:\/\/aesia.pt\/portal\/wp-content\/uploads\/2022\/09\/APEE_BV-300x128.jpg","datePublished":"2014-07-25T13:34:55+00:00","dateModified":"2025-10-02T09:56:29+00:00","breadcrumb":{"@id":"https:\/\/aesia.pt\/portal\/a-aesia-agrupamento-de-escolas-de-santa-iria-de-azoia\/e-b-1ji-bela-vista\/associacao-de-pais\/#breadcrumb"},"inLanguage":"pt-PT","potentialAction":[{"@type":"ReadAction","target":["https:\/\/aesia.pt\/portal\/a-aesia-agrupamento-de-escolas-de-santa-iria-de-azoia\/e-b-1ji-bela-vista\/associacao-de-pais\/"]}]},{"@type":"ImageObject","inLanguage":"pt-PT","@id":"https:\/\/aesia.pt\/portal\/a-aesia-agrupamento-de-escolas-de-santa-iria-de-azoia\/e-b-1ji-bela-vista\/associacao-de-pais\/#primaryimage","url":"https:\/\/aesia.pt\/portal\/wp-content\/uploads\/2022\/09\/APEE_BV.jpg","contentUrl":"https:\/\/aesia.pt\/portal\/wp-content\/uploads\/2022\/09\/APEE_BV.jpg","width":429,"height":183},{"@type":"BreadcrumbList","@id":"https:\/\/aesia.pt\/portal\/a-aesia-agrupamento-de-escolas-de-santa-iria-de-azoia\/e-b-1ji-bela-vista\/associacao-de-pais\/#breadcrumb","itemListElement":[{"@type":"ListItem","position":1,"name":"Home","item":"https:\/\/aesia.pt\/portal\/"},{"@type":"ListItem","position":2,"name":"AESIA &#8211; Agrupamento de Escolas de Santa Iria de Azoia","item":"https:\/\/aesia.pt\/portal\/a-aesia-agrupamento-de-escolas-de-santa-iria-de-azoia\/"},{"@type":"ListItem","position":3,"name":"E.B. da Bela Vista","item":"https:\/\/aesia.pt\/portal\/a-aesia-agrupamento-de-escolas-de-santa-iria-de-azoia\/e-b-1ji-bela-vista\/"},{"@type":"ListItem","position":4,"name":"Associa\u00e7\u00e3o de Pais e Encarregados de Educa\u00e7\u00e3o"}]},{"@type":"WebSite","@id":"https:\/\/aesia.pt\/portal\/#website","url":"https:\/\/aesia.pt\/portal\/","name":"AESIA","description":"Agrupamento de Escolas de Santa Iria de Az\u00f3ia","publisher":{"@id":"https:\/\/aesia.pt\/portal\/#organization"},"alternateName":"Agrupamento de Escolas de Santa Iria de Az\u00f3ia","potentialAction":[{"@type":"SearchAction","target":{"@type":"EntryPoint","urlTemplate":"https:\/\/aesia.pt\/portal\/?s={search_term_string}"},"query-input":{"@type":"PropertyValueSpecification","valueRequired":true,"valueName":"search_term_string"}}],"inLanguage":"pt-PT"},{"@type":"Organization","@id":"https:\/\/aesia.pt\/portal\/#organization","name":"Agrupamento de Escolas de Santa Iria de Az\u00f3ia","alternateName":"AESIA","url":"https:\/\/aesia.pt\/portal\/","logo":{"@type":"ImageObject","inLanguage":"pt-PT","@id":"https:\/\/aesia.pt\/portal\/#\/schema\/logo\/image\/","url":"https:\/\/aesia.pt\/portal\/wp-content\/uploads\/2023\/04\/logo4.png","contentUrl":"https:\/\/aesia.pt\/portal\/wp-content\/uploads\/2023\/04\/logo4.png","width":162,"height":162,"caption":"Agrupamento de Escolas de Santa Iria de Az\u00f3ia"},"image":{"@id":"https:\/\/aesia.pt\/portal\/#\/schema\/logo\/image\/"},"sameAs":["https:\/\/www.facebook.com\/aesia.pt\/"]}]}},"_links":{"self":[{"href":"https:\/\/aesia.pt\/portal\/wp-json\/wp\/v2\/pages\/385","targetHints":{"allow":["GET"]}}],"collection":[{"href":"https:\/\/aesia.pt\/portal\/wp-json\/wp\/v2\/pages"}],"about":[{"href":"https:\/\/aesia.pt\/portal\/wp-json\/wp\/v2\/types\/page"}],"author":[{"embeddable":true,"href":"https:\/\/aesia.pt\/portal\/wp-json\/wp\/v2\/users\/8"}],"replies":[{"embeddable":true,"href":"https:\/\/aesia.pt\/portal\/wp-json\/wp\/v2\/comments?post=385"}],"version-history":[{"count":12,"href":"https:\/\/aesia.pt\/portal\/wp-json\/wp\/v2\/pages\/385\/revisions"}],"predecessor-version":[{"id":16095,"href":"https:\/\/aesia.pt\/portal\/wp-json\/wp\/v2\/pages\/385\/revisions\/16095"}],"up":[{"embeddable":true,"href":"https:\/\/aesia.pt\/portal\/wp-json\/wp\/v2\/pages\/53"}],"wp:attachment":[{"href":"https:\/\/aesia.pt\/portal\/wp-json\/wp\/v2\/media?parent=385"}],"curies":[{"name":"wp","href":"https:\/\/api.w.org\/{rel}","templated":true}]}}