{"id":383,"date":"2014-07-25T13:33:54","date_gmt":"2014-07-25T13:33:54","guid":{"rendered":"http:\/\/localhost:82\/aesia\/?page_id=383"},"modified":"2024-12-16T15:09:21","modified_gmt":"2024-12-16T15:09:21","slug":"associacao-de-pais","status":"publish","type":"page","link":"https:\/\/aesia.pt\/portal\/a-aesia-agrupamento-de-escolas-de-santa-iria-de-azoia\/e-b-1ji-alto-da-eira\/associacao-de-pais\/","title":{"rendered":"Associa\u00e7\u00e3o de Pais e Encarregados de Educa\u00e7\u00e3o"},"content":{"rendered":"<p>Aos Pais e\/ou Encarregados de Educa\u00e7\u00e3o (EE) pertence uma parte importante do projeto escolar dos seus filhos e\/ou educandos e o seu papel na comunidade escolar \u00e9 indispens\u00e1vel. Os Pais\/EE podem e devem intervir de forma construtiva nos diversos temas relacionados com o funcionamento da escola e com a forma\u00e7\u00e3o dos seus educandos. A\u00a0<strong>Associa\u00e7\u00e3o de Pais<\/strong>\u00a0<strong>e Encarregados de Educa\u00e7\u00e3o (APEE)\u00a0<\/strong>\u00e9 a forma organizada de concretiza\u00e7\u00e3o dessa participa\u00e7\u00e3o.<\/p>\n<p>A\u00a0<strong>APEE da Escola do Alto da Eira\u00a0<\/strong>\u00e9 composta por um grupo de 13 Pais\/EE e<strong>\u00a0<\/strong>participa\u00a0<strong>h\u00e1 mais de 30 anos\u00a0<\/strong>na vida escolar atrav\u00e9s de formas\u00a0t\u00e3o diversas como:<\/p>\n<p>.\u00a0apoio \u00e0 escola para a realiza\u00e7\u00e3o de\u00a0<u>actividades do calend\u00e1rio escolar\u00a0<\/u>(ex: magusto, festa Natal e fim do ano);<\/p>\n<p>. parceria ativa\u00a0junto da escola nas diversas\u00a0<u>necessidades e preocupa\u00e7\u00f5es dos pais<\/u>;<\/p>\n<p>. participa\u00e7\u00e3o no\u00a0<u>Conselho Geral\u00a0<\/u>do AESIA;<\/p>\n<p>. implementa\u00e7\u00e3o do Servi\u00e7o de Apoio \u00e0 Fam\u00edlia (SAF), nomeadamente apoiando o\u00a0<u>almo\u00e7o escolar<\/u>;<\/p>\n<p>. implementa\u00e7\u00e3o em parceria com a escola e o agrupamento, das\u00a0<u>Actividades de Enriquecimento Curricular (AEC<\/u>) do 1\u00ba Ciclo;<\/p>\n<p>.\u00a0apoio \u00e0s fam\u00edlias atrav\u00e9s de um centro de\u00a0<u>Actividades de Tempos Livres (ATL<\/u>) seja para o pr\u00e9-escolar (designado Prolongamento de Hor\u00e1rio: PH) seja para o 1\u00ba ciclo (designado de Componente de Apoio \u00e0 Fam\u00edlia: CAF) das 7h \u00e0s 19h15;<\/p>\n<p>. apoio \u00e0s fam\u00edlias nas\u00a0<u>f\u00e9rias escolares<\/u>\u00a0com programas espec\u00edficos para esses per\u00edodos, incluindo uma\u00a0<u>col\u00f3nia balnear no ver\u00e3o com dura\u00e7\u00e3o de 2 semanas<\/u>;<\/p>\n<p>.\u00a0<u>iniciativas pr\u00f3prias\u00a0<\/u>com vista a fomentar a participa\u00e7\u00e3o da comunicadade escolar (ex: caminhada das gera\u00e7\u00f5es);<\/p>\n<p>. promo\u00e7\u00e3o de outras actividades como o\u00a0<u>Karat\u00e9, Yoga ou Ballet<\/u>.<\/p>\n<p><strong><u>Contatos da APEE<\/u><\/strong><\/p>\n<p>Email: <a href=\"mailto:ap.altodaeira@gmail.com\">ap.altodaeira@gmail.com<\/a><\/p>\n<p>Facebook:\u00a0<a href=\"http:\/\/www.facebook.com\/AssociacaodePaisAltodaEira\" data-saferedirecturl=\"https:\/\/www.google.com\/url?q=http:\/\/www.facebook.com\/AssociacaodePaisAltodaEira&amp;source=gmail&amp;ust=1588721148902000&amp;usg=AFQjCNECvbNJdkmvZIyPZdsZ5hu4jacP5g\">www.facebook.com\/AssociacaodePaisAltodaEira<\/a><\/p>\n<p><strong><u>Contatos do ATL<\/u><\/strong><\/p>\n<p>Email: <a href=\"mailto:atl.altodaeira@gmail.com\"><span style=\"color: #000080;\">atl.<\/span><span style=\"color: #000080;\">al<\/span>todaeira@gmail.com<\/a><\/p>\n<p>Tlm Coordenadora: 917 773 057 (Elsa Ferreira)<\/p>\n<p>As nossas crian\u00e7as contam consigo.<\/p>\n","protected":false},"excerpt":{"rendered":"<p>Aos Pais e\/ou Encarregados de Educa\u00e7\u00e3o (EE) pertence uma parte importante do projeto escolar dos seus filhos e\/ou educandos e&hellip; <a class=\"continue\" href=\"https:\/\/aesia.pt\/portal\/a-aesia-agrupamento-de-escolas-de-santa-iria-de-azoia\/e-b-1ji-alto-da-eira\/associacao-de-pais\/\">Ler mais<span> Associa\u00e7\u00e3o de Pais e Encarregados de Educa\u00e7\u00e3o<\/span><\/a><\/p>\n","protected":false},"author":8,"featured_media":0,"parent":59,"menu_order":0,"comment_status":"open","ping_status":"open","template":"p_base_altoeira.php","meta":{"_acf_changed":false,"footnotes":""},"class_list":["post-383","page","type-page","status-publish","hentry"],"acf":[],"yoast_head":"<!-- This site is optimized with the Yoast SEO plugin v27.4 - https:\/\/yoast.com\/product\/yoast-seo-wordpress\/ -->\n<title>Associa\u00e7\u00e3o de Pais e Encarregados de Educa\u00e7\u00e3o &#8211; AESIA<\/title>\n<meta name=\"robots\" content=\"index, follow, max-snippet:-1, max-image-preview:large, max-video-preview:-1\" \/>\n<link rel=\"canonical\" href=\"https:\/\/aesia.pt\/portal\/a-aesia-agrupamento-de-escolas-de-santa-iria-de-azoia\/e-b-1ji-alto-da-eira\/associacao-de-pais\/\" \/>\n<meta property=\"og:locale\" content=\"pt_PT\" \/>\n<meta property=\"og:type\" content=\"article\" \/>\n<meta property=\"og:title\" content=\"Associa\u00e7\u00e3o de Pais e Encarregados de Educa\u00e7\u00e3o &#8211; AESIA\" \/>\n<meta property=\"og:description\" content=\"Aos Pais e\/ou Encarregados de Educa\u00e7\u00e3o (EE) pertence uma parte importante do projeto escolar dos seus filhos e\/ou educandos e&hellip; Ler mais Associa\u00e7\u00e3o de Pais e Encarregados de Educa\u00e7\u00e3o\" \/>\n<meta property=\"og:url\" content=\"https:\/\/aesia.pt\/portal\/a-aesia-agrupamento-de-escolas-de-santa-iria-de-azoia\/e-b-1ji-alto-da-eira\/associacao-de-pais\/\" \/>\n<meta property=\"og:site_name\" content=\"AESIA\" \/>\n<meta property=\"article:publisher\" content=\"https:\/\/www.facebook.com\/aesia.pt\/\" \/>\n<meta property=\"article:modified_time\" content=\"2024-12-16T15:09:21+00:00\" \/>\n<meta name=\"twitter:card\" content=\"summary_large_image\" \/>\n<meta name=\"twitter:label1\" content=\"Tempo estimado de leitura\" \/>\n\t<meta name=\"twitter:data1\" content=\"2 minutos\" \/>\n<script type=\"application\/ld+json\" class=\"yoast-schema-graph\">{\"@context\":\"https:\\\/\\\/schema.org\",\"@graph\":[{\"@type\":\"WebPage\",\"@id\":\"https:\\\/\\\/aesia.pt\\\/portal\\\/a-aesia-agrupamento-de-escolas-de-santa-iria-de-azoia\\\/e-b-1ji-alto-da-eira\\\/associacao-de-pais\\\/\",\"url\":\"https:\\\/\\\/aesia.pt\\\/portal\\\/a-aesia-agrupamento-de-escolas-de-santa-iria-de-azoia\\\/e-b-1ji-alto-da-eira\\\/associacao-de-pais\\\/\",\"name\":\"Associa\u00e7\u00e3o de Pais e Encarregados de Educa\u00e7\u00e3o &#8211; AESIA\",\"isPartOf\":{\"@id\":\"https:\\\/\\\/aesia.pt\\\/portal\\\/#website\"},\"datePublished\":\"2014-07-25T13:33:54+00:00\",\"dateModified\":\"2024-12-16T15:09:21+00:00\",\"breadcrumb\":{\"@id\":\"https:\\\/\\\/aesia.pt\\\/portal\\\/a-aesia-agrupamento-de-escolas-de-santa-iria-de-azoia\\\/e-b-1ji-alto-da-eira\\\/associacao-de-pais\\\/#breadcrumb\"},\"inLanguage\":\"pt-PT\",\"potentialAction\":[{\"@type\":\"ReadAction\",\"target\":[\"https:\\\/\\\/aesia.pt\\\/portal\\\/a-aesia-agrupamento-de-escolas-de-santa-iria-de-azoia\\\/e-b-1ji-alto-da-eira\\\/associacao-de-pais\\\/\"]}]},{\"@type\":\"BreadcrumbList\",\"@id\":\"https:\\\/\\\/aesia.pt\\\/portal\\\/a-aesia-agrupamento-de-escolas-de-santa-iria-de-azoia\\\/e-b-1ji-alto-da-eira\\\/associacao-de-pais\\\/#breadcrumb\",\"itemListElement\":[{\"@type\":\"ListItem\",\"position\":1,\"name\":\"Home\",\"item\":\"https:\\\/\\\/aesia.pt\\\/portal\\\/\"},{\"@type\":\"ListItem\",\"position\":2,\"name\":\"AESIA &#8211; Agrupamento de Escolas de Santa Iria de Azoia\",\"item\":\"https:\\\/\\\/aesia.pt\\\/portal\\\/a-aesia-agrupamento-de-escolas-de-santa-iria-de-azoia\\\/\"},{\"@type\":\"ListItem\",\"position\":3,\"name\":\"E.B. Alto da Eira\",\"item\":\"https:\\\/\\\/aesia.pt\\\/portal\\\/a-aesia-agrupamento-de-escolas-de-santa-iria-de-azoia\\\/e-b-1ji-alto-da-eira\\\/\"},{\"@type\":\"ListItem\",\"position\":4,\"name\":\"Associa\u00e7\u00e3o de Pais e Encarregados de Educa\u00e7\u00e3o\"}]},{\"@type\":\"WebSite\",\"@id\":\"https:\\\/\\\/aesia.pt\\\/portal\\\/#website\",\"url\":\"https:\\\/\\\/aesia.pt\\\/portal\\\/\",\"name\":\"AESIA\",\"description\":\"Agrupamento de Escolas de Santa Iria de Az\u00f3ia\",\"publisher\":{\"@id\":\"https:\\\/\\\/aesia.pt\\\/portal\\\/#organization\"},\"alternateName\":\"Agrupamento de Escolas de Santa Iria de Az\u00f3ia\",\"potentialAction\":[{\"@type\":\"SearchAction\",\"target\":{\"@type\":\"EntryPoint\",\"urlTemplate\":\"https:\\\/\\\/aesia.pt\\\/portal\\\/?s={search_term_string}\"},\"query-input\":{\"@type\":\"PropertyValueSpecification\",\"valueRequired\":true,\"valueName\":\"search_term_string\"}}],\"inLanguage\":\"pt-PT\"},{\"@type\":\"Organization\",\"@id\":\"https:\\\/\\\/aesia.pt\\\/portal\\\/#organization\",\"name\":\"Agrupamento de Escolas de Santa Iria de Az\u00f3ia\",\"alternateName\":\"AESIA\",\"url\":\"https:\\\/\\\/aesia.pt\\\/portal\\\/\",\"logo\":{\"@type\":\"ImageObject\",\"inLanguage\":\"pt-PT\",\"@id\":\"https:\\\/\\\/aesia.pt\\\/portal\\\/#\\\/schema\\\/logo\\\/image\\\/\",\"url\":\"https:\\\/\\\/aesia.pt\\\/portal\\\/wp-content\\\/uploads\\\/2023\\\/04\\\/logo4.png\",\"contentUrl\":\"https:\\\/\\\/aesia.pt\\\/portal\\\/wp-content\\\/uploads\\\/2023\\\/04\\\/logo4.png\",\"width\":162,\"height\":162,\"caption\":\"Agrupamento de Escolas de Santa Iria de Az\u00f3ia\"},\"image\":{\"@id\":\"https:\\\/\\\/aesia.pt\\\/portal\\\/#\\\/schema\\\/logo\\\/image\\\/\"},\"sameAs\":[\"https:\\\/\\\/www.facebook.com\\\/aesia.pt\\\/\"]}]}<\/script>\n<!-- \/ Yoast SEO plugin. -->","yoast_head_json":{"title":"Associa\u00e7\u00e3o de Pais e Encarregados de Educa\u00e7\u00e3o &#8211; AESIA","robots":{"index":"index","follow":"follow","max-snippet":"max-snippet:-1","max-image-preview":"max-image-preview:large","max-video-preview":"max-video-preview:-1"},"canonical":"https:\/\/aesia.pt\/portal\/a-aesia-agrupamento-de-escolas-de-santa-iria-de-azoia\/e-b-1ji-alto-da-eira\/associacao-de-pais\/","og_locale":"pt_PT","og_type":"article","og_title":"Associa\u00e7\u00e3o de Pais e Encarregados de Educa\u00e7\u00e3o &#8211; AESIA","og_description":"Aos Pais e\/ou Encarregados de Educa\u00e7\u00e3o (EE) pertence uma parte importante do projeto escolar dos seus filhos e\/ou educandos e&hellip; Ler mais Associa\u00e7\u00e3o de Pais e Encarregados de Educa\u00e7\u00e3o","og_url":"https:\/\/aesia.pt\/portal\/a-aesia-agrupamento-de-escolas-de-santa-iria-de-azoia\/e-b-1ji-alto-da-eira\/associacao-de-pais\/","og_site_name":"AESIA","article_publisher":"https:\/\/www.facebook.com\/aesia.pt\/","article_modified_time":"2024-12-16T15:09:21+00:00","twitter_card":"summary_large_image","twitter_misc":{"Tempo estimado de leitura":"2 minutos"},"schema":{"@context":"https:\/\/schema.org","@graph":[{"@type":"WebPage","@id":"https:\/\/aesia.pt\/portal\/a-aesia-agrupamento-de-escolas-de-santa-iria-de-azoia\/e-b-1ji-alto-da-eira\/associacao-de-pais\/","url":"https:\/\/aesia.pt\/portal\/a-aesia-agrupamento-de-escolas-de-santa-iria-de-azoia\/e-b-1ji-alto-da-eira\/associacao-de-pais\/","name":"Associa\u00e7\u00e3o de Pais e Encarregados de Educa\u00e7\u00e3o &#8211; AESIA","isPartOf":{"@id":"https:\/\/aesia.pt\/portal\/#website"},"datePublished":"2014-07-25T13:33:54+00:00","dateModified":"2024-12-16T15:09:21+00:00","breadcrumb":{"@id":"https:\/\/aesia.pt\/portal\/a-aesia-agrupamento-de-escolas-de-santa-iria-de-azoia\/e-b-1ji-alto-da-eira\/associacao-de-pais\/#breadcrumb"},"inLanguage":"pt-PT","potentialAction":[{"@type":"ReadAction","target":["https:\/\/aesia.pt\/portal\/a-aesia-agrupamento-de-escolas-de-santa-iria-de-azoia\/e-b-1ji-alto-da-eira\/associacao-de-pais\/"]}]},{"@type":"BreadcrumbList","@id":"https:\/\/aesia.pt\/portal\/a-aesia-agrupamento-de-escolas-de-santa-iria-de-azoia\/e-b-1ji-alto-da-eira\/associacao-de-pais\/#breadcrumb","itemListElement":[{"@type":"ListItem","position":1,"name":"Home","item":"https:\/\/aesia.pt\/portal\/"},{"@type":"ListItem","position":2,"name":"AESIA &#8211; Agrupamento de Escolas de Santa Iria de Azoia","item":"https:\/\/aesia.pt\/portal\/a-aesia-agrupamento-de-escolas-de-santa-iria-de-azoia\/"},{"@type":"ListItem","position":3,"name":"E.B. Alto da Eira","item":"https:\/\/aesia.pt\/portal\/a-aesia-agrupamento-de-escolas-de-santa-iria-de-azoia\/e-b-1ji-alto-da-eira\/"},{"@type":"ListItem","position":4,"name":"Associa\u00e7\u00e3o de Pais e Encarregados de Educa\u00e7\u00e3o"}]},{"@type":"WebSite","@id":"https:\/\/aesia.pt\/portal\/#website","url":"https:\/\/aesia.pt\/portal\/","name":"AESIA","description":"Agrupamento de Escolas de Santa Iria de Az\u00f3ia","publisher":{"@id":"https:\/\/aesia.pt\/portal\/#organization"},"alternateName":"Agrupamento de Escolas de Santa Iria de Az\u00f3ia","potentialAction":[{"@type":"SearchAction","target":{"@type":"EntryPoint","urlTemplate":"https:\/\/aesia.pt\/portal\/?s={search_term_string}"},"query-input":{"@type":"PropertyValueSpecification","valueRequired":true,"valueName":"search_term_string"}}],"inLanguage":"pt-PT"},{"@type":"Organization","@id":"https:\/\/aesia.pt\/portal\/#organization","name":"Agrupamento de Escolas de Santa Iria de Az\u00f3ia","alternateName":"AESIA","url":"https:\/\/aesia.pt\/portal\/","logo":{"@type":"ImageObject","inLanguage":"pt-PT","@id":"https:\/\/aesia.pt\/portal\/#\/schema\/logo\/image\/","url":"https:\/\/aesia.pt\/portal\/wp-content\/uploads\/2023\/04\/logo4.png","contentUrl":"https:\/\/aesia.pt\/portal\/wp-content\/uploads\/2023\/04\/logo4.png","width":162,"height":162,"caption":"Agrupamento de Escolas de Santa Iria de Az\u00f3ia"},"image":{"@id":"https:\/\/aesia.pt\/portal\/#\/schema\/logo\/image\/"},"sameAs":["https:\/\/www.facebook.com\/aesia.pt\/"]}]}},"_links":{"self":[{"href":"https:\/\/aesia.pt\/portal\/wp-json\/wp\/v2\/pages\/383","targetHints":{"allow":["GET"]}}],"collection":[{"href":"https:\/\/aesia.pt\/portal\/wp-json\/wp\/v2\/pages"}],"about":[{"href":"https:\/\/aesia.pt\/portal\/wp-json\/wp\/v2\/types\/page"}],"author":[{"embeddable":true,"href":"https:\/\/aesia.pt\/portal\/wp-json\/wp\/v2\/users\/8"}],"replies":[{"embeddable":true,"href":"https:\/\/aesia.pt\/portal\/wp-json\/wp\/v2\/comments?post=383"}],"version-history":[{"count":10,"href":"https:\/\/aesia.pt\/portal\/wp-json\/wp\/v2\/pages\/383\/revisions"}],"predecessor-version":[{"id":13685,"href":"https:\/\/aesia.pt\/portal\/wp-json\/wp\/v2\/pages\/383\/revisions\/13685"}],"up":[{"embeddable":true,"href":"https:\/\/aesia.pt\/portal\/wp-json\/wp\/v2\/pages\/59"}],"wp:attachment":[{"href":"https:\/\/aesia.pt\/portal\/wp-json\/wp\/v2\/media?parent=383"}],"curies":[{"name":"wp","href":"https:\/\/api.w.org\/{rel}","templated":true}]}}