{"id":381,"date":"2014-07-25T13:29:28","date_gmt":"2014-07-25T13:29:28","guid":{"rendered":"http:\/\/localhost:82\/aesia\/?page_id=381"},"modified":"2024-12-16T13:18:30","modified_gmt":"2024-12-16T13:18:30","slug":"seguranca","status":"publish","type":"page","link":"https:\/\/aesia.pt\/portal\/a-aesia-agrupamento-de-escolas-de-santa-iria-de-azoia\/e-b-1ji-via-rara\/seguranca\/","title":{"rendered":"Seguran\u00e7a"},"content":{"rendered":"\n<p><b><i>RECOMENDA\u00c7\u00d5ES \u2013 POLICIA DE SEGURAN\u00c7A P\u00daBLICA<\/i><\/b><\/p>\n\n\n\n<p><b><i>A Seguran\u00e7a come\u00e7a em cada um de n\u00f3s A seguran\u00e7a \u00e9 responsabilidade de todos. Tamb\u00e9m sua! Participe na seguran\u00e7a dos seus filhos.<\/i><\/b><\/p>\n\n\n\n<p><b>Conhe\u00e7a:<\/b><\/p>\n\n\n\n<ul class=\"wp-block-list\">\n<li>O seu hor\u00e1rio escolar<\/li>\n\n\n\n<li>Os percursos que utiliza de ida e volta para a escola<\/li>\n\n\n\n<li>Os nomes e contactos dos colegas e amigos mais pr\u00f3ximos<\/li>\n\n\n\n<li>Os locais onde costuma brincar<\/li>\n<\/ul>\n\n\n\n<p>Ajude a PSP a desenvolver um trabalho de preven\u00e7\u00e3o junto \u00e0s Escolas.<\/p>\n\n\n\n<p>Aconselhe o seu filho a:<\/p>\n\n\n\n<ul class=\"wp-block-list\">\n<li>N\u00e3o aceitar boleias de desconhecidos;<\/li>\n\n\n\n<li>N\u00e3o&nbsp;exibir dinheiro, bens materiais&nbsp;ou outros valores;<\/li>\n\n\n\n<li>N\u00e3o aceitar guloseimas, dinheiro ou outras ofertas de desconhecidos;<\/li>\n\n\n\n<li>N\u00e3o alterar os percursos de ida e volta para casa sem pr\u00e9 aviso dos pais;<\/li>\n\n\n\n<li>N\u00e3o brincar em zonas desertas ou com pouco movimento;<\/li>\n\n\n\n<li>Deslocar-se na companhia de um grupo de amigos;<\/li>\n\n\n\n<li>Informar os pais sobre qualquer contacto ou acontecimento estranho;<\/li>\n\n\n\n<li>Pedir de imediato ajuda&nbsp;em caso de necessidade;<\/li>\n\n\n\n<li>Conhecer os Agentes que efectuam policiamento na sua Escola, falando com; eles acerca dos problemas de seguran\u00e7a que verifiquem.<\/li>\n<\/ul>\n\n\n\n<p><b><i>Estes comportamentos ajudam a proteger os seus filhos. Ensine-os.<\/i><\/b><\/p>\n\n\n\n<h3 class=\"wp-block-heading\">Outras informa\u00e7\u00f5es de seguran\u00e7a<\/h3>\n\n\n\n<p><a href=\"https:\/\/drive.google.com\/file\/d\/0B1e1wat7N0HIS0VZdm15bFhWZlk\/view?usp=sharing\" target=\"_blank\" rel=\"noopener\"><br>Instru\u00e7\u00f5es gerais de seguran\u00e7a<\/a><\/p>\n\n\n\n<p><a href=\"https:\/\/drive.google.com\/file\/d\/0B1e1wat7N0HIS0VZdm15bFhWZlk\/view?usp=sharing\" target=\"_blank\" rel=\"noopener\"><br><\/a><a href=\"https:\/\/drive.google.com\/file\/d\/0B1e1wat7N0HIOWhWNll0allGbWc\/view?usp=sharing\" target=\"_blank\" rel=\"noopener\">Em caso de Sismos<\/a><\/p>\n\n\n\n<p><a href=\"https:\/\/drive.google.com\/file\/d\/0B1e1wat7N0HIOWhWNll0allGbWc\/view?usp=sharing\" target=\"_blank\" rel=\"noopener\"><br><\/a><a href=\"https:\/\/drive.google.com\/file\/d\/0B1e1wat7N0HIR2NaTy1uOTFWaWM\/view?usp=sharing\" target=\"_blank\" rel=\"noopener\">Plano de Preven\u00e7\u00e3o e Emerg\u00eancia para Estabelecimentos de Ensino<\/a><\/p>\n\n\n\n<p><br><a href=\"https:\/\/drive.google.com\/file\/d\/1NsPpJrTNuO1AwWmrRI2v5uUTbYX4qp4E\/view?usp=sharing\" target=\"_blank\" rel=\"noreferrer noopener\">Plano de Evacua\u00e7\u00e3o<\/a><a href=\"https:\/\/drive.google.com\/file\/d\/0B1e1wat7N0HIR2NaTy1uOTFWaWM\/view?usp=sharing\" target=\"_blank\" rel=\"noopener\"><br><\/a><\/p>\n","protected":false},"excerpt":{"rendered":"<p>RECOMENDA\u00c7\u00d5ES \u2013 POLICIA DE SEGURAN\u00c7A P\u00daBLICA A Seguran\u00e7a come\u00e7a em cada um de n\u00f3s A seguran\u00e7a \u00e9 responsabilidade de todos.&hellip; <a class=\"continue\" href=\"https:\/\/aesia.pt\/portal\/a-aesia-agrupamento-de-escolas-de-santa-iria-de-azoia\/e-b-1ji-via-rara\/seguranca\/\">Ler mais<span> Seguran\u00e7a<\/span><\/a><\/p>\n","protected":false},"author":8,"featured_media":0,"parent":63,"menu_order":0,"comment_status":"open","ping_status":"open","template":"p_base_viarara.php","meta":{"_acf_changed":false,"footnotes":""},"class_list":["post-381","page","type-page","status-publish","hentry"],"acf":[],"yoast_head":"<!-- This site is optimized with the Yoast SEO plugin v27.3 - https:\/\/yoast.com\/product\/yoast-seo-wordpress\/ -->\n<title>Seguran\u00e7a &#8211; AESIA<\/title>\n<meta name=\"robots\" content=\"index, follow, max-snippet:-1, max-image-preview:large, max-video-preview:-1\" \/>\n<link rel=\"canonical\" href=\"https:\/\/aesia.pt\/portal\/a-aesia-agrupamento-de-escolas-de-santa-iria-de-azoia\/e-b-1ji-via-rara\/seguranca\/\" \/>\n<meta property=\"og:locale\" content=\"pt_PT\" \/>\n<meta property=\"og:type\" content=\"article\" \/>\n<meta property=\"og:title\" content=\"Seguran\u00e7a &#8211; AESIA\" \/>\n<meta property=\"og:description\" content=\"RECOMENDA\u00c7\u00d5ES \u2013 POLICIA DE SEGURAN\u00c7A P\u00daBLICA A Seguran\u00e7a come\u00e7a em cada um de n\u00f3s A seguran\u00e7a \u00e9 responsabilidade de todos.&hellip; Ler mais Seguran\u00e7a\" \/>\n<meta property=\"og:url\" content=\"https:\/\/aesia.pt\/portal\/a-aesia-agrupamento-de-escolas-de-santa-iria-de-azoia\/e-b-1ji-via-rara\/seguranca\/\" \/>\n<meta property=\"og:site_name\" content=\"AESIA\" \/>\n<meta property=\"article:publisher\" content=\"https:\/\/www.facebook.com\/aesia.pt\/\" \/>\n<meta property=\"article:modified_time\" content=\"2024-12-16T13:18:30+00:00\" \/>\n<meta name=\"twitter:card\" content=\"summary_large_image\" \/>\n<meta name=\"twitter:label1\" content=\"Tempo estimado de leitura\" \/>\n\t<meta name=\"twitter:data1\" content=\"1 minuto\" \/>\n<script type=\"application\/ld+json\" class=\"yoast-schema-graph\">{\"@context\":\"https:\\\/\\\/schema.org\",\"@graph\":[{\"@type\":\"WebPage\",\"@id\":\"https:\\\/\\\/aesia.pt\\\/portal\\\/a-aesia-agrupamento-de-escolas-de-santa-iria-de-azoia\\\/e-b-1ji-via-rara\\\/seguranca\\\/\",\"url\":\"https:\\\/\\\/aesia.pt\\\/portal\\\/a-aesia-agrupamento-de-escolas-de-santa-iria-de-azoia\\\/e-b-1ji-via-rara\\\/seguranca\\\/\",\"name\":\"Seguran\u00e7a &#8211; AESIA\",\"isPartOf\":{\"@id\":\"https:\\\/\\\/aesia.pt\\\/portal\\\/#website\"},\"datePublished\":\"2014-07-25T13:29:28+00:00\",\"dateModified\":\"2024-12-16T13:18:30+00:00\",\"breadcrumb\":{\"@id\":\"https:\\\/\\\/aesia.pt\\\/portal\\\/a-aesia-agrupamento-de-escolas-de-santa-iria-de-azoia\\\/e-b-1ji-via-rara\\\/seguranca\\\/#breadcrumb\"},\"inLanguage\":\"pt-PT\",\"potentialAction\":[{\"@type\":\"ReadAction\",\"target\":[\"https:\\\/\\\/aesia.pt\\\/portal\\\/a-aesia-agrupamento-de-escolas-de-santa-iria-de-azoia\\\/e-b-1ji-via-rara\\\/seguranca\\\/\"]}]},{\"@type\":\"BreadcrumbList\",\"@id\":\"https:\\\/\\\/aesia.pt\\\/portal\\\/a-aesia-agrupamento-de-escolas-de-santa-iria-de-azoia\\\/e-b-1ji-via-rara\\\/seguranca\\\/#breadcrumb\",\"itemListElement\":[{\"@type\":\"ListItem\",\"position\":1,\"name\":\"Home\",\"item\":\"https:\\\/\\\/aesia.pt\\\/portal\\\/\"},{\"@type\":\"ListItem\",\"position\":2,\"name\":\"AESIA &#8211; Agrupamento de Escolas de Santa Iria de Azoia\",\"item\":\"https:\\\/\\\/aesia.pt\\\/portal\\\/a-aesia-agrupamento-de-escolas-de-santa-iria-de-azoia\\\/\"},{\"@type\":\"ListItem\",\"position\":3,\"name\":\"E.B. de Via Rara\",\"item\":\"https:\\\/\\\/aesia.pt\\\/portal\\\/a-aesia-agrupamento-de-escolas-de-santa-iria-de-azoia\\\/e-b-1ji-via-rara\\\/\"},{\"@type\":\"ListItem\",\"position\":4,\"name\":\"Seguran\u00e7a\"}]},{\"@type\":\"WebSite\",\"@id\":\"https:\\\/\\\/aesia.pt\\\/portal\\\/#website\",\"url\":\"https:\\\/\\\/aesia.pt\\\/portal\\\/\",\"name\":\"AESIA\",\"description\":\"Agrupamento de Escolas de Santa Iria de Az\u00f3ia\",\"publisher\":{\"@id\":\"https:\\\/\\\/aesia.pt\\\/portal\\\/#organization\"},\"alternateName\":\"Agrupamento de Escolas de Santa Iria de Az\u00f3ia\",\"potentialAction\":[{\"@type\":\"SearchAction\",\"target\":{\"@type\":\"EntryPoint\",\"urlTemplate\":\"https:\\\/\\\/aesia.pt\\\/portal\\\/?s={search_term_string}\"},\"query-input\":{\"@type\":\"PropertyValueSpecification\",\"valueRequired\":true,\"valueName\":\"search_term_string\"}}],\"inLanguage\":\"pt-PT\"},{\"@type\":\"Organization\",\"@id\":\"https:\\\/\\\/aesia.pt\\\/portal\\\/#organization\",\"name\":\"Agrupamento de Escolas de Santa Iria de Az\u00f3ia\",\"alternateName\":\"AESIA\",\"url\":\"https:\\\/\\\/aesia.pt\\\/portal\\\/\",\"logo\":{\"@type\":\"ImageObject\",\"inLanguage\":\"pt-PT\",\"@id\":\"https:\\\/\\\/aesia.pt\\\/portal\\\/#\\\/schema\\\/logo\\\/image\\\/\",\"url\":\"https:\\\/\\\/aesia.pt\\\/portal\\\/wp-content\\\/uploads\\\/2023\\\/04\\\/logo4.png\",\"contentUrl\":\"https:\\\/\\\/aesia.pt\\\/portal\\\/wp-content\\\/uploads\\\/2023\\\/04\\\/logo4.png\",\"width\":162,\"height\":162,\"caption\":\"Agrupamento de Escolas de Santa Iria de Az\u00f3ia\"},\"image\":{\"@id\":\"https:\\\/\\\/aesia.pt\\\/portal\\\/#\\\/schema\\\/logo\\\/image\\\/\"},\"sameAs\":[\"https:\\\/\\\/www.facebook.com\\\/aesia.pt\\\/\"]}]}<\/script>\n<!-- \/ Yoast SEO plugin. -->","yoast_head_json":{"title":"Seguran\u00e7a &#8211; AESIA","robots":{"index":"index","follow":"follow","max-snippet":"max-snippet:-1","max-image-preview":"max-image-preview:large","max-video-preview":"max-video-preview:-1"},"canonical":"https:\/\/aesia.pt\/portal\/a-aesia-agrupamento-de-escolas-de-santa-iria-de-azoia\/e-b-1ji-via-rara\/seguranca\/","og_locale":"pt_PT","og_type":"article","og_title":"Seguran\u00e7a &#8211; AESIA","og_description":"RECOMENDA\u00c7\u00d5ES \u2013 POLICIA DE SEGURAN\u00c7A P\u00daBLICA A Seguran\u00e7a come\u00e7a em cada um de n\u00f3s A seguran\u00e7a \u00e9 responsabilidade de todos.&hellip; Ler mais Seguran\u00e7a","og_url":"https:\/\/aesia.pt\/portal\/a-aesia-agrupamento-de-escolas-de-santa-iria-de-azoia\/e-b-1ji-via-rara\/seguranca\/","og_site_name":"AESIA","article_publisher":"https:\/\/www.facebook.com\/aesia.pt\/","article_modified_time":"2024-12-16T13:18:30+00:00","twitter_card":"summary_large_image","twitter_misc":{"Tempo estimado de leitura":"1 minuto"},"schema":{"@context":"https:\/\/schema.org","@graph":[{"@type":"WebPage","@id":"https:\/\/aesia.pt\/portal\/a-aesia-agrupamento-de-escolas-de-santa-iria-de-azoia\/e-b-1ji-via-rara\/seguranca\/","url":"https:\/\/aesia.pt\/portal\/a-aesia-agrupamento-de-escolas-de-santa-iria-de-azoia\/e-b-1ji-via-rara\/seguranca\/","name":"Seguran\u00e7a &#8211; AESIA","isPartOf":{"@id":"https:\/\/aesia.pt\/portal\/#website"},"datePublished":"2014-07-25T13:29:28+00:00","dateModified":"2024-12-16T13:18:30+00:00","breadcrumb":{"@id":"https:\/\/aesia.pt\/portal\/a-aesia-agrupamento-de-escolas-de-santa-iria-de-azoia\/e-b-1ji-via-rara\/seguranca\/#breadcrumb"},"inLanguage":"pt-PT","potentialAction":[{"@type":"ReadAction","target":["https:\/\/aesia.pt\/portal\/a-aesia-agrupamento-de-escolas-de-santa-iria-de-azoia\/e-b-1ji-via-rara\/seguranca\/"]}]},{"@type":"BreadcrumbList","@id":"https:\/\/aesia.pt\/portal\/a-aesia-agrupamento-de-escolas-de-santa-iria-de-azoia\/e-b-1ji-via-rara\/seguranca\/#breadcrumb","itemListElement":[{"@type":"ListItem","position":1,"name":"Home","item":"https:\/\/aesia.pt\/portal\/"},{"@type":"ListItem","position":2,"name":"AESIA &#8211; Agrupamento de Escolas de Santa Iria de Azoia","item":"https:\/\/aesia.pt\/portal\/a-aesia-agrupamento-de-escolas-de-santa-iria-de-azoia\/"},{"@type":"ListItem","position":3,"name":"E.B. de Via Rara","item":"https:\/\/aesia.pt\/portal\/a-aesia-agrupamento-de-escolas-de-santa-iria-de-azoia\/e-b-1ji-via-rara\/"},{"@type":"ListItem","position":4,"name":"Seguran\u00e7a"}]},{"@type":"WebSite","@id":"https:\/\/aesia.pt\/portal\/#website","url":"https:\/\/aesia.pt\/portal\/","name":"AESIA","description":"Agrupamento de Escolas de Santa Iria de Az\u00f3ia","publisher":{"@id":"https:\/\/aesia.pt\/portal\/#organization"},"alternateName":"Agrupamento de Escolas de Santa Iria de Az\u00f3ia","potentialAction":[{"@type":"SearchAction","target":{"@type":"EntryPoint","urlTemplate":"https:\/\/aesia.pt\/portal\/?s={search_term_string}"},"query-input":{"@type":"PropertyValueSpecification","valueRequired":true,"valueName":"search_term_string"}}],"inLanguage":"pt-PT"},{"@type":"Organization","@id":"https:\/\/aesia.pt\/portal\/#organization","name":"Agrupamento de Escolas de Santa Iria de Az\u00f3ia","alternateName":"AESIA","url":"https:\/\/aesia.pt\/portal\/","logo":{"@type":"ImageObject","inLanguage":"pt-PT","@id":"https:\/\/aesia.pt\/portal\/#\/schema\/logo\/image\/","url":"https:\/\/aesia.pt\/portal\/wp-content\/uploads\/2023\/04\/logo4.png","contentUrl":"https:\/\/aesia.pt\/portal\/wp-content\/uploads\/2023\/04\/logo4.png","width":162,"height":162,"caption":"Agrupamento de Escolas de Santa Iria de Az\u00f3ia"},"image":{"@id":"https:\/\/aesia.pt\/portal\/#\/schema\/logo\/image\/"},"sameAs":["https:\/\/www.facebook.com\/aesia.pt\/"]}]}},"_links":{"self":[{"href":"https:\/\/aesia.pt\/portal\/wp-json\/wp\/v2\/pages\/381","targetHints":{"allow":["GET"]}}],"collection":[{"href":"https:\/\/aesia.pt\/portal\/wp-json\/wp\/v2\/pages"}],"about":[{"href":"https:\/\/aesia.pt\/portal\/wp-json\/wp\/v2\/types\/page"}],"author":[{"embeddable":true,"href":"https:\/\/aesia.pt\/portal\/wp-json\/wp\/v2\/users\/8"}],"replies":[{"embeddable":true,"href":"https:\/\/aesia.pt\/portal\/wp-json\/wp\/v2\/comments?post=381"}],"version-history":[{"count":9,"href":"https:\/\/aesia.pt\/portal\/wp-json\/wp\/v2\/pages\/381\/revisions"}],"predecessor-version":[{"id":13673,"href":"https:\/\/aesia.pt\/portal\/wp-json\/wp\/v2\/pages\/381\/revisions\/13673"}],"up":[{"embeddable":true,"href":"https:\/\/aesia.pt\/portal\/wp-json\/wp\/v2\/pages\/63"}],"wp:attachment":[{"href":"https:\/\/aesia.pt\/portal\/wp-json\/wp\/v2\/media?parent=381"}],"curies":[{"name":"wp","href":"https:\/\/api.w.org\/{rel}","templated":true}]}}