{"id":35,"date":"2014-03-06T15:29:48","date_gmt":"2014-03-06T15:29:48","guid":{"rendered":"http:\/\/aesia.pt\/site\/?page_id=35"},"modified":"2025-01-13T18:22:20","modified_gmt":"2025-01-13T18:22:20","slug":"conselho-pedagogico","status":"publish","type":"page","link":"https:\/\/aesia.pt\/portal\/orgaos-e-competencias\/conselho-pedagogico\/","title":{"rendered":"Conselho Pedag\u00f3gico"},"content":{"rendered":"\n<div class=\"wp-block-group is-vertical is-layout-flex wp-container-core-group-is-layout-8cf370e7 wp-block-group-is-layout-flex\">\n<div class=\"wp-block-group\"><div class=\"wp-block-group__inner-container is-layout-constrained wp-block-group-is-layout-constrained\">\n<div class=\"wp-block-group\"><div class=\"wp-block-group__inner-container is-layout-constrained wp-block-group-is-layout-constrained\">\n<div class=\"wp-block-group\"><div class=\"wp-block-group__inner-container is-layout-constrained wp-block-group-is-layout-constrained\">\n<p>O Conselho Pedag\u00f3gico \u00e9 o \u00f3rg\u00e3o de coordena\u00e7\u00e3o, supervis\u00e3o pedag\u00f3gica e orienta\u00e7\u00e3o educativa do agrupamento, nomeadamente no dom\u00ednio pedag\u00f3gico-did\u00e1tico, da orienta\u00e7\u00e3o e acompanhamento dos alunos e da forma\u00e7\u00e3o inicial e cont\u00ednua do pessoal docente e n\u00e3o docente.                                                       O Conselho Pedag\u00f3gico re\u00fane ordinariamente uma vez por m\u00eas e extraordinariamente sempre que seja necess\u00e1rio.<\/p>\n<\/div><\/div>\n<\/div><\/div>\n\n\n\n<p>\u00a0<strong>Composi\u00e7\u00e3o<\/strong><\/p>\n\n\n\n<div class=\"wp-block-group\"><div class=\"wp-block-group__inner-container is-layout-constrained wp-block-group-is-layout-constrained\">\n<div class=\"wp-block-group is-vertical is-layout-flex wp-container-core-group-is-layout-8cf370e7 wp-block-group-is-layout-flex\">\n<p>O Conselho Pedag\u00f3gico \u00e9 composto pelos seguintes elementos:<\/p>\n<\/div>\n\n\n\n<div class=\"wp-block-group\"><div class=\"wp-block-group__inner-container is-layout-constrained wp-block-group-is-layout-constrained\">\n<ul class=\"wp-block-list\">\n<li>Ivo Cardoso &#8211; Diretor que preside;<\/li>\n\n\n\n<li>Elisabete Ferreira- Coordenadora da Educa\u00e7\u00e3o Pr\u00e9-escolar, do grupo de\u00a0recrutamento 100;<\/li>\n\n\n\n<li>Cristina Pirralho\u00a0 &#8211; Coordenadora do Departamento do 1\u00ba Ciclo, do grupo de recrutamento\u00a0110;<\/li>\n\n\n\n<li>F\u00e1tima Rei &#8211; Coordenadora do Departamento de Portugu\u00eas e de L\u00ednguas Estrangeiras, que integra os docentes do grupo de recrutamento 200 (Portugu\u00eas e HGP), o 220 (Portugu\u00eas e Ingl\u00eas), o grupo 300 (Portugu\u00eas),\u00a0\u00a0o grupo 320 (Franc\u00eas), 220 (Portugu\u00eas e Ingl\u00eas) e o grupo 330 (Ingl\u00eas);<\/li>\n\n\n\n<li>Am\u00e9lia Alves &#8211; Coordenadora do Departamento de Matem\u00e1tica,\u00a0 Ci\u00eancias Experimentais e TIC que integra os docentes de Matem\u00e1tica do grupo de recrutamento 230 e grupo 500; docentes de Ci\u00eancias Experimentais do grupo de recrutamento 230 (Ci\u00eancias da Naturais),\u00a0grupo 510 (F\u00edsica e Qu\u00edmica), 520 (Biologia e Geologia)\u00a0e grupo 550 (Inform\u00e1tica);<\/li>\n\n\n\n<li>M\u00aa Carmo Augusto &#8211; Coordenadora do Departamento de Ci\u00eancias Sociais e Humanas que integra os docentes que\u00a0lecionam o grupo de recrutamento 200 (Portugu\u00eas e Hist\u00f3ria e Geografia de Portugal), grupo 290 (Educa\u00e7\u00e3o Moral e Religiosa), grupo 400 (Hist\u00f3ria), grupo 420 (Geografia);<\/li>\n\n\n\n<li>Ot\u00edlia Dias &#8211; Coordenadora do Departamento de Express\u00f5es que integra os docentes do grupo de\u00a0recrutamento 240 (Educa\u00e7\u00e3o Visual e Educa\u00e7\u00e3o Tecnol\u00f3gica), grupo 260 (Educa\u00e7\u00e3o F\u00edsica), grupo \u00a0530 (Educa\u00e7\u00e3o Tecnol\u00f3gica), grupo 600 (Artes Visuais), grupo 620 (Educa\u00e7\u00e3o F\u00edsica);<\/li>\n\n\n\n<li>M\u00aa Helena Loureiro &#8211; Coordenadora dos Conselhos de Ano;<\/li>\n\n\n\n<li>Teresa Maia\u00a0 &#8211; Coordenadora de Diretores de Turma do 2\u00ba Ciclo;<\/li>\n\n\n\n<li>Monique Alves\u00a0 &#8211; Coordenadora de Diretores de Turma do 3\u00ba Ciclo;<\/li>\n\n\n\n<li>F\u00e1tima Pinheiro &#8211; Coordenadora das Bibliotecas\/Centro de Recursos;<\/li>\n\n\n\n<li>Maria Eug\u00e9nia Batista &#8211; Coordenadora das Estruturas de Educa\u00e7\u00e3o Especial;<\/li>\n\n\n\n<li>Elsa Pereira &#8211; Coordenadora dos Apoios Educativos e outros recursos.<\/li>\n\n\n\n<li>Anabela Reis e Gra\u00e7a Ramos -Equipa de Autonomia e Flexibilidade Curricular<\/li>\n<\/ul>\n<\/div><\/div>\n<\/div><\/div>\n\n\n\n<div class=\"wp-block-group is-vertical is-layout-flex wp-container-core-group-is-layout-8cf370e7 wp-block-group-is-layout-flex\">\n<div class=\"wp-block-group is-vertical is-layout-flex wp-container-core-group-is-layout-8cf370e7 wp-block-group-is-layout-flex\">\n<div class=\"wp-block-group is-vertical is-layout-flex wp-container-core-group-is-layout-8cf370e7 wp-block-group-is-layout-flex\">\n<p><strong>Compet\u00eancias<\/strong><\/p>\n\n\n\n<p>Ao Conselho Pedag\u00f3gico compete:<\/p>\n<\/div>\n\n\n\n<ol class=\"wp-block-list\">\n<li>Elaborar a proposta de projeto educativo do Agrupamento;<\/li>\n\n\n\n<li>Apresentar propostas para a elabora\u00e7\u00e3o do Plano Anual de Atividades e pronunciar-se sobre o respetivo projeto;<\/li>\n\n\n\n<li>Pronunciar-se sobre as altera\u00e7\u00f5es e proposta de Regulamento Interno;<\/li>\n\n\n\n<li>Pronunciar-se sobre as propostas de celebra\u00e7\u00e3o de contratos de autonomia;<\/li>\n\n\n\n<li>Elaborar o Plano de Forma\u00e7\u00e3o e de atualiza\u00e7\u00e3o do Pessoal Docente e N\u00e3o Docente, em articula\u00e7\u00e3o com o respetivo Centro de Forma\u00e7\u00e3o de Associa\u00e7\u00e3o de Escolas, e acompanhar a respetiva execu\u00e7\u00e3o;<\/li>\n\n\n\n<li>Definir crit\u00e9rios gerais nos dom\u00ednios da informa\u00e7\u00e3o e da orienta\u00e7\u00e3o escolar e vocacional, do acompanhamento pedag\u00f3gico e da avalia\u00e7\u00e3o dos alunos;<\/li>\n\n\n\n<li>Propor aos \u00f3rg\u00e3os competentes a cria\u00e7\u00e3o de \u00e1reas disciplinares ou disciplinas de conte\u00fado regional e local, bem como as respetivas estruturas program\u00e1ticas;<\/li>\n\n\n\n<li>Definir princ\u00edpios gerais nos dom\u00ednios da articula\u00e7\u00e3o e diversifica\u00e7\u00e3o curricular, dos apoios e complementos educativos e das modalidades especiais de educa\u00e7\u00e3o escolar;<\/li>\n\n\n\n<li>Adotar os manuais escolares, ouvidos os Departamentos Curriculares;<\/li>\n\n\n\n<li>Propor o desenvolvimento de experi\u00eancias de inova\u00e7\u00e3o pedag\u00f3gica e de forma\u00e7\u00e3o, no \u00e2mbito das escolas e em articula\u00e7\u00e3o com institui\u00e7\u00f5es ou estabelecimentos do ensino superior vocacionados para a forma\u00e7\u00e3o e a investiga\u00e7\u00e3o;<\/li>\n\n\n\n<li>Incentivar e apoiar iniciativas de \u00edndole formativa e cultural;<\/li>\n\n\n\n<li>Definir os requisitos para a contrata\u00e7\u00e3o de pessoal docente e n\u00e3o docente, de acordo com o disposto na legisla\u00e7\u00e3o aplic\u00e1vel;<\/li>\n\n\n\n<li>Definir os crit\u00e9rios gerais a que deve obedecer a elabora\u00e7\u00e3o dos hor\u00e1rios;<\/li>\n\n\n\n<li>Definir os crit\u00e9rios gerais que presidem \u00e0 constitui\u00e7\u00e3o de turmas;<\/li>\n\n\n\n<li>Observar da conformidade dos Regimentos dos Departamentos das \u00c1reas Disciplinares;<\/li>\n\n\n\n<li>Aprovar a modalidade e a matriz das provas globais ou trabalhos, sob proposta de cada departamento curricular, bem como as datas e os prazos para a sua realiza\u00e7\u00e3o;<\/li>\n\n\n\n<li>Tomar a decis\u00e3o final em casos de pedido de revis\u00e3o de avalia\u00e7\u00e3o do 3\u00ba per\u00edodo;<\/li>\n\n\n\n<li>Apresentar propostas para os Projetos Curriculares das Escolas do Agrupamento;<\/li>\n\n\n\n<li>Aprovar os Projetos Pedag\u00f3gicos dos jardins-de-inf\u00e2ncia do Agrupamento<\/li>\n\n\n\n<li>Proceder ao acompanhamento e avalia\u00e7\u00e3o da execu\u00e7\u00e3o das suas delibera\u00e7\u00f5es e recomenda\u00e7\u00f5es.<\/li>\n<\/ol>\n<\/div>\n<\/div>\n\n\n\n<p><\/p>\n\n\n\n<p><strong>Sec\u00e7\u00e3o de avalia\u00e7\u00e3o do desempenho docente do conselho pedag\u00f3gico ( SADD )<\/strong><\/p>\n\n\n\n<p>A SADD constitui uma subcomiss\u00e3o do Conselho Pedag\u00f3gico composta pelo Diretor, que preside, e por 4 outros docentes, eleitos de entre os seus membros.<\/p>\n\n\n\n<p><strong>Composi\u00e7\u00e3o<\/strong> &#8211;\u00a0 Ivo Cardoso &#8211;\u00a0 Ot\u00edlia Dias &#8211; Gra\u00e7a Ramos-\u00a0 M\u00aa Helena Loureiro e Elisabete Ferreira<\/p>\n\n\n\n<p><strong>Compet\u00eancias<\/strong><\/p>\n\n\n\n<div class=\"wp-block-group is-vertical is-layout-flex wp-container-core-group-is-layout-8cf370e7 wp-block-group-is-layout-flex\">\n<p>Compete \u00e0 sec\u00e7\u00e3o de avalia\u00e7\u00e3o do desempenho docente do conselho pedag\u00f3gico:<\/p>\n\n\n\n<ol class=\"wp-block-list\">\n<li>\u00a0Aplicar o sistema de avalia\u00e7\u00e3o do desempenho tendo em considera\u00e7\u00e3o, designadamente, o\u00a0projeto educativo do agrupamento de escolas ou escola n\u00e3o agrupada e o servi\u00e7o distribu\u00eddo ao\u00a0docente;<\/li>\n\n\n\n<li>Calendarizar os procedimentos de avalia\u00e7\u00e3o;<\/li>\n\n\n\n<li>Conceber e publicitar o instrumento de registo e avalia\u00e7\u00e3o do desenvolvimento das atividades\u00a0realizadas pelos avaliados nas dimens\u00f5es previstas no artigo 4.o;<\/li>\n\n\n\n<li>Acompanhar e avaliar todo o processo;<\/li>\n\n\n\n<li>Aprovar a classifica\u00e7\u00e3o final harmonizando as propostas dos avaliadores e garantindo a\u00a0aplica\u00e7\u00e3o das percentagens de diferencia\u00e7\u00e3o dos desempenhos;<\/li>\n\n\n\n<li>Apreciar e decidir as reclama\u00e7\u00f5es, nos processos em que atribui a classifica\u00e7\u00e3o final;<\/li>\n\n\n\n<li>Aprovar o plano de forma\u00e7\u00e3o previsto na al\u00ednea b) do n.\u00ba 6 do artigo 23 do DR no 26\/2012, sob proposta do avaliador.<\/li>\n<\/ol>\n\n\n\n<p><\/p>\n<\/div>\n<\/div><\/div>\n<\/div>\n","protected":false},"excerpt":{"rendered":"<p>O Conselho Pedag\u00f3gico \u00e9 o \u00f3rg\u00e3o de coordena\u00e7\u00e3o, supervis\u00e3o pedag\u00f3gica e orienta\u00e7\u00e3o educativa do agrupamento, nomeadamente no dom\u00ednio pedag\u00f3gico-did\u00e1tico, da&hellip; <a class=\"continue\" href=\"https:\/\/aesia.pt\/portal\/orgaos-e-competencias\/conselho-pedagogico\/\">Ler mais<span> Conselho Pedag\u00f3gico<\/span><\/a><\/p>\n","protected":false},"author":8,"featured_media":0,"parent":225,"menu_order":0,"comment_status":"open","ping_status":"open","template":"p_orgaos_competencias.php","meta":{"_acf_changed":false,"footnotes":""},"class_list":["post-35","page","type-page","status-publish","hentry"],"acf":[],"yoast_head":"<!-- This site is optimized with the Yoast SEO plugin v27.3 - https:\/\/yoast.com\/product\/yoast-seo-wordpress\/ -->\n<title>Conselho Pedag\u00f3gico &#8211; AESIA<\/title>\n<meta name=\"robots\" content=\"index, follow, max-snippet:-1, max-image-preview:large, max-video-preview:-1\" \/>\n<link rel=\"canonical\" href=\"https:\/\/aesia.pt\/portal\/orgaos-e-competencias\/conselho-pedagogico\/\" \/>\n<meta property=\"og:locale\" content=\"pt_PT\" \/>\n<meta property=\"og:type\" content=\"article\" \/>\n<meta property=\"og:title\" content=\"Conselho Pedag\u00f3gico &#8211; AESIA\" \/>\n<meta property=\"og:description\" content=\"O Conselho Pedag\u00f3gico \u00e9 o \u00f3rg\u00e3o de coordena\u00e7\u00e3o, supervis\u00e3o pedag\u00f3gica e orienta\u00e7\u00e3o educativa do agrupamento, nomeadamente no dom\u00ednio pedag\u00f3gico-did\u00e1tico, da&hellip; Ler mais Conselho Pedag\u00f3gico\" \/>\n<meta property=\"og:url\" content=\"https:\/\/aesia.pt\/portal\/orgaos-e-competencias\/conselho-pedagogico\/\" \/>\n<meta property=\"og:site_name\" content=\"AESIA\" \/>\n<meta property=\"article:publisher\" content=\"https:\/\/www.facebook.com\/aesia.pt\/\" \/>\n<meta property=\"article:modified_time\" content=\"2025-01-13T18:22:20+00:00\" \/>\n<meta name=\"twitter:card\" content=\"summary_large_image\" \/>\n<meta name=\"twitter:label1\" content=\"Tempo estimado de leitura\" \/>\n\t<meta name=\"twitter:data1\" content=\"5 minutos\" \/>\n<script type=\"application\/ld+json\" class=\"yoast-schema-graph\">{\"@context\":\"https:\\\/\\\/schema.org\",\"@graph\":[{\"@type\":\"WebPage\",\"@id\":\"https:\\\/\\\/aesia.pt\\\/portal\\\/orgaos-e-competencias\\\/conselho-pedagogico\\\/\",\"url\":\"https:\\\/\\\/aesia.pt\\\/portal\\\/orgaos-e-competencias\\\/conselho-pedagogico\\\/\",\"name\":\"Conselho Pedag\u00f3gico &#8211; AESIA\",\"isPartOf\":{\"@id\":\"https:\\\/\\\/aesia.pt\\\/portal\\\/#website\"},\"datePublished\":\"2014-03-06T15:29:48+00:00\",\"dateModified\":\"2025-01-13T18:22:20+00:00\",\"breadcrumb\":{\"@id\":\"https:\\\/\\\/aesia.pt\\\/portal\\\/orgaos-e-competencias\\\/conselho-pedagogico\\\/#breadcrumb\"},\"inLanguage\":\"pt-PT\",\"potentialAction\":[{\"@type\":\"ReadAction\",\"target\":[\"https:\\\/\\\/aesia.pt\\\/portal\\\/orgaos-e-competencias\\\/conselho-pedagogico\\\/\"]}]},{\"@type\":\"BreadcrumbList\",\"@id\":\"https:\\\/\\\/aesia.pt\\\/portal\\\/orgaos-e-competencias\\\/conselho-pedagogico\\\/#breadcrumb\",\"itemListElement\":[{\"@type\":\"ListItem\",\"position\":1,\"name\":\"Home\",\"item\":\"https:\\\/\\\/aesia.pt\\\/portal\\\/\"},{\"@type\":\"ListItem\",\"position\":2,\"name\":\"\u00d3rg\u00e3os e Estruturas\",\"item\":\"https:\\\/\\\/aesia.pt\\\/portal\\\/orgaos-e-competencias\\\/\"},{\"@type\":\"ListItem\",\"position\":3,\"name\":\"Conselho Pedag\u00f3gico\"}]},{\"@type\":\"WebSite\",\"@id\":\"https:\\\/\\\/aesia.pt\\\/portal\\\/#website\",\"url\":\"https:\\\/\\\/aesia.pt\\\/portal\\\/\",\"name\":\"AESIA\",\"description\":\"Agrupamento de Escolas de Santa Iria de Az\u00f3ia\",\"publisher\":{\"@id\":\"https:\\\/\\\/aesia.pt\\\/portal\\\/#organization\"},\"alternateName\":\"Agrupamento de Escolas de Santa Iria de Az\u00f3ia\",\"potentialAction\":[{\"@type\":\"SearchAction\",\"target\":{\"@type\":\"EntryPoint\",\"urlTemplate\":\"https:\\\/\\\/aesia.pt\\\/portal\\\/?s={search_term_string}\"},\"query-input\":{\"@type\":\"PropertyValueSpecification\",\"valueRequired\":true,\"valueName\":\"search_term_string\"}}],\"inLanguage\":\"pt-PT\"},{\"@type\":\"Organization\",\"@id\":\"https:\\\/\\\/aesia.pt\\\/portal\\\/#organization\",\"name\":\"Agrupamento de Escolas de Santa Iria de Az\u00f3ia\",\"alternateName\":\"AESIA\",\"url\":\"https:\\\/\\\/aesia.pt\\\/portal\\\/\",\"logo\":{\"@type\":\"ImageObject\",\"inLanguage\":\"pt-PT\",\"@id\":\"https:\\\/\\\/aesia.pt\\\/portal\\\/#\\\/schema\\\/logo\\\/image\\\/\",\"url\":\"https:\\\/\\\/aesia.pt\\\/portal\\\/wp-content\\\/uploads\\\/2023\\\/04\\\/logo4.png\",\"contentUrl\":\"https:\\\/\\\/aesia.pt\\\/portal\\\/wp-content\\\/uploads\\\/2023\\\/04\\\/logo4.png\",\"width\":162,\"height\":162,\"caption\":\"Agrupamento de Escolas de Santa Iria de Az\u00f3ia\"},\"image\":{\"@id\":\"https:\\\/\\\/aesia.pt\\\/portal\\\/#\\\/schema\\\/logo\\\/image\\\/\"},\"sameAs\":[\"https:\\\/\\\/www.facebook.com\\\/aesia.pt\\\/\"]}]}<\/script>\n<!-- \/ Yoast SEO plugin. -->","yoast_head_json":{"title":"Conselho Pedag\u00f3gico &#8211; AESIA","robots":{"index":"index","follow":"follow","max-snippet":"max-snippet:-1","max-image-preview":"max-image-preview:large","max-video-preview":"max-video-preview:-1"},"canonical":"https:\/\/aesia.pt\/portal\/orgaos-e-competencias\/conselho-pedagogico\/","og_locale":"pt_PT","og_type":"article","og_title":"Conselho Pedag\u00f3gico &#8211; AESIA","og_description":"O Conselho Pedag\u00f3gico \u00e9 o \u00f3rg\u00e3o de coordena\u00e7\u00e3o, supervis\u00e3o pedag\u00f3gica e orienta\u00e7\u00e3o educativa do agrupamento, nomeadamente no dom\u00ednio pedag\u00f3gico-did\u00e1tico, da&hellip; Ler mais Conselho Pedag\u00f3gico","og_url":"https:\/\/aesia.pt\/portal\/orgaos-e-competencias\/conselho-pedagogico\/","og_site_name":"AESIA","article_publisher":"https:\/\/www.facebook.com\/aesia.pt\/","article_modified_time":"2025-01-13T18:22:20+00:00","twitter_card":"summary_large_image","twitter_misc":{"Tempo estimado de leitura":"5 minutos"},"schema":{"@context":"https:\/\/schema.org","@graph":[{"@type":"WebPage","@id":"https:\/\/aesia.pt\/portal\/orgaos-e-competencias\/conselho-pedagogico\/","url":"https:\/\/aesia.pt\/portal\/orgaos-e-competencias\/conselho-pedagogico\/","name":"Conselho Pedag\u00f3gico &#8211; AESIA","isPartOf":{"@id":"https:\/\/aesia.pt\/portal\/#website"},"datePublished":"2014-03-06T15:29:48+00:00","dateModified":"2025-01-13T18:22:20+00:00","breadcrumb":{"@id":"https:\/\/aesia.pt\/portal\/orgaos-e-competencias\/conselho-pedagogico\/#breadcrumb"},"inLanguage":"pt-PT","potentialAction":[{"@type":"ReadAction","target":["https:\/\/aesia.pt\/portal\/orgaos-e-competencias\/conselho-pedagogico\/"]}]},{"@type":"BreadcrumbList","@id":"https:\/\/aesia.pt\/portal\/orgaos-e-competencias\/conselho-pedagogico\/#breadcrumb","itemListElement":[{"@type":"ListItem","position":1,"name":"Home","item":"https:\/\/aesia.pt\/portal\/"},{"@type":"ListItem","position":2,"name":"\u00d3rg\u00e3os e Estruturas","item":"https:\/\/aesia.pt\/portal\/orgaos-e-competencias\/"},{"@type":"ListItem","position":3,"name":"Conselho Pedag\u00f3gico"}]},{"@type":"WebSite","@id":"https:\/\/aesia.pt\/portal\/#website","url":"https:\/\/aesia.pt\/portal\/","name":"AESIA","description":"Agrupamento de Escolas de Santa Iria de Az\u00f3ia","publisher":{"@id":"https:\/\/aesia.pt\/portal\/#organization"},"alternateName":"Agrupamento de Escolas de Santa Iria de Az\u00f3ia","potentialAction":[{"@type":"SearchAction","target":{"@type":"EntryPoint","urlTemplate":"https:\/\/aesia.pt\/portal\/?s={search_term_string}"},"query-input":{"@type":"PropertyValueSpecification","valueRequired":true,"valueName":"search_term_string"}}],"inLanguage":"pt-PT"},{"@type":"Organization","@id":"https:\/\/aesia.pt\/portal\/#organization","name":"Agrupamento de Escolas de Santa Iria de Az\u00f3ia","alternateName":"AESIA","url":"https:\/\/aesia.pt\/portal\/","logo":{"@type":"ImageObject","inLanguage":"pt-PT","@id":"https:\/\/aesia.pt\/portal\/#\/schema\/logo\/image\/","url":"https:\/\/aesia.pt\/portal\/wp-content\/uploads\/2023\/04\/logo4.png","contentUrl":"https:\/\/aesia.pt\/portal\/wp-content\/uploads\/2023\/04\/logo4.png","width":162,"height":162,"caption":"Agrupamento de Escolas de Santa Iria de Az\u00f3ia"},"image":{"@id":"https:\/\/aesia.pt\/portal\/#\/schema\/logo\/image\/"},"sameAs":["https:\/\/www.facebook.com\/aesia.pt\/"]}]}},"_links":{"self":[{"href":"https:\/\/aesia.pt\/portal\/wp-json\/wp\/v2\/pages\/35","targetHints":{"allow":["GET"]}}],"collection":[{"href":"https:\/\/aesia.pt\/portal\/wp-json\/wp\/v2\/pages"}],"about":[{"href":"https:\/\/aesia.pt\/portal\/wp-json\/wp\/v2\/types\/page"}],"author":[{"embeddable":true,"href":"https:\/\/aesia.pt\/portal\/wp-json\/wp\/v2\/users\/8"}],"replies":[{"embeddable":true,"href":"https:\/\/aesia.pt\/portal\/wp-json\/wp\/v2\/comments?post=35"}],"version-history":[{"count":27,"href":"https:\/\/aesia.pt\/portal\/wp-json\/wp\/v2\/pages\/35\/revisions"}],"predecessor-version":[{"id":14546,"href":"https:\/\/aesia.pt\/portal\/wp-json\/wp\/v2\/pages\/35\/revisions\/14546"}],"up":[{"embeddable":true,"href":"https:\/\/aesia.pt\/portal\/wp-json\/wp\/v2\/pages\/225"}],"wp:attachment":[{"href":"https:\/\/aesia.pt\/portal\/wp-json\/wp\/v2\/media?parent=35"}],"curies":[{"name":"wp","href":"https:\/\/api.w.org\/{rel}","templated":true}]}}