{"id":3479,"date":"2019-03-12T00:46:44","date_gmt":"2019-03-12T00:46:44","guid":{"rendered":"http:\/\/aesia.pt\/portal\/?page_id=3479"},"modified":"2020-04-21T13:12:13","modified_gmt":"2020-04-21T13:12:13","slug":"protecao-de-dados","status":"publish","type":"page","link":"https:\/\/aesia.pt\/portal\/protecao-de-dados\/","title":{"rendered":"POL\u00cdTICA DE PRIVACIDADE E PROTE\u00c7\u00c3O DE DADOS"},"content":{"rendered":"<p>&nbsp;<\/p>\n<p><a href=\"https:\/\/drive.google.com\/open?id=1rD3_kvzL7cOjBsBjwyh0RnzyBD6wSEkd\"><span style=\"vertical-align: inherit;\"><span style=\"vertical-align: inherit;\">POL\u00cdTICA DE PRIVACIDADE E PROTE\u00c7\u00c3O DE DADOS<\/span><\/span><\/a><span style=\"vertical-align: inherit;\"><span style=\"vertical-align: inherit;\"> _ Janeiro 2020 <\/span><\/span><strong><span style=\"color: #0000ff;\"><span style=\"vertical-align: inherit;\"><span style=\"vertical-align: inherit;\">(Novo)<\/span><\/span><\/span><\/strong><\/p>\n<p>&nbsp;<\/p>\n<p>&nbsp;<\/p>\n<p>&nbsp;<\/p>\n<p>&nbsp;<\/p>\n<hr \/>\n<p><span style=\"vertical-align: inherit;\"><span style=\"vertical-align: inherit;\">Vers\u00e3o 1<\/span><\/span><\/p>\n<p><span style=\"vertical-align: inherit;\"><span style=\"vertical-align: inherit;\">O Agrupamento da Escola de Santa Iria de Azoia, pessoa coletiva 600079007, salvo designado por AESIA, nenhum plano de gerenciamento de servi\u00e7os de educa\u00e7\u00e3o, necessidade de coleta e tratamento de dados pessoais de alunos e pais e pr\u00e1ticas de ensino nos termos do presente regulamento de pol\u00edtica Privacidade e Prote\u00e7\u00e3o de Dados.<\/span><\/span><\/p>\n<ol>\n<li><span style=\"vertical-align: inherit;\"><span style=\"vertical-align: inherit;\">Respons\u00e1vel pelo tratamento de dados <\/span><\/span><strong><br \/>\n<\/strong><span style=\"vertical-align: inherit;\"><span style=\"vertical-align: inherit;\">O respons\u00e1vel pelo tratamento de dados \u00e9 o diretor de Agrupamento de Escolas de Santa Iria de Azoia.<\/span><\/span><\/li>\n<li><span style=\"vertical-align: inherit;\"><span style=\"vertical-align: inherit;\">Carregado pela Prote\u00e7\u00e3o de Dados <\/span><\/span><strong><br \/>\n<\/strong><span style=\"vertical-align: inherit;\"><span style=\"vertical-align: inherit;\">Nos termos da al\u00ednea a) do n.\u00ba 1 do artigo 37.\u00ba do Regulamento Geral sobre a Prote\u00e7\u00e3o de Dados Pessoais, foi designado como Carregado pela Prote\u00e7\u00e3o de Dados. <\/span><span style=\"vertical-align: inherit;\">O mesmo poder\u00e1 ser contactado, via e-mail, para <\/span><\/span><a href=\"mailto:protedados@aesia.pt\"><span style=\"vertical-align: inherit;\"><span style=\"vertical-align: inherit;\">protedados@aesia.pt<\/span><\/span><\/a><span style=\"vertical-align: inherit;\"><span style=\"vertical-align: inherit;\"> .<\/span><\/span><\/li>\n<li><span style=\"vertical-align: inherit;\"><span style=\"vertical-align: inherit;\">Recolha e tratamento de dados<\/span><\/span><\/li>\n<li><span style=\"vertical-align: inherit;\"><span style=\"vertical-align: inherit;\">O AESIA \u00e9 uma entidade respons\u00e1vel pelo tratamento e tratamento de dados pessoais<\/span><\/span><\/li>\n<li>O AESIA recolhe e trata os dados pessoais do titular dos dados facultados no momento da matricula\/renova\u00e7\u00e3o de matr\u00edcula, nome completo, morada, data de nascimento, n\u00ba do cart\u00e3o do cidad\u00e3o, email, n\u00famero de telem\u00f3vel, bem como outros dados solicitados por orienta\u00e7\u00e3o do Minist\u00e9rio da Educa\u00e7\u00e3o ou C\u00e2mara Municipal de Loures (no \u00e2mbito da A\u00e7\u00e3o Social Escolar, transportes, ou outra na esfera da suas atribui\u00e7\u00f5es e compet\u00eancias)<\/li>\n<li>O AESIA tratar\u00e1 igualmente os dados pessoais disponibilizados no processo de matricula ou no de monitoriza\u00e7\u00e3o das atividades letivas.<\/li>\n<li>Em conformidade com a lei ter\u00e3o acesso aos dados pessoais apenas os intervenientes no processo educativo.<\/li>\n<li>Finalidade do tratamento de dados<strong><br \/>\n<\/strong>Os dados pessoais recolhidos no \u00e2mbito do disposto no n\u00famero anterior ser\u00e3o tratados tendo finalidades:<\/li>\n<\/ol>\n<ul>\n<li>tratamento de dados relativos ao sucesso, qualidade do sucesso, absentismo, comportamento, entre outros aspetos considerados importantes para o processo educativo e para os demais indicadores importantes para a gest\u00e3o da organiza\u00e7\u00e3o escolar.<\/li>\n<\/ul>\n<ol start=\"5\">\n<li>Destinat\u00e1rio(s) dos dados pessoais<\/li>\n<\/ol>\n<p>O AESIA comunicar\u00e1 exclusivamente os dados pessoais aos servi\u00e7os do minist\u00e9rio da Educa\u00e7\u00e3o atrav\u00e9s das plataformas eletr\u00f3nicas dispon\u00edveis para o efeito ou \u00e0s entidades, como as for\u00e7as de seguran\u00e7a ou organismos judiciais, a que est\u00e1 obrigado por for\u00e7a da lei.<\/p>\n<ol start=\"6\">\n<li>Prazo de conserva\u00e7\u00e3o dos dados pessoais<strong><br \/>\n<\/strong>Sem preju\u00edzo de disposi\u00e7\u00f5es legais ou regulamentares em contr\u00e1rio, os dados ser\u00e3o conservados apenas pelo per\u00edodo m\u00ednimo necess\u00e1rio para as finalidades que motivaram a sua recolha ou o seu posterior tratamento.<\/li>\n<li>Direitos dos titulares dos dados pessoais<strong><br \/>\n<\/strong>a. Os titulares dos dados s\u00e3o informados que t\u00eam o direito de solicitar ao AESIA o acesso aos dados pessoais que lhe digam respeito no \u00e2mbito da Lei de Acesso a Documentos Administrativos<\/li>\n<li>O titular dos dados tem ainda o direito de apresentar reclama\u00e7\u00e3o a uma autoridade de controlo, ou o direito \u00e0 a\u00e7\u00e3o judicial contra a autoridade de controlo ou o respons\u00e1vel pelo tratamento ou subcontratante, nos termos previstos no artigo 77.\u00ba, 78 e 79.\u00ba do Regulamento Geral sobre a Prote\u00e7\u00e3o de Dados.<\/li>\n<li>Medidas de seguran\u00e7a<strong><br \/>\n<\/strong>a. O AESIA assume o compromisso de garantir a prote\u00e7\u00e3o da seguran\u00e7a dos dados pessoais que lhe s\u00e3o disponibilizados, tendo em pr\u00e1tica medidas t\u00e9cnicas e organizativas adequadas para proteger os dados pessoais contra a destrui\u00e7\u00e3o, a perda, a altera\u00e7\u00e3o, a difus\u00e3o, o acesso n\u00e3o-autorizado ou qualquer outra forma de tratamento acidental ou il\u00edcito, nos termos da legisla\u00e7\u00e3o atualmente em vigor em mat\u00e9ria de prote\u00e7\u00e3o de dados.<\/li>\n<li>A transmiss\u00e3o de dados \u00e9 efetuada utilizando liga\u00e7\u00f5es seguras com recurso a chaves privadas e un\u00edvocas.<\/li>\n<li>Sem preju\u00edzo das medidas de seguran\u00e7a adotadas, o AESIA recomenda que o titular dos dados dever\u00e1 assumir todas as precau\u00e7\u00f5es para proteger os seus dados pessoais enquanto utilizador da Internet, nomeadamente, alterar a sua password de acesso de forma regular<\/li>\n<li><span style=\"vertical-align: inherit;\"><span style=\"vertical-align: inherit;\">Altera\u00e7\u00f5es na pol\u00edtica de privacidade <\/span><\/span><strong><br \/>\n<\/strong><span style=\"vertical-align: inherit;\"><span style=\"vertical-align: inherit;\">O AESIA pode alterar o presente Pol\u00edtica de Privacidade e Prote\u00e7\u00e3o de Dados em qualquer momento. <\/span><span style=\"vertical-align: inherit;\">Estas altera\u00e7\u00f5es ser\u00e3o devidamente publicadas no site <\/span><\/span><a href=\"https:\/\/aesia.pt\/portal\/\"><span style=\"vertical-align: inherit;\"><span style=\"vertical-align: inherit;\">https:\/\/aesia.pt\/portal\/<\/span><\/span><\/a><\/li>\n<li><span style=\"vertical-align: inherit;\"><span style=\"vertical-align: inherit;\">Validade <\/span><\/span><strong><br \/>\n<\/strong><span style=\"vertical-align: inherit;\"><span style=\"vertical-align: inherit;\">Se alguma parte ou disposi\u00e7\u00e3o dos presentes Termos de Utiliza\u00e7\u00e3o para considerada inv\u00e1lida, ilegal ou inexequ\u00edvel, uma validade, legalidade e exequibilidade das restantes permanentes n\u00e3o ser\u00e3o afetados ou prejudicados.<\/span><\/span><\/li>\n<li><span style=\"vertical-align: inherit;\"><span style=\"vertical-align: inherit;\">Lei aplic\u00e1vel <\/span><\/span><strong><br \/>\n<\/strong><span style=\"vertical-align: inherit;\"><span style=\"vertical-align: inherit;\">Para esclarecimento de d\u00favidas, o titular dos dados ainda pode entrar em contato ou Carregar prote\u00e7\u00e3o de dados para o e-mail <\/span><\/span><a href=\"mailto:protedados@aesia.pt\"><span style=\"vertical-align: inherit;\"><span style=\"vertical-align: inherit;\">protedados@aesia.pt<\/span><\/span><\/a><span style=\"vertical-align: inherit;\"><span style=\"vertical-align: inherit;\"> .<\/span><\/span><\/li>\n<\/ol>\n<p>&nbsp;<\/p>\n<ul>\n<li><strong><span style=\"vertical-align: inherit;\"><span style=\"vertical-align: inherit;\">Declara\u00e7\u00e3o de consentimento pr\u00e9vio <\/span><\/span><\/strong><\/li>\n<\/ul>\n","protected":false},"excerpt":{"rendered":"<p>&nbsp; POL\u00cdTICA DE PRIVACIDADE E PROTE\u00c7\u00c3O DE DADOS _ Janeiro 2020 (Novo) &nbsp; &nbsp; &nbsp; &nbsp; Vers\u00e3o 1 O Agrupamento&hellip; <a class=\"continue\" href=\"https:\/\/aesia.pt\/portal\/protecao-de-dados\/\">Ler mais<span> POL\u00cdTICA DE PRIVACIDADE E PROTE\u00c7\u00c3O DE DADOS<\/span><\/a><\/p>\n","protected":false},"author":8,"featured_media":0,"parent":0,"menu_order":0,"comment_status":"closed","ping_status":"closed","template":"p_base.php","meta":{"_acf_changed":false,"footnotes":""},"class_list":["post-3479","page","type-page","status-publish","hentry"],"acf":[],"yoast_head":"<!-- This site is optimized with the Yoast SEO plugin v27.3 - https:\/\/yoast.com\/product\/yoast-seo-wordpress\/ -->\n<title>POL\u00cdTICA DE PRIVACIDADE E PROTE\u00c7\u00c3O DE DADOS &#8211; AESIA<\/title>\n<meta name=\"robots\" content=\"index, follow, max-snippet:-1, max-image-preview:large, max-video-preview:-1\" \/>\n<link rel=\"canonical\" href=\"https:\/\/aesia.pt\/portal\/protecao-de-dados\/\" \/>\n<meta property=\"og:locale\" content=\"pt_PT\" \/>\n<meta property=\"og:type\" content=\"article\" \/>\n<meta property=\"og:title\" content=\"POL\u00cdTICA DE PRIVACIDADE E PROTE\u00c7\u00c3O DE DADOS &#8211; AESIA\" \/>\n<meta property=\"og:description\" content=\"&nbsp; POL\u00cdTICA DE PRIVACIDADE E PROTE\u00c7\u00c3O DE DADOS _ Janeiro 2020 (Novo) &nbsp; &nbsp; &nbsp; &nbsp; Vers\u00e3o 1 O Agrupamento&hellip; Ler mais POL\u00cdTICA DE PRIVACIDADE E PROTE\u00c7\u00c3O DE DADOS\" \/>\n<meta property=\"og:url\" content=\"https:\/\/aesia.pt\/portal\/protecao-de-dados\/\" \/>\n<meta property=\"og:site_name\" content=\"AESIA\" \/>\n<meta property=\"article:publisher\" content=\"https:\/\/www.facebook.com\/aesia.pt\/\" \/>\n<meta property=\"article:modified_time\" content=\"2020-04-21T13:12:13+00:00\" \/>\n<meta name=\"twitter:card\" content=\"summary_large_image\" \/>\n<meta name=\"twitter:label1\" content=\"Tempo estimado de leitura\" \/>\n\t<meta name=\"twitter:data1\" content=\"4 minutos\" \/>\n<script type=\"application\/ld+json\" class=\"yoast-schema-graph\">{\"@context\":\"https:\\\/\\\/schema.org\",\"@graph\":[{\"@type\":\"WebPage\",\"@id\":\"https:\\\/\\\/aesia.pt\\\/portal\\\/protecao-de-dados\\\/\",\"url\":\"https:\\\/\\\/aesia.pt\\\/portal\\\/protecao-de-dados\\\/\",\"name\":\"POL\u00cdTICA DE PRIVACIDADE E PROTE\u00c7\u00c3O DE DADOS &#8211; AESIA\",\"isPartOf\":{\"@id\":\"https:\\\/\\\/aesia.pt\\\/portal\\\/#website\"},\"datePublished\":\"2019-03-12T00:46:44+00:00\",\"dateModified\":\"2020-04-21T13:12:13+00:00\",\"breadcrumb\":{\"@id\":\"https:\\\/\\\/aesia.pt\\\/portal\\\/protecao-de-dados\\\/#breadcrumb\"},\"inLanguage\":\"pt-PT\",\"potentialAction\":[{\"@type\":\"ReadAction\",\"target\":[\"https:\\\/\\\/aesia.pt\\\/portal\\\/protecao-de-dados\\\/\"]}]},{\"@type\":\"BreadcrumbList\",\"@id\":\"https:\\\/\\\/aesia.pt\\\/portal\\\/protecao-de-dados\\\/#breadcrumb\",\"itemListElement\":[{\"@type\":\"ListItem\",\"position\":1,\"name\":\"Home\",\"item\":\"https:\\\/\\\/aesia.pt\\\/portal\\\/\"},{\"@type\":\"ListItem\",\"position\":2,\"name\":\"POL\u00cdTICA DE PRIVACIDADE E PROTE\u00c7\u00c3O DE DADOS\"}]},{\"@type\":\"WebSite\",\"@id\":\"https:\\\/\\\/aesia.pt\\\/portal\\\/#website\",\"url\":\"https:\\\/\\\/aesia.pt\\\/portal\\\/\",\"name\":\"AESIA\",\"description\":\"Agrupamento de Escolas de Santa Iria de Az\u00f3ia\",\"publisher\":{\"@id\":\"https:\\\/\\\/aesia.pt\\\/portal\\\/#organization\"},\"alternateName\":\"Agrupamento de Escolas de Santa Iria de Az\u00f3ia\",\"potentialAction\":[{\"@type\":\"SearchAction\",\"target\":{\"@type\":\"EntryPoint\",\"urlTemplate\":\"https:\\\/\\\/aesia.pt\\\/portal\\\/?s={search_term_string}\"},\"query-input\":{\"@type\":\"PropertyValueSpecification\",\"valueRequired\":true,\"valueName\":\"search_term_string\"}}],\"inLanguage\":\"pt-PT\"},{\"@type\":\"Organization\",\"@id\":\"https:\\\/\\\/aesia.pt\\\/portal\\\/#organization\",\"name\":\"Agrupamento de Escolas de Santa Iria de Az\u00f3ia\",\"alternateName\":\"AESIA\",\"url\":\"https:\\\/\\\/aesia.pt\\\/portal\\\/\",\"logo\":{\"@type\":\"ImageObject\",\"inLanguage\":\"pt-PT\",\"@id\":\"https:\\\/\\\/aesia.pt\\\/portal\\\/#\\\/schema\\\/logo\\\/image\\\/\",\"url\":\"https:\\\/\\\/aesia.pt\\\/portal\\\/wp-content\\\/uploads\\\/2023\\\/04\\\/logo4.png\",\"contentUrl\":\"https:\\\/\\\/aesia.pt\\\/portal\\\/wp-content\\\/uploads\\\/2023\\\/04\\\/logo4.png\",\"width\":162,\"height\":162,\"caption\":\"Agrupamento de Escolas de Santa Iria de Az\u00f3ia\"},\"image\":{\"@id\":\"https:\\\/\\\/aesia.pt\\\/portal\\\/#\\\/schema\\\/logo\\\/image\\\/\"},\"sameAs\":[\"https:\\\/\\\/www.facebook.com\\\/aesia.pt\\\/\"]}]}<\/script>\n<!-- \/ Yoast SEO plugin. -->","yoast_head_json":{"title":"POL\u00cdTICA DE PRIVACIDADE E PROTE\u00c7\u00c3O DE DADOS &#8211; AESIA","robots":{"index":"index","follow":"follow","max-snippet":"max-snippet:-1","max-image-preview":"max-image-preview:large","max-video-preview":"max-video-preview:-1"},"canonical":"https:\/\/aesia.pt\/portal\/protecao-de-dados\/","og_locale":"pt_PT","og_type":"article","og_title":"POL\u00cdTICA DE PRIVACIDADE E PROTE\u00c7\u00c3O DE DADOS &#8211; AESIA","og_description":"&nbsp; POL\u00cdTICA DE PRIVACIDADE E PROTE\u00c7\u00c3O DE DADOS _ Janeiro 2020 (Novo) &nbsp; &nbsp; &nbsp; &nbsp; Vers\u00e3o 1 O Agrupamento&hellip; Ler mais POL\u00cdTICA DE PRIVACIDADE E PROTE\u00c7\u00c3O DE DADOS","og_url":"https:\/\/aesia.pt\/portal\/protecao-de-dados\/","og_site_name":"AESIA","article_publisher":"https:\/\/www.facebook.com\/aesia.pt\/","article_modified_time":"2020-04-21T13:12:13+00:00","twitter_card":"summary_large_image","twitter_misc":{"Tempo estimado de leitura":"4 minutos"},"schema":{"@context":"https:\/\/schema.org","@graph":[{"@type":"WebPage","@id":"https:\/\/aesia.pt\/portal\/protecao-de-dados\/","url":"https:\/\/aesia.pt\/portal\/protecao-de-dados\/","name":"POL\u00cdTICA DE PRIVACIDADE E PROTE\u00c7\u00c3O DE DADOS &#8211; AESIA","isPartOf":{"@id":"https:\/\/aesia.pt\/portal\/#website"},"datePublished":"2019-03-12T00:46:44+00:00","dateModified":"2020-04-21T13:12:13+00:00","breadcrumb":{"@id":"https:\/\/aesia.pt\/portal\/protecao-de-dados\/#breadcrumb"},"inLanguage":"pt-PT","potentialAction":[{"@type":"ReadAction","target":["https:\/\/aesia.pt\/portal\/protecao-de-dados\/"]}]},{"@type":"BreadcrumbList","@id":"https:\/\/aesia.pt\/portal\/protecao-de-dados\/#breadcrumb","itemListElement":[{"@type":"ListItem","position":1,"name":"Home","item":"https:\/\/aesia.pt\/portal\/"},{"@type":"ListItem","position":2,"name":"POL\u00cdTICA DE PRIVACIDADE E PROTE\u00c7\u00c3O DE DADOS"}]},{"@type":"WebSite","@id":"https:\/\/aesia.pt\/portal\/#website","url":"https:\/\/aesia.pt\/portal\/","name":"AESIA","description":"Agrupamento de Escolas de Santa Iria de Az\u00f3ia","publisher":{"@id":"https:\/\/aesia.pt\/portal\/#organization"},"alternateName":"Agrupamento de Escolas de Santa Iria de Az\u00f3ia","potentialAction":[{"@type":"SearchAction","target":{"@type":"EntryPoint","urlTemplate":"https:\/\/aesia.pt\/portal\/?s={search_term_string}"},"query-input":{"@type":"PropertyValueSpecification","valueRequired":true,"valueName":"search_term_string"}}],"inLanguage":"pt-PT"},{"@type":"Organization","@id":"https:\/\/aesia.pt\/portal\/#organization","name":"Agrupamento de Escolas de Santa Iria de Az\u00f3ia","alternateName":"AESIA","url":"https:\/\/aesia.pt\/portal\/","logo":{"@type":"ImageObject","inLanguage":"pt-PT","@id":"https:\/\/aesia.pt\/portal\/#\/schema\/logo\/image\/","url":"https:\/\/aesia.pt\/portal\/wp-content\/uploads\/2023\/04\/logo4.png","contentUrl":"https:\/\/aesia.pt\/portal\/wp-content\/uploads\/2023\/04\/logo4.png","width":162,"height":162,"caption":"Agrupamento de Escolas de Santa Iria de Az\u00f3ia"},"image":{"@id":"https:\/\/aesia.pt\/portal\/#\/schema\/logo\/image\/"},"sameAs":["https:\/\/www.facebook.com\/aesia.pt\/"]}]}},"_links":{"self":[{"href":"https:\/\/aesia.pt\/portal\/wp-json\/wp\/v2\/pages\/3479","targetHints":{"allow":["GET"]}}],"collection":[{"href":"https:\/\/aesia.pt\/portal\/wp-json\/wp\/v2\/pages"}],"about":[{"href":"https:\/\/aesia.pt\/portal\/wp-json\/wp\/v2\/types\/page"}],"author":[{"embeddable":true,"href":"https:\/\/aesia.pt\/portal\/wp-json\/wp\/v2\/users\/8"}],"replies":[{"embeddable":true,"href":"https:\/\/aesia.pt\/portal\/wp-json\/wp\/v2\/comments?post=3479"}],"version-history":[{"count":7,"href":"https:\/\/aesia.pt\/portal\/wp-json\/wp\/v2\/pages\/3479\/revisions"}],"predecessor-version":[{"id":4650,"href":"https:\/\/aesia.pt\/portal\/wp-json\/wp\/v2\/pages\/3479\/revisions\/4650"}],"wp:attachment":[{"href":"https:\/\/aesia.pt\/portal\/wp-json\/wp\/v2\/media?parent=3479"}],"curies":[{"name":"wp","href":"https:\/\/api.w.org\/{rel}","templated":true}]}}