{"id":343,"date":"2014-07-25T12:44:47","date_gmt":"2014-07-25T12:44:47","guid":{"rendered":"http:\/\/localhost:82\/aesia\/?page_id=343"},"modified":"2024-12-16T15:44:25","modified_gmt":"2024-12-16T15:44:25","slug":"horarios","status":"publish","type":"page","link":"https:\/\/aesia.pt\/portal\/e-b-1ji-portela-azoia-no5\/horarios\/","title":{"rendered":"Hor\u00e1rios"},"content":{"rendered":"<div class=\"horario-table\">\n<table style=\"height: auto;\" width=\"100%\">\n<tbody>\n<tr>\n<td style=\"text-align: center;\"><\/td>\n<td style=\"text-align: center;\"><strong>Hor\u00e1rio de Abertura<\/strong><\/td>\n<td style=\"text-align: center;\"><strong>Hor\u00e1rio Letivo<\/strong><\/td>\n<td style=\"text-align: center;\"><strong>AEC`S<\/strong><\/td>\n<td style=\"text-align: center;\"><strong>ATL<\/strong><\/td>\n<\/tr>\n<tr>\n<td style=\"text-align: center;\"><strong>1\u00ba Ciclo<\/strong><\/td>\n<td style=\"text-align: center;\">7h30\/9h<\/p>\n<p>Associa\u00e7\u00e3o Pais<\/td>\n<td style=\"text-align: center;\">9h\/12h30<\/p>\n<p>14h\/15h30<\/td>\n<td style=\"text-align: center;\">16h15\/17h15<\/p>\n<p>-Atividade F\u00edsica Desportiva<\/p>\n<p>-Ensino M\u00fasica<\/p>\n<p>-Ensino Ingl\u00eas<\/p>\n<p>-Express\u00f5es<\/td>\n<td style=\"text-align: center;\">17h15\/19h<\/p>\n<p>-Apoio Escolar<\/p>\n<p>-Express\u00e3o Pl\u00e1stica<\/td>\n<\/tr>\n<tr>\n<td style=\"text-align: center;\"><\/td>\n<td style=\"text-align: center;\"><strong>Hor\u00e1rio de Abertura<\/strong><\/td>\n<td style=\"text-align: center;\"><strong>Hor\u00e1rio Letivo<\/strong><\/td>\n<td style=\"text-align: center;\"><strong>Prolongamento Hor\u00e1rio<\/strong><\/td>\n<td style=\"text-align: center;\"><strong>ATL<\/strong><\/td>\n<\/tr>\n<tr>\n<td style=\"text-align: center;\"><strong>Educa\u00e7\u00e3o Pr\u00e9- Escolar<\/strong><\/td>\n<td style=\"text-align: center;\">7h30\/8h30<\/p>\n<p>Associa\u00e7\u00e3o Pais<\/p>\n<p>8h30\/9h<\/td>\n<td style=\"text-align: center;\">9h\/12h<\/p>\n<p>13h30\/15h30<\/td>\n<td style=\"text-align: center;\">15h30\/18h30<\/td>\n<td style=\"text-align: center;\">18h30\/19h30<\/td>\n<\/tr>\n<\/tbody>\n<\/table>\n<\/div>\n","protected":false},"excerpt":{"rendered":"<p>Hor\u00e1rio de Abertura Hor\u00e1rio Letivo AEC`S ATL 1\u00ba Ciclo 7h30\/9h Associa\u00e7\u00e3o Pais 9h\/12h30 14h\/15h30 16h15\/17h15 -Atividade F\u00edsica Desportiva -Ensino M\u00fasica&hellip; <a class=\"continue\" href=\"https:\/\/aesia.pt\/portal\/e-b-1ji-portela-azoia-no5\/horarios\/\">Ler mais<span> Hor\u00e1rios<\/span><\/a><\/p>\n","protected":false},"author":8,"featured_media":0,"parent":57,"menu_order":0,"comment_status":"open","ping_status":"closed","template":"p_base_portelaazoia.php","meta":{"_acf_changed":false,"footnotes":""},"class_list":["post-343","page","type-page","status-publish","hentry"],"acf":[],"yoast_head":"<!-- This site is optimized with the Yoast SEO plugin v27.3 - https:\/\/yoast.com\/product\/yoast-seo-wordpress\/ -->\n<title>Hor\u00e1rios &#8211; AESIA<\/title>\n<meta name=\"robots\" content=\"index, follow, max-snippet:-1, max-image-preview:large, max-video-preview:-1\" \/>\n<link rel=\"canonical\" href=\"https:\/\/aesia.pt\/portal\/e-b-1ji-portela-azoia-no5\/horarios\/\" \/>\n<meta property=\"og:locale\" content=\"pt_PT\" \/>\n<meta property=\"og:type\" content=\"article\" \/>\n<meta property=\"og:title\" content=\"Hor\u00e1rios &#8211; AESIA\" \/>\n<meta property=\"og:description\" content=\"Hor\u00e1rio de Abertura Hor\u00e1rio Letivo AEC`S ATL 1\u00ba Ciclo 7h30\/9h Associa\u00e7\u00e3o Pais 9h\/12h30 14h\/15h30 16h15\/17h15 -Atividade F\u00edsica Desportiva -Ensino M\u00fasica&hellip; Ler mais Hor\u00e1rios\" \/>\n<meta property=\"og:url\" content=\"https:\/\/aesia.pt\/portal\/e-b-1ji-portela-azoia-no5\/horarios\/\" \/>\n<meta property=\"og:site_name\" content=\"AESIA\" \/>\n<meta property=\"article:publisher\" content=\"https:\/\/www.facebook.com\/aesia.pt\/\" \/>\n<meta property=\"article:modified_time\" content=\"2024-12-16T15:44:25+00:00\" \/>\n<meta name=\"twitter:card\" content=\"summary_large_image\" \/>\n<script type=\"application\/ld+json\" class=\"yoast-schema-graph\">{\"@context\":\"https:\\\/\\\/schema.org\",\"@graph\":[{\"@type\":\"WebPage\",\"@id\":\"https:\\\/\\\/aesia.pt\\\/portal\\\/e-b-1ji-portela-azoia-no5\\\/horarios\\\/\",\"url\":\"https:\\\/\\\/aesia.pt\\\/portal\\\/e-b-1ji-portela-azoia-no5\\\/horarios\\\/\",\"name\":\"Hor\u00e1rios &#8211; AESIA\",\"isPartOf\":{\"@id\":\"https:\\\/\\\/aesia.pt\\\/portal\\\/#website\"},\"datePublished\":\"2014-07-25T12:44:47+00:00\",\"dateModified\":\"2024-12-16T15:44:25+00:00\",\"breadcrumb\":{\"@id\":\"https:\\\/\\\/aesia.pt\\\/portal\\\/e-b-1ji-portela-azoia-no5\\\/horarios\\\/#breadcrumb\"},\"inLanguage\":\"pt-PT\",\"potentialAction\":[{\"@type\":\"ReadAction\",\"target\":[\"https:\\\/\\\/aesia.pt\\\/portal\\\/e-b-1ji-portela-azoia-no5\\\/horarios\\\/\"]}]},{\"@type\":\"BreadcrumbList\",\"@id\":\"https:\\\/\\\/aesia.pt\\\/portal\\\/e-b-1ji-portela-azoia-no5\\\/horarios\\\/#breadcrumb\",\"itemListElement\":[{\"@type\":\"ListItem\",\"position\":1,\"name\":\"Home\",\"item\":\"https:\\\/\\\/aesia.pt\\\/portal\\\/\"},{\"@type\":\"ListItem\",\"position\":2,\"name\":\"E.B. Fernando Pessoa\",\"item\":\"https:\\\/\\\/aesia.pt\\\/portal\\\/e-b-1ji-portela-azoia-no5\\\/\"},{\"@type\":\"ListItem\",\"position\":3,\"name\":\"Hor\u00e1rios\"}]},{\"@type\":\"WebSite\",\"@id\":\"https:\\\/\\\/aesia.pt\\\/portal\\\/#website\",\"url\":\"https:\\\/\\\/aesia.pt\\\/portal\\\/\",\"name\":\"AESIA\",\"description\":\"Agrupamento de Escolas de Santa Iria de Az\u00f3ia\",\"publisher\":{\"@id\":\"https:\\\/\\\/aesia.pt\\\/portal\\\/#organization\"},\"alternateName\":\"Agrupamento de Escolas de Santa Iria de Az\u00f3ia\",\"potentialAction\":[{\"@type\":\"SearchAction\",\"target\":{\"@type\":\"EntryPoint\",\"urlTemplate\":\"https:\\\/\\\/aesia.pt\\\/portal\\\/?s={search_term_string}\"},\"query-input\":{\"@type\":\"PropertyValueSpecification\",\"valueRequired\":true,\"valueName\":\"search_term_string\"}}],\"inLanguage\":\"pt-PT\"},{\"@type\":\"Organization\",\"@id\":\"https:\\\/\\\/aesia.pt\\\/portal\\\/#organization\",\"name\":\"Agrupamento de Escolas de Santa Iria de Az\u00f3ia\",\"alternateName\":\"AESIA\",\"url\":\"https:\\\/\\\/aesia.pt\\\/portal\\\/\",\"logo\":{\"@type\":\"ImageObject\",\"inLanguage\":\"pt-PT\",\"@id\":\"https:\\\/\\\/aesia.pt\\\/portal\\\/#\\\/schema\\\/logo\\\/image\\\/\",\"url\":\"https:\\\/\\\/aesia.pt\\\/portal\\\/wp-content\\\/uploads\\\/2023\\\/04\\\/logo4.png\",\"contentUrl\":\"https:\\\/\\\/aesia.pt\\\/portal\\\/wp-content\\\/uploads\\\/2023\\\/04\\\/logo4.png\",\"width\":162,\"height\":162,\"caption\":\"Agrupamento de Escolas de Santa Iria de Az\u00f3ia\"},\"image\":{\"@id\":\"https:\\\/\\\/aesia.pt\\\/portal\\\/#\\\/schema\\\/logo\\\/image\\\/\"},\"sameAs\":[\"https:\\\/\\\/www.facebook.com\\\/aesia.pt\\\/\"]}]}<\/script>\n<!-- \/ Yoast SEO plugin. -->","yoast_head_json":{"title":"Hor\u00e1rios &#8211; AESIA","robots":{"index":"index","follow":"follow","max-snippet":"max-snippet:-1","max-image-preview":"max-image-preview:large","max-video-preview":"max-video-preview:-1"},"canonical":"https:\/\/aesia.pt\/portal\/e-b-1ji-portela-azoia-no5\/horarios\/","og_locale":"pt_PT","og_type":"article","og_title":"Hor\u00e1rios &#8211; AESIA","og_description":"Hor\u00e1rio de Abertura Hor\u00e1rio Letivo AEC`S ATL 1\u00ba Ciclo 7h30\/9h Associa\u00e7\u00e3o Pais 9h\/12h30 14h\/15h30 16h15\/17h15 -Atividade F\u00edsica Desportiva -Ensino M\u00fasica&hellip; Ler mais Hor\u00e1rios","og_url":"https:\/\/aesia.pt\/portal\/e-b-1ji-portela-azoia-no5\/horarios\/","og_site_name":"AESIA","article_publisher":"https:\/\/www.facebook.com\/aesia.pt\/","article_modified_time":"2024-12-16T15:44:25+00:00","twitter_card":"summary_large_image","schema":{"@context":"https:\/\/schema.org","@graph":[{"@type":"WebPage","@id":"https:\/\/aesia.pt\/portal\/e-b-1ji-portela-azoia-no5\/horarios\/","url":"https:\/\/aesia.pt\/portal\/e-b-1ji-portela-azoia-no5\/horarios\/","name":"Hor\u00e1rios &#8211; AESIA","isPartOf":{"@id":"https:\/\/aesia.pt\/portal\/#website"},"datePublished":"2014-07-25T12:44:47+00:00","dateModified":"2024-12-16T15:44:25+00:00","breadcrumb":{"@id":"https:\/\/aesia.pt\/portal\/e-b-1ji-portela-azoia-no5\/horarios\/#breadcrumb"},"inLanguage":"pt-PT","potentialAction":[{"@type":"ReadAction","target":["https:\/\/aesia.pt\/portal\/e-b-1ji-portela-azoia-no5\/horarios\/"]}]},{"@type":"BreadcrumbList","@id":"https:\/\/aesia.pt\/portal\/e-b-1ji-portela-azoia-no5\/horarios\/#breadcrumb","itemListElement":[{"@type":"ListItem","position":1,"name":"Home","item":"https:\/\/aesia.pt\/portal\/"},{"@type":"ListItem","position":2,"name":"E.B. Fernando Pessoa","item":"https:\/\/aesia.pt\/portal\/e-b-1ji-portela-azoia-no5\/"},{"@type":"ListItem","position":3,"name":"Hor\u00e1rios"}]},{"@type":"WebSite","@id":"https:\/\/aesia.pt\/portal\/#website","url":"https:\/\/aesia.pt\/portal\/","name":"AESIA","description":"Agrupamento de Escolas de Santa Iria de Az\u00f3ia","publisher":{"@id":"https:\/\/aesia.pt\/portal\/#organization"},"alternateName":"Agrupamento de Escolas de Santa Iria de Az\u00f3ia","potentialAction":[{"@type":"SearchAction","target":{"@type":"EntryPoint","urlTemplate":"https:\/\/aesia.pt\/portal\/?s={search_term_string}"},"query-input":{"@type":"PropertyValueSpecification","valueRequired":true,"valueName":"search_term_string"}}],"inLanguage":"pt-PT"},{"@type":"Organization","@id":"https:\/\/aesia.pt\/portal\/#organization","name":"Agrupamento de Escolas de Santa Iria de Az\u00f3ia","alternateName":"AESIA","url":"https:\/\/aesia.pt\/portal\/","logo":{"@type":"ImageObject","inLanguage":"pt-PT","@id":"https:\/\/aesia.pt\/portal\/#\/schema\/logo\/image\/","url":"https:\/\/aesia.pt\/portal\/wp-content\/uploads\/2023\/04\/logo4.png","contentUrl":"https:\/\/aesia.pt\/portal\/wp-content\/uploads\/2023\/04\/logo4.png","width":162,"height":162,"caption":"Agrupamento de Escolas de Santa Iria de Az\u00f3ia"},"image":{"@id":"https:\/\/aesia.pt\/portal\/#\/schema\/logo\/image\/"},"sameAs":["https:\/\/www.facebook.com\/aesia.pt\/"]}]}},"_links":{"self":[{"href":"https:\/\/aesia.pt\/portal\/wp-json\/wp\/v2\/pages\/343","targetHints":{"allow":["GET"]}}],"collection":[{"href":"https:\/\/aesia.pt\/portal\/wp-json\/wp\/v2\/pages"}],"about":[{"href":"https:\/\/aesia.pt\/portal\/wp-json\/wp\/v2\/types\/page"}],"author":[{"embeddable":true,"href":"https:\/\/aesia.pt\/portal\/wp-json\/wp\/v2\/users\/8"}],"replies":[{"embeddable":true,"href":"https:\/\/aesia.pt\/portal\/wp-json\/wp\/v2\/comments?post=343"}],"version-history":[{"count":10,"href":"https:\/\/aesia.pt\/portal\/wp-json\/wp\/v2\/pages\/343\/revisions"}],"predecessor-version":[{"id":13697,"href":"https:\/\/aesia.pt\/portal\/wp-json\/wp\/v2\/pages\/343\/revisions\/13697"}],"up":[{"embeddable":true,"href":"https:\/\/aesia.pt\/portal\/wp-json\/wp\/v2\/pages\/57"}],"wp:attachment":[{"href":"https:\/\/aesia.pt\/portal\/wp-json\/wp\/v2\/media?parent=343"}],"curies":[{"name":"wp","href":"https:\/\/api.w.org\/{rel}","templated":true}]}}