{"id":331,"date":"2014-07-25T12:08:04","date_gmt":"2014-07-25T12:08:04","guid":{"rendered":"http:\/\/localhost:82\/aesia\/?page_id=331"},"modified":"2014-10-13T16:40:22","modified_gmt":"2014-10-13T16:40:22","slug":"caracterizacao","status":"publish","type":"page","link":"https:\/\/aesia.pt\/portal\/e-b-1ji-portela-azoia-no5\/caracterizacao\/","title":{"rendered":"Caracteriza\u00e7\u00e3o"},"content":{"rendered":"<p>E.B. 1 \/ J.I. No. 5 de Santa Iria de Az\u00f3ia (Escola Fernando Pessoa) A E.B. 1 \/ J.I. No. 5 de Santa Iria de Az\u00f3ia (Escola Fernando Pessoa) fica situada na Rua Catarina Euf\u00e9mia, no Bairro da Portela de Az\u00f3ia, freguesia de Santa Iria de Az\u00f3ia, concelho de Loures, distrito de Lisboa.<\/p>\n<p>\u00c9 um estabelecimento p\u00fablico com Jardim-de-inf\u00e2ncia e 1o. Ciclo do Ensino B\u00e1sico.<\/p>\n<p>Trata-se de um equipamento educativo do tipo Plano Centen\u00e1rio, em edif\u00edcio \u00fanico, com dois pisos. No seu interior tem quatro salas de aula, sanit\u00e1rios para os alunos, professores e auxiliares; cinco arrecada\u00e7\u00f5es (duas nas salas de aulas, duas a meio das escadas e uma no v\u00e3o da escada); um gabinete de apoio aos professores e escadas de acesso ao piso superior.<\/p>\n<p>Foram acrescentados dois monoblocos, um para funcionamento de sala e outro para casa de banho. Anexo ao edif\u00edcio foi constru\u00eddo um pavilh\u00e3o adaptado a refeit\u00f3rio dos alunos. Possui como espa\u00e7os livres um p\u00e1tio de recreio descoberto e um telheiro que cobre a \u00e1rea que liga a escola ao pavilh\u00e3o.<\/p>\n<p>A escola funciona com atividades letivas das nove horas \u00e0s dezasseis horas e continua em funcionamento at\u00e9 \u00e0s dezassete horas e trinta minutos com as atividades de enriquecimento curricular (1oCiclo), e o prolongamento de hor\u00e1rio at\u00e9 \u00e0s dezoito horas e trinta minutos (Pr\u00e9-escolar).<\/p>\n","protected":false},"excerpt":{"rendered":"<p>E.B. 1 \/ J.I. No. 5 de Santa Iria de Az\u00f3ia (Escola Fernando Pessoa) A E.B. 1 \/ J.I. No.&hellip; <a class=\"continue\" href=\"https:\/\/aesia.pt\/portal\/e-b-1ji-portela-azoia-no5\/caracterizacao\/\">Ler mais<span> Caracteriza\u00e7\u00e3o<\/span><\/a><\/p>\n","protected":false},"author":8,"featured_media":0,"parent":57,"menu_order":0,"comment_status":"open","ping_status":"open","template":"p_base_portelaazoia.php","meta":{"_acf_changed":false,"footnotes":""},"class_list":["post-331","page","type-page","status-publish","hentry"],"acf":[],"yoast_head":"<!-- This site is optimized with the Yoast SEO plugin v27.3 - https:\/\/yoast.com\/product\/yoast-seo-wordpress\/ -->\n<title>Caracteriza\u00e7\u00e3o &#8211; AESIA<\/title>\n<meta name=\"robots\" content=\"index, follow, max-snippet:-1, max-image-preview:large, max-video-preview:-1\" \/>\n<link rel=\"canonical\" href=\"https:\/\/aesia.pt\/portal\/e-b-1ji-portela-azoia-no5\/caracterizacao\/\" \/>\n<meta property=\"og:locale\" content=\"pt_PT\" \/>\n<meta property=\"og:type\" content=\"article\" \/>\n<meta property=\"og:title\" content=\"Caracteriza\u00e7\u00e3o &#8211; AESIA\" \/>\n<meta property=\"og:description\" content=\"E.B. 1 \/ J.I. No. 5 de Santa Iria de Az\u00f3ia (Escola Fernando Pessoa) A E.B. 1 \/ J.I. No.&hellip; Ler mais Caracteriza\u00e7\u00e3o\" \/>\n<meta property=\"og:url\" content=\"https:\/\/aesia.pt\/portal\/e-b-1ji-portela-azoia-no5\/caracterizacao\/\" \/>\n<meta property=\"og:site_name\" content=\"AESIA\" \/>\n<meta property=\"article:publisher\" content=\"https:\/\/www.facebook.com\/aesia.pt\/\" \/>\n<meta property=\"article:modified_time\" content=\"2014-10-13T16:40:22+00:00\" \/>\n<meta name=\"twitter:card\" content=\"summary_large_image\" \/>\n<meta name=\"twitter:label1\" content=\"Tempo estimado de leitura\" \/>\n\t<meta name=\"twitter:data1\" content=\"1 minuto\" \/>\n<script type=\"application\/ld+json\" class=\"yoast-schema-graph\">{\"@context\":\"https:\\\/\\\/schema.org\",\"@graph\":[{\"@type\":\"WebPage\",\"@id\":\"https:\\\/\\\/aesia.pt\\\/portal\\\/e-b-1ji-portela-azoia-no5\\\/caracterizacao\\\/\",\"url\":\"https:\\\/\\\/aesia.pt\\\/portal\\\/e-b-1ji-portela-azoia-no5\\\/caracterizacao\\\/\",\"name\":\"Caracteriza\u00e7\u00e3o &#8211; AESIA\",\"isPartOf\":{\"@id\":\"https:\\\/\\\/aesia.pt\\\/portal\\\/#website\"},\"datePublished\":\"2014-07-25T12:08:04+00:00\",\"dateModified\":\"2014-10-13T16:40:22+00:00\",\"breadcrumb\":{\"@id\":\"https:\\\/\\\/aesia.pt\\\/portal\\\/e-b-1ji-portela-azoia-no5\\\/caracterizacao\\\/#breadcrumb\"},\"inLanguage\":\"pt-PT\",\"potentialAction\":[{\"@type\":\"ReadAction\",\"target\":[\"https:\\\/\\\/aesia.pt\\\/portal\\\/e-b-1ji-portela-azoia-no5\\\/caracterizacao\\\/\"]}]},{\"@type\":\"BreadcrumbList\",\"@id\":\"https:\\\/\\\/aesia.pt\\\/portal\\\/e-b-1ji-portela-azoia-no5\\\/caracterizacao\\\/#breadcrumb\",\"itemListElement\":[{\"@type\":\"ListItem\",\"position\":1,\"name\":\"Home\",\"item\":\"https:\\\/\\\/aesia.pt\\\/portal\\\/\"},{\"@type\":\"ListItem\",\"position\":2,\"name\":\"E.B. Fernando Pessoa\",\"item\":\"https:\\\/\\\/aesia.pt\\\/portal\\\/e-b-1ji-portela-azoia-no5\\\/\"},{\"@type\":\"ListItem\",\"position\":3,\"name\":\"Caracteriza\u00e7\u00e3o\"}]},{\"@type\":\"WebSite\",\"@id\":\"https:\\\/\\\/aesia.pt\\\/portal\\\/#website\",\"url\":\"https:\\\/\\\/aesia.pt\\\/portal\\\/\",\"name\":\"AESIA\",\"description\":\"Agrupamento de Escolas de Santa Iria de Az\u00f3ia\",\"publisher\":{\"@id\":\"https:\\\/\\\/aesia.pt\\\/portal\\\/#organization\"},\"alternateName\":\"Agrupamento de Escolas de Santa Iria de Az\u00f3ia\",\"potentialAction\":[{\"@type\":\"SearchAction\",\"target\":{\"@type\":\"EntryPoint\",\"urlTemplate\":\"https:\\\/\\\/aesia.pt\\\/portal\\\/?s={search_term_string}\"},\"query-input\":{\"@type\":\"PropertyValueSpecification\",\"valueRequired\":true,\"valueName\":\"search_term_string\"}}],\"inLanguage\":\"pt-PT\"},{\"@type\":\"Organization\",\"@id\":\"https:\\\/\\\/aesia.pt\\\/portal\\\/#organization\",\"name\":\"Agrupamento de Escolas de Santa Iria de Az\u00f3ia\",\"alternateName\":\"AESIA\",\"url\":\"https:\\\/\\\/aesia.pt\\\/portal\\\/\",\"logo\":{\"@type\":\"ImageObject\",\"inLanguage\":\"pt-PT\",\"@id\":\"https:\\\/\\\/aesia.pt\\\/portal\\\/#\\\/schema\\\/logo\\\/image\\\/\",\"url\":\"https:\\\/\\\/aesia.pt\\\/portal\\\/wp-content\\\/uploads\\\/2023\\\/04\\\/logo4.png\",\"contentUrl\":\"https:\\\/\\\/aesia.pt\\\/portal\\\/wp-content\\\/uploads\\\/2023\\\/04\\\/logo4.png\",\"width\":162,\"height\":162,\"caption\":\"Agrupamento de Escolas de Santa Iria de Az\u00f3ia\"},\"image\":{\"@id\":\"https:\\\/\\\/aesia.pt\\\/portal\\\/#\\\/schema\\\/logo\\\/image\\\/\"},\"sameAs\":[\"https:\\\/\\\/www.facebook.com\\\/aesia.pt\\\/\"]}]}<\/script>\n<!-- \/ Yoast SEO plugin. -->","yoast_head_json":{"title":"Caracteriza\u00e7\u00e3o &#8211; AESIA","robots":{"index":"index","follow":"follow","max-snippet":"max-snippet:-1","max-image-preview":"max-image-preview:large","max-video-preview":"max-video-preview:-1"},"canonical":"https:\/\/aesia.pt\/portal\/e-b-1ji-portela-azoia-no5\/caracterizacao\/","og_locale":"pt_PT","og_type":"article","og_title":"Caracteriza\u00e7\u00e3o &#8211; AESIA","og_description":"E.B. 1 \/ J.I. No. 5 de Santa Iria de Az\u00f3ia (Escola Fernando Pessoa) A E.B. 1 \/ J.I. No.&hellip; Ler mais Caracteriza\u00e7\u00e3o","og_url":"https:\/\/aesia.pt\/portal\/e-b-1ji-portela-azoia-no5\/caracterizacao\/","og_site_name":"AESIA","article_publisher":"https:\/\/www.facebook.com\/aesia.pt\/","article_modified_time":"2014-10-13T16:40:22+00:00","twitter_card":"summary_large_image","twitter_misc":{"Tempo estimado de leitura":"1 minuto"},"schema":{"@context":"https:\/\/schema.org","@graph":[{"@type":"WebPage","@id":"https:\/\/aesia.pt\/portal\/e-b-1ji-portela-azoia-no5\/caracterizacao\/","url":"https:\/\/aesia.pt\/portal\/e-b-1ji-portela-azoia-no5\/caracterizacao\/","name":"Caracteriza\u00e7\u00e3o &#8211; AESIA","isPartOf":{"@id":"https:\/\/aesia.pt\/portal\/#website"},"datePublished":"2014-07-25T12:08:04+00:00","dateModified":"2014-10-13T16:40:22+00:00","breadcrumb":{"@id":"https:\/\/aesia.pt\/portal\/e-b-1ji-portela-azoia-no5\/caracterizacao\/#breadcrumb"},"inLanguage":"pt-PT","potentialAction":[{"@type":"ReadAction","target":["https:\/\/aesia.pt\/portal\/e-b-1ji-portela-azoia-no5\/caracterizacao\/"]}]},{"@type":"BreadcrumbList","@id":"https:\/\/aesia.pt\/portal\/e-b-1ji-portela-azoia-no5\/caracterizacao\/#breadcrumb","itemListElement":[{"@type":"ListItem","position":1,"name":"Home","item":"https:\/\/aesia.pt\/portal\/"},{"@type":"ListItem","position":2,"name":"E.B. Fernando Pessoa","item":"https:\/\/aesia.pt\/portal\/e-b-1ji-portela-azoia-no5\/"},{"@type":"ListItem","position":3,"name":"Caracteriza\u00e7\u00e3o"}]},{"@type":"WebSite","@id":"https:\/\/aesia.pt\/portal\/#website","url":"https:\/\/aesia.pt\/portal\/","name":"AESIA","description":"Agrupamento de Escolas de Santa Iria de Az\u00f3ia","publisher":{"@id":"https:\/\/aesia.pt\/portal\/#organization"},"alternateName":"Agrupamento de Escolas de Santa Iria de Az\u00f3ia","potentialAction":[{"@type":"SearchAction","target":{"@type":"EntryPoint","urlTemplate":"https:\/\/aesia.pt\/portal\/?s={search_term_string}"},"query-input":{"@type":"PropertyValueSpecification","valueRequired":true,"valueName":"search_term_string"}}],"inLanguage":"pt-PT"},{"@type":"Organization","@id":"https:\/\/aesia.pt\/portal\/#organization","name":"Agrupamento de Escolas de Santa Iria de Az\u00f3ia","alternateName":"AESIA","url":"https:\/\/aesia.pt\/portal\/","logo":{"@type":"ImageObject","inLanguage":"pt-PT","@id":"https:\/\/aesia.pt\/portal\/#\/schema\/logo\/image\/","url":"https:\/\/aesia.pt\/portal\/wp-content\/uploads\/2023\/04\/logo4.png","contentUrl":"https:\/\/aesia.pt\/portal\/wp-content\/uploads\/2023\/04\/logo4.png","width":162,"height":162,"caption":"Agrupamento de Escolas de Santa Iria de Az\u00f3ia"},"image":{"@id":"https:\/\/aesia.pt\/portal\/#\/schema\/logo\/image\/"},"sameAs":["https:\/\/www.facebook.com\/aesia.pt\/"]}]}},"_links":{"self":[{"href":"https:\/\/aesia.pt\/portal\/wp-json\/wp\/v2\/pages\/331","targetHints":{"allow":["GET"]}}],"collection":[{"href":"https:\/\/aesia.pt\/portal\/wp-json\/wp\/v2\/pages"}],"about":[{"href":"https:\/\/aesia.pt\/portal\/wp-json\/wp\/v2\/types\/page"}],"author":[{"embeddable":true,"href":"https:\/\/aesia.pt\/portal\/wp-json\/wp\/v2\/users\/8"}],"replies":[{"embeddable":true,"href":"https:\/\/aesia.pt\/portal\/wp-json\/wp\/v2\/comments?post=331"}],"version-history":[{"count":5,"href":"https:\/\/aesia.pt\/portal\/wp-json\/wp\/v2\/pages\/331\/revisions"}],"predecessor-version":[{"id":812,"href":"https:\/\/aesia.pt\/portal\/wp-json\/wp\/v2\/pages\/331\/revisions\/812"}],"up":[{"embeddable":true,"href":"https:\/\/aesia.pt\/portal\/wp-json\/wp\/v2\/pages\/57"}],"wp:attachment":[{"href":"https:\/\/aesia.pt\/portal\/wp-json\/wp\/v2\/media?parent=331"}],"curies":[{"name":"wp","href":"https:\/\/api.w.org\/{rel}","templated":true}]}}