{"id":325,"date":"2014-07-25T11:40:07","date_gmt":"2014-07-25T11:40:07","guid":{"rendered":"http:\/\/localhost:82\/aesia\/?page_id=325"},"modified":"2014-12-19T15:26:13","modified_gmt":"2014-12-19T15:26:13","slug":"caracterizacao","status":"publish","type":"page","link":"https:\/\/aesia.pt\/portal\/a-aesia-agrupamento-de-escolas-de-santa-iria-de-azoia\/e-b-1ji-bela-vista\/caracterizacao\/","title":{"rendered":"Caracteriza\u00e7\u00e3o"},"content":{"rendered":"<p>A escola EB1\/JI da Bela Vista fica situada no centro da freguesia de Santa Iria de Az\u00f3ia, no limite do concelho de Loures, paredes meias com o concelho de Vila Franca de Xira. \u00c9 um edif\u00edcio dos \u201cPlano Centen\u00e1rios\u201d recentemente remodelado com obras de amplia\u00e7\u00e3o, restauro e beneficia\u00e7\u00e3o. Possui 8 salas de aula ( 2 do jardim de inf\u00e2ncia e 6 do 1\u00ba ciclo), um pavilh\u00e3o polivalente, que serve tamb\u00e9m de refeit\u00f3rio, uma biblioteca, uma sala de repouso, uma cozinha e v\u00e1rias casas de banho.<\/p>\n<p>As instala\u00e7\u00f5es escolares encontram-se bem enquadradas urbanisticamente, possuindo um recreio amplo com espa\u00e7os livres, um campo de jogos e jardim, o que permite que as crian\u00e7as desfrutem em seguran\u00e7a das suas horas de lazer e sendo a escola rodeada por uma veda\u00e7\u00e3o possui boas condi\u00e7\u00f5es de salubridade e seguran\u00e7a.<\/p>\n<p>O espa\u00e7o f\u00edsico da escola tem 2 pisos onde funcionam as salas de aula e outra \u00e1rea coberta com gabinete, refeit\u00f3rio e pavilh\u00e3o, sala de repouso e biblioteca.<\/p>\n<p>No ano letivo 2013\/2014 o corpo discente foi constitu\u00eddo por cento e oitenta e cinco alunos.<\/p>\n<p><strong>Atividades de Enriquecimento Curricular\/ Servi\u00e7o de Apoio \u00e0 Fam\u00edlia<\/strong><\/p>\n<p>As Atividades de Enriquecimento Curricular e as Atividades de Apoio \u00e0 Fam\u00edlia s\u00e3o desenvolvidas pela Associa\u00e7\u00e3o de Pais e Encarregados de Educa\u00e7\u00e3o em parceria com a C\u00e2mara Municipal de Loures e sob a supervis\u00e3o dos docentes de 1\u00ba Ciclo e da Educa\u00e7\u00e3o Pr\u00e9- escolar.<\/p>\n","protected":false},"excerpt":{"rendered":"<p>A escola EB1\/JI da Bela Vista fica situada no centro da freguesia de Santa Iria de Az\u00f3ia, no limite do&hellip; <a class=\"continue\" href=\"https:\/\/aesia.pt\/portal\/a-aesia-agrupamento-de-escolas-de-santa-iria-de-azoia\/e-b-1ji-bela-vista\/caracterizacao\/\">Ler mais<span> Caracteriza\u00e7\u00e3o<\/span><\/a><\/p>\n","protected":false},"author":8,"featured_media":0,"parent":53,"menu_order":0,"comment_status":"open","ping_status":"open","template":"p_base_belavista.php","meta":{"_acf_changed":false,"footnotes":""},"class_list":["post-325","page","type-page","status-publish","hentry"],"acf":[],"yoast_head":"<!-- This site is optimized with the Yoast SEO plugin v27.6 - https:\/\/yoast.com\/product\/yoast-seo-wordpress\/ -->\n<title>Caracteriza\u00e7\u00e3o &#8211; AESIA<\/title>\n<meta name=\"robots\" content=\"index, follow, max-snippet:-1, max-image-preview:large, max-video-preview:-1\" \/>\n<link rel=\"canonical\" href=\"https:\/\/aesia.pt\/portal\/a-aesia-agrupamento-de-escolas-de-santa-iria-de-azoia\/e-b-1ji-bela-vista\/caracterizacao\/\" \/>\n<meta property=\"og:locale\" content=\"pt_PT\" \/>\n<meta property=\"og:type\" content=\"article\" \/>\n<meta property=\"og:title\" content=\"Caracteriza\u00e7\u00e3o &#8211; AESIA\" \/>\n<meta property=\"og:description\" content=\"A escola EB1\/JI da Bela Vista fica situada no centro da freguesia de Santa Iria de Az\u00f3ia, no limite do&hellip; Ler mais Caracteriza\u00e7\u00e3o\" \/>\n<meta property=\"og:url\" content=\"https:\/\/aesia.pt\/portal\/a-aesia-agrupamento-de-escolas-de-santa-iria-de-azoia\/e-b-1ji-bela-vista\/caracterizacao\/\" \/>\n<meta property=\"og:site_name\" content=\"AESIA\" \/>\n<meta property=\"article:publisher\" content=\"https:\/\/www.facebook.com\/aesia.pt\/\" \/>\n<meta property=\"article:modified_time\" content=\"2014-12-19T15:26:13+00:00\" \/>\n<meta name=\"twitter:card\" content=\"summary_large_image\" \/>\n<meta name=\"twitter:label1\" content=\"Tempo estimado de leitura\" \/>\n\t<meta name=\"twitter:data1\" content=\"1 minuto\" \/>\n<script type=\"application\/ld+json\" class=\"yoast-schema-graph\">{\"@context\":\"https:\\\/\\\/schema.org\",\"@graph\":[{\"@type\":\"WebPage\",\"@id\":\"https:\\\/\\\/aesia.pt\\\/portal\\\/a-aesia-agrupamento-de-escolas-de-santa-iria-de-azoia\\\/e-b-1ji-bela-vista\\\/caracterizacao\\\/\",\"url\":\"https:\\\/\\\/aesia.pt\\\/portal\\\/a-aesia-agrupamento-de-escolas-de-santa-iria-de-azoia\\\/e-b-1ji-bela-vista\\\/caracterizacao\\\/\",\"name\":\"Caracteriza\u00e7\u00e3o &#8211; AESIA\",\"isPartOf\":{\"@id\":\"https:\\\/\\\/aesia.pt\\\/portal\\\/#website\"},\"datePublished\":\"2014-07-25T11:40:07+00:00\",\"dateModified\":\"2014-12-19T15:26:13+00:00\",\"breadcrumb\":{\"@id\":\"https:\\\/\\\/aesia.pt\\\/portal\\\/a-aesia-agrupamento-de-escolas-de-santa-iria-de-azoia\\\/e-b-1ji-bela-vista\\\/caracterizacao\\\/#breadcrumb\"},\"inLanguage\":\"pt-PT\",\"potentialAction\":[{\"@type\":\"ReadAction\",\"target\":[\"https:\\\/\\\/aesia.pt\\\/portal\\\/a-aesia-agrupamento-de-escolas-de-santa-iria-de-azoia\\\/e-b-1ji-bela-vista\\\/caracterizacao\\\/\"]}]},{\"@type\":\"BreadcrumbList\",\"@id\":\"https:\\\/\\\/aesia.pt\\\/portal\\\/a-aesia-agrupamento-de-escolas-de-santa-iria-de-azoia\\\/e-b-1ji-bela-vista\\\/caracterizacao\\\/#breadcrumb\",\"itemListElement\":[{\"@type\":\"ListItem\",\"position\":1,\"name\":\"Home\",\"item\":\"https:\\\/\\\/aesia.pt\\\/portal\\\/\"},{\"@type\":\"ListItem\",\"position\":2,\"name\":\"AESIA &#8211; Agrupamento de Escolas de Santa Iria de Azoia\",\"item\":\"https:\\\/\\\/aesia.pt\\\/portal\\\/a-aesia-agrupamento-de-escolas-de-santa-iria-de-azoia\\\/\"},{\"@type\":\"ListItem\",\"position\":3,\"name\":\"E.B. da Bela Vista\",\"item\":\"https:\\\/\\\/aesia.pt\\\/portal\\\/a-aesia-agrupamento-de-escolas-de-santa-iria-de-azoia\\\/e-b-1ji-bela-vista\\\/\"},{\"@type\":\"ListItem\",\"position\":4,\"name\":\"Caracteriza\u00e7\u00e3o\"}]},{\"@type\":\"WebSite\",\"@id\":\"https:\\\/\\\/aesia.pt\\\/portal\\\/#website\",\"url\":\"https:\\\/\\\/aesia.pt\\\/portal\\\/\",\"name\":\"AESIA\",\"description\":\"Agrupamento de Escolas de Santa Iria de Az\u00f3ia\",\"publisher\":{\"@id\":\"https:\\\/\\\/aesia.pt\\\/portal\\\/#organization\"},\"alternateName\":\"Agrupamento de Escolas de Santa Iria de Az\u00f3ia\",\"potentialAction\":[{\"@type\":\"SearchAction\",\"target\":{\"@type\":\"EntryPoint\",\"urlTemplate\":\"https:\\\/\\\/aesia.pt\\\/portal\\\/?s={search_term_string}\"},\"query-input\":{\"@type\":\"PropertyValueSpecification\",\"valueRequired\":true,\"valueName\":\"search_term_string\"}}],\"inLanguage\":\"pt-PT\"},{\"@type\":\"Organization\",\"@id\":\"https:\\\/\\\/aesia.pt\\\/portal\\\/#organization\",\"name\":\"Agrupamento de Escolas de Santa Iria de Az\u00f3ia\",\"alternateName\":\"AESIA\",\"url\":\"https:\\\/\\\/aesia.pt\\\/portal\\\/\",\"logo\":{\"@type\":\"ImageObject\",\"inLanguage\":\"pt-PT\",\"@id\":\"https:\\\/\\\/aesia.pt\\\/portal\\\/#\\\/schema\\\/logo\\\/image\\\/\",\"url\":\"https:\\\/\\\/aesia.pt\\\/portal\\\/wp-content\\\/uploads\\\/2023\\\/04\\\/logo4.png\",\"contentUrl\":\"https:\\\/\\\/aesia.pt\\\/portal\\\/wp-content\\\/uploads\\\/2023\\\/04\\\/logo4.png\",\"width\":162,\"height\":162,\"caption\":\"Agrupamento de Escolas de Santa Iria de Az\u00f3ia\"},\"image\":{\"@id\":\"https:\\\/\\\/aesia.pt\\\/portal\\\/#\\\/schema\\\/logo\\\/image\\\/\"},\"sameAs\":[\"https:\\\/\\\/www.facebook.com\\\/aesia.pt\\\/\"]}]}<\/script>\n<!-- \/ Yoast SEO plugin. -->","yoast_head_json":{"title":"Caracteriza\u00e7\u00e3o &#8211; AESIA","robots":{"index":"index","follow":"follow","max-snippet":"max-snippet:-1","max-image-preview":"max-image-preview:large","max-video-preview":"max-video-preview:-1"},"canonical":"https:\/\/aesia.pt\/portal\/a-aesia-agrupamento-de-escolas-de-santa-iria-de-azoia\/e-b-1ji-bela-vista\/caracterizacao\/","og_locale":"pt_PT","og_type":"article","og_title":"Caracteriza\u00e7\u00e3o &#8211; AESIA","og_description":"A escola EB1\/JI da Bela Vista fica situada no centro da freguesia de Santa Iria de Az\u00f3ia, no limite do&hellip; Ler mais Caracteriza\u00e7\u00e3o","og_url":"https:\/\/aesia.pt\/portal\/a-aesia-agrupamento-de-escolas-de-santa-iria-de-azoia\/e-b-1ji-bela-vista\/caracterizacao\/","og_site_name":"AESIA","article_publisher":"https:\/\/www.facebook.com\/aesia.pt\/","article_modified_time":"2014-12-19T15:26:13+00:00","twitter_card":"summary_large_image","twitter_misc":{"Tempo estimado de leitura":"1 minuto"},"schema":{"@context":"https:\/\/schema.org","@graph":[{"@type":"WebPage","@id":"https:\/\/aesia.pt\/portal\/a-aesia-agrupamento-de-escolas-de-santa-iria-de-azoia\/e-b-1ji-bela-vista\/caracterizacao\/","url":"https:\/\/aesia.pt\/portal\/a-aesia-agrupamento-de-escolas-de-santa-iria-de-azoia\/e-b-1ji-bela-vista\/caracterizacao\/","name":"Caracteriza\u00e7\u00e3o &#8211; AESIA","isPartOf":{"@id":"https:\/\/aesia.pt\/portal\/#website"},"datePublished":"2014-07-25T11:40:07+00:00","dateModified":"2014-12-19T15:26:13+00:00","breadcrumb":{"@id":"https:\/\/aesia.pt\/portal\/a-aesia-agrupamento-de-escolas-de-santa-iria-de-azoia\/e-b-1ji-bela-vista\/caracterizacao\/#breadcrumb"},"inLanguage":"pt-PT","potentialAction":[{"@type":"ReadAction","target":["https:\/\/aesia.pt\/portal\/a-aesia-agrupamento-de-escolas-de-santa-iria-de-azoia\/e-b-1ji-bela-vista\/caracterizacao\/"]}]},{"@type":"BreadcrumbList","@id":"https:\/\/aesia.pt\/portal\/a-aesia-agrupamento-de-escolas-de-santa-iria-de-azoia\/e-b-1ji-bela-vista\/caracterizacao\/#breadcrumb","itemListElement":[{"@type":"ListItem","position":1,"name":"Home","item":"https:\/\/aesia.pt\/portal\/"},{"@type":"ListItem","position":2,"name":"AESIA &#8211; Agrupamento de Escolas de Santa Iria de Azoia","item":"https:\/\/aesia.pt\/portal\/a-aesia-agrupamento-de-escolas-de-santa-iria-de-azoia\/"},{"@type":"ListItem","position":3,"name":"E.B. da Bela Vista","item":"https:\/\/aesia.pt\/portal\/a-aesia-agrupamento-de-escolas-de-santa-iria-de-azoia\/e-b-1ji-bela-vista\/"},{"@type":"ListItem","position":4,"name":"Caracteriza\u00e7\u00e3o"}]},{"@type":"WebSite","@id":"https:\/\/aesia.pt\/portal\/#website","url":"https:\/\/aesia.pt\/portal\/","name":"AESIA","description":"Agrupamento de Escolas de Santa Iria de Az\u00f3ia","publisher":{"@id":"https:\/\/aesia.pt\/portal\/#organization"},"alternateName":"Agrupamento de Escolas de Santa Iria de Az\u00f3ia","potentialAction":[{"@type":"SearchAction","target":{"@type":"EntryPoint","urlTemplate":"https:\/\/aesia.pt\/portal\/?s={search_term_string}"},"query-input":{"@type":"PropertyValueSpecification","valueRequired":true,"valueName":"search_term_string"}}],"inLanguage":"pt-PT"},{"@type":"Organization","@id":"https:\/\/aesia.pt\/portal\/#organization","name":"Agrupamento de Escolas de Santa Iria de Az\u00f3ia","alternateName":"AESIA","url":"https:\/\/aesia.pt\/portal\/","logo":{"@type":"ImageObject","inLanguage":"pt-PT","@id":"https:\/\/aesia.pt\/portal\/#\/schema\/logo\/image\/","url":"https:\/\/aesia.pt\/portal\/wp-content\/uploads\/2023\/04\/logo4.png","contentUrl":"https:\/\/aesia.pt\/portal\/wp-content\/uploads\/2023\/04\/logo4.png","width":162,"height":162,"caption":"Agrupamento de Escolas de Santa Iria de Az\u00f3ia"},"image":{"@id":"https:\/\/aesia.pt\/portal\/#\/schema\/logo\/image\/"},"sameAs":["https:\/\/www.facebook.com\/aesia.pt\/"]}]}},"_links":{"self":[{"href":"https:\/\/aesia.pt\/portal\/wp-json\/wp\/v2\/pages\/325","targetHints":{"allow":["GET"]}}],"collection":[{"href":"https:\/\/aesia.pt\/portal\/wp-json\/wp\/v2\/pages"}],"about":[{"href":"https:\/\/aesia.pt\/portal\/wp-json\/wp\/v2\/types\/page"}],"author":[{"embeddable":true,"href":"https:\/\/aesia.pt\/portal\/wp-json\/wp\/v2\/users\/8"}],"replies":[{"embeddable":true,"href":"https:\/\/aesia.pt\/portal\/wp-json\/wp\/v2\/comments?post=325"}],"version-history":[{"count":6,"href":"https:\/\/aesia.pt\/portal\/wp-json\/wp\/v2\/pages\/325\/revisions"}],"predecessor-version":[{"id":1553,"href":"https:\/\/aesia.pt\/portal\/wp-json\/wp\/v2\/pages\/325\/revisions\/1553"}],"up":[{"embeddable":true,"href":"https:\/\/aesia.pt\/portal\/wp-json\/wp\/v2\/pages\/53"}],"wp:attachment":[{"href":"https:\/\/aesia.pt\/portal\/wp-json\/wp\/v2\/media?parent=325"}],"curies":[{"name":"wp","href":"https:\/\/api.w.org\/{rel}","templated":true}]}}