{"id":310,"date":"2014-07-25T11:33:31","date_gmt":"2014-07-25T11:33:31","guid":{"rendered":"http:\/\/localhost:82\/aesia\/?page_id=310"},"modified":"2024-12-17T10:18:02","modified_gmt":"2024-12-17T10:18:02","slug":"director","status":"publish","type":"page","link":"https:\/\/aesia.pt\/portal\/orgaos-e-competencias\/director\/","title":{"rendered":"Dire\u00e7\u00e3o"},"content":{"rendered":"<p style=\"text-align: left;\"><strong>Diretor \u2013 Prof. Ivo Cardoso<\/strong><\/p>\n<p><strong>Subdiretora &#8211; \u00a0 Prof\u00aa F\u00e1tima Pinto<\/strong><\/p>\n<p><strong>Adjunta do Diretor \u2013 Prof\u00aa Gracinda Concei\u00e7\u00e3o<\/strong><\/p>\n<p><strong>Adjunta do Diretor &#8211;\u00a0 Prof\u00aa Maria Jo\u00e3o Oliveira<\/strong><\/p>\n<p>O Diretor \u00e9 o \u00f3rg\u00e3o unipessoal de administra\u00e7\u00e3o e gest\u00e3o do AESIA nas \u00e1reas pedag\u00f3gica, cultural, administrativa, financeira e patrimonial<\/p>\n<p>O Diretor \u00e9 eleito pelo Conselho Geral.<\/p>\n<p>O Diretor \u00e9 coadjuvado no exerc\u00edcio das suas fun\u00e7\u00f5es por um Subdiretor e dois Adjuntos.<\/p>\n<p>O Subdiretor e os Adjuntos s\u00e3o nomeados pelo Diretor de entre Docentes de carreira que contem pelo menos cinco anos de servi\u00e7o e que se encontrem em exerc\u00edcio de fun\u00e7\u00f5es no AESIA<\/p>\n<p><strong>Compet\u00eancias<\/strong><\/p>\n<p>Compete ao Diretor submeter \u00e0 aprova\u00e7\u00e3o do CG o Projeto Educativo do Agrupamento depois de elaborado pelo Conselho Pedag\u00f3gico.<\/p>\n<p>Ouvido o Conselho Pedag\u00f3gico, compete tamb\u00e9m ao Diretor:<\/p>\n<ol class=\"listparentheses\">\n<li>Elaborar e submeter \u00e0 aprova\u00e7\u00e3o do Conselho Geral:\n<ol style=\"list-style-type: lower-roman;\">\n<li>as altera\u00e7\u00f5es ao Regulamento Interno Agrupamento;<\/li>\n<li>os Planos Anual e Plurianual de atividades;<\/li>\n<li>o relat\u00f3rio anual de atividades;<\/li>\n<li>as propostas de celebra\u00e7\u00e3o de contratos de autonomia.<\/li>\n<\/ol>\n<\/li>\n<li>Aprovar o plano de forma\u00e7\u00e3o e de atualiza\u00e7\u00e3o do pessoal docente e n\u00e3o docente, ouvido tamb\u00e9m no \u00faltimo caso, o munic\u00edpio.<\/li>\n<\/ol>\n<p>Sem preju\u00edzo das compet\u00eancias que lhe sejam cometidas por lei ou Regulamento Interno, compete ao Diretor em especial:<\/p>\n<ol class=\"listparentheses\">\n<li>Definir o regime de funcionamento do AESIA;<\/li>\n<li>Elaborar o projeto de or\u00e7amento, em conformidade com as linhas orientadoras definidas pelo CG;<\/li>\n<li>Superintender na constitui\u00e7\u00e3o de turmas e na elabora\u00e7\u00e3o de hor\u00e1rios;<\/li>\n<li>Distribuir o servi\u00e7o docente e n\u00e3o docente;<\/li>\n<li>Designar os coordenadores de escola;<\/li>\n<li>Propor os candidatos a coordenadores departamentos curriculares nos termos definidos no presente Regulamento e da lei e designar os diretores de turma;<\/li>\n<li>Planear e assegurar a execu\u00e7\u00e3o das atividades no dom\u00ednio da a\u00e7\u00e3o social escolar, em conformidade com as linhas orientadoras definidas pelo CG;<\/li>\n<li>Gerir as instala\u00e7\u00f5es, espa\u00e7os e equipamentos, bem como os outros recursos educativos;<\/li>\n<li>Estabelecer protocolos e celebrar acordos de coopera\u00e7\u00e3o ou de associa\u00e7\u00e3o com outras escolas e institui\u00e7\u00f5es de forma\u00e7\u00e3o, autarquias e coletividades, em conformidade com os crit\u00e9rios definidos pelo CG;<\/li>\n<li>Proceder \u00e0 sele\u00e7\u00e3o e recrutamento do pessoal docente, nos termos dos regimes legais aplic\u00e1veis;<\/li>\n<li>Assegurar as condi\u00e7\u00f5es necess\u00e1rias \u00e0 realiza\u00e7\u00e3o da avalia\u00e7\u00e3o do desempenho do pessoal docente e n\u00e3o docente, nos termos da legisla\u00e7\u00e3o aplic\u00e1vel;<\/li>\n<li>Dirigir superiormente os servi\u00e7os administrativos, t\u00e9cnicos e t\u00e9cnico-pedag\u00f3gicos.<\/li>\n<\/ol>\n<p>Compete ainda ao Diretor:<\/p>\n<ol class=\"listparentheses\">\n<li>Representar a escola;<\/li>\n<li>Exercer o poder hier\u00e1rquico em rela\u00e7\u00e3o ao pessoal docente e n\u00e3o docente;<\/li>\n<li>Exercer o poder disciplinar em rela\u00e7\u00e3o aos alunos;<\/li>\n<li>Intervir nos termos da lei no processo de avalia\u00e7\u00e3o do pessoal docente;<\/li>\n<li>Proceder \u00e0 avalia\u00e7\u00e3o de desempenho do pessoal n\u00e3o docente.<\/li>\n<\/ol>\n<p>O Diretor \u00e9 a entidade respons\u00e1vel pelos espa\u00e7os desportivos e pelos equipamentos existentes nos espa\u00e7os escolares, no \u00e2mbito do acordo estabelecido com a C\u00e2mara Municipal de Loures, que asseguram o regular funcionamento do espa\u00e7o e a manuten\u00e7\u00e3o dos equipamentos instalados.<\/p>\n","protected":false},"excerpt":{"rendered":"<p>Diretor \u2013 Prof. Ivo Cardoso Subdiretora &#8211; \u00a0 Prof\u00aa F\u00e1tima Pinto Adjunta do Diretor \u2013 Prof\u00aa Gracinda Concei\u00e7\u00e3o Adjunta do&hellip; <a class=\"continue\" href=\"https:\/\/aesia.pt\/portal\/orgaos-e-competencias\/director\/\">Ler mais<span> Dire\u00e7\u00e3o<\/span><\/a><\/p>\n","protected":false},"author":8,"featured_media":5420,"parent":225,"menu_order":0,"comment_status":"open","ping_status":"open","template":"p_orgaos_competencias.php","meta":{"_acf_changed":false,"footnotes":""},"class_list":["post-310","page","type-page","status-publish","has-post-thumbnail","hentry"],"acf":[],"yoast_head":"<!-- This site is optimized with the Yoast SEO plugin v27.4 - https:\/\/yoast.com\/product\/yoast-seo-wordpress\/ -->\n<title>Dire\u00e7\u00e3o &#8211; AESIA<\/title>\n<meta name=\"robots\" content=\"index, follow, max-snippet:-1, max-image-preview:large, max-video-preview:-1\" \/>\n<link rel=\"canonical\" href=\"https:\/\/aesia.pt\/portal\/orgaos-e-competencias\/director\/\" \/>\n<meta property=\"og:locale\" content=\"pt_PT\" \/>\n<meta property=\"og:type\" content=\"article\" \/>\n<meta property=\"og:title\" content=\"Dire\u00e7\u00e3o &#8211; AESIA\" \/>\n<meta property=\"og:description\" content=\"Diretor \u2013 Prof. Ivo Cardoso Subdiretora &#8211; \u00a0 Prof\u00aa F\u00e1tima Pinto Adjunta do Diretor \u2013 Prof\u00aa Gracinda Concei\u00e7\u00e3o Adjunta do&hellip; Ler mais Dire\u00e7\u00e3o\" \/>\n<meta property=\"og:url\" content=\"https:\/\/aesia.pt\/portal\/orgaos-e-competencias\/director\/\" \/>\n<meta property=\"og:site_name\" content=\"AESIA\" \/>\n<meta property=\"article:publisher\" content=\"https:\/\/www.facebook.com\/aesia.pt\/\" \/>\n<meta property=\"article:modified_time\" content=\"2024-12-17T10:18:02+00:00\" \/>\n<meta property=\"og:image\" content=\"https:\/\/aesia.pt\/portal\/wp-content\/uploads\/2022\/01\/direcao-1.png\" \/>\n\t<meta property=\"og:image:width\" content=\"914\" \/>\n\t<meta property=\"og:image:height\" content=\"662\" \/>\n\t<meta property=\"og:image:type\" content=\"image\/png\" \/>\n<meta name=\"twitter:card\" content=\"summary_large_image\" \/>\n<meta name=\"twitter:label1\" content=\"Tempo estimado de leitura\" \/>\n\t<meta name=\"twitter:data1\" content=\"3 minutos\" \/>\n<script type=\"application\/ld+json\" class=\"yoast-schema-graph\">{\"@context\":\"https:\\\/\\\/schema.org\",\"@graph\":[{\"@type\":\"WebPage\",\"@id\":\"https:\\\/\\\/aesia.pt\\\/portal\\\/orgaos-e-competencias\\\/director\\\/\",\"url\":\"https:\\\/\\\/aesia.pt\\\/portal\\\/orgaos-e-competencias\\\/director\\\/\",\"name\":\"Dire\u00e7\u00e3o &#8211; AESIA\",\"isPartOf\":{\"@id\":\"https:\\\/\\\/aesia.pt\\\/portal\\\/#website\"},\"primaryImageOfPage\":{\"@id\":\"https:\\\/\\\/aesia.pt\\\/portal\\\/orgaos-e-competencias\\\/director\\\/#primaryimage\"},\"image\":{\"@id\":\"https:\\\/\\\/aesia.pt\\\/portal\\\/orgaos-e-competencias\\\/director\\\/#primaryimage\"},\"thumbnailUrl\":\"https:\\\/\\\/aesia.pt\\\/portal\\\/wp-content\\\/uploads\\\/2022\\\/01\\\/direcao-1.png\",\"datePublished\":\"2014-07-25T11:33:31+00:00\",\"dateModified\":\"2024-12-17T10:18:02+00:00\",\"breadcrumb\":{\"@id\":\"https:\\\/\\\/aesia.pt\\\/portal\\\/orgaos-e-competencias\\\/director\\\/#breadcrumb\"},\"inLanguage\":\"pt-PT\",\"potentialAction\":[{\"@type\":\"ReadAction\",\"target\":[\"https:\\\/\\\/aesia.pt\\\/portal\\\/orgaos-e-competencias\\\/director\\\/\"]}]},{\"@type\":\"ImageObject\",\"inLanguage\":\"pt-PT\",\"@id\":\"https:\\\/\\\/aesia.pt\\\/portal\\\/orgaos-e-competencias\\\/director\\\/#primaryimage\",\"url\":\"https:\\\/\\\/aesia.pt\\\/portal\\\/wp-content\\\/uploads\\\/2022\\\/01\\\/direcao-1.png\",\"contentUrl\":\"https:\\\/\\\/aesia.pt\\\/portal\\\/wp-content\\\/uploads\\\/2022\\\/01\\\/direcao-1.png\",\"width\":914,\"height\":662},{\"@type\":\"BreadcrumbList\",\"@id\":\"https:\\\/\\\/aesia.pt\\\/portal\\\/orgaos-e-competencias\\\/director\\\/#breadcrumb\",\"itemListElement\":[{\"@type\":\"ListItem\",\"position\":1,\"name\":\"Home\",\"item\":\"https:\\\/\\\/aesia.pt\\\/portal\\\/\"},{\"@type\":\"ListItem\",\"position\":2,\"name\":\"\u00d3rg\u00e3os e Estruturas\",\"item\":\"https:\\\/\\\/aesia.pt\\\/portal\\\/orgaos-e-competencias\\\/\"},{\"@type\":\"ListItem\",\"position\":3,\"name\":\"Dire\u00e7\u00e3o\"}]},{\"@type\":\"WebSite\",\"@id\":\"https:\\\/\\\/aesia.pt\\\/portal\\\/#website\",\"url\":\"https:\\\/\\\/aesia.pt\\\/portal\\\/\",\"name\":\"AESIA\",\"description\":\"Agrupamento de Escolas de Santa Iria de Az\u00f3ia\",\"publisher\":{\"@id\":\"https:\\\/\\\/aesia.pt\\\/portal\\\/#organization\"},\"alternateName\":\"Agrupamento de Escolas de Santa Iria de Az\u00f3ia\",\"potentialAction\":[{\"@type\":\"SearchAction\",\"target\":{\"@type\":\"EntryPoint\",\"urlTemplate\":\"https:\\\/\\\/aesia.pt\\\/portal\\\/?s={search_term_string}\"},\"query-input\":{\"@type\":\"PropertyValueSpecification\",\"valueRequired\":true,\"valueName\":\"search_term_string\"}}],\"inLanguage\":\"pt-PT\"},{\"@type\":\"Organization\",\"@id\":\"https:\\\/\\\/aesia.pt\\\/portal\\\/#organization\",\"name\":\"Agrupamento de Escolas de Santa Iria de Az\u00f3ia\",\"alternateName\":\"AESIA\",\"url\":\"https:\\\/\\\/aesia.pt\\\/portal\\\/\",\"logo\":{\"@type\":\"ImageObject\",\"inLanguage\":\"pt-PT\",\"@id\":\"https:\\\/\\\/aesia.pt\\\/portal\\\/#\\\/schema\\\/logo\\\/image\\\/\",\"url\":\"https:\\\/\\\/aesia.pt\\\/portal\\\/wp-content\\\/uploads\\\/2023\\\/04\\\/logo4.png\",\"contentUrl\":\"https:\\\/\\\/aesia.pt\\\/portal\\\/wp-content\\\/uploads\\\/2023\\\/04\\\/logo4.png\",\"width\":162,\"height\":162,\"caption\":\"Agrupamento de Escolas de Santa Iria de Az\u00f3ia\"},\"image\":{\"@id\":\"https:\\\/\\\/aesia.pt\\\/portal\\\/#\\\/schema\\\/logo\\\/image\\\/\"},\"sameAs\":[\"https:\\\/\\\/www.facebook.com\\\/aesia.pt\\\/\"]}]}<\/script>\n<!-- \/ Yoast SEO plugin. -->","yoast_head_json":{"title":"Dire\u00e7\u00e3o &#8211; AESIA","robots":{"index":"index","follow":"follow","max-snippet":"max-snippet:-1","max-image-preview":"max-image-preview:large","max-video-preview":"max-video-preview:-1"},"canonical":"https:\/\/aesia.pt\/portal\/orgaos-e-competencias\/director\/","og_locale":"pt_PT","og_type":"article","og_title":"Dire\u00e7\u00e3o &#8211; AESIA","og_description":"Diretor \u2013 Prof. Ivo Cardoso Subdiretora &#8211; \u00a0 Prof\u00aa F\u00e1tima Pinto Adjunta do Diretor \u2013 Prof\u00aa Gracinda Concei\u00e7\u00e3o Adjunta do&hellip; Ler mais Dire\u00e7\u00e3o","og_url":"https:\/\/aesia.pt\/portal\/orgaos-e-competencias\/director\/","og_site_name":"AESIA","article_publisher":"https:\/\/www.facebook.com\/aesia.pt\/","article_modified_time":"2024-12-17T10:18:02+00:00","og_image":[{"width":914,"height":662,"url":"https:\/\/aesia.pt\/portal\/wp-content\/uploads\/2022\/01\/direcao-1.png","type":"image\/png"}],"twitter_card":"summary_large_image","twitter_misc":{"Tempo estimado de leitura":"3 minutos"},"schema":{"@context":"https:\/\/schema.org","@graph":[{"@type":"WebPage","@id":"https:\/\/aesia.pt\/portal\/orgaos-e-competencias\/director\/","url":"https:\/\/aesia.pt\/portal\/orgaos-e-competencias\/director\/","name":"Dire\u00e7\u00e3o &#8211; AESIA","isPartOf":{"@id":"https:\/\/aesia.pt\/portal\/#website"},"primaryImageOfPage":{"@id":"https:\/\/aesia.pt\/portal\/orgaos-e-competencias\/director\/#primaryimage"},"image":{"@id":"https:\/\/aesia.pt\/portal\/orgaos-e-competencias\/director\/#primaryimage"},"thumbnailUrl":"https:\/\/aesia.pt\/portal\/wp-content\/uploads\/2022\/01\/direcao-1.png","datePublished":"2014-07-25T11:33:31+00:00","dateModified":"2024-12-17T10:18:02+00:00","breadcrumb":{"@id":"https:\/\/aesia.pt\/portal\/orgaos-e-competencias\/director\/#breadcrumb"},"inLanguage":"pt-PT","potentialAction":[{"@type":"ReadAction","target":["https:\/\/aesia.pt\/portal\/orgaos-e-competencias\/director\/"]}]},{"@type":"ImageObject","inLanguage":"pt-PT","@id":"https:\/\/aesia.pt\/portal\/orgaos-e-competencias\/director\/#primaryimage","url":"https:\/\/aesia.pt\/portal\/wp-content\/uploads\/2022\/01\/direcao-1.png","contentUrl":"https:\/\/aesia.pt\/portal\/wp-content\/uploads\/2022\/01\/direcao-1.png","width":914,"height":662},{"@type":"BreadcrumbList","@id":"https:\/\/aesia.pt\/portal\/orgaos-e-competencias\/director\/#breadcrumb","itemListElement":[{"@type":"ListItem","position":1,"name":"Home","item":"https:\/\/aesia.pt\/portal\/"},{"@type":"ListItem","position":2,"name":"\u00d3rg\u00e3os e Estruturas","item":"https:\/\/aesia.pt\/portal\/orgaos-e-competencias\/"},{"@type":"ListItem","position":3,"name":"Dire\u00e7\u00e3o"}]},{"@type":"WebSite","@id":"https:\/\/aesia.pt\/portal\/#website","url":"https:\/\/aesia.pt\/portal\/","name":"AESIA","description":"Agrupamento de Escolas de Santa Iria de Az\u00f3ia","publisher":{"@id":"https:\/\/aesia.pt\/portal\/#organization"},"alternateName":"Agrupamento de Escolas de Santa Iria de Az\u00f3ia","potentialAction":[{"@type":"SearchAction","target":{"@type":"EntryPoint","urlTemplate":"https:\/\/aesia.pt\/portal\/?s={search_term_string}"},"query-input":{"@type":"PropertyValueSpecification","valueRequired":true,"valueName":"search_term_string"}}],"inLanguage":"pt-PT"},{"@type":"Organization","@id":"https:\/\/aesia.pt\/portal\/#organization","name":"Agrupamento de Escolas de Santa Iria de Az\u00f3ia","alternateName":"AESIA","url":"https:\/\/aesia.pt\/portal\/","logo":{"@type":"ImageObject","inLanguage":"pt-PT","@id":"https:\/\/aesia.pt\/portal\/#\/schema\/logo\/image\/","url":"https:\/\/aesia.pt\/portal\/wp-content\/uploads\/2023\/04\/logo4.png","contentUrl":"https:\/\/aesia.pt\/portal\/wp-content\/uploads\/2023\/04\/logo4.png","width":162,"height":162,"caption":"Agrupamento de Escolas de Santa Iria de Az\u00f3ia"},"image":{"@id":"https:\/\/aesia.pt\/portal\/#\/schema\/logo\/image\/"},"sameAs":["https:\/\/www.facebook.com\/aesia.pt\/"]}]}},"_links":{"self":[{"href":"https:\/\/aesia.pt\/portal\/wp-json\/wp\/v2\/pages\/310","targetHints":{"allow":["GET"]}}],"collection":[{"href":"https:\/\/aesia.pt\/portal\/wp-json\/wp\/v2\/pages"}],"about":[{"href":"https:\/\/aesia.pt\/portal\/wp-json\/wp\/v2\/types\/page"}],"author":[{"embeddable":true,"href":"https:\/\/aesia.pt\/portal\/wp-json\/wp\/v2\/users\/8"}],"replies":[{"embeddable":true,"href":"https:\/\/aesia.pt\/portal\/wp-json\/wp\/v2\/comments?post=310"}],"version-history":[{"count":25,"href":"https:\/\/aesia.pt\/portal\/wp-json\/wp\/v2\/pages\/310\/revisions"}],"predecessor-version":[{"id":14454,"href":"https:\/\/aesia.pt\/portal\/wp-json\/wp\/v2\/pages\/310\/revisions\/14454"}],"up":[{"embeddable":true,"href":"https:\/\/aesia.pt\/portal\/wp-json\/wp\/v2\/pages\/225"}],"wp:featuredmedia":[{"embeddable":true,"href":"https:\/\/aesia.pt\/portal\/wp-json\/wp\/v2\/media\/5420"}],"wp:attachment":[{"href":"https:\/\/aesia.pt\/portal\/wp-json\/wp\/v2\/media?parent=310"}],"curies":[{"name":"wp","href":"https:\/\/api.w.org\/{rel}","templated":true}]}}