{"id":287,"date":"2014-07-23T17:37:43","date_gmt":"2014-07-23T17:37:43","guid":{"rendered":"http:\/\/localhost:82\/aesia\/?page_id=287"},"modified":"2022-06-09T16:49:12","modified_gmt":"2022-06-09T16:49:12","slug":"exames-provas-finais","status":"publish","type":"page","link":"https:\/\/aesia.pt\/portal\/exames-provas-finais\/","title":{"rendered":"Provas finais 2021_2022"},"content":{"rendered":"<h3>Informa\u00e7\u00f5es 2021\/2022<\/h3>\n<ul>\n<li><a href=\"https:\/\/drive.google.com\/file\/d\/1VKT0ikcbdJS_ZPT_-zctMdIEdy7IVJKe\/view?usp=sharing\">Informa\u00e7\u00f5es gerais &#8211; Provas 2022<\/a><\/li>\n<li><a href=\"https:\/\/drive.google.com\/file\/d\/1E72OjMf1spOXj0pCvHjluwrA_9vZDpwX\/view?usp=sharing\">Calend\u00e1rio<\/a><\/li>\n<\/ul>\n<p>&nbsp;<\/p>\n<ul>\n<li>Provas de aferi\u00e7\u00e3o 2.\u00ba ano<\/li>\n<\/ul>\n<p>&#8211; <a href=\"https:\/\/drive.google.com\/file\/d\/1BvxAcc1dG34vP9cmQxAJ2S4Yr9HKLw0w\/view?usp=sharing\">Calendariza\u00e7\u00e3o (Provas pr\u00e1ticas)<\/a><\/p>\n<p>&#8211; Informa\u00e7\u00f5es de prova (25, 26, <a href=\"https:\/\/drive.google.com\/file\/d\/1zo2ru3UPPC07HROkt5nqnd6czJztabCz\/view?usp=sharing\">27 e 28<\/a>)<\/p>\n<p>&nbsp;<\/p>\n<ul>\n<li>Provas de aferi\u00e7\u00e3o 5.\u00ba ano<\/li>\n<\/ul>\n<p>&#8211; <a href=\"https:\/\/drive.google.com\/file\/d\/1iXIu50Mx5nCwhIYsqm_yPG5Ga7U-yLC9\/view?usp=sharing\">Calendariza\u00e7\u00e3o (Provas pr\u00e1ticas)<\/a><\/p>\n<p>&#8211; Informa\u00e7\u00f5es de prova (<a href=\"https:\/\/drive.google.com\/file\/d\/1aBdw1YCeQJVrToZDf0dEeCiQQWV9Vhqf\/view?usp=sharing\">53<\/a> e 58)<\/p>\n<p>&nbsp;<\/p>\n<ul>\n<li>Provas de aferi\u00e7\u00e3o 8.\u00ba ano<\/li>\n<\/ul>\n<p>&#8211; <a href=\"https:\/\/drive.google.com\/file\/d\/1l81qgk5fFlWkS5XRQEFIuBv3fzTrMza7\/view?usp=sharing\">Calendariza\u00e7\u00e3o (Provas pr\u00e1ticas)<\/a><\/p>\n<p>&#8211; Informa\u00e7\u00f5es de prova (<a href=\"https:\/\/drive.google.com\/file\/d\/1Kur9oRDjN-GUiLEo1QQMsaD5C18iGMqO\/view?usp=sharing\">84<\/a>, 85 e 87)<\/p>\n<p>&nbsp;<\/p>\n<ul>\n<li>Provas Finais de\u00a0 9.\u00ba ano<\/li>\n<\/ul>\n<p>Informa\u00e7\u00f5es das provas finais, de Matem\u00e1tica,\u00a0 Portugu\u00eas e PLNM, t\u00eam links nas informa\u00e7\u00f5es gerais que est\u00e1 no in\u00edcio desta p\u00e1gina.<\/p>\n<p>&nbsp;<\/p>\n<h3>Informa\u00e7\u00f5es Provas de Equival\u00eancia \u00e0 Frequ\u00eancia<\/h3>\n<p>Informa\u00e7\u00f5es das Provas de equival\u00eancia \u00e0 Frequ\u00eancia e Provas a n\u00edvel de Escola &#8211; 9\u00baAno &#8211; Est\u00e3o afixadas na escola Sede.<\/p>\n<p><strong>Calendariza\u00e7\u00e3o PEF<\/strong><\/p>\n<p><strong>\u00a0 1\u00baCiclo &#8211;\u00a0 4\u00ba Ano &#8211; <\/strong><a href=\"https:\/\/drive.google.com\/file\/d\/1oWgOOFWJ6G7J8bTygVGydiZ6WMSEWj6H\/view?usp=sharing\">1\u00aa e 2\u00aa Fase<\/a><\/p>\n<p><strong>\u00a0 2\u00baCiclo &#8211; 6\u00ba Ano &#8211; <\/strong><a href=\"https:\/\/drive.google.com\/file\/d\/1jJy8Gl7cMiYFPRMTJSRgTYW5j3b6jnJy\/view?usp=sharing\">1\u00aa Fase<\/a>, <a href=\"https:\/\/drive.google.com\/file\/d\/1VkOxwMSV-YIlP78pNFYNm6tAJx7yDJ1q\/view?usp=sharing\">2\u00aa Fase<\/a><\/p>\n<p><strong>\u00a0 3\u00baCiclo &#8211; 9\u00ba Ano &#8211; <\/strong><a href=\"https:\/\/drive.google.com\/file\/d\/1BHRNKSA9BJ7Kud-m_w-awTymJz50WT5U\/view?usp=sharing\">1\u00aa Fase<\/a>, <a href=\"https:\/\/drive.google.com\/file\/d\/1qj96HksI-nWTC9_c9eB3gqYrC9tCQu1q\/view?usp=sharing\">2\u00aaFase<\/a><\/p>\n<p><a href=\"https:\/\/drive.google.com\/file\/d\/1_LyaLZqsbrxLENU583s6HMSEQFGyyQzQ\/view?usp=sharing\">Informa\u00e7\u00f5es &#8211; Noma 2<\/a><\/p>\n<p>Documentos necess\u00e1rios ao processo de reaprecia\u00e7\u00e3o\/reclama<wbr \/>\u00e7\u00e3o das PEF<\/p>\n<ul style=\"list-style-type: disc;\">\n<li><a href=\"https:\/\/drive.google.com\/file\/d\/1R2a573jdynJ_lPkz7-nhNY3KUuQ1cbEe\/view?usp=sharing\">Modelo 9 Requerimento para consulta da prova<\/a><\/li>\n<li><a href=\"https:\/\/drive.google.com\/file\/d\/1lNdA5DrnCvSN2CSW6wc5i4k1mt7O_CAA\/view?usp=sharing\">Modelo 11 Requerimento para reaprecia\u00e7\u00e3o de prova<\/a><\/li>\n<li><a href=\"https:\/\/drive.google.com\/file\/d\/1siatrYdA5EdqcVl0wsz90njLuG9gNI_9\/view?usp=sharing\">Modelo 11 A\u00a0 Alega\u00e7\u00e3o justificativa de reaprecia\u00e7\u00e3o de prova<\/a><\/li>\n<li><a href=\"https:\/\/drive.google.com\/file\/d\/1NQEbg6UvvUWhewmfZawuqrlMDjoiDjbb\/view?usp=sharing\">Modelo 10 Requerimento para retifica\u00e7\u00e3o das cota\u00e7\u00f5es<\/a><\/li>\n<\/ul>\n<p>&nbsp;<\/p>\n","protected":false},"excerpt":{"rendered":"<p>Informa\u00e7\u00f5es 2021\/2022 Informa\u00e7\u00f5es gerais &#8211; Provas 2022 Calend\u00e1rio &nbsp; Provas de aferi\u00e7\u00e3o 2.\u00ba ano &#8211; Calendariza\u00e7\u00e3o (Provas pr\u00e1ticas) &#8211; Informa\u00e7\u00f5es&hellip; <a class=\"continue\" href=\"https:\/\/aesia.pt\/portal\/exames-provas-finais\/\">Ler mais<span> Provas finais 2021_2022<\/span><\/a><\/p>\n","protected":false},"author":8,"featured_media":1750,"parent":0,"menu_order":0,"comment_status":"open","ping_status":"open","template":"p_base.php","meta":{"_acf_changed":false,"footnotes":""},"class_list":["post-287","page","type-page","status-publish","has-post-thumbnail","hentry"],"acf":[],"yoast_head":"<!-- This site is optimized with the Yoast SEO plugin v27.4 - https:\/\/yoast.com\/product\/yoast-seo-wordpress\/ -->\n<title>Provas finais 2021_2022 &#8211; AESIA<\/title>\n<meta name=\"robots\" content=\"index, follow, max-snippet:-1, max-image-preview:large, max-video-preview:-1\" \/>\n<link rel=\"canonical\" href=\"https:\/\/aesia.pt\/portal\/exames-provas-finais\/\" \/>\n<meta property=\"og:locale\" content=\"pt_PT\" \/>\n<meta property=\"og:type\" content=\"article\" \/>\n<meta property=\"og:title\" content=\"Provas finais 2021_2022 &#8211; AESIA\" \/>\n<meta property=\"og:description\" content=\"Informa\u00e7\u00f5es 2021\/2022 Informa\u00e7\u00f5es gerais &#8211; Provas 2022 Calend\u00e1rio &nbsp; Provas de aferi\u00e7\u00e3o 2.\u00ba ano &#8211; Calendariza\u00e7\u00e3o (Provas pr\u00e1ticas) &#8211; Informa\u00e7\u00f5es&hellip; Ler mais Provas finais 2021_2022\" \/>\n<meta property=\"og:url\" content=\"https:\/\/aesia.pt\/portal\/exames-provas-finais\/\" \/>\n<meta property=\"og:site_name\" content=\"AESIA\" \/>\n<meta property=\"article:publisher\" content=\"https:\/\/www.facebook.com\/aesia.pt\/\" \/>\n<meta property=\"article:modified_time\" content=\"2022-06-09T16:49:12+00:00\" \/>\n<meta property=\"og:image\" content=\"https:\/\/aesia.pt\/portal\/wp-content\/uploads\/2014\/07\/provas-Finais.png\" \/>\n\t<meta property=\"og:image:width\" content=\"480\" \/>\n\t<meta property=\"og:image:height\" content=\"473\" \/>\n\t<meta property=\"og:image:type\" content=\"image\/png\" \/>\n<meta name=\"twitter:card\" content=\"summary_large_image\" \/>\n<meta name=\"twitter:label1\" content=\"Tempo estimado de leitura\" \/>\n\t<meta name=\"twitter:data1\" content=\"1 minuto\" \/>\n<script type=\"application\/ld+json\" class=\"yoast-schema-graph\">{\"@context\":\"https:\\\/\\\/schema.org\",\"@graph\":[{\"@type\":\"WebPage\",\"@id\":\"https:\\\/\\\/aesia.pt\\\/portal\\\/exames-provas-finais\\\/\",\"url\":\"https:\\\/\\\/aesia.pt\\\/portal\\\/exames-provas-finais\\\/\",\"name\":\"Provas finais 2021_2022 &#8211; AESIA\",\"isPartOf\":{\"@id\":\"https:\\\/\\\/aesia.pt\\\/portal\\\/#website\"},\"primaryImageOfPage\":{\"@id\":\"https:\\\/\\\/aesia.pt\\\/portal\\\/exames-provas-finais\\\/#primaryimage\"},\"image\":{\"@id\":\"https:\\\/\\\/aesia.pt\\\/portal\\\/exames-provas-finais\\\/#primaryimage\"},\"thumbnailUrl\":\"https:\\\/\\\/aesia.pt\\\/portal\\\/wp-content\\\/uploads\\\/2014\\\/07\\\/provas-Finais.png\",\"datePublished\":\"2014-07-23T17:37:43+00:00\",\"dateModified\":\"2022-06-09T16:49:12+00:00\",\"breadcrumb\":{\"@id\":\"https:\\\/\\\/aesia.pt\\\/portal\\\/exames-provas-finais\\\/#breadcrumb\"},\"inLanguage\":\"pt-PT\",\"potentialAction\":[{\"@type\":\"ReadAction\",\"target\":[\"https:\\\/\\\/aesia.pt\\\/portal\\\/exames-provas-finais\\\/\"]}]},{\"@type\":\"ImageObject\",\"inLanguage\":\"pt-PT\",\"@id\":\"https:\\\/\\\/aesia.pt\\\/portal\\\/exames-provas-finais\\\/#primaryimage\",\"url\":\"https:\\\/\\\/aesia.pt\\\/portal\\\/wp-content\\\/uploads\\\/2014\\\/07\\\/provas-Finais.png\",\"contentUrl\":\"https:\\\/\\\/aesia.pt\\\/portal\\\/wp-content\\\/uploads\\\/2014\\\/07\\\/provas-Finais.png\",\"width\":480,\"height\":473},{\"@type\":\"BreadcrumbList\",\"@id\":\"https:\\\/\\\/aesia.pt\\\/portal\\\/exames-provas-finais\\\/#breadcrumb\",\"itemListElement\":[{\"@type\":\"ListItem\",\"position\":1,\"name\":\"Home\",\"item\":\"https:\\\/\\\/aesia.pt\\\/portal\\\/\"},{\"@type\":\"ListItem\",\"position\":2,\"name\":\"Provas finais 2021_2022\"}]},{\"@type\":\"WebSite\",\"@id\":\"https:\\\/\\\/aesia.pt\\\/portal\\\/#website\",\"url\":\"https:\\\/\\\/aesia.pt\\\/portal\\\/\",\"name\":\"AESIA\",\"description\":\"Agrupamento de Escolas de Santa Iria de Az\u00f3ia\",\"publisher\":{\"@id\":\"https:\\\/\\\/aesia.pt\\\/portal\\\/#organization\"},\"alternateName\":\"Agrupamento de Escolas de Santa Iria de Az\u00f3ia\",\"potentialAction\":[{\"@type\":\"SearchAction\",\"target\":{\"@type\":\"EntryPoint\",\"urlTemplate\":\"https:\\\/\\\/aesia.pt\\\/portal\\\/?s={search_term_string}\"},\"query-input\":{\"@type\":\"PropertyValueSpecification\",\"valueRequired\":true,\"valueName\":\"search_term_string\"}}],\"inLanguage\":\"pt-PT\"},{\"@type\":\"Organization\",\"@id\":\"https:\\\/\\\/aesia.pt\\\/portal\\\/#organization\",\"name\":\"Agrupamento de Escolas de Santa Iria de Az\u00f3ia\",\"alternateName\":\"AESIA\",\"url\":\"https:\\\/\\\/aesia.pt\\\/portal\\\/\",\"logo\":{\"@type\":\"ImageObject\",\"inLanguage\":\"pt-PT\",\"@id\":\"https:\\\/\\\/aesia.pt\\\/portal\\\/#\\\/schema\\\/logo\\\/image\\\/\",\"url\":\"https:\\\/\\\/aesia.pt\\\/portal\\\/wp-content\\\/uploads\\\/2023\\\/04\\\/logo4.png\",\"contentUrl\":\"https:\\\/\\\/aesia.pt\\\/portal\\\/wp-content\\\/uploads\\\/2023\\\/04\\\/logo4.png\",\"width\":162,\"height\":162,\"caption\":\"Agrupamento de Escolas de Santa Iria de Az\u00f3ia\"},\"image\":{\"@id\":\"https:\\\/\\\/aesia.pt\\\/portal\\\/#\\\/schema\\\/logo\\\/image\\\/\"},\"sameAs\":[\"https:\\\/\\\/www.facebook.com\\\/aesia.pt\\\/\"]}]}<\/script>\n<!-- \/ Yoast SEO plugin. -->","yoast_head_json":{"title":"Provas finais 2021_2022 &#8211; AESIA","robots":{"index":"index","follow":"follow","max-snippet":"max-snippet:-1","max-image-preview":"max-image-preview:large","max-video-preview":"max-video-preview:-1"},"canonical":"https:\/\/aesia.pt\/portal\/exames-provas-finais\/","og_locale":"pt_PT","og_type":"article","og_title":"Provas finais 2021_2022 &#8211; AESIA","og_description":"Informa\u00e7\u00f5es 2021\/2022 Informa\u00e7\u00f5es gerais &#8211; Provas 2022 Calend\u00e1rio &nbsp; Provas de aferi\u00e7\u00e3o 2.\u00ba ano &#8211; Calendariza\u00e7\u00e3o (Provas pr\u00e1ticas) &#8211; Informa\u00e7\u00f5es&hellip; Ler mais Provas finais 2021_2022","og_url":"https:\/\/aesia.pt\/portal\/exames-provas-finais\/","og_site_name":"AESIA","article_publisher":"https:\/\/www.facebook.com\/aesia.pt\/","article_modified_time":"2022-06-09T16:49:12+00:00","og_image":[{"width":480,"height":473,"url":"https:\/\/aesia.pt\/portal\/wp-content\/uploads\/2014\/07\/provas-Finais.png","type":"image\/png"}],"twitter_card":"summary_large_image","twitter_misc":{"Tempo estimado de leitura":"1 minuto"},"schema":{"@context":"https:\/\/schema.org","@graph":[{"@type":"WebPage","@id":"https:\/\/aesia.pt\/portal\/exames-provas-finais\/","url":"https:\/\/aesia.pt\/portal\/exames-provas-finais\/","name":"Provas finais 2021_2022 &#8211; AESIA","isPartOf":{"@id":"https:\/\/aesia.pt\/portal\/#website"},"primaryImageOfPage":{"@id":"https:\/\/aesia.pt\/portal\/exames-provas-finais\/#primaryimage"},"image":{"@id":"https:\/\/aesia.pt\/portal\/exames-provas-finais\/#primaryimage"},"thumbnailUrl":"https:\/\/aesia.pt\/portal\/wp-content\/uploads\/2014\/07\/provas-Finais.png","datePublished":"2014-07-23T17:37:43+00:00","dateModified":"2022-06-09T16:49:12+00:00","breadcrumb":{"@id":"https:\/\/aesia.pt\/portal\/exames-provas-finais\/#breadcrumb"},"inLanguage":"pt-PT","potentialAction":[{"@type":"ReadAction","target":["https:\/\/aesia.pt\/portal\/exames-provas-finais\/"]}]},{"@type":"ImageObject","inLanguage":"pt-PT","@id":"https:\/\/aesia.pt\/portal\/exames-provas-finais\/#primaryimage","url":"https:\/\/aesia.pt\/portal\/wp-content\/uploads\/2014\/07\/provas-Finais.png","contentUrl":"https:\/\/aesia.pt\/portal\/wp-content\/uploads\/2014\/07\/provas-Finais.png","width":480,"height":473},{"@type":"BreadcrumbList","@id":"https:\/\/aesia.pt\/portal\/exames-provas-finais\/#breadcrumb","itemListElement":[{"@type":"ListItem","position":1,"name":"Home","item":"https:\/\/aesia.pt\/portal\/"},{"@type":"ListItem","position":2,"name":"Provas finais 2021_2022"}]},{"@type":"WebSite","@id":"https:\/\/aesia.pt\/portal\/#website","url":"https:\/\/aesia.pt\/portal\/","name":"AESIA","description":"Agrupamento de Escolas de Santa Iria de Az\u00f3ia","publisher":{"@id":"https:\/\/aesia.pt\/portal\/#organization"},"alternateName":"Agrupamento de Escolas de Santa Iria de Az\u00f3ia","potentialAction":[{"@type":"SearchAction","target":{"@type":"EntryPoint","urlTemplate":"https:\/\/aesia.pt\/portal\/?s={search_term_string}"},"query-input":{"@type":"PropertyValueSpecification","valueRequired":true,"valueName":"search_term_string"}}],"inLanguage":"pt-PT"},{"@type":"Organization","@id":"https:\/\/aesia.pt\/portal\/#organization","name":"Agrupamento de Escolas de Santa Iria de Az\u00f3ia","alternateName":"AESIA","url":"https:\/\/aesia.pt\/portal\/","logo":{"@type":"ImageObject","inLanguage":"pt-PT","@id":"https:\/\/aesia.pt\/portal\/#\/schema\/logo\/image\/","url":"https:\/\/aesia.pt\/portal\/wp-content\/uploads\/2023\/04\/logo4.png","contentUrl":"https:\/\/aesia.pt\/portal\/wp-content\/uploads\/2023\/04\/logo4.png","width":162,"height":162,"caption":"Agrupamento de Escolas de Santa Iria de Az\u00f3ia"},"image":{"@id":"https:\/\/aesia.pt\/portal\/#\/schema\/logo\/image\/"},"sameAs":["https:\/\/www.facebook.com\/aesia.pt\/"]}]}},"_links":{"self":[{"href":"https:\/\/aesia.pt\/portal\/wp-json\/wp\/v2\/pages\/287","targetHints":{"allow":["GET"]}}],"collection":[{"href":"https:\/\/aesia.pt\/portal\/wp-json\/wp\/v2\/pages"}],"about":[{"href":"https:\/\/aesia.pt\/portal\/wp-json\/wp\/v2\/types\/page"}],"author":[{"embeddable":true,"href":"https:\/\/aesia.pt\/portal\/wp-json\/wp\/v2\/users\/8"}],"replies":[{"embeddable":true,"href":"https:\/\/aesia.pt\/portal\/wp-json\/wp\/v2\/comments?post=287"}],"version-history":[{"count":89,"href":"https:\/\/aesia.pt\/portal\/wp-json\/wp\/v2\/pages\/287\/revisions"}],"predecessor-version":[{"id":5725,"href":"https:\/\/aesia.pt\/portal\/wp-json\/wp\/v2\/pages\/287\/revisions\/5725"}],"wp:featuredmedia":[{"embeddable":true,"href":"https:\/\/aesia.pt\/portal\/wp-json\/wp\/v2\/media\/1750"}],"wp:attachment":[{"href":"https:\/\/aesia.pt\/portal\/wp-json\/wp\/v2\/media?parent=287"}],"curies":[{"name":"wp","href":"https:\/\/api.w.org\/{rel}","templated":true}]}}