{"id":283,"date":"2014-07-23T17:36:37","date_gmt":"2014-07-23T17:36:37","guid":{"rendered":"http:\/\/localhost:82\/aesia\/?page_id=283"},"modified":"2025-09-03T09:18:54","modified_gmt":"2025-09-03T09:18:54","slug":"manuais-escolares","status":"publish","type":"page","link":"https:\/\/aesia.pt\/portal\/manuais-escolares\/","title":{"rendered":"Manuais Escolares e Materiais Recomendados"},"content":{"rendered":"\n<h2 class=\"wp-block-heading has-text-align-center\"><strong>Listas de Manuais Escolares 2025\/26<\/strong><\/h2>\n\n\n\n<p><a href=\"https:\/\/drive.google.com\/file\/d\/1QZHj0qVE6eXpnEhktxnbjMThK3a4uO27\/view?usp=sharing\">EB Santa Iria de Az\u00f3ia (2.\u00ba e 3.\u00ba Ciclos)<\/a><\/p>\n\n\n\n<p><a href=\"https:\/\/drive.google.com\/file\/d\/1M4hRyu5jcCv6cp0fhYqZQMdzaFn5Jice\/view?usp=sharing\">EB Alto da Eira (1.\u00ba Ciclo)<\/a><\/p>\n\n\n\n<p><a href=\"https:\/\/drive.google.com\/file\/d\/1hQ9tPBsdihk1p7XvbIgw7lEGfdu5rv1x\/view?usp=sharing\">EB da Bela Vista (1.\u00ba Ciclo)<\/a><\/p>\n\n\n\n<p><a href=\"https:\/\/drive.google.com\/file\/d\/1NYMy5BQ-snXCjRqzuIo2gvHvrjRivr3f\/view?usp=sharing\">EB da Covina (1.\u00ba Ciclo)<\/a><\/p>\n\n\n\n<p><a href=\"https:\/\/drive.google.com\/file\/d\/1ZZyKoROEjA5SL9RqoyaCv4U3VaEj0y69\/view?usp=sharing\">EB Fernando Pessoa (1.\u00ba Ciclo)<\/a><\/p>\n\n\n\n<p><a href=\"https:\/\/drive.google.com\/file\/d\/1mPQsmlA1nS2jvZR9mRu97SGtWXjcXawz\/view?usp=sharing\">EB J\u00falio Dinis (1.\u00ba Ciclo)<\/a><\/p>\n\n\n\n<p><a href=\"https:\/\/drive.google.com\/file\/d\/18Gg3m1VTZ6jRBbS6XV3iyvGF4-0gKOA_\/view?usp=sharing\">EB da Via Rara  (1.\u00ba Ciclo)<\/a><\/p>\n\n\n\n<p class=\"has-text-align-left\"><\/p>\n\n\n\n<p><\/p>\n\n\n\n<h2 class=\"wp-block-heading has-text-align-center\">Material recomendado 2025\/26 <\/h2>\n\n\n\n<p class=\"has-text-align-center\"><\/p>\n\n\n\n<p class=\"has-text-align-center\"><\/p>\n\n\n\n<p>Material recomendado para Educa\u00e7\u00e3o Pr\u00e9-escolar &#8211; <a href=\"https:\/\/drive.google.com\/file\/d\/1LhK3NCRC_okLhlAc2MbOb3XzktKJEZJC\/view?usp=sharing\">EPE<\/a><\/p>\n\n\n\n<p>Material recomendado para o 1\u00baCiclo &#8211; <a href=\"https:\/\/drive.google.com\/file\/d\/1h1390XmEigonKfY4ULx4AB9dBJnmiUlB\/view?usp=sharing\">1\u00ba Ano<\/a> &#8211; <a href=\"https:\/\/drive.google.com\/file\/d\/1k-lgxJiakGiLrlnswEHQGq_RvwQjQtGa\/view?usp=sharing\">2\u00ba Ano<\/a> &#8211; <a href=\"https:\/\/drive.google.com\/file\/d\/1b_r5BeLPqvAvrFrdFxuRWlohrqeP2nCy\/view?usp=sharing\">3\u00ba Ano<\/a> &#8211; <a href=\"https:\/\/drive.google.com\/file\/d\/1wY6J8Ya-tjcot4dCs585kJ2_rB9_3Lb2\/view?usp=sharing\">4\u00ba Ano<\/a><\/p>\n\n\n\n<p>&nbsp; &nbsp; &nbsp; &nbsp; &#8211; Departamento de Portugu\u00eas e L\u00ednguas Estrangeiras &#8211; ESP &#8211; <a href=\"https:\/\/drive.google.com\/file\/d\/14J6h8WIpRjCKSo1mgExsMcK-6VvhtKS8\/view?usp=sharing\">FR<\/a> &#8211; <a href=\"https:\/\/drive.google.com\/file\/d\/1EJGkCEPQ3T5nyU7ZGAIAMsRbREOseeZk\/view?usp=sharing\">ING<\/a> &#8211; <a href=\"https:\/\/drive.google.com\/file\/d\/1j0lgUI910pJd1eWRwKyxnABnQghDI4Cw\/view?usp=sharing\">PORT<\/a> &#8211; 2\u00baC &#8211; <a href=\"https:\/\/drive.google.com\/file\/d\/1lT8pyCSROk6gXaXouQjYmrGJtGrI0txD\/view?usp=sharing\">PORT<\/a> &#8211; 3\u00baC<\/p>\n\n\n\n<p>\u00a0 \u00a0 \u00a0 \u00a0 &#8211; Dep. de Matem\u00e1tica, Ci\u00eancias Experimentais e Tecnologias de Informa\u00e7\u00e3o &#8211; <a href=\"https:\/\/drive.google.com\/file\/d\/1ux5dbC8PL2Y0POf7Y2-qfOClrg38QNN7\/view?usp=sharing\">MAT\/CN\/FQ\/TIC<\/a><\/p>\n\n\n\n<p>&nbsp; &nbsp; &nbsp; &nbsp; &#8211; Departamento de Ci\u00eancias Sociais e Humanas : <a href=\"https:\/\/drive.google.com\/file\/d\/1euigY55FGBMPrAsIAr1V0b9paqK4oSaE\/view?usp=sharing\">HGP\/HIST\/GEO<\/a><\/p>\n\n\n\n<p>&nbsp; &nbsp; &nbsp; &nbsp; &#8211; Departamento de Express\u00f5es: &#8211; <a href=\"https:\/\/drive.google.com\/file\/d\/1ovDT4yV4TM_rtCBkQkHj444NR2eKHCGJ\/view?usp=sharing\">EM<\/a> &#8211; <a href=\"https:\/\/drive.google.com\/file\/d\/1p9xITh0EL4bEsozZZ7FiUYzfptNfFbao\/view?usp=sharing\">EF<\/a> &#8211; <a href=\"https:\/\/drive.google.com\/file\/d\/1vh9wWdX94rrJcLLQuonWAzIMlxzoEQom\/view?usp=sharing\">EV\/ET<\/a> &#8211; <a href=\"https:\/\/drive.google.com\/file\/d\/1kU4t9e2xa_d6CliekdLqmCAy-OqJg7K3\/view?usp=sharing\">EV\/CEA<\/a><\/p>\n\n\n\n<p><\/p>\n\n\n\n<p><strong>Nota:<\/strong><em> As listas de material publicadas&nbsp;foram enviadas pelos coordenadores e delegados de grupo. Caso exista alguma d\u00favida, n\u00e3o o devem adquirir, no seu todo, ou na sua parte e aguardar pelo in\u00edcio&nbsp;das aulas para pedir o esclarecimento ao ETG, ou PTT, ou professor&nbsp;da disciplina, em causa.<\/em><\/p>\n\n\n\n<p><\/p>\n\n\n<h4>\u00a0<\/h4>\n<h4>A lista de manuais est\u00e1 exposta em todas as escolas do AESIA.<\/h4>\n<div>Informam-se os encarregados de educa\u00e7\u00e3o que nos termos da Lei os manuais escolares s\u00e3o gratuitos para todos os alunos dos 1\u00ba, 2\u00ba e 3\u00ba ciclos de escolaridade.<\/div>\n<div>\u00a0<\/div>\n<div>\u00a0<\/div>\n<div><strong>Nota:<\/strong> <em>O departamento do 1\u00ba ciclo aconselha que os encarregados de educa\u00e7\u00e3o n\u00e3o adquiram as fichas de atividades das diferentes disciplinas porque ser\u00e3o oferecidas pela C\u00e2mara Municipal de Loures e entregues em cada escola.<\/em><\/div>\n<p>_____________________________________________________________<\/p>\n<p><strong>Procedimentos a seguir para entrega de manuais<\/strong><\/p>\n<p>Para a entrega de manuais escolares dever\u00e3o os pais e encarregados de educa\u00e7\u00e3o cumprir rigorosamente os hor\u00e1rios indicados para cada uma das turmas, bem como respeitar as orienta\u00e7\u00f5es dos Assistentes Operacionais.<\/p>\n<h2>\u00a0<\/h2>","protected":false},"excerpt":{"rendered":"<p>Listas de Manuais Escolares 2025\/26 EB Santa Iria de Az\u00f3ia (2.\u00ba e 3.\u00ba Ciclos) EB Alto da Eira (1.\u00ba Ciclo)&hellip; <a class=\"continue\" href=\"https:\/\/aesia.pt\/portal\/manuais-escolares\/\">Ler mais<span> Manuais Escolares e Materiais Recomendados<\/span><\/a><\/p>\n","protected":false},"author":8,"featured_media":2433,"parent":0,"menu_order":0,"comment_status":"open","ping_status":"open","template":"t_manuais.php","meta":{"_acf_changed":false,"footnotes":""},"class_list":["post-283","page","type-page","status-publish","has-post-thumbnail","hentry"],"acf":[],"yoast_head":"<!-- This site is optimized with the Yoast SEO plugin v27.4 - https:\/\/yoast.com\/product\/yoast-seo-wordpress\/ -->\n<title>Manuais Escolares e Materiais Recomendados &#8211; AESIA<\/title>\n<meta name=\"robots\" content=\"index, follow, max-snippet:-1, max-image-preview:large, max-video-preview:-1\" \/>\n<link rel=\"canonical\" href=\"https:\/\/aesia.pt\/portal\/manuais-escolares\/\" \/>\n<meta property=\"og:locale\" content=\"pt_PT\" \/>\n<meta property=\"og:type\" content=\"article\" \/>\n<meta property=\"og:title\" content=\"Manuais Escolares e Materiais Recomendados &#8211; AESIA\" \/>\n<meta property=\"og:description\" content=\"Listas de Manuais Escolares 2025\/26 EB Santa Iria de Az\u00f3ia (2.\u00ba e 3.\u00ba Ciclos) EB Alto da Eira (1.\u00ba Ciclo)&hellip; Ler mais Manuais Escolares e Materiais Recomendados\" \/>\n<meta property=\"og:url\" content=\"https:\/\/aesia.pt\/portal\/manuais-escolares\/\" \/>\n<meta property=\"og:site_name\" content=\"AESIA\" \/>\n<meta property=\"article:publisher\" content=\"https:\/\/www.facebook.com\/aesia.pt\/\" \/>\n<meta property=\"article:modified_time\" content=\"2025-09-03T09:18:54+00:00\" \/>\n<meta property=\"og:image\" content=\"https:\/\/aesia.pt\/portal\/wp-content\/uploads\/2016\/05\/AESIA.jpg\" \/>\n\t<meta property=\"og:image:width\" content=\"984\" \/>\n\t<meta property=\"og:image:height\" content=\"743\" \/>\n\t<meta property=\"og:image:type\" content=\"image\/jpeg\" \/>\n<meta name=\"twitter:card\" content=\"summary_large_image\" \/>\n<meta name=\"twitter:label1\" content=\"Tempo estimado de leitura\" \/>\n\t<meta name=\"twitter:data1\" content=\"1 minuto\" \/>\n<script type=\"application\/ld+json\" class=\"yoast-schema-graph\">{\"@context\":\"https:\\\/\\\/schema.org\",\"@graph\":[{\"@type\":\"WebPage\",\"@id\":\"https:\\\/\\\/aesia.pt\\\/portal\\\/manuais-escolares\\\/\",\"url\":\"https:\\\/\\\/aesia.pt\\\/portal\\\/manuais-escolares\\\/\",\"name\":\"Manuais Escolares e Materiais Recomendados &#8211; AESIA\",\"isPartOf\":{\"@id\":\"https:\\\/\\\/aesia.pt\\\/portal\\\/#website\"},\"primaryImageOfPage\":{\"@id\":\"https:\\\/\\\/aesia.pt\\\/portal\\\/manuais-escolares\\\/#primaryimage\"},\"image\":{\"@id\":\"https:\\\/\\\/aesia.pt\\\/portal\\\/manuais-escolares\\\/#primaryimage\"},\"thumbnailUrl\":\"https:\\\/\\\/aesia.pt\\\/portal\\\/wp-content\\\/uploads\\\/2016\\\/05\\\/AESIA.jpg\",\"datePublished\":\"2014-07-23T17:36:37+00:00\",\"dateModified\":\"2025-09-03T09:18:54+00:00\",\"breadcrumb\":{\"@id\":\"https:\\\/\\\/aesia.pt\\\/portal\\\/manuais-escolares\\\/#breadcrumb\"},\"inLanguage\":\"pt-PT\",\"potentialAction\":[{\"@type\":\"ReadAction\",\"target\":[\"https:\\\/\\\/aesia.pt\\\/portal\\\/manuais-escolares\\\/\"]}]},{\"@type\":\"ImageObject\",\"inLanguage\":\"pt-PT\",\"@id\":\"https:\\\/\\\/aesia.pt\\\/portal\\\/manuais-escolares\\\/#primaryimage\",\"url\":\"https:\\\/\\\/aesia.pt\\\/portal\\\/wp-content\\\/uploads\\\/2016\\\/05\\\/AESIA.jpg\",\"contentUrl\":\"https:\\\/\\\/aesia.pt\\\/portal\\\/wp-content\\\/uploads\\\/2016\\\/05\\\/AESIA.jpg\",\"width\":984,\"height\":743,\"caption\":\"Autoavalia\u00e7\u00e3o AESIA\"},{\"@type\":\"BreadcrumbList\",\"@id\":\"https:\\\/\\\/aesia.pt\\\/portal\\\/manuais-escolares\\\/#breadcrumb\",\"itemListElement\":[{\"@type\":\"ListItem\",\"position\":1,\"name\":\"Home\",\"item\":\"https:\\\/\\\/aesia.pt\\\/portal\\\/\"},{\"@type\":\"ListItem\",\"position\":2,\"name\":\"Manuais Escolares e Materiais Recomendados\"}]},{\"@type\":\"WebSite\",\"@id\":\"https:\\\/\\\/aesia.pt\\\/portal\\\/#website\",\"url\":\"https:\\\/\\\/aesia.pt\\\/portal\\\/\",\"name\":\"AESIA\",\"description\":\"Agrupamento de Escolas de Santa Iria de Az\u00f3ia\",\"publisher\":{\"@id\":\"https:\\\/\\\/aesia.pt\\\/portal\\\/#organization\"},\"alternateName\":\"Agrupamento de Escolas de Santa Iria de Az\u00f3ia\",\"potentialAction\":[{\"@type\":\"SearchAction\",\"target\":{\"@type\":\"EntryPoint\",\"urlTemplate\":\"https:\\\/\\\/aesia.pt\\\/portal\\\/?s={search_term_string}\"},\"query-input\":{\"@type\":\"PropertyValueSpecification\",\"valueRequired\":true,\"valueName\":\"search_term_string\"}}],\"inLanguage\":\"pt-PT\"},{\"@type\":\"Organization\",\"@id\":\"https:\\\/\\\/aesia.pt\\\/portal\\\/#organization\",\"name\":\"Agrupamento de Escolas de Santa Iria de Az\u00f3ia\",\"alternateName\":\"AESIA\",\"url\":\"https:\\\/\\\/aesia.pt\\\/portal\\\/\",\"logo\":{\"@type\":\"ImageObject\",\"inLanguage\":\"pt-PT\",\"@id\":\"https:\\\/\\\/aesia.pt\\\/portal\\\/#\\\/schema\\\/logo\\\/image\\\/\",\"url\":\"https:\\\/\\\/aesia.pt\\\/portal\\\/wp-content\\\/uploads\\\/2023\\\/04\\\/logo4.png\",\"contentUrl\":\"https:\\\/\\\/aesia.pt\\\/portal\\\/wp-content\\\/uploads\\\/2023\\\/04\\\/logo4.png\",\"width\":162,\"height\":162,\"caption\":\"Agrupamento de Escolas de Santa Iria de Az\u00f3ia\"},\"image\":{\"@id\":\"https:\\\/\\\/aesia.pt\\\/portal\\\/#\\\/schema\\\/logo\\\/image\\\/\"},\"sameAs\":[\"https:\\\/\\\/www.facebook.com\\\/aesia.pt\\\/\"]}]}<\/script>\n<!-- \/ Yoast SEO plugin. -->","yoast_head_json":{"title":"Manuais Escolares e Materiais Recomendados &#8211; AESIA","robots":{"index":"index","follow":"follow","max-snippet":"max-snippet:-1","max-image-preview":"max-image-preview:large","max-video-preview":"max-video-preview:-1"},"canonical":"https:\/\/aesia.pt\/portal\/manuais-escolares\/","og_locale":"pt_PT","og_type":"article","og_title":"Manuais Escolares e Materiais Recomendados &#8211; AESIA","og_description":"Listas de Manuais Escolares 2025\/26 EB Santa Iria de Az\u00f3ia (2.\u00ba e 3.\u00ba Ciclos) EB Alto da Eira (1.\u00ba Ciclo)&hellip; Ler mais Manuais Escolares e Materiais Recomendados","og_url":"https:\/\/aesia.pt\/portal\/manuais-escolares\/","og_site_name":"AESIA","article_publisher":"https:\/\/www.facebook.com\/aesia.pt\/","article_modified_time":"2025-09-03T09:18:54+00:00","og_image":[{"width":984,"height":743,"url":"https:\/\/aesia.pt\/portal\/wp-content\/uploads\/2016\/05\/AESIA.jpg","type":"image\/jpeg"}],"twitter_card":"summary_large_image","twitter_misc":{"Tempo estimado de leitura":"1 minuto"},"schema":{"@context":"https:\/\/schema.org","@graph":[{"@type":"WebPage","@id":"https:\/\/aesia.pt\/portal\/manuais-escolares\/","url":"https:\/\/aesia.pt\/portal\/manuais-escolares\/","name":"Manuais Escolares e Materiais Recomendados &#8211; AESIA","isPartOf":{"@id":"https:\/\/aesia.pt\/portal\/#website"},"primaryImageOfPage":{"@id":"https:\/\/aesia.pt\/portal\/manuais-escolares\/#primaryimage"},"image":{"@id":"https:\/\/aesia.pt\/portal\/manuais-escolares\/#primaryimage"},"thumbnailUrl":"https:\/\/aesia.pt\/portal\/wp-content\/uploads\/2016\/05\/AESIA.jpg","datePublished":"2014-07-23T17:36:37+00:00","dateModified":"2025-09-03T09:18:54+00:00","breadcrumb":{"@id":"https:\/\/aesia.pt\/portal\/manuais-escolares\/#breadcrumb"},"inLanguage":"pt-PT","potentialAction":[{"@type":"ReadAction","target":["https:\/\/aesia.pt\/portal\/manuais-escolares\/"]}]},{"@type":"ImageObject","inLanguage":"pt-PT","@id":"https:\/\/aesia.pt\/portal\/manuais-escolares\/#primaryimage","url":"https:\/\/aesia.pt\/portal\/wp-content\/uploads\/2016\/05\/AESIA.jpg","contentUrl":"https:\/\/aesia.pt\/portal\/wp-content\/uploads\/2016\/05\/AESIA.jpg","width":984,"height":743,"caption":"Autoavalia\u00e7\u00e3o AESIA"},{"@type":"BreadcrumbList","@id":"https:\/\/aesia.pt\/portal\/manuais-escolares\/#breadcrumb","itemListElement":[{"@type":"ListItem","position":1,"name":"Home","item":"https:\/\/aesia.pt\/portal\/"},{"@type":"ListItem","position":2,"name":"Manuais Escolares e Materiais Recomendados"}]},{"@type":"WebSite","@id":"https:\/\/aesia.pt\/portal\/#website","url":"https:\/\/aesia.pt\/portal\/","name":"AESIA","description":"Agrupamento de Escolas de Santa Iria de Az\u00f3ia","publisher":{"@id":"https:\/\/aesia.pt\/portal\/#organization"},"alternateName":"Agrupamento de Escolas de Santa Iria de Az\u00f3ia","potentialAction":[{"@type":"SearchAction","target":{"@type":"EntryPoint","urlTemplate":"https:\/\/aesia.pt\/portal\/?s={search_term_string}"},"query-input":{"@type":"PropertyValueSpecification","valueRequired":true,"valueName":"search_term_string"}}],"inLanguage":"pt-PT"},{"@type":"Organization","@id":"https:\/\/aesia.pt\/portal\/#organization","name":"Agrupamento de Escolas de Santa Iria de Az\u00f3ia","alternateName":"AESIA","url":"https:\/\/aesia.pt\/portal\/","logo":{"@type":"ImageObject","inLanguage":"pt-PT","@id":"https:\/\/aesia.pt\/portal\/#\/schema\/logo\/image\/","url":"https:\/\/aesia.pt\/portal\/wp-content\/uploads\/2023\/04\/logo4.png","contentUrl":"https:\/\/aesia.pt\/portal\/wp-content\/uploads\/2023\/04\/logo4.png","width":162,"height":162,"caption":"Agrupamento de Escolas de Santa Iria de Az\u00f3ia"},"image":{"@id":"https:\/\/aesia.pt\/portal\/#\/schema\/logo\/image\/"},"sameAs":["https:\/\/www.facebook.com\/aesia.pt\/"]}]}},"_links":{"self":[{"href":"https:\/\/aesia.pt\/portal\/wp-json\/wp\/v2\/pages\/283","targetHints":{"allow":["GET"]}}],"collection":[{"href":"https:\/\/aesia.pt\/portal\/wp-json\/wp\/v2\/pages"}],"about":[{"href":"https:\/\/aesia.pt\/portal\/wp-json\/wp\/v2\/types\/page"}],"author":[{"embeddable":true,"href":"https:\/\/aesia.pt\/portal\/wp-json\/wp\/v2\/users\/8"}],"replies":[{"embeddable":true,"href":"https:\/\/aesia.pt\/portal\/wp-json\/wp\/v2\/comments?post=283"}],"version-history":[{"count":144,"href":"https:\/\/aesia.pt\/portal\/wp-json\/wp\/v2\/pages\/283\/revisions"}],"predecessor-version":[{"id":15958,"href":"https:\/\/aesia.pt\/portal\/wp-json\/wp\/v2\/pages\/283\/revisions\/15958"}],"wp:featuredmedia":[{"embeddable":true,"href":"https:\/\/aesia.pt\/portal\/wp-json\/wp\/v2\/media\/2433"}],"wp:attachment":[{"href":"https:\/\/aesia.pt\/portal\/wp-json\/wp\/v2\/media?parent=283"}],"curies":[{"name":"wp","href":"https:\/\/api.w.org\/{rel}","templated":true}]}}