{"id":264,"date":"2014-07-23T17:29:07","date_gmt":"2014-07-23T17:29:07","guid":{"rendered":"http:\/\/localhost:82\/aesia\/?page_id=264"},"modified":"2026-02-12T15:12:04","modified_gmt":"2026-02-12T15:12:04","slug":"plano-anual-de-actividades","status":"publish","type":"page","link":"https:\/\/aesia.pt\/portal\/plano-anual-de-actividades\/","title":{"rendered":"Planos"},"content":{"rendered":"\n<figure class=\"wp-block-image size-full\"><a href=\"https:\/\/aesia.pt\/portal\/wp-content\/uploads\/2024\/01\/Planos-1.jpg\"><img loading=\"lazy\" decoding=\"async\" width=\"211\" height=\"112\" src=\"https:\/\/aesia.pt\/portal\/wp-content\/uploads\/2024\/01\/Planos-1.jpg\" alt=\"\" class=\"wp-image-10287\"\/><\/a><\/figure>\n\n\n<h4>\u00a0<\/h4>\n<p><strong>I &#8211;<\/strong> <a href=\"https:\/\/drive.google.com\/file\/d\/1x2ikceB7TygPZ6Tbdk5Fbngf4WCn1kz1\/view?usp=sharing\">Plano Anual de Atividades &#8211; 2025\/26<\/a><\/p>\n<p><strong><span style=\"color: #000000;\">II &#8211;<\/span> <\/strong><a href=\"https:\/\/drive.google.com\/file\/d\/1Nx0FSgVIl_myA6UglOrJz9Sb_9ZLDUPK\/view?usp=sharing\">Plano Anual de Atividades da EB de Via Rara -2025\/26<\/a><\/p>\n<p><strong>III &#8211;<\/strong> <a href=\"https:\/\/drive.google.com\/file\/d\/1nSh2oe9sZOOoQQKwKRrKH9ae9znB_9jM\/view?usp=sharing\">Plano de A\u00e7\u00e3o de Desenvolvimento Digital da Escola (PADDE) &#8211; 2024\/25<\/a><\/p>\n<p><strong>IV &#8211;<\/strong> <a href=\"https:\/\/drive.google.com\/file\/d\/1C5VCC22WYsd4ab1BA5rNrqG-YSd-BIHu\/view?usp=sharing\">Plano de Forma\u00e7\u00e3o 2025\/2026\u00a0\u00a0<\/a><\/p>\n<p><strong>V &#8211;<\/strong> <a href=\"https:\/\/drive.google.com\/file\/d\/1Cb4fzqTHiBeCrzSb3NZ5s0JD7TjHme8k\/view?usp=drive_link\">Plano de Recupera\u00e7\u00e3o de Aprendizagens &#8211; A\u00e7\u00f5es Priorit\u00e1rias<\/a><\/p>\n<p><strong>VI- \u00a0<\/strong><a href=\"https:\/\/drive.google.com\/file\/d\/1PUkNyRUxRHgX6xW9DwbaBWldIgxQfdFZ\/view?usp=sharing\">Plano de A\u00e7\u00e3o Bullying<\/a><\/p>\n<h4>\u00a0<\/h4>","protected":false},"excerpt":{"rendered":"<p>\u00a0 I &#8211; Plano Anual de Atividades &#8211; 2025\/26 II &#8211; Plano Anual de Atividades da EB de Via Rara&hellip; <a class=\"continue\" href=\"https:\/\/aesia.pt\/portal\/plano-anual-de-actividades\/\">Ler mais<span> Planos<\/span><\/a><\/p>\n","protected":false},"author":8,"featured_media":0,"parent":0,"menu_order":0,"comment_status":"open","ping_status":"open","template":"p_base.php","meta":{"_acf_changed":false,"footnotes":""},"class_list":["post-264","page","type-page","status-publish","hentry"],"acf":[],"yoast_head":"<!-- This site is optimized with the Yoast SEO plugin v27.3 - https:\/\/yoast.com\/product\/yoast-seo-wordpress\/ -->\n<title>Planos &#8211; AESIA<\/title>\n<meta name=\"robots\" content=\"index, follow, max-snippet:-1, max-image-preview:large, max-video-preview:-1\" \/>\n<link rel=\"canonical\" href=\"https:\/\/aesia.pt\/portal\/plano-anual-de-actividades\/\" \/>\n<meta property=\"og:locale\" content=\"pt_PT\" \/>\n<meta property=\"og:type\" content=\"article\" \/>\n<meta property=\"og:title\" content=\"Planos &#8211; AESIA\" \/>\n<meta property=\"og:description\" content=\"\u00a0 I &#8211; Plano Anual de Atividades &#8211; 2025\/26 II &#8211; Plano Anual de Atividades da EB de Via Rara&hellip; Ler mais Planos\" \/>\n<meta property=\"og:url\" content=\"https:\/\/aesia.pt\/portal\/plano-anual-de-actividades\/\" \/>\n<meta property=\"og:site_name\" content=\"AESIA\" \/>\n<meta property=\"article:publisher\" content=\"https:\/\/www.facebook.com\/aesia.pt\/\" \/>\n<meta property=\"article:modified_time\" content=\"2026-02-12T15:12:04+00:00\" \/>\n<meta property=\"og:image\" content=\"https:\/\/aesia.pt\/portal\/wp-content\/uploads\/2024\/01\/Planos-1.jpg\" \/>\n\t<meta property=\"og:image:width\" content=\"211\" \/>\n\t<meta property=\"og:image:height\" content=\"112\" \/>\n\t<meta property=\"og:image:type\" content=\"image\/jpeg\" \/>\n<meta name=\"twitter:card\" content=\"summary_large_image\" \/>\n<meta name=\"twitter:label1\" content=\"Tempo estimado de leitura\" \/>\n\t<meta name=\"twitter:data1\" content=\"1 minuto\" \/>\n<script type=\"application\/ld+json\" class=\"yoast-schema-graph\">{\"@context\":\"https:\\\/\\\/schema.org\",\"@graph\":[{\"@type\":\"WebPage\",\"@id\":\"https:\\\/\\\/aesia.pt\\\/portal\\\/plano-anual-de-actividades\\\/\",\"url\":\"https:\\\/\\\/aesia.pt\\\/portal\\\/plano-anual-de-actividades\\\/\",\"name\":\"Planos &#8211; AESIA\",\"isPartOf\":{\"@id\":\"https:\\\/\\\/aesia.pt\\\/portal\\\/#website\"},\"primaryImageOfPage\":{\"@id\":\"https:\\\/\\\/aesia.pt\\\/portal\\\/plano-anual-de-actividades\\\/#primaryimage\"},\"image\":{\"@id\":\"https:\\\/\\\/aesia.pt\\\/portal\\\/plano-anual-de-actividades\\\/#primaryimage\"},\"thumbnailUrl\":\"https:\\\/\\\/aesia.pt\\\/portal\\\/wp-content\\\/uploads\\\/2024\\\/01\\\/Planos-1.jpg\",\"datePublished\":\"2014-07-23T17:29:07+00:00\",\"dateModified\":\"2026-02-12T15:12:04+00:00\",\"breadcrumb\":{\"@id\":\"https:\\\/\\\/aesia.pt\\\/portal\\\/plano-anual-de-actividades\\\/#breadcrumb\"},\"inLanguage\":\"pt-PT\",\"potentialAction\":[{\"@type\":\"ReadAction\",\"target\":[\"https:\\\/\\\/aesia.pt\\\/portal\\\/plano-anual-de-actividades\\\/\"]}]},{\"@type\":\"ImageObject\",\"inLanguage\":\"pt-PT\",\"@id\":\"https:\\\/\\\/aesia.pt\\\/portal\\\/plano-anual-de-actividades\\\/#primaryimage\",\"url\":\"https:\\\/\\\/aesia.pt\\\/portal\\\/wp-content\\\/uploads\\\/2024\\\/01\\\/Planos-1.jpg\",\"contentUrl\":\"https:\\\/\\\/aesia.pt\\\/portal\\\/wp-content\\\/uploads\\\/2024\\\/01\\\/Planos-1.jpg\",\"width\":211,\"height\":112},{\"@type\":\"BreadcrumbList\",\"@id\":\"https:\\\/\\\/aesia.pt\\\/portal\\\/plano-anual-de-actividades\\\/#breadcrumb\",\"itemListElement\":[{\"@type\":\"ListItem\",\"position\":1,\"name\":\"Home\",\"item\":\"https:\\\/\\\/aesia.pt\\\/portal\\\/\"},{\"@type\":\"ListItem\",\"position\":2,\"name\":\"Planos\"}]},{\"@type\":\"WebSite\",\"@id\":\"https:\\\/\\\/aesia.pt\\\/portal\\\/#website\",\"url\":\"https:\\\/\\\/aesia.pt\\\/portal\\\/\",\"name\":\"AESIA\",\"description\":\"Agrupamento de Escolas de Santa Iria de Az\u00f3ia\",\"publisher\":{\"@id\":\"https:\\\/\\\/aesia.pt\\\/portal\\\/#organization\"},\"alternateName\":\"Agrupamento de Escolas de Santa Iria de Az\u00f3ia\",\"potentialAction\":[{\"@type\":\"SearchAction\",\"target\":{\"@type\":\"EntryPoint\",\"urlTemplate\":\"https:\\\/\\\/aesia.pt\\\/portal\\\/?s={search_term_string}\"},\"query-input\":{\"@type\":\"PropertyValueSpecification\",\"valueRequired\":true,\"valueName\":\"search_term_string\"}}],\"inLanguage\":\"pt-PT\"},{\"@type\":\"Organization\",\"@id\":\"https:\\\/\\\/aesia.pt\\\/portal\\\/#organization\",\"name\":\"Agrupamento de Escolas de Santa Iria de Az\u00f3ia\",\"alternateName\":\"AESIA\",\"url\":\"https:\\\/\\\/aesia.pt\\\/portal\\\/\",\"logo\":{\"@type\":\"ImageObject\",\"inLanguage\":\"pt-PT\",\"@id\":\"https:\\\/\\\/aesia.pt\\\/portal\\\/#\\\/schema\\\/logo\\\/image\\\/\",\"url\":\"https:\\\/\\\/aesia.pt\\\/portal\\\/wp-content\\\/uploads\\\/2023\\\/04\\\/logo4.png\",\"contentUrl\":\"https:\\\/\\\/aesia.pt\\\/portal\\\/wp-content\\\/uploads\\\/2023\\\/04\\\/logo4.png\",\"width\":162,\"height\":162,\"caption\":\"Agrupamento de Escolas de Santa Iria de Az\u00f3ia\"},\"image\":{\"@id\":\"https:\\\/\\\/aesia.pt\\\/portal\\\/#\\\/schema\\\/logo\\\/image\\\/\"},\"sameAs\":[\"https:\\\/\\\/www.facebook.com\\\/aesia.pt\\\/\"]}]}<\/script>\n<!-- \/ Yoast SEO plugin. -->","yoast_head_json":{"title":"Planos &#8211; AESIA","robots":{"index":"index","follow":"follow","max-snippet":"max-snippet:-1","max-image-preview":"max-image-preview:large","max-video-preview":"max-video-preview:-1"},"canonical":"https:\/\/aesia.pt\/portal\/plano-anual-de-actividades\/","og_locale":"pt_PT","og_type":"article","og_title":"Planos &#8211; AESIA","og_description":"\u00a0 I &#8211; Plano Anual de Atividades &#8211; 2025\/26 II &#8211; Plano Anual de Atividades da EB de Via Rara&hellip; Ler mais Planos","og_url":"https:\/\/aesia.pt\/portal\/plano-anual-de-actividades\/","og_site_name":"AESIA","article_publisher":"https:\/\/www.facebook.com\/aesia.pt\/","article_modified_time":"2026-02-12T15:12:04+00:00","og_image":[{"width":211,"height":112,"url":"https:\/\/aesia.pt\/portal\/wp-content\/uploads\/2024\/01\/Planos-1.jpg","type":"image\/jpeg"}],"twitter_card":"summary_large_image","twitter_misc":{"Tempo estimado de leitura":"1 minuto"},"schema":{"@context":"https:\/\/schema.org","@graph":[{"@type":"WebPage","@id":"https:\/\/aesia.pt\/portal\/plano-anual-de-actividades\/","url":"https:\/\/aesia.pt\/portal\/plano-anual-de-actividades\/","name":"Planos &#8211; AESIA","isPartOf":{"@id":"https:\/\/aesia.pt\/portal\/#website"},"primaryImageOfPage":{"@id":"https:\/\/aesia.pt\/portal\/plano-anual-de-actividades\/#primaryimage"},"image":{"@id":"https:\/\/aesia.pt\/portal\/plano-anual-de-actividades\/#primaryimage"},"thumbnailUrl":"https:\/\/aesia.pt\/portal\/wp-content\/uploads\/2024\/01\/Planos-1.jpg","datePublished":"2014-07-23T17:29:07+00:00","dateModified":"2026-02-12T15:12:04+00:00","breadcrumb":{"@id":"https:\/\/aesia.pt\/portal\/plano-anual-de-actividades\/#breadcrumb"},"inLanguage":"pt-PT","potentialAction":[{"@type":"ReadAction","target":["https:\/\/aesia.pt\/portal\/plano-anual-de-actividades\/"]}]},{"@type":"ImageObject","inLanguage":"pt-PT","@id":"https:\/\/aesia.pt\/portal\/plano-anual-de-actividades\/#primaryimage","url":"https:\/\/aesia.pt\/portal\/wp-content\/uploads\/2024\/01\/Planos-1.jpg","contentUrl":"https:\/\/aesia.pt\/portal\/wp-content\/uploads\/2024\/01\/Planos-1.jpg","width":211,"height":112},{"@type":"BreadcrumbList","@id":"https:\/\/aesia.pt\/portal\/plano-anual-de-actividades\/#breadcrumb","itemListElement":[{"@type":"ListItem","position":1,"name":"Home","item":"https:\/\/aesia.pt\/portal\/"},{"@type":"ListItem","position":2,"name":"Planos"}]},{"@type":"WebSite","@id":"https:\/\/aesia.pt\/portal\/#website","url":"https:\/\/aesia.pt\/portal\/","name":"AESIA","description":"Agrupamento de Escolas de Santa Iria de Az\u00f3ia","publisher":{"@id":"https:\/\/aesia.pt\/portal\/#organization"},"alternateName":"Agrupamento de Escolas de Santa Iria de Az\u00f3ia","potentialAction":[{"@type":"SearchAction","target":{"@type":"EntryPoint","urlTemplate":"https:\/\/aesia.pt\/portal\/?s={search_term_string}"},"query-input":{"@type":"PropertyValueSpecification","valueRequired":true,"valueName":"search_term_string"}}],"inLanguage":"pt-PT"},{"@type":"Organization","@id":"https:\/\/aesia.pt\/portal\/#organization","name":"Agrupamento de Escolas de Santa Iria de Az\u00f3ia","alternateName":"AESIA","url":"https:\/\/aesia.pt\/portal\/","logo":{"@type":"ImageObject","inLanguage":"pt-PT","@id":"https:\/\/aesia.pt\/portal\/#\/schema\/logo\/image\/","url":"https:\/\/aesia.pt\/portal\/wp-content\/uploads\/2023\/04\/logo4.png","contentUrl":"https:\/\/aesia.pt\/portal\/wp-content\/uploads\/2023\/04\/logo4.png","width":162,"height":162,"caption":"Agrupamento de Escolas de Santa Iria de Az\u00f3ia"},"image":{"@id":"https:\/\/aesia.pt\/portal\/#\/schema\/logo\/image\/"},"sameAs":["https:\/\/www.facebook.com\/aesia.pt\/"]}]}},"_links":{"self":[{"href":"https:\/\/aesia.pt\/portal\/wp-json\/wp\/v2\/pages\/264","targetHints":{"allow":["GET"]}}],"collection":[{"href":"https:\/\/aesia.pt\/portal\/wp-json\/wp\/v2\/pages"}],"about":[{"href":"https:\/\/aesia.pt\/portal\/wp-json\/wp\/v2\/types\/page"}],"author":[{"embeddable":true,"href":"https:\/\/aesia.pt\/portal\/wp-json\/wp\/v2\/users\/8"}],"replies":[{"embeddable":true,"href":"https:\/\/aesia.pt\/portal\/wp-json\/wp\/v2\/comments?post=264"}],"version-history":[{"count":60,"href":"https:\/\/aesia.pt\/portal\/wp-json\/wp\/v2\/pages\/264\/revisions"}],"predecessor-version":[{"id":16657,"href":"https:\/\/aesia.pt\/portal\/wp-json\/wp\/v2\/pages\/264\/revisions\/16657"}],"wp:attachment":[{"href":"https:\/\/aesia.pt\/portal\/wp-json\/wp\/v2\/media?parent=264"}],"curies":[{"name":"wp","href":"https:\/\/api.w.org\/{rel}","templated":true}]}}