{"id":261,"date":"2014-07-23T17:27:13","date_gmt":"2014-07-23T17:27:13","guid":{"rendered":"http:\/\/localhost:82\/aesia\/?page_id=261"},"modified":"2022-10-23T13:02:31","modified_gmt":"2022-10-23T13:02:31","slug":"regulamento-interno","status":"publish","type":"page","link":"https:\/\/aesia.pt\/portal\/regulamento-interno\/","title":{"rendered":"Projeto Curricular"},"content":{"rendered":"<p><img loading=\"lazy\" decoding=\"async\" class=\"alignnone size-medium wp-image-6145\" src=\"https:\/\/aesia.pt\/portal\/wp-content\/uploads\/2022\/10\/PCA-300x250.jpg\" alt=\"\" width=\"300\" height=\"250\" srcset=\"https:\/\/aesia.pt\/portal\/wp-content\/uploads\/2022\/10\/PCA-300x250.jpg 300w, https:\/\/aesia.pt\/portal\/wp-content\/uploads\/2022\/10\/PCA-226x187.jpg 226w, https:\/\/aesia.pt\/portal\/wp-content\/uploads\/2022\/10\/PCA.jpg 470w\" sizes=\"auto, (max-width: 300px) 100vw, 300px\" \/><\/p>\n<p>O Projeto Curricular do Agrupamento constitui um instrumento privilegiado de concretiza\u00e7\u00e3o das orienta\u00e7\u00f5es curriculares de \u00e2mbito nacional, em propostas globais de interven\u00e7\u00e3o pedag\u00f3gico-did\u00e1tica, adequadas a um contexto espec\u00edfico, no sentido de proporcionarem uma vis\u00e3o global das situa\u00e7\u00f5es e uma constru\u00e7\u00e3o inter e transdisciplinar, naturalmente integrada, dos saberes.<\/p>\n<p><a href=\"https:\/\/drive.google.com\/file\/d\/198mbyc5bqDEXGmztwlIWdQEZkh0Ykyxx\/view?usp=sharing\">PROJETO CURRICULAR DO AESIA<\/a><\/p>\n<p>&nbsp;<\/p>\n<p>&nbsp;<\/p>\n","protected":false},"excerpt":{"rendered":"<p>O Projeto Curricular do Agrupamento constitui um instrumento privilegiado de concretiza\u00e7\u00e3o das orienta\u00e7\u00f5es curriculares de \u00e2mbito nacional, em propostas globais&hellip; <a class=\"continue\" href=\"https:\/\/aesia.pt\/portal\/regulamento-interno\/\">Ler mais<span> Projeto Curricular<\/span><\/a><\/p>\n","protected":false},"author":8,"featured_media":0,"parent":0,"menu_order":0,"comment_status":"open","ping_status":"open","template":"p_curricular.php","meta":{"_acf_changed":false,"footnotes":""},"class_list":["post-261","page","type-page","status-publish","hentry"],"acf":[],"yoast_head":"<!-- This site is optimized with the Yoast SEO plugin v27.4 - https:\/\/yoast.com\/product\/yoast-seo-wordpress\/ -->\n<title>Projeto Curricular &#8211; AESIA<\/title>\n<meta name=\"robots\" content=\"index, follow, max-snippet:-1, max-image-preview:large, max-video-preview:-1\" \/>\n<link rel=\"canonical\" href=\"https:\/\/aesia.pt\/portal\/regulamento-interno\/\" \/>\n<meta property=\"og:locale\" content=\"pt_PT\" \/>\n<meta property=\"og:type\" content=\"article\" \/>\n<meta property=\"og:title\" content=\"Projeto Curricular &#8211; AESIA\" \/>\n<meta property=\"og:description\" content=\"O Projeto Curricular do Agrupamento constitui um instrumento privilegiado de concretiza\u00e7\u00e3o das orienta\u00e7\u00f5es curriculares de \u00e2mbito nacional, em propostas globais&hellip; Ler mais Projeto Curricular\" \/>\n<meta property=\"og:url\" content=\"https:\/\/aesia.pt\/portal\/regulamento-interno\/\" \/>\n<meta property=\"og:site_name\" content=\"AESIA\" \/>\n<meta property=\"article:publisher\" content=\"https:\/\/www.facebook.com\/aesia.pt\/\" \/>\n<meta property=\"article:modified_time\" content=\"2022-10-23T13:02:31+00:00\" \/>\n<meta property=\"og:image\" content=\"https:\/\/aesia.pt\/portal\/wp-content\/uploads\/2022\/10\/PCA-300x250.jpg\" \/>\n<meta name=\"twitter:card\" content=\"summary_large_image\" \/>\n<meta name=\"twitter:label1\" content=\"Tempo estimado de leitura\" \/>\n\t<meta name=\"twitter:data1\" content=\"1 minuto\" \/>\n<script type=\"application\/ld+json\" class=\"yoast-schema-graph\">{\"@context\":\"https:\\\/\\\/schema.org\",\"@graph\":[{\"@type\":\"WebPage\",\"@id\":\"https:\\\/\\\/aesia.pt\\\/portal\\\/regulamento-interno\\\/\",\"url\":\"https:\\\/\\\/aesia.pt\\\/portal\\\/regulamento-interno\\\/\",\"name\":\"Projeto Curricular &#8211; AESIA\",\"isPartOf\":{\"@id\":\"https:\\\/\\\/aesia.pt\\\/portal\\\/#website\"},\"primaryImageOfPage\":{\"@id\":\"https:\\\/\\\/aesia.pt\\\/portal\\\/regulamento-interno\\\/#primaryimage\"},\"image\":{\"@id\":\"https:\\\/\\\/aesia.pt\\\/portal\\\/regulamento-interno\\\/#primaryimage\"},\"thumbnailUrl\":\"https:\\\/\\\/aesia.pt\\\/portal\\\/wp-content\\\/uploads\\\/2022\\\/10\\\/PCA-300x250.jpg\",\"datePublished\":\"2014-07-23T17:27:13+00:00\",\"dateModified\":\"2022-10-23T13:02:31+00:00\",\"breadcrumb\":{\"@id\":\"https:\\\/\\\/aesia.pt\\\/portal\\\/regulamento-interno\\\/#breadcrumb\"},\"inLanguage\":\"pt-PT\",\"potentialAction\":[{\"@type\":\"ReadAction\",\"target\":[\"https:\\\/\\\/aesia.pt\\\/portal\\\/regulamento-interno\\\/\"]}]},{\"@type\":\"ImageObject\",\"inLanguage\":\"pt-PT\",\"@id\":\"https:\\\/\\\/aesia.pt\\\/portal\\\/regulamento-interno\\\/#primaryimage\",\"url\":\"https:\\\/\\\/aesia.pt\\\/portal\\\/wp-content\\\/uploads\\\/2022\\\/10\\\/PCA.jpg\",\"contentUrl\":\"https:\\\/\\\/aesia.pt\\\/portal\\\/wp-content\\\/uploads\\\/2022\\\/10\\\/PCA.jpg\",\"width\":470,\"height\":392},{\"@type\":\"BreadcrumbList\",\"@id\":\"https:\\\/\\\/aesia.pt\\\/portal\\\/regulamento-interno\\\/#breadcrumb\",\"itemListElement\":[{\"@type\":\"ListItem\",\"position\":1,\"name\":\"Home\",\"item\":\"https:\\\/\\\/aesia.pt\\\/portal\\\/\"},{\"@type\":\"ListItem\",\"position\":2,\"name\":\"Projeto Curricular\"}]},{\"@type\":\"WebSite\",\"@id\":\"https:\\\/\\\/aesia.pt\\\/portal\\\/#website\",\"url\":\"https:\\\/\\\/aesia.pt\\\/portal\\\/\",\"name\":\"AESIA\",\"description\":\"Agrupamento de Escolas de Santa Iria de Az\u00f3ia\",\"publisher\":{\"@id\":\"https:\\\/\\\/aesia.pt\\\/portal\\\/#organization\"},\"alternateName\":\"Agrupamento de Escolas de Santa Iria de Az\u00f3ia\",\"potentialAction\":[{\"@type\":\"SearchAction\",\"target\":{\"@type\":\"EntryPoint\",\"urlTemplate\":\"https:\\\/\\\/aesia.pt\\\/portal\\\/?s={search_term_string}\"},\"query-input\":{\"@type\":\"PropertyValueSpecification\",\"valueRequired\":true,\"valueName\":\"search_term_string\"}}],\"inLanguage\":\"pt-PT\"},{\"@type\":\"Organization\",\"@id\":\"https:\\\/\\\/aesia.pt\\\/portal\\\/#organization\",\"name\":\"Agrupamento de Escolas de Santa Iria de Az\u00f3ia\",\"alternateName\":\"AESIA\",\"url\":\"https:\\\/\\\/aesia.pt\\\/portal\\\/\",\"logo\":{\"@type\":\"ImageObject\",\"inLanguage\":\"pt-PT\",\"@id\":\"https:\\\/\\\/aesia.pt\\\/portal\\\/#\\\/schema\\\/logo\\\/image\\\/\",\"url\":\"https:\\\/\\\/aesia.pt\\\/portal\\\/wp-content\\\/uploads\\\/2023\\\/04\\\/logo4.png\",\"contentUrl\":\"https:\\\/\\\/aesia.pt\\\/portal\\\/wp-content\\\/uploads\\\/2023\\\/04\\\/logo4.png\",\"width\":162,\"height\":162,\"caption\":\"Agrupamento de Escolas de Santa Iria de Az\u00f3ia\"},\"image\":{\"@id\":\"https:\\\/\\\/aesia.pt\\\/portal\\\/#\\\/schema\\\/logo\\\/image\\\/\"},\"sameAs\":[\"https:\\\/\\\/www.facebook.com\\\/aesia.pt\\\/\"]}]}<\/script>\n<!-- \/ Yoast SEO plugin. -->","yoast_head_json":{"title":"Projeto Curricular &#8211; AESIA","robots":{"index":"index","follow":"follow","max-snippet":"max-snippet:-1","max-image-preview":"max-image-preview:large","max-video-preview":"max-video-preview:-1"},"canonical":"https:\/\/aesia.pt\/portal\/regulamento-interno\/","og_locale":"pt_PT","og_type":"article","og_title":"Projeto Curricular &#8211; AESIA","og_description":"O Projeto Curricular do Agrupamento constitui um instrumento privilegiado de concretiza\u00e7\u00e3o das orienta\u00e7\u00f5es curriculares de \u00e2mbito nacional, em propostas globais&hellip; Ler mais Projeto Curricular","og_url":"https:\/\/aesia.pt\/portal\/regulamento-interno\/","og_site_name":"AESIA","article_publisher":"https:\/\/www.facebook.com\/aesia.pt\/","article_modified_time":"2022-10-23T13:02:31+00:00","og_image":[{"url":"https:\/\/aesia.pt\/portal\/wp-content\/uploads\/2022\/10\/PCA-300x250.jpg","type":"","width":"","height":""}],"twitter_card":"summary_large_image","twitter_misc":{"Tempo estimado de leitura":"1 minuto"},"schema":{"@context":"https:\/\/schema.org","@graph":[{"@type":"WebPage","@id":"https:\/\/aesia.pt\/portal\/regulamento-interno\/","url":"https:\/\/aesia.pt\/portal\/regulamento-interno\/","name":"Projeto Curricular &#8211; AESIA","isPartOf":{"@id":"https:\/\/aesia.pt\/portal\/#website"},"primaryImageOfPage":{"@id":"https:\/\/aesia.pt\/portal\/regulamento-interno\/#primaryimage"},"image":{"@id":"https:\/\/aesia.pt\/portal\/regulamento-interno\/#primaryimage"},"thumbnailUrl":"https:\/\/aesia.pt\/portal\/wp-content\/uploads\/2022\/10\/PCA-300x250.jpg","datePublished":"2014-07-23T17:27:13+00:00","dateModified":"2022-10-23T13:02:31+00:00","breadcrumb":{"@id":"https:\/\/aesia.pt\/portal\/regulamento-interno\/#breadcrumb"},"inLanguage":"pt-PT","potentialAction":[{"@type":"ReadAction","target":["https:\/\/aesia.pt\/portal\/regulamento-interno\/"]}]},{"@type":"ImageObject","inLanguage":"pt-PT","@id":"https:\/\/aesia.pt\/portal\/regulamento-interno\/#primaryimage","url":"https:\/\/aesia.pt\/portal\/wp-content\/uploads\/2022\/10\/PCA.jpg","contentUrl":"https:\/\/aesia.pt\/portal\/wp-content\/uploads\/2022\/10\/PCA.jpg","width":470,"height":392},{"@type":"BreadcrumbList","@id":"https:\/\/aesia.pt\/portal\/regulamento-interno\/#breadcrumb","itemListElement":[{"@type":"ListItem","position":1,"name":"Home","item":"https:\/\/aesia.pt\/portal\/"},{"@type":"ListItem","position":2,"name":"Projeto Curricular"}]},{"@type":"WebSite","@id":"https:\/\/aesia.pt\/portal\/#website","url":"https:\/\/aesia.pt\/portal\/","name":"AESIA","description":"Agrupamento de Escolas de Santa Iria de Az\u00f3ia","publisher":{"@id":"https:\/\/aesia.pt\/portal\/#organization"},"alternateName":"Agrupamento de Escolas de Santa Iria de Az\u00f3ia","potentialAction":[{"@type":"SearchAction","target":{"@type":"EntryPoint","urlTemplate":"https:\/\/aesia.pt\/portal\/?s={search_term_string}"},"query-input":{"@type":"PropertyValueSpecification","valueRequired":true,"valueName":"search_term_string"}}],"inLanguage":"pt-PT"},{"@type":"Organization","@id":"https:\/\/aesia.pt\/portal\/#organization","name":"Agrupamento de Escolas de Santa Iria de Az\u00f3ia","alternateName":"AESIA","url":"https:\/\/aesia.pt\/portal\/","logo":{"@type":"ImageObject","inLanguage":"pt-PT","@id":"https:\/\/aesia.pt\/portal\/#\/schema\/logo\/image\/","url":"https:\/\/aesia.pt\/portal\/wp-content\/uploads\/2023\/04\/logo4.png","contentUrl":"https:\/\/aesia.pt\/portal\/wp-content\/uploads\/2023\/04\/logo4.png","width":162,"height":162,"caption":"Agrupamento de Escolas de Santa Iria de Az\u00f3ia"},"image":{"@id":"https:\/\/aesia.pt\/portal\/#\/schema\/logo\/image\/"},"sameAs":["https:\/\/www.facebook.com\/aesia.pt\/"]}]}},"_links":{"self":[{"href":"https:\/\/aesia.pt\/portal\/wp-json\/wp\/v2\/pages\/261","targetHints":{"allow":["GET"]}}],"collection":[{"href":"https:\/\/aesia.pt\/portal\/wp-json\/wp\/v2\/pages"}],"about":[{"href":"https:\/\/aesia.pt\/portal\/wp-json\/wp\/v2\/types\/page"}],"author":[{"embeddable":true,"href":"https:\/\/aesia.pt\/portal\/wp-json\/wp\/v2\/users\/8"}],"replies":[{"embeddable":true,"href":"https:\/\/aesia.pt\/portal\/wp-json\/wp\/v2\/comments?post=261"}],"version-history":[{"count":27,"href":"https:\/\/aesia.pt\/portal\/wp-json\/wp\/v2\/pages\/261\/revisions"}],"predecessor-version":[{"id":6146,"href":"https:\/\/aesia.pt\/portal\/wp-json\/wp\/v2\/pages\/261\/revisions\/6146"}],"wp:attachment":[{"href":"https:\/\/aesia.pt\/portal\/wp-json\/wp\/v2\/media?parent=261"}],"curies":[{"name":"wp","href":"https:\/\/api.w.org\/{rel}","templated":true}]}}