{"id":25,"date":"2014-03-06T15:27:29","date_gmt":"2014-03-06T15:27:29","guid":{"rendered":"http:\/\/aesia.pt\/site\/?page_id=25"},"modified":"2024-02-05T17:39:46","modified_gmt":"2024-02-05T17:39:46","slug":"desporto-escolar","status":"publish","type":"page","link":"https:\/\/aesia.pt\/portal\/159-2\/desporto-escolar\/","title":{"rendered":"Desporto Escolar"},"content":{"rendered":"<p>O Desporto constitui um dos fen\u00f3menos sociais com maior impacto no nosso tempo e a sua pr\u00e1tica, corretamente desenvolvida, representa uma importante fonte de valoriza\u00e7\u00e3o das pessoas e da sua qualidade de vida. Por isso se consagrou internacionalmente a pr\u00e1tica da educa\u00e7\u00e3o f\u00edsica e do desporto como um direito fundamental, mas tamb\u00e9m como elementos essenciais da educa\u00e7\u00e3o e da cultura no desenvolvimento das aptid\u00f5es, da vontade e do auto controlo das pessoas humanas, visando a sua inser\u00e7\u00e3o social e o pleno desenvolvimento das suas capacidades.<\/p>\n<p>A atividade desportiva desenvolvida ao n\u00edvel do Desporto Escolar p\u00f5e em jogo potencialidades f\u00edsicas e psicol\u00f3gicas, que contribuem para o desenvolvimento global dos jovens, sendo um espa\u00e7o privilegiado para fomentar h\u00e1bitos saud\u00e1veis, compet\u00eancias sociais e valores morais, de entre os quais se destacam:<\/p>\n<p><a href=\"https:\/\/aesia.pt\/portal\/wp-content\/uploads\/2014\/03\/desporto-letras.png\"><img loading=\"lazy\" decoding=\"async\" class=\"aligncenter size-full wp-image-1319\" src=\"https:\/\/aesia.pt\/portal\/wp-content\/uploads\/2014\/03\/desporto-letras.png\" alt=\"desporto-letras\" width=\"895\" height=\"319\" srcset=\"https:\/\/aesia.pt\/portal\/wp-content\/uploads\/2014\/03\/desporto-letras.png 895w, https:\/\/aesia.pt\/portal\/wp-content\/uploads\/2014\/03\/desporto-letras-300x106.png 300w\" sizes=\"auto, (max-width: 895px) 100vw, 895px\" \/><\/a><\/p>\n<p>O Agrupamento de Escolas de S. Iria de Az\u00f3ia em conson\u00e2ncia com as diretrizes do Minist\u00e9rio da Educa\u00e7\u00e3o incorpora no seu Projeto Educativo os princ\u00edpios e as linhas estrat\u00e9gicas consagrados pelo Programa de Desporto Escolar. Nessa medida proporciona a todos os seus alunos as condi\u00e7\u00f5es mais adequadas para a pr\u00e1tica de atividade f\u00edsico-desportiva regular em instala\u00e7\u00f5es desportivas de grande qualidade e enquadrada por Docentes com a devida forma\u00e7\u00e3o t\u00e9cnico-cient\u00edfica tendo sempre em vista o pleno sucesso educativo, a cria\u00e7\u00e3o de estilos de vida saud\u00e1vel assim como a aprendizagem dos valores e princ\u00edpios da cidadania e da vida em sociedade.<\/p>\n<p style=\"text-align: center;\"><strong>DESPORTO ESCOLAR 2023\/24<\/strong><\/p>\n<div class=\"col-lg-12 dtable\" style=\"text-align: left;\"><strong>GIN\u00c1STICA DE GRUPO (V\u00e1rios Misto)<\/strong><\/div>\n<div><img loading=\"lazy\" decoding=\"async\" class=\"wp-image-6107 aligncenter\" src=\"https:\/\/aesia.pt\/portal\/wp-content\/uploads\/2022\/10\/DESPORTOS-GIMNICOS-300x200.jpg\" alt=\"\" width=\"176\" height=\"117\" srcset=\"https:\/\/aesia.pt\/portal\/wp-content\/uploads\/2022\/10\/DESPORTOS-GIMNICOS-300x200.jpg 300w, https:\/\/aesia.pt\/portal\/wp-content\/uploads\/2022\/10\/DESPORTOS-GIMNICOS-768x512.jpg 768w, https:\/\/aesia.pt\/portal\/wp-content\/uploads\/2022\/10\/DESPORTOS-GIMNICOS.jpg 800w\" sizes=\"auto, (max-width: 176px) 100vw, 176px\" \/><\/div>\n<div class=\"col-lg-12 dtable\" style=\"text-align: center;\">\n<div class=\"col-lg-12\"><\/div>\n<div class=\"col-lg-12\">PROFESSOR RESPONS\u00c1VEL<\/div>\n<div class=\"col-lg-12 dbox\"><strong>IGOR MARTINS <\/strong><br \/>\nDIAS\/HORAS DE TREINO<br \/>\n4\u00aa FEIRA &#8211; 14H20\/15H10<\/div>\n<div>5\u00aa FEIRA &#8211; 10H20\/11H10<\/div>\n<div>5\u00aa FEIRA &#8211; 17H30\/18H20<\/div>\n<div class=\"col-lg-12 dtable\" style=\"text-align: center;\">\n<hr \/>\n<p style=\"text-align: left;\"><strong>T\u00c9NIS DE MESA (V\u00e1rios Misto)<\/strong><\/p>\n<\/div>\n<div class=\"col-lg-12 dtable\" style=\"text-align: center;\">\n<div class=\"col-lg-12\"><a href=\"https:\/\/aesia.pt\/portal\/wp-content\/uploads\/2014\/03\/tenis-mesa-226x164\"><img loading=\"lazy\" decoding=\"async\" class=\"aligncenter size-thumbnail wp-image-1321\" src=\"https:\/\/aesia.pt\/portal\/wp-content\/uploads\/2014\/03\/tenis-mesa-226x164.jpg\" alt=\"tenis mesa\" width=\"145\" height=\"105\" \/><\/a><\/div>\n<div><\/div>\n<div class=\"col-lg-12\" style=\"text-align: center;\">PROFESSOR RESPONS\u00c1VEL<\/div>\n<div class=\"col-lg-12 dbox\" style=\"text-align: center;\"><strong>IGOR MARTINS<\/strong><br \/>\nDIAS\/HORAS DE TREINO<br \/>\n3\u00aa FEIRA &#8211; 12H20\/13H10<\/div>\n<div class=\"col-lg-12 dbox\" style=\"text-align: center;\">4\u00aa FEIRA\u2013 12H20\/13H10<br \/>\n6\u00aa FEIRA &#8211; 17H30\/18H20<\/div>\n<div class=\"col-lg-12 dbox\" style=\"text-align: center;\">\n<hr \/>\n<p style=\"text-align: left;\"><b>DE ESCOLA ATIVA<img loading=\"lazy\" decoding=\"async\" class=\"wp-image-6108 aligncenter\" src=\"https:\/\/aesia.pt\/portal\/wp-content\/uploads\/2022\/10\/DE-ativa-1-300x185.jpg\" alt=\"\" width=\"168\" height=\"103\" srcset=\"https:\/\/aesia.pt\/portal\/wp-content\/uploads\/2022\/10\/DE-ativa-1-300x185.jpg 300w, https:\/\/aesia.pt\/portal\/wp-content\/uploads\/2022\/10\/DE-ativa-1-768x473.jpg 768w, https:\/\/aesia.pt\/portal\/wp-content\/uploads\/2022\/10\/DE-ativa-1.jpg 775w\" sizes=\"auto, (max-width: 168px) 100vw, 168px\" \/><\/b><\/p>\n<\/div>\n<div class=\"col-lg-12 dbox\" style=\"text-align: center;\">\n<div class=\"&quot;col-lg-12\"><\/div>\n<div class=\"col-lg-12 dbox\" style=\"text-align: center;\">PROFESSORA RESPONS\u00c1VEL<\/div>\n<div class=\"col-lg-12\" style=\"text-align: center;\"><strong>SANDRA OLIVEIRA<\/strong><br \/>\nDIAS\/HORAS DE TREINO<\/p>\n<div>2\u00aa FEIRA &#8211; 16H30\/18H20<\/div>\n<div class=\"col-lg-12\" style=\"text-align: center;\">4\u00aa FEIRA &#8211; 14H20\/15H10<\/div>\n<\/div>\n<div class=\"col-lg-12 dbox\" style=\"text-align: center;\">\n<hr \/>\n<p style=\"text-align: left;\"><strong>BADMINTON (V\u00e1rios Misto)<\/strong><\/p>\n<\/div>\n<div class=\"col-lg-12 dbox\">\n<p><a href=\"https:\/\/aesia.pt\/portal\/wp-content\/uploads\/2014\/03\/badminton.png\"><img loading=\"lazy\" decoding=\"async\" class=\"aligncenter size-thumbnail wp-image-1336\" src=\"https:\/\/aesia.pt\/portal\/wp-content\/uploads\/2014\/03\/badminton-150x117.png\" alt=\"badminton\" width=\"150\" height=\"117\" \/><\/a><\/p>\n<div><\/div>\n<div class=\"col-lg-12 dbox\" style=\"text-align: center;\">PROFESSOR RESPONS\u00c1VEL<\/div>\n<div class=\"col-lg-12\" style=\"text-align: center;\"><strong>MARIO REIS<\/strong><br \/>\nDIAS\/HORAS DE TREINO<\/div>\n<div class=\"col-lg-12\" style=\"text-align: center;\">2\u00aa FEIRA &#8211; 16H30\/18H20<\/div>\n<div>4\u00aa FEIRA &#8211; 14H20\/15H10<\/div>\n<div class=\"col-lg-12\">\n<hr \/>\n<p style=\"text-align: left;\"><strong>BASQUETEBOL (V\u00e1rios Misto)<img loading=\"lazy\" decoding=\"async\" class=\"wp-image-6117 aligncenter\" src=\"https:\/\/aesia.pt\/portal\/wp-content\/uploads\/2022\/10\/bASQUETEBOL-300x185.jpg\" alt=\"\" width=\"180\" height=\"111\" srcset=\"https:\/\/aesia.pt\/portal\/wp-content\/uploads\/2022\/10\/bASQUETEBOL-300x185.jpg 300w, https:\/\/aesia.pt\/portal\/wp-content\/uploads\/2022\/10\/bASQUETEBOL-768x475.jpg 768w, https:\/\/aesia.pt\/portal\/wp-content\/uploads\/2022\/10\/bASQUETEBOL.jpg 825w\" sizes=\"auto, (max-width: 180px) 100vw, 180px\" \/><\/strong><\/p>\n<\/div>\n<div class=\"col-lg-12 dbox\">\n<div><\/div>\n<div class=\"col-lg-12 dbox\" style=\"text-align: center;\">PROFESSORA RESPONS\u00c1VEL<\/div>\n<div class=\"col-lg-12 dbox\" style=\"text-align: center;\"><b>V\u00c2NIA CAPELAS<\/b><br \/>\nDIAS\/HORAS DE TREINO<br \/>\n4\u00aa FEIRA &#8211; 14H20\/15H10<\/div>\n<div>4\u00aa FEIRA &#8211; 16H30\/17H20<\/div>\n<div>6\u00aa FEIRA &#8211; 12H20\/13H10<\/div>\n<\/div>\n<\/div>\n<\/div>\n<div>\n<div class=\"col-lg-12\">\n<hr \/>\n<p style=\"text-align: left;\"><strong>BOCCIA (V\u00e1rios Misto)<\/strong><\/p>\n<p><img loading=\"lazy\" decoding=\"async\" class=\"wp-image-6111 aligncenter\" src=\"https:\/\/aesia.pt\/portal\/wp-content\/uploads\/2022\/10\/Boccia-300x169.jpg\" alt=\"\" width=\"211\" height=\"119\" srcset=\"https:\/\/aesia.pt\/portal\/wp-content\/uploads\/2022\/10\/Boccia-300x169.jpg 300w, https:\/\/aesia.pt\/portal\/wp-content\/uploads\/2022\/10\/Boccia-768x432.jpg 768w, https:\/\/aesia.pt\/portal\/wp-content\/uploads\/2022\/10\/Boccia.jpg 1024w\" sizes=\"auto, (max-width: 211px) 100vw, 211px\" \/><\/p>\n<\/div>\n<div class=\"col-lg-12 dbox\">\n<div class=\"col-lg-12 dbox\" style=\"text-align: center;\">PROFESSOR RESPONS\u00c1VEL<\/div>\n<div class=\"col-lg-12 dbox\" style=\"text-align: center;\"><b>BRUNO CARDOSO<\/b><br \/>\nDIAS\/HORAS DE TREINO<br \/>\n4\u00aa FEIRA &#8211; 11H20\/12H10<\/div>\n<div>4\u00aa FEIRA &#8211; 14H20\/15H10<\/div>\n<div>5\u00aa FEIRA &#8211; 09H10\/10H00<\/div>\n<div><\/div>\n<\/div>\n<\/div>\n<div class=\"col-lg-12 dbox\" style=\"text-align: center;\">\n<div class=\"col-lg-12 dbox\">\n<div class=\"col-lg-12 dbox\">\n<div class=\"col-lg-12\">\n<hr \/>\n<p style=\"text-align: left;\"><strong>MULTIATIVIDADES (V\u00e1rios Misto)<\/strong><\/p>\n<\/div>\n<div class=\"col-lg-12 dbox\" style=\"text-align: center;\">\n<div><\/div>\n<div class=\"col-lg-12\" style=\"text-align: center;\"><img loading=\"lazy\" decoding=\"async\" class=\"wp-image-6112 aligncenter\" src=\"https:\/\/aesia.pt\/portal\/wp-content\/uploads\/2022\/10\/MULTI-1-300x200.jpg\" alt=\"\" width=\"156\" height=\"104\" srcset=\"https:\/\/aesia.pt\/portal\/wp-content\/uploads\/2022\/10\/MULTI-1-300x200.jpg 300w, https:\/\/aesia.pt\/portal\/wp-content\/uploads\/2022\/10\/MULTI-1-1024x683.jpg 1024w, https:\/\/aesia.pt\/portal\/wp-content\/uploads\/2022\/10\/MULTI-1-768x512.jpg 768w, https:\/\/aesia.pt\/portal\/wp-content\/uploads\/2022\/10\/MULTI-1-1536x1025.jpg 1536w, https:\/\/aesia.pt\/portal\/wp-content\/uploads\/2022\/10\/MULTI-1.jpg 2000w\" sizes=\"auto, (max-width: 156px) 100vw, 156px\" \/><\/div>\n<div class=\"col-lg-12\" style=\"text-align: center;\">PROFESSOR RESPONS\u00c1VEL<\/div>\n<div class=\"col-lg-12 dbox\" style=\"text-align: center;\"><strong>PEDRO CL\u00c9RIGO<\/strong><\/div>\n<div class=\"col-lg-12 dbox\" style=\"text-align: center;\">DIAS\/HORAS DE TREINO<br \/>\n3\u00aa FEIRA &#8211; 16h30\/18h20<\/div>\n<div>\n<div>5\u00aa FEIRA &#8211; 14h20\/15h10<\/div>\n<\/div>\n<\/div>\n<\/div>\n<\/div>\n<\/div>\n<\/div>\n<\/div>\n<div><\/div>\n<div><strong>DE SOBRE RODAS (V\u00e1rios Misto)<\/strong><\/div>\n<div><\/div>\n<div>\u00a0<img loading=\"lazy\" decoding=\"async\" class=\"wp-image-6116 aligncenter\" src=\"https:\/\/aesia.pt\/portal\/wp-content\/uploads\/2022\/10\/RODAS-2-300x169.png\" alt=\"\" width=\"218\" height=\"123\" srcset=\"https:\/\/aesia.pt\/portal\/wp-content\/uploads\/2022\/10\/RODAS-2-300x169.png 300w, https:\/\/aesia.pt\/portal\/wp-content\/uploads\/2022\/10\/RODAS-2.png 750w\" sizes=\"auto, (max-width: 218px) 100vw, 218px\" \/><\/div>\n<div class=\"col-lg-12 dtable\" style=\"text-align: center;\">\n<div class=\"col-lg-12 dtable\" style=\"text-align: center;\">\n<div class=\"col-lg-12 dbox\" style=\"text-align: center;\">\n<div class=\"col-lg-12 dbox\">\n<div class=\"col-lg-12 dbox\">\n<div class=\"col-lg-12 dbox\" style=\"text-align: center;\">\n<div class=\"col-lg-12 dtable\" style=\"text-align: center;\">\n<div class=\"col-lg-12\"><\/div>\n<div class=\"col-lg-12\">PROFESSOR RESPONS\u00c1VEL<\/div>\n<div class=\"col-lg-12 dbox\">\n<div class=\"col-lg-12 dbox\" style=\"text-align: center;\"><strong>M\u00c1RIO REIS<\/strong><\/div>\n<div class=\"col-lg-12 dbox\" style=\"text-align: center;\">DIAS\/HORAS DE TREINO<br \/>\n2\u00aa FEIRA &#8211; 15h20\/16h10<\/div>\n<div>4\u00aa FEIRA &#8211; 16h30\/17h20<\/div>\n<div>6\u00aa FEIRA &#8211; 09h10\/10h00<\/div>\n<\/div>\n<div><\/div>\n<\/div>\n<\/div>\n<\/div>\n<\/div>\n<\/div>\n<\/div>\n<\/div>\n","protected":false},"excerpt":{"rendered":"<p>O Desporto constitui um dos fen\u00f3menos sociais com maior impacto no nosso tempo e a sua pr\u00e1tica, corretamente desenvolvida, representa&hellip; <a class=\"continue\" href=\"https:\/\/aesia.pt\/portal\/159-2\/desporto-escolar\/\">Ler mais<span> Desporto Escolar<\/span><\/a><\/p>\n","protected":false},"author":8,"featured_media":2091,"parent":159,"menu_order":0,"comment_status":"open","ping_status":"open","template":"p_base.php","meta":{"_acf_changed":false,"footnotes":""},"class_list":["post-25","page","type-page","status-publish","has-post-thumbnail","hentry"],"acf":[],"yoast_head":"<!-- This site is optimized with the Yoast SEO plugin v27.3 - https:\/\/yoast.com\/product\/yoast-seo-wordpress\/ -->\n<title>Desporto Escolar &#8211; AESIA<\/title>\n<meta name=\"robots\" content=\"index, follow, max-snippet:-1, max-image-preview:large, max-video-preview:-1\" \/>\n<link rel=\"canonical\" href=\"https:\/\/aesia.pt\/portal\/159-2\/desporto-escolar\/\" \/>\n<meta property=\"og:locale\" content=\"pt_PT\" \/>\n<meta property=\"og:type\" content=\"article\" \/>\n<meta property=\"og:title\" content=\"Desporto Escolar &#8211; AESIA\" \/>\n<meta property=\"og:description\" content=\"O Desporto constitui um dos fen\u00f3menos sociais com maior impacto no nosso tempo e a sua pr\u00e1tica, corretamente desenvolvida, representa&hellip; Ler mais Desporto Escolar\" \/>\n<meta property=\"og:url\" content=\"https:\/\/aesia.pt\/portal\/159-2\/desporto-escolar\/\" \/>\n<meta property=\"og:site_name\" content=\"AESIA\" \/>\n<meta property=\"article:publisher\" content=\"https:\/\/www.facebook.com\/aesia.pt\/\" \/>\n<meta property=\"article:modified_time\" content=\"2024-02-05T17:39:46+00:00\" \/>\n<meta property=\"og:image\" content=\"https:\/\/aesia.pt\/portal\/wp-content\/uploads\/2014\/03\/tenis-mesa.jpg\" \/>\n\t<meta property=\"og:image:width\" content=\"307\" \/>\n\t<meta property=\"og:image:height\" content=\"164\" \/>\n\t<meta property=\"og:image:type\" content=\"image\/jpeg\" \/>\n<meta name=\"twitter:card\" content=\"summary_large_image\" \/>\n<meta name=\"twitter:label1\" content=\"Tempo estimado de leitura\" \/>\n\t<meta name=\"twitter:data1\" content=\"4 minutos\" \/>\n<script type=\"application\/ld+json\" class=\"yoast-schema-graph\">{\"@context\":\"https:\\\/\\\/schema.org\",\"@graph\":[{\"@type\":\"WebPage\",\"@id\":\"https:\\\/\\\/aesia.pt\\\/portal\\\/159-2\\\/desporto-escolar\\\/\",\"url\":\"https:\\\/\\\/aesia.pt\\\/portal\\\/159-2\\\/desporto-escolar\\\/\",\"name\":\"Desporto Escolar &#8211; AESIA\",\"isPartOf\":{\"@id\":\"https:\\\/\\\/aesia.pt\\\/portal\\\/#website\"},\"primaryImageOfPage\":{\"@id\":\"https:\\\/\\\/aesia.pt\\\/portal\\\/159-2\\\/desporto-escolar\\\/#primaryimage\"},\"image\":{\"@id\":\"https:\\\/\\\/aesia.pt\\\/portal\\\/159-2\\\/desporto-escolar\\\/#primaryimage\"},\"thumbnailUrl\":\"https:\\\/\\\/aesia.pt\\\/portal\\\/wp-content\\\/uploads\\\/2014\\\/03\\\/tenis-mesa.jpg\",\"datePublished\":\"2014-03-06T15:27:29+00:00\",\"dateModified\":\"2024-02-05T17:39:46+00:00\",\"breadcrumb\":{\"@id\":\"https:\\\/\\\/aesia.pt\\\/portal\\\/159-2\\\/desporto-escolar\\\/#breadcrumb\"},\"inLanguage\":\"pt-PT\",\"potentialAction\":[{\"@type\":\"ReadAction\",\"target\":[\"https:\\\/\\\/aesia.pt\\\/portal\\\/159-2\\\/desporto-escolar\\\/\"]}]},{\"@type\":\"ImageObject\",\"inLanguage\":\"pt-PT\",\"@id\":\"https:\\\/\\\/aesia.pt\\\/portal\\\/159-2\\\/desporto-escolar\\\/#primaryimage\",\"url\":\"https:\\\/\\\/aesia.pt\\\/portal\\\/wp-content\\\/uploads\\\/2014\\\/03\\\/tenis-mesa.jpg\",\"contentUrl\":\"https:\\\/\\\/aesia.pt\\\/portal\\\/wp-content\\\/uploads\\\/2014\\\/03\\\/tenis-mesa.jpg\",\"width\":307,\"height\":164},{\"@type\":\"BreadcrumbList\",\"@id\":\"https:\\\/\\\/aesia.pt\\\/portal\\\/159-2\\\/desporto-escolar\\\/#breadcrumb\",\"itemListElement\":[{\"@type\":\"ListItem\",\"position\":1,\"name\":\"Home\",\"item\":\"https:\\\/\\\/aesia.pt\\\/portal\\\/\"},{\"@type\":\"ListItem\",\"position\":2,\"name\":\"post\",\"item\":\"https:\\\/\\\/aesia.pt\\\/portal\\\/159-2\\\/\"},{\"@type\":\"ListItem\",\"position\":3,\"name\":\"Desporto Escolar\"}]},{\"@type\":\"WebSite\",\"@id\":\"https:\\\/\\\/aesia.pt\\\/portal\\\/#website\",\"url\":\"https:\\\/\\\/aesia.pt\\\/portal\\\/\",\"name\":\"AESIA\",\"description\":\"Agrupamento de Escolas de Santa Iria de Az\u00f3ia\",\"publisher\":{\"@id\":\"https:\\\/\\\/aesia.pt\\\/portal\\\/#organization\"},\"alternateName\":\"Agrupamento de Escolas de Santa Iria de Az\u00f3ia\",\"potentialAction\":[{\"@type\":\"SearchAction\",\"target\":{\"@type\":\"EntryPoint\",\"urlTemplate\":\"https:\\\/\\\/aesia.pt\\\/portal\\\/?s={search_term_string}\"},\"query-input\":{\"@type\":\"PropertyValueSpecification\",\"valueRequired\":true,\"valueName\":\"search_term_string\"}}],\"inLanguage\":\"pt-PT\"},{\"@type\":\"Organization\",\"@id\":\"https:\\\/\\\/aesia.pt\\\/portal\\\/#organization\",\"name\":\"Agrupamento de Escolas de Santa Iria de Az\u00f3ia\",\"alternateName\":\"AESIA\",\"url\":\"https:\\\/\\\/aesia.pt\\\/portal\\\/\",\"logo\":{\"@type\":\"ImageObject\",\"inLanguage\":\"pt-PT\",\"@id\":\"https:\\\/\\\/aesia.pt\\\/portal\\\/#\\\/schema\\\/logo\\\/image\\\/\",\"url\":\"https:\\\/\\\/aesia.pt\\\/portal\\\/wp-content\\\/uploads\\\/2023\\\/04\\\/logo4.png\",\"contentUrl\":\"https:\\\/\\\/aesia.pt\\\/portal\\\/wp-content\\\/uploads\\\/2023\\\/04\\\/logo4.png\",\"width\":162,\"height\":162,\"caption\":\"Agrupamento de Escolas de Santa Iria de Az\u00f3ia\"},\"image\":{\"@id\":\"https:\\\/\\\/aesia.pt\\\/portal\\\/#\\\/schema\\\/logo\\\/image\\\/\"},\"sameAs\":[\"https:\\\/\\\/www.facebook.com\\\/aesia.pt\\\/\"]}]}<\/script>\n<!-- \/ Yoast SEO plugin. -->","yoast_head_json":{"title":"Desporto Escolar &#8211; AESIA","robots":{"index":"index","follow":"follow","max-snippet":"max-snippet:-1","max-image-preview":"max-image-preview:large","max-video-preview":"max-video-preview:-1"},"canonical":"https:\/\/aesia.pt\/portal\/159-2\/desporto-escolar\/","og_locale":"pt_PT","og_type":"article","og_title":"Desporto Escolar &#8211; AESIA","og_description":"O Desporto constitui um dos fen\u00f3menos sociais com maior impacto no nosso tempo e a sua pr\u00e1tica, corretamente desenvolvida, representa&hellip; Ler mais Desporto Escolar","og_url":"https:\/\/aesia.pt\/portal\/159-2\/desporto-escolar\/","og_site_name":"AESIA","article_publisher":"https:\/\/www.facebook.com\/aesia.pt\/","article_modified_time":"2024-02-05T17:39:46+00:00","og_image":[{"width":307,"height":164,"url":"https:\/\/aesia.pt\/portal\/wp-content\/uploads\/2014\/03\/tenis-mesa.jpg","type":"image\/jpeg"}],"twitter_card":"summary_large_image","twitter_misc":{"Tempo estimado de leitura":"4 minutos"},"schema":{"@context":"https:\/\/schema.org","@graph":[{"@type":"WebPage","@id":"https:\/\/aesia.pt\/portal\/159-2\/desporto-escolar\/","url":"https:\/\/aesia.pt\/portal\/159-2\/desporto-escolar\/","name":"Desporto Escolar &#8211; AESIA","isPartOf":{"@id":"https:\/\/aesia.pt\/portal\/#website"},"primaryImageOfPage":{"@id":"https:\/\/aesia.pt\/portal\/159-2\/desporto-escolar\/#primaryimage"},"image":{"@id":"https:\/\/aesia.pt\/portal\/159-2\/desporto-escolar\/#primaryimage"},"thumbnailUrl":"https:\/\/aesia.pt\/portal\/wp-content\/uploads\/2014\/03\/tenis-mesa.jpg","datePublished":"2014-03-06T15:27:29+00:00","dateModified":"2024-02-05T17:39:46+00:00","breadcrumb":{"@id":"https:\/\/aesia.pt\/portal\/159-2\/desporto-escolar\/#breadcrumb"},"inLanguage":"pt-PT","potentialAction":[{"@type":"ReadAction","target":["https:\/\/aesia.pt\/portal\/159-2\/desporto-escolar\/"]}]},{"@type":"ImageObject","inLanguage":"pt-PT","@id":"https:\/\/aesia.pt\/portal\/159-2\/desporto-escolar\/#primaryimage","url":"https:\/\/aesia.pt\/portal\/wp-content\/uploads\/2014\/03\/tenis-mesa.jpg","contentUrl":"https:\/\/aesia.pt\/portal\/wp-content\/uploads\/2014\/03\/tenis-mesa.jpg","width":307,"height":164},{"@type":"BreadcrumbList","@id":"https:\/\/aesia.pt\/portal\/159-2\/desporto-escolar\/#breadcrumb","itemListElement":[{"@type":"ListItem","position":1,"name":"Home","item":"https:\/\/aesia.pt\/portal\/"},{"@type":"ListItem","position":2,"name":"post","item":"https:\/\/aesia.pt\/portal\/159-2\/"},{"@type":"ListItem","position":3,"name":"Desporto Escolar"}]},{"@type":"WebSite","@id":"https:\/\/aesia.pt\/portal\/#website","url":"https:\/\/aesia.pt\/portal\/","name":"AESIA","description":"Agrupamento de Escolas de Santa Iria de Az\u00f3ia","publisher":{"@id":"https:\/\/aesia.pt\/portal\/#organization"},"alternateName":"Agrupamento de Escolas de Santa Iria de Az\u00f3ia","potentialAction":[{"@type":"SearchAction","target":{"@type":"EntryPoint","urlTemplate":"https:\/\/aesia.pt\/portal\/?s={search_term_string}"},"query-input":{"@type":"PropertyValueSpecification","valueRequired":true,"valueName":"search_term_string"}}],"inLanguage":"pt-PT"},{"@type":"Organization","@id":"https:\/\/aesia.pt\/portal\/#organization","name":"Agrupamento de Escolas de Santa Iria de Az\u00f3ia","alternateName":"AESIA","url":"https:\/\/aesia.pt\/portal\/","logo":{"@type":"ImageObject","inLanguage":"pt-PT","@id":"https:\/\/aesia.pt\/portal\/#\/schema\/logo\/image\/","url":"https:\/\/aesia.pt\/portal\/wp-content\/uploads\/2023\/04\/logo4.png","contentUrl":"https:\/\/aesia.pt\/portal\/wp-content\/uploads\/2023\/04\/logo4.png","width":162,"height":162,"caption":"Agrupamento de Escolas de Santa Iria de Az\u00f3ia"},"image":{"@id":"https:\/\/aesia.pt\/portal\/#\/schema\/logo\/image\/"},"sameAs":["https:\/\/www.facebook.com\/aesia.pt\/"]}]}},"_links":{"self":[{"href":"https:\/\/aesia.pt\/portal\/wp-json\/wp\/v2\/pages\/25","targetHints":{"allow":["GET"]}}],"collection":[{"href":"https:\/\/aesia.pt\/portal\/wp-json\/wp\/v2\/pages"}],"about":[{"href":"https:\/\/aesia.pt\/portal\/wp-json\/wp\/v2\/types\/page"}],"author":[{"embeddable":true,"href":"https:\/\/aesia.pt\/portal\/wp-json\/wp\/v2\/users\/8"}],"replies":[{"embeddable":true,"href":"https:\/\/aesia.pt\/portal\/wp-json\/wp\/v2\/comments?post=25"}],"version-history":[{"count":76,"href":"https:\/\/aesia.pt\/portal\/wp-json\/wp\/v2\/pages\/25\/revisions"}],"predecessor-version":[{"id":16333,"href":"https:\/\/aesia.pt\/portal\/wp-json\/wp\/v2\/pages\/25\/revisions\/16333"}],"up":[{"embeddable":true,"href":"https:\/\/aesia.pt\/portal\/wp-json\/wp\/v2\/pages\/159"}],"wp:featuredmedia":[{"embeddable":true,"href":"https:\/\/aesia.pt\/portal\/wp-json\/wp\/v2\/media\/2091"}],"wp:attachment":[{"href":"https:\/\/aesia.pt\/portal\/wp-json\/wp\/v2\/media?parent=25"}],"curies":[{"name":"wp","href":"https:\/\/api.w.org\/{rel}","templated":true}]}}