{"id":247,"date":"2014-07-23T17:00:01","date_gmt":"2014-07-23T17:00:01","guid":{"rendered":"http:\/\/localhost:82\/aesia\/?page_id=247"},"modified":"2022-04-19T13:09:42","modified_gmt":"2022-04-19T13:09:42","slug":"primeira-matricula","status":"publish","type":"page","link":"https:\/\/aesia.pt\/portal\/secretaria\/primeira-matricula\/","title":{"rendered":"Primeira Matr\u00edcula"},"content":{"rendered":"<p style=\"text-align: center;\"><strong>INFORMA\u00c7\u00c3O SOBRE MATR\u00cdCULAS<\/strong><\/p>\n<p style=\"text-align: center;\"><strong>PR\u00c9-ESCOLAR (1\u00aa VEZ) E 1\u00ba ANO DE ESCOLARIDADE<\/strong><\/p>\n<p style=\"text-align: center;\"><strong>Ano Letivo 2022\/23<\/strong><\/p>\n<p>&nbsp;<\/p>\n<p>Informa-se os Encarregados de Educa\u00e7\u00e3o que de acordo com o Despacho Normativo n.\u00ba 4209-A\/2022, de 11 de abril, na sua reda\u00e7\u00e3o atual, a matr\u00edcula \u00e9 obrigat\u00f3ria no 1\u00ba ano de escolaridade para crian\u00e7as que completam 6 anos at\u00e9 15 de setembro e o ensino fundamental para educa\u00e7\u00e3o pr\u00e9-escolar (crian\u00e7as entre 3 e 5 anos de idade).<\/p>\n<p>As matr\u00edculas decorrem entre 19 de abril e 16 de maio de 2022, no Portal das Matr\u00edculas, atrav\u00e9s do seguinte endere\u00e7o: <a href=\"https:\/\/portaldasmatriculas.edu.gov.pt\">www.portaldasmatriculas.edu.gov.pt<\/a><\/p>\n<p>&nbsp;<\/p>\n<p><strong>COMO PROCEDER?<\/strong><\/p>\n<ol>\n<li>O EE (Encarregado de Educa\u00e7\u00e3o) dever\u00e1 proceder \u00e0 matr\u00edcula autonomamente, via internet, no <strong>Portal das Matr\u00edculas<\/strong>.<\/li>\n<\/ol>\n<p>Neste caso o Encarregado de Educa\u00e7\u00e3o dever\u00e1 ter ao seu dispor:<\/p>\n<p>\uf0d8 um leitor de cart\u00e3o de cidad\u00e3o, para inser\u00e7\u00e3o do cart\u00e3o do aluno e do Encarregado de Educa\u00e7\u00e3o;<\/p>\n<p>\uf0d8 caso n\u00e3o tenha leitor de cart\u00e3o de cidad\u00e3o, poder\u00e1 fazer autentica\u00e7\u00e3o atrav\u00e9s do NIF e senha no Portal das Finan\u00e7as.<\/p>\n<p>Nota 1\u2013 \u00c9 obrigat\u00f3rio anexar todos os comprovativos solicitados no Portal das Matr\u00edculas.<\/p>\n<p>Nota 2 \u2013 Em caso de dificuldade em finalizar ou submeter a matr\u00edcula poder\u00e1 contactar os servi\u00e7os atrav\u00e9s do telefone 21 953 32 60, ou do email matriculas@aesia.pt, no hor\u00e1rio de funcionamento da secretaria.<\/p>\n<ol start=\"2\">\n<li>Em casos excepcionais, como aus\u00eancia de meios, o pedido de matr\u00edcula pode ser apresentado de <strong>modo presencial<\/strong>, a partir de 19 de Abril, na secretaria da Escola b\u00e1sica de Santa Iria de Az\u00f3ia, nas seguintes condi\u00e7\u00f5es:<\/li>\n<\/ol>\n<ul>\n<li>Por <strong>marca\u00e7\u00e3o pr\u00e9via<\/strong>, a partir de 18 de Abril, atrav\u00e9s dos contactos supra indicados;<\/li>\n<li>O registo presencial da matr\u00edcula \u00e9 limitado a uma pessoa, que ser\u00e1 o encarregado de educa\u00e7\u00e3o, m\u00e3e ou pai, ou quem comprovadamente tem uma guarda de crian\u00e7a;<\/li>\n<\/ul>\n<p>Nota 1: N\u00e3o ser\u00e1 permitida a entrada de acompanhantes na escola e \u00e9 obrigat\u00f3rio o uso de m\u00e1scaras dentro do recinto escolar.<\/p>\n<p>&nbsp;<\/p>\n<ol start=\"3\">\n<li>Para os EE que optam pela matr\u00edcula presencial, devem apresentar:<\/li>\n<\/ol>\n<p>3.1 Relativamente ao <strong>Aluno<\/strong>:<\/p>\n<ul>\n<li>Cart\u00e3o de Cidad\u00e3o , T\u00edtulo de Resid\u00eancia ou Passaporte;<\/li>\n<li>Cart\u00e3o de Utente, exceto se tiver Cart\u00e3o de Cidad\u00e3o;<\/li>\n<li>Cart\u00e3o de subsistema de sa\u00fade, se aplic\u00e1vel (ex: ADSE \u2026);<\/li>\n<li>NIF (n\u00ba de contribuinte), exceto se tiver cart\u00e3o de cidad\u00e3o;<\/li>\n<li>N\u00ba de Seguran\u00e7a Social (NISS);<\/li>\n<li>1 fotografia;<\/li>\n<li>Declara\u00e7\u00e3o de Escal\u00e3o de Fam\u00edlia actualizado.<\/li>\n<\/ul>\n<p>3.2 \u2013 Relativamente ao <strong>Encarregado de Educa\u00e7\u00e3o<\/strong>:<\/p>\n<ul>\n<li>Cart\u00e3o de Cidad\u00e3o, T\u00edtulo de Resid\u00eancia ou Passaporte;<\/li>\n<li>Comprovativo da composi\u00e7\u00e3o do agregado familiar, validado pela Autoridade Tribut\u00e1ria (caso ou EE n\u00e3o seja pai ou m\u00e3e);<\/li>\n<li>Comprovativo de morada da \u00e1rea de resid\u00eancia em nome do EE (por exemplo: comprovativo de morada das finan\u00e7as, fatura do g\u00e1s, telefone, \u00e1gua ou eletricidade);<\/li>\n<li>Comprovativo da morada da atividade profissional (caso de EE inscreva o seu educando na sua \u00e1rea de trabalho local);<\/li>\n<li>NIF (n\u00ba de contribuinte), exceto se tiver cart\u00e3o de cidad\u00e3o;<\/li>\n<\/ul>\n<p>&nbsp;<\/p>\n<ol start=\"4\">\n<li>O AESIA \u00e9 constitu\u00eddo por seis Escolas do 1\u00ba Ciclo, com Jardim de Inf\u00e2ncia:<\/li>\n<\/ol>\n<p><strong>Escola B\u00e1sica da Bela Vista\u00a0\u00a0\u00a0\u00a0\u00a0\u00a0\u00a0\u00a0\u00a0\u00a0\u00a0\u00a0\u00a0\u00a0\u00a0\u00a0\u00a0\u00a0\u00a0\u00a0\u00a0\u00a0\u00a0\u00a0\u00a0\u00a0\u00a0\u00a0\u00a0\u00a0\u00a0\u00a0\u00a0\u00a0\u00a0 Escola B\u00e1sica Fernando Pessoa(antiga\u00a0 N\u00ba5) <\/strong><\/p>\n<p><strong>Escola B\u00e1sica do Alto da Eira\u00a0\u00a0\u00a0\u00a0\u00a0\u00a0\u00a0\u00a0\u00a0\u00a0\u00a0\u00a0\u00a0\u00a0\u00a0\u00a0\u00a0\u00a0\u00a0\u00a0\u00a0\u00a0\u00a0\u00a0\u00a0\u00a0\u00a0\u00a0\u00a0\u00a0\u00a0\u00a0 Escola B\u00e1sica J\u00falio Dinis(antiga\u00a0 N\u00ba6) <\/strong><\/p>\n<p><strong>Escola B\u00e1sica de Via Rara\u00a0\u00a0\u00a0\u00a0\u00a0\u00a0\u00a0\u00a0\u00a0\u00a0\u00a0\u00a0\u00a0\u00a0\u00a0\u00a0\u00a0\u00a0\u00a0\u00a0\u00a0\u00a0\u00a0\u00a0\u00a0\u00a0\u00a0\u00a0\u00a0\u00a0\u00a0\u00a0\u00a0\u00a0\u00a0\u00a0\u00a0\u00a0\u00a0 Escola B\u00e1sica de Bairro da Covina<\/strong><\/p>\n<p>&nbsp;<\/p>\n<p>No ato de matr\u00edcula, o encarregado de educa\u00e7\u00e3o indica, por ordem de prefer\u00eancia, <strong>cinco estabelecimentos <\/strong>de educa\u00e7\u00e3o ou de ensino cuja escolha de frequ\u00eancia \u00e9 a pretendida.<\/p>\n<p>&nbsp;<\/p>\n<p>NOTA 1 \u2013 As vagas na Educa\u00e7\u00e3o Pr\u00e9-escolar e 1\u00ba ano de escolaridade s\u00e3o preenchidas de acordo com as prioridades estipuladas no art\u00ba10 e at\u00ba11\u00ba, respetivamente, do Despacho Normativo n.\u00ba 6\/2018 de 12 de abril, na sua \u00faltima reda\u00e7\u00e3o.<\/p>\n<p>&nbsp;<\/p>\n<p>NOTA 2 \u2013\u00a0 As crian\u00e7as que completem os 6 anos de 16 de setembro a 31 de dezembro ficam sujeitas \u00e0 exist\u00eancia de vaga, pelo que dever\u00e3o tamb\u00e9m realizar a sua inscri\u00e7\u00e3o na Educa\u00e7\u00e3o Pr\u00e9-escolar.<\/p>\n<p>NOTA 3 &#8211;\u00a0 Para o 1\u00ba ciclo, o Encarregado de Educa\u00e7\u00e3o dever\u00e1 indicar por ordem de prefer\u00eancia 5 estabelecimentos de Educa\u00e7\u00e3o e Ensino. Caso n\u00e3o os indique o AESIA far\u00e1 a coloca\u00e7\u00e3o administrativa nas escolas preferencialmente mais pr\u00f3ximas da sua resid\u00eancia, de acordo com as vagas existentes.<\/p>\n<p>&nbsp;<\/p>\n<ol start=\"5\">\n<li><strong> QUEM PODE SER ENCARREGADO DE EDUCA\u00c7\u00c3O?<\/strong><\/li>\n<\/ol>\n<p>De acordo com o ponto 4 do art\u00ba 43\u00ba da Lei n\u00ba 51\/2012, de 5 de Setembro, considera-se Encarregado de Educa\u00e7\u00e3o quem tiver menores a residir consigo ou confiado aos seus cuidados:<\/p>\n<ul>\n<li>Pelo exerc\u00edcio das responsabilidades parentais;<\/li>\n<li>Por decis\u00e3o judicial;<\/li>\n<li>Pelo exerc\u00edcio de fun\u00e7\u00f5es executivas na dire\u00e7\u00e3o de institui\u00e7\u00f5es que tenham menores, a qualquer t\u00edtulo, \u00e0 sua responsabilidade;<\/li>\n<li>Por mera autoridade de facto ou por delega\u00e7\u00e3o, devidamente comprovada, por parte de qualquer das entidades referidas nas al\u00edneas anteriores.<\/li>\n<\/ul>\n<p>&nbsp;<\/p>\n<ol start=\"6\">\n<li><strong> Publica\u00e7\u00e3o das listas<\/strong> em todas as EB1 e na EB2,3 de Santa iria de Az\u00f3ia:<\/li>\n<\/ol>\n<p>As listas dos alunos inscritos ser\u00e3o divulgadas at\u00e9 <strong>31 de maio<\/strong><\/p>\n<p>As listas dos alunos admitidos \u00e0 Educa\u00e7\u00e3o Pr\u00e9-escolar e 1\u00ba ano ser\u00e3o divulgadas at\u00e9 <strong>1 de julho<\/strong><\/p>\n<p>&nbsp;<\/p>\n<ol start=\"7\">\n<li>Candidatura ao Servi\u00e7o de Apoio \u00e0 Fam\u00edlia (SAF), <strong>s\u00f3 ap\u00f3s a coloca\u00e7\u00e3o<\/strong>:<\/li>\n<\/ol>\n<p>Os Encarregados de Educa\u00e7\u00e3o interessados no Servi\u00e7o de Refei\u00e7\u00f5es e \/ ou lanches\/pequeno almo\u00e7o e \/ ou AAAF (Prolongamento de Hor\u00e1rio -pr\u00e9-escolar)\u00a0 devem obrigatoriamente entregar o formul\u00e1rio dispon\u00edvel no site <a href=\"http:\/\/www.aesia.pt\">www.aesia.pt<\/a> e os restantes documentos solicitados no mesmo.<\/p>\n<p>Poder\u00e3o tamb\u00e9m ser solicitados atrav\u00e9s do endere\u00e7o eletr\u00f3nico matriculas@aesia.pt<\/p>\n<p>&nbsp;<\/p>\n<p style=\"text-align: center;\">Santa Iria de Az\u00f3ia, 15 de abril de 2022<\/p>\n<p style=\"text-align: center;\">O Diretor<\/p>\n<p><span style=\"vertical-align: inherit;\"><span style=\"vertical-align: inherit;\"><span style=\"vertical-align: inherit;\"><span style=\"vertical-align: inherit;\">_________________________________________________________________________<\/span><\/span><\/span><\/span><\/p>\n<p>&nbsp;<\/p>\n<p><span style=\"vertical-align: inherit;\"><span style=\"vertical-align: inherit;\"><span style=\"vertical-align: inherit;\"><span style=\"vertical-align: inherit;\"><strong style=\"text-align: center;\"><span style=\"vertical-align: inherit;\"><span style=\"vertical-align: inherit;\"><span style=\"vertical-align: inherit;\"><span style=\"vertical-align: inherit;\"><span style=\"vertical-align: inherit;\"><span style=\"vertical-align: inherit;\">MATR\u00cdCULAS NA REDE DE ENSINO P\u00daBLICO 2022\u00a0<\/span><\/span><\/span><\/span><\/span><\/span><\/strong><span style=\"font-size: 10.72px; font-weight: bold;\"><span style=\"vertical-align: inherit;\"><span style=\"vertical-align: inherit;\"><span style=\"vertical-align: inherit;\"><span style=\"vertical-align: inherit;\"> (Documentos disponibilizados para edi\u00e7\u00e3o)<\/span><\/span><\/span><\/span><\/span><br \/>\n<\/span><\/span><\/span><\/span><\/p>\n<p style=\"text-align: center;\"><span style=\"color: #0000ff;\"><strong>(Processo EM ATUALIZA\u00c7\u00c3O)<\/strong><\/span><\/p>\n<ul>\n<li><a href=\"https:\/\/drive.google.com\/open?id=1lo2D7R12nVkQfYD8wnUadr4rt9EypNwr\"><span style=\"vertical-align: inherit;\">Condicionais<\/span><\/a><span style=\"vertical-align: inherit;\"> &#8211; Apenas para alunos que completaram 6 anos a partir de 16 de setembro<\/span><\/li>\n<li><a href=\"https:\/\/drive.google.com\/open?id=1hqrer-eXbKoR_Wl7qAO6E7iuv7QmtOsw\"><span style=\"vertical-align: inherit;\">D<\/span><span style=\"vertical-align: inherit;\">eclara\u00e7\u00e3o d<\/span><span style=\"vertical-align: inherit;\">e abono<\/span><\/a><span style=\"vertical-align: inherit;\"> &#8211; para EE que n\u00e3o apresenta declara\u00e7\u00e3o de abono<\/span><\/li>\n<li><a href=\"https:\/\/docs.google.com\/document\/d\/1Y9DZV7D_Ei6smuzw4tZpuj-WEmZvhIiS\/edit?usp=sharing&amp;ouid=105825157531914802758&amp;rtpof=true&amp;sd=true\"><span style=\"vertical-align: inherit;\"><span style=\"vertical-align: inherit;\"><span style=\"vertical-align: inherit;\"><span style=\"vertical-align: inherit;\"><span style=\"vertical-align: inherit;\"><span style=\"vertical-align: inherit;\">Candidatura para SAF (CML<\/span><\/span><\/span><\/span><\/span><\/span><\/a><a href=\"https:\/\/docs.google.com\/document\/d\/1Y9DZV7D_Ei6smuzw4tZpuj-WEmZvhIiS\/edit?usp=sharing&amp;ouid=105825157531914802758&amp;rtpof=true&amp;sd=true\"><span style=\"vertical-align: inherit;\"><span style=\"vertical-align: inherit;\"><span style=\"vertical-align: inherit;\"><span style=\"vertical-align: inherit;\"><span style=\"vertical-align: inherit;\"><span style=\"vertical-align: inherit;\">)<\/span><\/span><\/span><\/span><\/span><\/span><\/a><\/li>\n<li><a href=\"https:\/\/drive.google.com\/file\/d\/1pI2tsQK4mhIGYV82EwDaqCTyrrNlv8q_\/view?usp=sharing\">Ficha m\u00e9d. social<\/a><\/li>\n<\/ul>\n<h6 style=\"text-align: left;\"><span style=\"vertical-align: inherit;\">(*) Conforme determina a Lei n\u00ba 7\/2007, de 5 de fevereiro, o artigo 5\u00ba \/ 2 \u00e9 interdita &#8220;a reprodu\u00e7\u00e3o do cart\u00e3o de cidad\u00e3o em fotoc\u00f3pia ou qualquer outro meio <\/span><span style=\"text-decoration: underline;\"><strong><span style=\"vertical-align: inherit;\">sem consentimento do titular<\/span><\/strong><\/span><span style=\"vertical-align: inherit;\"> , salvo nos casos expressamente previstos na lei ou em uso &#8220;de autoridade judici\u00e1ria&#8221;<\/span><\/h6>\n<p>________________________________________________________________________________<\/p>\n<p><strong>Documentos a preencher ap\u00f3s a coloca\u00e7\u00e3o dos alunos a 1 de Julho de 2022<\/strong><\/p>\n<p>&nbsp;<\/p>\n<ul>\n<li>Requerimento para matr\u00edcula condicional \u2013 Apenas para alunos que completaram 6 anos a partir de 16 de Setembro<\/li>\n<li>Declara\u00e7\u00e3o de n\u00e3o recebimento de abono \u2013 para EE que n\u00e3o apresenta declara\u00e7\u00e3o de abono<\/li>\n<li>Candidatura para SAF edit\u00e1vel (CML)<\/li>\n<li>Ficha m\u00e9dico-social<\/li>\n<\/ul>\n<p>&nbsp;<\/p>\n<p>Para qualquer esclarecimento contactar: 21 953 32 60\u00a0\u00a0 E-mail: matriculas@aesia.pt<\/p>\n<p><span style=\"vertical-align: inherit;\"><span style=\"vertical-align: inherit;\"><span style=\"vertical-align: inherit;\"><span style=\"vertical-align: inherit;\">________________________________________________________________________________<\/span><\/span><\/span><\/span><\/p>\n<p style=\"text-align: center;\"><span style=\"text-decoration: underline;\"><strong><span style=\"vertical-align: inherit;\"><span style=\"vertical-align: inherit;\"><span style=\"vertical-align: inherit;\"><span style=\"vertical-align: inherit;\"><span style=\"vertical-align: inherit;\"><span style=\"vertical-align: inherit;\">Antecipa\u00e7\u00e3o ou adiamento da matr\u00edcula no 1\u00ba ano do 1\u00ba ciclo do ensino b\u00e1sico<\/span><\/span><\/span><\/span><\/span><\/span><\/strong><\/span><span style=\"vertical-align: inherit;\"><span style=\"font-size: 10.72px; font-weight: bold;\"><span style=\"vertical-align: inherit;\"><span style=\"vertical-align: inherit;\"><span style=\"vertical-align: inherit;\">\u00a0<\/span><\/span><\/span><\/span><\/span><\/p>\n<p><span style=\"vertical-align: inherit;\"><span style=\"vertical-align: inherit;\"><span style=\"vertical-align: inherit;\"><span style=\"vertical-align: inherit;\"><span style=\"vertical-align: inherit;\"><span style=\"vertical-align: inherit;\">Nos termos e para os efeitos desej\u00e1veis \u200b\u200bno art. <\/span><\/span><\/span><span style=\"vertical-align: inherit;\"><span style=\"vertical-align: inherit;\"><span style=\"vertical-align: inherit;\">5\u00ba \/ 8\/9 do Despacho Normativo n\u00ba 6\/2018, de 12 de abril, na sua vers\u00e3o publicada, os pais e respons\u00e1veis \u200b\u200bpela educa\u00e7\u00e3o que pretendem apresentar antecipa\u00e7\u00e3o ou adiamento da matr\u00edcula realizada pelo aluno <\/span><\/span><\/span><\/span><\/span><\/span><strong><span style=\"vertical-align: inherit;\"><span style=\"vertical-align: inherit;\"><span style=\"vertical-align: inherit;\"><span style=\"vertical-align: inherit;\"><span style=\"vertical-align: inherit;\"><span style=\"vertical-align: inherit;\">at\u00e9 15 de maio do ano anterior<\/span><\/span><\/span><\/span><\/span><\/span><\/strong><span style=\"vertical-align: inherit;\"><span style=\"vertical-align: inherit;\"><span style=\"vertical-align: inherit;\"><span style=\"vertical-align: inherit;\"><span style=\"vertical-align: inherit;\"><span style=\"vertical-align: inherit;\"> .<\/span><\/span><\/span><\/span><\/span><\/span><\/p>\n<p><span style=\"vertical-align: inherit;\"><span style=\"vertical-align: inherit;\"><span style=\"vertical-align: inherit;\"><span style=\"vertical-align: inherit;\"><span style=\"vertical-align: inherit;\"><span style=\"vertical-align: inherit;\">Para efeito, os interessados \u200b\u200bdevem apresentar um requerimento e um diretor solicitar uma proposta pela proposta da Equipa Multidisciplinar de Apoio \u00e0 Educa\u00e7\u00e3o Inclusiva.<\/span><\/span><\/span><\/span><\/span><\/span><\/p>\n<p><span style=\"vertical-align: inherit;\"><span style=\"vertical-align: inherit;\"><span style=\"vertical-align: inherit;\"><span style=\"vertical-align: inherit;\"><span style=\"vertical-align: inherit;\"><span style=\"vertical-align: inherit;\">&#8212;&#8212;&#8212;&#8212;&#8212;&#8212;&#8212;&#8212;&#8212;&#8212;&#8212;&#8212;&#8212;&#8212;&#8212;&#8212;&#8211; &#8212;&#8212;&#8212;&#8212;&#8212;&#8212;&#8212;&#8212;&#8212;&#8212;&#8212;&#8212;&#8212;&#8212;&#8212;&#8212;&#8211; &#8212;&#8212;&#8212;&#8212;&#8212;&#8212;&#8212;&#8212;&#8212;&#8212;&#8212;&#8212;<\/span><\/span><\/span><\/span><\/span><\/span><\/p>\n<p style=\"text-align: center;\"><strong><span style=\"vertical-align: inherit;\"><span style=\"vertical-align: inherit;\"><span style=\"vertical-align: inherit;\"><span style=\"vertical-align: inherit;\"><span style=\"vertical-align: inherit;\"><span style=\"vertical-align: inherit;\"><span style=\"vertical-align: inherit;\"><span style=\"vertical-align: inherit;\">Para outras informa\u00e7\u00f5es ou d\u00favidas, consulte nossos servi\u00e7os ou <\/span><\/span><\/span><\/span><\/span><\/span><\/span><\/span><a href=\"https:\/\/portaldasmatriculas.edu.gov.pt\/pdm\/#\/portal\/home\"><span style=\"vertical-align: inherit;\"><span style=\"vertical-align: inherit;\"><span style=\"vertical-align: inherit;\"><span style=\"vertical-align: inherit;\"><span style=\"vertical-align: inherit;\"><span style=\"vertical-align: inherit;\"><span style=\"vertical-align: inherit;\"><span style=\"vertical-align: inherit;\">Portal das Matriculas<\/span><\/span><\/span><\/span><\/span><\/span><\/span><\/span><\/a><\/strong><\/p>\n<p><span style=\"vertical-align: inherit;\"><span style=\"vertical-align: inherit;\"><span style=\"vertical-align: inherit;\"><span style=\"vertical-align: inherit;\"><span style=\"vertical-align: inherit;\"><span style=\"vertical-align: inherit;\">&#8212;&#8212;&#8212;&#8212;&#8212;&#8212;&#8212;&#8212;&#8212;&#8212;&#8212;&#8212;&#8212;&#8212;&#8212;&#8212;&#8211; &#8212;&#8212;&#8212;&#8212;&#8212;&#8212;&#8212;&#8212;&#8212;&#8212;&#8212;&#8212;&#8212;&#8212;&#8212;&#8212;&#8211; &#8212;&#8212;&#8212;&#8212;&#8212;&#8212;&#8212;&#8212;&#8212;&#8212;&#8212;&#8212;<\/span><\/span><\/span><\/span><\/span><\/span><\/p>\n","protected":false},"excerpt":{"rendered":"<p>INFORMA\u00c7\u00c3O SOBRE MATR\u00cdCULAS PR\u00c9-ESCOLAR (1\u00aa VEZ) E 1\u00ba ANO DE ESCOLARIDADE Ano Letivo 2022\/23 &nbsp; Informa-se os Encarregados de Educa\u00e7\u00e3o&hellip; <a class=\"continue\" href=\"https:\/\/aesia.pt\/portal\/secretaria\/primeira-matricula\/\">Ler mais<span> Primeira Matr\u00edcula<\/span><\/a><\/p>\n","protected":false},"author":8,"featured_media":0,"parent":793,"menu_order":0,"comment_status":"open","ping_status":"open","template":"p_secretaria.php","meta":{"_acf_changed":false,"footnotes":""},"class_list":["post-247","page","type-page","status-publish","hentry"],"acf":[],"yoast_head":"<!-- This site is optimized with the Yoast SEO plugin v27.4 - https:\/\/yoast.com\/product\/yoast-seo-wordpress\/ -->\n<title>Primeira Matr\u00edcula &#8211; AESIA<\/title>\n<meta name=\"robots\" content=\"index, follow, max-snippet:-1, max-image-preview:large, max-video-preview:-1\" \/>\n<link rel=\"canonical\" href=\"https:\/\/aesia.pt\/portal\/secretaria\/primeira-matricula\/\" \/>\n<meta property=\"og:locale\" content=\"pt_PT\" \/>\n<meta property=\"og:type\" content=\"article\" \/>\n<meta property=\"og:title\" content=\"Primeira Matr\u00edcula &#8211; AESIA\" \/>\n<meta property=\"og:description\" content=\"INFORMA\u00c7\u00c3O SOBRE MATR\u00cdCULAS PR\u00c9-ESCOLAR (1\u00aa VEZ) E 1\u00ba ANO DE ESCOLARIDADE Ano Letivo 2022\/23 &nbsp; Informa-se os Encarregados de Educa\u00e7\u00e3o&hellip; Ler mais Primeira Matr\u00edcula\" \/>\n<meta property=\"og:url\" content=\"https:\/\/aesia.pt\/portal\/secretaria\/primeira-matricula\/\" \/>\n<meta property=\"og:site_name\" content=\"AESIA\" \/>\n<meta property=\"article:publisher\" content=\"https:\/\/www.facebook.com\/aesia.pt\/\" \/>\n<meta property=\"article:modified_time\" content=\"2022-04-19T13:09:42+00:00\" \/>\n<meta name=\"twitter:card\" content=\"summary_large_image\" \/>\n<meta name=\"twitter:label1\" content=\"Tempo estimado de leitura\" \/>\n\t<meta name=\"twitter:data1\" content=\"5 minutos\" \/>\n<script type=\"application\/ld+json\" class=\"yoast-schema-graph\">{\"@context\":\"https:\\\/\\\/schema.org\",\"@graph\":[{\"@type\":\"WebPage\",\"@id\":\"https:\\\/\\\/aesia.pt\\\/portal\\\/secretaria\\\/primeira-matricula\\\/\",\"url\":\"https:\\\/\\\/aesia.pt\\\/portal\\\/secretaria\\\/primeira-matricula\\\/\",\"name\":\"Primeira Matr\u00edcula &#8211; AESIA\",\"isPartOf\":{\"@id\":\"https:\\\/\\\/aesia.pt\\\/portal\\\/#website\"},\"datePublished\":\"2014-07-23T17:00:01+00:00\",\"dateModified\":\"2022-04-19T13:09:42+00:00\",\"breadcrumb\":{\"@id\":\"https:\\\/\\\/aesia.pt\\\/portal\\\/secretaria\\\/primeira-matricula\\\/#breadcrumb\"},\"inLanguage\":\"pt-PT\",\"potentialAction\":[{\"@type\":\"ReadAction\",\"target\":[\"https:\\\/\\\/aesia.pt\\\/portal\\\/secretaria\\\/primeira-matricula\\\/\"]}]},{\"@type\":\"BreadcrumbList\",\"@id\":\"https:\\\/\\\/aesia.pt\\\/portal\\\/secretaria\\\/primeira-matricula\\\/#breadcrumb\",\"itemListElement\":[{\"@type\":\"ListItem\",\"position\":1,\"name\":\"Home\",\"item\":\"https:\\\/\\\/aesia.pt\\\/portal\\\/\"},{\"@type\":\"ListItem\",\"position\":2,\"name\":\"Secretaria\",\"item\":\"https:\\\/\\\/aesia.pt\\\/portal\\\/secretaria\\\/\"},{\"@type\":\"ListItem\",\"position\":3,\"name\":\"Primeira Matr\u00edcula\"}]},{\"@type\":\"WebSite\",\"@id\":\"https:\\\/\\\/aesia.pt\\\/portal\\\/#website\",\"url\":\"https:\\\/\\\/aesia.pt\\\/portal\\\/\",\"name\":\"AESIA\",\"description\":\"Agrupamento de Escolas de Santa Iria de Az\u00f3ia\",\"publisher\":{\"@id\":\"https:\\\/\\\/aesia.pt\\\/portal\\\/#organization\"},\"alternateName\":\"Agrupamento de Escolas de Santa Iria de Az\u00f3ia\",\"potentialAction\":[{\"@type\":\"SearchAction\",\"target\":{\"@type\":\"EntryPoint\",\"urlTemplate\":\"https:\\\/\\\/aesia.pt\\\/portal\\\/?s={search_term_string}\"},\"query-input\":{\"@type\":\"PropertyValueSpecification\",\"valueRequired\":true,\"valueName\":\"search_term_string\"}}],\"inLanguage\":\"pt-PT\"},{\"@type\":\"Organization\",\"@id\":\"https:\\\/\\\/aesia.pt\\\/portal\\\/#organization\",\"name\":\"Agrupamento de Escolas de Santa Iria de Az\u00f3ia\",\"alternateName\":\"AESIA\",\"url\":\"https:\\\/\\\/aesia.pt\\\/portal\\\/\",\"logo\":{\"@type\":\"ImageObject\",\"inLanguage\":\"pt-PT\",\"@id\":\"https:\\\/\\\/aesia.pt\\\/portal\\\/#\\\/schema\\\/logo\\\/image\\\/\",\"url\":\"https:\\\/\\\/aesia.pt\\\/portal\\\/wp-content\\\/uploads\\\/2023\\\/04\\\/logo4.png\",\"contentUrl\":\"https:\\\/\\\/aesia.pt\\\/portal\\\/wp-content\\\/uploads\\\/2023\\\/04\\\/logo4.png\",\"width\":162,\"height\":162,\"caption\":\"Agrupamento de Escolas de Santa Iria de Az\u00f3ia\"},\"image\":{\"@id\":\"https:\\\/\\\/aesia.pt\\\/portal\\\/#\\\/schema\\\/logo\\\/image\\\/\"},\"sameAs\":[\"https:\\\/\\\/www.facebook.com\\\/aesia.pt\\\/\"]}]}<\/script>\n<!-- \/ Yoast SEO plugin. -->","yoast_head_json":{"title":"Primeira Matr\u00edcula &#8211; AESIA","robots":{"index":"index","follow":"follow","max-snippet":"max-snippet:-1","max-image-preview":"max-image-preview:large","max-video-preview":"max-video-preview:-1"},"canonical":"https:\/\/aesia.pt\/portal\/secretaria\/primeira-matricula\/","og_locale":"pt_PT","og_type":"article","og_title":"Primeira Matr\u00edcula &#8211; AESIA","og_description":"INFORMA\u00c7\u00c3O SOBRE MATR\u00cdCULAS PR\u00c9-ESCOLAR (1\u00aa VEZ) E 1\u00ba ANO DE ESCOLARIDADE Ano Letivo 2022\/23 &nbsp; Informa-se os Encarregados de Educa\u00e7\u00e3o&hellip; Ler mais Primeira Matr\u00edcula","og_url":"https:\/\/aesia.pt\/portal\/secretaria\/primeira-matricula\/","og_site_name":"AESIA","article_publisher":"https:\/\/www.facebook.com\/aesia.pt\/","article_modified_time":"2022-04-19T13:09:42+00:00","twitter_card":"summary_large_image","twitter_misc":{"Tempo estimado de leitura":"5 minutos"},"schema":{"@context":"https:\/\/schema.org","@graph":[{"@type":"WebPage","@id":"https:\/\/aesia.pt\/portal\/secretaria\/primeira-matricula\/","url":"https:\/\/aesia.pt\/portal\/secretaria\/primeira-matricula\/","name":"Primeira Matr\u00edcula &#8211; AESIA","isPartOf":{"@id":"https:\/\/aesia.pt\/portal\/#website"},"datePublished":"2014-07-23T17:00:01+00:00","dateModified":"2022-04-19T13:09:42+00:00","breadcrumb":{"@id":"https:\/\/aesia.pt\/portal\/secretaria\/primeira-matricula\/#breadcrumb"},"inLanguage":"pt-PT","potentialAction":[{"@type":"ReadAction","target":["https:\/\/aesia.pt\/portal\/secretaria\/primeira-matricula\/"]}]},{"@type":"BreadcrumbList","@id":"https:\/\/aesia.pt\/portal\/secretaria\/primeira-matricula\/#breadcrumb","itemListElement":[{"@type":"ListItem","position":1,"name":"Home","item":"https:\/\/aesia.pt\/portal\/"},{"@type":"ListItem","position":2,"name":"Secretaria","item":"https:\/\/aesia.pt\/portal\/secretaria\/"},{"@type":"ListItem","position":3,"name":"Primeira Matr\u00edcula"}]},{"@type":"WebSite","@id":"https:\/\/aesia.pt\/portal\/#website","url":"https:\/\/aesia.pt\/portal\/","name":"AESIA","description":"Agrupamento de Escolas de Santa Iria de Az\u00f3ia","publisher":{"@id":"https:\/\/aesia.pt\/portal\/#organization"},"alternateName":"Agrupamento de Escolas de Santa Iria de Az\u00f3ia","potentialAction":[{"@type":"SearchAction","target":{"@type":"EntryPoint","urlTemplate":"https:\/\/aesia.pt\/portal\/?s={search_term_string}"},"query-input":{"@type":"PropertyValueSpecification","valueRequired":true,"valueName":"search_term_string"}}],"inLanguage":"pt-PT"},{"@type":"Organization","@id":"https:\/\/aesia.pt\/portal\/#organization","name":"Agrupamento de Escolas de Santa Iria de Az\u00f3ia","alternateName":"AESIA","url":"https:\/\/aesia.pt\/portal\/","logo":{"@type":"ImageObject","inLanguage":"pt-PT","@id":"https:\/\/aesia.pt\/portal\/#\/schema\/logo\/image\/","url":"https:\/\/aesia.pt\/portal\/wp-content\/uploads\/2023\/04\/logo4.png","contentUrl":"https:\/\/aesia.pt\/portal\/wp-content\/uploads\/2023\/04\/logo4.png","width":162,"height":162,"caption":"Agrupamento de Escolas de Santa Iria de Az\u00f3ia"},"image":{"@id":"https:\/\/aesia.pt\/portal\/#\/schema\/logo\/image\/"},"sameAs":["https:\/\/www.facebook.com\/aesia.pt\/"]}]}},"_links":{"self":[{"href":"https:\/\/aesia.pt\/portal\/wp-json\/wp\/v2\/pages\/247","targetHints":{"allow":["GET"]}}],"collection":[{"href":"https:\/\/aesia.pt\/portal\/wp-json\/wp\/v2\/pages"}],"about":[{"href":"https:\/\/aesia.pt\/portal\/wp-json\/wp\/v2\/types\/page"}],"author":[{"embeddable":true,"href":"https:\/\/aesia.pt\/portal\/wp-json\/wp\/v2\/users\/8"}],"replies":[{"embeddable":true,"href":"https:\/\/aesia.pt\/portal\/wp-json\/wp\/v2\/comments?post=247"}],"version-history":[{"count":109,"href":"https:\/\/aesia.pt\/portal\/wp-json\/wp\/v2\/pages\/247\/revisions"}],"predecessor-version":[{"id":5661,"href":"https:\/\/aesia.pt\/portal\/wp-json\/wp\/v2\/pages\/247\/revisions\/5661"}],"up":[{"embeddable":true,"href":"https:\/\/aesia.pt\/portal\/wp-json\/wp\/v2\/pages\/793"}],"wp:attachment":[{"href":"https:\/\/aesia.pt\/portal\/wp-json\/wp\/v2\/media?parent=247"}],"curies":[{"name":"wp","href":"https:\/\/api.w.org\/{rel}","templated":true}]}}