{"id":2431,"date":"2016-05-12T11:34:12","date_gmt":"2016-05-12T11:34:12","guid":{"rendered":"http:\/\/aesia.pt\/portal\/?page_id=2431"},"modified":"2016-05-12T11:34:12","modified_gmt":"2016-05-12T11:34:12","slug":"2431-2","status":"publish","type":"page","link":"https:\/\/aesia.pt\/portal\/2431-2\/","title":{"rendered":"Autoavalia\u00e7\u00e3o &#8211; participe"},"content":{"rendered":"<p>\u00c0 comunidade escolar<\/p>\n<p>A Autoavalia\u00e7\u00e3o do AESIA, fazendo parte integrante do sistema de avalia\u00e7\u00e3o nos termos da Lei n.\u00ba31\/2002,\u00a0de 20 de Dezembro, caracteriza-se atualmente como o processo multidimensional e cont\u00ednuo cuja\u00a0periodicidade \u00e9 anual, isto \u00e9, coincidente com o calend\u00e1rio escolar.\u00a0O processo de autoavalia\u00e7\u00e3o ocorre nos dom\u00ednios estrat\u00e9gicos da melhoria continua, nomeadamente:\u00a0\uf0be Ensino \u2013 Aprendizagem (em sala de aula);\u00a0\uf0be Sucesso escolar;\u00a0\uf0be Clima escolar.<\/p>\n<p>O prosseguimento de autoavalia\u00e7\u00e3o do per\u00edodo 2015\/2016 assenta na orienta\u00e7\u00e3o que visa: &#8211;\u00a0Dar continuidade e consolidar o PAM1 2014\/2015, articulando com o PAA 2015\/2016 e com os\u00a0resultados da autoavalia\u00e7\u00e3o do per\u00edodo anterior; &#8211;\u00a0\u00a0Incluir a metodologia do Observat\u00f3rio, al\u00e9m da dimens\u00e3o \u201censino-aprendizagem\u201d, na ausculta\u00e7\u00e3o\u00a0das partes interessadas sobre o PAM e o Clima escolar.<\/p>\n<p>Neste \u00e2mbito, entre 17 de maio e 8 de junho\u00a0v\u00e3o ser aplicados question\u00e1rios online para alunos, professores, assistentes t\u00e9cnicos e operacionais bem como a pais e encarregados de educa\u00e7\u00e3o,\u00a0estes em\u00a0suporte papel.<\/p>\n<p>Na\u00a0recolha e tratamento de dados s\u00e3o garantidos a confidencialidade e a prote\u00e7\u00e3o de dados recolhidos.<\/p>\n<p>Question\u00e1rio sobre o PAM e Clima de Escola<\/p>\n<table>\n<tbody>\n<tr>\n<td>Respondentes<\/td>\n<td>Universo<\/td>\n<td>Tipo de question\u00e1rio<\/td>\n<td>Local\/Acesso<\/td>\n<\/tr>\n<tr>\n<td>Alunos (ALS)<\/td>\n<td>Amostra (3 turmas\/ano)<\/td>\n<td>Online<\/td>\n<td>Sala Tic\/outras<\/td>\n<\/tr>\n<tr>\n<td>Enc. Educa\u00e7\u00e3o (EE)<\/td>\n<td>Amostra (3 turmas\/ano)<\/td>\n<td>Suporte Papel<\/td>\n<td>Resid\u00eancia<\/td>\n<\/tr>\n<tr>\n<td>Pessoal Docente (PD)<\/td>\n<td>Universo (Escola sede)<\/td>\n<td>\u00a0Online<\/td>\n<td>Qualquer acesso<\/td>\n<\/tr>\n<tr>\n<td>Pessoal N\u00e3o Docente (PND)<\/td>\n<td>Universo (Escola sede)<\/td>\n<td>\u00a0Online<\/td>\n<td>Qualquer acesso<\/td>\n<\/tr>\n<\/tbody>\n<\/table>\n<p>Os question\u00e1rios dirigidos aos pais e encarregados de educa\u00e7\u00e3o ser\u00e3o entregues em suporte de papel, em envelope fechado, aos respetivos educandos.\u00a0Ap\u00f3s o preenchimento pelos EE, os alunos\/as dever\u00e3o devolver os envelopes fechados e entreg\u00e1-los ao\/\u00e0\u00a0Diretora de Turma, que por sua vez os entregar\u00e1 na Dire\u00e7\u00e3o. N\u00e3o dever\u00e1 haver qualquer registo escrito no envelope.<\/p>\n<p>A sua opini\u00e3o \u00e9 importante, colabore.<\/p>\n<p>&nbsp;<\/p>\n<p>A equipa de Autoavalia\u00e7\u00e3o<\/p>\n<p>A Dire\u00e7\u00e3o<\/p>\n<p>AESIA Maio 2016<\/p>\n","protected":false},"excerpt":{"rendered":"<p>\u00c0 comunidade escolar A Autoavalia\u00e7\u00e3o do AESIA, fazendo parte integrante do sistema de avalia\u00e7\u00e3o nos termos da Lei n.\u00ba31\/2002,\u00a0de 20&hellip; <a class=\"continue\" href=\"https:\/\/aesia.pt\/portal\/2431-2\/\">Ler mais<span> Autoavalia\u00e7\u00e3o &#8211; participe<\/span><\/a><\/p>\n","protected":false},"author":8,"featured_media":2433,"parent":0,"menu_order":0,"comment_status":"closed","ping_status":"closed","template":"","meta":{"_acf_changed":false,"footnotes":""},"class_list":["post-2431","page","type-page","status-publish","has-post-thumbnail","hentry"],"acf":[],"yoast_head":"<!-- This site is optimized with the Yoast SEO plugin v27.3 - https:\/\/yoast.com\/product\/yoast-seo-wordpress\/ -->\n<title>Autoavalia\u00e7\u00e3o - participe &#8211; AESIA<\/title>\n<meta name=\"robots\" content=\"index, follow, max-snippet:-1, max-image-preview:large, max-video-preview:-1\" \/>\n<link rel=\"canonical\" href=\"https:\/\/aesia.pt\/portal\/2431-2\/\" \/>\n<meta property=\"og:locale\" content=\"pt_PT\" \/>\n<meta property=\"og:type\" content=\"article\" \/>\n<meta property=\"og:title\" content=\"Autoavalia\u00e7\u00e3o - participe &#8211; AESIA\" \/>\n<meta property=\"og:description\" content=\"\u00c0 comunidade escolar A Autoavalia\u00e7\u00e3o do AESIA, fazendo parte integrante do sistema de avalia\u00e7\u00e3o nos termos da Lei n.\u00ba31\/2002,\u00a0de 20&hellip; Ler mais Autoavalia\u00e7\u00e3o &#8211; participe\" \/>\n<meta property=\"og:url\" content=\"https:\/\/aesia.pt\/portal\/2431-2\/\" \/>\n<meta property=\"og:site_name\" content=\"AESIA\" \/>\n<meta property=\"article:publisher\" content=\"https:\/\/www.facebook.com\/aesia.pt\/\" \/>\n<meta property=\"og:image\" content=\"https:\/\/aesia.pt\/portal\/wp-content\/uploads\/2016\/05\/AESIA.jpg\" \/>\n\t<meta property=\"og:image:width\" content=\"984\" \/>\n\t<meta property=\"og:image:height\" content=\"743\" \/>\n\t<meta property=\"og:image:type\" content=\"image\/jpeg\" \/>\n<meta name=\"twitter:card\" content=\"summary_large_image\" \/>\n<meta name=\"twitter:label1\" content=\"Tempo estimado de leitura\" \/>\n\t<meta name=\"twitter:data1\" content=\"2 minutos\" \/>\n<script type=\"application\/ld+json\" class=\"yoast-schema-graph\">{\"@context\":\"https:\\\/\\\/schema.org\",\"@graph\":[{\"@type\":\"WebPage\",\"@id\":\"https:\\\/\\\/aesia.pt\\\/portal\\\/2431-2\\\/\",\"url\":\"https:\\\/\\\/aesia.pt\\\/portal\\\/2431-2\\\/\",\"name\":\"Autoavalia\u00e7\u00e3o - participe &#8211; AESIA\",\"isPartOf\":{\"@id\":\"https:\\\/\\\/aesia.pt\\\/portal\\\/#website\"},\"primaryImageOfPage\":{\"@id\":\"https:\\\/\\\/aesia.pt\\\/portal\\\/2431-2\\\/#primaryimage\"},\"image\":{\"@id\":\"https:\\\/\\\/aesia.pt\\\/portal\\\/2431-2\\\/#primaryimage\"},\"thumbnailUrl\":\"https:\\\/\\\/aesia.pt\\\/portal\\\/wp-content\\\/uploads\\\/2016\\\/05\\\/AESIA.jpg\",\"datePublished\":\"2016-05-12T11:34:12+00:00\",\"breadcrumb\":{\"@id\":\"https:\\\/\\\/aesia.pt\\\/portal\\\/2431-2\\\/#breadcrumb\"},\"inLanguage\":\"pt-PT\",\"potentialAction\":[{\"@type\":\"ReadAction\",\"target\":[\"https:\\\/\\\/aesia.pt\\\/portal\\\/2431-2\\\/\"]}]},{\"@type\":\"ImageObject\",\"inLanguage\":\"pt-PT\",\"@id\":\"https:\\\/\\\/aesia.pt\\\/portal\\\/2431-2\\\/#primaryimage\",\"url\":\"https:\\\/\\\/aesia.pt\\\/portal\\\/wp-content\\\/uploads\\\/2016\\\/05\\\/AESIA.jpg\",\"contentUrl\":\"https:\\\/\\\/aesia.pt\\\/portal\\\/wp-content\\\/uploads\\\/2016\\\/05\\\/AESIA.jpg\",\"width\":984,\"height\":743,\"caption\":\"Autoavalia\u00e7\u00e3o AESIA\"},{\"@type\":\"BreadcrumbList\",\"@id\":\"https:\\\/\\\/aesia.pt\\\/portal\\\/2431-2\\\/#breadcrumb\",\"itemListElement\":[{\"@type\":\"ListItem\",\"position\":1,\"name\":\"Home\",\"item\":\"https:\\\/\\\/aesia.pt\\\/portal\\\/\"},{\"@type\":\"ListItem\",\"position\":2,\"name\":\"Autoavalia\u00e7\u00e3o &#8211; participe\"}]},{\"@type\":\"WebSite\",\"@id\":\"https:\\\/\\\/aesia.pt\\\/portal\\\/#website\",\"url\":\"https:\\\/\\\/aesia.pt\\\/portal\\\/\",\"name\":\"AESIA\",\"description\":\"Agrupamento de Escolas de Santa Iria de Az\u00f3ia\",\"publisher\":{\"@id\":\"https:\\\/\\\/aesia.pt\\\/portal\\\/#organization\"},\"alternateName\":\"Agrupamento de Escolas de Santa Iria de Az\u00f3ia\",\"potentialAction\":[{\"@type\":\"SearchAction\",\"target\":{\"@type\":\"EntryPoint\",\"urlTemplate\":\"https:\\\/\\\/aesia.pt\\\/portal\\\/?s={search_term_string}\"},\"query-input\":{\"@type\":\"PropertyValueSpecification\",\"valueRequired\":true,\"valueName\":\"search_term_string\"}}],\"inLanguage\":\"pt-PT\"},{\"@type\":\"Organization\",\"@id\":\"https:\\\/\\\/aesia.pt\\\/portal\\\/#organization\",\"name\":\"Agrupamento de Escolas de Santa Iria de Az\u00f3ia\",\"alternateName\":\"AESIA\",\"url\":\"https:\\\/\\\/aesia.pt\\\/portal\\\/\",\"logo\":{\"@type\":\"ImageObject\",\"inLanguage\":\"pt-PT\",\"@id\":\"https:\\\/\\\/aesia.pt\\\/portal\\\/#\\\/schema\\\/logo\\\/image\\\/\",\"url\":\"https:\\\/\\\/aesia.pt\\\/portal\\\/wp-content\\\/uploads\\\/2023\\\/04\\\/logo4.png\",\"contentUrl\":\"https:\\\/\\\/aesia.pt\\\/portal\\\/wp-content\\\/uploads\\\/2023\\\/04\\\/logo4.png\",\"width\":162,\"height\":162,\"caption\":\"Agrupamento de Escolas de Santa Iria de Az\u00f3ia\"},\"image\":{\"@id\":\"https:\\\/\\\/aesia.pt\\\/portal\\\/#\\\/schema\\\/logo\\\/image\\\/\"},\"sameAs\":[\"https:\\\/\\\/www.facebook.com\\\/aesia.pt\\\/\"]}]}<\/script>\n<!-- \/ Yoast SEO plugin. -->","yoast_head_json":{"title":"Autoavalia\u00e7\u00e3o - participe &#8211; AESIA","robots":{"index":"index","follow":"follow","max-snippet":"max-snippet:-1","max-image-preview":"max-image-preview:large","max-video-preview":"max-video-preview:-1"},"canonical":"https:\/\/aesia.pt\/portal\/2431-2\/","og_locale":"pt_PT","og_type":"article","og_title":"Autoavalia\u00e7\u00e3o - participe &#8211; AESIA","og_description":"\u00c0 comunidade escolar A Autoavalia\u00e7\u00e3o do AESIA, fazendo parte integrante do sistema de avalia\u00e7\u00e3o nos termos da Lei n.\u00ba31\/2002,\u00a0de 20&hellip; Ler mais Autoavalia\u00e7\u00e3o &#8211; participe","og_url":"https:\/\/aesia.pt\/portal\/2431-2\/","og_site_name":"AESIA","article_publisher":"https:\/\/www.facebook.com\/aesia.pt\/","og_image":[{"width":984,"height":743,"url":"https:\/\/aesia.pt\/portal\/wp-content\/uploads\/2016\/05\/AESIA.jpg","type":"image\/jpeg"}],"twitter_card":"summary_large_image","twitter_misc":{"Tempo estimado de leitura":"2 minutos"},"schema":{"@context":"https:\/\/schema.org","@graph":[{"@type":"WebPage","@id":"https:\/\/aesia.pt\/portal\/2431-2\/","url":"https:\/\/aesia.pt\/portal\/2431-2\/","name":"Autoavalia\u00e7\u00e3o - participe &#8211; AESIA","isPartOf":{"@id":"https:\/\/aesia.pt\/portal\/#website"},"primaryImageOfPage":{"@id":"https:\/\/aesia.pt\/portal\/2431-2\/#primaryimage"},"image":{"@id":"https:\/\/aesia.pt\/portal\/2431-2\/#primaryimage"},"thumbnailUrl":"https:\/\/aesia.pt\/portal\/wp-content\/uploads\/2016\/05\/AESIA.jpg","datePublished":"2016-05-12T11:34:12+00:00","breadcrumb":{"@id":"https:\/\/aesia.pt\/portal\/2431-2\/#breadcrumb"},"inLanguage":"pt-PT","potentialAction":[{"@type":"ReadAction","target":["https:\/\/aesia.pt\/portal\/2431-2\/"]}]},{"@type":"ImageObject","inLanguage":"pt-PT","@id":"https:\/\/aesia.pt\/portal\/2431-2\/#primaryimage","url":"https:\/\/aesia.pt\/portal\/wp-content\/uploads\/2016\/05\/AESIA.jpg","contentUrl":"https:\/\/aesia.pt\/portal\/wp-content\/uploads\/2016\/05\/AESIA.jpg","width":984,"height":743,"caption":"Autoavalia\u00e7\u00e3o AESIA"},{"@type":"BreadcrumbList","@id":"https:\/\/aesia.pt\/portal\/2431-2\/#breadcrumb","itemListElement":[{"@type":"ListItem","position":1,"name":"Home","item":"https:\/\/aesia.pt\/portal\/"},{"@type":"ListItem","position":2,"name":"Autoavalia\u00e7\u00e3o &#8211; participe"}]},{"@type":"WebSite","@id":"https:\/\/aesia.pt\/portal\/#website","url":"https:\/\/aesia.pt\/portal\/","name":"AESIA","description":"Agrupamento de Escolas de Santa Iria de Az\u00f3ia","publisher":{"@id":"https:\/\/aesia.pt\/portal\/#organization"},"alternateName":"Agrupamento de Escolas de Santa Iria de Az\u00f3ia","potentialAction":[{"@type":"SearchAction","target":{"@type":"EntryPoint","urlTemplate":"https:\/\/aesia.pt\/portal\/?s={search_term_string}"},"query-input":{"@type":"PropertyValueSpecification","valueRequired":true,"valueName":"search_term_string"}}],"inLanguage":"pt-PT"},{"@type":"Organization","@id":"https:\/\/aesia.pt\/portal\/#organization","name":"Agrupamento de Escolas de Santa Iria de Az\u00f3ia","alternateName":"AESIA","url":"https:\/\/aesia.pt\/portal\/","logo":{"@type":"ImageObject","inLanguage":"pt-PT","@id":"https:\/\/aesia.pt\/portal\/#\/schema\/logo\/image\/","url":"https:\/\/aesia.pt\/portal\/wp-content\/uploads\/2023\/04\/logo4.png","contentUrl":"https:\/\/aesia.pt\/portal\/wp-content\/uploads\/2023\/04\/logo4.png","width":162,"height":162,"caption":"Agrupamento de Escolas de Santa Iria de Az\u00f3ia"},"image":{"@id":"https:\/\/aesia.pt\/portal\/#\/schema\/logo\/image\/"},"sameAs":["https:\/\/www.facebook.com\/aesia.pt\/"]}]}},"_links":{"self":[{"href":"https:\/\/aesia.pt\/portal\/wp-json\/wp\/v2\/pages\/2431","targetHints":{"allow":["GET"]}}],"collection":[{"href":"https:\/\/aesia.pt\/portal\/wp-json\/wp\/v2\/pages"}],"about":[{"href":"https:\/\/aesia.pt\/portal\/wp-json\/wp\/v2\/types\/page"}],"author":[{"embeddable":true,"href":"https:\/\/aesia.pt\/portal\/wp-json\/wp\/v2\/users\/8"}],"replies":[{"embeddable":true,"href":"https:\/\/aesia.pt\/portal\/wp-json\/wp\/v2\/comments?post=2431"}],"version-history":[{"count":1,"href":"https:\/\/aesia.pt\/portal\/wp-json\/wp\/v2\/pages\/2431\/revisions"}],"predecessor-version":[{"id":2434,"href":"https:\/\/aesia.pt\/portal\/wp-json\/wp\/v2\/pages\/2431\/revisions\/2434"}],"wp:featuredmedia":[{"embeddable":true,"href":"https:\/\/aesia.pt\/portal\/wp-json\/wp\/v2\/media\/2433"}],"wp:attachment":[{"href":"https:\/\/aesia.pt\/portal\/wp-json\/wp\/v2\/media?parent=2431"}],"curies":[{"name":"wp","href":"https:\/\/api.w.org\/{rel}","templated":true}]}}