{"id":229,"date":"2014-07-23T16:46:15","date_gmt":"2014-07-23T16:46:15","guid":{"rendered":"http:\/\/localhost:82\/aesia\/?page_id=229"},"modified":"2014-11-25T15:36:09","modified_gmt":"2014-11-25T15:36:09","slug":"aluno-aesia","status":"publish","type":"page","link":"https:\/\/aesia.pt\/portal\/aluno-aesia\/","title":{"rendered":"Aluno Aesia"},"content":{"rendered":"<h3>Carta de Princ\u00edpios do Aluno AESIA<\/h3>\n<p>&nbsp;<\/p>\n<ol>\n<li>\u00a0Reconhe\u00e7o os\u00a0 valores da dignidade da pessoa humana, da democracia, do exerc\u00edcio respons\u00e1vel, da liberdade individual e da identidade nacional<\/li>\n<li>Sou cordial: sa\u00fado as pessoas com quem me cruzo ou a quem me dirige. Relaciono\u2010me com cordialidade com todos.<\/li>\n<li><em>\u00a0<\/em>Sou cuidadoso: zelo pela seguran\u00e7a, higiene e conforto da escola.<\/li>\n<li>Sou sereno: respeito os momentos e espa\u00e7os de trabalho e de sil\u00eancio.<\/li>\n<li>Sou respons\u00e1vel: empenho\u2010me nos meus estudos, assumindo os compromissos e desafios para atingir os objetivos do meu projeto de vida.<\/li>\n<li><em>\u00a0<\/em>Sou solid\u00e1rio: interesso\u2010me pelos outros e o meu apoio \u00e9 desinteressado.<\/li>\n<li>Sou interventivo: envolvo\u2010me nas atividades da escola, contribuindo para o bem\u2010estar e para o sucesso.<\/li>\n<li>Sou \u00fanico: sei afirmar\u2010me na escola, cultivando o m\u00e9rito, reconhe\u00e7o o valor dos meus colegas, a sua identidade e a excel\u00eancia pelo trabalho e empenho com que realizamos a nossa forma\u00e7\u00e3o.<\/li>\n<li><em>\u00a0<\/em>Sou respeitador: reconhe\u00e7o o trabalho dos professores e do pessoal n\u00e3o docente para a cria\u00e7\u00e3o das melhores condi\u00e7\u00f5es para o meu sucesso educativo<\/li>\n<li><em>\u00a0<\/em>Sou AESIA.<\/li>\n<\/ol>\n","protected":false},"excerpt":{"rendered":"<p>Carta de Princ\u00edpios do Aluno AESIA &nbsp; \u00a0Reconhe\u00e7o os\u00a0 valores da dignidade da pessoa humana, da democracia, do exerc\u00edcio respons\u00e1vel,&hellip; <a class=\"continue\" href=\"https:\/\/aesia.pt\/portal\/aluno-aesia\/\">Ler mais<span> Aluno Aesia<\/span><\/a><\/p>\n","protected":false},"author":8,"featured_media":0,"parent":0,"menu_order":0,"comment_status":"open","ping_status":"open","template":"p_alunos.php","meta":{"_acf_changed":false,"footnotes":""},"class_list":["post-229","page","type-page","status-publish","hentry"],"acf":[],"yoast_head":"<!-- This site is optimized with the Yoast SEO plugin v27.3 - https:\/\/yoast.com\/product\/yoast-seo-wordpress\/ -->\n<title>Aluno Aesia &#8211; AESIA<\/title>\n<meta name=\"robots\" content=\"index, follow, max-snippet:-1, max-image-preview:large, max-video-preview:-1\" \/>\n<link rel=\"canonical\" href=\"https:\/\/aesia.pt\/portal\/aluno-aesia\/\" \/>\n<meta property=\"og:locale\" content=\"pt_PT\" \/>\n<meta property=\"og:type\" content=\"article\" \/>\n<meta property=\"og:title\" content=\"Aluno Aesia &#8211; AESIA\" \/>\n<meta property=\"og:description\" content=\"Carta de Princ\u00edpios do Aluno AESIA &nbsp; \u00a0Reconhe\u00e7o os\u00a0 valores da dignidade da pessoa humana, da democracia, do exerc\u00edcio respons\u00e1vel,&hellip; Ler mais Aluno Aesia\" \/>\n<meta property=\"og:url\" content=\"https:\/\/aesia.pt\/portal\/aluno-aesia\/\" \/>\n<meta property=\"og:site_name\" content=\"AESIA\" \/>\n<meta property=\"article:publisher\" content=\"https:\/\/www.facebook.com\/aesia.pt\/\" \/>\n<meta property=\"article:modified_time\" content=\"2014-11-25T15:36:09+00:00\" \/>\n<meta name=\"twitter:card\" content=\"summary_large_image\" \/>\n<meta name=\"twitter:label1\" content=\"Tempo estimado de leitura\" \/>\n\t<meta name=\"twitter:data1\" content=\"1 minuto\" \/>\n<script type=\"application\/ld+json\" class=\"yoast-schema-graph\">{\"@context\":\"https:\\\/\\\/schema.org\",\"@graph\":[{\"@type\":\"WebPage\",\"@id\":\"https:\\\/\\\/aesia.pt\\\/portal\\\/aluno-aesia\\\/\",\"url\":\"https:\\\/\\\/aesia.pt\\\/portal\\\/aluno-aesia\\\/\",\"name\":\"Aluno Aesia &#8211; AESIA\",\"isPartOf\":{\"@id\":\"https:\\\/\\\/aesia.pt\\\/portal\\\/#website\"},\"datePublished\":\"2014-07-23T16:46:15+00:00\",\"dateModified\":\"2014-11-25T15:36:09+00:00\",\"breadcrumb\":{\"@id\":\"https:\\\/\\\/aesia.pt\\\/portal\\\/aluno-aesia\\\/#breadcrumb\"},\"inLanguage\":\"pt-PT\",\"potentialAction\":[{\"@type\":\"ReadAction\",\"target\":[\"https:\\\/\\\/aesia.pt\\\/portal\\\/aluno-aesia\\\/\"]}]},{\"@type\":\"BreadcrumbList\",\"@id\":\"https:\\\/\\\/aesia.pt\\\/portal\\\/aluno-aesia\\\/#breadcrumb\",\"itemListElement\":[{\"@type\":\"ListItem\",\"position\":1,\"name\":\"Home\",\"item\":\"https:\\\/\\\/aesia.pt\\\/portal\\\/\"},{\"@type\":\"ListItem\",\"position\":2,\"name\":\"Aluno Aesia\"}]},{\"@type\":\"WebSite\",\"@id\":\"https:\\\/\\\/aesia.pt\\\/portal\\\/#website\",\"url\":\"https:\\\/\\\/aesia.pt\\\/portal\\\/\",\"name\":\"AESIA\",\"description\":\"Agrupamento de Escolas de Santa Iria de Az\u00f3ia\",\"publisher\":{\"@id\":\"https:\\\/\\\/aesia.pt\\\/portal\\\/#organization\"},\"alternateName\":\"Agrupamento de Escolas de Santa Iria de Az\u00f3ia\",\"potentialAction\":[{\"@type\":\"SearchAction\",\"target\":{\"@type\":\"EntryPoint\",\"urlTemplate\":\"https:\\\/\\\/aesia.pt\\\/portal\\\/?s={search_term_string}\"},\"query-input\":{\"@type\":\"PropertyValueSpecification\",\"valueRequired\":true,\"valueName\":\"search_term_string\"}}],\"inLanguage\":\"pt-PT\"},{\"@type\":\"Organization\",\"@id\":\"https:\\\/\\\/aesia.pt\\\/portal\\\/#organization\",\"name\":\"Agrupamento de Escolas de Santa Iria de Az\u00f3ia\",\"alternateName\":\"AESIA\",\"url\":\"https:\\\/\\\/aesia.pt\\\/portal\\\/\",\"logo\":{\"@type\":\"ImageObject\",\"inLanguage\":\"pt-PT\",\"@id\":\"https:\\\/\\\/aesia.pt\\\/portal\\\/#\\\/schema\\\/logo\\\/image\\\/\",\"url\":\"https:\\\/\\\/aesia.pt\\\/portal\\\/wp-content\\\/uploads\\\/2023\\\/04\\\/logo4.png\",\"contentUrl\":\"https:\\\/\\\/aesia.pt\\\/portal\\\/wp-content\\\/uploads\\\/2023\\\/04\\\/logo4.png\",\"width\":162,\"height\":162,\"caption\":\"Agrupamento de Escolas de Santa Iria de Az\u00f3ia\"},\"image\":{\"@id\":\"https:\\\/\\\/aesia.pt\\\/portal\\\/#\\\/schema\\\/logo\\\/image\\\/\"},\"sameAs\":[\"https:\\\/\\\/www.facebook.com\\\/aesia.pt\\\/\"]}]}<\/script>\n<!-- \/ Yoast SEO plugin. -->","yoast_head_json":{"title":"Aluno Aesia &#8211; AESIA","robots":{"index":"index","follow":"follow","max-snippet":"max-snippet:-1","max-image-preview":"max-image-preview:large","max-video-preview":"max-video-preview:-1"},"canonical":"https:\/\/aesia.pt\/portal\/aluno-aesia\/","og_locale":"pt_PT","og_type":"article","og_title":"Aluno Aesia &#8211; AESIA","og_description":"Carta de Princ\u00edpios do Aluno AESIA &nbsp; \u00a0Reconhe\u00e7o os\u00a0 valores da dignidade da pessoa humana, da democracia, do exerc\u00edcio respons\u00e1vel,&hellip; Ler mais Aluno Aesia","og_url":"https:\/\/aesia.pt\/portal\/aluno-aesia\/","og_site_name":"AESIA","article_publisher":"https:\/\/www.facebook.com\/aesia.pt\/","article_modified_time":"2014-11-25T15:36:09+00:00","twitter_card":"summary_large_image","twitter_misc":{"Tempo estimado de leitura":"1 minuto"},"schema":{"@context":"https:\/\/schema.org","@graph":[{"@type":"WebPage","@id":"https:\/\/aesia.pt\/portal\/aluno-aesia\/","url":"https:\/\/aesia.pt\/portal\/aluno-aesia\/","name":"Aluno Aesia &#8211; AESIA","isPartOf":{"@id":"https:\/\/aesia.pt\/portal\/#website"},"datePublished":"2014-07-23T16:46:15+00:00","dateModified":"2014-11-25T15:36:09+00:00","breadcrumb":{"@id":"https:\/\/aesia.pt\/portal\/aluno-aesia\/#breadcrumb"},"inLanguage":"pt-PT","potentialAction":[{"@type":"ReadAction","target":["https:\/\/aesia.pt\/portal\/aluno-aesia\/"]}]},{"@type":"BreadcrumbList","@id":"https:\/\/aesia.pt\/portal\/aluno-aesia\/#breadcrumb","itemListElement":[{"@type":"ListItem","position":1,"name":"Home","item":"https:\/\/aesia.pt\/portal\/"},{"@type":"ListItem","position":2,"name":"Aluno Aesia"}]},{"@type":"WebSite","@id":"https:\/\/aesia.pt\/portal\/#website","url":"https:\/\/aesia.pt\/portal\/","name":"AESIA","description":"Agrupamento de Escolas de Santa Iria de Az\u00f3ia","publisher":{"@id":"https:\/\/aesia.pt\/portal\/#organization"},"alternateName":"Agrupamento de Escolas de Santa Iria de Az\u00f3ia","potentialAction":[{"@type":"SearchAction","target":{"@type":"EntryPoint","urlTemplate":"https:\/\/aesia.pt\/portal\/?s={search_term_string}"},"query-input":{"@type":"PropertyValueSpecification","valueRequired":true,"valueName":"search_term_string"}}],"inLanguage":"pt-PT"},{"@type":"Organization","@id":"https:\/\/aesia.pt\/portal\/#organization","name":"Agrupamento de Escolas de Santa Iria de Az\u00f3ia","alternateName":"AESIA","url":"https:\/\/aesia.pt\/portal\/","logo":{"@type":"ImageObject","inLanguage":"pt-PT","@id":"https:\/\/aesia.pt\/portal\/#\/schema\/logo\/image\/","url":"https:\/\/aesia.pt\/portal\/wp-content\/uploads\/2023\/04\/logo4.png","contentUrl":"https:\/\/aesia.pt\/portal\/wp-content\/uploads\/2023\/04\/logo4.png","width":162,"height":162,"caption":"Agrupamento de Escolas de Santa Iria de Az\u00f3ia"},"image":{"@id":"https:\/\/aesia.pt\/portal\/#\/schema\/logo\/image\/"},"sameAs":["https:\/\/www.facebook.com\/aesia.pt\/"]}]}},"_links":{"self":[{"href":"https:\/\/aesia.pt\/portal\/wp-json\/wp\/v2\/pages\/229","targetHints":{"allow":["GET"]}}],"collection":[{"href":"https:\/\/aesia.pt\/portal\/wp-json\/wp\/v2\/pages"}],"about":[{"href":"https:\/\/aesia.pt\/portal\/wp-json\/wp\/v2\/types\/page"}],"author":[{"embeddable":true,"href":"https:\/\/aesia.pt\/portal\/wp-json\/wp\/v2\/users\/8"}],"replies":[{"embeddable":true,"href":"https:\/\/aesia.pt\/portal\/wp-json\/wp\/v2\/comments?post=229"}],"version-history":[{"count":8,"href":"https:\/\/aesia.pt\/portal\/wp-json\/wp\/v2\/pages\/229\/revisions"}],"predecessor-version":[{"id":710,"href":"https:\/\/aesia.pt\/portal\/wp-json\/wp\/v2\/pages\/229\/revisions\/710"}],"wp:attachment":[{"href":"https:\/\/aesia.pt\/portal\/wp-json\/wp\/v2\/media?parent=229"}],"curies":[{"name":"wp","href":"https:\/\/api.w.org\/{rel}","templated":true}]}}