{"id":223,"date":"2014-07-23T16:40:25","date_gmt":"2014-07-23T16:40:25","guid":{"rendered":"http:\/\/localhost:82\/aesia\/?page_id=223"},"modified":"2024-12-20T08:49:41","modified_gmt":"2024-12-20T08:49:41","slug":"historial","status":"publish","type":"page","link":"https:\/\/aesia.pt\/portal\/a-aesia-agrupamento-de-escolas-de-santa-iria-de-azoia\/historial\/","title":{"rendered":"Historial"},"content":{"rendered":"<p style=\"text-align: justify;\">O Agrupamento de Escolas de Santa Iria de Az\u00f3ia (AESIA) iniciou o seu funcionamento em 1 de setembro de 2004 tendo como p\u00fablico-alvo crian\u00e7as e alunos da idade pr\u00e9-escolar ao 9\u00ba ano de escolaridade.<\/p>\n<p style=\"text-align: justify;\">As escolas do 1\u00ba ciclo e os jardins-de-inf\u00e2ncia (JI) do agrupamento est\u00e3o distribu\u00eddas pelo centro da Vila de Santa Iria de Az\u00f3ia, lugares de Portela de Az\u00f3ia, Via Rara e Bairro da Covina, agora integrando a atual Uni\u00e3o das Freguesias de Santa Iria de Az\u00f3ia, Bobadela e S. Jo\u00e3o da Talha, do concelho de Loures. A Escola sede \u2013 EB 2.3. de Santa Iria de Az\u00f3ia \u2013 fica situada na vila de Santa Iria de Az\u00f3ia, mais precisamente no lugar de Pirescoxe tendo iniciado a sua atividade no ano letivo de 1989\/90.<\/p>\n<p style=\"text-align: justify;\">A sua \u00e1rea de abrang\u00eancia est\u00e1 inserida na <strong>Uni\u00e3o das Freguesias de Santa Iria de Azoia, Bobadela e S\u00e3o Jo\u00e3o da Talha <\/strong>com 16,29 km\u00b2 de superf\u00edcie e 44 331 habitantes (2011). Apresenta uma densidade populacional de 2 721,4 habs.\/km\u00b2.<\/p>\n<p style=\"text-align: justify;\">Nas d\u00e9cadas de 60 e 70 do s\u00e9culo passado constru\u00edram-se extensos bairros clandestinos, mas os \u00faltimos anos caracterizaram-se pela constru\u00e7\u00e3o de novas urbaniza\u00e7\u00f5es e equipamentos urbanos de lazer e pela implanta\u00e7\u00e3o de numerosas empresas de servi\u00e7os e com\u00e9rcio. No entanto, grande parte da popula\u00e7\u00e3o ativa da freguesia trabalha no setor terci\u00e1rio, nos concelhos de Lisboa, para onde se desloca diariamente.<\/p>\n<p style=\"text-align: justify;\">A vertente educativa e formativa do Agrupamento engloba desde a educa\u00e7\u00e3o pr\u00e9-escolar at\u00e9 ao 9\u00ba ano de escolaridade e assenta em tr\u00eas pilares:<\/p>\n<p style=\"text-align: justify;\">\u00a0 \u00a0 a) liberdade de aprender e de ensinar salvaguardada, respetivamente, pela diversifica\u00e7\u00e3o da oferta educativa e formativa proposta aos alunos e pelo respeito por diferentes op\u00e7\u00f5es metodol\u00f3gicas dos professores;<\/p>\n<p style=\"text-align: justify;\">\u00a0 \u00a0b) justi\u00e7a, traduzida em igualdade de oportunidades para todos os alunos tendo em conta as dificuldades apresentadas, e respeito pelas aprendizagens menos formais, com relevo para as express\u00f5es f\u00edsicas e art\u00edsticas pelo seu elevado poder educativo para as crian\u00e7as e jovens;<\/p>\n<p style=\"text-align: justify;\">\u00a0 \u00a0 c) democracia, assente na disponibilidade para a aceita\u00e7\u00e3o de diferen\u00e7as, na adequa\u00e7\u00e3o das respostas a situa\u00e7\u00f5es mais espec\u00edficas e na participa\u00e7\u00e3o de todos na vida escolar.<\/p>\n","protected":false},"excerpt":{"rendered":"<p>O Agrupamento de Escolas de Santa Iria de Az\u00f3ia (AESIA) iniciou o seu funcionamento em 1 de setembro de 2004&hellip; <a class=\"continue\" href=\"https:\/\/aesia.pt\/portal\/a-aesia-agrupamento-de-escolas-de-santa-iria-de-azoia\/historial\/\">Ler mais<span> Historial<\/span><\/a><\/p>\n","protected":false},"author":8,"featured_media":0,"parent":4,"menu_order":0,"comment_status":"open","ping_status":"open","template":"p_base.php","meta":{"_acf_changed":false,"footnotes":""},"class_list":["post-223","page","type-page","status-publish","hentry"],"acf":[],"yoast_head":"<!-- This site is optimized with the Yoast SEO plugin v27.3 - https:\/\/yoast.com\/product\/yoast-seo-wordpress\/ -->\n<title>Historial &#8211; AESIA<\/title>\n<meta name=\"robots\" content=\"index, follow, max-snippet:-1, max-image-preview:large, max-video-preview:-1\" \/>\n<link rel=\"canonical\" href=\"https:\/\/aesia.pt\/portal\/a-aesia-agrupamento-de-escolas-de-santa-iria-de-azoia\/historial\/\" \/>\n<meta property=\"og:locale\" content=\"pt_PT\" \/>\n<meta property=\"og:type\" content=\"article\" \/>\n<meta property=\"og:title\" content=\"Historial &#8211; AESIA\" \/>\n<meta property=\"og:description\" content=\"O Agrupamento de Escolas de Santa Iria de Az\u00f3ia (AESIA) iniciou o seu funcionamento em 1 de setembro de 2004&hellip; Ler mais Historial\" \/>\n<meta property=\"og:url\" content=\"https:\/\/aesia.pt\/portal\/a-aesia-agrupamento-de-escolas-de-santa-iria-de-azoia\/historial\/\" \/>\n<meta property=\"og:site_name\" content=\"AESIA\" \/>\n<meta property=\"article:publisher\" content=\"https:\/\/www.facebook.com\/aesia.pt\/\" \/>\n<meta property=\"article:modified_time\" content=\"2024-12-20T08:49:41+00:00\" \/>\n<meta name=\"twitter:card\" content=\"summary_large_image\" \/>\n<meta name=\"twitter:label1\" content=\"Tempo estimado de leitura\" \/>\n\t<meta name=\"twitter:data1\" content=\"2 minutos\" \/>\n<script type=\"application\/ld+json\" class=\"yoast-schema-graph\">{\"@context\":\"https:\\\/\\\/schema.org\",\"@graph\":[{\"@type\":\"WebPage\",\"@id\":\"https:\\\/\\\/aesia.pt\\\/portal\\\/a-aesia-agrupamento-de-escolas-de-santa-iria-de-azoia\\\/historial\\\/\",\"url\":\"https:\\\/\\\/aesia.pt\\\/portal\\\/a-aesia-agrupamento-de-escolas-de-santa-iria-de-azoia\\\/historial\\\/\",\"name\":\"Historial &#8211; AESIA\",\"isPartOf\":{\"@id\":\"https:\\\/\\\/aesia.pt\\\/portal\\\/#website\"},\"datePublished\":\"2014-07-23T16:40:25+00:00\",\"dateModified\":\"2024-12-20T08:49:41+00:00\",\"breadcrumb\":{\"@id\":\"https:\\\/\\\/aesia.pt\\\/portal\\\/a-aesia-agrupamento-de-escolas-de-santa-iria-de-azoia\\\/historial\\\/#breadcrumb\"},\"inLanguage\":\"pt-PT\",\"potentialAction\":[{\"@type\":\"ReadAction\",\"target\":[\"https:\\\/\\\/aesia.pt\\\/portal\\\/a-aesia-agrupamento-de-escolas-de-santa-iria-de-azoia\\\/historial\\\/\"]}]},{\"@type\":\"BreadcrumbList\",\"@id\":\"https:\\\/\\\/aesia.pt\\\/portal\\\/a-aesia-agrupamento-de-escolas-de-santa-iria-de-azoia\\\/historial\\\/#breadcrumb\",\"itemListElement\":[{\"@type\":\"ListItem\",\"position\":1,\"name\":\"Home\",\"item\":\"https:\\\/\\\/aesia.pt\\\/portal\\\/\"},{\"@type\":\"ListItem\",\"position\":2,\"name\":\"AESIA &#8211; Agrupamento de Escolas de Santa Iria de Azoia\",\"item\":\"https:\\\/\\\/aesia.pt\\\/portal\\\/a-aesia-agrupamento-de-escolas-de-santa-iria-de-azoia\\\/\"},{\"@type\":\"ListItem\",\"position\":3,\"name\":\"Historial\"}]},{\"@type\":\"WebSite\",\"@id\":\"https:\\\/\\\/aesia.pt\\\/portal\\\/#website\",\"url\":\"https:\\\/\\\/aesia.pt\\\/portal\\\/\",\"name\":\"AESIA\",\"description\":\"Agrupamento de Escolas de Santa Iria de Az\u00f3ia\",\"publisher\":{\"@id\":\"https:\\\/\\\/aesia.pt\\\/portal\\\/#organization\"},\"alternateName\":\"Agrupamento de Escolas de Santa Iria de Az\u00f3ia\",\"potentialAction\":[{\"@type\":\"SearchAction\",\"target\":{\"@type\":\"EntryPoint\",\"urlTemplate\":\"https:\\\/\\\/aesia.pt\\\/portal\\\/?s={search_term_string}\"},\"query-input\":{\"@type\":\"PropertyValueSpecification\",\"valueRequired\":true,\"valueName\":\"search_term_string\"}}],\"inLanguage\":\"pt-PT\"},{\"@type\":\"Organization\",\"@id\":\"https:\\\/\\\/aesia.pt\\\/portal\\\/#organization\",\"name\":\"Agrupamento de Escolas de Santa Iria de Az\u00f3ia\",\"alternateName\":\"AESIA\",\"url\":\"https:\\\/\\\/aesia.pt\\\/portal\\\/\",\"logo\":{\"@type\":\"ImageObject\",\"inLanguage\":\"pt-PT\",\"@id\":\"https:\\\/\\\/aesia.pt\\\/portal\\\/#\\\/schema\\\/logo\\\/image\\\/\",\"url\":\"https:\\\/\\\/aesia.pt\\\/portal\\\/wp-content\\\/uploads\\\/2023\\\/04\\\/logo4.png\",\"contentUrl\":\"https:\\\/\\\/aesia.pt\\\/portal\\\/wp-content\\\/uploads\\\/2023\\\/04\\\/logo4.png\",\"width\":162,\"height\":162,\"caption\":\"Agrupamento de Escolas de Santa Iria de Az\u00f3ia\"},\"image\":{\"@id\":\"https:\\\/\\\/aesia.pt\\\/portal\\\/#\\\/schema\\\/logo\\\/image\\\/\"},\"sameAs\":[\"https:\\\/\\\/www.facebook.com\\\/aesia.pt\\\/\"]}]}<\/script>\n<!-- \/ Yoast SEO plugin. -->","yoast_head_json":{"title":"Historial &#8211; AESIA","robots":{"index":"index","follow":"follow","max-snippet":"max-snippet:-1","max-image-preview":"max-image-preview:large","max-video-preview":"max-video-preview:-1"},"canonical":"https:\/\/aesia.pt\/portal\/a-aesia-agrupamento-de-escolas-de-santa-iria-de-azoia\/historial\/","og_locale":"pt_PT","og_type":"article","og_title":"Historial &#8211; AESIA","og_description":"O Agrupamento de Escolas de Santa Iria de Az\u00f3ia (AESIA) iniciou o seu funcionamento em 1 de setembro de 2004&hellip; Ler mais Historial","og_url":"https:\/\/aesia.pt\/portal\/a-aesia-agrupamento-de-escolas-de-santa-iria-de-azoia\/historial\/","og_site_name":"AESIA","article_publisher":"https:\/\/www.facebook.com\/aesia.pt\/","article_modified_time":"2024-12-20T08:49:41+00:00","twitter_card":"summary_large_image","twitter_misc":{"Tempo estimado de leitura":"2 minutos"},"schema":{"@context":"https:\/\/schema.org","@graph":[{"@type":"WebPage","@id":"https:\/\/aesia.pt\/portal\/a-aesia-agrupamento-de-escolas-de-santa-iria-de-azoia\/historial\/","url":"https:\/\/aesia.pt\/portal\/a-aesia-agrupamento-de-escolas-de-santa-iria-de-azoia\/historial\/","name":"Historial &#8211; AESIA","isPartOf":{"@id":"https:\/\/aesia.pt\/portal\/#website"},"datePublished":"2014-07-23T16:40:25+00:00","dateModified":"2024-12-20T08:49:41+00:00","breadcrumb":{"@id":"https:\/\/aesia.pt\/portal\/a-aesia-agrupamento-de-escolas-de-santa-iria-de-azoia\/historial\/#breadcrumb"},"inLanguage":"pt-PT","potentialAction":[{"@type":"ReadAction","target":["https:\/\/aesia.pt\/portal\/a-aesia-agrupamento-de-escolas-de-santa-iria-de-azoia\/historial\/"]}]},{"@type":"BreadcrumbList","@id":"https:\/\/aesia.pt\/portal\/a-aesia-agrupamento-de-escolas-de-santa-iria-de-azoia\/historial\/#breadcrumb","itemListElement":[{"@type":"ListItem","position":1,"name":"Home","item":"https:\/\/aesia.pt\/portal\/"},{"@type":"ListItem","position":2,"name":"AESIA &#8211; Agrupamento de Escolas de Santa Iria de Azoia","item":"https:\/\/aesia.pt\/portal\/a-aesia-agrupamento-de-escolas-de-santa-iria-de-azoia\/"},{"@type":"ListItem","position":3,"name":"Historial"}]},{"@type":"WebSite","@id":"https:\/\/aesia.pt\/portal\/#website","url":"https:\/\/aesia.pt\/portal\/","name":"AESIA","description":"Agrupamento de Escolas de Santa Iria de Az\u00f3ia","publisher":{"@id":"https:\/\/aesia.pt\/portal\/#organization"},"alternateName":"Agrupamento de Escolas de Santa Iria de Az\u00f3ia","potentialAction":[{"@type":"SearchAction","target":{"@type":"EntryPoint","urlTemplate":"https:\/\/aesia.pt\/portal\/?s={search_term_string}"},"query-input":{"@type":"PropertyValueSpecification","valueRequired":true,"valueName":"search_term_string"}}],"inLanguage":"pt-PT"},{"@type":"Organization","@id":"https:\/\/aesia.pt\/portal\/#organization","name":"Agrupamento de Escolas de Santa Iria de Az\u00f3ia","alternateName":"AESIA","url":"https:\/\/aesia.pt\/portal\/","logo":{"@type":"ImageObject","inLanguage":"pt-PT","@id":"https:\/\/aesia.pt\/portal\/#\/schema\/logo\/image\/","url":"https:\/\/aesia.pt\/portal\/wp-content\/uploads\/2023\/04\/logo4.png","contentUrl":"https:\/\/aesia.pt\/portal\/wp-content\/uploads\/2023\/04\/logo4.png","width":162,"height":162,"caption":"Agrupamento de Escolas de Santa Iria de Az\u00f3ia"},"image":{"@id":"https:\/\/aesia.pt\/portal\/#\/schema\/logo\/image\/"},"sameAs":["https:\/\/www.facebook.com\/aesia.pt\/"]}]}},"_links":{"self":[{"href":"https:\/\/aesia.pt\/portal\/wp-json\/wp\/v2\/pages\/223","targetHints":{"allow":["GET"]}}],"collection":[{"href":"https:\/\/aesia.pt\/portal\/wp-json\/wp\/v2\/pages"}],"about":[{"href":"https:\/\/aesia.pt\/portal\/wp-json\/wp\/v2\/types\/page"}],"author":[{"embeddable":true,"href":"https:\/\/aesia.pt\/portal\/wp-json\/wp\/v2\/users\/8"}],"replies":[{"embeddable":true,"href":"https:\/\/aesia.pt\/portal\/wp-json\/wp\/v2\/comments?post=223"}],"version-history":[{"count":14,"href":"https:\/\/aesia.pt\/portal\/wp-json\/wp\/v2\/pages\/223\/revisions"}],"predecessor-version":[{"id":13884,"href":"https:\/\/aesia.pt\/portal\/wp-json\/wp\/v2\/pages\/223\/revisions\/13884"}],"up":[{"embeddable":true,"href":"https:\/\/aesia.pt\/portal\/wp-json\/wp\/v2\/pages\/4"}],"wp:attachment":[{"href":"https:\/\/aesia.pt\/portal\/wp-json\/wp\/v2\/media?parent=223"}],"curies":[{"name":"wp","href":"https:\/\/api.w.org\/{rel}","templated":true}]}}