{"id":2022,"date":"2015-09-07T14:20:47","date_gmt":"2015-09-07T14:20:47","guid":{"rendered":"http:\/\/aesia.pt\/portal\/?page_id=2022"},"modified":"2015-09-07T14:20:47","modified_gmt":"2015-09-07T14:20:47","slug":"horario-45","status":"publish","type":"page","link":"https:\/\/aesia.pt\/portal\/oferta-de-escola\/horario-45\/","title":{"rendered":"Hor\u00e1rio 45"},"content":{"rendered":"<h1 style=\"text-align: center;\"><strong>AGRUPAMENTO DE ESCOLAS DE SANTA IRIA DE AZ\u00d3IA<\/strong><\/h1>\n<h2 style=\"text-align: center;\">Sede: Escola 2\/3 de Santa Iria de Az\u00f3ia<\/h2>\n<h4 style=\"text-align: center;\"><\/h4>\n<p>&nbsp;<\/p>\n<p><strong>EDITAL<\/strong><\/p>\n<p><strong>CONTRATA\u00c7\u00c3O DE T\u00c9CNICO ESPECIALIZADO\/ COZINHA E EMPREGADO DE MESA E BAR (HOR\u00c1RIO 45)<\/strong><\/p>\n<p><strong>ANO LETIVO 2015\/16<\/strong><\/p>\n<p><strong>\u00a0<\/strong><\/p>\n<p>Informa-se que decorre ao abrigo do Decreto Lei n\u00ba 132\/2012, de 27 de junho na reda\u00e7\u00e3o dada pelo Decreto- Lei n.\u00ba 83 \u2013A\/2014, de 23 de maio, concurso por oferta de escola de um t\u00e9cnico especializado\/Empregado de Mesa e Bar. Esta contrata\u00e7\u00e3o foi autorizada por despacho do Senhor Secret\u00e1rio de Estado do Ensino e da Administra\u00e7\u00e3o Escolar para o exerc\u00edcio de fun\u00e7\u00f5es no Agrupamento de Escolas de S. iria da Az\u00f3ia no \u00e2mbito dos cursos Vocacionais.<\/p>\n<p>Mais se informa que os Candidatos dever\u00e3o ser titulares de Certifica\u00e7\u00e3o Pedag\u00f3gica (CAP) obtido atrav\u00e9s da forma\u00e7\u00e3o de formadores.<\/p>\n<ol>\n<li>IDENTIFICA\u00c7\u00c3O DA MODALIDADE DE CONTRATO:<\/li>\n<\/ol>\n<ul>\n<li><em>Contrato a termo resolutivo. <\/em><\/li>\n<\/ul>\n<ol>\n<li>IDENTIFICA\u00c7\u00c3O DA DURA\u00c7\u00c3O DO CONTRATO<\/li>\n<\/ol>\n<ul>\n<li><em>Anual \u2013 Inicio em setembro de 2015<\/em><\/li>\n<\/ul>\n<ol>\n<li>IDENTIFICA\u00c7\u00c3O DO LOCAL DE TRABALHO<\/li>\n<\/ol>\n<ul>\n<li><em>Agrupamento de Escolas de Sta. Iria de Az\u00f3ia<\/em><\/li>\n<\/ul>\n<p><em>\u00a0<\/em><\/p>\n<ol>\n<li>CARATERIZA\u00c7\u00c3O DAS FUN\u00c7\u00d5ES<\/li>\n<\/ol>\n<ul>\n<li>Ministrar a componente T\u00e9cnica Vocacional na \u00e1rea T\u00e9cnica para a qual concorre;<\/li>\n<li>Integrar a Equipa Pedag\u00f3gica e Formativa Vocacional e participar ativamente nas atividades desenvolvidas nomeadamente no dom\u00ednio do planeamento e avalia\u00e7\u00e3o.<\/li>\n<li>Desenvolver as atividades de acordo com as orienta\u00e7\u00f5es transmitidas pelos \u00d3rg\u00e3os Pedag\u00f3gico e de Gest\u00e3o do Agrupamento;<\/li>\n<li>Acompanhar as pr\u00e1ticas simuladas previstas no plano de estudos a ter lugar em Empresas ou Institui\u00e7\u00f5es que desenvolvam as atividades vocacionais a serem ministradas.<\/li>\n<\/ul>\n<ol>\n<li><strong>REQUISITOS DE ADMISS\u00c3O E CRIT\u00c9RIOS DE SELE\u00c7\u00c3O<\/strong><\/li>\n<\/ol>\n<p><strong>S\u00e3o crit\u00e9rios objetivos de sele\u00e7\u00e3o de acordo com o estabelecido no n.\u00ba 11 e seguintes do Art. 39\u00ba do\u00a0 Decreto-Lei n\u00ba 132\/2012 de 27\/6, os seguintes:<\/strong><\/p>\n<p><strong>\u00a0<\/strong><\/p>\n<ol>\n<li><strong><em>Avalia\u00e7\u00e3o do Portf\u00f3lio, com uma pondera\u00e7\u00e3o de 30%<\/em><\/strong><\/li>\n<li><strong><em>Entrevista de avalia\u00e7\u00e3o de compet\u00eancias com uma pondera\u00e7\u00e3o de 35%<\/em><\/strong><\/li>\n<li><strong><em>Experi\u00eancia Profissional, com uma pondera\u00e7\u00e3o de 35%<\/em><\/strong><\/li>\n<\/ol>\n<p><em><strong>O Portf\u00f3lio dever\u00e1 ser enviado para o seguinte endere\u00e7o eletr\u00f3nico<\/strong><\/em><strong><em>\u00a0<\/em><\/strong><em><strong><a href=\"mailto:concursos@aesia.pt\"><em>concursos@aesia.pt<\/em><\/a><\/strong><\/em><strong><em>\u00a0<\/em><\/strong><em><strong>ou em alternativa poder\u00e1 ser entregue em suporte de papel nos servi\u00e7os administrativos do Agrupamento \u2013 Rua D. Pedro V \u2013 2690-580 S. Iria de Azoia, at\u00e9 48 horas ap\u00f3s o t\u00e9rminus do prazo de candidatura estabelecido pela DGAE na plataforma eletr\u00f3nica (SIRGHE).<\/strong><\/em><\/p>\n<p><em><strong>No email enviado o candidato dever\u00e1 indicar para al\u00e9m do seu nome completo o n\u00famero de candidato.<\/strong><\/em><\/p>\n<p><em><strong>\u00a0<\/strong><\/em><\/p>\n<p><em><strong>O Edital (Aviso de Abertura) assim como a lista final ordenada ser\u00e3o afixados em local pr\u00f3prio na sede do Agrupamento assim como na sua p\u00e1gina da Internet- https:\/\/aesia.pt\/portal\/oferta-de-escola\/<\/strong><\/em><\/p>\n<p><em><strong>\u00a0<\/strong><\/em><\/p>\n<p><strong>Ao abrigo do n\u00ba 1, al\u00edneas a) e b) do art. 8\u00ba da Portaria n\u00ba 145-A\/2011 a aplica\u00e7\u00e3o do segundo crit\u00e9rio \u201cEntrevista de avalia\u00e7\u00e3o de compet\u00eancias\u201d, que decorre do art.\u00ba 39\u00ba, al\u00ednea b) do n\u00ba 11 do Dec. Lei 132\/2012, de 27 de junho ser\u00e1 aplicada por tranches de dez (10) candidatos por ordem decrescente do valor obtido no primeiro crit\u00e9rio de sele\u00e7\u00e3o, \u201cAvalia\u00e7\u00e3o do Portf\u00f3lio\u201d, sendo os candidatos convocados por correio eletr\u00f3nico.<\/strong><\/p>\n<p><strong>Os candidatos que n\u00e3o enviarem a documenta\u00e7\u00e3o exigida com vista \u00e0 aplica\u00e7\u00e3o do primeiro crit\u00e9rio \u201cavalia\u00e7\u00e3o do portf\u00f3lio\u201d ser\u00e3o exclu\u00eddos do presente concurso.<\/strong><\/p>\n<p><strong>Mais se informa que a convocat\u00f3ria de uma nova tranche de dez (10) candidatos com vista \u00e0 aplica\u00e7\u00e3o do segundo crit\u00e9rio \u201cEntrevista de avalia\u00e7\u00e3o de compet\u00eancias \u201cs\u00f3 ocorrer\u00e1 se n\u00e3o for poss\u00edvel na tranche anterior realizar a sele\u00e7\u00e3o do candidato para o preenchimento do Hor\u00e1rio colocado a concurso.<\/strong><\/p>\n<p><em>\u00a0<\/em><\/p>\n<p>O Diretor<\/p>\n<p>Ant\u00f3nio Marcelino<\/p>\n<p>&nbsp;<\/p>\n<p>________________________<\/p>\n<p>7\/09\/2015<\/p>\n<p>&nbsp;<\/p>\n<p>&nbsp;<\/p>\n","protected":false},"excerpt":{"rendered":"<p>AGRUPAMENTO DE ESCOLAS DE SANTA IRIA DE AZ\u00d3IA Sede: Escola 2\/3 de Santa Iria de Az\u00f3ia &nbsp; EDITAL CONTRATA\u00c7\u00c3O DE&hellip; <a class=\"continue\" href=\"https:\/\/aesia.pt\/portal\/oferta-de-escola\/horario-45\/\">Ler mais<span> Hor\u00e1rio 45<\/span><\/a><\/p>\n","protected":false},"author":8,"featured_media":0,"parent":300,"menu_order":0,"comment_status":"closed","ping_status":"closed","template":"","meta":{"_acf_changed":false,"footnotes":""},"class_list":["post-2022","page","type-page","status-publish","hentry"],"acf":[],"yoast_head":"<!-- This site is optimized with the Yoast SEO plugin v27.3 - https:\/\/yoast.com\/product\/yoast-seo-wordpress\/ -->\n<title>Hor\u00e1rio 45 &#8211; AESIA<\/title>\n<meta name=\"robots\" content=\"index, follow, max-snippet:-1, max-image-preview:large, max-video-preview:-1\" \/>\n<link rel=\"canonical\" href=\"https:\/\/aesia.pt\/portal\/oferta-de-escola\/horario-45\/\" \/>\n<meta property=\"og:locale\" content=\"pt_PT\" \/>\n<meta property=\"og:type\" content=\"article\" \/>\n<meta property=\"og:title\" content=\"Hor\u00e1rio 45 &#8211; AESIA\" \/>\n<meta property=\"og:description\" content=\"AGRUPAMENTO DE ESCOLAS DE SANTA IRIA DE AZ\u00d3IA Sede: Escola 2\/3 de Santa Iria de Az\u00f3ia &nbsp; EDITAL CONTRATA\u00c7\u00c3O DE&hellip; Ler mais Hor\u00e1rio 45\" \/>\n<meta property=\"og:url\" content=\"https:\/\/aesia.pt\/portal\/oferta-de-escola\/horario-45\/\" \/>\n<meta property=\"og:site_name\" content=\"AESIA\" \/>\n<meta property=\"article:publisher\" content=\"https:\/\/www.facebook.com\/aesia.pt\/\" \/>\n<meta name=\"twitter:card\" content=\"summary_large_image\" \/>\n<meta name=\"twitter:label1\" content=\"Tempo estimado de leitura\" \/>\n\t<meta name=\"twitter:data1\" content=\"3 minutos\" \/>\n<script type=\"application\/ld+json\" class=\"yoast-schema-graph\">{\"@context\":\"https:\\\/\\\/schema.org\",\"@graph\":[{\"@type\":\"WebPage\",\"@id\":\"https:\\\/\\\/aesia.pt\\\/portal\\\/oferta-de-escola\\\/horario-45\\\/\",\"url\":\"https:\\\/\\\/aesia.pt\\\/portal\\\/oferta-de-escola\\\/horario-45\\\/\",\"name\":\"Hor\u00e1rio 45 &#8211; AESIA\",\"isPartOf\":{\"@id\":\"https:\\\/\\\/aesia.pt\\\/portal\\\/#website\"},\"datePublished\":\"2015-09-07T14:20:47+00:00\",\"breadcrumb\":{\"@id\":\"https:\\\/\\\/aesia.pt\\\/portal\\\/oferta-de-escola\\\/horario-45\\\/#breadcrumb\"},\"inLanguage\":\"pt-PT\",\"potentialAction\":[{\"@type\":\"ReadAction\",\"target\":[\"https:\\\/\\\/aesia.pt\\\/portal\\\/oferta-de-escola\\\/horario-45\\\/\"]}]},{\"@type\":\"BreadcrumbList\",\"@id\":\"https:\\\/\\\/aesia.pt\\\/portal\\\/oferta-de-escola\\\/horario-45\\\/#breadcrumb\",\"itemListElement\":[{\"@type\":\"ListItem\",\"position\":1,\"name\":\"Home\",\"item\":\"https:\\\/\\\/aesia.pt\\\/portal\\\/\"},{\"@type\":\"ListItem\",\"position\":2,\"name\":\"Concurso Nacional\",\"item\":\"https:\\\/\\\/aesia.pt\\\/portal\\\/oferta-de-escola\\\/\"},{\"@type\":\"ListItem\",\"position\":3,\"name\":\"Hor\u00e1rio 45\"}]},{\"@type\":\"WebSite\",\"@id\":\"https:\\\/\\\/aesia.pt\\\/portal\\\/#website\",\"url\":\"https:\\\/\\\/aesia.pt\\\/portal\\\/\",\"name\":\"AESIA\",\"description\":\"Agrupamento de Escolas de Santa Iria de Az\u00f3ia\",\"publisher\":{\"@id\":\"https:\\\/\\\/aesia.pt\\\/portal\\\/#organization\"},\"alternateName\":\"Agrupamento de Escolas de Santa Iria de Az\u00f3ia\",\"potentialAction\":[{\"@type\":\"SearchAction\",\"target\":{\"@type\":\"EntryPoint\",\"urlTemplate\":\"https:\\\/\\\/aesia.pt\\\/portal\\\/?s={search_term_string}\"},\"query-input\":{\"@type\":\"PropertyValueSpecification\",\"valueRequired\":true,\"valueName\":\"search_term_string\"}}],\"inLanguage\":\"pt-PT\"},{\"@type\":\"Organization\",\"@id\":\"https:\\\/\\\/aesia.pt\\\/portal\\\/#organization\",\"name\":\"Agrupamento de Escolas de Santa Iria de Az\u00f3ia\",\"alternateName\":\"AESIA\",\"url\":\"https:\\\/\\\/aesia.pt\\\/portal\\\/\",\"logo\":{\"@type\":\"ImageObject\",\"inLanguage\":\"pt-PT\",\"@id\":\"https:\\\/\\\/aesia.pt\\\/portal\\\/#\\\/schema\\\/logo\\\/image\\\/\",\"url\":\"https:\\\/\\\/aesia.pt\\\/portal\\\/wp-content\\\/uploads\\\/2023\\\/04\\\/logo4.png\",\"contentUrl\":\"https:\\\/\\\/aesia.pt\\\/portal\\\/wp-content\\\/uploads\\\/2023\\\/04\\\/logo4.png\",\"width\":162,\"height\":162,\"caption\":\"Agrupamento de Escolas de Santa Iria de Az\u00f3ia\"},\"image\":{\"@id\":\"https:\\\/\\\/aesia.pt\\\/portal\\\/#\\\/schema\\\/logo\\\/image\\\/\"},\"sameAs\":[\"https:\\\/\\\/www.facebook.com\\\/aesia.pt\\\/\"]}]}<\/script>\n<!-- \/ Yoast SEO plugin. -->","yoast_head_json":{"title":"Hor\u00e1rio 45 &#8211; AESIA","robots":{"index":"index","follow":"follow","max-snippet":"max-snippet:-1","max-image-preview":"max-image-preview:large","max-video-preview":"max-video-preview:-1"},"canonical":"https:\/\/aesia.pt\/portal\/oferta-de-escola\/horario-45\/","og_locale":"pt_PT","og_type":"article","og_title":"Hor\u00e1rio 45 &#8211; AESIA","og_description":"AGRUPAMENTO DE ESCOLAS DE SANTA IRIA DE AZ\u00d3IA Sede: Escola 2\/3 de Santa Iria de Az\u00f3ia &nbsp; EDITAL CONTRATA\u00c7\u00c3O DE&hellip; Ler mais Hor\u00e1rio 45","og_url":"https:\/\/aesia.pt\/portal\/oferta-de-escola\/horario-45\/","og_site_name":"AESIA","article_publisher":"https:\/\/www.facebook.com\/aesia.pt\/","twitter_card":"summary_large_image","twitter_misc":{"Tempo estimado de leitura":"3 minutos"},"schema":{"@context":"https:\/\/schema.org","@graph":[{"@type":"WebPage","@id":"https:\/\/aesia.pt\/portal\/oferta-de-escola\/horario-45\/","url":"https:\/\/aesia.pt\/portal\/oferta-de-escola\/horario-45\/","name":"Hor\u00e1rio 45 &#8211; AESIA","isPartOf":{"@id":"https:\/\/aesia.pt\/portal\/#website"},"datePublished":"2015-09-07T14:20:47+00:00","breadcrumb":{"@id":"https:\/\/aesia.pt\/portal\/oferta-de-escola\/horario-45\/#breadcrumb"},"inLanguage":"pt-PT","potentialAction":[{"@type":"ReadAction","target":["https:\/\/aesia.pt\/portal\/oferta-de-escola\/horario-45\/"]}]},{"@type":"BreadcrumbList","@id":"https:\/\/aesia.pt\/portal\/oferta-de-escola\/horario-45\/#breadcrumb","itemListElement":[{"@type":"ListItem","position":1,"name":"Home","item":"https:\/\/aesia.pt\/portal\/"},{"@type":"ListItem","position":2,"name":"Concurso Nacional","item":"https:\/\/aesia.pt\/portal\/oferta-de-escola\/"},{"@type":"ListItem","position":3,"name":"Hor\u00e1rio 45"}]},{"@type":"WebSite","@id":"https:\/\/aesia.pt\/portal\/#website","url":"https:\/\/aesia.pt\/portal\/","name":"AESIA","description":"Agrupamento de Escolas de Santa Iria de Az\u00f3ia","publisher":{"@id":"https:\/\/aesia.pt\/portal\/#organization"},"alternateName":"Agrupamento de Escolas de Santa Iria de Az\u00f3ia","potentialAction":[{"@type":"SearchAction","target":{"@type":"EntryPoint","urlTemplate":"https:\/\/aesia.pt\/portal\/?s={search_term_string}"},"query-input":{"@type":"PropertyValueSpecification","valueRequired":true,"valueName":"search_term_string"}}],"inLanguage":"pt-PT"},{"@type":"Organization","@id":"https:\/\/aesia.pt\/portal\/#organization","name":"Agrupamento de Escolas de Santa Iria de Az\u00f3ia","alternateName":"AESIA","url":"https:\/\/aesia.pt\/portal\/","logo":{"@type":"ImageObject","inLanguage":"pt-PT","@id":"https:\/\/aesia.pt\/portal\/#\/schema\/logo\/image\/","url":"https:\/\/aesia.pt\/portal\/wp-content\/uploads\/2023\/04\/logo4.png","contentUrl":"https:\/\/aesia.pt\/portal\/wp-content\/uploads\/2023\/04\/logo4.png","width":162,"height":162,"caption":"Agrupamento de Escolas de Santa Iria de Az\u00f3ia"},"image":{"@id":"https:\/\/aesia.pt\/portal\/#\/schema\/logo\/image\/"},"sameAs":["https:\/\/www.facebook.com\/aesia.pt\/"]}]}},"_links":{"self":[{"href":"https:\/\/aesia.pt\/portal\/wp-json\/wp\/v2\/pages\/2022","targetHints":{"allow":["GET"]}}],"collection":[{"href":"https:\/\/aesia.pt\/portal\/wp-json\/wp\/v2\/pages"}],"about":[{"href":"https:\/\/aesia.pt\/portal\/wp-json\/wp\/v2\/types\/page"}],"author":[{"embeddable":true,"href":"https:\/\/aesia.pt\/portal\/wp-json\/wp\/v2\/users\/8"}],"replies":[{"embeddable":true,"href":"https:\/\/aesia.pt\/portal\/wp-json\/wp\/v2\/comments?post=2022"}],"version-history":[{"count":1,"href":"https:\/\/aesia.pt\/portal\/wp-json\/wp\/v2\/pages\/2022\/revisions"}],"predecessor-version":[{"id":2023,"href":"https:\/\/aesia.pt\/portal\/wp-json\/wp\/v2\/pages\/2022\/revisions\/2023"}],"up":[{"embeddable":true,"href":"https:\/\/aesia.pt\/portal\/wp-json\/wp\/v2\/pages\/300"}],"wp:attachment":[{"href":"https:\/\/aesia.pt\/portal\/wp-json\/wp\/v2\/media?parent=2022"}],"curies":[{"name":"wp","href":"https:\/\/api.w.org\/{rel}","templated":true}]}}