{"id":1644,"date":"2015-01-20T12:20:14","date_gmt":"2015-01-20T12:20:14","guid":{"rendered":"http:\/\/aesia.pt\/portal\/?page_id=1644"},"modified":"2015-01-20T12:20:50","modified_gmt":"2015-01-20T12:20:50","slug":"horario-28-contratacao-de-escola-para-tecnico-especializado-apoio-familia-e-comunidade","status":"publish","type":"page","link":"https:\/\/aesia.pt\/portal\/oferta-de-escola\/horario-28-contratacao-de-escola-para-tecnico-especializado-apoio-familia-e-comunidade\/","title":{"rendered":"A- Horario 28 &#8211; Contrata\u00e7\u00e3o de Escola para T\u00e9cnico especializado- Apoio \u00e0 Familia e Comunidade"},"content":{"rendered":"<h1 style=\"text-align: center;\"><strong>AGRUPAMENTO DE ESCOLAS DE SANTA IRIA DE AZ\u00d3IA<\/strong><\/h1>\n<h2 style=\"text-align: center;\">Sede: Escola 2\/3 de Santa Iria de Az\u00f3ia<\/h2>\n<h4 style=\"text-align: center;\"><\/h4>\n<p style=\"text-align: center;\"><strong>EDITAL<\/strong><\/p>\n<p style=\"text-align: center;\"><strong>CONTRATA\u00c7\u00c3O DE T\u00c9CNICO ESPECIALIZADO\/APOIO \u00c0 FAMILIA E COMUNIDADE<\/strong><\/p>\n<p style=\"text-align: center;\"><strong>ANO LETIVO 2014\/15<\/strong><\/p>\n<p><strong>\u00a0<\/strong><\/p>\n<p>Informa-se que decorre ao abrigo do Decreto Lei n\u00ba 132\/2012, de 27 de junho na reda\u00e7\u00e3o dada pelo Decreto- Lei n.\u00ba 83 \u2013A\/2014, de 23 de maio, concurso por oferta de escola de um t\u00e9cnico especializado\/Apoio \u00e0 fam\u00edlia e Comunidade. Esta contrata\u00e7\u00e3o foi autorizada por despacho do Senhor Secret\u00e1rio de Estado do Ensino e da Administra\u00e7\u00e3o Escolar para o exerc\u00edcio de fun\u00e7\u00f5es no Agrupamento de Escolas de S. iria da Az\u00f3ia no \u00e2mbito dos cursos Vocacionais.<\/p>\n<p>Mais se informa que o<em>s<\/em> Candidatos dever\u00e3o realizar a sua candidatura atrav\u00e9s da aplica\u00e7\u00e3o inform\u00e1tica disponibilizada pela Administra\u00e7\u00e3o Geral da Administra\u00e7\u00e3o Escolar (SIGRHE).<\/p>\n<ol>\n<li>Os Candidatos dever\u00e3o ser titulares de Certifica\u00e7\u00e3o Pedag\u00f3gica (CAP) obtido atrav\u00e9s da forma\u00e7\u00e3o de formadores.<\/li>\n<li>O Contrato ter\u00e1 a dura\u00e7\u00e3o de cerca de 5 meses (190 horas) com inicio em mar\u00e7o de 2015.<\/li>\n<li>O local de trabalho ser\u00e1 no Agrupamento de Escolas de St.\u00aa iria de Az\u00f3ia;<\/li>\n<li>Fun\u00e7\u00f5es a desempenhar:<\/li>\n<\/ol>\n<ul>\n<li>Ministrar a componente T\u00e9cnica Vocacional na \u00e1rea T\u00e9cnica para a qual concorre;<\/li>\n<li>Integrar a Equipa Pedag\u00f3gica e Formativa Vocacional e participar ativamente nas atividades desenvolvidas nomeadamente no dom\u00ednio do planeamento e avalia\u00e7\u00e3o.<\/li>\n<li>Desenvolver as atividades de acordo com as orienta\u00e7\u00f5es transmitidas pelos \u00d3rg\u00e3os Pedag\u00f3gico e de Gest\u00e3o do Agrupamento;<\/li>\n<li>Acompanhar as pr\u00e1ticas simuladas previstas no plano de estudos a ter lugar em Empresas ou Institui\u00e7\u00f5es que desenvolvam as atividades vocacionais a serem ministradas.<\/li>\n<\/ul>\n<ol>\n<li><strong>REQUISITOS DE ADMISS\u00c3O E CRIT\u00c9RIOS DE SELE\u00c7\u00c3O<\/strong><\/li>\n<\/ol>\n<p><strong>S\u00e3o crit\u00e9rios objetivos de sele\u00e7\u00e3o de acordo com o estabelecido no n.\u00ba 11 e seguintes do Art. 39\u00ba do Decreto-Lei n\u00ba 132\/2012 de 27\/6, os seguintes:<\/strong><\/p>\n<p><strong>\u00a0<\/strong><\/p>\n<ol>\n<li><strong><em>Avalia\u00e7\u00e3o do Portf\u00f3lio, com uma pondera\u00e7\u00e3o de 30%<\/em><\/strong><\/li>\n<li><strong><em>Entrevista de avalia\u00e7\u00e3o de compet\u00eancias com uma pondera\u00e7\u00e3o de 35%<\/em><\/strong><\/li>\n<li><strong><em>Experi\u00eancia Profissional, com uma pondera\u00e7\u00e3o de 35%<\/em><\/strong><\/li>\n<\/ol>\n<p><strong><em>\u00a0<\/em><\/strong><\/p>\n<p><strong><em>O Portf\u00f3lio dever\u00e1 ser enviado para o seguinte endere\u00e7o eletr\u00f3nico <a href=\"mailto:concursos@aesia.pt\">concursos@aesia.pt<\/a> ou em alternativa poder\u00e1 ser entregue em suporte de papel nos servi\u00e7os administrativos do Agrupamento &#8211; Rua D. Pedro V &#8211; 2690-580 S. Iria de Azoia, at\u00e9 48 horas ap\u00f3s o t\u00e9rminus do prazo de candidatura estabelecido pela DGAE na plataforma eletr\u00f3nica (SIRGHE).<\/em><\/strong><\/p>\n<p><strong><em>No email enviado o candidato dever\u00e1 indicar para al\u00e9m do seu nome completo o n\u00famero de candidato.<\/em><\/strong><\/p>\n<p><strong><em>\u00a0<\/em><\/strong><\/p>\n<p><strong><em>O Edital (Aviso de Abertura) assim como a lista final ordenada ser\u00e3o afixados em local pr\u00f3prio na sede do Agrupamento assim como na sua p\u00e1gina da Internet- https:\/\/aesia.pt\/portal\/oferta-de-escola\/<\/em><\/strong><\/p>\n<p><strong><em>\u00a0<\/em><\/strong><\/p>\n<p><strong>Ao abrigo do n\u00ba 1, al\u00edneas a) e b) do art. 8\u00ba da Portaria n\u00ba 145-A\/2011 a aplica\u00e7\u00e3o do segundo crit\u00e9rio \u201cEntrevista de avalia\u00e7\u00e3o de compet\u00eancias\u201d, que decorre do art.\u00ba 39\u00ba, al\u00ednea b) do n\u00ba 11 do Dec. Lei 132\/2012, de 27 de junho ser\u00e1 aplicada por tranches de dez (10) candidatos por ordem decrescente do valor obtido no primeiro crit\u00e9rio de sele\u00e7\u00e3o, \u201cAvalia\u00e7\u00e3o do Portf\u00f3lio\u201d, sendo os candidatos convocados por correio eletr\u00f3nico. <\/strong><\/p>\n<p><strong>Os candidatos que n\u00e3o tenham enviado a documenta\u00e7\u00e3o exigida com vista \u00e0 aplica\u00e7\u00e3o do primeiro crit\u00e9rio \u201cavalia\u00e7\u00e3o do portf\u00f3lio\u201d ser\u00e3o exclu\u00eddos do presente concurso.<\/strong><\/p>\n<p><strong>Mais se informa que a convocat\u00f3ria de uma nova tranche de dez (10) candidatos com vista \u00e0 aplica\u00e7\u00e3o do segundo crit\u00e9rio \u201cEntrevista de avalia\u00e7\u00e3o de compet\u00eancias \u201cs\u00f3 ocorrer\u00e1 se n\u00e3o for poss\u00edvel na tranche anterior realizar a sele\u00e7\u00e3o do candidato para o preenchimento do Hor\u00e1rio colocado a concurso.<\/strong><\/p>\n<p><strong><em>\u00a0<\/em><\/strong><\/p>\n<p style=\"text-align: center;\">O Diretor<\/p>\n<p style=\"text-align: center;\">Ant\u00f3nio Marcelino<\/p>\n<p style=\"text-align: center;\">________________________<\/p>\n<p style=\"text-align: center;\">19\/01\/2015<\/p>\n","protected":false},"excerpt":{"rendered":"<p>AGRUPAMENTO DE ESCOLAS DE SANTA IRIA DE AZ\u00d3IA Sede: Escola 2\/3 de Santa Iria de Az\u00f3ia EDITAL CONTRATA\u00c7\u00c3O DE T\u00c9CNICO&hellip; <a class=\"continue\" href=\"https:\/\/aesia.pt\/portal\/oferta-de-escola\/horario-28-contratacao-de-escola-para-tecnico-especializado-apoio-familia-e-comunidade\/\">Ler mais<span> A- Horario 28 &#8211; Contrata\u00e7\u00e3o de Escola para T\u00e9cnico especializado- Apoio \u00e0 Familia e Comunidade<\/span><\/a><\/p>\n","protected":false},"author":8,"featured_media":0,"parent":300,"menu_order":0,"comment_status":"closed","ping_status":"closed","template":"p_base.php","meta":{"_acf_changed":false,"footnotes":""},"class_list":["post-1644","page","type-page","status-publish","hentry"],"acf":[],"yoast_head":"<!-- This site is optimized with the Yoast SEO plugin v27.3 - https:\/\/yoast.com\/product\/yoast-seo-wordpress\/ -->\n<title>A- Horario 28 - Contrata\u00e7\u00e3o de Escola para T\u00e9cnico especializado- Apoio \u00e0 Familia e Comunidade &#8211; AESIA<\/title>\n<meta name=\"robots\" content=\"index, follow, max-snippet:-1, max-image-preview:large, max-video-preview:-1\" \/>\n<link rel=\"canonical\" href=\"https:\/\/aesia.pt\/portal\/oferta-de-escola\/horario-28-contratacao-de-escola-para-tecnico-especializado-apoio-familia-e-comunidade\/\" \/>\n<meta property=\"og:locale\" content=\"pt_PT\" \/>\n<meta property=\"og:type\" content=\"article\" \/>\n<meta property=\"og:title\" content=\"A- Horario 28 - Contrata\u00e7\u00e3o de Escola para T\u00e9cnico especializado- Apoio \u00e0 Familia e Comunidade &#8211; AESIA\" \/>\n<meta property=\"og:description\" content=\"AGRUPAMENTO DE ESCOLAS DE SANTA IRIA DE AZ\u00d3IA Sede: Escola 2\/3 de Santa Iria de Az\u00f3ia EDITAL CONTRATA\u00c7\u00c3O DE T\u00c9CNICO&hellip; Ler mais A- Horario 28 &#8211; Contrata\u00e7\u00e3o de Escola para T\u00e9cnico especializado- Apoio \u00e0 Familia e Comunidade\" \/>\n<meta property=\"og:url\" content=\"https:\/\/aesia.pt\/portal\/oferta-de-escola\/horario-28-contratacao-de-escola-para-tecnico-especializado-apoio-familia-e-comunidade\/\" \/>\n<meta property=\"og:site_name\" content=\"AESIA\" \/>\n<meta property=\"article:publisher\" content=\"https:\/\/www.facebook.com\/aesia.pt\/\" \/>\n<meta property=\"article:modified_time\" content=\"2015-01-20T12:20:50+00:00\" \/>\n<meta name=\"twitter:card\" content=\"summary_large_image\" \/>\n<meta name=\"twitter:label1\" content=\"Tempo estimado de leitura\" \/>\n\t<meta name=\"twitter:data1\" content=\"3 minutos\" \/>\n<script type=\"application\/ld+json\" class=\"yoast-schema-graph\">{\"@context\":\"https:\\\/\\\/schema.org\",\"@graph\":[{\"@type\":\"WebPage\",\"@id\":\"https:\\\/\\\/aesia.pt\\\/portal\\\/oferta-de-escola\\\/horario-28-contratacao-de-escola-para-tecnico-especializado-apoio-familia-e-comunidade\\\/\",\"url\":\"https:\\\/\\\/aesia.pt\\\/portal\\\/oferta-de-escola\\\/horario-28-contratacao-de-escola-para-tecnico-especializado-apoio-familia-e-comunidade\\\/\",\"name\":\"A- Horario 28 - Contrata\u00e7\u00e3o de Escola para T\u00e9cnico especializado- Apoio \u00e0 Familia e Comunidade &#8211; AESIA\",\"isPartOf\":{\"@id\":\"https:\\\/\\\/aesia.pt\\\/portal\\\/#website\"},\"datePublished\":\"2015-01-20T12:20:14+00:00\",\"dateModified\":\"2015-01-20T12:20:50+00:00\",\"breadcrumb\":{\"@id\":\"https:\\\/\\\/aesia.pt\\\/portal\\\/oferta-de-escola\\\/horario-28-contratacao-de-escola-para-tecnico-especializado-apoio-familia-e-comunidade\\\/#breadcrumb\"},\"inLanguage\":\"pt-PT\",\"potentialAction\":[{\"@type\":\"ReadAction\",\"target\":[\"https:\\\/\\\/aesia.pt\\\/portal\\\/oferta-de-escola\\\/horario-28-contratacao-de-escola-para-tecnico-especializado-apoio-familia-e-comunidade\\\/\"]}]},{\"@type\":\"BreadcrumbList\",\"@id\":\"https:\\\/\\\/aesia.pt\\\/portal\\\/oferta-de-escola\\\/horario-28-contratacao-de-escola-para-tecnico-especializado-apoio-familia-e-comunidade\\\/#breadcrumb\",\"itemListElement\":[{\"@type\":\"ListItem\",\"position\":1,\"name\":\"Home\",\"item\":\"https:\\\/\\\/aesia.pt\\\/portal\\\/\"},{\"@type\":\"ListItem\",\"position\":2,\"name\":\"Concurso Nacional\",\"item\":\"https:\\\/\\\/aesia.pt\\\/portal\\\/oferta-de-escola\\\/\"},{\"@type\":\"ListItem\",\"position\":3,\"name\":\"A- Horario 28 &#8211; Contrata\u00e7\u00e3o de Escola para T\u00e9cnico especializado- Apoio \u00e0 Familia e Comunidade\"}]},{\"@type\":\"WebSite\",\"@id\":\"https:\\\/\\\/aesia.pt\\\/portal\\\/#website\",\"url\":\"https:\\\/\\\/aesia.pt\\\/portal\\\/\",\"name\":\"AESIA\",\"description\":\"Agrupamento de Escolas de Santa Iria de Az\u00f3ia\",\"publisher\":{\"@id\":\"https:\\\/\\\/aesia.pt\\\/portal\\\/#organization\"},\"alternateName\":\"Agrupamento de Escolas de Santa Iria de Az\u00f3ia\",\"potentialAction\":[{\"@type\":\"SearchAction\",\"target\":{\"@type\":\"EntryPoint\",\"urlTemplate\":\"https:\\\/\\\/aesia.pt\\\/portal\\\/?s={search_term_string}\"},\"query-input\":{\"@type\":\"PropertyValueSpecification\",\"valueRequired\":true,\"valueName\":\"search_term_string\"}}],\"inLanguage\":\"pt-PT\"},{\"@type\":\"Organization\",\"@id\":\"https:\\\/\\\/aesia.pt\\\/portal\\\/#organization\",\"name\":\"Agrupamento de Escolas de Santa Iria de Az\u00f3ia\",\"alternateName\":\"AESIA\",\"url\":\"https:\\\/\\\/aesia.pt\\\/portal\\\/\",\"logo\":{\"@type\":\"ImageObject\",\"inLanguage\":\"pt-PT\",\"@id\":\"https:\\\/\\\/aesia.pt\\\/portal\\\/#\\\/schema\\\/logo\\\/image\\\/\",\"url\":\"https:\\\/\\\/aesia.pt\\\/portal\\\/wp-content\\\/uploads\\\/2023\\\/04\\\/logo4.png\",\"contentUrl\":\"https:\\\/\\\/aesia.pt\\\/portal\\\/wp-content\\\/uploads\\\/2023\\\/04\\\/logo4.png\",\"width\":162,\"height\":162,\"caption\":\"Agrupamento de Escolas de Santa Iria de Az\u00f3ia\"},\"image\":{\"@id\":\"https:\\\/\\\/aesia.pt\\\/portal\\\/#\\\/schema\\\/logo\\\/image\\\/\"},\"sameAs\":[\"https:\\\/\\\/www.facebook.com\\\/aesia.pt\\\/\"]}]}<\/script>\n<!-- \/ Yoast SEO plugin. -->","yoast_head_json":{"title":"A- Horario 28 - Contrata\u00e7\u00e3o de Escola para T\u00e9cnico especializado- Apoio \u00e0 Familia e Comunidade &#8211; AESIA","robots":{"index":"index","follow":"follow","max-snippet":"max-snippet:-1","max-image-preview":"max-image-preview:large","max-video-preview":"max-video-preview:-1"},"canonical":"https:\/\/aesia.pt\/portal\/oferta-de-escola\/horario-28-contratacao-de-escola-para-tecnico-especializado-apoio-familia-e-comunidade\/","og_locale":"pt_PT","og_type":"article","og_title":"A- Horario 28 - Contrata\u00e7\u00e3o de Escola para T\u00e9cnico especializado- Apoio \u00e0 Familia e Comunidade &#8211; AESIA","og_description":"AGRUPAMENTO DE ESCOLAS DE SANTA IRIA DE AZ\u00d3IA Sede: Escola 2\/3 de Santa Iria de Az\u00f3ia EDITAL CONTRATA\u00c7\u00c3O DE T\u00c9CNICO&hellip; Ler mais A- Horario 28 &#8211; Contrata\u00e7\u00e3o de Escola para T\u00e9cnico especializado- Apoio \u00e0 Familia e Comunidade","og_url":"https:\/\/aesia.pt\/portal\/oferta-de-escola\/horario-28-contratacao-de-escola-para-tecnico-especializado-apoio-familia-e-comunidade\/","og_site_name":"AESIA","article_publisher":"https:\/\/www.facebook.com\/aesia.pt\/","article_modified_time":"2015-01-20T12:20:50+00:00","twitter_card":"summary_large_image","twitter_misc":{"Tempo estimado de leitura":"3 minutos"},"schema":{"@context":"https:\/\/schema.org","@graph":[{"@type":"WebPage","@id":"https:\/\/aesia.pt\/portal\/oferta-de-escola\/horario-28-contratacao-de-escola-para-tecnico-especializado-apoio-familia-e-comunidade\/","url":"https:\/\/aesia.pt\/portal\/oferta-de-escola\/horario-28-contratacao-de-escola-para-tecnico-especializado-apoio-familia-e-comunidade\/","name":"A- Horario 28 - Contrata\u00e7\u00e3o de Escola para T\u00e9cnico especializado- Apoio \u00e0 Familia e Comunidade &#8211; AESIA","isPartOf":{"@id":"https:\/\/aesia.pt\/portal\/#website"},"datePublished":"2015-01-20T12:20:14+00:00","dateModified":"2015-01-20T12:20:50+00:00","breadcrumb":{"@id":"https:\/\/aesia.pt\/portal\/oferta-de-escola\/horario-28-contratacao-de-escola-para-tecnico-especializado-apoio-familia-e-comunidade\/#breadcrumb"},"inLanguage":"pt-PT","potentialAction":[{"@type":"ReadAction","target":["https:\/\/aesia.pt\/portal\/oferta-de-escola\/horario-28-contratacao-de-escola-para-tecnico-especializado-apoio-familia-e-comunidade\/"]}]},{"@type":"BreadcrumbList","@id":"https:\/\/aesia.pt\/portal\/oferta-de-escola\/horario-28-contratacao-de-escola-para-tecnico-especializado-apoio-familia-e-comunidade\/#breadcrumb","itemListElement":[{"@type":"ListItem","position":1,"name":"Home","item":"https:\/\/aesia.pt\/portal\/"},{"@type":"ListItem","position":2,"name":"Concurso Nacional","item":"https:\/\/aesia.pt\/portal\/oferta-de-escola\/"},{"@type":"ListItem","position":3,"name":"A- Horario 28 &#8211; Contrata\u00e7\u00e3o de Escola para T\u00e9cnico especializado- Apoio \u00e0 Familia e Comunidade"}]},{"@type":"WebSite","@id":"https:\/\/aesia.pt\/portal\/#website","url":"https:\/\/aesia.pt\/portal\/","name":"AESIA","description":"Agrupamento de Escolas de Santa Iria de Az\u00f3ia","publisher":{"@id":"https:\/\/aesia.pt\/portal\/#organization"},"alternateName":"Agrupamento de Escolas de Santa Iria de Az\u00f3ia","potentialAction":[{"@type":"SearchAction","target":{"@type":"EntryPoint","urlTemplate":"https:\/\/aesia.pt\/portal\/?s={search_term_string}"},"query-input":{"@type":"PropertyValueSpecification","valueRequired":true,"valueName":"search_term_string"}}],"inLanguage":"pt-PT"},{"@type":"Organization","@id":"https:\/\/aesia.pt\/portal\/#organization","name":"Agrupamento de Escolas de Santa Iria de Az\u00f3ia","alternateName":"AESIA","url":"https:\/\/aesia.pt\/portal\/","logo":{"@type":"ImageObject","inLanguage":"pt-PT","@id":"https:\/\/aesia.pt\/portal\/#\/schema\/logo\/image\/","url":"https:\/\/aesia.pt\/portal\/wp-content\/uploads\/2023\/04\/logo4.png","contentUrl":"https:\/\/aesia.pt\/portal\/wp-content\/uploads\/2023\/04\/logo4.png","width":162,"height":162,"caption":"Agrupamento de Escolas de Santa Iria de Az\u00f3ia"},"image":{"@id":"https:\/\/aesia.pt\/portal\/#\/schema\/logo\/image\/"},"sameAs":["https:\/\/www.facebook.com\/aesia.pt\/"]}]}},"_links":{"self":[{"href":"https:\/\/aesia.pt\/portal\/wp-json\/wp\/v2\/pages\/1644","targetHints":{"allow":["GET"]}}],"collection":[{"href":"https:\/\/aesia.pt\/portal\/wp-json\/wp\/v2\/pages"}],"about":[{"href":"https:\/\/aesia.pt\/portal\/wp-json\/wp\/v2\/types\/page"}],"author":[{"embeddable":true,"href":"https:\/\/aesia.pt\/portal\/wp-json\/wp\/v2\/users\/8"}],"replies":[{"embeddable":true,"href":"https:\/\/aesia.pt\/portal\/wp-json\/wp\/v2\/comments?post=1644"}],"version-history":[{"count":2,"href":"https:\/\/aesia.pt\/portal\/wp-json\/wp\/v2\/pages\/1644\/revisions"}],"predecessor-version":[{"id":1646,"href":"https:\/\/aesia.pt\/portal\/wp-json\/wp\/v2\/pages\/1644\/revisions\/1646"}],"up":[{"embeddable":true,"href":"https:\/\/aesia.pt\/portal\/wp-json\/wp\/v2\/pages\/300"}],"wp:attachment":[{"href":"https:\/\/aesia.pt\/portal\/wp-json\/wp\/v2\/media?parent=1644"}],"curies":[{"name":"wp","href":"https:\/\/api.w.org\/{rel}","templated":true}]}}