{"id":1601,"date":"2015-01-13T12:47:33","date_gmt":"2015-01-13T12:47:33","guid":{"rendered":"http:\/\/aesia.pt\/portal\/?page_id=1601"},"modified":"2015-01-14T12:52:19","modified_gmt":"2015-01-14T12:52:19","slug":"contratacao-de-escola-horario-no-26-grupo-de-recrutamento-110-1o-ciclo","status":"publish","type":"page","link":"https:\/\/aesia.pt\/portal\/contratacao-de-escola-horario-no-26-grupo-de-recrutamento-110-1o-ciclo\/","title":{"rendered":"Contrata\u00e7\u00e3o de Escola Horario N\u00ba 26 &#8211; Grupo de Recrutamento 110 &#8211; 1\u00ba ciclo"},"content":{"rendered":"<p style=\"text-align: center;\">AGRUPAMENTO DE ESCOLAS DE SANTA IRIA DE AZ\u00d3IA<\/p>\n<p style=\"text-align: center;\">EDITAL<\/p>\n<p style=\"text-align: center;\">\u00a0Horario N\u00ba 26 &#8211; Grupo de Recrutamento 110 &#8211; 1\u00ba ciclo<\/p>\n<p style=\"text-align: center;\">ANO LETIVO 2014\/15<\/p>\n<p>Informa-se que decorre ao abrigo do Decreto Lei n\u00ba 132\/2012, de 27 de junho na reda\u00e7\u00e3o dada pelo Decreto- Lei n.\u00ba 83 \u2013A\/2014, de 23 de maio, concurso por oferta de escola para docente do Grupo Recrutamento 110 \u2013 1\u00ba Ciclo \u2013 Hor\u00e1rio 26 (Aplica\u00e7\u00e3o Inform\u00e1tica da DGAE \u2013 SIGRHE)<\/p>\n<p>Mais se informa que o<em>s<\/em> Candidatos dever\u00e3o a sua candidatura atrav\u00e9s da aplica\u00e7\u00e3o inform\u00e1tica disponibilizada pela Administra\u00e7\u00e3o Geral da Administra\u00e7\u00e3o Escolar (SIGRHE).<\/p>\n<ol>\n<li>O prazo para apresenta\u00e7\u00e3o da candidatura ser\u00e1 de 72 horas ap\u00f3s a data de valida\u00e7\u00e3o do Hor\u00e1rio pelos servi\u00e7os da DGAE;<\/li>\n<li>O contrato ser\u00e1 de dura\u00e7\u00e3o anual\u00a0sendo celebrado a termo resolutivo certo at\u00e9 31 de agosto de 2015;<\/li>\n<li>O local de trabalho ser\u00e1 no Agrupamento de Escolas de St.\u00aa iria de Az\u00f3ia;<\/li>\n<li>As fun\u00e7\u00f5es a desempenhar s\u00e3o as que se encontram estabelecidas pelo Decreto-Lei n.\u00ba 75\/2010 (ECD);<\/li>\n<li>Os requisitos de Admiss\u00e3o e Crit\u00e9rios de Sele\u00e7\u00e3o encontram-se estabelecidos no n.\u00ba 6 e seguintes do art. 39\u00ba do Dec.-Lei n\u00ba 132\/2012 de 27 de junho:\n<ol>\n<li>A Gradua\u00e7\u00e3o Profissional (Pondera\u00e7\u00e3o 50%)<\/li>\n<li>A Avalia\u00e7\u00e3o Curricular (Pondera\u00e7\u00e3o 50%)<\/li>\n<li>Em caso de empate ser\u00e1 utilizada a entrevista de avalia\u00e7\u00e3o de compet\u00eancias.<\/li>\n<\/ol>\n<\/li>\n<\/ol>\n<ol start=\"6\">\n<li><em>A avalia\u00e7\u00e3o curricular ser\u00e1 efetuada com base na an\u00e1lise do curr\u00edculo do candidato (Refer\u00eancia do curr\u00edculo dever\u00e1 ser o modelo europeu), a enviar pelo candidato e dever\u00e1 conter informa\u00e7\u00f5es e documentos que se enquadrem nos seguintes subcrit\u00e9rios:<\/em><\/li>\n<\/ol>\n<ol>\n<li><em>Habilita\u00e7\u00f5es acad\u00e9micas<\/em><\/li>\n<li><em>Percurso e experiencia profissional<\/em><\/li>\n<li><em>Avalia\u00e7\u00e3o de desempenho docente nos \u00faltimos tr\u00eas anos<\/em><\/li>\n<li><em>Forma\u00e7\u00e3o cont\u00ednua na \u00e1rea t\u00e9cnica pedag\u00f3gica apa a qual concorre<\/em><\/li>\n<li><em>Participa\u00e7\u00e3o no desenvolvimento de projetos<\/em><\/li>\n<\/ol>\n<p>7.Constituem motivo de exclus\u00e3o a n\u00e3o apresenta\u00e7\u00e3o do Curr\u00edculo (e respetivos anexos) nos locais devidamente identificados no presente aviso de abertura e nos prazos estabelecidos por lei.<\/p>\n<p><strong><em>\u00a0O Curr\u00edculo dever\u00e1 ser enviado para o seguinte endere\u00e7o eletr\u00f3nico <a href=\"mailto:concursos@aesia.pt\">concursos@aesia.pt<\/a> ou em alternativa poder\u00e1 ser entregue em suporte de papel nos servi\u00e7os administrativos do Agrupamento &#8211; Rua D. Pedro V &#8211; 2690-580 S. Iria de Azoia. <\/em><\/strong><\/p>\n<p><strong><em>O Edital ser\u00e1 afixado em local pr\u00f3prio na sede do Agrupamento assim como na sua p\u00e1gina WEB &#8211; <a href=\"https:\/\/aesia.pt\/portal\/\">https:\/\/aesia.pt\/portal\/<\/a><\/em><\/strong><\/p>\n<p><strong><em>No momento da apresenta\u00e7\u00e3o do curr\u00edculo o Candidato dever\u00e1 explicitar o n\u00famero do Hor\u00e1rio ao qual se candidata.<\/em><\/strong><\/p>\n<p><strong><em>\u00a0<\/em><\/strong><\/p>\n<p style=\"text-align: center;\">O Diretor<\/p>\n<p style=\"text-align: center;\">Ant\u00f3nio Marcelino<\/p>\n<p style=\"text-align: center;\">________________________<\/p>\n<p style=\"text-align: center;\">12\/01\/2015<\/p>\n","protected":false},"excerpt":{"rendered":"<p>AGRUPAMENTO DE ESCOLAS DE SANTA IRIA DE AZ\u00d3IA EDITAL \u00a0Horario N\u00ba 26 &#8211; Grupo de Recrutamento 110 &#8211; 1\u00ba ciclo&hellip; <a class=\"continue\" href=\"https:\/\/aesia.pt\/portal\/contratacao-de-escola-horario-no-26-grupo-de-recrutamento-110-1o-ciclo\/\">Ler mais<span> Contrata\u00e7\u00e3o de Escola Horario N\u00ba 26 &#8211; Grupo de Recrutamento 110 &#8211; 1\u00ba ciclo<\/span><\/a><\/p>\n","protected":false},"author":8,"featured_media":0,"parent":0,"menu_order":0,"comment_status":"closed","ping_status":"closed","template":"p_base.php","meta":{"_acf_changed":false,"footnotes":""},"class_list":["post-1601","page","type-page","status-publish","hentry"],"acf":[],"yoast_head":"<!-- This site is optimized with the Yoast SEO plugin v27.3 - https:\/\/yoast.com\/product\/yoast-seo-wordpress\/ -->\n<title>Contrata\u00e7\u00e3o de Escola Horario N\u00ba 26 - Grupo de Recrutamento 110 - 1\u00ba ciclo &#8211; AESIA<\/title>\n<meta name=\"robots\" content=\"index, follow, max-snippet:-1, max-image-preview:large, max-video-preview:-1\" \/>\n<link rel=\"canonical\" href=\"https:\/\/aesia.pt\/portal\/contratacao-de-escola-horario-no-26-grupo-de-recrutamento-110-1o-ciclo\/\" \/>\n<meta property=\"og:locale\" content=\"pt_PT\" \/>\n<meta property=\"og:type\" content=\"article\" \/>\n<meta property=\"og:title\" content=\"Contrata\u00e7\u00e3o de Escola Horario N\u00ba 26 - Grupo de Recrutamento 110 - 1\u00ba ciclo &#8211; AESIA\" \/>\n<meta property=\"og:description\" content=\"AGRUPAMENTO DE ESCOLAS DE SANTA IRIA DE AZ\u00d3IA EDITAL \u00a0Horario N\u00ba 26 &#8211; Grupo de Recrutamento 110 &#8211; 1\u00ba ciclo&hellip; Ler mais Contrata\u00e7\u00e3o de Escola Horario N\u00ba 26 &#8211; Grupo de Recrutamento 110 &#8211; 1\u00ba ciclo\" \/>\n<meta property=\"og:url\" content=\"https:\/\/aesia.pt\/portal\/contratacao-de-escola-horario-no-26-grupo-de-recrutamento-110-1o-ciclo\/\" \/>\n<meta property=\"og:site_name\" content=\"AESIA\" \/>\n<meta property=\"article:publisher\" content=\"https:\/\/www.facebook.com\/aesia.pt\/\" \/>\n<meta property=\"article:modified_time\" content=\"2015-01-14T12:52:19+00:00\" \/>\n<meta name=\"twitter:card\" content=\"summary_large_image\" \/>\n<meta name=\"twitter:label1\" content=\"Tempo estimado de leitura\" \/>\n\t<meta name=\"twitter:data1\" content=\"2 minutos\" \/>\n<script type=\"application\/ld+json\" class=\"yoast-schema-graph\">{\"@context\":\"https:\\\/\\\/schema.org\",\"@graph\":[{\"@type\":\"WebPage\",\"@id\":\"https:\\\/\\\/aesia.pt\\\/portal\\\/contratacao-de-escola-horario-no-26-grupo-de-recrutamento-110-1o-ciclo\\\/\",\"url\":\"https:\\\/\\\/aesia.pt\\\/portal\\\/contratacao-de-escola-horario-no-26-grupo-de-recrutamento-110-1o-ciclo\\\/\",\"name\":\"Contrata\u00e7\u00e3o de Escola Horario N\u00ba 26 - Grupo de Recrutamento 110 - 1\u00ba ciclo &#8211; AESIA\",\"isPartOf\":{\"@id\":\"https:\\\/\\\/aesia.pt\\\/portal\\\/#website\"},\"datePublished\":\"2015-01-13T12:47:33+00:00\",\"dateModified\":\"2015-01-14T12:52:19+00:00\",\"breadcrumb\":{\"@id\":\"https:\\\/\\\/aesia.pt\\\/portal\\\/contratacao-de-escola-horario-no-26-grupo-de-recrutamento-110-1o-ciclo\\\/#breadcrumb\"},\"inLanguage\":\"pt-PT\",\"potentialAction\":[{\"@type\":\"ReadAction\",\"target\":[\"https:\\\/\\\/aesia.pt\\\/portal\\\/contratacao-de-escola-horario-no-26-grupo-de-recrutamento-110-1o-ciclo\\\/\"]}]},{\"@type\":\"BreadcrumbList\",\"@id\":\"https:\\\/\\\/aesia.pt\\\/portal\\\/contratacao-de-escola-horario-no-26-grupo-de-recrutamento-110-1o-ciclo\\\/#breadcrumb\",\"itemListElement\":[{\"@type\":\"ListItem\",\"position\":1,\"name\":\"Home\",\"item\":\"https:\\\/\\\/aesia.pt\\\/portal\\\/\"},{\"@type\":\"ListItem\",\"position\":2,\"name\":\"Contrata\u00e7\u00e3o de Escola Horario N\u00ba 26 &#8211; Grupo de Recrutamento 110 &#8211; 1\u00ba ciclo\"}]},{\"@type\":\"WebSite\",\"@id\":\"https:\\\/\\\/aesia.pt\\\/portal\\\/#website\",\"url\":\"https:\\\/\\\/aesia.pt\\\/portal\\\/\",\"name\":\"AESIA\",\"description\":\"Agrupamento de Escolas de Santa Iria de Az\u00f3ia\",\"publisher\":{\"@id\":\"https:\\\/\\\/aesia.pt\\\/portal\\\/#organization\"},\"alternateName\":\"Agrupamento de Escolas de Santa Iria de Az\u00f3ia\",\"potentialAction\":[{\"@type\":\"SearchAction\",\"target\":{\"@type\":\"EntryPoint\",\"urlTemplate\":\"https:\\\/\\\/aesia.pt\\\/portal\\\/?s={search_term_string}\"},\"query-input\":{\"@type\":\"PropertyValueSpecification\",\"valueRequired\":true,\"valueName\":\"search_term_string\"}}],\"inLanguage\":\"pt-PT\"},{\"@type\":\"Organization\",\"@id\":\"https:\\\/\\\/aesia.pt\\\/portal\\\/#organization\",\"name\":\"Agrupamento de Escolas de Santa Iria de Az\u00f3ia\",\"alternateName\":\"AESIA\",\"url\":\"https:\\\/\\\/aesia.pt\\\/portal\\\/\",\"logo\":{\"@type\":\"ImageObject\",\"inLanguage\":\"pt-PT\",\"@id\":\"https:\\\/\\\/aesia.pt\\\/portal\\\/#\\\/schema\\\/logo\\\/image\\\/\",\"url\":\"https:\\\/\\\/aesia.pt\\\/portal\\\/wp-content\\\/uploads\\\/2023\\\/04\\\/logo4.png\",\"contentUrl\":\"https:\\\/\\\/aesia.pt\\\/portal\\\/wp-content\\\/uploads\\\/2023\\\/04\\\/logo4.png\",\"width\":162,\"height\":162,\"caption\":\"Agrupamento de Escolas de Santa Iria de Az\u00f3ia\"},\"image\":{\"@id\":\"https:\\\/\\\/aesia.pt\\\/portal\\\/#\\\/schema\\\/logo\\\/image\\\/\"},\"sameAs\":[\"https:\\\/\\\/www.facebook.com\\\/aesia.pt\\\/\"]}]}<\/script>\n<!-- \/ Yoast SEO plugin. -->","yoast_head_json":{"title":"Contrata\u00e7\u00e3o de Escola Horario N\u00ba 26 - Grupo de Recrutamento 110 - 1\u00ba ciclo &#8211; AESIA","robots":{"index":"index","follow":"follow","max-snippet":"max-snippet:-1","max-image-preview":"max-image-preview:large","max-video-preview":"max-video-preview:-1"},"canonical":"https:\/\/aesia.pt\/portal\/contratacao-de-escola-horario-no-26-grupo-de-recrutamento-110-1o-ciclo\/","og_locale":"pt_PT","og_type":"article","og_title":"Contrata\u00e7\u00e3o de Escola Horario N\u00ba 26 - Grupo de Recrutamento 110 - 1\u00ba ciclo &#8211; AESIA","og_description":"AGRUPAMENTO DE ESCOLAS DE SANTA IRIA DE AZ\u00d3IA EDITAL \u00a0Horario N\u00ba 26 &#8211; Grupo de Recrutamento 110 &#8211; 1\u00ba ciclo&hellip; Ler mais Contrata\u00e7\u00e3o de Escola Horario N\u00ba 26 &#8211; Grupo de Recrutamento 110 &#8211; 1\u00ba ciclo","og_url":"https:\/\/aesia.pt\/portal\/contratacao-de-escola-horario-no-26-grupo-de-recrutamento-110-1o-ciclo\/","og_site_name":"AESIA","article_publisher":"https:\/\/www.facebook.com\/aesia.pt\/","article_modified_time":"2015-01-14T12:52:19+00:00","twitter_card":"summary_large_image","twitter_misc":{"Tempo estimado de leitura":"2 minutos"},"schema":{"@context":"https:\/\/schema.org","@graph":[{"@type":"WebPage","@id":"https:\/\/aesia.pt\/portal\/contratacao-de-escola-horario-no-26-grupo-de-recrutamento-110-1o-ciclo\/","url":"https:\/\/aesia.pt\/portal\/contratacao-de-escola-horario-no-26-grupo-de-recrutamento-110-1o-ciclo\/","name":"Contrata\u00e7\u00e3o de Escola Horario N\u00ba 26 - Grupo de Recrutamento 110 - 1\u00ba ciclo &#8211; AESIA","isPartOf":{"@id":"https:\/\/aesia.pt\/portal\/#website"},"datePublished":"2015-01-13T12:47:33+00:00","dateModified":"2015-01-14T12:52:19+00:00","breadcrumb":{"@id":"https:\/\/aesia.pt\/portal\/contratacao-de-escola-horario-no-26-grupo-de-recrutamento-110-1o-ciclo\/#breadcrumb"},"inLanguage":"pt-PT","potentialAction":[{"@type":"ReadAction","target":["https:\/\/aesia.pt\/portal\/contratacao-de-escola-horario-no-26-grupo-de-recrutamento-110-1o-ciclo\/"]}]},{"@type":"BreadcrumbList","@id":"https:\/\/aesia.pt\/portal\/contratacao-de-escola-horario-no-26-grupo-de-recrutamento-110-1o-ciclo\/#breadcrumb","itemListElement":[{"@type":"ListItem","position":1,"name":"Home","item":"https:\/\/aesia.pt\/portal\/"},{"@type":"ListItem","position":2,"name":"Contrata\u00e7\u00e3o de Escola Horario N\u00ba 26 &#8211; Grupo de Recrutamento 110 &#8211; 1\u00ba ciclo"}]},{"@type":"WebSite","@id":"https:\/\/aesia.pt\/portal\/#website","url":"https:\/\/aesia.pt\/portal\/","name":"AESIA","description":"Agrupamento de Escolas de Santa Iria de Az\u00f3ia","publisher":{"@id":"https:\/\/aesia.pt\/portal\/#organization"},"alternateName":"Agrupamento de Escolas de Santa Iria de Az\u00f3ia","potentialAction":[{"@type":"SearchAction","target":{"@type":"EntryPoint","urlTemplate":"https:\/\/aesia.pt\/portal\/?s={search_term_string}"},"query-input":{"@type":"PropertyValueSpecification","valueRequired":true,"valueName":"search_term_string"}}],"inLanguage":"pt-PT"},{"@type":"Organization","@id":"https:\/\/aesia.pt\/portal\/#organization","name":"Agrupamento de Escolas de Santa Iria de Az\u00f3ia","alternateName":"AESIA","url":"https:\/\/aesia.pt\/portal\/","logo":{"@type":"ImageObject","inLanguage":"pt-PT","@id":"https:\/\/aesia.pt\/portal\/#\/schema\/logo\/image\/","url":"https:\/\/aesia.pt\/portal\/wp-content\/uploads\/2023\/04\/logo4.png","contentUrl":"https:\/\/aesia.pt\/portal\/wp-content\/uploads\/2023\/04\/logo4.png","width":162,"height":162,"caption":"Agrupamento de Escolas de Santa Iria de Az\u00f3ia"},"image":{"@id":"https:\/\/aesia.pt\/portal\/#\/schema\/logo\/image\/"},"sameAs":["https:\/\/www.facebook.com\/aesia.pt\/"]}]}},"_links":{"self":[{"href":"https:\/\/aesia.pt\/portal\/wp-json\/wp\/v2\/pages\/1601","targetHints":{"allow":["GET"]}}],"collection":[{"href":"https:\/\/aesia.pt\/portal\/wp-json\/wp\/v2\/pages"}],"about":[{"href":"https:\/\/aesia.pt\/portal\/wp-json\/wp\/v2\/types\/page"}],"author":[{"embeddable":true,"href":"https:\/\/aesia.pt\/portal\/wp-json\/wp\/v2\/users\/8"}],"replies":[{"embeddable":true,"href":"https:\/\/aesia.pt\/portal\/wp-json\/wp\/v2\/comments?post=1601"}],"version-history":[{"count":10,"href":"https:\/\/aesia.pt\/portal\/wp-json\/wp\/v2\/pages\/1601\/revisions"}],"predecessor-version":[{"id":1635,"href":"https:\/\/aesia.pt\/portal\/wp-json\/wp\/v2\/pages\/1601\/revisions\/1635"}],"wp:attachment":[{"href":"https:\/\/aesia.pt\/portal\/wp-json\/wp\/v2\/media?parent=1601"}],"curies":[{"name":"wp","href":"https:\/\/api.w.org\/{rel}","templated":true}]}}