{"id":14974,"date":"2025-02-28T12:58:35","date_gmt":"2025-02-28T12:58:35","guid":{"rendered":"https:\/\/aesia.pt\/portal\/?page_id=14974"},"modified":"2025-02-28T13:10:32","modified_gmt":"2025-02-28T13:10:32","slug":"comunicado-periodo-do-carnaval","status":"publish","type":"page","link":"https:\/\/aesia.pt\/portal\/comunicado-periodo-do-carnaval\/","title":{"rendered":"COMUNICADO | Per\u00edodo do Carnaval"},"content":{"rendered":"\n<p>Informa-se toda a comunidade  que, em resultado do Despacho n.\u00ba 120\/2005, do Exmo. Senhor Presidente da C\u00e2mara Municipal de Loures, a escola sede do Agrupamento de Escolas de Santa Iria de Az\u00f3ia (AESIA) estar\u00e1 encerrada nos dias 3 e 4 de mar\u00e7o.<\/p>\n\n\n\n<p>Relativamente \u00e0s restantes escolas do agrupamento, estas estar\u00e3o encerradas no dia 4 e, nos dias 3 e 5, estar\u00e3o abertas apenas para as atividades realizadas pelas Associa\u00e7\u00f5es de Pais.<\/p>\n\n\n\n<p>Atenciosamente<\/p>\n\n\n\n<p>A Dire\u00e7\u00e3o<\/p>\n\n\n\n<p><\/p>\n\n\n\n<p><\/p>\n","protected":false},"excerpt":{"rendered":"<p>Informa-se toda a comunidade que, em resultado do Despacho n.\u00ba 120\/2005, do Exmo. Senhor Presidente da C\u00e2mara Municipal de Loures,&hellip; <a class=\"continue\" href=\"https:\/\/aesia.pt\/portal\/comunicado-periodo-do-carnaval\/\">Ler mais<span> COMUNICADO | Per\u00edodo do Carnaval<\/span><\/a><\/p>\n","protected":false},"author":18,"featured_media":0,"parent":0,"menu_order":0,"comment_status":"closed","ping_status":"closed","template":"p_base.php","meta":{"_acf_changed":false,"footnotes":""},"class_list":["post-14974","page","type-page","status-publish","hentry"],"acf":[],"yoast_head":"<!-- This site is optimized with the Yoast SEO plugin v27.4 - https:\/\/yoast.com\/product\/yoast-seo-wordpress\/ -->\n<title>COMUNICADO | Per\u00edodo do Carnaval &#8211; AESIA<\/title>\n<meta name=\"robots\" content=\"index, follow, max-snippet:-1, max-image-preview:large, max-video-preview:-1\" \/>\n<link rel=\"canonical\" href=\"https:\/\/aesia.pt\/portal\/comunicado-periodo-do-carnaval\/\" \/>\n<meta property=\"og:locale\" content=\"pt_PT\" \/>\n<meta property=\"og:type\" content=\"article\" \/>\n<meta property=\"og:title\" content=\"COMUNICADO | Per\u00edodo do Carnaval &#8211; AESIA\" \/>\n<meta property=\"og:description\" content=\"Informa-se toda a comunidade que, em resultado do Despacho n.\u00ba 120\/2005, do Exmo. Senhor Presidente da C\u00e2mara Municipal de Loures,&hellip; Ler mais COMUNICADO | Per\u00edodo do Carnaval\" \/>\n<meta property=\"og:url\" content=\"https:\/\/aesia.pt\/portal\/comunicado-periodo-do-carnaval\/\" \/>\n<meta property=\"og:site_name\" content=\"AESIA\" \/>\n<meta property=\"article:publisher\" content=\"https:\/\/www.facebook.com\/aesia.pt\/\" \/>\n<meta property=\"article:modified_time\" content=\"2025-02-28T13:10:32+00:00\" \/>\n<meta name=\"twitter:card\" content=\"summary_large_image\" \/>\n<script type=\"application\/ld+json\" class=\"yoast-schema-graph\">{\"@context\":\"https:\\\/\\\/schema.org\",\"@graph\":[{\"@type\":\"WebPage\",\"@id\":\"https:\\\/\\\/aesia.pt\\\/portal\\\/comunicado-periodo-do-carnaval\\\/\",\"url\":\"https:\\\/\\\/aesia.pt\\\/portal\\\/comunicado-periodo-do-carnaval\\\/\",\"name\":\"COMUNICADO | Per\u00edodo do Carnaval &#8211; AESIA\",\"isPartOf\":{\"@id\":\"https:\\\/\\\/aesia.pt\\\/portal\\\/#website\"},\"datePublished\":\"2025-02-28T12:58:35+00:00\",\"dateModified\":\"2025-02-28T13:10:32+00:00\",\"breadcrumb\":{\"@id\":\"https:\\\/\\\/aesia.pt\\\/portal\\\/comunicado-periodo-do-carnaval\\\/#breadcrumb\"},\"inLanguage\":\"pt-PT\",\"potentialAction\":[{\"@type\":\"ReadAction\",\"target\":[\"https:\\\/\\\/aesia.pt\\\/portal\\\/comunicado-periodo-do-carnaval\\\/\"]}]},{\"@type\":\"BreadcrumbList\",\"@id\":\"https:\\\/\\\/aesia.pt\\\/portal\\\/comunicado-periodo-do-carnaval\\\/#breadcrumb\",\"itemListElement\":[{\"@type\":\"ListItem\",\"position\":1,\"name\":\"Home\",\"item\":\"https:\\\/\\\/aesia.pt\\\/portal\\\/\"},{\"@type\":\"ListItem\",\"position\":2,\"name\":\"COMUNICADO | Per\u00edodo do Carnaval\"}]},{\"@type\":\"WebSite\",\"@id\":\"https:\\\/\\\/aesia.pt\\\/portal\\\/#website\",\"url\":\"https:\\\/\\\/aesia.pt\\\/portal\\\/\",\"name\":\"AESIA\",\"description\":\"Agrupamento de Escolas de Santa Iria de Az\u00f3ia\",\"publisher\":{\"@id\":\"https:\\\/\\\/aesia.pt\\\/portal\\\/#organization\"},\"alternateName\":\"Agrupamento de Escolas de Santa Iria de Az\u00f3ia\",\"potentialAction\":[{\"@type\":\"SearchAction\",\"target\":{\"@type\":\"EntryPoint\",\"urlTemplate\":\"https:\\\/\\\/aesia.pt\\\/portal\\\/?s={search_term_string}\"},\"query-input\":{\"@type\":\"PropertyValueSpecification\",\"valueRequired\":true,\"valueName\":\"search_term_string\"}}],\"inLanguage\":\"pt-PT\"},{\"@type\":\"Organization\",\"@id\":\"https:\\\/\\\/aesia.pt\\\/portal\\\/#organization\",\"name\":\"Agrupamento de Escolas de Santa Iria de Az\u00f3ia\",\"alternateName\":\"AESIA\",\"url\":\"https:\\\/\\\/aesia.pt\\\/portal\\\/\",\"logo\":{\"@type\":\"ImageObject\",\"inLanguage\":\"pt-PT\",\"@id\":\"https:\\\/\\\/aesia.pt\\\/portal\\\/#\\\/schema\\\/logo\\\/image\\\/\",\"url\":\"https:\\\/\\\/aesia.pt\\\/portal\\\/wp-content\\\/uploads\\\/2023\\\/04\\\/logo4.png\",\"contentUrl\":\"https:\\\/\\\/aesia.pt\\\/portal\\\/wp-content\\\/uploads\\\/2023\\\/04\\\/logo4.png\",\"width\":162,\"height\":162,\"caption\":\"Agrupamento de Escolas de Santa Iria de Az\u00f3ia\"},\"image\":{\"@id\":\"https:\\\/\\\/aesia.pt\\\/portal\\\/#\\\/schema\\\/logo\\\/image\\\/\"},\"sameAs\":[\"https:\\\/\\\/www.facebook.com\\\/aesia.pt\\\/\"]}]}<\/script>\n<!-- \/ Yoast SEO plugin. -->","yoast_head_json":{"title":"COMUNICADO | Per\u00edodo do Carnaval &#8211; AESIA","robots":{"index":"index","follow":"follow","max-snippet":"max-snippet:-1","max-image-preview":"max-image-preview:large","max-video-preview":"max-video-preview:-1"},"canonical":"https:\/\/aesia.pt\/portal\/comunicado-periodo-do-carnaval\/","og_locale":"pt_PT","og_type":"article","og_title":"COMUNICADO | Per\u00edodo do Carnaval &#8211; AESIA","og_description":"Informa-se toda a comunidade que, em resultado do Despacho n.\u00ba 120\/2005, do Exmo. Senhor Presidente da C\u00e2mara Municipal de Loures,&hellip; Ler mais COMUNICADO | Per\u00edodo do Carnaval","og_url":"https:\/\/aesia.pt\/portal\/comunicado-periodo-do-carnaval\/","og_site_name":"AESIA","article_publisher":"https:\/\/www.facebook.com\/aesia.pt\/","article_modified_time":"2025-02-28T13:10:32+00:00","twitter_card":"summary_large_image","schema":{"@context":"https:\/\/schema.org","@graph":[{"@type":"WebPage","@id":"https:\/\/aesia.pt\/portal\/comunicado-periodo-do-carnaval\/","url":"https:\/\/aesia.pt\/portal\/comunicado-periodo-do-carnaval\/","name":"COMUNICADO | Per\u00edodo do Carnaval &#8211; AESIA","isPartOf":{"@id":"https:\/\/aesia.pt\/portal\/#website"},"datePublished":"2025-02-28T12:58:35+00:00","dateModified":"2025-02-28T13:10:32+00:00","breadcrumb":{"@id":"https:\/\/aesia.pt\/portal\/comunicado-periodo-do-carnaval\/#breadcrumb"},"inLanguage":"pt-PT","potentialAction":[{"@type":"ReadAction","target":["https:\/\/aesia.pt\/portal\/comunicado-periodo-do-carnaval\/"]}]},{"@type":"BreadcrumbList","@id":"https:\/\/aesia.pt\/portal\/comunicado-periodo-do-carnaval\/#breadcrumb","itemListElement":[{"@type":"ListItem","position":1,"name":"Home","item":"https:\/\/aesia.pt\/portal\/"},{"@type":"ListItem","position":2,"name":"COMUNICADO | Per\u00edodo do Carnaval"}]},{"@type":"WebSite","@id":"https:\/\/aesia.pt\/portal\/#website","url":"https:\/\/aesia.pt\/portal\/","name":"AESIA","description":"Agrupamento de Escolas de Santa Iria de Az\u00f3ia","publisher":{"@id":"https:\/\/aesia.pt\/portal\/#organization"},"alternateName":"Agrupamento de Escolas de Santa Iria de Az\u00f3ia","potentialAction":[{"@type":"SearchAction","target":{"@type":"EntryPoint","urlTemplate":"https:\/\/aesia.pt\/portal\/?s={search_term_string}"},"query-input":{"@type":"PropertyValueSpecification","valueRequired":true,"valueName":"search_term_string"}}],"inLanguage":"pt-PT"},{"@type":"Organization","@id":"https:\/\/aesia.pt\/portal\/#organization","name":"Agrupamento de Escolas de Santa Iria de Az\u00f3ia","alternateName":"AESIA","url":"https:\/\/aesia.pt\/portal\/","logo":{"@type":"ImageObject","inLanguage":"pt-PT","@id":"https:\/\/aesia.pt\/portal\/#\/schema\/logo\/image\/","url":"https:\/\/aesia.pt\/portal\/wp-content\/uploads\/2023\/04\/logo4.png","contentUrl":"https:\/\/aesia.pt\/portal\/wp-content\/uploads\/2023\/04\/logo4.png","width":162,"height":162,"caption":"Agrupamento de Escolas de Santa Iria de Az\u00f3ia"},"image":{"@id":"https:\/\/aesia.pt\/portal\/#\/schema\/logo\/image\/"},"sameAs":["https:\/\/www.facebook.com\/aesia.pt\/"]}]}},"_links":{"self":[{"href":"https:\/\/aesia.pt\/portal\/wp-json\/wp\/v2\/pages\/14974","targetHints":{"allow":["GET"]}}],"collection":[{"href":"https:\/\/aesia.pt\/portal\/wp-json\/wp\/v2\/pages"}],"about":[{"href":"https:\/\/aesia.pt\/portal\/wp-json\/wp\/v2\/types\/page"}],"author":[{"embeddable":true,"href":"https:\/\/aesia.pt\/portal\/wp-json\/wp\/v2\/users\/18"}],"replies":[{"embeddable":true,"href":"https:\/\/aesia.pt\/portal\/wp-json\/wp\/v2\/comments?post=14974"}],"version-history":[{"count":2,"href":"https:\/\/aesia.pt\/portal\/wp-json\/wp\/v2\/pages\/14974\/revisions"}],"predecessor-version":[{"id":14980,"href":"https:\/\/aesia.pt\/portal\/wp-json\/wp\/v2\/pages\/14974\/revisions\/14980"}],"wp:attachment":[{"href":"https:\/\/aesia.pt\/portal\/wp-json\/wp\/v2\/media?parent=14974"}],"curies":[{"name":"wp","href":"https:\/\/api.w.org\/{rel}","templated":true}]}}