{"id":14653,"date":"2025-01-16T19:06:23","date_gmt":"2025-01-16T19:06:23","guid":{"rendered":"https:\/\/aesia.pt\/portal\/?page_id=14653"},"modified":"2025-01-26T19:43:28","modified_gmt":"2025-01-26T19:43:28","slug":"links-2","status":"publish","type":"page","link":"https:\/\/aesia.pt\/portal\/links-2\/","title":{"rendered":"Liga\u00e7\u00f5es"},"content":{"rendered":"\n<figure class=\"wp-block-image size-full\"><a href=\"https:\/\/aesia.pt\/portal\/wp-content\/uploads\/2025\/01\/Links.jpg\"><img loading=\"lazy\" decoding=\"async\" width=\"225\" height=\"132\" src=\"https:\/\/aesia.pt\/portal\/wp-content\/uploads\/2025\/01\/Links.jpg\" alt=\"\" class=\"wp-image-14757\"\/><\/a><\/figure>\n\n\n\n<p><a href=\"https:\/\/aesia.pt\/portal\/\">Agrupamento de Escolas de Santa Iria de Az\u00f3ia<\/a> &#8211; <a href=\"https:\/\/www.facebook.com\/aesia.pt\/?locale=pt_PT\">Facebook<\/a> &#8211; <a href=\"https:\/\/www.youtube.com\/@canal-aesia\">Youtube<\/a><\/p>\n\n\n\n<p><a href=\"https:\/\/www.portugal.gov.pt\/pt\/gc24\/area-de-governo\/educacao-ciencia-e-inovacao\">Minist\u00e9rio da Educa\u00e7\u00e3o ci\u00eancia e inova\u00e7\u00e3o<\/a><\/p>\n\n\n\n<p><a href=\"https:\/\/www.cm-loures.pt\/\">C\u00e2mara Municipal de Loures<\/a> &#8211; <a href=\"https:\/\/www.cm-loures.pt\/AreaEntrada.aspx?DisplayId=18\">Departamento de Educa\u00e7\u00e3o<\/a><\/p>\n\n\n\n<p><a href=\"https:\/\/www.uf-ssb.pt\/\">Junta da Uni\u00e3o de Freguesias de Santa Iria de Az\u00f3ia, S\u00e3o Jo\u00e3o da Talha e Bobadela<\/a><\/p>\n\n\n\n<p>Associa\u00e7\u00f5es de Pais e Enc. de Educa\u00e7\u00e3o &#8211; EB23\/<a href=\"https:\/\/www.facebook.com\/associacaopais.pirescoxe\/?locale=pt_PT\">F<\/a> &#8211; EBFP-JD\/<a href=\"https:\/\/www.facebook.com\/apeep.azoia\/?locale=pt_PT\">F<\/a> &#8211; <a href=\"https:\/\/www.apaltodaeira.pt\/\">EBAE<\/a>\/<a href=\"https:\/\/www.facebook.com\/AssociacaodePaisAltodaEira\/?locale=pt_PT\">F<\/a> &#8211; ABBC\/<a href=\"https:\/\/www.facebook.com\/apeecovina\/?locale=pt_PT\">F<\/a> &#8211; <a href=\"https:\/\/sitiodabelavista.pt\/\">EBBV<\/a>\/<a href=\"https:\/\/www.facebook.com\/APEEbelavista\/?locale=pt_PT\">F<\/a> &#8211; <a href=\"http:\/\/www.apvr.org\/\">EBVR<\/a>\/<a href=\"https:\/\/www.facebook.com\/apee.deviarara\/?locale=pt_PT\">F<\/a><\/p>\n\n\n\n<p>Tutoriais de Apoio \u00e0 utiliza\u00e7\u00e3o do Inovar e Siga &#8211; <a href=\"https:\/\/www.youtube.com\/watch?v=LabH9KiBhEs\">1<\/a> &#8211; <a href=\"https:\/\/www.youtube.com\/watch?v=9x8g4S_qLTI\">2<\/a> &#8211; <a href=\"https:\/\/www.youtube.com\/watch?v=RrZG7QSVfw4\">3<\/a> &#8211; <a href=\"https:\/\/www.youtube.com\/watch?v=Yj5xmpjku8Y\">4<\/a> &#8211; <a href=\"https:\/\/www.youtube.com\/watch?v=RrZG7QSVfw4&amp;t=34s\">5<\/a> <\/p>\n\n\n\n<p><\/p>\n","protected":false},"excerpt":{"rendered":"<p>Agrupamento de Escolas de Santa Iria de Az\u00f3ia &#8211; Facebook &#8211; Youtube Minist\u00e9rio da Educa\u00e7\u00e3o ci\u00eancia e inova\u00e7\u00e3o C\u00e2mara Municipal&hellip; <a class=\"continue\" href=\"https:\/\/aesia.pt\/portal\/links-2\/\">Ler mais<span> Liga\u00e7\u00f5es<\/span><\/a><\/p>\n","protected":false},"author":18,"featured_media":0,"parent":0,"menu_order":0,"comment_status":"closed","ping_status":"closed","template":"p_base.php","meta":{"_acf_changed":false,"footnotes":""},"class_list":["post-14653","page","type-page","status-publish","hentry"],"acf":[],"yoast_head":"<!-- This site is optimized with the Yoast SEO plugin v27.4 - https:\/\/yoast.com\/product\/yoast-seo-wordpress\/ -->\n<title>Liga\u00e7\u00f5es &#8211; AESIA<\/title>\n<meta name=\"robots\" content=\"index, follow, max-snippet:-1, max-image-preview:large, max-video-preview:-1\" \/>\n<link rel=\"canonical\" href=\"https:\/\/aesia.pt\/portal\/links-2\/\" \/>\n<meta property=\"og:locale\" content=\"pt_PT\" \/>\n<meta property=\"og:type\" content=\"article\" \/>\n<meta property=\"og:title\" content=\"Liga\u00e7\u00f5es &#8211; AESIA\" \/>\n<meta property=\"og:description\" content=\"Agrupamento de Escolas de Santa Iria de Az\u00f3ia &#8211; Facebook &#8211; Youtube Minist\u00e9rio da Educa\u00e7\u00e3o ci\u00eancia e inova\u00e7\u00e3o C\u00e2mara Municipal&hellip; Ler mais Liga\u00e7\u00f5es\" \/>\n<meta property=\"og:url\" content=\"https:\/\/aesia.pt\/portal\/links-2\/\" \/>\n<meta property=\"og:site_name\" content=\"AESIA\" \/>\n<meta property=\"article:publisher\" content=\"https:\/\/www.facebook.com\/aesia.pt\/\" \/>\n<meta property=\"article:modified_time\" content=\"2025-01-26T19:43:28+00:00\" \/>\n<meta property=\"og:image\" content=\"https:\/\/aesia.pt\/portal\/wp-content\/uploads\/2025\/01\/Links.jpg\" \/>\n\t<meta property=\"og:image:width\" content=\"225\" \/>\n\t<meta property=\"og:image:height\" content=\"132\" \/>\n\t<meta property=\"og:image:type\" content=\"image\/jpeg\" \/>\n<meta name=\"twitter:card\" content=\"summary_large_image\" \/>\n<script type=\"application\/ld+json\" class=\"yoast-schema-graph\">{\"@context\":\"https:\\\/\\\/schema.org\",\"@graph\":[{\"@type\":\"WebPage\",\"@id\":\"https:\\\/\\\/aesia.pt\\\/portal\\\/links-2\\\/\",\"url\":\"https:\\\/\\\/aesia.pt\\\/portal\\\/links-2\\\/\",\"name\":\"Liga\u00e7\u00f5es &#8211; AESIA\",\"isPartOf\":{\"@id\":\"https:\\\/\\\/aesia.pt\\\/portal\\\/#website\"},\"primaryImageOfPage\":{\"@id\":\"https:\\\/\\\/aesia.pt\\\/portal\\\/links-2\\\/#primaryimage\"},\"image\":{\"@id\":\"https:\\\/\\\/aesia.pt\\\/portal\\\/links-2\\\/#primaryimage\"},\"thumbnailUrl\":\"https:\\\/\\\/aesia.pt\\\/portal\\\/wp-content\\\/uploads\\\/2025\\\/01\\\/Links.jpg\",\"datePublished\":\"2025-01-16T19:06:23+00:00\",\"dateModified\":\"2025-01-26T19:43:28+00:00\",\"breadcrumb\":{\"@id\":\"https:\\\/\\\/aesia.pt\\\/portal\\\/links-2\\\/#breadcrumb\"},\"inLanguage\":\"pt-PT\",\"potentialAction\":[{\"@type\":\"ReadAction\",\"target\":[\"https:\\\/\\\/aesia.pt\\\/portal\\\/links-2\\\/\"]}]},{\"@type\":\"ImageObject\",\"inLanguage\":\"pt-PT\",\"@id\":\"https:\\\/\\\/aesia.pt\\\/portal\\\/links-2\\\/#primaryimage\",\"url\":\"https:\\\/\\\/aesia.pt\\\/portal\\\/wp-content\\\/uploads\\\/2025\\\/01\\\/Links.jpg\",\"contentUrl\":\"https:\\\/\\\/aesia.pt\\\/portal\\\/wp-content\\\/uploads\\\/2025\\\/01\\\/Links.jpg\",\"width\":225,\"height\":132},{\"@type\":\"BreadcrumbList\",\"@id\":\"https:\\\/\\\/aesia.pt\\\/portal\\\/links-2\\\/#breadcrumb\",\"itemListElement\":[{\"@type\":\"ListItem\",\"position\":1,\"name\":\"Home\",\"item\":\"https:\\\/\\\/aesia.pt\\\/portal\\\/\"},{\"@type\":\"ListItem\",\"position\":2,\"name\":\"Liga\u00e7\u00f5es\"}]},{\"@type\":\"WebSite\",\"@id\":\"https:\\\/\\\/aesia.pt\\\/portal\\\/#website\",\"url\":\"https:\\\/\\\/aesia.pt\\\/portal\\\/\",\"name\":\"AESIA\",\"description\":\"Agrupamento de Escolas de Santa Iria de Az\u00f3ia\",\"publisher\":{\"@id\":\"https:\\\/\\\/aesia.pt\\\/portal\\\/#organization\"},\"alternateName\":\"Agrupamento de Escolas de Santa Iria de Az\u00f3ia\",\"potentialAction\":[{\"@type\":\"SearchAction\",\"target\":{\"@type\":\"EntryPoint\",\"urlTemplate\":\"https:\\\/\\\/aesia.pt\\\/portal\\\/?s={search_term_string}\"},\"query-input\":{\"@type\":\"PropertyValueSpecification\",\"valueRequired\":true,\"valueName\":\"search_term_string\"}}],\"inLanguage\":\"pt-PT\"},{\"@type\":\"Organization\",\"@id\":\"https:\\\/\\\/aesia.pt\\\/portal\\\/#organization\",\"name\":\"Agrupamento de Escolas de Santa Iria de Az\u00f3ia\",\"alternateName\":\"AESIA\",\"url\":\"https:\\\/\\\/aesia.pt\\\/portal\\\/\",\"logo\":{\"@type\":\"ImageObject\",\"inLanguage\":\"pt-PT\",\"@id\":\"https:\\\/\\\/aesia.pt\\\/portal\\\/#\\\/schema\\\/logo\\\/image\\\/\",\"url\":\"https:\\\/\\\/aesia.pt\\\/portal\\\/wp-content\\\/uploads\\\/2023\\\/04\\\/logo4.png\",\"contentUrl\":\"https:\\\/\\\/aesia.pt\\\/portal\\\/wp-content\\\/uploads\\\/2023\\\/04\\\/logo4.png\",\"width\":162,\"height\":162,\"caption\":\"Agrupamento de Escolas de Santa Iria de Az\u00f3ia\"},\"image\":{\"@id\":\"https:\\\/\\\/aesia.pt\\\/portal\\\/#\\\/schema\\\/logo\\\/image\\\/\"},\"sameAs\":[\"https:\\\/\\\/www.facebook.com\\\/aesia.pt\\\/\"]}]}<\/script>\n<!-- \/ Yoast SEO plugin. -->","yoast_head_json":{"title":"Liga\u00e7\u00f5es &#8211; AESIA","robots":{"index":"index","follow":"follow","max-snippet":"max-snippet:-1","max-image-preview":"max-image-preview:large","max-video-preview":"max-video-preview:-1"},"canonical":"https:\/\/aesia.pt\/portal\/links-2\/","og_locale":"pt_PT","og_type":"article","og_title":"Liga\u00e7\u00f5es &#8211; AESIA","og_description":"Agrupamento de Escolas de Santa Iria de Az\u00f3ia &#8211; Facebook &#8211; Youtube Minist\u00e9rio da Educa\u00e7\u00e3o ci\u00eancia e inova\u00e7\u00e3o C\u00e2mara Municipal&hellip; Ler mais Liga\u00e7\u00f5es","og_url":"https:\/\/aesia.pt\/portal\/links-2\/","og_site_name":"AESIA","article_publisher":"https:\/\/www.facebook.com\/aesia.pt\/","article_modified_time":"2025-01-26T19:43:28+00:00","og_image":[{"width":225,"height":132,"url":"https:\/\/aesia.pt\/portal\/wp-content\/uploads\/2025\/01\/Links.jpg","type":"image\/jpeg"}],"twitter_card":"summary_large_image","schema":{"@context":"https:\/\/schema.org","@graph":[{"@type":"WebPage","@id":"https:\/\/aesia.pt\/portal\/links-2\/","url":"https:\/\/aesia.pt\/portal\/links-2\/","name":"Liga\u00e7\u00f5es &#8211; AESIA","isPartOf":{"@id":"https:\/\/aesia.pt\/portal\/#website"},"primaryImageOfPage":{"@id":"https:\/\/aesia.pt\/portal\/links-2\/#primaryimage"},"image":{"@id":"https:\/\/aesia.pt\/portal\/links-2\/#primaryimage"},"thumbnailUrl":"https:\/\/aesia.pt\/portal\/wp-content\/uploads\/2025\/01\/Links.jpg","datePublished":"2025-01-16T19:06:23+00:00","dateModified":"2025-01-26T19:43:28+00:00","breadcrumb":{"@id":"https:\/\/aesia.pt\/portal\/links-2\/#breadcrumb"},"inLanguage":"pt-PT","potentialAction":[{"@type":"ReadAction","target":["https:\/\/aesia.pt\/portal\/links-2\/"]}]},{"@type":"ImageObject","inLanguage":"pt-PT","@id":"https:\/\/aesia.pt\/portal\/links-2\/#primaryimage","url":"https:\/\/aesia.pt\/portal\/wp-content\/uploads\/2025\/01\/Links.jpg","contentUrl":"https:\/\/aesia.pt\/portal\/wp-content\/uploads\/2025\/01\/Links.jpg","width":225,"height":132},{"@type":"BreadcrumbList","@id":"https:\/\/aesia.pt\/portal\/links-2\/#breadcrumb","itemListElement":[{"@type":"ListItem","position":1,"name":"Home","item":"https:\/\/aesia.pt\/portal\/"},{"@type":"ListItem","position":2,"name":"Liga\u00e7\u00f5es"}]},{"@type":"WebSite","@id":"https:\/\/aesia.pt\/portal\/#website","url":"https:\/\/aesia.pt\/portal\/","name":"AESIA","description":"Agrupamento de Escolas de Santa Iria de Az\u00f3ia","publisher":{"@id":"https:\/\/aesia.pt\/portal\/#organization"},"alternateName":"Agrupamento de Escolas de Santa Iria de Az\u00f3ia","potentialAction":[{"@type":"SearchAction","target":{"@type":"EntryPoint","urlTemplate":"https:\/\/aesia.pt\/portal\/?s={search_term_string}"},"query-input":{"@type":"PropertyValueSpecification","valueRequired":true,"valueName":"search_term_string"}}],"inLanguage":"pt-PT"},{"@type":"Organization","@id":"https:\/\/aesia.pt\/portal\/#organization","name":"Agrupamento de Escolas de Santa Iria de Az\u00f3ia","alternateName":"AESIA","url":"https:\/\/aesia.pt\/portal\/","logo":{"@type":"ImageObject","inLanguage":"pt-PT","@id":"https:\/\/aesia.pt\/portal\/#\/schema\/logo\/image\/","url":"https:\/\/aesia.pt\/portal\/wp-content\/uploads\/2023\/04\/logo4.png","contentUrl":"https:\/\/aesia.pt\/portal\/wp-content\/uploads\/2023\/04\/logo4.png","width":162,"height":162,"caption":"Agrupamento de Escolas de Santa Iria de Az\u00f3ia"},"image":{"@id":"https:\/\/aesia.pt\/portal\/#\/schema\/logo\/image\/"},"sameAs":["https:\/\/www.facebook.com\/aesia.pt\/"]}]}},"_links":{"self":[{"href":"https:\/\/aesia.pt\/portal\/wp-json\/wp\/v2\/pages\/14653","targetHints":{"allow":["GET"]}}],"collection":[{"href":"https:\/\/aesia.pt\/portal\/wp-json\/wp\/v2\/pages"}],"about":[{"href":"https:\/\/aesia.pt\/portal\/wp-json\/wp\/v2\/types\/page"}],"author":[{"embeddable":true,"href":"https:\/\/aesia.pt\/portal\/wp-json\/wp\/v2\/users\/18"}],"replies":[{"embeddable":true,"href":"https:\/\/aesia.pt\/portal\/wp-json\/wp\/v2\/comments?post=14653"}],"version-history":[{"count":9,"href":"https:\/\/aesia.pt\/portal\/wp-json\/wp\/v2\/pages\/14653\/revisions"}],"predecessor-version":[{"id":14760,"href":"https:\/\/aesia.pt\/portal\/wp-json\/wp\/v2\/pages\/14653\/revisions\/14760"}],"wp:attachment":[{"href":"https:\/\/aesia.pt\/portal\/wp-json\/wp\/v2\/media?parent=14653"}],"curies":[{"name":"wp","href":"https:\/\/api.w.org\/{rel}","templated":true}]}}