{"id":14536,"date":"2025-01-13T17:41:09","date_gmt":"2025-01-13T17:41:09","guid":{"rendered":"https:\/\/aesia.pt\/portal\/?page_id=14536"},"modified":"2025-01-21T12:48:11","modified_gmt":"2025-01-21T12:48:11","slug":"educacao-especial-2","status":"publish","type":"page","link":"https:\/\/aesia.pt\/portal\/educacao-especial-2\/","title":{"rendered":"Educa\u00e7\u00e3o Especial"},"content":{"rendered":"<div class=\"wp-block-image\">\n<figure class=\"aligncenter size-full\"><a href=\"https:\/\/aesia.pt\/portal\/wp-content\/uploads\/2025\/01\/DEE-1.png\"><img loading=\"lazy\" decoding=\"async\" width=\"637\" height=\"636\" src=\"https:\/\/aesia.pt\/portal\/wp-content\/uploads\/2025\/01\/DEE-1.png\" alt=\"\" class=\"wp-image-14697\" srcset=\"https:\/\/aesia.pt\/portal\/wp-content\/uploads\/2025\/01\/DEE-1.png 637w, https:\/\/aesia.pt\/portal\/wp-content\/uploads\/2025\/01\/DEE-1-300x300.png 300w, https:\/\/aesia.pt\/portal\/wp-content\/uploads\/2025\/01\/DEE-1-150x150.png 150w\" sizes=\"auto, (max-width: 637px) 100vw, 637px\" \/><\/a><\/figure>\n<\/div>\n\n\n<p><\/p>\n\n\n\n<p><\/p>\n\n\n\n<div class=\"wp-block-group\"><div class=\"wp-block-group__inner-container is-layout-constrained wp-block-group-is-layout-constrained\">\n<p>De acordo com o estabelecido no Decreto-Lei n.\u00ba 54\/2018, de 6 de julho, e na sua reda\u00e7\u00e3o atual, conferida pela Lei n.\u00ba 116\/2019, de 13 de setembro, a educa\u00e7\u00e3o inclusiva \u00e9 um modelo educacional que assenta no desenho universal para a aprendizagem e na abordagem multin\u00edvel no acesso ao curr\u00edculo.<\/p>\n\n\n<div class=\"wp-block-image\">\n<figure class=\"aligncenter size-full\"><a href=\"https:\/\/aesia.pt\/portal\/wp-content\/uploads\/2025\/01\/DEE-2.png\"><img loading=\"lazy\" decoding=\"async\" width=\"783\" height=\"577\" src=\"https:\/\/aesia.pt\/portal\/wp-content\/uploads\/2025\/01\/DEE-2.png\" alt=\"\" class=\"wp-image-14701\" srcset=\"https:\/\/aesia.pt\/portal\/wp-content\/uploads\/2025\/01\/DEE-2.png 783w, https:\/\/aesia.pt\/portal\/wp-content\/uploads\/2025\/01\/DEE-2-300x221.png 300w, https:\/\/aesia.pt\/portal\/wp-content\/uploads\/2025\/01\/DEE-2-768x566.png 768w\" sizes=\"auto, (max-width: 783px) 100vw, 783px\" \/><\/a><\/figure>\n<\/div><\/div><\/div>\n\n\n\n<div class=\"wp-block-group\"><div class=\"wp-block-group__inner-container is-layout-constrained wp-block-group-is-layout-constrained\">\n<p><\/p>\n\n\n\n<p>O <strong>Departamento de Educa\u00e7\u00e3o Especial do AESIA <\/strong>\u00e9 constitu\u00eddo por uma equipa multidisciplinar (docentes de educa\u00e7\u00e3o especial e equipa t\u00e9cnica), com recursos humanos espec\u00edficos de apoio \u00e0 aprendizagem e \u00e0 inclus\u00e3o que, no desempenho das suas fun\u00e7\u00f5es, possuem conhecimentos que lhes permitem desenvolver um trabalho transversal e em coadjuva\u00e7\u00e3o nos diferentes n\u00edveis&nbsp; de ensino, nomeadamente:<\/p>\n\n\n\n<div class=\"wp-block-group\"><div class=\"wp-block-group__inner-container is-layout-constrained wp-block-group-is-layout-constrained\">\n<div class=\"wp-block-group is-vertical is-layout-flex wp-container-core-group-is-layout-8cf370e7 wp-block-group-is-layout-flex\">\n<ul class=\"wp-block-list\">\n<li>&nbsp;Identifica\u00e7\u00e3o de fragilidades, potencialidades e necessidades dos alunos, o que lhes permite, em coopera\u00e7\u00e3o com os diferentes agentes educativos, adequar metodologias de ensino e aprendizagem.<\/li>\n<\/ul>\n\n\n\n<ul class=\"wp-block-list\">\n<li>Promo\u00e7\u00e3o do sucesso da aprendizagem para todos os alunos, de acordo com o Projeto Educativo, nomeadamente conhecimentos, capacidades e atitudes e no desenvolvimento de compet\u00eancias de complementaridade (aplica\u00e7\u00e3o de metodologias de ensino estruturado e de autonomia pessoal e social e desenvolvimento de Planos Individuais de Transi\u00e7\u00e3o).<\/li>\n<\/ul>\n\n\n\n<ul class=\"wp-block-list\">\n<li>Desenvolvimento do processo de flexibiliza\u00e7\u00e3o curricular e de inclus\u00e3o, contribuindo para a promo\u00e7\u00e3o do desenvolvimento de compet\u00eancias cognitivas, sociais e emocionais, de acordo com as \u00e1reas de compet\u00eancias inscritas no Perfil dos Alunos \u00e0 Sa\u00edda da Escolaridade Obrigat\u00f3ria. &nbsp;<\/li>\n<\/ul>\n\n\n\n<ul class=\"wp-block-list\">\n<li>Desenvolvimento\/cria\u00e7\u00e3o\/gest\u00e3o de um ambiente favor\u00e1vel \u00e0 aprendizagem de crian\u00e7as\/alunos do AESIA, visando o refor\u00e7o de estrat\u00e9gias\/metodologias de diferencia\u00e7\u00e3o pedag\u00f3gica e a mobiliza\u00e7\u00e3o de meios (materiais, pedag\u00f3gicos e humanos) adequadas a cada contexto, no sentido de motivar os alunos para a aprendizagem e sucesso educativo. Esta interven\u00e7\u00e3o tem como alvo n\u00e3o s\u00f3 o apoio direto especializado \u00e0 aprendizagem e \u00e0 inclus\u00e3o dos alunos que apresentam necessidades espec\u00edficas, mas, prioritariamente, o apoio aos docentes (educadoras, professores titulares de turma e diretores de turma), para assim poderem adequadamente, desenvolver o ensino aprendizagem desses alunos.<\/li>\n<\/ul>\n\n\n\n<ul class=\"wp-block-list\">\n<li>Gest\u00e3o de processos desde a identifica\u00e7\u00e3o, \u00e0 proposta de implementa\u00e7\u00e3o de medidas de suporte \u00e0 aprendizagem e \u00e0 inclus\u00e3o, ao seu acompanhamento, prioritariamente em contexto de sala de aula, ou em complementaridade no centro de apoio \u00e0 aprendizagem (CAA) incluindo a realiza\u00e7\u00e3o de reuni\u00f5es com educadoras, professores titulares de turma, diretores de turma, pais e encarregados de educa\u00e7\u00e3o e a monitoriza\u00e7\u00e3o das medidas contempladas nos Relat\u00f3rios T\u00e9cnico Pedag\u00f3gicos e Programas Educativos Individuais (caso dos alunos que usufruem da medida adicional \u2013 Adequa\u00e7\u00f5es curriculares Significativas).<\/li>\n<\/ul>\n<\/div>\n<\/div><\/div>\n<\/div><\/div>\n\n\n\n<p><\/p>\n\n\n\n<p><\/p>\n\n\n\n<div class=\"wp-block-group\"><div class=\"wp-block-group__inner-container is-layout-constrained wp-block-group-is-layout-constrained\">\n<p>Os elementos do <strong>Departamento de Educa\u00e7\u00e3o Especial<\/strong> desempenham ainda um papel fulcral no que respeita \u00e0:<\/p>\n\n\n\n<div class=\"wp-block-group is-vertical is-layout-flex wp-container-core-group-is-layout-8cf370e7 wp-block-group-is-layout-flex\">\n<ul class=\"wp-block-list\">\n<li>Dinamiza\u00e7\u00e3o de um trabalho interdisciplinar, com a apresenta\u00e7\u00e3o\/desenvolvimento de projetos e\/ou atividades impulsionadoras para o sucesso educativo e na promo\u00e7\u00e3o de compet\u00eancias socioemocionais.<\/li>\n<\/ul>\n\n\n\n<ul class=\"wp-block-list\">\n<li>Resolu\u00e7\u00e3o, em equipa, de quest\u00f5es ou situa\u00e7\u00f5es, sendo elementos colaboradores e ativos.<\/li>\n<\/ul>\n\n\n\n<ul class=\"wp-block-list\">\n<li>Organiza\u00e7\u00e3o e dinamiza\u00e7\u00e3o de a\u00e7\u00f5es de sensibiliza\u00e7\u00e3o e workshops gratuitos \u00e0 comunidade docente, n\u00e3o docente, a pais e encarregados de educa\u00e7\u00e3o, de acordo com as tem\u00e1ticas que integram as necessidades de forma\u00e7\u00e3o do Agrupamento.<\/li>\n<\/ul>\n\n\n\n<ul class=\"wp-block-list\">\n<li>Articula\u00e7\u00e3o com parceiros externos.<\/li>\n<\/ul>\n\n\n\n<ul class=\"wp-block-list\">\n<li>Divulga\u00e7\u00e3o de ideias que motivem e envolvam saberes partilhados e especializados.<\/li>\n<\/ul>\n\n\n\n<ul class=\"wp-block-list\">\n<li>Orienta\u00e7\u00e3o Educativa e Vocacional, na promo\u00e7\u00e3o da interculturalidade e da sa\u00fade mental da comunidade educativa.<\/li>\n<\/ul>\n\n\n\n<ul class=\"wp-block-list\">\n<li>Promo\u00e7\u00e3o de atividades de lazer e bem-estar aos alunos.<\/li>\n<\/ul>\n<\/div>\n<\/div><\/div>\n\n\n\n<p><\/p>\n\n\n\n<p>O Departamento de Educa\u00e7\u00e3o Especial tamb\u00e9m integra e articula ativamente com a Equipa Multidisciplinar de Apoio \u00e0 Educa\u00e7\u00e3o Inclusiva e atrav\u00e9s da sua coordenadora \u00e9 estabelecida uma estreia articula\u00e7\u00e3o entre os \u00f3rg\u00e3os de lideran\u00e7a e gest\u00e3o do AESIA.<\/p>\n","protected":false},"excerpt":{"rendered":"<p>De acordo com o estabelecido no Decreto-Lei n.\u00ba 54\/2018, de 6 de julho, e na sua reda\u00e7\u00e3o atual, conferida pela&hellip; <a class=\"continue\" href=\"https:\/\/aesia.pt\/portal\/educacao-especial-2\/\">Ler mais<span> Educa\u00e7\u00e3o Especial<\/span><\/a><\/p>\n","protected":false},"author":8,"featured_media":0,"parent":0,"menu_order":0,"comment_status":"closed","ping_status":"closed","template":"p_base.php","meta":{"_acf_changed":false,"footnotes":""},"class_list":["post-14536","page","type-page","status-publish","hentry"],"acf":[],"yoast_head":"<!-- This site is optimized with the Yoast SEO plugin v27.4 - https:\/\/yoast.com\/product\/yoast-seo-wordpress\/ -->\n<title>Educa\u00e7\u00e3o Especial &#8211; AESIA<\/title>\n<meta name=\"robots\" content=\"index, follow, max-snippet:-1, max-image-preview:large, max-video-preview:-1\" \/>\n<link rel=\"canonical\" href=\"https:\/\/aesia.pt\/portal\/educacao-especial-2\/\" \/>\n<meta property=\"og:locale\" content=\"pt_PT\" \/>\n<meta property=\"og:type\" content=\"article\" \/>\n<meta property=\"og:title\" content=\"Educa\u00e7\u00e3o Especial &#8211; AESIA\" \/>\n<meta property=\"og:description\" content=\"De acordo com o estabelecido no Decreto-Lei n.\u00ba 54\/2018, de 6 de julho, e na sua reda\u00e7\u00e3o atual, conferida pela&hellip; Ler mais Educa\u00e7\u00e3o Especial\" \/>\n<meta property=\"og:url\" content=\"https:\/\/aesia.pt\/portal\/educacao-especial-2\/\" \/>\n<meta property=\"og:site_name\" content=\"AESIA\" \/>\n<meta property=\"article:publisher\" content=\"https:\/\/www.facebook.com\/aesia.pt\/\" \/>\n<meta property=\"article:modified_time\" content=\"2025-01-21T12:48:11+00:00\" \/>\n<meta property=\"og:image\" content=\"https:\/\/aesia.pt\/portal\/wp-content\/uploads\/2025\/01\/DEE-1.png\" \/>\n\t<meta property=\"og:image:width\" content=\"637\" \/>\n\t<meta property=\"og:image:height\" content=\"636\" \/>\n\t<meta property=\"og:image:type\" content=\"image\/png\" \/>\n<meta name=\"twitter:card\" content=\"summary_large_image\" \/>\n<meta name=\"twitter:label1\" content=\"Tempo estimado de leitura\" \/>\n\t<meta name=\"twitter:data1\" content=\"3 minutos\" \/>\n<script type=\"application\/ld+json\" class=\"yoast-schema-graph\">{\"@context\":\"https:\\\/\\\/schema.org\",\"@graph\":[{\"@type\":\"WebPage\",\"@id\":\"https:\\\/\\\/aesia.pt\\\/portal\\\/educacao-especial-2\\\/\",\"url\":\"https:\\\/\\\/aesia.pt\\\/portal\\\/educacao-especial-2\\\/\",\"name\":\"Educa\u00e7\u00e3o Especial &#8211; AESIA\",\"isPartOf\":{\"@id\":\"https:\\\/\\\/aesia.pt\\\/portal\\\/#website\"},\"primaryImageOfPage\":{\"@id\":\"https:\\\/\\\/aesia.pt\\\/portal\\\/educacao-especial-2\\\/#primaryimage\"},\"image\":{\"@id\":\"https:\\\/\\\/aesia.pt\\\/portal\\\/educacao-especial-2\\\/#primaryimage\"},\"thumbnailUrl\":\"https:\\\/\\\/aesia.pt\\\/portal\\\/wp-content\\\/uploads\\\/2025\\\/01\\\/DEE-1.png\",\"datePublished\":\"2025-01-13T17:41:09+00:00\",\"dateModified\":\"2025-01-21T12:48:11+00:00\",\"breadcrumb\":{\"@id\":\"https:\\\/\\\/aesia.pt\\\/portal\\\/educacao-especial-2\\\/#breadcrumb\"},\"inLanguage\":\"pt-PT\",\"potentialAction\":[{\"@type\":\"ReadAction\",\"target\":[\"https:\\\/\\\/aesia.pt\\\/portal\\\/educacao-especial-2\\\/\"]}]},{\"@type\":\"ImageObject\",\"inLanguage\":\"pt-PT\",\"@id\":\"https:\\\/\\\/aesia.pt\\\/portal\\\/educacao-especial-2\\\/#primaryimage\",\"url\":\"https:\\\/\\\/aesia.pt\\\/portal\\\/wp-content\\\/uploads\\\/2025\\\/01\\\/DEE-1.png\",\"contentUrl\":\"https:\\\/\\\/aesia.pt\\\/portal\\\/wp-content\\\/uploads\\\/2025\\\/01\\\/DEE-1.png\",\"width\":637,\"height\":636},{\"@type\":\"BreadcrumbList\",\"@id\":\"https:\\\/\\\/aesia.pt\\\/portal\\\/educacao-especial-2\\\/#breadcrumb\",\"itemListElement\":[{\"@type\":\"ListItem\",\"position\":1,\"name\":\"Home\",\"item\":\"https:\\\/\\\/aesia.pt\\\/portal\\\/\"},{\"@type\":\"ListItem\",\"position\":2,\"name\":\"Educa\u00e7\u00e3o Especial\"}]},{\"@type\":\"WebSite\",\"@id\":\"https:\\\/\\\/aesia.pt\\\/portal\\\/#website\",\"url\":\"https:\\\/\\\/aesia.pt\\\/portal\\\/\",\"name\":\"AESIA\",\"description\":\"Agrupamento de Escolas de Santa Iria de Az\u00f3ia\",\"publisher\":{\"@id\":\"https:\\\/\\\/aesia.pt\\\/portal\\\/#organization\"},\"alternateName\":\"Agrupamento de Escolas de Santa Iria de Az\u00f3ia\",\"potentialAction\":[{\"@type\":\"SearchAction\",\"target\":{\"@type\":\"EntryPoint\",\"urlTemplate\":\"https:\\\/\\\/aesia.pt\\\/portal\\\/?s={search_term_string}\"},\"query-input\":{\"@type\":\"PropertyValueSpecification\",\"valueRequired\":true,\"valueName\":\"search_term_string\"}}],\"inLanguage\":\"pt-PT\"},{\"@type\":\"Organization\",\"@id\":\"https:\\\/\\\/aesia.pt\\\/portal\\\/#organization\",\"name\":\"Agrupamento de Escolas de Santa Iria de Az\u00f3ia\",\"alternateName\":\"AESIA\",\"url\":\"https:\\\/\\\/aesia.pt\\\/portal\\\/\",\"logo\":{\"@type\":\"ImageObject\",\"inLanguage\":\"pt-PT\",\"@id\":\"https:\\\/\\\/aesia.pt\\\/portal\\\/#\\\/schema\\\/logo\\\/image\\\/\",\"url\":\"https:\\\/\\\/aesia.pt\\\/portal\\\/wp-content\\\/uploads\\\/2023\\\/04\\\/logo4.png\",\"contentUrl\":\"https:\\\/\\\/aesia.pt\\\/portal\\\/wp-content\\\/uploads\\\/2023\\\/04\\\/logo4.png\",\"width\":162,\"height\":162,\"caption\":\"Agrupamento de Escolas de Santa Iria de Az\u00f3ia\"},\"image\":{\"@id\":\"https:\\\/\\\/aesia.pt\\\/portal\\\/#\\\/schema\\\/logo\\\/image\\\/\"},\"sameAs\":[\"https:\\\/\\\/www.facebook.com\\\/aesia.pt\\\/\"]}]}<\/script>\n<!-- \/ Yoast SEO plugin. -->","yoast_head_json":{"title":"Educa\u00e7\u00e3o Especial &#8211; AESIA","robots":{"index":"index","follow":"follow","max-snippet":"max-snippet:-1","max-image-preview":"max-image-preview:large","max-video-preview":"max-video-preview:-1"},"canonical":"https:\/\/aesia.pt\/portal\/educacao-especial-2\/","og_locale":"pt_PT","og_type":"article","og_title":"Educa\u00e7\u00e3o Especial &#8211; AESIA","og_description":"De acordo com o estabelecido no Decreto-Lei n.\u00ba 54\/2018, de 6 de julho, e na sua reda\u00e7\u00e3o atual, conferida pela&hellip; Ler mais Educa\u00e7\u00e3o Especial","og_url":"https:\/\/aesia.pt\/portal\/educacao-especial-2\/","og_site_name":"AESIA","article_publisher":"https:\/\/www.facebook.com\/aesia.pt\/","article_modified_time":"2025-01-21T12:48:11+00:00","og_image":[{"width":637,"height":636,"url":"https:\/\/aesia.pt\/portal\/wp-content\/uploads\/2025\/01\/DEE-1.png","type":"image\/png"}],"twitter_card":"summary_large_image","twitter_misc":{"Tempo estimado de leitura":"3 minutos"},"schema":{"@context":"https:\/\/schema.org","@graph":[{"@type":"WebPage","@id":"https:\/\/aesia.pt\/portal\/educacao-especial-2\/","url":"https:\/\/aesia.pt\/portal\/educacao-especial-2\/","name":"Educa\u00e7\u00e3o Especial &#8211; AESIA","isPartOf":{"@id":"https:\/\/aesia.pt\/portal\/#website"},"primaryImageOfPage":{"@id":"https:\/\/aesia.pt\/portal\/educacao-especial-2\/#primaryimage"},"image":{"@id":"https:\/\/aesia.pt\/portal\/educacao-especial-2\/#primaryimage"},"thumbnailUrl":"https:\/\/aesia.pt\/portal\/wp-content\/uploads\/2025\/01\/DEE-1.png","datePublished":"2025-01-13T17:41:09+00:00","dateModified":"2025-01-21T12:48:11+00:00","breadcrumb":{"@id":"https:\/\/aesia.pt\/portal\/educacao-especial-2\/#breadcrumb"},"inLanguage":"pt-PT","potentialAction":[{"@type":"ReadAction","target":["https:\/\/aesia.pt\/portal\/educacao-especial-2\/"]}]},{"@type":"ImageObject","inLanguage":"pt-PT","@id":"https:\/\/aesia.pt\/portal\/educacao-especial-2\/#primaryimage","url":"https:\/\/aesia.pt\/portal\/wp-content\/uploads\/2025\/01\/DEE-1.png","contentUrl":"https:\/\/aesia.pt\/portal\/wp-content\/uploads\/2025\/01\/DEE-1.png","width":637,"height":636},{"@type":"BreadcrumbList","@id":"https:\/\/aesia.pt\/portal\/educacao-especial-2\/#breadcrumb","itemListElement":[{"@type":"ListItem","position":1,"name":"Home","item":"https:\/\/aesia.pt\/portal\/"},{"@type":"ListItem","position":2,"name":"Educa\u00e7\u00e3o Especial"}]},{"@type":"WebSite","@id":"https:\/\/aesia.pt\/portal\/#website","url":"https:\/\/aesia.pt\/portal\/","name":"AESIA","description":"Agrupamento de Escolas de Santa Iria de Az\u00f3ia","publisher":{"@id":"https:\/\/aesia.pt\/portal\/#organization"},"alternateName":"Agrupamento de Escolas de Santa Iria de Az\u00f3ia","potentialAction":[{"@type":"SearchAction","target":{"@type":"EntryPoint","urlTemplate":"https:\/\/aesia.pt\/portal\/?s={search_term_string}"},"query-input":{"@type":"PropertyValueSpecification","valueRequired":true,"valueName":"search_term_string"}}],"inLanguage":"pt-PT"},{"@type":"Organization","@id":"https:\/\/aesia.pt\/portal\/#organization","name":"Agrupamento de Escolas de Santa Iria de Az\u00f3ia","alternateName":"AESIA","url":"https:\/\/aesia.pt\/portal\/","logo":{"@type":"ImageObject","inLanguage":"pt-PT","@id":"https:\/\/aesia.pt\/portal\/#\/schema\/logo\/image\/","url":"https:\/\/aesia.pt\/portal\/wp-content\/uploads\/2023\/04\/logo4.png","contentUrl":"https:\/\/aesia.pt\/portal\/wp-content\/uploads\/2023\/04\/logo4.png","width":162,"height":162,"caption":"Agrupamento de Escolas de Santa Iria de Az\u00f3ia"},"image":{"@id":"https:\/\/aesia.pt\/portal\/#\/schema\/logo\/image\/"},"sameAs":["https:\/\/www.facebook.com\/aesia.pt\/"]}]}},"_links":{"self":[{"href":"https:\/\/aesia.pt\/portal\/wp-json\/wp\/v2\/pages\/14536","targetHints":{"allow":["GET"]}}],"collection":[{"href":"https:\/\/aesia.pt\/portal\/wp-json\/wp\/v2\/pages"}],"about":[{"href":"https:\/\/aesia.pt\/portal\/wp-json\/wp\/v2\/types\/page"}],"author":[{"embeddable":true,"href":"https:\/\/aesia.pt\/portal\/wp-json\/wp\/v2\/users\/8"}],"replies":[{"embeddable":true,"href":"https:\/\/aesia.pt\/portal\/wp-json\/wp\/v2\/comments?post=14536"}],"version-history":[{"count":8,"href":"https:\/\/aesia.pt\/portal\/wp-json\/wp\/v2\/pages\/14536\/revisions"}],"predecessor-version":[{"id":14712,"href":"https:\/\/aesia.pt\/portal\/wp-json\/wp\/v2\/pages\/14536\/revisions\/14712"}],"wp:attachment":[{"href":"https:\/\/aesia.pt\/portal\/wp-json\/wp\/v2\/media?parent=14536"}],"curies":[{"name":"wp","href":"https:\/\/api.w.org\/{rel}","templated":true}]}}