{"id":14464,"date":"2025-01-11T18:30:47","date_gmt":"2025-01-11T18:30:47","guid":{"rendered":"https:\/\/aesia.pt\/portal\/?page_id=14464"},"modified":"2025-10-15T16:46:03","modified_gmt":"2025-10-15T16:46:03","slug":"educacao-pre-escolar","status":"publish","type":"page","link":"https:\/\/aesia.pt\/portal\/educacao-pre-escolar\/","title":{"rendered":"Educa\u00e7\u00e3o Pr\u00e9-Escolar"},"content":{"rendered":"\n<p>Na Educa\u00e7\u00e3o Pr\u00e9-Escolar, a crian\u00e7a \u00e9 reconhecida como sujeito e agente do processo educativo. Cada crian\u00e7a tem uma identidade \u00fanica e singular, com necessidades, interesses, capacidades e caracter\u00edsticas culturais e familiares pr\u00f3prias que s\u00e3o o suporte de novas aprendizagens. Garantir \u00e0 crian\u00e7a o direito de ser ouvida, aceder \u00e0 informa\u00e7\u00e3o, \u00e0 liberdade de express\u00e3o e opini\u00e3o, e tomar decis\u00f5es tem como consequ\u00eancia consider\u00e1-la o principal agente da sua aprendizagem, dando-lhe oportunidade de participar no seu processo educativo e transferindo-lhe confian\u00e7a na sua aptid\u00e3o para orientar a sua aprendizagem.<\/p>\n\n\n\n<p>Os pais\/fam\u00edlias, como principais respons\u00e1veis pela educa\u00e7\u00e3o dos filhos, t\u00eam um papel determinante na comunica\u00e7\u00e3o que estabelecem com o educador. Uma comunica\u00e7\u00e3o harmoniosa \u00e9 fundamental para facilitar a transi\u00e7\u00e3o da crian\u00e7a do meio familiar para a educa\u00e7\u00e3o pr\u00e9-escolar. A rela\u00ad\u00e7\u00e3o de parceria desenvolvida ao longo da frequ\u00eancia da educa\u00e7\u00e3o pr\u00e9-escolar, permite conhecer melhor o contexto familiar e social das crian\u00e7as, proporcionar a participa\u00e7\u00e3o e contributo das fam\u00edlias nas din\u00e2micas da escola e envolver os pais\/fam\u00edlias no processo educativo dos filhos.<\/p>\n\n\n\n<p>O Departamento da Educa\u00e7\u00e3o Pr\u00e9-Escolar elaborou um projeto que contribui para os objetivos de Projeto Educativo; est\u00e1 de acordo com o tema aglutinador do agrupamento &#8220;Diversidade Cultural e Sustentabilidade&#8221;, e atrav\u00e9s do Projeto Curricular de Grupo, cada educadora adapta as estrat\u00e9gias aos saberes e necessidades de cada crian\u00e7a e do grupo.<\/p>\n\n\n\n<div class=\"wp-block-columns is-layout-flex wp-container-core-columns-is-layout-9d6595d7 wp-block-columns-is-layout-flex\">\n<div class=\"wp-block-column is-vertically-aligned-top is-layout-flow wp-block-column-is-layout-flow\">\n<p class=\"has-text-align-left\">No que diz respeito ao Projeto <a href=\"https:\/\/drive.google.com\/file\/d\/1AEwn3VE2ciCiR0THGWmBM2QiHyPcNiTD\/view?usp=drive_link\">\u201c<strong>Cuidar Juntos, Crescer Melhor\u201d<\/strong><\/a>, a Educa\u00e7\u00e3o Ambiental e Sustentabilidade assume especial relev\u00e2ncia, no sentido em que se torna urgente sensibilizar para a import\u00e2ncia do papel de cada um na preserva\u00e7\u00e3o do meio ambiente e dos recursos naturais. As crian\u00e7as s\u00e3o o futuro, e desta forma, acreditamos que \u00e9 essencial transformar mentalidades e sensibilizar para a mudan\u00e7a. Se este planeta Terra \u00e9 a nossa casa, \u00e9 importante desde cedo, zelar pela sua sa\u00fade de forma afetiva, efetiva, consciente e pedag\u00f3gica. Para al\u00e9m de que as crian\u00e7as s\u00e3o o melhor motor na transmiss\u00e3o de pr\u00e1ticas sustent\u00e1veis.<\/p>\n<\/div>\n\n\n\n<div class=\"wp-block-column is-layout-flow wp-block-column-is-layout-flow\">\n<figure class=\"wp-block-image size-full\"><img loading=\"lazy\" decoding=\"async\" width=\"805\" height=\"1032\" src=\"https:\/\/aesia.pt\/portal\/wp-content\/uploads\/2025\/10\/imagem-pre.png\" alt=\"\" class=\"wp-image-16168\" srcset=\"https:\/\/aesia.pt\/portal\/wp-content\/uploads\/2025\/10\/imagem-pre.png 805w, https:\/\/aesia.pt\/portal\/wp-content\/uploads\/2025\/10\/imagem-pre-234x300.png 234w, https:\/\/aesia.pt\/portal\/wp-content\/uploads\/2025\/10\/imagem-pre-799x1024.png 799w, https:\/\/aesia.pt\/portal\/wp-content\/uploads\/2025\/10\/imagem-pre-768x985.png 768w\" sizes=\"auto, (max-width: 805px) 100vw, 805px\" \/><\/figure>\n<\/div>\n<\/div>\n\n\n\n<p><\/p>\n","protected":false},"excerpt":{"rendered":"<p>Na Educa\u00e7\u00e3o Pr\u00e9-Escolar, a crian\u00e7a \u00e9 reconhecida como sujeito e agente do processo educativo. Cada crian\u00e7a tem uma identidade \u00fanica&hellip; <a class=\"continue\" href=\"https:\/\/aesia.pt\/portal\/educacao-pre-escolar\/\">Ler mais<span> Educa\u00e7\u00e3o Pr\u00e9-Escolar<\/span><\/a><\/p>\n","protected":false},"author":8,"featured_media":0,"parent":0,"menu_order":0,"comment_status":"closed","ping_status":"closed","template":"p_base.php","meta":{"_acf_changed":false,"footnotes":""},"class_list":["post-14464","page","type-page","status-publish","hentry"],"acf":[],"yoast_head":"<!-- This site is optimized with the Yoast SEO plugin v27.3 - https:\/\/yoast.com\/product\/yoast-seo-wordpress\/ -->\n<title>Educa\u00e7\u00e3o Pr\u00e9-Escolar &#8211; AESIA<\/title>\n<meta name=\"robots\" content=\"index, follow, max-snippet:-1, max-image-preview:large, max-video-preview:-1\" \/>\n<link rel=\"canonical\" href=\"https:\/\/aesia.pt\/portal\/educacao-pre-escolar\/\" \/>\n<meta property=\"og:locale\" content=\"pt_PT\" \/>\n<meta property=\"og:type\" content=\"article\" \/>\n<meta property=\"og:title\" content=\"Educa\u00e7\u00e3o Pr\u00e9-Escolar &#8211; AESIA\" \/>\n<meta property=\"og:description\" content=\"Na Educa\u00e7\u00e3o Pr\u00e9-Escolar, a crian\u00e7a \u00e9 reconhecida como sujeito e agente do processo educativo. Cada crian\u00e7a tem uma identidade \u00fanica&hellip; Ler mais Educa\u00e7\u00e3o Pr\u00e9-Escolar\" \/>\n<meta property=\"og:url\" content=\"https:\/\/aesia.pt\/portal\/educacao-pre-escolar\/\" \/>\n<meta property=\"og:site_name\" content=\"AESIA\" \/>\n<meta property=\"article:publisher\" content=\"https:\/\/www.facebook.com\/aesia.pt\/\" \/>\n<meta property=\"article:modified_time\" content=\"2025-10-15T16:46:03+00:00\" \/>\n<meta property=\"og:image\" content=\"https:\/\/aesia.pt\/portal\/wp-content\/uploads\/2025\/10\/imagem-pre.png\" \/>\n\t<meta property=\"og:image:width\" content=\"805\" \/>\n\t<meta property=\"og:image:height\" content=\"1032\" \/>\n\t<meta property=\"og:image:type\" content=\"image\/png\" \/>\n<meta name=\"twitter:card\" content=\"summary_large_image\" \/>\n<meta name=\"twitter:label1\" content=\"Tempo estimado de leitura\" \/>\n\t<meta name=\"twitter:data1\" content=\"2 minutos\" \/>\n<script type=\"application\/ld+json\" class=\"yoast-schema-graph\">{\"@context\":\"https:\\\/\\\/schema.org\",\"@graph\":[{\"@type\":\"WebPage\",\"@id\":\"https:\\\/\\\/aesia.pt\\\/portal\\\/educacao-pre-escolar\\\/\",\"url\":\"https:\\\/\\\/aesia.pt\\\/portal\\\/educacao-pre-escolar\\\/\",\"name\":\"Educa\u00e7\u00e3o Pr\u00e9-Escolar &#8211; AESIA\",\"isPartOf\":{\"@id\":\"https:\\\/\\\/aesia.pt\\\/portal\\\/#website\"},\"primaryImageOfPage\":{\"@id\":\"https:\\\/\\\/aesia.pt\\\/portal\\\/educacao-pre-escolar\\\/#primaryimage\"},\"image\":{\"@id\":\"https:\\\/\\\/aesia.pt\\\/portal\\\/educacao-pre-escolar\\\/#primaryimage\"},\"thumbnailUrl\":\"https:\\\/\\\/aesia.pt\\\/portal\\\/wp-content\\\/uploads\\\/2025\\\/10\\\/imagem-pre.png\",\"datePublished\":\"2025-01-11T18:30:47+00:00\",\"dateModified\":\"2025-10-15T16:46:03+00:00\",\"breadcrumb\":{\"@id\":\"https:\\\/\\\/aesia.pt\\\/portal\\\/educacao-pre-escolar\\\/#breadcrumb\"},\"inLanguage\":\"pt-PT\",\"potentialAction\":[{\"@type\":\"ReadAction\",\"target\":[\"https:\\\/\\\/aesia.pt\\\/portal\\\/educacao-pre-escolar\\\/\"]}]},{\"@type\":\"ImageObject\",\"inLanguage\":\"pt-PT\",\"@id\":\"https:\\\/\\\/aesia.pt\\\/portal\\\/educacao-pre-escolar\\\/#primaryimage\",\"url\":\"https:\\\/\\\/aesia.pt\\\/portal\\\/wp-content\\\/uploads\\\/2025\\\/10\\\/imagem-pre.png\",\"contentUrl\":\"https:\\\/\\\/aesia.pt\\\/portal\\\/wp-content\\\/uploads\\\/2025\\\/10\\\/imagem-pre.png\",\"width\":805,\"height\":1032},{\"@type\":\"BreadcrumbList\",\"@id\":\"https:\\\/\\\/aesia.pt\\\/portal\\\/educacao-pre-escolar\\\/#breadcrumb\",\"itemListElement\":[{\"@type\":\"ListItem\",\"position\":1,\"name\":\"Home\",\"item\":\"https:\\\/\\\/aesia.pt\\\/portal\\\/\"},{\"@type\":\"ListItem\",\"position\":2,\"name\":\"Educa\u00e7\u00e3o Pr\u00e9-Escolar\"}]},{\"@type\":\"WebSite\",\"@id\":\"https:\\\/\\\/aesia.pt\\\/portal\\\/#website\",\"url\":\"https:\\\/\\\/aesia.pt\\\/portal\\\/\",\"name\":\"AESIA\",\"description\":\"Agrupamento de Escolas de Santa Iria de Az\u00f3ia\",\"publisher\":{\"@id\":\"https:\\\/\\\/aesia.pt\\\/portal\\\/#organization\"},\"alternateName\":\"Agrupamento de Escolas de Santa Iria de Az\u00f3ia\",\"potentialAction\":[{\"@type\":\"SearchAction\",\"target\":{\"@type\":\"EntryPoint\",\"urlTemplate\":\"https:\\\/\\\/aesia.pt\\\/portal\\\/?s={search_term_string}\"},\"query-input\":{\"@type\":\"PropertyValueSpecification\",\"valueRequired\":true,\"valueName\":\"search_term_string\"}}],\"inLanguage\":\"pt-PT\"},{\"@type\":\"Organization\",\"@id\":\"https:\\\/\\\/aesia.pt\\\/portal\\\/#organization\",\"name\":\"Agrupamento de Escolas de Santa Iria de Az\u00f3ia\",\"alternateName\":\"AESIA\",\"url\":\"https:\\\/\\\/aesia.pt\\\/portal\\\/\",\"logo\":{\"@type\":\"ImageObject\",\"inLanguage\":\"pt-PT\",\"@id\":\"https:\\\/\\\/aesia.pt\\\/portal\\\/#\\\/schema\\\/logo\\\/image\\\/\",\"url\":\"https:\\\/\\\/aesia.pt\\\/portal\\\/wp-content\\\/uploads\\\/2023\\\/04\\\/logo4.png\",\"contentUrl\":\"https:\\\/\\\/aesia.pt\\\/portal\\\/wp-content\\\/uploads\\\/2023\\\/04\\\/logo4.png\",\"width\":162,\"height\":162,\"caption\":\"Agrupamento de Escolas de Santa Iria de Az\u00f3ia\"},\"image\":{\"@id\":\"https:\\\/\\\/aesia.pt\\\/portal\\\/#\\\/schema\\\/logo\\\/image\\\/\"},\"sameAs\":[\"https:\\\/\\\/www.facebook.com\\\/aesia.pt\\\/\"]}]}<\/script>\n<!-- \/ Yoast SEO plugin. -->","yoast_head_json":{"title":"Educa\u00e7\u00e3o Pr\u00e9-Escolar &#8211; AESIA","robots":{"index":"index","follow":"follow","max-snippet":"max-snippet:-1","max-image-preview":"max-image-preview:large","max-video-preview":"max-video-preview:-1"},"canonical":"https:\/\/aesia.pt\/portal\/educacao-pre-escolar\/","og_locale":"pt_PT","og_type":"article","og_title":"Educa\u00e7\u00e3o Pr\u00e9-Escolar &#8211; AESIA","og_description":"Na Educa\u00e7\u00e3o Pr\u00e9-Escolar, a crian\u00e7a \u00e9 reconhecida como sujeito e agente do processo educativo. Cada crian\u00e7a tem uma identidade \u00fanica&hellip; Ler mais Educa\u00e7\u00e3o Pr\u00e9-Escolar","og_url":"https:\/\/aesia.pt\/portal\/educacao-pre-escolar\/","og_site_name":"AESIA","article_publisher":"https:\/\/www.facebook.com\/aesia.pt\/","article_modified_time":"2025-10-15T16:46:03+00:00","og_image":[{"width":805,"height":1032,"url":"https:\/\/aesia.pt\/portal\/wp-content\/uploads\/2025\/10\/imagem-pre.png","type":"image\/png"}],"twitter_card":"summary_large_image","twitter_misc":{"Tempo estimado de leitura":"2 minutos"},"schema":{"@context":"https:\/\/schema.org","@graph":[{"@type":"WebPage","@id":"https:\/\/aesia.pt\/portal\/educacao-pre-escolar\/","url":"https:\/\/aesia.pt\/portal\/educacao-pre-escolar\/","name":"Educa\u00e7\u00e3o Pr\u00e9-Escolar &#8211; AESIA","isPartOf":{"@id":"https:\/\/aesia.pt\/portal\/#website"},"primaryImageOfPage":{"@id":"https:\/\/aesia.pt\/portal\/educacao-pre-escolar\/#primaryimage"},"image":{"@id":"https:\/\/aesia.pt\/portal\/educacao-pre-escolar\/#primaryimage"},"thumbnailUrl":"https:\/\/aesia.pt\/portal\/wp-content\/uploads\/2025\/10\/imagem-pre.png","datePublished":"2025-01-11T18:30:47+00:00","dateModified":"2025-10-15T16:46:03+00:00","breadcrumb":{"@id":"https:\/\/aesia.pt\/portal\/educacao-pre-escolar\/#breadcrumb"},"inLanguage":"pt-PT","potentialAction":[{"@type":"ReadAction","target":["https:\/\/aesia.pt\/portal\/educacao-pre-escolar\/"]}]},{"@type":"ImageObject","inLanguage":"pt-PT","@id":"https:\/\/aesia.pt\/portal\/educacao-pre-escolar\/#primaryimage","url":"https:\/\/aesia.pt\/portal\/wp-content\/uploads\/2025\/10\/imagem-pre.png","contentUrl":"https:\/\/aesia.pt\/portal\/wp-content\/uploads\/2025\/10\/imagem-pre.png","width":805,"height":1032},{"@type":"BreadcrumbList","@id":"https:\/\/aesia.pt\/portal\/educacao-pre-escolar\/#breadcrumb","itemListElement":[{"@type":"ListItem","position":1,"name":"Home","item":"https:\/\/aesia.pt\/portal\/"},{"@type":"ListItem","position":2,"name":"Educa\u00e7\u00e3o Pr\u00e9-Escolar"}]},{"@type":"WebSite","@id":"https:\/\/aesia.pt\/portal\/#website","url":"https:\/\/aesia.pt\/portal\/","name":"AESIA","description":"Agrupamento de Escolas de Santa Iria de Az\u00f3ia","publisher":{"@id":"https:\/\/aesia.pt\/portal\/#organization"},"alternateName":"Agrupamento de Escolas de Santa Iria de Az\u00f3ia","potentialAction":[{"@type":"SearchAction","target":{"@type":"EntryPoint","urlTemplate":"https:\/\/aesia.pt\/portal\/?s={search_term_string}"},"query-input":{"@type":"PropertyValueSpecification","valueRequired":true,"valueName":"search_term_string"}}],"inLanguage":"pt-PT"},{"@type":"Organization","@id":"https:\/\/aesia.pt\/portal\/#organization","name":"Agrupamento de Escolas de Santa Iria de Az\u00f3ia","alternateName":"AESIA","url":"https:\/\/aesia.pt\/portal\/","logo":{"@type":"ImageObject","inLanguage":"pt-PT","@id":"https:\/\/aesia.pt\/portal\/#\/schema\/logo\/image\/","url":"https:\/\/aesia.pt\/portal\/wp-content\/uploads\/2023\/04\/logo4.png","contentUrl":"https:\/\/aesia.pt\/portal\/wp-content\/uploads\/2023\/04\/logo4.png","width":162,"height":162,"caption":"Agrupamento de Escolas de Santa Iria de Az\u00f3ia"},"image":{"@id":"https:\/\/aesia.pt\/portal\/#\/schema\/logo\/image\/"},"sameAs":["https:\/\/www.facebook.com\/aesia.pt\/"]}]}},"_links":{"self":[{"href":"https:\/\/aesia.pt\/portal\/wp-json\/wp\/v2\/pages\/14464","targetHints":{"allow":["GET"]}}],"collection":[{"href":"https:\/\/aesia.pt\/portal\/wp-json\/wp\/v2\/pages"}],"about":[{"href":"https:\/\/aesia.pt\/portal\/wp-json\/wp\/v2\/types\/page"}],"author":[{"embeddable":true,"href":"https:\/\/aesia.pt\/portal\/wp-json\/wp\/v2\/users\/8"}],"replies":[{"embeddable":true,"href":"https:\/\/aesia.pt\/portal\/wp-json\/wp\/v2\/comments?post=14464"}],"version-history":[{"count":11,"href":"https:\/\/aesia.pt\/portal\/wp-json\/wp\/v2\/pages\/14464\/revisions"}],"predecessor-version":[{"id":16171,"href":"https:\/\/aesia.pt\/portal\/wp-json\/wp\/v2\/pages\/14464\/revisions\/16171"}],"wp:attachment":[{"href":"https:\/\/aesia.pt\/portal\/wp-json\/wp\/v2\/media?parent=14464"}],"curies":[{"name":"wp","href":"https:\/\/api.w.org\/{rel}","templated":true}]}}