{"id":14118,"date":"2025-01-06T23:04:37","date_gmt":"2025-01-06T23:04:37","guid":{"rendered":"https:\/\/aesia.pt\/portal\/?page_id=14118"},"modified":"2025-10-30T14:23:13","modified_gmt":"2025-10-30T14:23:13","slug":"autoavaliacao","status":"publish","type":"page","link":"https:\/\/aesia.pt\/portal\/autoavaliacao\/","title":{"rendered":"Autoavalia\u00e7\u00e3o do AESIA"},"content":{"rendered":"\n<figure class=\"wp-block-image size-large\"><a href=\"https:\/\/aesia.pt\/portal\/wp-content\/uploads\/2025\/01\/image.png\"><img loading=\"lazy\" decoding=\"async\" width=\"1024\" height=\"263\" src=\"https:\/\/aesia.pt\/portal\/wp-content\/uploads\/2025\/01\/image-1024x263.png\" alt=\"\" class=\"wp-image-14316\" srcset=\"https:\/\/aesia.pt\/portal\/wp-content\/uploads\/2025\/01\/image-1024x263.png 1024w, https:\/\/aesia.pt\/portal\/wp-content\/uploads\/2025\/01\/image-300x77.png 300w, https:\/\/aesia.pt\/portal\/wp-content\/uploads\/2025\/01\/image-768x197.png 768w, https:\/\/aesia.pt\/portal\/wp-content\/uploads\/2025\/01\/image-1536x395.png 1536w, https:\/\/aesia.pt\/portal\/wp-content\/uploads\/2025\/01\/image-2048x527.png 2048w\" sizes=\"auto, (max-width: 1024px) 100vw, 1024px\" \/><\/a><\/figure>\n\n\n\n<p><strong><em>Atualizado &#8211; outubro de 2025<\/em><\/strong><\/p>\n\n\n\n<p>O Projeto de Autoavalia\u00e7\u00e3o do AESIA,  foi iniciado em 2012, tendo-se realizado at\u00e9 \u00e0 data Planos de A\u00e7\u00f5es de Melhoria (PAM) constantes e respetivos Relat\u00f3rios de Autoavalia\u00e7\u00e3o. Neste sentido, apresenta-se o \u00faltimo Relat\u00f3rio de Autoavalia\u00e7\u00e3o 2021\/2022 (CAF). <\/p>\n\n\n\n<p>Os \u00faltimos  Plano de A\u00e7\u00f5es de Melhoria (PAM) resultam do Relat\u00f3rio de Autoavalia\u00e7\u00e3o 2021\/2022 em articula\u00e7\u00e3o com as a\u00e7\u00f5es do \u00faltimo Relat\u00f3rio de Avalia\u00e7\u00e3o Externa emanado da IGEC, realizado de 2 a 4 de Abril de 2013, do Projeto de Interven\u00e7\u00e3o do Diretor, do Projeto Educativo do Agrupamento, dos anteriores PAM Final e do Relat\u00f3rio do Observat\u00f3rio de Qualidade.<br>O PAM que se ir\u00e1 elaborar no ano letivo 2024\/2025 ser\u00e1 realizado pela Equipa de Autoavalia\u00e7\u00e3o e Equipas Operacionais, em articula\u00e7\u00e3o com a Dire\u00e7\u00e3o e permitir\u00e1 a defini\u00e7\u00e3o de novas estrat\u00e9gias mobilizadoras da melhoria da organiza\u00e7\u00e3o escolar e das pr\u00e1ticas profissionais, com repercuss\u00f5es na presta\u00e7\u00e3o do servi\u00e7o educativo.<br>Este documento que, engloba um conjunto de estrat\u00e9gias cuja principal finalidade \u00e9 a melhoria do funcionamento e do desempenho do agrupamento, encontra-se estruturado em tr\u00eas fases de um processo metodol\u00f3gico:<br>a) PAM Inicial, que consiste no planeamento das a\u00e7\u00f5es de melhoria;<br>b) PAM Interm\u00e9dio, que contempla a avalia\u00e7\u00e3o interm\u00e9dia e a monitoriza\u00e7\u00e3o das a\u00e7\u00f5es de melhoria;<br>c) PAM Final, que avalia as estrat\u00e9gias implementadas e os resultados alcan\u00e7ados.<br>Em s\u00edntese, o PAM encontra-se adaptado \u00e0 realidade do Agrupamento, considerando os seus recursos dispon\u00edveis, e desenvolvendo-se ao longo dos ano letivos de 2024\/2025.<\/p>\n\n\n\n<p>A seguir apresentam-se os seguintes documentos:<\/p>\n\n\n\n<p>I &#8211; <a href=\"https:\/\/drive.google.com\/file\/d\/18OKmBOh3ZCN6JyR89jvee6yhPhPkgDcM\/view?usp=sharing\">Hist\u00f3rico das autoavalia\u00e7\u00f5es do agrupamento<\/a><\/p>\n\n\n\n<p>II &#8211; <a href=\"https:\/\/drive.google.com\/file\/d\/1XhNCm2ZkWzm3_PC89_EPSu4mn6O88FJn\/view?usp=sharing\">Relat\u00f3rio de Autoavalia\u00e7\u00e3o 2021\/2022 (CAF)<\/a><\/p>\n\n\n\n<p><\/p>\n\n\n\n<p><\/p>\n\n\n\n<p>III &#8211; <a href=\"https:\/\/drive.google.com\/file\/d\/1O4VRGgts5b3Xtj0Q5fNFKSR3w4-e1U5W\/view?usp=sharing\">Relat\u00f3rio do Observat\u00f3rio de Qualidade 2023\/2024<\/a><\/p>\n\n\n\n<p><\/p>\n\n\n\n<p><\/p>\n\n\n\n<p>IV &#8211; <a href=\"https:\/\/drive.google.com\/file\/d\/1JUgKV3_KM-fc_ybqkMvYan-VyO0m9SQt\/view?usp=sharing\">Plano de A\u00e7\u00e3o Estrat\u00e9gica 2025\/2026<\/a><\/p>\n\n\n\n<p><\/p>\n","protected":false},"excerpt":{"rendered":"<p>Atualizado &#8211; outubro de 2025 O Projeto de Autoavalia\u00e7\u00e3o do AESIA, foi iniciado em 2012, tendo-se realizado at\u00e9 \u00e0 data&hellip; <a class=\"continue\" href=\"https:\/\/aesia.pt\/portal\/autoavaliacao\/\">Ler mais<span> Autoavalia\u00e7\u00e3o do AESIA<\/span><\/a><\/p>\n","protected":false},"author":18,"featured_media":0,"parent":0,"menu_order":0,"comment_status":"closed","ping_status":"closed","template":"p_base.php","meta":{"_acf_changed":false,"footnotes":""},"class_list":["post-14118","page","type-page","status-publish","hentry"],"acf":[],"yoast_head":"<!-- This site is optimized with the Yoast SEO plugin v27.4 - https:\/\/yoast.com\/product\/yoast-seo-wordpress\/ -->\n<title>Autoavalia\u00e7\u00e3o do AESIA &#8211; AESIA<\/title>\n<meta name=\"robots\" content=\"index, follow, max-snippet:-1, max-image-preview:large, max-video-preview:-1\" \/>\n<link rel=\"canonical\" href=\"https:\/\/aesia.pt\/portal\/autoavaliacao\/\" \/>\n<meta property=\"og:locale\" content=\"pt_PT\" \/>\n<meta property=\"og:type\" content=\"article\" \/>\n<meta property=\"og:title\" content=\"Autoavalia\u00e7\u00e3o do AESIA &#8211; AESIA\" \/>\n<meta property=\"og:description\" content=\"Atualizado &#8211; outubro de 2025 O Projeto de Autoavalia\u00e7\u00e3o do AESIA, foi iniciado em 2012, tendo-se realizado at\u00e9 \u00e0 data&hellip; Ler mais Autoavalia\u00e7\u00e3o do AESIA\" \/>\n<meta property=\"og:url\" content=\"https:\/\/aesia.pt\/portal\/autoavaliacao\/\" \/>\n<meta property=\"og:site_name\" content=\"AESIA\" \/>\n<meta property=\"article:publisher\" content=\"https:\/\/www.facebook.com\/aesia.pt\/\" \/>\n<meta property=\"article:modified_time\" content=\"2025-10-30T14:23:13+00:00\" \/>\n<meta property=\"og:image\" content=\"https:\/\/aesia.pt\/portal\/wp-content\/uploads\/2025\/01\/image.png\" \/>\n\t<meta property=\"og:image:width\" content=\"2800\" \/>\n\t<meta property=\"og:image:height\" content=\"720\" \/>\n\t<meta property=\"og:image:type\" content=\"image\/png\" \/>\n<meta name=\"twitter:card\" content=\"summary_large_image\" \/>\n<meta name=\"twitter:label1\" content=\"Tempo estimado de leitura\" \/>\n\t<meta name=\"twitter:data1\" content=\"2 minutos\" \/>\n<script type=\"application\/ld+json\" class=\"yoast-schema-graph\">{\"@context\":\"https:\\\/\\\/schema.org\",\"@graph\":[{\"@type\":\"WebPage\",\"@id\":\"https:\\\/\\\/aesia.pt\\\/portal\\\/autoavaliacao\\\/\",\"url\":\"https:\\\/\\\/aesia.pt\\\/portal\\\/autoavaliacao\\\/\",\"name\":\"Autoavalia\u00e7\u00e3o do AESIA &#8211; AESIA\",\"isPartOf\":{\"@id\":\"https:\\\/\\\/aesia.pt\\\/portal\\\/#website\"},\"primaryImageOfPage\":{\"@id\":\"https:\\\/\\\/aesia.pt\\\/portal\\\/autoavaliacao\\\/#primaryimage\"},\"image\":{\"@id\":\"https:\\\/\\\/aesia.pt\\\/portal\\\/autoavaliacao\\\/#primaryimage\"},\"thumbnailUrl\":\"https:\\\/\\\/aesia.pt\\\/portal\\\/wp-content\\\/uploads\\\/2025\\\/01\\\/image-1024x263.png\",\"datePublished\":\"2025-01-06T23:04:37+00:00\",\"dateModified\":\"2025-10-30T14:23:13+00:00\",\"breadcrumb\":{\"@id\":\"https:\\\/\\\/aesia.pt\\\/portal\\\/autoavaliacao\\\/#breadcrumb\"},\"inLanguage\":\"pt-PT\",\"potentialAction\":[{\"@type\":\"ReadAction\",\"target\":[\"https:\\\/\\\/aesia.pt\\\/portal\\\/autoavaliacao\\\/\"]}]},{\"@type\":\"ImageObject\",\"inLanguage\":\"pt-PT\",\"@id\":\"https:\\\/\\\/aesia.pt\\\/portal\\\/autoavaliacao\\\/#primaryimage\",\"url\":\"https:\\\/\\\/aesia.pt\\\/portal\\\/wp-content\\\/uploads\\\/2025\\\/01\\\/image.png\",\"contentUrl\":\"https:\\\/\\\/aesia.pt\\\/portal\\\/wp-content\\\/uploads\\\/2025\\\/01\\\/image.png\",\"width\":2800,\"height\":720},{\"@type\":\"BreadcrumbList\",\"@id\":\"https:\\\/\\\/aesia.pt\\\/portal\\\/autoavaliacao\\\/#breadcrumb\",\"itemListElement\":[{\"@type\":\"ListItem\",\"position\":1,\"name\":\"Home\",\"item\":\"https:\\\/\\\/aesia.pt\\\/portal\\\/\"},{\"@type\":\"ListItem\",\"position\":2,\"name\":\"Autoavalia\u00e7\u00e3o do AESIA\"}]},{\"@type\":\"WebSite\",\"@id\":\"https:\\\/\\\/aesia.pt\\\/portal\\\/#website\",\"url\":\"https:\\\/\\\/aesia.pt\\\/portal\\\/\",\"name\":\"AESIA\",\"description\":\"Agrupamento de Escolas de Santa Iria de Az\u00f3ia\",\"publisher\":{\"@id\":\"https:\\\/\\\/aesia.pt\\\/portal\\\/#organization\"},\"alternateName\":\"Agrupamento de Escolas de Santa Iria de Az\u00f3ia\",\"potentialAction\":[{\"@type\":\"SearchAction\",\"target\":{\"@type\":\"EntryPoint\",\"urlTemplate\":\"https:\\\/\\\/aesia.pt\\\/portal\\\/?s={search_term_string}\"},\"query-input\":{\"@type\":\"PropertyValueSpecification\",\"valueRequired\":true,\"valueName\":\"search_term_string\"}}],\"inLanguage\":\"pt-PT\"},{\"@type\":\"Organization\",\"@id\":\"https:\\\/\\\/aesia.pt\\\/portal\\\/#organization\",\"name\":\"Agrupamento de Escolas de Santa Iria de Az\u00f3ia\",\"alternateName\":\"AESIA\",\"url\":\"https:\\\/\\\/aesia.pt\\\/portal\\\/\",\"logo\":{\"@type\":\"ImageObject\",\"inLanguage\":\"pt-PT\",\"@id\":\"https:\\\/\\\/aesia.pt\\\/portal\\\/#\\\/schema\\\/logo\\\/image\\\/\",\"url\":\"https:\\\/\\\/aesia.pt\\\/portal\\\/wp-content\\\/uploads\\\/2023\\\/04\\\/logo4.png\",\"contentUrl\":\"https:\\\/\\\/aesia.pt\\\/portal\\\/wp-content\\\/uploads\\\/2023\\\/04\\\/logo4.png\",\"width\":162,\"height\":162,\"caption\":\"Agrupamento de Escolas de Santa Iria de Az\u00f3ia\"},\"image\":{\"@id\":\"https:\\\/\\\/aesia.pt\\\/portal\\\/#\\\/schema\\\/logo\\\/image\\\/\"},\"sameAs\":[\"https:\\\/\\\/www.facebook.com\\\/aesia.pt\\\/\"]}]}<\/script>\n<!-- \/ Yoast SEO plugin. -->","yoast_head_json":{"title":"Autoavalia\u00e7\u00e3o do AESIA &#8211; AESIA","robots":{"index":"index","follow":"follow","max-snippet":"max-snippet:-1","max-image-preview":"max-image-preview:large","max-video-preview":"max-video-preview:-1"},"canonical":"https:\/\/aesia.pt\/portal\/autoavaliacao\/","og_locale":"pt_PT","og_type":"article","og_title":"Autoavalia\u00e7\u00e3o do AESIA &#8211; AESIA","og_description":"Atualizado &#8211; outubro de 2025 O Projeto de Autoavalia\u00e7\u00e3o do AESIA, foi iniciado em 2012, tendo-se realizado at\u00e9 \u00e0 data&hellip; Ler mais Autoavalia\u00e7\u00e3o do AESIA","og_url":"https:\/\/aesia.pt\/portal\/autoavaliacao\/","og_site_name":"AESIA","article_publisher":"https:\/\/www.facebook.com\/aesia.pt\/","article_modified_time":"2025-10-30T14:23:13+00:00","og_image":[{"width":2800,"height":720,"url":"https:\/\/aesia.pt\/portal\/wp-content\/uploads\/2025\/01\/image.png","type":"image\/png"}],"twitter_card":"summary_large_image","twitter_misc":{"Tempo estimado de leitura":"2 minutos"},"schema":{"@context":"https:\/\/schema.org","@graph":[{"@type":"WebPage","@id":"https:\/\/aesia.pt\/portal\/autoavaliacao\/","url":"https:\/\/aesia.pt\/portal\/autoavaliacao\/","name":"Autoavalia\u00e7\u00e3o do AESIA &#8211; AESIA","isPartOf":{"@id":"https:\/\/aesia.pt\/portal\/#website"},"primaryImageOfPage":{"@id":"https:\/\/aesia.pt\/portal\/autoavaliacao\/#primaryimage"},"image":{"@id":"https:\/\/aesia.pt\/portal\/autoavaliacao\/#primaryimage"},"thumbnailUrl":"https:\/\/aesia.pt\/portal\/wp-content\/uploads\/2025\/01\/image-1024x263.png","datePublished":"2025-01-06T23:04:37+00:00","dateModified":"2025-10-30T14:23:13+00:00","breadcrumb":{"@id":"https:\/\/aesia.pt\/portal\/autoavaliacao\/#breadcrumb"},"inLanguage":"pt-PT","potentialAction":[{"@type":"ReadAction","target":["https:\/\/aesia.pt\/portal\/autoavaliacao\/"]}]},{"@type":"ImageObject","inLanguage":"pt-PT","@id":"https:\/\/aesia.pt\/portal\/autoavaliacao\/#primaryimage","url":"https:\/\/aesia.pt\/portal\/wp-content\/uploads\/2025\/01\/image.png","contentUrl":"https:\/\/aesia.pt\/portal\/wp-content\/uploads\/2025\/01\/image.png","width":2800,"height":720},{"@type":"BreadcrumbList","@id":"https:\/\/aesia.pt\/portal\/autoavaliacao\/#breadcrumb","itemListElement":[{"@type":"ListItem","position":1,"name":"Home","item":"https:\/\/aesia.pt\/portal\/"},{"@type":"ListItem","position":2,"name":"Autoavalia\u00e7\u00e3o do AESIA"}]},{"@type":"WebSite","@id":"https:\/\/aesia.pt\/portal\/#website","url":"https:\/\/aesia.pt\/portal\/","name":"AESIA","description":"Agrupamento de Escolas de Santa Iria de Az\u00f3ia","publisher":{"@id":"https:\/\/aesia.pt\/portal\/#organization"},"alternateName":"Agrupamento de Escolas de Santa Iria de Az\u00f3ia","potentialAction":[{"@type":"SearchAction","target":{"@type":"EntryPoint","urlTemplate":"https:\/\/aesia.pt\/portal\/?s={search_term_string}"},"query-input":{"@type":"PropertyValueSpecification","valueRequired":true,"valueName":"search_term_string"}}],"inLanguage":"pt-PT"},{"@type":"Organization","@id":"https:\/\/aesia.pt\/portal\/#organization","name":"Agrupamento de Escolas de Santa Iria de Az\u00f3ia","alternateName":"AESIA","url":"https:\/\/aesia.pt\/portal\/","logo":{"@type":"ImageObject","inLanguage":"pt-PT","@id":"https:\/\/aesia.pt\/portal\/#\/schema\/logo\/image\/","url":"https:\/\/aesia.pt\/portal\/wp-content\/uploads\/2023\/04\/logo4.png","contentUrl":"https:\/\/aesia.pt\/portal\/wp-content\/uploads\/2023\/04\/logo4.png","width":162,"height":162,"caption":"Agrupamento de Escolas de Santa Iria de Az\u00f3ia"},"image":{"@id":"https:\/\/aesia.pt\/portal\/#\/schema\/logo\/image\/"},"sameAs":["https:\/\/www.facebook.com\/aesia.pt\/"]}]}},"_links":{"self":[{"href":"https:\/\/aesia.pt\/portal\/wp-json\/wp\/v2\/pages\/14118","targetHints":{"allow":["GET"]}}],"collection":[{"href":"https:\/\/aesia.pt\/portal\/wp-json\/wp\/v2\/pages"}],"about":[{"href":"https:\/\/aesia.pt\/portal\/wp-json\/wp\/v2\/types\/page"}],"author":[{"embeddable":true,"href":"https:\/\/aesia.pt\/portal\/wp-json\/wp\/v2\/users\/18"}],"replies":[{"embeddable":true,"href":"https:\/\/aesia.pt\/portal\/wp-json\/wp\/v2\/comments?post=14118"}],"version-history":[{"count":8,"href":"https:\/\/aesia.pt\/portal\/wp-json\/wp\/v2\/pages\/14118\/revisions"}],"predecessor-version":[{"id":16274,"href":"https:\/\/aesia.pt\/portal\/wp-json\/wp\/v2\/pages\/14118\/revisions\/16274"}],"wp:attachment":[{"href":"https:\/\/aesia.pt\/portal\/wp-json\/wp\/v2\/media?parent=14118"}],"curies":[{"name":"wp","href":"https:\/\/api.w.org\/{rel}","templated":true}]}}