{"id":140,"date":"2014-07-22T14:51:26","date_gmt":"2014-07-22T14:51:26","guid":{"rendered":"http:\/\/localhost:82\/aesia\/?page_id=140"},"modified":"2025-09-19T10:27:58","modified_gmt":"2025-09-19T10:27:58","slug":"inicio","status":"publish","type":"page","link":"https:\/\/aesia.pt\/portal\/","title":{"rendered":"In\u00edcio"},"content":{"rendered":"\n<figure class=\"wp-block-image size-full\"><a href=\"https:\/\/aesia.pt\/portal\/wp-content\/uploads\/2025\/09\/guiao-1.png\"><img loading=\"lazy\" decoding=\"async\" width=\"801\" height=\"676\" src=\"https:\/\/aesia.pt\/portal\/wp-content\/uploads\/2025\/09\/guiao-1.png\" alt=\"\" class=\"wp-image-16043\" srcset=\"https:\/\/aesia.pt\/portal\/wp-content\/uploads\/2025\/09\/guiao-1.png 801w, https:\/\/aesia.pt\/portal\/wp-content\/uploads\/2025\/09\/guiao-1-300x253.png 300w, https:\/\/aesia.pt\/portal\/wp-content\/uploads\/2025\/09\/guiao-1-768x648.png 768w\" sizes=\"auto, (max-width: 801px) 100vw, 801px\" \/><\/a><\/figure>\n\n\n\n<p><strong>Gui\u00e3o de Acolhimento Ano Letivo 2025\/2026<\/strong><\/p>\n\n\n\n<p><\/p>\n","protected":false},"excerpt":{"rendered":"<p>Gui\u00e3o de Acolhimento Ano Letivo 2025\/2026<\/p>\n","protected":false},"author":8,"featured_media":6774,"parent":0,"menu_order":0,"comment_status":"open","ping_status":"open","template":"p_home.php","meta":{"_acf_changed":false,"footnotes":""},"class_list":["post-140","page","type-page","status-publish","has-post-thumbnail","hentry"],"acf":[],"yoast_head":"<!-- This site is optimized with the Yoast SEO plugin v27.4 - https:\/\/yoast.com\/product\/yoast-seo-wordpress\/ -->\n<title>AESIA - Agrupamento de Escolas de Santa Iria de Az\u00f3ia<\/title>\n<meta name=\"description\" content=\"Oferta educativa e formativa desde a educa\u00e7\u00e3o pr\u00e9-escolar at\u00e9 ao 9\u00ba ano de escolaridade. Escola sede: EB 2\/3 de Santa Iria de Az\u00f3ia\" \/>\n<meta name=\"robots\" content=\"index, follow, max-snippet:-1, max-image-preview:large, max-video-preview:-1\" \/>\n<link rel=\"canonical\" href=\"https:\/\/aesia.pt\/portal\/\" \/>\n<meta property=\"og:locale\" content=\"pt_PT\" \/>\n<meta property=\"og:type\" content=\"article\" \/>\n<meta property=\"og:title\" content=\"AESIA - Agrupamento de Escolas de Santa Iria de Az\u00f3ia\" \/>\n<meta property=\"og:description\" content=\"Oferta educativa e formativa desde a educa\u00e7\u00e3o pr\u00e9-escolar at\u00e9 ao 9\u00ba ano de escolaridade. Escola sede: EB 2\/3 de Santa Iria de Az\u00f3ia\" \/>\n<meta property=\"og:url\" content=\"https:\/\/aesia.pt\/portal\/\" \/>\n<meta property=\"og:site_name\" content=\"AESIA\" \/>\n<meta property=\"article:publisher\" content=\"https:\/\/www.facebook.com\/aesia.pt\/\" \/>\n<meta property=\"article:modified_time\" content=\"2025-09-19T10:27:58+00:00\" \/>\n<meta property=\"og:image\" content=\"https:\/\/aesia.pt\/portal\/wp-content\/uploads\/2023\/04\/AESIA-capa-Youtube-1024x576.jpg\" \/>\n\t<meta property=\"og:image:width\" content=\"1024\" \/>\n\t<meta property=\"og:image:height\" content=\"576\" \/>\n\t<meta property=\"og:image:type\" content=\"image\/jpeg\" \/>\n<meta name=\"twitter:card\" content=\"summary_large_image\" \/>\n<meta name=\"twitter:label1\" content=\"Tempo estimado de leitura\" \/>\n\t<meta name=\"twitter:data1\" content=\"2 minutos\" \/>\n<script type=\"application\/ld+json\" class=\"yoast-schema-graph\">{\"@context\":\"https:\\\/\\\/schema.org\",\"@graph\":[{\"@type\":\"WebPage\",\"@id\":\"https:\\\/\\\/aesia.pt\\\/portal\\\/\",\"url\":\"https:\\\/\\\/aesia.pt\\\/portal\\\/\",\"name\":\"AESIA - Agrupamento de Escolas de Santa Iria de Az\u00f3ia\",\"isPartOf\":{\"@id\":\"https:\\\/\\\/aesia.pt\\\/portal\\\/#website\"},\"primaryImageOfPage\":{\"@id\":\"https:\\\/\\\/aesia.pt\\\/portal\\\/#primaryimage\"},\"image\":{\"@id\":\"https:\\\/\\\/aesia.pt\\\/portal\\\/#primaryimage\"},\"thumbnailUrl\":\"https:\\\/\\\/aesia.pt\\\/portal\\\/wp-content\\\/uploads\\\/2023\\\/04\\\/AESIA-capa-Youtube.jpg\",\"datePublished\":\"2014-07-22T14:51:26+00:00\",\"dateModified\":\"2025-09-19T10:27:58+00:00\",\"description\":\"Oferta educativa e formativa desde a educa\u00e7\u00e3o pr\u00e9-escolar at\u00e9 ao 9\u00ba ano de escolaridade. Escola sede: EB 2\\\/3 de Santa Iria de Az\u00f3ia\",\"breadcrumb\":{\"@id\":\"https:\\\/\\\/aesia.pt\\\/portal\\\/#breadcrumb\"},\"inLanguage\":\"pt-PT\",\"potentialAction\":[{\"@type\":\"ReadAction\",\"target\":[\"https:\\\/\\\/aesia.pt\\\/portal\\\/\"]}]},{\"@type\":\"ImageObject\",\"inLanguage\":\"pt-PT\",\"@id\":\"https:\\\/\\\/aesia.pt\\\/portal\\\/#primaryimage\",\"url\":\"https:\\\/\\\/aesia.pt\\\/portal\\\/wp-content\\\/uploads\\\/2023\\\/04\\\/AESIA-capa-Youtube.jpg\",\"contentUrl\":\"https:\\\/\\\/aesia.pt\\\/portal\\\/wp-content\\\/uploads\\\/2023\\\/04\\\/AESIA-capa-Youtube.jpg\",\"width\":2048,\"height\":1152},{\"@type\":\"BreadcrumbList\",\"@id\":\"https:\\\/\\\/aesia.pt\\\/portal\\\/#breadcrumb\",\"itemListElement\":[{\"@type\":\"ListItem\",\"position\":1,\"name\":\"Home\",\"item\":\"https:\\\/\\\/aesia.pt\\\/portal\\\/\"},{\"@type\":\"ListItem\",\"position\":2,\"name\":\"In\u00edcio\"}]},{\"@type\":\"WebSite\",\"@id\":\"https:\\\/\\\/aesia.pt\\\/portal\\\/#website\",\"url\":\"https:\\\/\\\/aesia.pt\\\/portal\\\/\",\"name\":\"AESIA\",\"description\":\"Agrupamento de Escolas de Santa Iria de Az\u00f3ia\",\"publisher\":{\"@id\":\"https:\\\/\\\/aesia.pt\\\/portal\\\/#organization\"},\"alternateName\":\"Agrupamento de Escolas de Santa Iria de Az\u00f3ia\",\"potentialAction\":[{\"@type\":\"SearchAction\",\"target\":{\"@type\":\"EntryPoint\",\"urlTemplate\":\"https:\\\/\\\/aesia.pt\\\/portal\\\/?s={search_term_string}\"},\"query-input\":{\"@type\":\"PropertyValueSpecification\",\"valueRequired\":true,\"valueName\":\"search_term_string\"}}],\"inLanguage\":\"pt-PT\"},{\"@type\":\"Organization\",\"@id\":\"https:\\\/\\\/aesia.pt\\\/portal\\\/#organization\",\"name\":\"Agrupamento de Escolas de Santa Iria de Az\u00f3ia\",\"alternateName\":\"AESIA\",\"url\":\"https:\\\/\\\/aesia.pt\\\/portal\\\/\",\"logo\":{\"@type\":\"ImageObject\",\"inLanguage\":\"pt-PT\",\"@id\":\"https:\\\/\\\/aesia.pt\\\/portal\\\/#\\\/schema\\\/logo\\\/image\\\/\",\"url\":\"https:\\\/\\\/aesia.pt\\\/portal\\\/wp-content\\\/uploads\\\/2023\\\/04\\\/logo4.png\",\"contentUrl\":\"https:\\\/\\\/aesia.pt\\\/portal\\\/wp-content\\\/uploads\\\/2023\\\/04\\\/logo4.png\",\"width\":162,\"height\":162,\"caption\":\"Agrupamento de Escolas de Santa Iria de Az\u00f3ia\"},\"image\":{\"@id\":\"https:\\\/\\\/aesia.pt\\\/portal\\\/#\\\/schema\\\/logo\\\/image\\\/\"},\"sameAs\":[\"https:\\\/\\\/www.facebook.com\\\/aesia.pt\\\/\"]}]}<\/script>\n<!-- \/ Yoast SEO plugin. -->","yoast_head_json":{"title":"AESIA - Agrupamento de Escolas de Santa Iria de Az\u00f3ia","description":"Oferta educativa e formativa desde a educa\u00e7\u00e3o pr\u00e9-escolar at\u00e9 ao 9\u00ba ano de escolaridade. Escola sede: EB 2\/3 de Santa Iria de Az\u00f3ia","robots":{"index":"index","follow":"follow","max-snippet":"max-snippet:-1","max-image-preview":"max-image-preview:large","max-video-preview":"max-video-preview:-1"},"canonical":"https:\/\/aesia.pt\/portal\/","og_locale":"pt_PT","og_type":"article","og_title":"AESIA - Agrupamento de Escolas de Santa Iria de Az\u00f3ia","og_description":"Oferta educativa e formativa desde a educa\u00e7\u00e3o pr\u00e9-escolar at\u00e9 ao 9\u00ba ano de escolaridade. Escola sede: EB 2\/3 de Santa Iria de Az\u00f3ia","og_url":"https:\/\/aesia.pt\/portal\/","og_site_name":"AESIA","article_publisher":"https:\/\/www.facebook.com\/aesia.pt\/","article_modified_time":"2025-09-19T10:27:58+00:00","og_image":[{"width":1024,"height":576,"url":"https:\/\/aesia.pt\/portal\/wp-content\/uploads\/2023\/04\/AESIA-capa-Youtube-1024x576.jpg","type":"image\/jpeg"}],"twitter_card":"summary_large_image","twitter_misc":{"Tempo estimado de leitura":"2 minutos"},"schema":{"@context":"https:\/\/schema.org","@graph":[{"@type":"WebPage","@id":"https:\/\/aesia.pt\/portal\/","url":"https:\/\/aesia.pt\/portal\/","name":"AESIA - Agrupamento de Escolas de Santa Iria de Az\u00f3ia","isPartOf":{"@id":"https:\/\/aesia.pt\/portal\/#website"},"primaryImageOfPage":{"@id":"https:\/\/aesia.pt\/portal\/#primaryimage"},"image":{"@id":"https:\/\/aesia.pt\/portal\/#primaryimage"},"thumbnailUrl":"https:\/\/aesia.pt\/portal\/wp-content\/uploads\/2023\/04\/AESIA-capa-Youtube.jpg","datePublished":"2014-07-22T14:51:26+00:00","dateModified":"2025-09-19T10:27:58+00:00","description":"Oferta educativa e formativa desde a educa\u00e7\u00e3o pr\u00e9-escolar at\u00e9 ao 9\u00ba ano de escolaridade. Escola sede: EB 2\/3 de Santa Iria de Az\u00f3ia","breadcrumb":{"@id":"https:\/\/aesia.pt\/portal\/#breadcrumb"},"inLanguage":"pt-PT","potentialAction":[{"@type":"ReadAction","target":["https:\/\/aesia.pt\/portal\/"]}]},{"@type":"ImageObject","inLanguage":"pt-PT","@id":"https:\/\/aesia.pt\/portal\/#primaryimage","url":"https:\/\/aesia.pt\/portal\/wp-content\/uploads\/2023\/04\/AESIA-capa-Youtube.jpg","contentUrl":"https:\/\/aesia.pt\/portal\/wp-content\/uploads\/2023\/04\/AESIA-capa-Youtube.jpg","width":2048,"height":1152},{"@type":"BreadcrumbList","@id":"https:\/\/aesia.pt\/portal\/#breadcrumb","itemListElement":[{"@type":"ListItem","position":1,"name":"Home","item":"https:\/\/aesia.pt\/portal\/"},{"@type":"ListItem","position":2,"name":"In\u00edcio"}]},{"@type":"WebSite","@id":"https:\/\/aesia.pt\/portal\/#website","url":"https:\/\/aesia.pt\/portal\/","name":"AESIA","description":"Agrupamento de Escolas de Santa Iria de Az\u00f3ia","publisher":{"@id":"https:\/\/aesia.pt\/portal\/#organization"},"alternateName":"Agrupamento de Escolas de Santa Iria de Az\u00f3ia","potentialAction":[{"@type":"SearchAction","target":{"@type":"EntryPoint","urlTemplate":"https:\/\/aesia.pt\/portal\/?s={search_term_string}"},"query-input":{"@type":"PropertyValueSpecification","valueRequired":true,"valueName":"search_term_string"}}],"inLanguage":"pt-PT"},{"@type":"Organization","@id":"https:\/\/aesia.pt\/portal\/#organization","name":"Agrupamento de Escolas de Santa Iria de Az\u00f3ia","alternateName":"AESIA","url":"https:\/\/aesia.pt\/portal\/","logo":{"@type":"ImageObject","inLanguage":"pt-PT","@id":"https:\/\/aesia.pt\/portal\/#\/schema\/logo\/image\/","url":"https:\/\/aesia.pt\/portal\/wp-content\/uploads\/2023\/04\/logo4.png","contentUrl":"https:\/\/aesia.pt\/portal\/wp-content\/uploads\/2023\/04\/logo4.png","width":162,"height":162,"caption":"Agrupamento de Escolas de Santa Iria de Az\u00f3ia"},"image":{"@id":"https:\/\/aesia.pt\/portal\/#\/schema\/logo\/image\/"},"sameAs":["https:\/\/www.facebook.com\/aesia.pt\/"]}]}},"_links":{"self":[{"href":"https:\/\/aesia.pt\/portal\/wp-json\/wp\/v2\/pages\/140","targetHints":{"allow":["GET"]}}],"collection":[{"href":"https:\/\/aesia.pt\/portal\/wp-json\/wp\/v2\/pages"}],"about":[{"href":"https:\/\/aesia.pt\/portal\/wp-json\/wp\/v2\/types\/page"}],"author":[{"embeddable":true,"href":"https:\/\/aesia.pt\/portal\/wp-json\/wp\/v2\/users\/8"}],"replies":[{"embeddable":true,"href":"https:\/\/aesia.pt\/portal\/wp-json\/wp\/v2\/comments?post=140"}],"version-history":[{"count":12,"href":"https:\/\/aesia.pt\/portal\/wp-json\/wp\/v2\/pages\/140\/revisions"}],"predecessor-version":[{"id":16044,"href":"https:\/\/aesia.pt\/portal\/wp-json\/wp\/v2\/pages\/140\/revisions\/16044"}],"wp:featuredmedia":[{"embeddable":true,"href":"https:\/\/aesia.pt\/portal\/wp-json\/wp\/v2\/media\/6774"}],"wp:attachment":[{"href":"https:\/\/aesia.pt\/portal\/wp-json\/wp\/v2\/media?parent=140"}],"curies":[{"name":"wp","href":"https:\/\/api.w.org\/{rel}","templated":true}]}}