{"id":13812,"date":"2024-12-19T09:22:36","date_gmt":"2024-12-19T09:22:36","guid":{"rendered":"https:\/\/aesia.pt\/portal\/?page_id=13812"},"modified":"2025-01-15T23:14:23","modified_gmt":"2025-01-15T23:14:23","slug":"emaei","status":"publish","type":"page","link":"https:\/\/aesia.pt\/portal\/orgaos-e-competencias\/emaei\/","title":{"rendered":"Educa\u00e7\u00e3o Inclusiva"},"content":{"rendered":"\n<h4 class=\"wp-block-heading\"><a href=\"https:\/\/diariodarepublica.pt\/dr\/detalhe\/decreto-lei\/54-2018-115652961\">Decreto-Lei n\u00ba 54\/2018, de 6 de julho <\/a><\/h4>\n\n\n\n<p>O Departamento de Educa\u00e7\u00e3o Especial (DEE) visa garantir a exist\u00eancia de condi\u00e7\u00f5es que assegurem a plena integra\u00e7\u00e3o\/inclus\u00e3o escolar dos alunos, devendo conjugar a sua atividade com as demais estruturas de orienta\u00e7\u00e3o educativa, nomeadamente a Coordena\u00e7\u00e3o dos Apoios Educativos.<\/p>\n\n\n\n<ol class=\"wp-block-list\">\n<li>O DEE do Agrupamento de Escolas de Santa Iria de Az\u00f3ia integra:<br>a) os docentes da Educa\u00e7\u00e3o Especial (EE);<br>b) o Servi\u00e7o de Psicologia representado pelos psic\u00f3logos;<br>c) outros t\u00e9cnicos.<\/li>\n\n\n\n<li>Sem preju\u00edzo das atribui\u00e7\u00f5es gen\u00e9ricas e espec\u00edficas legalmente estabelecidas para os outros Departamentos, no quadro do desenvolvimento do Projeto Educativo compete ao DEE:<br>a) colaborar com os \u00f3rg\u00e3os de administra\u00e7\u00e3o e gest\u00e3o e com as estruturas de orienta\u00e7\u00e3o educativa do AESIA, coadjuvando-os na dete\u00e7\u00e3o de necessidades educativas especiais e na organiza\u00e7\u00e3o e incremento de medidas educativas adequadas;<br>b) contribuir para a igualdade de oportunidades de sucesso educativo para todas as crian\u00e7as e jovens, promovendo a exist\u00eancia de respostas pedag\u00f3gicas diversificadas, adequadas \u00e0s suas necessidades espec\u00edficas e ao seu desenvolvimento global;<br>c) contribuir ativamente colaborando na diversifica\u00e7\u00e3o de estrat\u00e9gias e m\u00e9todos educativos, de forma a promover o desenvolvimento e a aprendizagem das crian\u00e7as e jovens do Agrupamento;<br>d) participar na melhoria das condi\u00e7\u00f5es e do ambiente educativo do Agrupamento, na perspetiva do fomento da qualidade e inova\u00e7\u00e3o educativa, tendo em conta o p\u00fablico alvo;<br>e) promover a exist\u00eancia de condi\u00e7\u00f5es para a integra\u00e7\u00e3o das crian\u00e7as e jovens com necessidades educativas especiais;<br>f) colaborar na promo\u00e7\u00e3o da qualidade educativa, nomeadamente nos dom\u00ednios relativos \u00e0 orienta\u00e7\u00e3o educativa e vocacional, \u00e0 interculturalidade, \u00e0 sa\u00fade escolar e \u00e0 melhoria do ambiente educativo;<br>g) articular as respostas \u00e0s necessidades educativas com os recursos existentes no Agrupamento, bem como noutras estruturas e servi\u00e7os, nomeadamente nas \u00e1reas da sa\u00fade, da seguran\u00e7a social, da qualifica\u00e7\u00e3o profissional e do emprego, das autarquias e de entidades particulares.<\/li>\n<\/ol>\n\n\n\n<p>A partir de 2018\/2019 a Equipa da Educa\u00e7\u00e3o Especial passou a integrar o conjunto de respostas educativas conforme o determinado no Decreto-Lei n\u00ba 54\/2018, de 6 de julho, que revoga o Decreto-Lei n\u00ba 3\/2008, visando \u201cresponder \u00e0 diversidade das necessidades e potencialidades de todos e de cada um dos alunos, atrav\u00e9s do aumento da participa\u00e7\u00e3o nos processos de aprendizagem e na vida da comunidade educativa\u201d.<\/p>\n\n\n\n<p>Esta nova abordagem para uma Educa\u00e7\u00e3o Inclusiva aponta para uma \u201cvis\u00e3o integrada e cont\u00ednua da abordagem educativa que agora se advoga contribui decisivamente um processo de avalia\u00e7\u00e3o de apoio \u00e0 aprendizagem \u2013 que considera aspetos acad\u00e9micos, comportamentais, sociais e emocionais do aluno, mas tamb\u00e9m fatores ambientais -, uma vez que desse processo resulta toda a sequencializa\u00e7\u00e3o e din\u00e2mica da interven\u00e7\u00e3o.\u201d<\/p>\n\n\n\n<p>Muitas das quest\u00f5es que se colocam com a transi\u00e7\u00e3o para o novo diploma podem ser consultada&nbsp;<a href=\"http:\/\/www.dge.mec.pt\/sites\/default\/files\/EEspecial\/dl-54_faq.pdf\">aqui<\/a>.<\/p>\n","protected":false},"excerpt":{"rendered":"<p>Decreto-Lei n\u00ba 54\/2018, de 6 de julho O Departamento de Educa\u00e7\u00e3o Especial (DEE) visa garantir a exist\u00eancia de condi\u00e7\u00f5es que&hellip; <a class=\"continue\" href=\"https:\/\/aesia.pt\/portal\/orgaos-e-competencias\/emaei\/\">Ler mais<span> Educa\u00e7\u00e3o Inclusiva<\/span><\/a><\/p>\n","protected":false},"author":8,"featured_media":0,"parent":225,"menu_order":0,"comment_status":"closed","ping_status":"closed","template":"p_orgaos_competencias.php","meta":{"_acf_changed":false,"footnotes":""},"class_list":["post-13812","page","type-page","status-publish","hentry"],"acf":[],"yoast_head":"<!-- This site is optimized with the Yoast SEO plugin v27.3 - https:\/\/yoast.com\/product\/yoast-seo-wordpress\/ -->\n<title>Educa\u00e7\u00e3o Inclusiva &#8211; AESIA<\/title>\n<meta name=\"robots\" content=\"index, follow, max-snippet:-1, max-image-preview:large, max-video-preview:-1\" \/>\n<link rel=\"canonical\" href=\"https:\/\/aesia.pt\/portal\/orgaos-e-competencias\/emaei\/\" \/>\n<meta property=\"og:locale\" content=\"pt_PT\" \/>\n<meta property=\"og:type\" content=\"article\" \/>\n<meta property=\"og:title\" content=\"Educa\u00e7\u00e3o Inclusiva &#8211; AESIA\" \/>\n<meta property=\"og:description\" content=\"Decreto-Lei n\u00ba 54\/2018, de 6 de julho O Departamento de Educa\u00e7\u00e3o Especial (DEE) visa garantir a exist\u00eancia de condi\u00e7\u00f5es que&hellip; Ler mais Educa\u00e7\u00e3o Inclusiva\" \/>\n<meta property=\"og:url\" content=\"https:\/\/aesia.pt\/portal\/orgaos-e-competencias\/emaei\/\" \/>\n<meta property=\"og:site_name\" content=\"AESIA\" \/>\n<meta property=\"article:publisher\" content=\"https:\/\/www.facebook.com\/aesia.pt\/\" \/>\n<meta property=\"article:modified_time\" content=\"2025-01-15T23:14:23+00:00\" \/>\n<meta name=\"twitter:card\" content=\"summary_large_image\" \/>\n<meta name=\"twitter:label1\" content=\"Tempo estimado de leitura\" \/>\n\t<meta name=\"twitter:data1\" content=\"2 minutos\" \/>\n<script type=\"application\/ld+json\" class=\"yoast-schema-graph\">{\"@context\":\"https:\\\/\\\/schema.org\",\"@graph\":[{\"@type\":\"WebPage\",\"@id\":\"https:\\\/\\\/aesia.pt\\\/portal\\\/orgaos-e-competencias\\\/emaei\\\/\",\"url\":\"https:\\\/\\\/aesia.pt\\\/portal\\\/orgaos-e-competencias\\\/emaei\\\/\",\"name\":\"Educa\u00e7\u00e3o Inclusiva &#8211; AESIA\",\"isPartOf\":{\"@id\":\"https:\\\/\\\/aesia.pt\\\/portal\\\/#website\"},\"datePublished\":\"2024-12-19T09:22:36+00:00\",\"dateModified\":\"2025-01-15T23:14:23+00:00\",\"breadcrumb\":{\"@id\":\"https:\\\/\\\/aesia.pt\\\/portal\\\/orgaos-e-competencias\\\/emaei\\\/#breadcrumb\"},\"inLanguage\":\"pt-PT\",\"potentialAction\":[{\"@type\":\"ReadAction\",\"target\":[\"https:\\\/\\\/aesia.pt\\\/portal\\\/orgaos-e-competencias\\\/emaei\\\/\"]}]},{\"@type\":\"BreadcrumbList\",\"@id\":\"https:\\\/\\\/aesia.pt\\\/portal\\\/orgaos-e-competencias\\\/emaei\\\/#breadcrumb\",\"itemListElement\":[{\"@type\":\"ListItem\",\"position\":1,\"name\":\"Home\",\"item\":\"https:\\\/\\\/aesia.pt\\\/portal\\\/\"},{\"@type\":\"ListItem\",\"position\":2,\"name\":\"\u00d3rg\u00e3os e Estruturas\",\"item\":\"https:\\\/\\\/aesia.pt\\\/portal\\\/orgaos-e-competencias\\\/\"},{\"@type\":\"ListItem\",\"position\":3,\"name\":\"Educa\u00e7\u00e3o Inclusiva\"}]},{\"@type\":\"WebSite\",\"@id\":\"https:\\\/\\\/aesia.pt\\\/portal\\\/#website\",\"url\":\"https:\\\/\\\/aesia.pt\\\/portal\\\/\",\"name\":\"AESIA\",\"description\":\"Agrupamento de Escolas de Santa Iria de Az\u00f3ia\",\"publisher\":{\"@id\":\"https:\\\/\\\/aesia.pt\\\/portal\\\/#organization\"},\"alternateName\":\"Agrupamento de Escolas de Santa Iria de Az\u00f3ia\",\"potentialAction\":[{\"@type\":\"SearchAction\",\"target\":{\"@type\":\"EntryPoint\",\"urlTemplate\":\"https:\\\/\\\/aesia.pt\\\/portal\\\/?s={search_term_string}\"},\"query-input\":{\"@type\":\"PropertyValueSpecification\",\"valueRequired\":true,\"valueName\":\"search_term_string\"}}],\"inLanguage\":\"pt-PT\"},{\"@type\":\"Organization\",\"@id\":\"https:\\\/\\\/aesia.pt\\\/portal\\\/#organization\",\"name\":\"Agrupamento de Escolas de Santa Iria de Az\u00f3ia\",\"alternateName\":\"AESIA\",\"url\":\"https:\\\/\\\/aesia.pt\\\/portal\\\/\",\"logo\":{\"@type\":\"ImageObject\",\"inLanguage\":\"pt-PT\",\"@id\":\"https:\\\/\\\/aesia.pt\\\/portal\\\/#\\\/schema\\\/logo\\\/image\\\/\",\"url\":\"https:\\\/\\\/aesia.pt\\\/portal\\\/wp-content\\\/uploads\\\/2023\\\/04\\\/logo4.png\",\"contentUrl\":\"https:\\\/\\\/aesia.pt\\\/portal\\\/wp-content\\\/uploads\\\/2023\\\/04\\\/logo4.png\",\"width\":162,\"height\":162,\"caption\":\"Agrupamento de Escolas de Santa Iria de Az\u00f3ia\"},\"image\":{\"@id\":\"https:\\\/\\\/aesia.pt\\\/portal\\\/#\\\/schema\\\/logo\\\/image\\\/\"},\"sameAs\":[\"https:\\\/\\\/www.facebook.com\\\/aesia.pt\\\/\"]}]}<\/script>\n<!-- \/ Yoast SEO plugin. -->","yoast_head_json":{"title":"Educa\u00e7\u00e3o Inclusiva &#8211; AESIA","robots":{"index":"index","follow":"follow","max-snippet":"max-snippet:-1","max-image-preview":"max-image-preview:large","max-video-preview":"max-video-preview:-1"},"canonical":"https:\/\/aesia.pt\/portal\/orgaos-e-competencias\/emaei\/","og_locale":"pt_PT","og_type":"article","og_title":"Educa\u00e7\u00e3o Inclusiva &#8211; AESIA","og_description":"Decreto-Lei n\u00ba 54\/2018, de 6 de julho O Departamento de Educa\u00e7\u00e3o Especial (DEE) visa garantir a exist\u00eancia de condi\u00e7\u00f5es que&hellip; Ler mais Educa\u00e7\u00e3o Inclusiva","og_url":"https:\/\/aesia.pt\/portal\/orgaos-e-competencias\/emaei\/","og_site_name":"AESIA","article_publisher":"https:\/\/www.facebook.com\/aesia.pt\/","article_modified_time":"2025-01-15T23:14:23+00:00","twitter_card":"summary_large_image","twitter_misc":{"Tempo estimado de leitura":"2 minutos"},"schema":{"@context":"https:\/\/schema.org","@graph":[{"@type":"WebPage","@id":"https:\/\/aesia.pt\/portal\/orgaos-e-competencias\/emaei\/","url":"https:\/\/aesia.pt\/portal\/orgaos-e-competencias\/emaei\/","name":"Educa\u00e7\u00e3o Inclusiva &#8211; AESIA","isPartOf":{"@id":"https:\/\/aesia.pt\/portal\/#website"},"datePublished":"2024-12-19T09:22:36+00:00","dateModified":"2025-01-15T23:14:23+00:00","breadcrumb":{"@id":"https:\/\/aesia.pt\/portal\/orgaos-e-competencias\/emaei\/#breadcrumb"},"inLanguage":"pt-PT","potentialAction":[{"@type":"ReadAction","target":["https:\/\/aesia.pt\/portal\/orgaos-e-competencias\/emaei\/"]}]},{"@type":"BreadcrumbList","@id":"https:\/\/aesia.pt\/portal\/orgaos-e-competencias\/emaei\/#breadcrumb","itemListElement":[{"@type":"ListItem","position":1,"name":"Home","item":"https:\/\/aesia.pt\/portal\/"},{"@type":"ListItem","position":2,"name":"\u00d3rg\u00e3os e Estruturas","item":"https:\/\/aesia.pt\/portal\/orgaos-e-competencias\/"},{"@type":"ListItem","position":3,"name":"Educa\u00e7\u00e3o Inclusiva"}]},{"@type":"WebSite","@id":"https:\/\/aesia.pt\/portal\/#website","url":"https:\/\/aesia.pt\/portal\/","name":"AESIA","description":"Agrupamento de Escolas de Santa Iria de Az\u00f3ia","publisher":{"@id":"https:\/\/aesia.pt\/portal\/#organization"},"alternateName":"Agrupamento de Escolas de Santa Iria de Az\u00f3ia","potentialAction":[{"@type":"SearchAction","target":{"@type":"EntryPoint","urlTemplate":"https:\/\/aesia.pt\/portal\/?s={search_term_string}"},"query-input":{"@type":"PropertyValueSpecification","valueRequired":true,"valueName":"search_term_string"}}],"inLanguage":"pt-PT"},{"@type":"Organization","@id":"https:\/\/aesia.pt\/portal\/#organization","name":"Agrupamento de Escolas de Santa Iria de Az\u00f3ia","alternateName":"AESIA","url":"https:\/\/aesia.pt\/portal\/","logo":{"@type":"ImageObject","inLanguage":"pt-PT","@id":"https:\/\/aesia.pt\/portal\/#\/schema\/logo\/image\/","url":"https:\/\/aesia.pt\/portal\/wp-content\/uploads\/2023\/04\/logo4.png","contentUrl":"https:\/\/aesia.pt\/portal\/wp-content\/uploads\/2023\/04\/logo4.png","width":162,"height":162,"caption":"Agrupamento de Escolas de Santa Iria de Az\u00f3ia"},"image":{"@id":"https:\/\/aesia.pt\/portal\/#\/schema\/logo\/image\/"},"sameAs":["https:\/\/www.facebook.com\/aesia.pt\/"]}]}},"_links":{"self":[{"href":"https:\/\/aesia.pt\/portal\/wp-json\/wp\/v2\/pages\/13812","targetHints":{"allow":["GET"]}}],"collection":[{"href":"https:\/\/aesia.pt\/portal\/wp-json\/wp\/v2\/pages"}],"about":[{"href":"https:\/\/aesia.pt\/portal\/wp-json\/wp\/v2\/types\/page"}],"author":[{"embeddable":true,"href":"https:\/\/aesia.pt\/portal\/wp-json\/wp\/v2\/users\/8"}],"replies":[{"embeddable":true,"href":"https:\/\/aesia.pt\/portal\/wp-json\/wp\/v2\/comments?post=13812"}],"version-history":[{"count":4,"href":"https:\/\/aesia.pt\/portal\/wp-json\/wp\/v2\/pages\/13812\/revisions"}],"predecessor-version":[{"id":14625,"href":"https:\/\/aesia.pt\/portal\/wp-json\/wp\/v2\/pages\/13812\/revisions\/14625"}],"up":[{"embeddable":true,"href":"https:\/\/aesia.pt\/portal\/wp-json\/wp\/v2\/pages\/225"}],"wp:attachment":[{"href":"https:\/\/aesia.pt\/portal\/wp-json\/wp\/v2\/media?parent=13812"}],"curies":[{"name":"wp","href":"https:\/\/api.w.org\/{rel}","templated":true}]}}