{"id":1235,"date":"2014-11-18T14:28:24","date_gmt":"2014-11-18T14:28:24","guid":{"rendered":"http:\/\/aesia.pt\/portal\/?page_id=1235"},"modified":"2024-10-02T14:17:42","modified_gmt":"2024-10-02T14:17:42","slug":"biblioteca-escolar","status":"publish","type":"page","link":"https:\/\/aesia.pt\/portal\/biblioteca-escolar\/","title":{"rendered":"Biblioteca Escolar"},"content":{"rendered":"<p>Longe vai o tempo em que a Biblioteca Escolar era um mero reposit\u00f3rio de livros, com as suas estantes fechadas e ambiente sombrio, apenas visita regular dos estudantes ditos \u201cmarr\u00f5es\u201d.<\/p>\n<p>Nas \u00faltimas d\u00e9cadas as Bibliotecas Escolares vieram progressivamente a adquirir uma posi\u00e7\u00e3o central na vida das escolas, apetrechando-as com documentos de natureza diversa e equipamento que para alguns alunos s\u00f3 aqui s\u00e3o acess\u00edveis.<\/p>\n<p>Atualmente, a BE\/CRE \u00e9 um espa\u00e7o de val\u00eancias m\u00faltiplas, ao servi\u00e7o de toda a comunidade escolar que funciona como \u00e1rea de apoio ao estudo, espa\u00e7o de lazer, de dinamiza\u00e7\u00e3o e divulga\u00e7\u00e3o cultural. Fomentar o gosto pela leitura e desenvolver nos alunos as compet\u00eancias liter\u00e1citas, essenciais \u00e0 vida em sociedade, constituem prioridades da sua miss\u00e3o numa escola.<\/p>\n<p>A nossa BE\/CRE irradia luminosidade, convida a entrar e a folhear os livros, a dar vida \u00e0s personagens, fadas e duendes, que neles habitam, convida ao lazer com revistas, filmes e jogos, lan\u00e7a desafios e convida ainda ao sossego, raridade que nos dias que correm urge tamb\u00e9m saber apreciar.<\/p>\n<p>Por tudo isto: Alunos, Professores, Pais e Encarregados de Educa\u00e7\u00e3o, Familiares, Assistentes T\u00e9cnicos e Operacionais, ESTAMOS \u00c0 VOSSA INTEIRA DISPOSI\u00c7\u00c3O!<\/p>\n<p><a href=\"https:\/\/biblioteca-aesia.webnode.pt\/\">Consulte aqui o blogue da Biblioteca AESIA<\/a><\/p>\n<p>A Coordenadora da BE\/CRE: F\u00e1tima Pinheiro<\/p>\n<p>\u00a0<\/p>\n\n\n<p class=\"has-text-align-center\"><a href=\"https:\/\/sites.google.com\/aesia.pt\/semearconhecimento\/p%C3%A1gina-inicial\/datas-comemorativas\/dia-mundial-da-m%C3%BAsica\">DIA MUNDIAL DA MUSICA<\/a> &#8211; P\u00e1gina Web AESIA<\/p>\n\n\n\n<figure class=\"wp-block-image size-large\"><a href=\"https:\/\/aesia.pt\/portal\/wp-content\/uploads\/2024\/10\/Captura-de-ecra-2024-10-02-151608.png\"><img loading=\"lazy\" decoding=\"async\" width=\"1024\" height=\"559\" src=\"https:\/\/aesia.pt\/portal\/wp-content\/uploads\/2024\/10\/Captura-de-ecra-2024-10-02-151608-1024x559.png\" alt=\"\" class=\"wp-image-12953\" srcset=\"https:\/\/aesia.pt\/portal\/wp-content\/uploads\/2024\/10\/Captura-de-ecra-2024-10-02-151608-1024x559.png 1024w, https:\/\/aesia.pt\/portal\/wp-content\/uploads\/2024\/10\/Captura-de-ecra-2024-10-02-151608-300x164.png 300w, https:\/\/aesia.pt\/portal\/wp-content\/uploads\/2024\/10\/Captura-de-ecra-2024-10-02-151608-768x419.png 768w, https:\/\/aesia.pt\/portal\/wp-content\/uploads\/2024\/10\/Captura-de-ecra-2024-10-02-151608.png 1476w\" sizes=\"auto, (max-width: 1024px) 100vw, 1024px\" \/><\/a><\/figure>\n","protected":false},"excerpt":{"rendered":"<p>Longe vai o tempo em que a Biblioteca Escolar era um mero reposit\u00f3rio de livros, com as suas estantes fechadas&hellip; <a class=\"continue\" href=\"https:\/\/aesia.pt\/portal\/biblioteca-escolar\/\">Ler mais<span> Biblioteca Escolar<\/span><\/a><\/p>\n","protected":false},"author":8,"featured_media":0,"parent":0,"menu_order":0,"comment_status":"open","ping_status":"open","template":"p_base.php","meta":{"_acf_changed":false,"footnotes":""},"class_list":["post-1235","page","type-page","status-publish","hentry"],"acf":[],"yoast_head":"<!-- This site is optimized with the Yoast SEO plugin v27.3 - https:\/\/yoast.com\/product\/yoast-seo-wordpress\/ -->\n<title>Biblioteca Escolar &#8211; AESIA<\/title>\n<meta name=\"robots\" content=\"index, follow, max-snippet:-1, max-image-preview:large, max-video-preview:-1\" \/>\n<link rel=\"canonical\" href=\"https:\/\/aesia.pt\/portal\/biblioteca-escolar\/\" \/>\n<meta property=\"og:locale\" content=\"pt_PT\" \/>\n<meta property=\"og:type\" content=\"article\" \/>\n<meta property=\"og:title\" content=\"Biblioteca Escolar &#8211; AESIA\" \/>\n<meta property=\"og:description\" content=\"Longe vai o tempo em que a Biblioteca Escolar era um mero reposit\u00f3rio de livros, com as suas estantes fechadas&hellip; Ler mais Biblioteca Escolar\" \/>\n<meta property=\"og:url\" content=\"https:\/\/aesia.pt\/portal\/biblioteca-escolar\/\" \/>\n<meta property=\"og:site_name\" content=\"AESIA\" \/>\n<meta property=\"article:publisher\" content=\"https:\/\/www.facebook.com\/aesia.pt\/\" \/>\n<meta property=\"article:modified_time\" content=\"2024-10-02T14:17:42+00:00\" \/>\n<meta property=\"og:image\" content=\"https:\/\/aesia.pt\/portal\/wp-content\/uploads\/2024\/10\/Captura-de-ecra-2024-10-02-151608-1024x559.png\" \/>\n<meta name=\"twitter:card\" content=\"summary_large_image\" \/>\n<meta name=\"twitter:label1\" content=\"Tempo estimado de leitura\" \/>\n\t<meta name=\"twitter:data1\" content=\"1 minuto\" \/>\n<script type=\"application\/ld+json\" class=\"yoast-schema-graph\">{\"@context\":\"https:\\\/\\\/schema.org\",\"@graph\":[{\"@type\":\"WebPage\",\"@id\":\"https:\\\/\\\/aesia.pt\\\/portal\\\/biblioteca-escolar\\\/\",\"url\":\"https:\\\/\\\/aesia.pt\\\/portal\\\/biblioteca-escolar\\\/\",\"name\":\"Biblioteca Escolar &#8211; AESIA\",\"isPartOf\":{\"@id\":\"https:\\\/\\\/aesia.pt\\\/portal\\\/#website\"},\"primaryImageOfPage\":{\"@id\":\"https:\\\/\\\/aesia.pt\\\/portal\\\/biblioteca-escolar\\\/#primaryimage\"},\"image\":{\"@id\":\"https:\\\/\\\/aesia.pt\\\/portal\\\/biblioteca-escolar\\\/#primaryimage\"},\"thumbnailUrl\":\"https:\\\/\\\/aesia.pt\\\/portal\\\/wp-content\\\/uploads\\\/2024\\\/10\\\/Captura-de-ecra-2024-10-02-151608-1024x559.png\",\"datePublished\":\"2014-11-18T14:28:24+00:00\",\"dateModified\":\"2024-10-02T14:17:42+00:00\",\"breadcrumb\":{\"@id\":\"https:\\\/\\\/aesia.pt\\\/portal\\\/biblioteca-escolar\\\/#breadcrumb\"},\"inLanguage\":\"pt-PT\",\"potentialAction\":[{\"@type\":\"ReadAction\",\"target\":[\"https:\\\/\\\/aesia.pt\\\/portal\\\/biblioteca-escolar\\\/\"]}]},{\"@type\":\"ImageObject\",\"inLanguage\":\"pt-PT\",\"@id\":\"https:\\\/\\\/aesia.pt\\\/portal\\\/biblioteca-escolar\\\/#primaryimage\",\"url\":\"https:\\\/\\\/aesia.pt\\\/portal\\\/wp-content\\\/uploads\\\/2024\\\/10\\\/Captura-de-ecra-2024-10-02-151608.png\",\"contentUrl\":\"https:\\\/\\\/aesia.pt\\\/portal\\\/wp-content\\\/uploads\\\/2024\\\/10\\\/Captura-de-ecra-2024-10-02-151608.png\",\"width\":1476,\"height\":806},{\"@type\":\"BreadcrumbList\",\"@id\":\"https:\\\/\\\/aesia.pt\\\/portal\\\/biblioteca-escolar\\\/#breadcrumb\",\"itemListElement\":[{\"@type\":\"ListItem\",\"position\":1,\"name\":\"Home\",\"item\":\"https:\\\/\\\/aesia.pt\\\/portal\\\/\"},{\"@type\":\"ListItem\",\"position\":2,\"name\":\"Biblioteca Escolar\"}]},{\"@type\":\"WebSite\",\"@id\":\"https:\\\/\\\/aesia.pt\\\/portal\\\/#website\",\"url\":\"https:\\\/\\\/aesia.pt\\\/portal\\\/\",\"name\":\"AESIA\",\"description\":\"Agrupamento de Escolas de Santa Iria de Az\u00f3ia\",\"publisher\":{\"@id\":\"https:\\\/\\\/aesia.pt\\\/portal\\\/#organization\"},\"alternateName\":\"Agrupamento de Escolas de Santa Iria de Az\u00f3ia\",\"potentialAction\":[{\"@type\":\"SearchAction\",\"target\":{\"@type\":\"EntryPoint\",\"urlTemplate\":\"https:\\\/\\\/aesia.pt\\\/portal\\\/?s={search_term_string}\"},\"query-input\":{\"@type\":\"PropertyValueSpecification\",\"valueRequired\":true,\"valueName\":\"search_term_string\"}}],\"inLanguage\":\"pt-PT\"},{\"@type\":\"Organization\",\"@id\":\"https:\\\/\\\/aesia.pt\\\/portal\\\/#organization\",\"name\":\"Agrupamento de Escolas de Santa Iria de Az\u00f3ia\",\"alternateName\":\"AESIA\",\"url\":\"https:\\\/\\\/aesia.pt\\\/portal\\\/\",\"logo\":{\"@type\":\"ImageObject\",\"inLanguage\":\"pt-PT\",\"@id\":\"https:\\\/\\\/aesia.pt\\\/portal\\\/#\\\/schema\\\/logo\\\/image\\\/\",\"url\":\"https:\\\/\\\/aesia.pt\\\/portal\\\/wp-content\\\/uploads\\\/2023\\\/04\\\/logo4.png\",\"contentUrl\":\"https:\\\/\\\/aesia.pt\\\/portal\\\/wp-content\\\/uploads\\\/2023\\\/04\\\/logo4.png\",\"width\":162,\"height\":162,\"caption\":\"Agrupamento de Escolas de Santa Iria de Az\u00f3ia\"},\"image\":{\"@id\":\"https:\\\/\\\/aesia.pt\\\/portal\\\/#\\\/schema\\\/logo\\\/image\\\/\"},\"sameAs\":[\"https:\\\/\\\/www.facebook.com\\\/aesia.pt\\\/\"]}]}<\/script>\n<!-- \/ Yoast SEO plugin. -->","yoast_head_json":{"title":"Biblioteca Escolar &#8211; AESIA","robots":{"index":"index","follow":"follow","max-snippet":"max-snippet:-1","max-image-preview":"max-image-preview:large","max-video-preview":"max-video-preview:-1"},"canonical":"https:\/\/aesia.pt\/portal\/biblioteca-escolar\/","og_locale":"pt_PT","og_type":"article","og_title":"Biblioteca Escolar &#8211; AESIA","og_description":"Longe vai o tempo em que a Biblioteca Escolar era um mero reposit\u00f3rio de livros, com as suas estantes fechadas&hellip; Ler mais Biblioteca Escolar","og_url":"https:\/\/aesia.pt\/portal\/biblioteca-escolar\/","og_site_name":"AESIA","article_publisher":"https:\/\/www.facebook.com\/aesia.pt\/","article_modified_time":"2024-10-02T14:17:42+00:00","og_image":[{"url":"https:\/\/aesia.pt\/portal\/wp-content\/uploads\/2024\/10\/Captura-de-ecra-2024-10-02-151608-1024x559.png","type":"","width":"","height":""}],"twitter_card":"summary_large_image","twitter_misc":{"Tempo estimado de leitura":"1 minuto"},"schema":{"@context":"https:\/\/schema.org","@graph":[{"@type":"WebPage","@id":"https:\/\/aesia.pt\/portal\/biblioteca-escolar\/","url":"https:\/\/aesia.pt\/portal\/biblioteca-escolar\/","name":"Biblioteca Escolar &#8211; AESIA","isPartOf":{"@id":"https:\/\/aesia.pt\/portal\/#website"},"primaryImageOfPage":{"@id":"https:\/\/aesia.pt\/portal\/biblioteca-escolar\/#primaryimage"},"image":{"@id":"https:\/\/aesia.pt\/portal\/biblioteca-escolar\/#primaryimage"},"thumbnailUrl":"https:\/\/aesia.pt\/portal\/wp-content\/uploads\/2024\/10\/Captura-de-ecra-2024-10-02-151608-1024x559.png","datePublished":"2014-11-18T14:28:24+00:00","dateModified":"2024-10-02T14:17:42+00:00","breadcrumb":{"@id":"https:\/\/aesia.pt\/portal\/biblioteca-escolar\/#breadcrumb"},"inLanguage":"pt-PT","potentialAction":[{"@type":"ReadAction","target":["https:\/\/aesia.pt\/portal\/biblioteca-escolar\/"]}]},{"@type":"ImageObject","inLanguage":"pt-PT","@id":"https:\/\/aesia.pt\/portal\/biblioteca-escolar\/#primaryimage","url":"https:\/\/aesia.pt\/portal\/wp-content\/uploads\/2024\/10\/Captura-de-ecra-2024-10-02-151608.png","contentUrl":"https:\/\/aesia.pt\/portal\/wp-content\/uploads\/2024\/10\/Captura-de-ecra-2024-10-02-151608.png","width":1476,"height":806},{"@type":"BreadcrumbList","@id":"https:\/\/aesia.pt\/portal\/biblioteca-escolar\/#breadcrumb","itemListElement":[{"@type":"ListItem","position":1,"name":"Home","item":"https:\/\/aesia.pt\/portal\/"},{"@type":"ListItem","position":2,"name":"Biblioteca Escolar"}]},{"@type":"WebSite","@id":"https:\/\/aesia.pt\/portal\/#website","url":"https:\/\/aesia.pt\/portal\/","name":"AESIA","description":"Agrupamento de Escolas de Santa Iria de Az\u00f3ia","publisher":{"@id":"https:\/\/aesia.pt\/portal\/#organization"},"alternateName":"Agrupamento de Escolas de Santa Iria de Az\u00f3ia","potentialAction":[{"@type":"SearchAction","target":{"@type":"EntryPoint","urlTemplate":"https:\/\/aesia.pt\/portal\/?s={search_term_string}"},"query-input":{"@type":"PropertyValueSpecification","valueRequired":true,"valueName":"search_term_string"}}],"inLanguage":"pt-PT"},{"@type":"Organization","@id":"https:\/\/aesia.pt\/portal\/#organization","name":"Agrupamento de Escolas de Santa Iria de Az\u00f3ia","alternateName":"AESIA","url":"https:\/\/aesia.pt\/portal\/","logo":{"@type":"ImageObject","inLanguage":"pt-PT","@id":"https:\/\/aesia.pt\/portal\/#\/schema\/logo\/image\/","url":"https:\/\/aesia.pt\/portal\/wp-content\/uploads\/2023\/04\/logo4.png","contentUrl":"https:\/\/aesia.pt\/portal\/wp-content\/uploads\/2023\/04\/logo4.png","width":162,"height":162,"caption":"Agrupamento de Escolas de Santa Iria de Az\u00f3ia"},"image":{"@id":"https:\/\/aesia.pt\/portal\/#\/schema\/logo\/image\/"},"sameAs":["https:\/\/www.facebook.com\/aesia.pt\/"]}]}},"_links":{"self":[{"href":"https:\/\/aesia.pt\/portal\/wp-json\/wp\/v2\/pages\/1235","targetHints":{"allow":["GET"]}}],"collection":[{"href":"https:\/\/aesia.pt\/portal\/wp-json\/wp\/v2\/pages"}],"about":[{"href":"https:\/\/aesia.pt\/portal\/wp-json\/wp\/v2\/types\/page"}],"author":[{"embeddable":true,"href":"https:\/\/aesia.pt\/portal\/wp-json\/wp\/v2\/users\/8"}],"replies":[{"embeddable":true,"href":"https:\/\/aesia.pt\/portal\/wp-json\/wp\/v2\/comments?post=1235"}],"version-history":[{"count":10,"href":"https:\/\/aesia.pt\/portal\/wp-json\/wp\/v2\/pages\/1235\/revisions"}],"predecessor-version":[{"id":12954,"href":"https:\/\/aesia.pt\/portal\/wp-json\/wp\/v2\/pages\/1235\/revisions\/12954"}],"wp:attachment":[{"href":"https:\/\/aesia.pt\/portal\/wp-json\/wp\/v2\/media?parent=1235"}],"curies":[{"name":"wp","href":"https:\/\/api.w.org\/{rel}","templated":true}]}}